{"id":3710,"date":"2019-12-18T17:43:24","date_gmt":"2019-12-18T17:43:24","guid":{"rendered":"http:\/\/teatinos.org\/?page_id=3710"},"modified":"2025-10-17T22:19:25","modified_gmt":"2025-10-17T22:19:25","slug":"actualidad","status":"publish","type":"page","link":"https:\/\/teatinos.org\/pt-br\/actualidad\/","title":{"rendered":"Atualidade"},"content":{"rendered":"<p>[vc_row][vc_column][vc_empty_space height=&#8221;60px&#8221;][\/vc_column][\/vc_row][vc_row][vc_column][vc_wp_text]<style type='text\/css' media='all'>#rt-tpg-container-1023635247 .rt-holder .rt-woo-info .price{color:#747474;}body .rt-tpg-container .rt-tpg-isotope-buttons .selected,\n\t\t\t\t\t#rt-tpg-container-1023635247 .layout12 .rt-holder:hover .rt-detail,\n\t\t\t\t\t#rt-tpg-container-1023635247 .isotope8 .rt-holder:hover .rt-detail,\n\t\t\t\t\t#rt-tpg-container-1023635247 .carousel8 .rt-holder:hover .rt-detail,\n\t\t\t\t\t#rt-tpg-container-1023635247 .layout13 .rt-holder .overlay .post-info,\n\t\t\t\t\t#rt-tpg-container-1023635247 .isotope9 .rt-holder .overlay .post-info,\n\t\t\t\t\t#rt-tpg-container-1023635247.rt-tpg-container .layout4 .rt-holder .rt-detail,\n\t\t\t\t\t.rt-modal-1023635247 .md-content,\n\t\t\t\t\t.rt-modal-1023635247 .md-content > .rt-md-content-holder .rt-md-content,\n\t\t\t\t\t.rt-popup-wrap-1023635247.rt-popup-wrap .rt-popup-navigation-wrap,\n\t\t\t\t\t#rt-tpg-container-1023635247 .carousel9 .rt-holder .overlay .post-info{background-color:#747474;}#rt-tpg-container-1023635247 .layout5 .rt-holder .overlay, #rt-tpg-container-1023635247 .isotope2 .rt-holder .overlay, #rt-tpg-container-1023635247 .carousel2 .rt-holder .overlay,#rt-tpg-container-1023635247 .layout15 .rt-holder h3, #rt-tpg-container-1023635247 .isotope11 .rt-holder h3, #rt-tpg-container-1023635247 .carousel11 .rt-holder h3, #rt-tpg-container-1023635247 .layout16 .rt-holder h3,\n\t\t\t\t\t#rt-tpg-container-1023635247 .isotope12 .rt-holder h3, #rt-tpg-container-1023635247 .carousel12 .rt-holder h3 {background-color:rgba(116,116,116,0.8);}#rt-tpg-container-1023635247 .pagination-list li a,\n\t\t\t\t\trt-tpg-container-1023635247 .pagination-list li span,\n\t\t\t\t\trt-tpg-container-1023635247 .pagination li a,\n\t\t\t\t\t#rt-tpg-container-1023635247 .rt-tpg-isotope-buttons button,\n\t\t\t\t\t#rt-tpg-container-1023635247 .rt-tpg-utility .rt-tpg-load-more button,\n\t\t\t\t\t#rt-tpg-container-1023635247.rt-tpg-container .swiper-navigation .slider-btn,\n\t\t\t\t\t#rt-tpg-container-1023635247.rt-tpg-container .swiper-pagination-bullet,\n\t\t\t\t\t#rt-tpg-container-1023635247 .wc1 .rt-holder .rt-img-holder .overlay .product-more ul li a,\n\t\t\t\t\t#rt-tpg-container-1023635247 .wc2 .rt-detail .rt-wc-add-to-cart,\n\t\t\t\t\t#rt-tpg-container-1023635247 .wc3 .rt-detail .rt-wc-add-to-cart,\n\t\t\t\t\t#rt-tpg-container-1023635247 .wc4 .rt-detail .rt-wc-add-to-cart,\n\t\t\t\t\t#rt-tpg-container-1023635247 .wc-carousel2 .rt-detail .rt-wc-add-to-cart,\n\t\t\t\t\t#rt-tpg-container-1023635247 .wc-isotope2 .rt-detail .rt-wc-add-to-cart,\n\t\t\t\t\t#rt-tpg-container-1023635247 .rt-layout-filter-container .rt-filter-wrap .rt-filter-item-wrap.rt-filter-dropdown-wrap .rt-filter-dropdown,\n\t\t\t\t\t#rt-tpg-container-1023635247 .rt-layout-filter-container .rt-filter-sub-tax.sub-button-group .rt-filter-button-item,\n\t\t\t\t\t#rt-tpg-container-1023635247.rt-tpg-container .rt-pagination-wrap .rt-page-numbers .paginationjs .paginationjs-pages ul li>a,\n\t\t\t\t\t#rt-tpg-container-1023635247 .rt-filter-item-wrap.rt-filter-button-wrap span.rt-filter-button-item,\n\t\t\t\t\t#rt-tpg-container-1023635247.rt-tpg-container .rt-pagination-wrap  .rt-loadmore-btn,\n\t\t\t\t\t#rt-tpg-container-1023635247.rt-tpg-container .rt-pagination-wrap .rt-cb-page-prev-next > *,\n\t\t\t\t\t#rt-tpg-container-1023635247 .rt-read-more,\n\t\t\t\t\t#rt-tooltip-1023635247, #rt-tooltip-1023635247 .rt-tooltip-bottom:after{background-color:#ffffff;}#rt-tpg-container-1023635247 .rt-filter-item-wrap.rt-filter-button-wrap span.rt-filter-button-item,\n\t\t\t\t\t#rt-tpg-container-1023635247 .rt-layout-filter-container .rt-filter-sub-tax.sub-button-group .rt-filter-button-item{border-color:#ffffff;}#rt-tpg-container-1023635247.rt-tpg-container .layout17 .rt-holder .overlay a.tpg-zoom .fa{color:#ffffff;}#rt-tpg-container-1023635247 .rt-holder .read-more a {background-color:#ffffff;padding: 8px 15px;}#rt-tpg-container-1023635247 .pagination-list li a,\n\t\t\t\t\t#rt-tpg-container-1023635247 .pagination li a,\n\t\t\t\t\t#rt-tpg-container-1023635247 .rt-tpg-isotope-buttons button,\n\t\t\t\t\t#rt-tpg-container-1023635247 .rt-holder .read-more a,\n\t\t\t\t\t#rt-tpg-container-1023635247 .rt-tpg-utility .rt-tpg-load-more button,\n\t\t\t\t\t#rt-tpg-container-1023635247.rt-tpg-container .swiper-navigation .slider-btn,\n\t\t\t\t\t#rt-tpg-container-1023635247 .wc1 .rt-holder .rt-img-holder .overlay .product-more ul li a,\n\t\t\t\t\t#rt-tpg-container-1023635247 .edd1 .rt-holder .rt-img-holder .overlay .product-more ul li a,\n\t\t\t\t\t#rt-tpg-container-1023635247 .wc2 .rt-detail .rt-wc-add-to-cart,\n\t\t\t\t\t#rt-tpg-container-1023635247 .wc3 .rt-detail .rt-wc-add-to-cart,\n\t\t\t\t\t#rt-tpg-container-1023635247 .edd2 .rt-detail .rt-wc-add-to-cart,\n\t\t\t\t\t#rt-tpg-container-1023635247 .wc4 .rt-detail .rt-wc-add-to-cart,\n\t\t\t\t\t#rt-tpg-container-1023635247 .edd3 .rt-detail .rt-wc-add-to-cart,\n\t\t\t\t\t#rt-tpg-container-1023635247 .wc-carousel2 .rt-detail .rt-wc-add-to-cart,\n\t\t\t\t\t#rt-tpg-container-1023635247 .wc-isotope2 .rt-detail .rt-wc-add-to-cart,\n\t\t\t\t\t#rt-tpg-container-1023635247 .rt-tpg-utility .rt-tpg-load-more button,\n\t\t\t\t\t#rt-tooltip-1023635247,\n\t\t\t\t\t#rt-tpg-container-1023635247 .rt-filter-item-wrap.rt-filter-button-wrap span.rt-filter-button-item,\n\t\t\t\t\t#rt-tpg-container-1023635247 .rt-layout-filter-container .rt-filter-sub-tax.sub-button-group .rt-filter-button-item,\n\t\t\t\t\t#rt-tpg-container-1023635247 .rt-layout-filter-container .rt-filter-wrap .rt-filter-item-wrap.rt-sort-order-action,\n\t\t\t\t\t#rt-tpg-container-1023635247 .rt-layout-filter-container .rt-filter-wrap .rt-filter-item-wrap.rt-filter-dropdown-wrap .rt-filter-dropdown .rt-filter-dropdown-item,\n\t\t\t\t\t#rt-tpg-container-1023635247.rt-tpg-container .rt-pagination-wrap .rt-page-numbers .paginationjs .paginationjs-pages ul li>a,\n\t\t\t\t\t#rt-tpg-container-1023635247.rt-tpg-container .rt-pagination-wrap .rt-cb-page-prev-next > *,\n\t\t\t\t\t#rt-tpg-container-1023635247.rt-tpg-container .rt-pagination-wrap  .rt-loadmore-btn,\n\t\t\t\t\t#rt-tpg-container-1023635247 .rt-read-more,\n\t\t\t\t\t#rt-tooltip-1023635247 .rt-tooltip-bottom:after{color:#747474;}#rt-tpg-container-1023635247 .read-more a{border-radius:1px;}#rt-tpg-container-1023635247 .rt-img-holder img.rt-img-responsive,#rt-tpg-container-1023635247 .rt-img-holder,\n\t\t\t\t\t#rt-tpg-container-1023635247 .rt-post-overlay .post-img,\n\t\t\t\t\t#rt-tpg-container-1023635247 .post-sm .post-img,\n\t\t\t\t\t#rt-tpg-container-1023635247 .rt-post-grid .post-img,\n\t\t\t\t\t#rt-tpg-container-1023635247 .post-img img {border-radius:px;}#rt-tpg-container-1023635247 .layout1 .rt-holder h2.entry-title,\n\t\t\t\t\t#rt-tpg-container-1023635247 .layout1 .rt-holder h3.entry-title,\n\t\t\t\t\t#rt-tpg-container-1023635247 .layout1 .rt-holder h4.entry-title,\n\t\t\t\t\t#rt-tpg-container-1023635247 .layout1 .rt-holder h2.entry-title a,\n\t\t\t\t\t#rt-tpg-container-1023635247 .layout1 .rt-holder h3.entry-title a,\n\t\t\t\t\t#rt-tpg-container-1023635247 .layout1 .rt-holder h4.entry-title a,\n\t\t\t\t\t#rt-tpg-container-1023635247 .rt-holder .rt-woo-info h2 a,\n\t\t\t\t\t#rt-tpg-container-1023635247 .rt-holder .rt-woo-info h3 a,\n\t\t\t\t\t#rt-tpg-container-1023635247 .rt-holder .rt-woo-info h4 a,\n\t\t\t\t\t#rt-tpg-container-1023635247 .post-content .post-title,\n\t\t\t\t\t#rt-tpg-container-1023635247 .rt-post-grid .post-title,\n\t\t\t\t\t#rt-tpg-container-1023635247 .rt-post-grid .post-title a,\n\t\t\t\t\t#rt-tpg-container-1023635247 .post-content .post-title a,\n\t\t\t\t\t#rt-tpg-container-1023635247 .rt-holder .rt-woo-info h2,\n\t\t\t\t\t#rt-tpg-container-1023635247 .rt-holder .rt-woo-info h3,\n\t\t\t\t\t#rt-tpg-container-1023635247 .rt-holder .rt-woo-info h4{color:#000000;}<\/style><div class='rt-container-fluid rt-tpg-container tpg-shortcode-main-wrapper ' id='rt-tpg-container-1023635247'   data-layout='layout1' data-grid-style='even' data-desktop-col='4'  data-tab-col='2'  data-mobile-col='1' data-sc-id='3740'><div data-title='Loading ...' class='rt-row rt-content-loader   layout1 tpg-even '><div class=\"rt-col-md-3 rt-col-sm-6 rt-col-xs-12 even-grid-item rt-grid-item\" data-id=\"22342\"><div class=\"rt-holder\"><div class=\"rt-img-holder\"><a data-id=\"22342\" class=\"\" href=\"https:\/\/teatinos.org\/pt-br\/escalando-el-cerro-del-aguila-escalando-la-fe\/\"><img loading=\"lazy\" decoding=\"async\" width=\"1000\" height=\"1000\" src=\"https:\/\/teatinos.org\/wp-content\/uploads\/2026\/04\/Mision-Tarahumara-Abr-26-1024x1024.png\" class=\"rt-img-responsive \" alt=\"\" \/><\/a><\/div><div class='rt-detail'><h4 class=\"entry-title\"><a data-id=\"22342\" class=\"\" href=\"https:\/\/teatinos.org\/pt-br\/escalando-el-cerro-del-aguila-escalando-la-fe\/\">Escalando o Cerro del \u00c1guila, escalando a f\u00e9!<\/a><\/h4><div class='post-meta-user  '><span class='date'><i class='flaticon-calendar '><\/i>abril 1, 2026<\/span><\/div><div class='tpg-excerpt'>Das terras de Baborigame, na comunidade da Serra Tarahumara, o Padre Octavio, C.R., respons\u00e1vel pela miss\u00e3o teatina local, compartilha conosco seu...<\/div><div class='post-meta '><span class='read-more'><a data-id='22342' class='' href='https:\/\/teatinos.org\/pt-br\/escalando-el-cerro-del-aguila-escalando-la-fe\/'>Ver mais<\/a><\/span><\/div><\/div><\/div><\/div><div class=\"rt-col-md-3 rt-col-sm-6 rt-col-xs-12 even-grid-item rt-grid-item\" data-id=\"22306\"><div class=\"rt-holder\"><div class=\"rt-img-holder\"><a data-id=\"22306\" class=\"\" href=\"https:\/\/teatinos.org\/pt-br\/presentacion-del-libro-il-concilio-vaticano-ii-dono-minacciato\/\"><img loading=\"lazy\" decoding=\"async\" width=\"1000\" height=\"1000\" src=\"https:\/\/teatinos.org\/wp-content\/uploads\/2026\/03\/Libro-Presentacion-Sacristia-Mar-26-1024x1024.png\" class=\"rt-img-responsive \" alt=\"\" \/><\/a><\/div><div class='rt-detail'><h4 class=\"entry-title\"><a data-id=\"22306\" class=\"\" href=\"https:\/\/teatinos.org\/pt-br\/presentacion-del-libro-il-concilio-vaticano-ii-dono-minacciato\/\">Apresenta\u00e7\u00e3o do livro \u201cIl Concilio Vaticano II, dono minacciato\u201d<\/a><\/h4><div class='post-meta-user  '><span class='date'><i class='flaticon-calendar '><\/i>mar\u00e7o 23, 2026<\/span><\/div><div class='tpg-excerpt'>Em um clima de recolhimento, fraternidade e reflex\u00e3o eclesial, realizou-se recentemente a apresenta\u00e7\u00e3o do livro \u201cIl Concilio Vaticano II, dono...<\/div><div class='post-meta '><span class='read-more'><a data-id='22306' class='' href='https:\/\/teatinos.org\/pt-br\/presentacion-del-libro-il-concilio-vaticano-ii-dono-minacciato\/'>Ver mais<\/a><\/span><\/div><\/div><\/div><\/div><div class=\"rt-col-md-3 rt-col-sm-6 rt-col-xs-12 even-grid-item rt-grid-item\" data-id=\"22260\"><div class=\"rt-holder\"><div class=\"rt-img-holder\"><a data-id=\"22260\" class=\"\" href=\"https:\/\/teatinos.org\/pt-br\/el-padre-tacilio-se-recupera-favorablemente-tras-una-intervencion-de-cataratas\/\"><img loading=\"lazy\" decoding=\"async\" width=\"1000\" height=\"1000\" src=\"https:\/\/teatinos.org\/wp-content\/uploads\/2026\/03\/Padre-Tacilio-Operacion-Mar-26-1024x1024.png\" class=\"rt-img-responsive \" alt=\"\" \/><\/a><\/div><div class='rt-detail'><h4 class=\"entry-title\"><a data-id=\"22260\" class=\"\" href=\"https:\/\/teatinos.org\/pt-br\/el-padre-tacilio-se-recupera-favorablemente-tras-una-intervencion-de-cataratas\/\">Padre Tacilio recupera-se favoravelmente ap\u00f3s cirurgia de cataratas<\/a><\/h4><div class='post-meta-user  '><span class='date'><i class='flaticon-calendar '><\/i>mar\u00e7o 21, 2026<\/span><\/div><div class='tpg-excerpt'>Com esp\u00edrito de comunh\u00e3o fraterna, a Ordem Teatina partilha com alegria que o Padre Tacilio, um dos pilares da Miss\u00e3o Teatina em Portugal, foi...<\/div><div class='post-meta '><span class='read-more'><a data-id='22260' class='' href='https:\/\/teatinos.org\/pt-br\/el-padre-tacilio-se-recupera-favorablemente-tras-una-intervencion-de-cataratas\/'>Ver mais<\/a><\/span><\/div><\/div><\/div><\/div><div class=\"rt-col-md-3 rt-col-sm-6 rt-col-xs-12 even-grid-item rt-grid-item\" data-id=\"22224\"><div class=\"rt-holder\"><div class=\"rt-img-holder\"><a data-id=\"22224\" class=\"\" href=\"https:\/\/teatinos.org\/pt-br\/los-teatinos-en-espana-las-arquitecturas-de-la-orden-entre-los-siglos-xvii-y-xx\/\"><img loading=\"lazy\" decoding=\"async\" width=\"1000\" height=\"1000\" src=\"https:\/\/teatinos.org\/wp-content\/uploads\/2026\/02\/Nuevo-Libro-Rosana-Feb-26-1024x1024.png\" class=\"rt-img-responsive \" alt=\"\" \/><\/a><\/div><div class='rt-detail'><h4 class=\"entry-title\"><a data-id=\"22224\" class=\"\" href=\"https:\/\/teatinos.org\/pt-br\/los-teatinos-en-espana-las-arquitecturas-de-la-orden-entre-los-siglos-xvii-y-xx\/\">Os Teatinos na Espanha. As arquiteturas da Ordem entre os s\u00e9culos XVII e XX<\/a><\/h4><div class='post-meta-user  '><span class='date'><i class='flaticon-calendar '><\/i>fevereiro 28, 2026<\/span><\/div><div class='tpg-excerpt'>A Ordem dos Cl\u00e9rigos Regulares Teatinos tem a satisfa\u00e7\u00e3o de anunciar a publica\u00e7\u00e3o do volume I Teatini in Spagna. Le architetture dell\u2019Ordine tra XVII...<\/div><div class='post-meta '><span class='read-more'><a data-id='22224' class='' href='https:\/\/teatinos.org\/pt-br\/los-teatinos-en-espana-las-arquitecturas-de-la-orden-entre-los-siglos-xvii-y-xx\/'>Ver mais<\/a><\/span><\/div><\/div><\/div><\/div><div class=\"rt-col-md-3 rt-col-sm-6 rt-col-xs-12 even-grid-item rt-grid-item\" data-id=\"22195\"><div class=\"rt-holder\"><div class=\"rt-img-holder\"><a data-id=\"22195\" class=\"\" href=\"https:\/\/teatinos.org\/pt-br\/obras-pastorales-de-san-jose-maria-tomasi\/\"><img loading=\"lazy\" decoding=\"async\" width=\"1000\" height=\"1000\" src=\"https:\/\/teatinos.org\/wp-content\/uploads\/2026\/02\/Nuevo-Libro-P-Roberto-Feb-26-1024x1024.png\" class=\"rt-img-responsive \" alt=\"\" \/><\/a><\/div><div class='rt-detail'><h4 class=\"entry-title\"><a data-id=\"22195\" class=\"\" href=\"https:\/\/teatinos.org\/pt-br\/obras-pastorales-de-san-jose-maria-tomasi\/\">Obras pastorais de S\u00e3o Jos\u00e9 Maria Tomasi<\/a><\/h4><div class='post-meta-user  '><span class='date'><i class='flaticon-calendar '><\/i>fevereiro 28, 2026<\/span><\/div><div class='tpg-excerpt'>No \u00e2mbito do quinto centen\u00e1rio da funda\u00e7\u00e3o dos Clerigos Regulares Teatinos (1524\u20132024), apresenta-se a edi\u00e7\u00e3o comemorativa Obras pastorais de S\u00e3o Jos\u00e9...<\/div><div class='post-meta '><span class='read-more'><a data-id='22195' class='' href='https:\/\/teatinos.org\/pt-br\/obras-pastorales-de-san-jose-maria-tomasi\/'>Ver mais<\/a><\/span><\/div><\/div><\/div><\/div><div class=\"rt-col-md-3 rt-col-sm-6 rt-col-xs-12 even-grid-item rt-grid-item\" data-id=\"22154\"><div class=\"rt-holder\"><div class=\"rt-img-holder\"><a data-id=\"22154\" class=\"\" href=\"https:\/\/teatinos.org\/pt-br\/arte-sacro-y-teatinidad-mision-teatina-en-el-caucaso\/\"><img loading=\"lazy\" decoding=\"async\" width=\"1000\" height=\"1000\" src=\"https:\/\/teatinos.org\/wp-content\/uploads\/2026\/02\/Rodolfo-Papa-Mision-Teatina-Caucaso-Feb-26-1024x1024.png\" class=\"rt-img-responsive \" alt=\"\" \/><\/a><\/div><div class='rt-detail'><h4 class=\"entry-title\"><a data-id=\"22154\" class=\"\" href=\"https:\/\/teatinos.org\/pt-br\/arte-sacro-y-teatinidad-mision-teatina-en-el-caucaso\/\">Arte Sacra e Teatinidade: \u201cMiss\u00e3o teatina no C\u00e1ucaso\u201d<\/a><\/h4><div class='post-meta-user  '><span class='date'><i class='flaticon-calendar '><\/i>fevereiro 17, 2026<\/span><\/div><div class='tpg-excerpt'>Em continuidade com sua tradi\u00e7\u00e3o espiritual, cultural e art\u00edstica, a Ordem dos Cl\u00e9rigos Regulares Teatinos reafirma o seu compromisso com a arte sacra...<\/div><div class='post-meta '><span class='read-more'><a data-id='22154' class='' href='https:\/\/teatinos.org\/pt-br\/arte-sacro-y-teatinidad-mision-teatina-en-el-caucaso\/'>Ver mais<\/a><\/span><\/div><\/div><\/div><\/div><div class=\"rt-col-md-3 rt-col-sm-6 rt-col-xs-12 even-grid-item rt-grid-item\" data-id=\"22133\"><div class=\"rt-holder\"><div class=\"rt-img-holder\"><a data-id=\"22133\" class=\"\" href=\"https:\/\/teatinos.org\/pt-br\/el-preposito-general-acompana-la-nueva-mision-teatina\/\"><img loading=\"lazy\" decoding=\"async\" width=\"1000\" height=\"1000\" src=\"https:\/\/teatinos.org\/wp-content\/uploads\/2026\/02\/PG-en-Guachochi-Feb-26-1024x1024.png\" class=\"rt-img-responsive \" alt=\"\" \/><\/a><\/div><div class='rt-detail'><h4 class=\"entry-title\"><a data-id=\"22133\" class=\"\" href=\"https:\/\/teatinos.org\/pt-br\/el-preposito-general-acompana-la-nueva-mision-teatina\/\">O Prep\u00f3sito Geral acompanha a nova miss\u00e3o teatina<\/a><\/h4><div class='post-meta-user  '><span class='date'><i class='flaticon-calendar '><\/i>fevereiro 17, 2026<\/span><\/div><div class='tpg-excerpt'>O Rev.do Pe. Salvador Rodea Gonz\u00e1lez, C.R., Prep\u00f3sito Geral da Ordem dos Cl\u00e9rigos Regulares Teatinos, encontra-se em Guachochi, sede da Diocese da...<\/div><div class='post-meta '><span class='read-more'><a data-id='22133' class='' href='https:\/\/teatinos.org\/pt-br\/el-preposito-general-acompana-la-nueva-mision-teatina\/'>Ver mais<\/a><\/span><\/div><\/div><\/div><\/div><div class=\"rt-col-md-3 rt-col-sm-6 rt-col-xs-12 even-grid-item rt-grid-item\" data-id=\"22098\"><div class=\"rt-holder\"><div class=\"rt-img-holder\"><a data-id=\"22098\" class=\"\" href=\"https:\/\/teatinos.org\/pt-br\/encuentro-fraterno-en-la-diocesis-de-columbus-ohio\/\"><img loading=\"lazy\" decoding=\"async\" width=\"1000\" height=\"1000\" src=\"https:\/\/teatinos.org\/wp-content\/uploads\/2026\/02\/Encuentro-Obispo-Columbus-Feb-26-1024x1024.png\" class=\"rt-img-responsive \" alt=\"\" \/><\/a><\/div><div class='rt-detail'><h4 class=\"entry-title\"><a data-id=\"22098\" class=\"\" href=\"https:\/\/teatinos.org\/pt-br\/encuentro-fraterno-en-la-diocesis-de-columbus-ohio\/\">Encontro fraterno na Diocese de Columbus, Ohio<\/a><\/h4><div class='post-meta-user  '><span class='date'><i class='flaticon-calendar '><\/i>fevereiro 10, 2026<\/span><\/div><div class='tpg-excerpt'>No contexto da Visita Can\u00f4nica e do Cap\u00edtulo Provincial dos Teatinos dos Estados Unidos, o Rev.do P. Salvador Rodea Gonz\u00e1lez, C.R., Prep\u00f3sito Geral da...<\/div><div class='post-meta '><span class='read-more'><a data-id='22098' class='' href='https:\/\/teatinos.org\/pt-br\/encuentro-fraterno-en-la-diocesis-de-columbus-ohio\/'>Ver mais<\/a><\/span><\/div><\/div><\/div><\/div><\/div><div class='rt-pagination-wrap' data-total-pages='59' data-posts-per-page='8' data-type='pagination'  ><div class=\"rt-pagination\" ><ul class=\"pagination-list\"><li class=\"active\"><span>1<\/span><\/li><li><a data-paged='2' href='https:\/\/teatinos.org\/pt-br\/wp-json\/wp\/v2\/pages\/3710\/page\/2\/'>2<\/a><\/li><li><a data-paged='3' href='https:\/\/teatinos.org\/pt-br\/wp-json\/wp\/v2\/pages\/3710\/page\/3\/'>3<\/a><\/li><li><a data-paged='4' href='https:\/\/teatinos.org\/pt-br\/wp-json\/wp\/v2\/pages\/3710\/page\/4\/'>4<\/a><\/li><li><a data-paged='5' href='https:\/\/teatinos.org\/pt-br\/wp-json\/wp\/v2\/pages\/3710\/page\/5\/'>5<\/a><\/li><li><a data-paged='2' href=\"https:\/\/teatinos.org\/pt-br\/wp-json\/wp\/v2\/pages\/3710\/page\/2\/\"  aria-label='Next'>&rsaquo;<\/a><\/li><li><a data-paged='59' href='https:\/\/teatinos.org\/pt-br\/wp-json\/wp\/v2\/pages\/3710\/page\/59\/' aria-label='Last'>&raquo;<\/a><\/li><\/ul><\/div><\/div><\/div>[\/vc_wp_text][\/vc_column][\/vc_row]<\/p>\n","protected":false},"excerpt":{"rendered":"<p>[vc_row][vc_column][vc_empty_space height=&#8221;60px&#8221;][\/vc_column][\/vc_row][vc_row][vc_column][vc_wp_text][\/vc_wp_text][\/vc_column][\/vc_row]<\/p>\n","protected":false},"author":1,"featured_media":0,"parent":0,"menu_order":0,"comment_status":"closed","ping_status":"closed","template":"","meta":{"_acf_changed":false,"footnotes":"","_links_to":"","_links_to_target":""},"class_list":["post-3710","page","type-page","status-publish","hentry"],"acf":[],"yoast_head":"<!-- This site is optimized with the Yoast SEO plugin v23.5 - https:\/\/yoast.com\/wordpress\/plugins\/seo\/ -->\n<title>Atualidade - Teatinos<\/title>\n<meta name=\"robots\" content=\"index, follow, max-snippet:-1, max-image-preview:large, max-video-preview:-1\" \/>\n<link rel=\"canonical\" href=\"https:\/\/teatinos.org\/pt-br\/actualidad\/\" \/>\n<meta property=\"og:locale\" content=\"pt_BR\" \/>\n<meta property=\"og:type\" content=\"article\" \/>\n<meta property=\"og:title\" content=\"Atualidade - Teatinos\" \/>\n<meta property=\"og:description\" content=\"[vc_row][vc_column][vc_empty_space height=&#8221;60px&#8221;][\/vc_column][\/vc_row][vc_row][vc_column][vc_wp_text][\/vc_wp_text][\/vc_column][\/vc_row]\" \/>\n<meta property=\"og:url\" content=\"https:\/\/teatinos.org\/pt-br\/actualidad\/\" \/>\n<meta property=\"og:site_name\" content=\"Teatinos\" \/>\n<meta property=\"article:modified_time\" content=\"2025-10-17T22:19:25+00:00\" \/>\n<meta name=\"twitter:card\" content=\"summary_large_image\" \/>\n<meta name=\"twitter:label1\" content=\"Est. tempo de leitura\" \/>\n\t<meta name=\"twitter:data1\" content=\"1 minuto\" \/>\n<script type=\"application\/ld+json\" class=\"yoast-schema-graph\">{\"@context\":\"https:\/\/schema.org\",\"@graph\":[{\"@type\":\"WebPage\",\"@id\":\"https:\/\/teatinos.org\/pt-br\/actualidad\/\",\"url\":\"https:\/\/teatinos.org\/pt-br\/actualidad\/\",\"name\":\"Atualidade - Teatinos\",\"isPartOf\":{\"@id\":\"https:\/\/teatinos.org\/pt-br\/#website\"},\"datePublished\":\"2019-12-18T17:43:24+00:00\",\"dateModified\":\"2025-10-17T22:19:25+00:00\",\"breadcrumb\":{\"@id\":\"https:\/\/teatinos.org\/pt-br\/actualidad\/#breadcrumb\"},\"inLanguage\":\"pt-BR\",\"potentialAction\":[{\"@type\":\"ReadAction\",\"target\":[\"https:\/\/teatinos.org\/pt-br\/actualidad\/\"]}]},{\"@type\":\"BreadcrumbList\",\"@id\":\"https:\/\/teatinos.org\/pt-br\/actualidad\/#breadcrumb\",\"itemListElement\":[{\"@type\":\"ListItem\",\"position\":1,\"name\":\"Portada\",\"item\":\"https:\/\/teatinos.org\/pt-br\/\"},{\"@type\":\"ListItem\",\"position\":2,\"name\":\"Atualidade\"}]},{\"@type\":\"WebSite\",\"@id\":\"https:\/\/teatinos.org\/pt-br\/#website\",\"url\":\"https:\/\/teatinos.org\/pt-br\/\",\"name\":\"Teatinos\",\"description\":\"Orden de Cl\u00e9rigos Regulares\",\"potentialAction\":[{\"@type\":\"SearchAction\",\"target\":{\"@type\":\"EntryPoint\",\"urlTemplate\":\"https:\/\/teatinos.org\/pt-br\/?s={search_term_string}\"},\"query-input\":{\"@type\":\"PropertyValueSpecification\",\"valueRequired\":true,\"valueName\":\"search_term_string\"}}],\"inLanguage\":\"pt-BR\"}]}<\/script>\n<!-- \/ Yoast SEO plugin. -->","yoast_head_json":{"title":"Atualidade - Teatinos","robots":{"index":"index","follow":"follow","max-snippet":"max-snippet:-1","max-image-preview":"max-image-preview:large","max-video-preview":"max-video-preview:-1"},"canonical":"https:\/\/teatinos.org\/pt-br\/actualidad\/","og_locale":"pt_BR","og_type":"article","og_title":"Atualidade - Teatinos","og_description":"[vc_row][vc_column][vc_empty_space height=&#8221;60px&#8221;][\/vc_column][\/vc_row][vc_row][vc_column][vc_wp_text][\/vc_wp_text][\/vc_column][\/vc_row]","og_url":"https:\/\/teatinos.org\/pt-br\/actualidad\/","og_site_name":"Teatinos","article_modified_time":"2025-10-17T22:19:25+00:00","twitter_card":"summary_large_image","twitter_misc":{"Est. tempo de leitura":"1 minuto"},"schema":{"@context":"https:\/\/schema.org","@graph":[{"@type":"WebPage","@id":"https:\/\/teatinos.org\/pt-br\/actualidad\/","url":"https:\/\/teatinos.org\/pt-br\/actualidad\/","name":"Atualidade - Teatinos","isPartOf":{"@id":"https:\/\/teatinos.org\/pt-br\/#website"},"datePublished":"2019-12-18T17:43:24+00:00","dateModified":"2025-10-17T22:19:25+00:00","breadcrumb":{"@id":"https:\/\/teatinos.org\/pt-br\/actualidad\/#breadcrumb"},"inLanguage":"pt-BR","potentialAction":[{"@type":"ReadAction","target":["https:\/\/teatinos.org\/pt-br\/actualidad\/"]}]},{"@type":"BreadcrumbList","@id":"https:\/\/teatinos.org\/pt-br\/actualidad\/#breadcrumb","itemListElement":[{"@type":"ListItem","position":1,"name":"Portada","item":"https:\/\/teatinos.org\/pt-br\/"},{"@type":"ListItem","position":2,"name":"Atualidade"}]},{"@type":"WebSite","@id":"https:\/\/teatinos.org\/pt-br\/#website","url":"https:\/\/teatinos.org\/pt-br\/","name":"Teatinos","description":"Orden de Cl\u00e9rigos Regulares","potentialAction":[{"@type":"SearchAction","target":{"@type":"EntryPoint","urlTemplate":"https:\/\/teatinos.org\/pt-br\/?s={search_term_string}"},"query-input":{"@type":"PropertyValueSpecification","valueRequired":true,"valueName":"search_term_string"}}],"inLanguage":"pt-BR"}]}},"rttpg_featured_image_url":null,"rttpg_author":{"display_name":"admin","author_link":"https:\/\/teatinos.org\/pt-br\/author\/admin\/"},"rttpg_comment":0,"rttpg_category":"","rttpg_excerpt":"[vc_row][vc_column][vc_empty_space height=&#8221;60px&#8221;][\/vc_column][\/vc_row][vc_row][vc_column][vc_wp_text][\/vc_wp_text][\/vc_column][\/vc_row]","_links":{"self":[{"href":"https:\/\/teatinos.org\/pt-br\/wp-json\/wp\/v2\/pages\/3710","targetHints":{"allow":["GET"]}}],"collection":[{"href":"https:\/\/teatinos.org\/pt-br\/wp-json\/wp\/v2\/pages"}],"about":[{"href":"https:\/\/teatinos.org\/pt-br\/wp-json\/wp\/v2\/types\/page"}],"author":[{"embeddable":true,"href":"https:\/\/teatinos.org\/pt-br\/wp-json\/wp\/v2\/users\/1"}],"replies":[{"embeddable":true,"href":"https:\/\/teatinos.org\/pt-br\/wp-json\/wp\/v2\/comments?post=3710"}],"version-history":[{"count":8,"href":"https:\/\/teatinos.org\/pt-br\/wp-json\/wp\/v2\/pages\/3710\/revisions"}],"predecessor-version":[{"id":20415,"href":"https:\/\/teatinos.org\/pt-br\/wp-json\/wp\/v2\/pages\/3710\/revisions\/20415"}],"wp:attachment":[{"href":"https:\/\/teatinos.org\/pt-br\/wp-json\/wp\/v2\/media?parent=3710"}],"curies":[{"name":"wp","href":"https:\/\/api.w.org\/{rel}","templated":true}]}}