{"id":3671,"date":"2019-12-18T14:43:37","date_gmt":"2019-12-18T14:43:37","guid":{"rendered":"http:\/\/teatinos.org\/?page_id=3671"},"modified":"2019-12-18T18:05:12","modified_gmt":"2019-12-18T18:05:12","slug":"ajuda","status":"publish","type":"page","link":"https:\/\/teatinos.org\/pt-br\/ajuda\/","title":{"rendered":"Ajuda"},"content":{"rendered":"<p>[vc_row el_id=&#8221;fila-colabora&#8221;][vc_column]<div class=\"container \">[vc_row_inner][vc_column_inner width=&#8221;1\/2&#8243;][vc_column_text]<\/p>\n<h1 style=\"text-align: center;\">Reza<\/h1>\n<p>[\/vc_column_text][\/vc_column_inner][vc_column_inner width=&#8221;1\/2&#8243; offset=&#8221;vc_hidden-xs&#8221;][vc_column_text]<\/p>\n<h1 style=\"text-align: center;\">Ajuda<\/h1>\n<p>[\/vc_column_text][\/vc_column_inner][\/vc_row_inner]<\/div><div class=\"container \">[vc_row_inner][vc_column_inner el_class=&#8221;box-colabora&#8221; width=&#8221;1\/2&#8243; css=&#8221;.vc_custom_1552932127708{background-image: url(http:\/\/teatinos.org\/wp-content\/uploads\/2018\/09\/colabora.jpg?id=2623) !important;}&#8221;][vc_empty_space height=&#8221;2px&#8221;]<div class=\"services w-100 animate \" data-wow-delay=\"s\"><div class=\"sec why8\"> <i class=\"\"><\/i><h6><\/h6><div class=\"ser-over\"><h6><\/h6><p>Todas as quintas-feiras, \u00e0s 19h30, na Adora\u00e7\u00e3o Eucar\u00edstica de Roma, rezamos a ora\u00e7\u00e3o a S\u00e3o Caetano. Acompanha-nos!<\/p>\n<p>Olhai, Oh! Senhor e Pai Santo, desde vosso Santu\u00e1rio e lugar excelso onde habitais no c\u00e9u e fixai vosso olhar nesta H\u00f3stia Santa que vos oferece nosso grande Pont\u00edfice vosso Filho Sant\u00edssimo e Senhor Nosso Jesus pelos pecados de seus irm\u00e3os, e perdoai-nos nossas muitas culpas. Eis aqui a voz do Sangue de Nosso Irm\u00e3o Jesus que clama a V\u00f3s desde a Cruz. Escutai, Oh! Senhor, aplacai-vos, atendei e enviai vosso socorro; n\u00e3o o retardeis, Deus meu, por vossa grande bondade j\u00e1 que vosso Nome tem sido invocado sobre n\u00f3s, sobre esta cidade e sobre todo este povo e proceda conosco segundo vossa miseric\u00f3rdia\u201d.<br \/>\n<\/p><\/div><\/div><\/div>[vc_column_text][\/vc_column_text][\/vc_column_inner][vc_column_inner el_class=&#8221;text-center&#8221; width=&#8221;1\/12&#8243;][\/vc_column_inner][vc_column_inner width=&#8221;5\/12&#8243;][vc_column_text]<\/p>\n<h1 class=\"hidden-sm hidden-md hidden-lg\" style=\"text-align: center;\">Ajuda<\/h1>\n<p>[\/vc_column_text][vc_empty_space height=&#8221;2px&#8221;][vc_column_text]<script src=\"https:\/\/donorbox.org\/widget.js\" paypalExpress=\"false\"><\/script><iframe loading=\"lazy\" style=\"max-width: 500px; min-width: 310px; max-height: none!important;\" src=\"https:\/\/donorbox.org\/embed\/colabora-teatinos-2\" name=\"donorbox\" width=\"100%\" height=\"900px\" frameborder=\"0\" scrolling=\"no\" seamless=\"seamless\"><\/iframe>[\/vc_column_text][\/vc_column_inner][\/vc_row_inner]<\/div>[\/vc_column][\/vc_row]<\/p>\n","protected":false},"excerpt":{"rendered":"<p>[vc_row el_id=&#8221;fila-colabora&#8221;][vc_column][\/vc_column][\/vc_row]<\/p>\n","protected":false},"author":1,"featured_media":0,"parent":0,"menu_order":0,"comment_status":"closed","ping_status":"closed","template":"","meta":{"_acf_changed":false,"footnotes":"","_links_to":"","_links_to_target":""},"class_list":["post-3671","page","type-page","status-publish","hentry"],"acf":[],"yoast_head":"<!-- This site is optimized with the Yoast SEO plugin v23.5 - https:\/\/yoast.com\/wordpress\/plugins\/seo\/ -->\n<title>Ajuda - Teatinos<\/title>\n<meta name=\"robots\" content=\"index, follow, max-snippet:-1, max-image-preview:large, max-video-preview:-1\" \/>\n<link rel=\"canonical\" href=\"https:\/\/teatinos.org\/pt-br\/ajuda\/\" \/>\n<meta property=\"og:locale\" content=\"pt_BR\" \/>\n<meta property=\"og:type\" content=\"article\" \/>\n<meta property=\"og:title\" content=\"Ajuda - Teatinos\" \/>\n<meta property=\"og:description\" content=\"[vc_row el_id=&#8221;fila-colabora&#8221;][vc_column][\/vc_column][\/vc_row]\" \/>\n<meta property=\"og:url\" content=\"https:\/\/teatinos.org\/pt-br\/ajuda\/\" \/>\n<meta property=\"og:site_name\" content=\"Teatinos\" \/>\n<meta property=\"article:modified_time\" content=\"2019-12-18T18:05:12+00:00\" \/>\n<meta name=\"twitter:card\" content=\"summary_large_image\" \/>\n<meta name=\"twitter:label1\" content=\"Est. tempo de leitura\" \/>\n\t<meta name=\"twitter:data1\" content=\"1 minuto\" \/>\n<script type=\"application\/ld+json\" class=\"yoast-schema-graph\">{\"@context\":\"https:\/\/schema.org\",\"@graph\":[{\"@type\":\"WebPage\",\"@id\":\"https:\/\/teatinos.org\/pt-br\/ajuda\/\",\"url\":\"https:\/\/teatinos.org\/pt-br\/ajuda\/\",\"name\":\"Ajuda - Teatinos\",\"isPartOf\":{\"@id\":\"https:\/\/teatinos.org\/pt-br\/#website\"},\"datePublished\":\"2019-12-18T14:43:37+00:00\",\"dateModified\":\"2019-12-18T18:05:12+00:00\",\"breadcrumb\":{\"@id\":\"https:\/\/teatinos.org\/pt-br\/ajuda\/#breadcrumb\"},\"inLanguage\":\"pt-BR\",\"potentialAction\":[{\"@type\":\"ReadAction\",\"target\":[\"https:\/\/teatinos.org\/pt-br\/ajuda\/\"]}]},{\"@type\":\"BreadcrumbList\",\"@id\":\"https:\/\/teatinos.org\/pt-br\/ajuda\/#breadcrumb\",\"itemListElement\":[{\"@type\":\"ListItem\",\"position\":1,\"name\":\"Portada\",\"item\":\"https:\/\/teatinos.org\/pt-br\/\"},{\"@type\":\"ListItem\",\"position\":2,\"name\":\"Ajuda\"}]},{\"@type\":\"WebSite\",\"@id\":\"https:\/\/teatinos.org\/pt-br\/#website\",\"url\":\"https:\/\/teatinos.org\/pt-br\/\",\"name\":\"Teatinos\",\"description\":\"Orden de Cl\u00e9rigos Regulares\",\"potentialAction\":[{\"@type\":\"SearchAction\",\"target\":{\"@type\":\"EntryPoint\",\"urlTemplate\":\"https:\/\/teatinos.org\/pt-br\/?s={search_term_string}\"},\"query-input\":{\"@type\":\"PropertyValueSpecification\",\"valueRequired\":true,\"valueName\":\"search_term_string\"}}],\"inLanguage\":\"pt-BR\"}]}<\/script>\n<!-- \/ Yoast SEO plugin. -->","yoast_head_json":{"title":"Ajuda - Teatinos","robots":{"index":"index","follow":"follow","max-snippet":"max-snippet:-1","max-image-preview":"max-image-preview:large","max-video-preview":"max-video-preview:-1"},"canonical":"https:\/\/teatinos.org\/pt-br\/ajuda\/","og_locale":"pt_BR","og_type":"article","og_title":"Ajuda - Teatinos","og_description":"[vc_row el_id=&#8221;fila-colabora&#8221;][vc_column][\/vc_column][\/vc_row]","og_url":"https:\/\/teatinos.org\/pt-br\/ajuda\/","og_site_name":"Teatinos","article_modified_time":"2019-12-18T18:05:12+00:00","twitter_card":"summary_large_image","twitter_misc":{"Est. tempo de leitura":"1 minuto"},"schema":{"@context":"https:\/\/schema.org","@graph":[{"@type":"WebPage","@id":"https:\/\/teatinos.org\/pt-br\/ajuda\/","url":"https:\/\/teatinos.org\/pt-br\/ajuda\/","name":"Ajuda - Teatinos","isPartOf":{"@id":"https:\/\/teatinos.org\/pt-br\/#website"},"datePublished":"2019-12-18T14:43:37+00:00","dateModified":"2019-12-18T18:05:12+00:00","breadcrumb":{"@id":"https:\/\/teatinos.org\/pt-br\/ajuda\/#breadcrumb"},"inLanguage":"pt-BR","potentialAction":[{"@type":"ReadAction","target":["https:\/\/teatinos.org\/pt-br\/ajuda\/"]}]},{"@type":"BreadcrumbList","@id":"https:\/\/teatinos.org\/pt-br\/ajuda\/#breadcrumb","itemListElement":[{"@type":"ListItem","position":1,"name":"Portada","item":"https:\/\/teatinos.org\/pt-br\/"},{"@type":"ListItem","position":2,"name":"Ajuda"}]},{"@type":"WebSite","@id":"https:\/\/teatinos.org\/pt-br\/#website","url":"https:\/\/teatinos.org\/pt-br\/","name":"Teatinos","description":"Orden de Cl\u00e9rigos Regulares","potentialAction":[{"@type":"SearchAction","target":{"@type":"EntryPoint","urlTemplate":"https:\/\/teatinos.org\/pt-br\/?s={search_term_string}"},"query-input":{"@type":"PropertyValueSpecification","valueRequired":true,"valueName":"search_term_string"}}],"inLanguage":"pt-BR"}]}},"rttpg_featured_image_url":null,"rttpg_author":{"display_name":"admin","author_link":"https:\/\/teatinos.org\/pt-br\/author\/admin\/"},"rttpg_comment":0,"rttpg_category":false,"rttpg_excerpt":"[vc_row el_id=&#8221;fila-colabora&#8221;][vc_column][\/vc_column][\/vc_row]","_links":{"self":[{"href":"https:\/\/teatinos.org\/pt-br\/wp-json\/wp\/v2\/pages\/3671","targetHints":{"allow":["GET"]}}],"collection":[{"href":"https:\/\/teatinos.org\/pt-br\/wp-json\/wp\/v2\/pages"}],"about":[{"href":"https:\/\/teatinos.org\/pt-br\/wp-json\/wp\/v2\/types\/page"}],"author":[{"embeddable":true,"href":"https:\/\/teatinos.org\/pt-br\/wp-json\/wp\/v2\/users\/1"}],"replies":[{"embeddable":true,"href":"https:\/\/teatinos.org\/pt-br\/wp-json\/wp\/v2\/comments?post=3671"}],"version-history":[{"count":5,"href":"https:\/\/teatinos.org\/pt-br\/wp-json\/wp\/v2\/pages\/3671\/revisions"}],"predecessor-version":[{"id":3737,"href":"https:\/\/teatinos.org\/pt-br\/wp-json\/wp\/v2\/pages\/3671\/revisions\/3737"}],"wp:attachment":[{"href":"https:\/\/teatinos.org\/pt-br\/wp-json\/wp\/v2\/media?parent=3671"}],"curies":[{"name":"wp","href":"https:\/\/api.w.org\/{rel}","templated":true}]}}