{"id":3645,"date":"2019-12-17T21:05:57","date_gmt":"2019-12-17T21:05:57","guid":{"rendered":"http:\/\/teatinos.org\/?page_id=3645"},"modified":"2019-12-17T21:05:57","modified_gmt":"2019-12-17T21:05:57","slug":"paulo-burali-darezzo","status":"publish","type":"page","link":"https:\/\/teatinos.org\/pt-br\/paulo-burali-darezzo\/","title":{"rendered":"Paulo Burali d\u2019Arezzo"},"content":{"rendered":"<p>[vc_row css=&#8221;.vc_custom_1459790702196{padding-top: 100px !important;padding-bottom: 100px !important;}&#8221;][vc_column]<div class=\"container \">[vc_row_inner][vc_column_inner][vc_column_text]<\/p>\n<p><span style=\"color: #000000;\">Entretanto, a Provid\u00eancia tinha reservado para ele outros foros. Por motivos de uma maior perfei\u00e7\u00e3o de vida, Cipi\u00e3o deixou seu of\u00edcio de funcion\u00e1rio real, para seguir outros caminhos, os de cl\u00e9rigo regular teatino. Tinha 46 a\u00f1os. Ingressou em 1557 \u00e0 Casa Teatina de S\u00e3o Paulo Maior de N\u00e1poles. Professou na Ordem Teatina no dia 02 de fevereiro de 1558, assumindo o nome de \u00abPaulo\u00bb. Teve como Mestre de Novi\u00e7os ao Beato Jo\u00e3o Marinoni e como companheiro de noviciado a Santo Andr\u00e9 Avelino, quem nutria muito respeito por Paulo Burali, julgando-o mais nobre, mais instru\u00eddo e virtuoso que ele.<\/span><\/p>\n<p><span style=\"color: #000000;\">Por sua parte, S\u00e3o Pio V o nomeou, no dia 23 de junho de 1568, bispo de Piacenza (It\u00e1lia) e, no Consist\u00f3rio do dia 17 de maio de 1570, o fez Cardeal com o t\u00edtulo de Santa Pudenciana.<\/span><\/p>\n<p><span style=\"color: #000000;\">Em Piacenza, se esfor\u00e7ou para levar \u00e0 pr\u00e1tica as reformas propostas pelo Conc\u00edlio de Trento. Nesta tarefa, contou com a ajuda de Santo Andr\u00e9 Avelino. Fundou o Semin\u00e1rio Conciliar diocesano e se empenhou em renovar o clero de sua diocese, para o qual tamb\u00e9m chamou aos Cl\u00e9rigos Regulares (Teatinos), para que o ajudassem nesta tarefa. Como distintivo de seu minist\u00e9rio episcopal, junto \u00e0 preocupa\u00e7\u00e3o que sempre teve pela forma\u00e7\u00e3o do clero, se destaca o interesse pela santifica\u00e7\u00e3o do laicato, o que o levou a impulsionar a catequese e a organiza\u00e7\u00e3o de distintas associa\u00e7\u00f5es de fi\u00e9is. Outra cara de seu trabalho \u00e9 a aten\u00e7\u00e3o aos pobres, \u00e0s pessoas marginalizadas e \u00e0 conserva\u00e7\u00e3o dos costumes crist\u00e3os em sua jurisdi\u00e7\u00e3o diocesana.<\/span><\/p>\n<p><span style=\"color: #000000;\">Greg\u00f3rio XIII o transferiu \u00e0 sede arcebispal de N\u00e1poles, em 1576. Aqui tamb\u00e9m deu mostras de seu esp\u00edrito reformador, de maneira tal que o Cardeal Ascanio Filomarino ?um s\u00e9culo depois? afirmou que Paulo Burali \u00abcolocou em seu lugar a dignidade e a jurisdi\u00e7\u00e3o arcebispal com a for\u00e7a e o exemplo de sua santidade de vida e com a intrepidez que em mais de uma ocasi\u00e3o mostrou\u00bb. Em N\u00e1poles, morreu no dia 17 de junho de 1578. Em S\u00e3o Paulo Maior descansam seus restos mortais. Foi beatificado por Clemente XIV no dia 17 de maio de 1772. Su festa \u00e9 celebrada no dia 17 de junho.<\/span>[\/vc_column_text][\/vc_column_inner][\/vc_row_inner]<div class=\"portfolio\"><div id=\"js-grid-awesome-work\" class=\"col-3\"><\/div><\/div>[vc_empty_space height=&#8221;80px&#8221;]<\/div>[\/vc_column][\/vc_row][vc_row][vc_column][vc_column_text]<\/p>\n<p>[\/vc_column_text][\/vc_column][\/vc_row][vc_row][vc_column][\/vc_column][\/vc_row]<\/p>\n","protected":false},"excerpt":{"rendered":"<p>[vc_row css=&#8221;.vc_custom_1459790702196{padding-top: 100px !important;padding-bottom: 100px !important;}&#8221;][vc_column][\/vc_column][\/vc_row][vc_row][vc_column][vc_column_text] [\/vc_column_text][\/vc_column][\/vc_row][vc_row][vc_column][\/vc_column][\/vc_row]<\/p>\n","protected":false},"author":1,"featured_media":0,"parent":0,"menu_order":0,"comment_status":"closed","ping_status":"closed","template":"","meta":{"_acf_changed":false,"footnotes":"","_links_to":"","_links_to_target":""},"class_list":["post-3645","page","type-page","status-publish","hentry"],"acf":[],"yoast_head":"<!-- This site is optimized with the Yoast SEO plugin v23.5 - https:\/\/yoast.com\/wordpress\/plugins\/seo\/ -->\n<title>Paulo Burali d\u2019Arezzo - Teatinos<\/title>\n<meta name=\"robots\" content=\"index, follow, max-snippet:-1, max-image-preview:large, max-video-preview:-1\" \/>\n<link rel=\"canonical\" href=\"https:\/\/teatinos.org\/pt-br\/paulo-burali-darezzo\/\" \/>\n<meta property=\"og:locale\" content=\"pt_BR\" \/>\n<meta property=\"og:type\" content=\"article\" \/>\n<meta property=\"og:title\" content=\"Paulo Burali d\u2019Arezzo - Teatinos\" \/>\n<meta property=\"og:description\" content=\"[vc_row css=&#8221;.vc_custom_1459790702196{padding-top: 100px !important;padding-bottom: 100px !important;}&#8221;][vc_column][\/vc_column][\/vc_row][vc_row][vc_column][vc_column_text] [\/vc_column_text][\/vc_column][\/vc_row][vc_row][vc_column][\/vc_column][\/vc_row]\" \/>\n<meta property=\"og:url\" content=\"https:\/\/teatinos.org\/pt-br\/paulo-burali-darezzo\/\" \/>\n<meta property=\"og:site_name\" content=\"Teatinos\" \/>\n<meta name=\"twitter:card\" content=\"summary_large_image\" \/>\n<meta name=\"twitter:label1\" content=\"Est. tempo de leitura\" \/>\n\t<meta name=\"twitter:data1\" content=\"2 minutos\" \/>\n<script type=\"application\/ld+json\" class=\"yoast-schema-graph\">{\"@context\":\"https:\/\/schema.org\",\"@graph\":[{\"@type\":\"WebPage\",\"@id\":\"https:\/\/teatinos.org\/pt-br\/paulo-burali-darezzo\/\",\"url\":\"https:\/\/teatinos.org\/pt-br\/paulo-burali-darezzo\/\",\"name\":\"Paulo Burali d\u2019Arezzo - Teatinos\",\"isPartOf\":{\"@id\":\"https:\/\/teatinos.org\/pt-br\/#website\"},\"datePublished\":\"2019-12-17T21:05:57+00:00\",\"dateModified\":\"2019-12-17T21:05:57+00:00\",\"breadcrumb\":{\"@id\":\"https:\/\/teatinos.org\/pt-br\/paulo-burali-darezzo\/#breadcrumb\"},\"inLanguage\":\"pt-BR\",\"potentialAction\":[{\"@type\":\"ReadAction\",\"target\":[\"https:\/\/teatinos.org\/pt-br\/paulo-burali-darezzo\/\"]}]},{\"@type\":\"BreadcrumbList\",\"@id\":\"https:\/\/teatinos.org\/pt-br\/paulo-burali-darezzo\/#breadcrumb\",\"itemListElement\":[{\"@type\":\"ListItem\",\"position\":1,\"name\":\"Portada\",\"item\":\"https:\/\/teatinos.org\/pt-br\/\"},{\"@type\":\"ListItem\",\"position\":2,\"name\":\"Paulo Burali d\u2019Arezzo\"}]},{\"@type\":\"WebSite\",\"@id\":\"https:\/\/teatinos.org\/pt-br\/#website\",\"url\":\"https:\/\/teatinos.org\/pt-br\/\",\"name\":\"Teatinos\",\"description\":\"Orden de Cl\u00e9rigos Regulares\",\"potentialAction\":[{\"@type\":\"SearchAction\",\"target\":{\"@type\":\"EntryPoint\",\"urlTemplate\":\"https:\/\/teatinos.org\/pt-br\/?s={search_term_string}\"},\"query-input\":{\"@type\":\"PropertyValueSpecification\",\"valueRequired\":true,\"valueName\":\"search_term_string\"}}],\"inLanguage\":\"pt-BR\"}]}<\/script>\n<!-- \/ Yoast SEO plugin. -->","yoast_head_json":{"title":"Paulo Burali d\u2019Arezzo - Teatinos","robots":{"index":"index","follow":"follow","max-snippet":"max-snippet:-1","max-image-preview":"max-image-preview:large","max-video-preview":"max-video-preview:-1"},"canonical":"https:\/\/teatinos.org\/pt-br\/paulo-burali-darezzo\/","og_locale":"pt_BR","og_type":"article","og_title":"Paulo Burali d\u2019Arezzo - Teatinos","og_description":"[vc_row css=&#8221;.vc_custom_1459790702196{padding-top: 100px !important;padding-bottom: 100px !important;}&#8221;][vc_column][\/vc_column][\/vc_row][vc_row][vc_column][vc_column_text] [\/vc_column_text][\/vc_column][\/vc_row][vc_row][vc_column][\/vc_column][\/vc_row]","og_url":"https:\/\/teatinos.org\/pt-br\/paulo-burali-darezzo\/","og_site_name":"Teatinos","twitter_card":"summary_large_image","twitter_misc":{"Est. tempo de leitura":"2 minutos"},"schema":{"@context":"https:\/\/schema.org","@graph":[{"@type":"WebPage","@id":"https:\/\/teatinos.org\/pt-br\/paulo-burali-darezzo\/","url":"https:\/\/teatinos.org\/pt-br\/paulo-burali-darezzo\/","name":"Paulo Burali d\u2019Arezzo - Teatinos","isPartOf":{"@id":"https:\/\/teatinos.org\/pt-br\/#website"},"datePublished":"2019-12-17T21:05:57+00:00","dateModified":"2019-12-17T21:05:57+00:00","breadcrumb":{"@id":"https:\/\/teatinos.org\/pt-br\/paulo-burali-darezzo\/#breadcrumb"},"inLanguage":"pt-BR","potentialAction":[{"@type":"ReadAction","target":["https:\/\/teatinos.org\/pt-br\/paulo-burali-darezzo\/"]}]},{"@type":"BreadcrumbList","@id":"https:\/\/teatinos.org\/pt-br\/paulo-burali-darezzo\/#breadcrumb","itemListElement":[{"@type":"ListItem","position":1,"name":"Portada","item":"https:\/\/teatinos.org\/pt-br\/"},{"@type":"ListItem","position":2,"name":"Paulo Burali d\u2019Arezzo"}]},{"@type":"WebSite","@id":"https:\/\/teatinos.org\/pt-br\/#website","url":"https:\/\/teatinos.org\/pt-br\/","name":"Teatinos","description":"Orden de Cl\u00e9rigos Regulares","potentialAction":[{"@type":"SearchAction","target":{"@type":"EntryPoint","urlTemplate":"https:\/\/teatinos.org\/pt-br\/?s={search_term_string}"},"query-input":{"@type":"PropertyValueSpecification","valueRequired":true,"valueName":"search_term_string"}}],"inLanguage":"pt-BR"}]}},"rttpg_featured_image_url":null,"rttpg_author":{"display_name":"admin","author_link":"https:\/\/teatinos.org\/pt-br\/author\/admin\/"},"rttpg_comment":0,"rttpg_category":false,"rttpg_excerpt":"[vc_row css=&#8221;.vc_custom_1459790702196{padding-top: 100px !important;padding-bottom: 100px !important;}&#8221;][vc_column][\/vc_column][\/vc_row][vc_row][vc_column][vc_column_text] [\/vc_column_text][\/vc_column][\/vc_row][vc_row][vc_column][\/vc_column][\/vc_row]","_links":{"self":[{"href":"https:\/\/teatinos.org\/pt-br\/wp-json\/wp\/v2\/pages\/3645","targetHints":{"allow":["GET"]}}],"collection":[{"href":"https:\/\/teatinos.org\/pt-br\/wp-json\/wp\/v2\/pages"}],"about":[{"href":"https:\/\/teatinos.org\/pt-br\/wp-json\/wp\/v2\/types\/page"}],"author":[{"embeddable":true,"href":"https:\/\/teatinos.org\/pt-br\/wp-json\/wp\/v2\/users\/1"}],"replies":[{"embeddable":true,"href":"https:\/\/teatinos.org\/pt-br\/wp-json\/wp\/v2\/comments?post=3645"}],"version-history":[{"count":2,"href":"https:\/\/teatinos.org\/pt-br\/wp-json\/wp\/v2\/pages\/3645\/revisions"}],"predecessor-version":[{"id":3647,"href":"https:\/\/teatinos.org\/pt-br\/wp-json\/wp\/v2\/pages\/3645\/revisions\/3647"}],"wp:attachment":[{"href":"https:\/\/teatinos.org\/pt-br\/wp-json\/wp\/v2\/media?parent=3645"}],"curies":[{"name":"wp","href":"https:\/\/api.w.org\/{rel}","templated":true}]}}