{"id":3641,"date":"2019-12-17T21:00:44","date_gmt":"2019-12-17T21:00:44","guid":{"rendered":"http:\/\/teatinos.org\/?page_id=3641"},"modified":"2019-12-17T21:00:44","modified_gmt":"2019-12-17T21:00:44","slug":"joao-marinoni","status":"publish","type":"page","link":"https:\/\/teatinos.org\/pt-br\/joao-marinoni\/","title":{"rendered":"Jo\u00e3o Marinoni"},"content":{"rendered":"<p>[vc_row css=&#8221;.vc_custom_1459790702196{padding-top: 100px !important;padding-bottom: 100px !important;}&#8221;][vc_column]<div class=\"container \">[vc_row_inner][vc_column_inner][vc_column_text]<span style=\"color: #000000;\">Francisco Marinoni, filho de Bernardino e Isabel Marinoni, nasceu em Veneza (It\u00e1lia) em 1490. Recebeu a ordena\u00e7\u00e3o sacerdotal em 1515 e em 1521 lhe outorgaram o t\u00edtulo de C\u00f4nego da igreja de S\u00e3o Marcos. Frequentou o Hospital dos Incur\u00e1veis de Veneza, o qual S\u00e3o Caetano havia fundado em 1522, e deslumbrado pelo exemplo de S\u00e3o Caetano, ingressou \u00e0 Casa Teatina de Veneza. Nessa Casa fez sua profiss\u00e3o religiosa no dia 29 de maio de 1530, nas m\u00e3os do admirado Caetano e adotando o nome de \u00abJo\u00e3o\u00bb.<\/span><\/p>\n<p><span style=\"color: #000000;\">Com S\u00e3o Caetano, partiu, desde Veneza, em 1533, dirigindo-se para N\u00e1poles, para fundar uma Casa Teatina. Na cidade do Ves\u00favio permaneceu quase toda sua vida, dedicando-se \u00e0 ora\u00e7\u00e3o, ao cuidado das almas, \u00e0 prega\u00e7\u00e3o e \u00e0 forma\u00e7\u00e3o dos candidatos \u00e0 vida teatina. Renunciou o convite para ser bispo da arquidiocese de N\u00e1poles ?minist\u00e9rio episcopal que lhe fora oferecido pelo Papa teatino, Paulo IV.<\/span><\/p>\n<p><span style=\"color: #000000;\">Com o mesmo \u00edmpeto que tinha no seu trabalho dentro da comunidade religiosa, levou adiante um ousado apostolado entre os mais humildes. Vendo as afli\u00e7\u00f5es que estes padeciam a causa dos empr\u00e9stimos com juros altos, que os prendia \u00e0 avareza dos agiotas, influenciou um n\u00famero grande de leigos, aos que acompanhava espiritualmente, para que dessem vida ao \u00abMonte de Piedad\u00bb, de modo que pudessem superar aquele abuso.<\/span><\/p>\n<p><span style=\"color: #000000;\">Morreu santamente em N\u00e1poles no dia 13 de dezembro de 1562 e foi sepultado no cemit\u00e9rio conventual de S\u00e3o Paulo Maior de N\u00e1poles, onde se podem venerar seus restos junto aos de S\u00e3o Caetano, do qual fora incans\u00e1vel companheiro e o qual o chamara \u00abanjo em carne humana\u00bb. Tamb\u00e9m seu disc\u00edpulo Santo Andr\u00e9 Avelino o recorda com um semblante que irradiava paz e serenidade, porque Deus estava com ele. Clemente XIII reconheceu e aprovou o culto de \u00abBeato\u00bb, que j\u00e1 desde tempos imemori\u00e1veis lhe era tributado. A data na qual se celebra sua mem\u00f3ria liturgicamente \u00e9 no dia 12 de dezembro.<\/span>[\/vc_column_text][\/vc_column_inner][\/vc_row_inner]<div class=\"portfolio\"><div id=\"js-grid-awesome-work\" class=\"col-3\"><\/div><\/div>[vc_empty_space height=&#8221;80px&#8221;]<\/div>[\/vc_column][\/vc_row][vc_row][vc_column][vc_column_text]<\/p>\n<p>[\/vc_column_text][\/vc_column][\/vc_row][vc_row][vc_column][\/vc_column][\/vc_row]<\/p>\n","protected":false},"excerpt":{"rendered":"<p>[vc_row css=&#8221;.vc_custom_1459790702196{padding-top: 100px !important;padding-bottom: 100px !important;}&#8221;][vc_column][\/vc_column][\/vc_row][vc_row][vc_column][vc_column_text] [\/vc_column_text][\/vc_column][\/vc_row][vc_row][vc_column][\/vc_column][\/vc_row]<\/p>\n","protected":false},"author":1,"featured_media":0,"parent":0,"menu_order":0,"comment_status":"closed","ping_status":"closed","template":"","meta":{"_acf_changed":false,"footnotes":"","_links_to":"","_links_to_target":""},"class_list":["post-3641","page","type-page","status-publish","hentry"],"acf":[],"yoast_head":"<!-- This site is optimized with the Yoast SEO plugin v23.5 - https:\/\/yoast.com\/wordpress\/plugins\/seo\/ -->\n<title>Jo\u00e3o Marinoni - Teatinos<\/title>\n<meta name=\"robots\" content=\"index, follow, max-snippet:-1, max-image-preview:large, max-video-preview:-1\" \/>\n<link rel=\"canonical\" href=\"https:\/\/teatinos.org\/pt-br\/joao-marinoni\/\" \/>\n<meta property=\"og:locale\" content=\"pt_BR\" \/>\n<meta property=\"og:type\" content=\"article\" \/>\n<meta property=\"og:title\" content=\"Jo\u00e3o Marinoni - Teatinos\" \/>\n<meta property=\"og:description\" content=\"[vc_row css=&#8221;.vc_custom_1459790702196{padding-top: 100px !important;padding-bottom: 100px !important;}&#8221;][vc_column][\/vc_column][\/vc_row][vc_row][vc_column][vc_column_text] [\/vc_column_text][\/vc_column][\/vc_row][vc_row][vc_column][\/vc_column][\/vc_row]\" \/>\n<meta property=\"og:url\" content=\"https:\/\/teatinos.org\/pt-br\/joao-marinoni\/\" \/>\n<meta property=\"og:site_name\" content=\"Teatinos\" \/>\n<meta name=\"twitter:card\" content=\"summary_large_image\" \/>\n<meta name=\"twitter:label1\" content=\"Est. tempo de leitura\" \/>\n\t<meta name=\"twitter:data1\" content=\"2 minutos\" \/>\n<script type=\"application\/ld+json\" class=\"yoast-schema-graph\">{\"@context\":\"https:\/\/schema.org\",\"@graph\":[{\"@type\":\"WebPage\",\"@id\":\"https:\/\/teatinos.org\/pt-br\/joao-marinoni\/\",\"url\":\"https:\/\/teatinos.org\/pt-br\/joao-marinoni\/\",\"name\":\"Jo\u00e3o Marinoni - Teatinos\",\"isPartOf\":{\"@id\":\"https:\/\/teatinos.org\/pt-br\/#website\"},\"datePublished\":\"2019-12-17T21:00:44+00:00\",\"dateModified\":\"2019-12-17T21:00:44+00:00\",\"breadcrumb\":{\"@id\":\"https:\/\/teatinos.org\/pt-br\/joao-marinoni\/#breadcrumb\"},\"inLanguage\":\"pt-BR\",\"potentialAction\":[{\"@type\":\"ReadAction\",\"target\":[\"https:\/\/teatinos.org\/pt-br\/joao-marinoni\/\"]}]},{\"@type\":\"BreadcrumbList\",\"@id\":\"https:\/\/teatinos.org\/pt-br\/joao-marinoni\/#breadcrumb\",\"itemListElement\":[{\"@type\":\"ListItem\",\"position\":1,\"name\":\"Portada\",\"item\":\"https:\/\/teatinos.org\/pt-br\/\"},{\"@type\":\"ListItem\",\"position\":2,\"name\":\"Jo\u00e3o Marinoni\"}]},{\"@type\":\"WebSite\",\"@id\":\"https:\/\/teatinos.org\/pt-br\/#website\",\"url\":\"https:\/\/teatinos.org\/pt-br\/\",\"name\":\"Teatinos\",\"description\":\"Orden de Cl\u00e9rigos Regulares\",\"potentialAction\":[{\"@type\":\"SearchAction\",\"target\":{\"@type\":\"EntryPoint\",\"urlTemplate\":\"https:\/\/teatinos.org\/pt-br\/?s={search_term_string}\"},\"query-input\":{\"@type\":\"PropertyValueSpecification\",\"valueRequired\":true,\"valueName\":\"search_term_string\"}}],\"inLanguage\":\"pt-BR\"}]}<\/script>\n<!-- \/ Yoast SEO plugin. -->","yoast_head_json":{"title":"Jo\u00e3o Marinoni - Teatinos","robots":{"index":"index","follow":"follow","max-snippet":"max-snippet:-1","max-image-preview":"max-image-preview:large","max-video-preview":"max-video-preview:-1"},"canonical":"https:\/\/teatinos.org\/pt-br\/joao-marinoni\/","og_locale":"pt_BR","og_type":"article","og_title":"Jo\u00e3o Marinoni - Teatinos","og_description":"[vc_row css=&#8221;.vc_custom_1459790702196{padding-top: 100px !important;padding-bottom: 100px !important;}&#8221;][vc_column][\/vc_column][\/vc_row][vc_row][vc_column][vc_column_text] [\/vc_column_text][\/vc_column][\/vc_row][vc_row][vc_column][\/vc_column][\/vc_row]","og_url":"https:\/\/teatinos.org\/pt-br\/joao-marinoni\/","og_site_name":"Teatinos","twitter_card":"summary_large_image","twitter_misc":{"Est. tempo de leitura":"2 minutos"},"schema":{"@context":"https:\/\/schema.org","@graph":[{"@type":"WebPage","@id":"https:\/\/teatinos.org\/pt-br\/joao-marinoni\/","url":"https:\/\/teatinos.org\/pt-br\/joao-marinoni\/","name":"Jo\u00e3o Marinoni - Teatinos","isPartOf":{"@id":"https:\/\/teatinos.org\/pt-br\/#website"},"datePublished":"2019-12-17T21:00:44+00:00","dateModified":"2019-12-17T21:00:44+00:00","breadcrumb":{"@id":"https:\/\/teatinos.org\/pt-br\/joao-marinoni\/#breadcrumb"},"inLanguage":"pt-BR","potentialAction":[{"@type":"ReadAction","target":["https:\/\/teatinos.org\/pt-br\/joao-marinoni\/"]}]},{"@type":"BreadcrumbList","@id":"https:\/\/teatinos.org\/pt-br\/joao-marinoni\/#breadcrumb","itemListElement":[{"@type":"ListItem","position":1,"name":"Portada","item":"https:\/\/teatinos.org\/pt-br\/"},{"@type":"ListItem","position":2,"name":"Jo\u00e3o Marinoni"}]},{"@type":"WebSite","@id":"https:\/\/teatinos.org\/pt-br\/#website","url":"https:\/\/teatinos.org\/pt-br\/","name":"Teatinos","description":"Orden de Cl\u00e9rigos Regulares","potentialAction":[{"@type":"SearchAction","target":{"@type":"EntryPoint","urlTemplate":"https:\/\/teatinos.org\/pt-br\/?s={search_term_string}"},"query-input":{"@type":"PropertyValueSpecification","valueRequired":true,"valueName":"search_term_string"}}],"inLanguage":"pt-BR"}]}},"rttpg_featured_image_url":null,"rttpg_author":{"display_name":"admin","author_link":"https:\/\/teatinos.org\/pt-br\/author\/admin\/"},"rttpg_comment":0,"rttpg_category":false,"rttpg_excerpt":"[vc_row css=&#8221;.vc_custom_1459790702196{padding-top: 100px !important;padding-bottom: 100px !important;}&#8221;][vc_column][\/vc_column][\/vc_row][vc_row][vc_column][vc_column_text] [\/vc_column_text][\/vc_column][\/vc_row][vc_row][vc_column][\/vc_column][\/vc_row]","_links":{"self":[{"href":"https:\/\/teatinos.org\/pt-br\/wp-json\/wp\/v2\/pages\/3641","targetHints":{"allow":["GET"]}}],"collection":[{"href":"https:\/\/teatinos.org\/pt-br\/wp-json\/wp\/v2\/pages"}],"about":[{"href":"https:\/\/teatinos.org\/pt-br\/wp-json\/wp\/v2\/types\/page"}],"author":[{"embeddable":true,"href":"https:\/\/teatinos.org\/pt-br\/wp-json\/wp\/v2\/users\/1"}],"replies":[{"embeddable":true,"href":"https:\/\/teatinos.org\/pt-br\/wp-json\/wp\/v2\/comments?post=3641"}],"version-history":[{"count":3,"href":"https:\/\/teatinos.org\/pt-br\/wp-json\/wp\/v2\/pages\/3641\/revisions"}],"predecessor-version":[{"id":3644,"href":"https:\/\/teatinos.org\/pt-br\/wp-json\/wp\/v2\/pages\/3641\/revisions\/3644"}],"wp:attachment":[{"href":"https:\/\/teatinos.org\/pt-br\/wp-json\/wp\/v2\/media?parent=3641"}],"curies":[{"name":"wp","href":"https:\/\/api.w.org\/{rel}","templated":true}]}}