{"id":3622,"date":"2019-12-17T20:28:37","date_gmt":"2019-12-17T20:28:37","guid":{"rendered":"http:\/\/teatinos.org\/?page_id=3622"},"modified":"2021-05-24T18:20:31","modified_gmt":"2021-05-24T18:20:31","slug":"sao-jose-maria-tomasi","status":"publish","type":"page","link":"https:\/\/teatinos.org\/pt-br\/sao-jose-maria-tomasi\/","title":{"rendered":"S\u00e3o Jos\u00e9 Maria Tomasi"},"content":{"rendered":"<p>[vc_row css=&#8221;.vc_custom_1459790702196{padding-top: 100px !important;padding-bottom: 100px !important;}&#8221;][vc_column]<div class=\"container \">[vc_row_inner][vc_column_inner width=&#8221;5\/12&#8243;][vc_empty_space height=&#8221;8px&#8221;][vc_single_image image=&#8221;7111&#8243; img_size=&#8221;600&#215;760&#8243;][\/vc_column_inner][vc_column_inner width=&#8221;7\/12&#8243;][vc_column_text]<span style=\"color: #000000;\">Jos\u00e9 Maria Tomasi formava parte da nobre fam\u00edlia dos Pr\u00edncipes de Lampedusa. Nasceu em Licata (Agrigento, It\u00e1lia) no dia 12 de setembro de 1649. Seus padres foram J\u00falio Tomasi-Caro e Rosalia Traina Drago. Desde cedo, Jos\u00e9 Maria mostrou uma profunda inclina\u00e7\u00e3o pelas coisas eclesi\u00e1sticas, que logo foi se transformando em amor pela sagrada liturgia.<\/span><\/p>\n<p><span style=\"color: #000000;\">S\u00e3o Jos\u00e9 Maria Tomasi renunciou a seus bens e direitos nobili\u00e1rios e ingressou na Ordem dos Cl\u00e9rigos Regulares (Teatinos), professando na Casa Teatina de Palermo no dia 25 de mar\u00e7o de 1666. Em 1673, foi ordenado sacerdote, dedicando-se por inteiro \u00e0 investiga\u00e7\u00e3o e estudo das fontes e monumentos que colocaram as bases da liturgia crist\u00e3. Por seu trabalho de erudito, foi chamado de o \u00abPr\u00edncipe da Liturgia Romana\u00bb.<\/span><\/p>\n<p><span style=\"color: #000000;\">Na perspectiva de sua tarefa cient\u00edfica, o maior interesse que o teatino siciliano teve, foi que os fi\u00e9is participassem das celebra\u00e7\u00f5es lit\u00fargicas de maneira ativa e inteligente, de modo que pudessem aproveitar melhor para o desenvolvimento da vida moral dos fi\u00e9is. Neste sentido, as intui\u00e7\u00f5es de S\u00e3o Jos\u00e9 Maria Tomasi anteciparam as resolu\u00e7\u00f5es que o Conc\u00edlio Vaticano II (1962-1965) iria propor depois.<\/span><\/p>\n<p><span style=\"color: #000000;\">Clemente XI o fez Cardeal no Consist\u00f3rio no dia 18 de maio de 1712 com o t\u00edtulo dos Santos Silvestre e Mart\u00edn ai Monti. Tamb\u00e9m desde a dignidade cardinal\u00edcia se preocupou por impulsionar a beleza do culto divino, seja nas formas rituais que nos espa\u00e7os fossem destinadas. Ademais, animou a catequese das crian\u00e7as e a aten\u00e7\u00e3o aos pobres.<\/span>[\/vc_column_text][\/vc_column_inner][\/vc_row_inner][vc_column_text]<span style=\"color: #000000;\">Morreu em Roma no dia 1\u00ba de janeiro de 1713. Beatificado por Pio VII em 1803, foi canonizado por S\u00e3o Jo\u00e3o Paulo II no dia 12 de outubro de 1986. As rel\u00edquias de seu corpo se veneram na Bas\u00edlica de Sant\u2019Andrea della Valle (Roma). Sua fiesta lit\u00fargica \u00e9 no dia 03 de janeiro.<\/span>[\/vc_column_text]<\/div>[\/vc_column][\/vc_row]<\/p>\n","protected":false},"excerpt":{"rendered":"<p>[vc_row css=&#8221;.vc_custom_1459790702196{padding-top: 100px !important;padding-bottom: 100px !important;}&#8221;][vc_column][\/vc_column][\/vc_row]<\/p>\n","protected":false},"author":1,"featured_media":0,"parent":0,"menu_order":0,"comment_status":"closed","ping_status":"closed","template":"","meta":{"_acf_changed":false,"footnotes":"","_links_to":"","_links_to_target":""},"class_list":["post-3622","page","type-page","status-publish","hentry"],"acf":[],"yoast_head":"<!-- This site is optimized with the Yoast SEO plugin v23.5 - https:\/\/yoast.com\/wordpress\/plugins\/seo\/ -->\n<title>S\u00e3o Jos\u00e9 Maria Tomasi - Teatinos<\/title>\n<meta name=\"robots\" content=\"index, follow, max-snippet:-1, max-image-preview:large, max-video-preview:-1\" \/>\n<link rel=\"canonical\" href=\"https:\/\/teatinos.org\/pt-br\/sao-jose-maria-tomasi\/\" \/>\n<meta property=\"og:locale\" content=\"pt_BR\" \/>\n<meta property=\"og:type\" content=\"article\" \/>\n<meta property=\"og:title\" content=\"S\u00e3o Jos\u00e9 Maria Tomasi - Teatinos\" \/>\n<meta property=\"og:description\" content=\"[vc_row css=&#8221;.vc_custom_1459790702196{padding-top: 100px !important;padding-bottom: 100px !important;}&#8221;][vc_column][\/vc_column][\/vc_row]\" \/>\n<meta property=\"og:url\" content=\"https:\/\/teatinos.org\/pt-br\/sao-jose-maria-tomasi\/\" \/>\n<meta property=\"og:site_name\" content=\"Teatinos\" \/>\n<meta property=\"article:modified_time\" content=\"2021-05-24T18:20:31+00:00\" \/>\n<meta name=\"twitter:card\" content=\"summary_large_image\" \/>\n<meta name=\"twitter:label1\" content=\"Est. tempo de leitura\" \/>\n\t<meta name=\"twitter:data1\" content=\"2 minutos\" \/>\n<script type=\"application\/ld+json\" class=\"yoast-schema-graph\">{\"@context\":\"https:\/\/schema.org\",\"@graph\":[{\"@type\":\"WebPage\",\"@id\":\"https:\/\/teatinos.org\/pt-br\/sao-jose-maria-tomasi\/\",\"url\":\"https:\/\/teatinos.org\/pt-br\/sao-jose-maria-tomasi\/\",\"name\":\"S\u00e3o Jos\u00e9 Maria Tomasi - Teatinos\",\"isPartOf\":{\"@id\":\"https:\/\/teatinos.org\/pt-br\/#website\"},\"datePublished\":\"2019-12-17T20:28:37+00:00\",\"dateModified\":\"2021-05-24T18:20:31+00:00\",\"breadcrumb\":{\"@id\":\"https:\/\/teatinos.org\/pt-br\/sao-jose-maria-tomasi\/#breadcrumb\"},\"inLanguage\":\"pt-BR\",\"potentialAction\":[{\"@type\":\"ReadAction\",\"target\":[\"https:\/\/teatinos.org\/pt-br\/sao-jose-maria-tomasi\/\"]}]},{\"@type\":\"BreadcrumbList\",\"@id\":\"https:\/\/teatinos.org\/pt-br\/sao-jose-maria-tomasi\/#breadcrumb\",\"itemListElement\":[{\"@type\":\"ListItem\",\"position\":1,\"name\":\"Portada\",\"item\":\"https:\/\/teatinos.org\/pt-br\/\"},{\"@type\":\"ListItem\",\"position\":2,\"name\":\"S\u00e3o Jos\u00e9 Maria Tomasi\"}]},{\"@type\":\"WebSite\",\"@id\":\"https:\/\/teatinos.org\/pt-br\/#website\",\"url\":\"https:\/\/teatinos.org\/pt-br\/\",\"name\":\"Teatinos\",\"description\":\"Orden de Cl\u00e9rigos Regulares\",\"potentialAction\":[{\"@type\":\"SearchAction\",\"target\":{\"@type\":\"EntryPoint\",\"urlTemplate\":\"https:\/\/teatinos.org\/pt-br\/?s={search_term_string}\"},\"query-input\":{\"@type\":\"PropertyValueSpecification\",\"valueRequired\":true,\"valueName\":\"search_term_string\"}}],\"inLanguage\":\"pt-BR\"}]}<\/script>\n<!-- \/ Yoast SEO plugin. -->","yoast_head_json":{"title":"S\u00e3o Jos\u00e9 Maria Tomasi - Teatinos","robots":{"index":"index","follow":"follow","max-snippet":"max-snippet:-1","max-image-preview":"max-image-preview:large","max-video-preview":"max-video-preview:-1"},"canonical":"https:\/\/teatinos.org\/pt-br\/sao-jose-maria-tomasi\/","og_locale":"pt_BR","og_type":"article","og_title":"S\u00e3o Jos\u00e9 Maria Tomasi - Teatinos","og_description":"[vc_row css=&#8221;.vc_custom_1459790702196{padding-top: 100px !important;padding-bottom: 100px !important;}&#8221;][vc_column][\/vc_column][\/vc_row]","og_url":"https:\/\/teatinos.org\/pt-br\/sao-jose-maria-tomasi\/","og_site_name":"Teatinos","article_modified_time":"2021-05-24T18:20:31+00:00","twitter_card":"summary_large_image","twitter_misc":{"Est. tempo de leitura":"2 minutos"},"schema":{"@context":"https:\/\/schema.org","@graph":[{"@type":"WebPage","@id":"https:\/\/teatinos.org\/pt-br\/sao-jose-maria-tomasi\/","url":"https:\/\/teatinos.org\/pt-br\/sao-jose-maria-tomasi\/","name":"S\u00e3o Jos\u00e9 Maria Tomasi - Teatinos","isPartOf":{"@id":"https:\/\/teatinos.org\/pt-br\/#website"},"datePublished":"2019-12-17T20:28:37+00:00","dateModified":"2021-05-24T18:20:31+00:00","breadcrumb":{"@id":"https:\/\/teatinos.org\/pt-br\/sao-jose-maria-tomasi\/#breadcrumb"},"inLanguage":"pt-BR","potentialAction":[{"@type":"ReadAction","target":["https:\/\/teatinos.org\/pt-br\/sao-jose-maria-tomasi\/"]}]},{"@type":"BreadcrumbList","@id":"https:\/\/teatinos.org\/pt-br\/sao-jose-maria-tomasi\/#breadcrumb","itemListElement":[{"@type":"ListItem","position":1,"name":"Portada","item":"https:\/\/teatinos.org\/pt-br\/"},{"@type":"ListItem","position":2,"name":"S\u00e3o Jos\u00e9 Maria Tomasi"}]},{"@type":"WebSite","@id":"https:\/\/teatinos.org\/pt-br\/#website","url":"https:\/\/teatinos.org\/pt-br\/","name":"Teatinos","description":"Orden de Cl\u00e9rigos Regulares","potentialAction":[{"@type":"SearchAction","target":{"@type":"EntryPoint","urlTemplate":"https:\/\/teatinos.org\/pt-br\/?s={search_term_string}"},"query-input":{"@type":"PropertyValueSpecification","valueRequired":true,"valueName":"search_term_string"}}],"inLanguage":"pt-BR"}]}},"rttpg_featured_image_url":null,"rttpg_author":{"display_name":"admin","author_link":"https:\/\/teatinos.org\/pt-br\/author\/admin\/"},"rttpg_comment":0,"rttpg_category":" <a href=\"https:\/\/teatinos.org\/pt-br\/?taxonomy=translation_priority&#038;term=opcional-pt-br\" rel=\"tag\">Opcional<\/a>","rttpg_excerpt":"[vc_row css=&#8221;.vc_custom_1459790702196{padding-top: 100px !important;padding-bottom: 100px !important;}&#8221;][vc_column][\/vc_column][\/vc_row]","_links":{"self":[{"href":"https:\/\/teatinos.org\/pt-br\/wp-json\/wp\/v2\/pages\/3622","targetHints":{"allow":["GET"]}}],"collection":[{"href":"https:\/\/teatinos.org\/pt-br\/wp-json\/wp\/v2\/pages"}],"about":[{"href":"https:\/\/teatinos.org\/pt-br\/wp-json\/wp\/v2\/types\/page"}],"author":[{"embeddable":true,"href":"https:\/\/teatinos.org\/pt-br\/wp-json\/wp\/v2\/users\/1"}],"replies":[{"embeddable":true,"href":"https:\/\/teatinos.org\/pt-br\/wp-json\/wp\/v2\/comments?post=3622"}],"version-history":[{"count":4,"href":"https:\/\/teatinos.org\/pt-br\/wp-json\/wp\/v2\/pages\/3622\/revisions"}],"predecessor-version":[{"id":7153,"href":"https:\/\/teatinos.org\/pt-br\/wp-json\/wp\/v2\/pages\/3622\/revisions\/7153"}],"wp:attachment":[{"href":"https:\/\/teatinos.org\/pt-br\/wp-json\/wp\/v2\/media?parent=3622"}],"curies":[{"name":"wp","href":"https:\/\/api.w.org\/{rel}","templated":true}]}}