{"id":3617,"date":"2019-12-17T20:19:33","date_gmt":"2019-12-17T20:19:33","guid":{"rendered":"http:\/\/teatinos.org\/?page_id=3617"},"modified":"2024-05-29T15:39:32","modified_gmt":"2024-05-29T15:39:32","slug":"sao-caetano","status":"publish","type":"page","link":"https:\/\/teatinos.org\/pt-br\/sao-caetano\/","title":{"rendered":"S\u00e3o Caetano"},"content":{"rendered":"<p>[vc_row][vc_column]<div id=\"\" class=\"video-player-for-wpbakery \">\n    <div class=\"video-player-for-wpbakery-container\">\n        <iframe loading=\"lazy\" title=\"\ud83c\uddf5\ud83c\uddf9 S\u00e3o Caetano e a funda\u00e7\u00e3o dos Teatinos - 2024\" width=\"1280\" height=\"720\" src=\"https:\/\/www.youtube.com\/embed\/BUeuBu9SA9U?feature=oembed\" frameborder=\"0\" allow=\"accelerometer; autoplay; clipboard-write; encrypted-media; gyroscope; picture-in-picture; web-share\" referrerpolicy=\"strict-origin-when-cross-origin\" allowfullscreen><\/iframe>    <\/div>\n<\/div>[\/vc_column][\/vc_row][vc_row css=&#8221;.vc_custom_1459790702196{padding-top: 100px !important;padding-bottom: 100px !important;}&#8221;][vc_column]<div class=\"container \">[vc_row_inner][vc_column_inner width=&#8221;5\/12&#8243;][vc_empty_space height=&#8221;10px&#8221;][vc_single_image image=&#8221;7090&#8243; img_size=&#8221;622 x 898&#8243;][\/vc_column_inner][vc_column_inner width=&#8221;7\/12&#8243;][vc_column_text]<span style=\"color: #000000;\">S\u00e3o Caetano, descendente da nobre fam\u00edlia Thiene, filho de Gaspar Thiene e de Maria Porto, nasceu em Vicenza (It\u00e1lia) presumivelmente no m\u00eas de outubro de 1480. Conseguiu o doutorado em ambos direitos, can\u00f4nico e civil, na Universidade de P\u00e1dua. Pouco tempo depois, havendo recebido a sagrada tonsura (1504), pela que entrava a formar parte do estamento eclesi\u00e1stico, se transferiu a Roma (1507), para formar parte da C\u00faria Romana, sob o pontificado de J\u00falio II. Ao servi\u00e7o deste Papa, exerceu o of\u00edcio de escritor das letras apost\u00f3licas, com a fun\u00e7\u00e3o de Protonot\u00e1rio Apost\u00f3lico.<\/span><\/p>\n<p><span style=\"color: #000000;\">Juntando-se ao Orat\u00f3rio do Divino Amor de Roma (1515), exerceu, em distintas cidades italianas, atividades similares \u00e0s que tal confraternidade desenvolvia. No dia 30 de setembro de 1516, foi ordenado sacerdote. Neste cen\u00e1rio, o vemos S\u00e3o Caetano dedicado \u00e0 ora\u00e7\u00e3o, ao estudo das Sagradas Escrituras e \u00e0 aten\u00e7\u00e3o aos enfermos, especialmente a aqueles que se denominavam \u00abincur\u00e1veis\u00bb. Fruto desta \u00faltima atividade desempenhada por Caetano, foi a funda\u00e7\u00e3o do \u201cHospital de Incur\u00e1veis\u201d de Veneza, junto \u00e0s patr\u00edcias venezianas: Maria Malpier e Marina Grimani, em 1522. Tamb\u00e9m o Santo vicentino realizou um apostolado da mesma \u00edndole no \u201cHospital da Miseric\u00f3rdia\u201d, em Vicenza, dando forma de nosoc\u00f4mio para incur\u00e1veis, e no Hospital de S\u00e3o Tiago na Augusta, de Roma.<\/span><\/p>\n<p><span style=\"color: #000000;\">Comprometeu-se a reformar os costumes dos eclesi\u00e1sticos, se esfor\u00e7ou por restaurar na Igreja de seu tempo o modo de viver dos Ap\u00f3stolos. Neste trabalho encontrou a Jo\u00e3o Pedro Carafa, bispo de Chieti e membro do Orat\u00f3rio do Divino Amor romano. O resultado deste encontro foi a funda\u00e7\u00e3o da Ordem dos Cl\u00e9rigos Regulares (Teatinos) no dia 14 de setembro de 1524.<\/span>[\/vc_column_text][\/vc_column_inner][\/vc_row_inner][vc_column_text]<span style=\"color: #000000;\">De car\u00e1ter tranquilo e soci\u00e1vel, dotado de luminosas virtudes sacerdotais, promoveu o esplendor do culto divino e a participa\u00e7\u00e3o frequente aos sacramentos. Nos chama a aten\u00e7\u00e3o em Caetano a venera\u00e7\u00e3o ao Natal de Jesus e a sua Paix\u00e3o, e, especialmente, a maneira em que foi conjugado com a devo\u00e7\u00e3o \u00e0 Virgem Maria. Por isso que certa iconografia represente a S\u00e3o Caetano recebendo ao Menino Jesus em seus bra\u00e7os, tal como se o oferecera a mesma Virgem. Este modo de recriar a figura de Caetano tem seu fundamento na narra\u00e7\u00e3o que ele fizera a Irm\u00e3 Laura Mignani, sobre uma experi\u00eancia m\u00edstica na Bas\u00edlica de Santa Maria Maior de Roma, no Natal de 1517.<\/span><\/p>\n<p><span style=\"color: #000000;\">Disposto a n\u00e3o ter nenhuma moeda para pagar sua sepultura, se consagrou plenamente a uma vida pobre, de servi\u00e7o aos mais necessitados e de confian\u00e7a na Divina Provid\u00eancia. Assim, cobriu sua vida de santidade e entrega, murreu em N\u00e1poles no dia 07 de agosto de 1547. Seus restos mortais descansam na cripta da Bas\u00edlica de S\u00e3o Paulo Maior de N\u00e1poles. Foi beatificado por Urbano VIII no dia 08 de outubro de 1629, enquanto que Clemente X o proclamou Santo no dia 12 de abril de 1671. Sua festa lit\u00fargica se celebra no dia 07 de agosto.<\/span>[\/vc_column_text]<\/div>[\/vc_column][\/vc_row]<\/p>\n","protected":false},"excerpt":{"rendered":"<p>[vc_row][vc_column][\/vc_column][\/vc_row][vc_row css=&#8221;.vc_custom_1459790702196{padding-top: 100px !important;padding-bottom: 100px !important;}&#8221;][vc_column][\/vc_column][\/vc_row]<\/p>\n","protected":false},"author":1,"featured_media":0,"parent":0,"menu_order":0,"comment_status":"closed","ping_status":"closed","template":"","meta":{"_acf_changed":false,"footnotes":"","_links_to":"","_links_to_target":""},"class_list":["post-3617","page","type-page","status-publish","hentry"],"acf":[],"yoast_head":"<!-- This site is optimized with the Yoast SEO plugin v23.5 - https:\/\/yoast.com\/wordpress\/plugins\/seo\/ -->\n<title>S\u00e3o Caetano - Teatinos<\/title>\n<meta name=\"robots\" content=\"index, follow, max-snippet:-1, max-image-preview:large, max-video-preview:-1\" \/>\n<link rel=\"canonical\" href=\"https:\/\/teatinos.org\/pt-br\/sao-caetano\/\" \/>\n<meta property=\"og:locale\" content=\"pt_BR\" \/>\n<meta property=\"og:type\" content=\"article\" \/>\n<meta property=\"og:title\" content=\"S\u00e3o Caetano - Teatinos\" \/>\n<meta property=\"og:description\" content=\"[vc_row][vc_column][\/vc_column][\/vc_row][vc_row css=&#8221;.vc_custom_1459790702196{padding-top: 100px !important;padding-bottom: 100px !important;}&#8221;][vc_column][\/vc_column][\/vc_row]\" \/>\n<meta property=\"og:url\" content=\"https:\/\/teatinos.org\/pt-br\/sao-caetano\/\" \/>\n<meta property=\"og:site_name\" content=\"Teatinos\" \/>\n<meta property=\"article:modified_time\" content=\"2024-05-29T15:39:32+00:00\" \/>\n<meta name=\"twitter:card\" content=\"summary_large_image\" \/>\n<meta name=\"twitter:label1\" content=\"Est. tempo de leitura\" \/>\n\t<meta name=\"twitter:data1\" content=\"3 minutos\" \/>\n<script type=\"application\/ld+json\" class=\"yoast-schema-graph\">{\"@context\":\"https:\/\/schema.org\",\"@graph\":[{\"@type\":\"WebPage\",\"@id\":\"https:\/\/teatinos.org\/pt-br\/sao-caetano\/\",\"url\":\"https:\/\/teatinos.org\/pt-br\/sao-caetano\/\",\"name\":\"S\u00e3o Caetano - Teatinos\",\"isPartOf\":{\"@id\":\"https:\/\/teatinos.org\/pt-br\/#website\"},\"datePublished\":\"2019-12-17T20:19:33+00:00\",\"dateModified\":\"2024-05-29T15:39:32+00:00\",\"breadcrumb\":{\"@id\":\"https:\/\/teatinos.org\/pt-br\/sao-caetano\/#breadcrumb\"},\"inLanguage\":\"pt-BR\",\"potentialAction\":[{\"@type\":\"ReadAction\",\"target\":[\"https:\/\/teatinos.org\/pt-br\/sao-caetano\/\"]}]},{\"@type\":\"BreadcrumbList\",\"@id\":\"https:\/\/teatinos.org\/pt-br\/sao-caetano\/#breadcrumb\",\"itemListElement\":[{\"@type\":\"ListItem\",\"position\":1,\"name\":\"Portada\",\"item\":\"https:\/\/teatinos.org\/pt-br\/\"},{\"@type\":\"ListItem\",\"position\":2,\"name\":\"S\u00e3o Caetano\"}]},{\"@type\":\"WebSite\",\"@id\":\"https:\/\/teatinos.org\/pt-br\/#website\",\"url\":\"https:\/\/teatinos.org\/pt-br\/\",\"name\":\"Teatinos\",\"description\":\"Orden de Cl\u00e9rigos Regulares\",\"potentialAction\":[{\"@type\":\"SearchAction\",\"target\":{\"@type\":\"EntryPoint\",\"urlTemplate\":\"https:\/\/teatinos.org\/pt-br\/?s={search_term_string}\"},\"query-input\":{\"@type\":\"PropertyValueSpecification\",\"valueRequired\":true,\"valueName\":\"search_term_string\"}}],\"inLanguage\":\"pt-BR\"}]}<\/script>\n<!-- \/ Yoast SEO plugin. -->","yoast_head_json":{"title":"S\u00e3o Caetano - Teatinos","robots":{"index":"index","follow":"follow","max-snippet":"max-snippet:-1","max-image-preview":"max-image-preview:large","max-video-preview":"max-video-preview:-1"},"canonical":"https:\/\/teatinos.org\/pt-br\/sao-caetano\/","og_locale":"pt_BR","og_type":"article","og_title":"S\u00e3o Caetano - Teatinos","og_description":"[vc_row][vc_column][\/vc_column][\/vc_row][vc_row css=&#8221;.vc_custom_1459790702196{padding-top: 100px !important;padding-bottom: 100px !important;}&#8221;][vc_column][\/vc_column][\/vc_row]","og_url":"https:\/\/teatinos.org\/pt-br\/sao-caetano\/","og_site_name":"Teatinos","article_modified_time":"2024-05-29T15:39:32+00:00","twitter_card":"summary_large_image","twitter_misc":{"Est. tempo de leitura":"3 minutos"},"schema":{"@context":"https:\/\/schema.org","@graph":[{"@type":"WebPage","@id":"https:\/\/teatinos.org\/pt-br\/sao-caetano\/","url":"https:\/\/teatinos.org\/pt-br\/sao-caetano\/","name":"S\u00e3o Caetano - Teatinos","isPartOf":{"@id":"https:\/\/teatinos.org\/pt-br\/#website"},"datePublished":"2019-12-17T20:19:33+00:00","dateModified":"2024-05-29T15:39:32+00:00","breadcrumb":{"@id":"https:\/\/teatinos.org\/pt-br\/sao-caetano\/#breadcrumb"},"inLanguage":"pt-BR","potentialAction":[{"@type":"ReadAction","target":["https:\/\/teatinos.org\/pt-br\/sao-caetano\/"]}]},{"@type":"BreadcrumbList","@id":"https:\/\/teatinos.org\/pt-br\/sao-caetano\/#breadcrumb","itemListElement":[{"@type":"ListItem","position":1,"name":"Portada","item":"https:\/\/teatinos.org\/pt-br\/"},{"@type":"ListItem","position":2,"name":"S\u00e3o Caetano"}]},{"@type":"WebSite","@id":"https:\/\/teatinos.org\/pt-br\/#website","url":"https:\/\/teatinos.org\/pt-br\/","name":"Teatinos","description":"Orden de Cl\u00e9rigos Regulares","potentialAction":[{"@type":"SearchAction","target":{"@type":"EntryPoint","urlTemplate":"https:\/\/teatinos.org\/pt-br\/?s={search_term_string}"},"query-input":{"@type":"PropertyValueSpecification","valueRequired":true,"valueName":"search_term_string"}}],"inLanguage":"pt-BR"}]}},"rttpg_featured_image_url":null,"rttpg_author":{"display_name":"admin","author_link":"https:\/\/teatinos.org\/pt-br\/author\/admin\/"},"rttpg_comment":0,"rttpg_category":" <a href=\"https:\/\/teatinos.org\/pt-br\/?taxonomy=translation_priority&#038;term=opcional-pt-br\" rel=\"tag\">Opcional<\/a>","rttpg_excerpt":"[vc_row][vc_column][\/vc_column][\/vc_row][vc_row css=&#8221;.vc_custom_1459790702196{padding-top: 100px !important;padding-bottom: 100px !important;}&#8221;][vc_column][\/vc_column][\/vc_row]","_links":{"self":[{"href":"https:\/\/teatinos.org\/pt-br\/wp-json\/wp\/v2\/pages\/3617","targetHints":{"allow":["GET"]}}],"collection":[{"href":"https:\/\/teatinos.org\/pt-br\/wp-json\/wp\/v2\/pages"}],"about":[{"href":"https:\/\/teatinos.org\/pt-br\/wp-json\/wp\/v2\/types\/page"}],"author":[{"embeddable":true,"href":"https:\/\/teatinos.org\/pt-br\/wp-json\/wp\/v2\/users\/1"}],"replies":[{"embeddable":true,"href":"https:\/\/teatinos.org\/pt-br\/wp-json\/wp\/v2\/comments?post=3617"}],"version-history":[{"count":7,"href":"https:\/\/teatinos.org\/pt-br\/wp-json\/wp\/v2\/pages\/3617\/revisions"}],"predecessor-version":[{"id":15917,"href":"https:\/\/teatinos.org\/pt-br\/wp-json\/wp\/v2\/pages\/3617\/revisions\/15917"}],"wp:attachment":[{"href":"https:\/\/teatinos.org\/pt-br\/wp-json\/wp\/v2\/media?parent=3617"}],"curies":[{"name":"wp","href":"https:\/\/api.w.org\/{rel}","templated":true}]}}