{"id":3612,"date":"2019-12-17T20:16:10","date_gmt":"2019-12-17T20:16:10","guid":{"rendered":"http:\/\/teatinos.org\/?page_id=3612"},"modified":"2025-07-17T15:14:47","modified_gmt":"2025-07-17T15:14:47","slug":"historia-basilica","status":"publish","type":"page","link":"https:\/\/teatinos.org\/pt-br\/historia-basilica\/","title":{"rendered":"Hist\u00f3ria"},"content":{"rendered":"<p>[vc_row css=&#8221;.vc_custom_1459790702196{padding-top: 100px !important;padding-bottom: 50px !important;}&#8221;][vc_column]<div class=\"container \">[vc_row_inner][vc_column_inner width=&#8221;1\/2&#8243;][vc_column_text]<span style=\"color: #000000;\">Elevada no dia 12 de mar\u00e7o de 1960 \u00e0 dignidade de t\u00edtulo cardenal\u00edcio presbiteral e distinguida desde 1966 com o t\u00edtulo de bas\u00edlica menor, Santo Andr\u00e9, Ap\u00f3stolo \u201cdella Valle\u201d \u00e9 a igreja da atual Casa Geral dos Cl\u00e9rigos Regulares (Teatinos), fundados em Roma no dia 14 de setembro de 1524, por S\u00e3o Caetano Thiene e pelo vener\u00e1vel Jo\u00e3o Pedro Carafa, bispo de Chieti, posterior Papa Paulo IV.<br \/>\nAdemais de sua grandiosidade e beleza, que a distinguem de outras igrejas de Roma, a bas\u00edlica teatina abriga desde 1623 os restos mortais de dois Papas: Pio II e Pio III, as rel\u00edquias de dois santos m\u00e1rtires: Ant\u00f4nio e Fortunato, e os restos mortais do cardeal teatino S\u00e3o Jos\u00e9 Maria Tomasi. Tamb\u00e9m nesta bas\u00edlica se venera a mem\u00f3ria de muit\u00edssimos outros santos canonizados que a\u00ed desenvolveram seu sagrado minist\u00e9rio.<br \/>\nFichas atualizadas, em cada um dos ambientes da igreja, permitem descobrir a preciosa heran\u00e7a daqueles que, buscando ante tudo o Reinado de Deus e sua Justi\u00e7a, se propuseram, ao erigi-la, adorar a Deus em esp\u00edrito e verdade.<br \/>\nOs Cl\u00e9rigos Regulares (Teatinos) se alegram por poder oferecer esta s\u00edntese informativa para uma visita mais proveitosa de sua bas\u00edlica.<br \/>\n<\/span><\/p>\n<p><span style=\"color: #000000;\"><strong>FESTAS E CELEBRA\u00c7\u00d5ES SAGRADAS<\/strong><br \/>\nCom particular solenidade, s\u00e3o celebradas as seguintes festividades:<br \/>\n\u2022 3 de janeiro: S\u00e3o Jos\u00e9 Maria Tomasi.<br \/>\n\u2022 8 de maio: Nossa Senhora da Pureza, padroeira da Ordem Teatina.<br \/>\n\u2022 7 de agosto: S\u00e3o Caetano.<br \/>\n\u2022 10 de novembro: Santo Andr\u00e9 Avelino, cotitular.<br \/>\n\u2022 30 de novembro: Santo Andr\u00e9, Ap\u00f3stolo, titular.<\/span><\/p>\n<p><span style=\"color: #000000;\"><strong>San Andr\u00e9s Ap\u00f3stol \u201cdella Valle\u201d<\/strong><br \/>\nCorso Vittorio Emanuele II, 00186 Roma<br \/>\n<a href=\"tel:06 6861339\">Tel. 06 6861339<\/a><br \/>\n<a href=\"mailto:santandrea@teatinos.org\">santandrea@teatinos.org<\/a><\/span>[\/vc_column_text][\/vc_column_inner][vc_column_inner width=&#8221;1\/2&#8243;][vc_single_image image=&#8221;2069&#8243; img_size=&#8221;large&#8221;][\/vc_column_inner][\/vc_row_inner]<\/div>[\/vc_column][\/vc_row]<\/p>\n<p>[vc_row css=&#8221;.vc_custom_1752763112887{padding-bottom: 100px !important;}&#8221;][vc_column]<div class=\"container \">[vc_row_inner][vc_column_inner][vc_column_text]<article id=\"arbitrary-instance-69e6d72f0b341\" class=\"iron_widget_radio playlist_enabled\"><div class=\"iron-audioplayer  show-playlist playlist_has_no_ctas\" id=\"arbitrary-instance-69e6d72f0b341-ed1d403149\" data-id=\"arbitrary-instance-69e6d72f0b341\" data-track-sw-cursor=\"\" data-lazyload=\"\" data-albums=\"19710\" data-category=\"\" data-url-playlist=\"https:\/\/teatinos.org\/pt-br\/?load=playlist.json&#038;title=&#038;albums=19710&#038;category=&#038;posts_not_in=&#038;category_not_in=&#038;author=&#038;feed_title=&#038;feed=&#038;feed_img=&#038;el_widget_id=&#038;artwork=&#038;posts_per_pages=-1&#038;all_category=&#038;single_playlist=&#038;reverse_tracklist=&#038;audio_meta_field=&#038;repeater_meta_field=&#038;import_file=&#038;rss_items=-1&#038;rss_item_title=&#038;is_favorite=&#038;is_recentlyplayed=&#038;srp_order=date_DESC\" data-sticky-player=\"0\" data-shuffle=\"false\" data-playlist_title=\"\" data-scrollbar=\"\" data-wave-color=\"\" data-wave-progress-color=\"\" data-spectro=\"\" data-no-wave=\"0\" data-hide-progressbar=\"\" data-progress-bar-style=\"\"data-feedurl=\"0\" data-notrackskip=\"\" data-no-loop-tracklist=\"\" data-playertemplate =\"skin_boxed_tracklist\" data-hide-artwork =\"\" data-speedrate=\"1\"  data-tracks-per-page=\"\" data-pagination_scroll_offset=\"\" data-adaptive-colors=\"\" data-adaptive-colors-freeze=\"\" style=\"opacity:0;\"><div class=\"srp_player_boxed srp_player_grid\"><div class=\"sonaar-Artwort-box \">\n                <div class=\"control\">\n                    \n                <\/div>\n                <div class=\"album\">\n                    <div class=\"album-art\">\n                        <img alt=\"album-art\">\n                    <\/div>\n                <\/div>\n                <\/div><div class=\"album-player sr_waveform_mediaElement\" data-wave-bar-width=\"1\" data-wave-bar-gap=\"1\"><div class=\"srp_miniplayer_metas\"><div class=\" srp_meta srp_meta_0 album-title\" data-prefix=\"\" aria-label=\"Title\"><\/div><\/div><div class=\"srp_subtitle\">Contada en descriptivos audios<\/div><div class=\"srp_player_meta\"><\/div><div class=\"srp_control_box\">\n            <div class=\"srp-play-button play\" href=\"#\" aria-label=\"Play\">\n                <i class=\"sricon-play\"><\/i>\n                <div class=\"srp-play-circle\"><\/div>\n            <\/div><div class=\"srp_wave_box\"> <div class=\"player \" ><div class=\"sr_progressbar\">\n                \n            <div class=\"currentTime\">00:00<\/div>\n         \n                <div id=\"arbitrary-instance-69e6d72f0b341-f4a633a5d3-wave\" class=\"wave\" >\n                 \n        <div class=\"sonaar_fake_wave\" style=\"height:70px\"> \n            <audio src=\"\" class=\"sonaar_media_element\"><\/audio> \n            <div class=\"sonaar_wave_base\"> \n                <canvas id=\"sonaar_wave_base_canvas\" class=\"\" height=\"70\" width=\"2540\"><\/canvas> \n                <svg><\/svg> \n            <\/div> \n            <div class=\"sonaar_wave_cut\"> \n                <canvas id=\"sonaar_wave_cut_canvas\" class=\"\" height=\"70\" width=\"2540\"><\/canvas> \n                <svg><\/svg> \n            <\/div> \n        <\/div> \n                <\/div>\n                \n            <div class=\"totalTime\"><\/div>\n         \n             <\/div><\/div><div class=\"control\"><div class=\"previous sricon-back\" style=\"opacity:0;\" aria-label=\"Previous Track\" title=\"Previous\"><\/div><div class=\"play\" style=\"opacity:0;\" aria-label=\"Play\" title=\"Play\/Pause\">\n                <i class=\"sricon-play\"><\/i>\n            <\/div><div class=\"next sricon-forward\" style=\"opacity:0;\" aria-label=\"Next Track\" title=\"Next \"><\/div><\/div><\/div><\/div><\/div><\/div><div class=\"playlist sr_waveform_mediaElement\"  id=\"playlist_arbitrary-instance-69e6d72f0b341\"><div class=\"srp_tracklist\"><ul class=\"srp_list\"><li \n            class=\"sr-playlist-item\" \n            data-audiopath=\"https:\/\/teatinos.org\/wp-content\/uploads\/2025\/07\/1.-BASILICA-ITA.mp3\"\n            data-showloading=\"1\"\n            data-albumTitle=\"Historia de la bas\u00edlica\"\n            data-albumArt=\"\"\n            data-releasedate=\"Contada en descriptivos audios\"\n            data-date=\"2025\/07\/17\"\n            data-date-formated=\"julho 17, 2025\"\n            data-show-date=\"\"\n            data-trackTitle=\"1. BASILICA \u2013 Italiano\"\n            data-artist=\"\"\n            data-trackID=\"19703\"\n            data-trackTime=\"13:06\"\n            data-relatedTrack=\"\"\n            data-post-url=\"\"\n            data-post-id=\"19710\"\n            data-track-pos=\"0\"\n            data-peakFile=\"https:\/\/teatinos.org\/wp-content\/uploads\/audio_peaks\/19703.peak\"\n            data-peakFile-allow=\"1\"\n            data-is-preview=\"\"\n            data-track-lyric=\"\" data-icecast_json=\"\" data-icecast_mount=\"\"><div class=\"sr-playlist-item-flex\"><span class=\"store-list\"><\/span><\/div><div class=\"srp_track_description\"><\/div><\/li><li \n            class=\"sr-playlist-item\" \n            data-audiopath=\"https:\/\/teatinos.org\/wp-content\/uploads\/2025\/07\/2.-BASILICA-ENG.mp3\"\n            data-showloading=\"1\"\n            data-albumTitle=\"Historia de la bas\u00edlica\"\n            data-albumArt=\"\"\n            data-releasedate=\"Contada en descriptivos audios\"\n            data-date=\"2025\/07\/17\"\n            data-date-formated=\"julho 17, 2025\"\n            data-show-date=\"\"\n            data-trackTitle=\"2. BASILICA \u2013 Ingl\u00e9s\"\n            data-artist=\"J.S.BACH VIOLIN CONCERTO IN E MAJOR BWV 1042\"\n            data-trackID=\"19711\"\n            data-trackTime=\"13:44\"\n            data-relatedTrack=\"\"\n            data-post-url=\"\"\n            data-post-id=\"19710\"\n            data-track-pos=\"1\"\n            data-peakFile=\"https:\/\/teatinos.org\/wp-content\/uploads\/audio_peaks\/19711.peak\"\n            data-peakFile-allow=\"1\"\n            data-is-preview=\"\"\n            data-track-lyric=\"\" data-icecast_json=\"\" data-icecast_mount=\"\"><div class=\"sr-playlist-item-flex\"><span class=\"store-list\"><\/span><\/div><div class=\"srp_track_description\"><\/div><\/li><li \n            class=\"sr-playlist-item\" \n            data-audiopath=\"https:\/\/teatinos.org\/wp-content\/uploads\/2025\/07\/3.-BASILICA-ESP.mp3\"\n            data-showloading=\"1\"\n            data-albumTitle=\"Historia de la bas\u00edlica\"\n            data-albumArt=\"\"\n            data-releasedate=\"Contada en descriptivos audios\"\n            data-date=\"2025\/07\/17\"\n            data-date-formated=\"julho 17, 2025\"\n            data-show-date=\"\"\n            data-trackTitle=\"3. BAS\u00cdLICA \u2013 Espa\u00f1ol\"\n            data-artist=\"\"\n            data-trackID=\"19718\"\n            data-trackTime=\"12:17\"\n            data-relatedTrack=\"\"\n            data-post-url=\"\"\n            data-post-id=\"19710\"\n            data-track-pos=\"2\"\n            data-peakFile=\"https:\/\/teatinos.org\/wp-content\/uploads\/audio_peaks\/19718.peak\"\n            data-peakFile-allow=\"1\"\n            data-is-preview=\"\"\n            data-track-lyric=\"\" data-icecast_json=\"\" data-icecast_mount=\"\"><div class=\"sr-playlist-item-flex\"><span class=\"store-list\"><\/span><\/div><div class=\"srp_track_description\"><\/div><\/li><li \n            class=\"sr-playlist-item\" \n            data-audiopath=\"https:\/\/teatinos.org\/wp-content\/uploads\/2025\/07\/4.-BASILICA-FRE.mp3\"\n            data-showloading=\"1\"\n            data-albumTitle=\"Historia de la bas\u00edlica\"\n            data-albumArt=\"\"\n            data-releasedate=\"Contada en descriptivos audios\"\n            data-date=\"2025\/07\/17\"\n            data-date-formated=\"julho 17, 2025\"\n            data-show-date=\"\"\n            data-trackTitle=\"4. BASILIQUE \u2013 Franc\u00e9s\"\n            data-artist=\"J.S.BACH VIOLIN CONCERTO IN E MAJOR BWV 1042\"\n            data-trackID=\"19723\"\n            data-trackTime=\"14:49\"\n            data-relatedTrack=\"\"\n            data-post-url=\"\"\n            data-post-id=\"19710\"\n            data-track-pos=\"3\"\n            data-peakFile=\"https:\/\/teatinos.org\/wp-content\/uploads\/audio_peaks\/19723.peak\"\n            data-peakFile-allow=\"1\"\n            data-is-preview=\"\"\n            data-track-lyric=\"\" data-icecast_json=\"\" data-icecast_mount=\"\"><div class=\"sr-playlist-item-flex\"><span class=\"store-list\"><\/span><\/div><div class=\"srp_track_description\"><\/div><\/li><li \n            class=\"sr-playlist-item\" \n            data-audiopath=\"https:\/\/teatinos.org\/wp-content\/uploads\/2025\/07\/5.-BASILICA-GER.mp3\"\n            data-showloading=\"1\"\n            data-albumTitle=\"Historia de la bas\u00edlica\"\n            data-albumArt=\"\"\n            data-releasedate=\"Contada en descriptivos audios\"\n            data-date=\"2025\/07\/17\"\n            data-date-formated=\"julho 17, 2025\"\n            data-show-date=\"\"\n            data-trackTitle=\"5. BASILIKA \u2013 Alem\u00e1n\"\n            data-artist=\"J.S.BACH VIOLIN CONCERTO IN E MAJOR BWV 1042\"\n            data-trackID=\"19728\"\n            data-trackTime=\"13:44\"\n            data-relatedTrack=\"\"\n            data-post-url=\"\"\n            data-post-id=\"19710\"\n            data-track-pos=\"4\"\n            data-peakFile=\"https:\/\/teatinos.org\/wp-content\/uploads\/audio_peaks\/19728.peak\"\n            data-peakFile-allow=\"1\"\n            data-is-preview=\"\"\n            data-track-lyric=\"\" data-icecast_json=\"\" data-icecast_mount=\"\"><div class=\"sr-playlist-item-flex\"><span class=\"store-list\"><\/span><\/div><div class=\"srp_track_description\"><\/div><\/li><li \n            class=\"sr-playlist-item\" \n            data-audiopath=\"https:\/\/teatinos.org\/wp-content\/uploads\/2025\/07\/6.-BASILICA-POL.mp3\"\n            data-showloading=\"1\"\n            data-albumTitle=\"Historia de la bas\u00edlica\"\n            data-albumArt=\"\"\n            data-releasedate=\"Contada en descriptivos audios\"\n            data-date=\"2025\/07\/17\"\n            data-date-formated=\"julho 17, 2025\"\n            data-show-date=\"\"\n            data-trackTitle=\"6. BAZYLIKA \u2013 Polaco\"\n            data-artist=\"\"\n            data-trackID=\"19733\"\n            data-trackTime=\"16:58\"\n            data-relatedTrack=\"\"\n            data-post-url=\"\"\n            data-post-id=\"19710\"\n            data-track-pos=\"5\"\n            data-peakFile=\"https:\/\/teatinos.org\/wp-content\/uploads\/audio_peaks\/19733.peak\"\n            data-peakFile-allow=\"1\"\n            data-is-preview=\"\"\n            data-track-lyric=\"\" data-icecast_json=\"\" data-icecast_mount=\"\"><div class=\"sr-playlist-item-flex\"><span class=\"store-list\"><\/span><\/div><div class=\"srp_track_description\"><\/div><\/li><li \n            class=\"sr-playlist-item\" \n            data-audiopath=\"https:\/\/teatinos.org\/wp-content\/uploads\/2025\/07\/7.-BASILICA-POR.mp3\"\n            data-showloading=\"1\"\n            data-albumTitle=\"Historia de la bas\u00edlica\"\n            data-albumArt=\"\"\n            data-releasedate=\"Contada en descriptivos audios\"\n            data-date=\"2025\/07\/17\"\n            data-date-formated=\"julho 17, 2025\"\n            data-show-date=\"\"\n            data-trackTitle=\"7. BAS\u00cdLICA \u2013 Portugu\u00e9s\"\n            data-artist=\"\"\n            data-trackID=\"19738\"\n            data-trackTime=\"16:25\"\n            data-relatedTrack=\"\"\n            data-post-url=\"\"\n            data-post-id=\"19710\"\n            data-track-pos=\"6\"\n            data-peakFile=\"https:\/\/teatinos.org\/wp-content\/uploads\/audio_peaks\/19738.peak\"\n            data-peakFile-allow=\"1\"\n            data-is-preview=\"\"\n            data-track-lyric=\"\" data-icecast_json=\"\" data-icecast_mount=\"\"><div class=\"sr-playlist-item-flex\"><span class=\"store-list\"><\/span><\/div><div class=\"srp_track_description\"><\/div><\/li><li \n            class=\"sr-playlist-item\" \n            data-audiopath=\"https:\/\/teatinos.org\/wp-content\/uploads\/2025\/07\/8.-BASILICA-RUS.mp3\"\n            data-showloading=\"1\"\n            data-albumTitle=\"Historia de la bas\u00edlica\"\n            data-albumArt=\"\"\n            data-releasedate=\"Contada en descriptivos audios\"\n            data-date=\"2025\/07\/17\"\n            data-date-formated=\"julho 17, 2025\"\n            data-show-date=\"\"\n            data-trackTitle=\"8. BASILICA \u2013 Ruso\"\n            data-artist=\"J.S.BACH VIOLIN CONCERTO IN E MAJOR BWV 1042\"\n            data-trackID=\"19743\"\n            data-trackTime=\"15:24\"\n            data-relatedTrack=\"\"\n            data-post-url=\"\"\n            data-post-id=\"19710\"\n            data-track-pos=\"7\"\n            data-peakFile=\"https:\/\/teatinos.org\/wp-content\/uploads\/audio_peaks\/19743.peak\"\n            data-peakFile-allow=\"1\"\n            data-is-preview=\"\"\n            data-track-lyric=\"\" data-icecast_json=\"\" data-icecast_mount=\"\"><div class=\"sr-playlist-item-flex\"><span class=\"store-list\"><\/span><\/div><div class=\"srp_track_description\"><\/div><\/li><\/ul><\/div><\/div><div class=\"album-store\"><\/div><\/div><script id=\"srp_js_params_69e6d72f0b341\">\n        var srp_player_params_69e6d72f0b341 = {\"title\":\"\",\"store_title_text\":\"\",\"albums\":\"latest\",\"hide_artwork\":false,\"sticky_player\":0,\"show_album_market\":0,\"show_track_market\":\"true\",\"hide_timeline\":0,\"progress_bar_style\":\"default\",\"wave_bar_width\":\"1\",\"wave_bar_gap\":\"1\",\"player_layout\":\"skin_boxed_tracklist\",\"tracklist_layout\":\"list\",\"show_playlist\":\"true\",\"orderby\":\"date\",\"order\":\"DESC\",\"use_play_label_with_icon\":\"false\",\"main_settings\":\"||\"} \n        var srp_player_params_args_69e6d72f0b341 = {\"before_widget\":\"<article id=\\\"arbitrary-instance-69e6d72f0b341\\\" class=\\\"iron_widget_radio playlist_enabled\\\">\",\"after_widget\":\"<\\\/article>\",\"before_title\":\"<span class='heading-t3'><\\\/span><h3 class=\\\"widgettitle\\\">\",\"after_title\":\"<\\\/h3>\",\"widget_id\":\"arbitrary-instance-69e6d72f0b341\"}  \n        <\/script><script>if(typeof setIronAudioplayers !== \"undefined\"){ setIronAudioplayers(\"arbitrary-instance-69e6d72f0b341\"); }<\/script><\/article>[\/vc_column_text][\/vc_column_inner][\/vc_row_inner][vc_empty_space height=&#8221;80px&#8221;]<\/div>[\/vc_column][\/vc_row]<\/p>\n","protected":false},"excerpt":{"rendered":"<p>[vc_row css=&#8221;.vc_custom_1459790702196{padding-top: 100px !important;padding-bottom: 50px !important;}&#8221;][vc_column][\/vc_column][\/vc_row] [vc_row css=&#8221;.vc_custom_1752763112887{padding-bottom: 100px !important;}&#8221;][vc_column][\/vc_column][\/vc_row]<\/p>\n","protected":false},"author":1,"featured_media":0,"parent":0,"menu_order":0,"comment_status":"closed","ping_status":"closed","template":"","meta":{"_acf_changed":false,"footnotes":"","_links_to":"","_links_to_target":""},"class_list":["post-3612","page","type-page","status-publish","hentry"],"acf":[],"yoast_head":"<!-- This site is optimized with the Yoast SEO plugin v23.5 - https:\/\/yoast.com\/wordpress\/plugins\/seo\/ -->\n<title>Hist\u00f3ria - Teatinos<\/title>\n<meta name=\"robots\" content=\"index, follow, max-snippet:-1, max-image-preview:large, max-video-preview:-1\" \/>\n<link rel=\"canonical\" href=\"https:\/\/teatinos.org\/pt-br\/historia-basilica\/\" \/>\n<meta property=\"og:locale\" content=\"pt_BR\" \/>\n<meta property=\"og:type\" content=\"article\" \/>\n<meta property=\"og:title\" content=\"Hist\u00f3ria - Teatinos\" \/>\n<meta property=\"og:description\" content=\"[vc_row css=&#8221;.vc_custom_1459790702196{padding-top: 100px !important;padding-bottom: 50px !important;}&#8221;][vc_column][\/vc_column][\/vc_row] [vc_row css=&#8221;.vc_custom_1752763112887{padding-bottom: 100px !important;}&#8221;][vc_column][\/vc_column][\/vc_row]\" \/>\n<meta property=\"og:url\" content=\"https:\/\/teatinos.org\/pt-br\/historia-basilica\/\" \/>\n<meta property=\"og:site_name\" content=\"Teatinos\" \/>\n<meta property=\"article:modified_time\" content=\"2025-07-17T15:14:47+00:00\" \/>\n<meta name=\"twitter:card\" content=\"summary_large_image\" \/>\n<meta name=\"twitter:label1\" content=\"Est. tempo de leitura\" \/>\n\t<meta name=\"twitter:data1\" content=\"2 minutos\" \/>\n<script type=\"application\/ld+json\" class=\"yoast-schema-graph\">{\"@context\":\"https:\/\/schema.org\",\"@graph\":[{\"@type\":\"WebPage\",\"@id\":\"https:\/\/teatinos.org\/pt-br\/historia-basilica\/\",\"url\":\"https:\/\/teatinos.org\/pt-br\/historia-basilica\/\",\"name\":\"Hist\u00f3ria - Teatinos\",\"isPartOf\":{\"@id\":\"https:\/\/teatinos.org\/pt-br\/#website\"},\"datePublished\":\"2019-12-17T20:16:10+00:00\",\"dateModified\":\"2025-07-17T15:14:47+00:00\",\"breadcrumb\":{\"@id\":\"https:\/\/teatinos.org\/pt-br\/historia-basilica\/#breadcrumb\"},\"inLanguage\":\"pt-BR\",\"potentialAction\":[{\"@type\":\"ReadAction\",\"target\":[\"https:\/\/teatinos.org\/pt-br\/historia-basilica\/\"]}]},{\"@type\":\"BreadcrumbList\",\"@id\":\"https:\/\/teatinos.org\/pt-br\/historia-basilica\/#breadcrumb\",\"itemListElement\":[{\"@type\":\"ListItem\",\"position\":1,\"name\":\"Portada\",\"item\":\"https:\/\/teatinos.org\/pt-br\/\"},{\"@type\":\"ListItem\",\"position\":2,\"name\":\"Hist\u00f3ria\"}]},{\"@type\":\"WebSite\",\"@id\":\"https:\/\/teatinos.org\/pt-br\/#website\",\"url\":\"https:\/\/teatinos.org\/pt-br\/\",\"name\":\"Teatinos\",\"description\":\"Orden de Cl\u00e9rigos Regulares\",\"potentialAction\":[{\"@type\":\"SearchAction\",\"target\":{\"@type\":\"EntryPoint\",\"urlTemplate\":\"https:\/\/teatinos.org\/pt-br\/?s={search_term_string}\"},\"query-input\":{\"@type\":\"PropertyValueSpecification\",\"valueRequired\":true,\"valueName\":\"search_term_string\"}}],\"inLanguage\":\"pt-BR\"}]}<\/script>\n<!-- \/ Yoast SEO plugin. -->","yoast_head_json":{"title":"Hist\u00f3ria - Teatinos","robots":{"index":"index","follow":"follow","max-snippet":"max-snippet:-1","max-image-preview":"max-image-preview:large","max-video-preview":"max-video-preview:-1"},"canonical":"https:\/\/teatinos.org\/pt-br\/historia-basilica\/","og_locale":"pt_BR","og_type":"article","og_title":"Hist\u00f3ria - Teatinos","og_description":"[vc_row css=&#8221;.vc_custom_1459790702196{padding-top: 100px !important;padding-bottom: 50px !important;}&#8221;][vc_column][\/vc_column][\/vc_row] [vc_row css=&#8221;.vc_custom_1752763112887{padding-bottom: 100px !important;}&#8221;][vc_column][\/vc_column][\/vc_row]","og_url":"https:\/\/teatinos.org\/pt-br\/historia-basilica\/","og_site_name":"Teatinos","article_modified_time":"2025-07-17T15:14:47+00:00","twitter_card":"summary_large_image","twitter_misc":{"Est. tempo de leitura":"2 minutos"},"schema":{"@context":"https:\/\/schema.org","@graph":[{"@type":"WebPage","@id":"https:\/\/teatinos.org\/pt-br\/historia-basilica\/","url":"https:\/\/teatinos.org\/pt-br\/historia-basilica\/","name":"Hist\u00f3ria - Teatinos","isPartOf":{"@id":"https:\/\/teatinos.org\/pt-br\/#website"},"datePublished":"2019-12-17T20:16:10+00:00","dateModified":"2025-07-17T15:14:47+00:00","breadcrumb":{"@id":"https:\/\/teatinos.org\/pt-br\/historia-basilica\/#breadcrumb"},"inLanguage":"pt-BR","potentialAction":[{"@type":"ReadAction","target":["https:\/\/teatinos.org\/pt-br\/historia-basilica\/"]}]},{"@type":"BreadcrumbList","@id":"https:\/\/teatinos.org\/pt-br\/historia-basilica\/#breadcrumb","itemListElement":[{"@type":"ListItem","position":1,"name":"Portada","item":"https:\/\/teatinos.org\/pt-br\/"},{"@type":"ListItem","position":2,"name":"Hist\u00f3ria"}]},{"@type":"WebSite","@id":"https:\/\/teatinos.org\/pt-br\/#website","url":"https:\/\/teatinos.org\/pt-br\/","name":"Teatinos","description":"Orden de Cl\u00e9rigos Regulares","potentialAction":[{"@type":"SearchAction","target":{"@type":"EntryPoint","urlTemplate":"https:\/\/teatinos.org\/pt-br\/?s={search_term_string}"},"query-input":{"@type":"PropertyValueSpecification","valueRequired":true,"valueName":"search_term_string"}}],"inLanguage":"pt-BR"}]}},"rttpg_featured_image_url":null,"rttpg_author":{"display_name":"admin","author_link":"https:\/\/teatinos.org\/pt-br\/author\/admin\/"},"rttpg_comment":0,"rttpg_category":" <a href=\"https:\/\/teatinos.org\/pt-br\/?taxonomy=translation_priority&#038;term=opcional-pt-br\" rel=\"tag\">Opcional<\/a>","rttpg_excerpt":"[vc_row css=&#8221;.vc_custom_1459790702196{padding-top: 100px !important;padding-bottom: 50px !important;}&#8221;][vc_column][\/vc_column][\/vc_row] [vc_row css=&#8221;.vc_custom_1752763112887{padding-bottom: 100px !important;}&#8221;][vc_column][\/vc_column][\/vc_row]","_links":{"self":[{"href":"https:\/\/teatinos.org\/pt-br\/wp-json\/wp\/v2\/pages\/3612","targetHints":{"allow":["GET"]}}],"collection":[{"href":"https:\/\/teatinos.org\/pt-br\/wp-json\/wp\/v2\/pages"}],"about":[{"href":"https:\/\/teatinos.org\/pt-br\/wp-json\/wp\/v2\/types\/page"}],"author":[{"embeddable":true,"href":"https:\/\/teatinos.org\/pt-br\/wp-json\/wp\/v2\/users\/1"}],"replies":[{"embeddable":true,"href":"https:\/\/teatinos.org\/pt-br\/wp-json\/wp\/v2\/comments?post=3612"}],"version-history":[{"count":8,"href":"https:\/\/teatinos.org\/pt-br\/wp-json\/wp\/v2\/pages\/3612\/revisions"}],"predecessor-version":[{"id":19752,"href":"https:\/\/teatinos.org\/pt-br\/wp-json\/wp\/v2\/pages\/3612\/revisions\/19752"}],"wp:attachment":[{"href":"https:\/\/teatinos.org\/pt-br\/wp-json\/wp\/v2\/media?parent=3612"}],"curies":[{"name":"wp","href":"https:\/\/api.w.org\/{rel}","templated":true}]}}