{"id":3605,"date":"2019-12-17T20:04:09","date_gmt":"2019-12-17T20:04:09","guid":{"rendered":"http:\/\/teatinos.org\/?page_id=3605"},"modified":"2020-02-04T13:14:08","modified_gmt":"2020-02-04T13:14:08","slug":"basilica-localizacao-e-horarios","status":"publish","type":"page","link":"https:\/\/teatinos.org\/pt-br\/basilica-localizacao-e-horarios\/","title":{"rendered":"Localiza\u00e7\u00e3o e hor\u00e1rios"},"content":{"rendered":"<p>[vc_row full_width=&#8221;stretch_row_content&#8221; css=&#8221;.vc_custom_1534287836680{padding-top: 100px !important;padding-bottom: 100px !important;}&#8221;][vc_column]<div class=\"container \">[vc_row_inner][vc_column_inner width=&#8221;1\/2&#8243;][vc_column_text]<\/p>\n<h1>Localiza\u00e7\u00e3o<\/h1>\n<p>[\/vc_column_text][vc_column_text]<\/p>\n<div class=\"description-basilica\">A Bas\u00edlica de Sant\u2019 Andrea della Valle se localiza na cidade de Roma (It\u00e1lia) sobre o Corso Vittorio Emanuele, em frente \u00e0 Plaza hom\u00f4nima, e tendo como refer\u00eancias laterais a Piazza Vidoni e Via dei Chiavari, a uns 100 metros do Largo Argentina.<\/div>\n<p>[\/vc_column_text][vc_column_text]<\/p>\n<h3>Hor\u00e1rios<\/h3>\n<p>[\/vc_column_text][vc_column_text]<\/p>\n<div class=\"info-date-basilica\">A celebra\u00e7\u00e3o da Santa Misa nesta Bas\u00edlica romana ocorre todos los d\u00edas:<\/div>\n<div class=\"content-location-basilica\">\n<div class=\"name-date-basilica\">Segunda a s\u00e1bado<\/div>\n<div class=\"name-time-basilica\">\u00c0s 09h00, e, \u00e0s 19h00.<\/div>\n<div class=\"name-date-basilica\">Domingos e dias santos<\/div>\n<div class=\"name-time-basilica\">\u00c0s 09h00, 11h00 e 19h00.<\/div>\n<\/div>\n<div class=\"info-date-basilica\">Exceto o quarto domingo de cada m\u00eas, onde a comunidade filipina se re\u00fane<br \/>\nna nossa Bas\u00edlica para compartilhar a Eucaristia em ingl\u00eas e\/ou tagalo.<\/div>\n<div class=\"content-location-basilica\">\n<div class=\"name-date-basilica\">Quarto domingo de cada m\u00eas<\/div>\n<div class=\"name-time-basilica\">\u00c0s 12h00.<\/div>\n<\/div>\n<div class=\"info-date-basilica\">Por outra parte, se atendem as confiss\u00f5es dos fi\u00e9is, no marco do Sacramento da Reconcilia\u00e7\u00e3o:<\/div>\n<div class=\"content-location-basilica\">\n<div class=\"name-date-basilica\">Confiss\u00f5es<\/div>\n<div class=\"name-time-basilica\">Todos os dias, das 17h30 \u00e0s 19h00.<br \/>\nQuando se realizam concertos de m\u00fasica sacra, cada um deles se apresenta num hor\u00e1rio especial, com aviso pr\u00e9vio.<\/div>\n<\/div>\n<p>[\/vc_column_text][\/vc_column_inner][vc_column_inner width=&#8221;1\/2&#8243;][vc_empty_space][vc_column_text el_class=&#8221;`{` { &#8220;featureType&#8220;: &#8220;all&#8220;, &#8220;elementType&#8220;: &#8220;labels.text.fill&#8220;, &#8220;stylers&#8220;: `{` { &#8220;saturation&#8220;: 36 }, { &#8220;color&#8220;: &#8220;#000000&#8220; }, { &#8220;lightness&#8220;: 40 } `}` }, { &#8220;featureType&#8220;: &#8220;all&#8220;, &#8220;elementType&#8220;: &#8220;labels.text.stroke&#8220;, &#8220;stylers&#8220;: `{` { &#8220;visibility&#8220;: &#8220;on&#8220; }, { &#8220;color&#8220;: &#8220;#000000&#8220; }, { &#8220;lightness&#8220;: 16 } `}` }, { &#8220;featureType&#8220;: &#8220;all&#8220;, &#8220;elementType&#8220;: &#8220;labels.icon&#8220;, &#8220;stylers&#8220;: `{` { &#8220;visibility&#8220;: &#8220;off&#8220; } `}` }, { &#8220;featureType&#8220;: &#8220;administrative&#8220;, &#8220;elementType&#8220;: &#8220;geometry.fill&#8220;, &#8220;stylers&#8220;: `{` { &#8220;color&#8220;: &#8220;#000000&#8220; }, { &#8220;lightness&#8220;: 20 } `}` }, { &#8220;featureType&#8220;: &#8220;administrative&#8220;, &#8220;elementType&#8220;: &#8220;geometry.stroke&#8220;, &#8220;stylers&#8220;: `{` { &#8220;color&#8220;: &#8220;#000000&#8220; }, { &#8220;lightness&#8220;: 17 }, { &#8220;weight&#8220;: 1.2 } `}` }, { &#8220;featureType&#8220;: &#8220;landscape&#8220;, &#8220;elementType&#8220;: &#8220;geometry&#8220;, &#8220;stylers&#8220;: `{` { &#8220;color&#8220;: &#8220;#000000&#8220; }, { &#8220;lightness&#8220;: 20 } `}` }, { &#8220;featureType&#8220;: &#8220;poi&#8220;, &#8220;elementType&#8220;: &#8220;geometry&#8220;, &#8220;stylers&#8220;: `{` { &#8220;color&#8220;: &#8220;#000000&#8220; }, { &#8220;lightness&#8220;: 21 } `}` }, { &#8220;featureType&#8220;: &#8220;road.highway&#8220;, &#8220;elementType&#8220;: &#8220;geometry.fill&#8220;, &#8220;stylers&#8220;: `{` { &#8220;color&#8220;: &#8220;#000000&#8220; }, { &#8220;lightness&#8220;: 17 } `}` }, { &#8220;featureType&#8220;: &#8220;road.highway&#8220;, &#8220;elementType&#8220;: &#8220;geometry.stroke&#8220;, &#8220;stylers&#8220;: `{` { &#8220;color&#8220;: &#8220;#000000&#8220; }, { &#8220;lightness&#8220;: 29 }, { &#8220;weight&#8220;: 0.2 } `}` }, { &#8220;featureType&#8220;: &#8220;road.arterial&#8220;, &#8220;elementType&#8220;: &#8220;geometry&#8220;, &#8220;stylers&#8220;: `{` { &#8220;color&#8220;: &#8220;#000000&#8220; }, { &#8220;lightness&#8220;: 18 } `}` }, { &#8220;featureType&#8220;: &#8220;road.local&#8220;, &#8220;elementType&#8220;: &#8220;geometry&#8220;, &#8220;stylers&#8220;: `{` { &#8220;color&#8220;: &#8220;#000000&#8220; }, { &#8220;lightness&#8220;: 16 } `}` }, { &#8220;featureType&#8220;: &#8220;transit&#8220;, &#8220;elementType&#8220;: &#8220;geometry&#8220;, &#8220;stylers&#8220;: `{` { &#8220;color&#8220;: &#8220;#000000&#8220; }, { &#8220;lightness&#8220;: 19 } `}` }, { &#8220;featureType&#8220;: &#8220;water&#8220;, &#8220;elementType&#8220;: &#8220;geometry&#8220;, &#8220;stylers&#8220;: `{` { &#8220;color&#8220;: &#8220;#000000&#8220; }, { &#8220;lightness&#8220;: 17 } `}` } `}`&#8221;]<iframe loading=\"lazy\" style=\"border: 1;\" src=\"https:\/\/www.google.com\/maps\/embed?pb=!1m18!1m12!1m3!1d2969.8570927329197!2d12.472128415441667!3d41.8959303792208!2m3!1f0!2f0!3f0!3m2!1i1024!2i768!4f13.1!3m3!1m2!1s0x132f604f11d4254d%3A0xf47bacbc1c31e400!2sSant'Andrea+della+Valle%2C+Piazza+Vidoni%2C+6%2C+00186+Roma+RM%2C+Italia!5e0!3m2!1ses!2sar!4v1533071186073\" width=\"800\" height=\"845\" frameborder=\"0\" allowfullscreen=\"allowfullscreen\"><\/iframe>[\/vc_column_text][\/vc_column_inner][\/vc_row_inner]<\/div>[\/vc_column][\/vc_row][vc_row][vc_column][vc_column_text]<\/p>\n<p>[\/vc_column_text][\/vc_column][\/vc_row][vc_row][vc_column][vc_column_text]<\/p>\n<p>[\/vc_column_text][\/vc_column][\/vc_row]<\/p>\n","protected":false},"excerpt":{"rendered":"<p>[vc_row full_width=&#8221;stretch_row_content&#8221; css=&#8221;.vc_custom_1534287836680{padding-top: 100px !important;padding-bottom: 100px !important;}&#8221;][vc_column][\/vc_column][\/vc_row][vc_row][vc_column][vc_column_text] [\/vc_column_text][\/vc_column][\/vc_row][vc_row][vc_column][vc_column_text] [\/vc_column_text][\/vc_column][\/vc_row]<\/p>\n","protected":false},"author":1,"featured_media":0,"parent":0,"menu_order":0,"comment_status":"closed","ping_status":"closed","template":"","meta":{"_acf_changed":false,"footnotes":"","_links_to":"","_links_to_target":""},"class_list":["post-3605","page","type-page","status-publish","hentry"],"acf":[],"yoast_head":"<!-- This site is optimized with the Yoast SEO plugin v23.5 - https:\/\/yoast.com\/wordpress\/plugins\/seo\/ -->\n<title>Localiza\u00e7\u00e3o e hor\u00e1rios - Teatinos<\/title>\n<meta name=\"robots\" content=\"index, follow, max-snippet:-1, max-image-preview:large, max-video-preview:-1\" \/>\n<link rel=\"canonical\" href=\"https:\/\/teatinos.org\/pt-br\/basilica-localizacao-e-horarios\/\" \/>\n<meta property=\"og:locale\" content=\"pt_BR\" \/>\n<meta property=\"og:type\" content=\"article\" \/>\n<meta property=\"og:title\" content=\"Localiza\u00e7\u00e3o e hor\u00e1rios - Teatinos\" \/>\n<meta property=\"og:description\" content=\"[vc_row full_width=&#8221;stretch_row_content&#8221; css=&#8221;.vc_custom_1534287836680{padding-top: 100px !important;padding-bottom: 100px !important;}&#8221;][vc_column][\/vc_column][\/vc_row][vc_row][vc_column][vc_column_text] [\/vc_column_text][\/vc_column][\/vc_row][vc_row][vc_column][vc_column_text] [\/vc_column_text][\/vc_column][\/vc_row]\" \/>\n<meta property=\"og:url\" content=\"https:\/\/teatinos.org\/pt-br\/basilica-localizacao-e-horarios\/\" \/>\n<meta property=\"og:site_name\" content=\"Teatinos\" \/>\n<meta property=\"article:modified_time\" content=\"2020-02-04T13:14:08+00:00\" \/>\n<meta name=\"twitter:card\" content=\"summary_large_image\" \/>\n<meta name=\"twitter:label1\" content=\"Est. tempo de leitura\" \/>\n\t<meta name=\"twitter:data1\" content=\"2 minutos\" \/>\n<script type=\"application\/ld+json\" class=\"yoast-schema-graph\">{\"@context\":\"https:\/\/schema.org\",\"@graph\":[{\"@type\":\"WebPage\",\"@id\":\"https:\/\/teatinos.org\/pt-br\/basilica-localizacao-e-horarios\/\",\"url\":\"https:\/\/teatinos.org\/pt-br\/basilica-localizacao-e-horarios\/\",\"name\":\"Localiza\u00e7\u00e3o e hor\u00e1rios - Teatinos\",\"isPartOf\":{\"@id\":\"https:\/\/teatinos.org\/pt-br\/#website\"},\"datePublished\":\"2019-12-17T20:04:09+00:00\",\"dateModified\":\"2020-02-04T13:14:08+00:00\",\"breadcrumb\":{\"@id\":\"https:\/\/teatinos.org\/pt-br\/basilica-localizacao-e-horarios\/#breadcrumb\"},\"inLanguage\":\"pt-BR\",\"potentialAction\":[{\"@type\":\"ReadAction\",\"target\":[\"https:\/\/teatinos.org\/pt-br\/basilica-localizacao-e-horarios\/\"]}]},{\"@type\":\"BreadcrumbList\",\"@id\":\"https:\/\/teatinos.org\/pt-br\/basilica-localizacao-e-horarios\/#breadcrumb\",\"itemListElement\":[{\"@type\":\"ListItem\",\"position\":1,\"name\":\"Portada\",\"item\":\"https:\/\/teatinos.org\/pt-br\/\"},{\"@type\":\"ListItem\",\"position\":2,\"name\":\"Localiza\u00e7\u00e3o e hor\u00e1rios\"}]},{\"@type\":\"WebSite\",\"@id\":\"https:\/\/teatinos.org\/pt-br\/#website\",\"url\":\"https:\/\/teatinos.org\/pt-br\/\",\"name\":\"Teatinos\",\"description\":\"Orden de Cl\u00e9rigos Regulares\",\"potentialAction\":[{\"@type\":\"SearchAction\",\"target\":{\"@type\":\"EntryPoint\",\"urlTemplate\":\"https:\/\/teatinos.org\/pt-br\/?s={search_term_string}\"},\"query-input\":{\"@type\":\"PropertyValueSpecification\",\"valueRequired\":true,\"valueName\":\"search_term_string\"}}],\"inLanguage\":\"pt-BR\"}]}<\/script>\n<!-- \/ Yoast SEO plugin. -->","yoast_head_json":{"title":"Localiza\u00e7\u00e3o e hor\u00e1rios - Teatinos","robots":{"index":"index","follow":"follow","max-snippet":"max-snippet:-1","max-image-preview":"max-image-preview:large","max-video-preview":"max-video-preview:-1"},"canonical":"https:\/\/teatinos.org\/pt-br\/basilica-localizacao-e-horarios\/","og_locale":"pt_BR","og_type":"article","og_title":"Localiza\u00e7\u00e3o e hor\u00e1rios - Teatinos","og_description":"[vc_row full_width=&#8221;stretch_row_content&#8221; css=&#8221;.vc_custom_1534287836680{padding-top: 100px !important;padding-bottom: 100px !important;}&#8221;][vc_column][\/vc_column][\/vc_row][vc_row][vc_column][vc_column_text] [\/vc_column_text][\/vc_column][\/vc_row][vc_row][vc_column][vc_column_text] [\/vc_column_text][\/vc_column][\/vc_row]","og_url":"https:\/\/teatinos.org\/pt-br\/basilica-localizacao-e-horarios\/","og_site_name":"Teatinos","article_modified_time":"2020-02-04T13:14:08+00:00","twitter_card":"summary_large_image","twitter_misc":{"Est. tempo de leitura":"2 minutos"},"schema":{"@context":"https:\/\/schema.org","@graph":[{"@type":"WebPage","@id":"https:\/\/teatinos.org\/pt-br\/basilica-localizacao-e-horarios\/","url":"https:\/\/teatinos.org\/pt-br\/basilica-localizacao-e-horarios\/","name":"Localiza\u00e7\u00e3o e hor\u00e1rios - Teatinos","isPartOf":{"@id":"https:\/\/teatinos.org\/pt-br\/#website"},"datePublished":"2019-12-17T20:04:09+00:00","dateModified":"2020-02-04T13:14:08+00:00","breadcrumb":{"@id":"https:\/\/teatinos.org\/pt-br\/basilica-localizacao-e-horarios\/#breadcrumb"},"inLanguage":"pt-BR","potentialAction":[{"@type":"ReadAction","target":["https:\/\/teatinos.org\/pt-br\/basilica-localizacao-e-horarios\/"]}]},{"@type":"BreadcrumbList","@id":"https:\/\/teatinos.org\/pt-br\/basilica-localizacao-e-horarios\/#breadcrumb","itemListElement":[{"@type":"ListItem","position":1,"name":"Portada","item":"https:\/\/teatinos.org\/pt-br\/"},{"@type":"ListItem","position":2,"name":"Localiza\u00e7\u00e3o e hor\u00e1rios"}]},{"@type":"WebSite","@id":"https:\/\/teatinos.org\/pt-br\/#website","url":"https:\/\/teatinos.org\/pt-br\/","name":"Teatinos","description":"Orden de Cl\u00e9rigos Regulares","potentialAction":[{"@type":"SearchAction","target":{"@type":"EntryPoint","urlTemplate":"https:\/\/teatinos.org\/pt-br\/?s={search_term_string}"},"query-input":{"@type":"PropertyValueSpecification","valueRequired":true,"valueName":"search_term_string"}}],"inLanguage":"pt-BR"}]}},"rttpg_featured_image_url":null,"rttpg_author":{"display_name":"admin","author_link":"https:\/\/teatinos.org\/pt-br\/author\/admin\/"},"rttpg_comment":0,"rttpg_category":" <a href=\"https:\/\/teatinos.org\/pt-br\/?taxonomy=translation_priority&#038;term=opcional-pt-br\" rel=\"tag\">Opcional<\/a>","rttpg_excerpt":"[vc_row full_width=&#8221;stretch_row_content&#8221; css=&#8221;.vc_custom_1534287836680{padding-top: 100px !important;padding-bottom: 100px !important;}&#8221;][vc_column][\/vc_column][\/vc_row][vc_row][vc_column][vc_column_text] [\/vc_column_text][\/vc_column][\/vc_row][vc_row][vc_column][vc_column_text] [\/vc_column_text][\/vc_column][\/vc_row]","_links":{"self":[{"href":"https:\/\/teatinos.org\/pt-br\/wp-json\/wp\/v2\/pages\/3605","targetHints":{"allow":["GET"]}}],"collection":[{"href":"https:\/\/teatinos.org\/pt-br\/wp-json\/wp\/v2\/pages"}],"about":[{"href":"https:\/\/teatinos.org\/pt-br\/wp-json\/wp\/v2\/types\/page"}],"author":[{"embeddable":true,"href":"https:\/\/teatinos.org\/pt-br\/wp-json\/wp\/v2\/users\/1"}],"replies":[{"embeddable":true,"href":"https:\/\/teatinos.org\/pt-br\/wp-json\/wp\/v2\/comments?post=3605"}],"version-history":[{"count":6,"href":"https:\/\/teatinos.org\/pt-br\/wp-json\/wp\/v2\/pages\/3605\/revisions"}],"predecessor-version":[{"id":4353,"href":"https:\/\/teatinos.org\/pt-br\/wp-json\/wp\/v2\/pages\/3605\/revisions\/4353"}],"wp:attachment":[{"href":"https:\/\/teatinos.org\/pt-br\/wp-json\/wp\/v2\/media?parent=3605"}],"curies":[{"name":"wp","href":"https:\/\/api.w.org\/{rel}","templated":true}]}}