{"id":3599,"date":"2019-12-17T19:38:36","date_gmt":"2019-12-17T19:38:36","guid":{"rendered":"http:\/\/teatinos.org\/?page_id=3599"},"modified":"2025-10-23T20:01:08","modified_gmt":"2025-10-23T20:01:08","slug":"se-un-teatino","status":"publish","type":"page","link":"https:\/\/teatinos.org\/pt-br\/se-un-teatino\/","title":{"rendered":"Seja um teatino"},"content":{"rendered":"<p>[vc_row full_width=&#8221;stretch_row_content&#8221;][vc_column]<div class=\"container \">[vc_row_inner][vc_column_inner width=&#8221;1\/2&#8243;][vc_empty_space][vc_column_text]<\/p>\n<p class=\"default\">Somos um Instituto de Vida Consagrada Religiosa, que tem como finalidade restaurar na Igreja a primitiva forma de vida apost\u00f3lica, encarnada no minist\u00e9rio sacerdotal, para impulsionar, desde a reforma pessoal dos sacerdotes que vivem em comunidade, a reforma eclesial. Fomos fundados no dia 14 de setembro de 1524 por S\u00e3o Caetano, Jo\u00e3o Pedro Carafa, Bonif\u00e1cio de\u2019Colli e Paulo Consiglieri.<\/p>\n<p>[\/vc_column_text][vc_column_text]<\/p>\n<div class=\"contact-info animate animated\" style=\"visibility: visible;\" data-wow-delay=\"s\">\n<div>Para maiores informa\u00e7\u00f5es, contatar a:<\/div>\n<h6 class=\"margin-top-30 margin-bottom-20 font-bold\">Casa Geral (IT\u00c1LIA)<\/h6>\n<ul class=\"row font-roboto\">\n<li class=\"col-md-5\"><a href=\"tel:0039066861339\">(0039) 06-686-1339<\/a><br \/>\n<a href=\"mailto:segretariogenerale@teatinos.org\">segretariogenerale@teatinos.org<\/a>\u00a0para consultas vocacionais, por favor, contatar o promotor vocacional do seu pa\u00eds mediante o seguinte formul\u00e1rio:<\/li>\n<\/ul>\n<\/div>\n<p>[\/vc_column_text][\/vc_column_inner][vc_column_inner width=&#8221;1\/2&#8243;][vc_empty_space][vc_column_text]<iframe loading=\"lazy\" style=\"border: 0;\" src=\"https:\/\/www.google.com\/maps\/embed?pb=!1m18!1m12!1m3!1d2969.8570927329197!2d12.472128415441667!3d41.8959303792208!2m3!1f0!2f0!3f0!3m2!1i1024!2i768!4f13.1!3m3!1m2!1s0x132f604f11d4254d%3A0xf47bacbc1c31e400!2sSant'Andrea+della+Valle%2C+Piazza+Vidoni%2C+6%2C+00186+Roma+RM%2C+Italia!5e0!3m2!1ses!2sar!4v1533071186073\" width=\"100%\" height=\"500px\" frameborder=\"0\" allowfullscreen=\"allowfullscreen\"><\/iframe>[\/vc_column_text][\/vc_column_inner][\/vc_row_inner]<\/div>[\/vc_column][\/vc_row][vc_row full_width=&#8221;stretch_row_content&#8221;][vc_column]<div class=\"container \">[vc_column_text]<\/p>\n<h3>\u00a1Escreva-nos!<\/h3>\n<p>[\/vc_column_text][vc_column_text]Te convidamos a narrar tua experi\u00eancia de Deus, como crist\u00e3o cat\u00f3lico, e as motiva\u00e7\u00f5es que te levem a preguntar-se: Que Deus quer de voc\u00ea neste tempo? Se voc\u00ea tem alguma inquieta\u00e7\u00e3o vocacional, pode responder \u00e0s preguntas do formul\u00e1rio que segue a continua\u00e7\u00e3o. Obrigado![\/vc_column_text]\n<div class=\"wpcf7 no-js\" id=\"wpcf7-f3601-o1\" lang=\"en-US\" dir=\"ltr\">\n<div class=\"screen-reader-response\"><p role=\"status\" aria-live=\"polite\" aria-atomic=\"true\"><\/p> <ul><\/ul><\/div>\n<form action=\"\/pt-br\/wp-json\/wp\/v2\/pages\/3599#wpcf7-f3601-o1\" method=\"post\" class=\"wpcf7-form init\" aria-label=\"Contact form\" novalidate=\"novalidate\" data-status=\"init\">\n<div style=\"display: none;\">\n<input type=\"hidden\" name=\"_wpcf7\" value=\"3601\" \/>\n<input type=\"hidden\" name=\"_wpcf7_version\" value=\"5.9.8\" \/>\n<input type=\"hidden\" name=\"_wpcf7_locale\" value=\"en_US\" \/>\n<input type=\"hidden\" name=\"_wpcf7_unit_tag\" value=\"wpcf7-f3601-o1\" \/>\n<input type=\"hidden\" name=\"_wpcf7_container_post\" value=\"0\" \/>\n<input type=\"hidden\" name=\"_wpcf7_posted_data_hash\" value=\"\" \/>\n<input type=\"hidden\" name=\"_wpcf7_recaptcha_response\" value=\"\" \/>\n<\/div>\n<div class=\"row\">\n\t<div class=\"col-md-12\">\n\t\t<p><span class=\"wpcf7-form-control-wrap\" data-name=\"destinatario\"><select class=\"wpcf7-form-control wpcf7-select wpcf7-validates-as-required\" aria-required=\"true\" aria-invalid=\"false\" name=\"destinatario\"><option value=\"Selecione um promotor vocacional de acordo ao lugar mais pr\u00f3ximo de voc\u00ea.\">Selecione um promotor vocacional de acordo ao lugar mais pr\u00f3ximo de voc\u00ea.<\/option><option value=\"Promotor Vocacional da Argentina - Pe. Diego A. Dold\u00e1n, C.R.\">Promotor Vocacional da Argentina - Pe. Diego A. Dold\u00e1n, C.R.<\/option><option value=\"Promotor Vocacional do Brasil - Pe. Guilherme Alves dos Santos, C.R\">Promotor Vocacional do Brasil - Pe. Guilherme Alves dos Santos, C.R<\/option><option value=\"Promotor Vocacional da Espanha-Colombia - Pe. Francisco Javier Delgado Delgado, C.R\">Promotor Vocacional da Espanha-Colombia - Pe. Francisco Javier Delgado Delgado, C.R<\/option><option value=\"Promotor Vocacional da It\u00e1lia - Pe. Adam Kowalczykowski, C.R\">Promotor Vocacional da It\u00e1lia - Pe. Adam Kowalczykowski, C.R<\/option><option value=\"Promotor Vocacional do M\u00e9xico - Pe. Pablo Guillermo Almaz\u00e1n G\u00f3mez Tagle, C.R\">Promotor Vocacional do M\u00e9xico - Pe. Pablo Guillermo Almaz\u00e1n G\u00f3mez Tagle, C.R<\/option><option value=\"Promotor Vocacional dos EUA - Pe. Edson Martin Ybarra Jasso, C.R\">Promotor Vocacional dos EUA - Pe. Edson Martin Ybarra Jasso, C.R<\/option><option value=\"Promotor Vocacional para o resto do mundo\">Promotor Vocacional para o resto do mundo<\/option><\/select><\/span>\n\t\t<\/p>\n\t<\/div>\n<\/div>\n<div class=\"row\">\n\t<div class=\"col-md-6\">\n\t\t<p><span class=\"wpcf7-form-control-wrap\" data-name=\"nombre\"><input size=\"40\" maxlength=\"400\" class=\"wpcf7-form-control wpcf7-text wpcf7-validates-as-required\" aria-required=\"true\" aria-invalid=\"false\" placeholder=\"Nome e Sobrenome\" value=\"\" type=\"text\" name=\"nombre\" \/><\/span>\n\t\t<\/p>\n\t<\/div>\n\t<div class=\"col-md-6\">\n\t\t<p><span class=\"wpcf7-form-control-wrap\" data-name=\"pais\"><input size=\"40\" maxlength=\"400\" class=\"wpcf7-form-control wpcf7-text\" aria-invalid=\"false\" placeholder=\"Pa\u00eds\/Estado\/Cidade\" value=\"\" type=\"text\" name=\"pais\" \/><\/span>\n\t\t<\/p>\n\t<\/div>\n<\/div>\n<div class=\"row\">\n\t<div class=\"col-md-6\">\n\t\t<p><span class=\"wpcf7-form-control-wrap\" data-name=\"edad\"><input class=\"wpcf7-form-control wpcf7-number wpcf7-validates-as-number\" aria-invalid=\"false\" placeholder=\"Idade\" value=\"\" type=\"number\" name=\"edad\" \/><\/span>\n\t\t<\/p>\n\t<\/div>\n\t<div class=\"col-md-6\">\n\t\t<p><span class=\"wpcf7-form-control-wrap\" data-name=\"email-tel\"><input size=\"40\" maxlength=\"400\" class=\"wpcf7-form-control wpcf7-text wpcf7-validates-as-required\" aria-required=\"true\" aria-invalid=\"false\" placeholder=\"E-mail\/Telefone de contato\" value=\"\" type=\"text\" name=\"email-tel\" \/><\/span>\n\t\t<\/p>\n\t<\/div>\n<\/div>\n<div class=\"row\">\n\t<div class=\"col-md-12\">\n\t\t<p><span class=\"wpcf7-form-control-wrap\" data-name=\"atraido\"><textarea cols=\"40\" rows=\"10\" maxlength=\"2000\" class=\"wpcf7-form-control wpcf7-textarea wpcf7-validates-as-required pregunta-1\" aria-required=\"true\" aria-invalid=\"false\" placeholder=\"Voc\u00ea se sente atra\u00eddo pelo Senhor a doar tua vida?\" name=\"atraido\"><\/textarea><\/span>\n\t\t<\/p>\n\t<\/div>\n\t<div class=\"col-md-12\">\n\t\t<p><span class=\"wpcf7-form-control-wrap\" data-name=\"ser-otro-cristo\"><textarea cols=\"40\" rows=\"10\" maxlength=\"2000\" class=\"wpcf7-form-control wpcf7-textarea wpcf7-validates-as-required pregunta-2\" aria-required=\"true\" aria-invalid=\"false\" placeholder=\"Voc\u00ea gostaria de ser \u201coutro Cristo\u201d e, em seu nome, exercer o minist\u00e9rio sacerdotal?\" name=\"ser-otro-cristo\"><\/textarea><\/span>\n\t\t<\/p>\n\t<\/div>\n\t<div class=\"col-md-12\">\n\t\t<p><span class=\"wpcf7-form-control-wrap\" data-name=\"importancia-consagracion\"><textarea cols=\"40\" rows=\"10\" maxlength=\"2000\" class=\"wpcf7-form-control wpcf7-textarea wpcf7-validates-as-required pregunta-3\" aria-required=\"true\" aria-invalid=\"false\" placeholder=\"O carisma teatino une o Sacerd\u00f3cio com a Vida Religiosa. Somos Sacerdotes em comunidade. Da\u00ed nosso nome: Cl\u00e9rigos Regulares. Ent\u00e3o, por que seria importante para voc\u00ea a consagra\u00e7\u00e3o religiosa e, por conseguinte, a vida fraterna em comum? O que voc\u00ea pensa sobre os votos de pobreza, castidade e obedi\u00eancia?\" name=\"importancia-consagracion\"><\/textarea><\/span>\n\t\t<\/p>\n\t<\/div>\n\t<div class=\"col-md-12\">\n\t\t<p><span class=\"wpcf7-form-control-wrap\" data-name=\"suenos-catolicos\"><textarea cols=\"40\" rows=\"10\" maxlength=\"2000\" class=\"wpcf7-form-control wpcf7-textarea wpcf7-validates-as-required pregunta-4\" aria-required=\"true\" aria-invalid=\"false\" placeholder=\"S\u00e3o Caetano queria ser a palma dos p\u00e9s de Jesus na Igreja. Quais s\u00e3o teus sonhos como cat\u00f3lico? Como voc\u00ea cultiva tua vida espiritual na Igreja?\" name=\"suenos-catolicos\"><\/textarea><\/span>\n\t\t<\/p>\n\t<\/div>\n\t<div class=\"col-md-12\">\n\t\t<p><span class=\"wpcf7-form-control-wrap\" data-name=\"animarse\"><textarea cols=\"40\" rows=\"10\" maxlength=\"2000\" class=\"wpcf7-form-control wpcf7-textarea wpcf7-validates-as-required pregunta-5\" aria-required=\"true\" aria-invalid=\"false\" placeholder=\"A miss\u00e3o da Ordem Teatina \u00e9 a reforma da Igreja. Renovar o Sacerdote para renovar o mundo. Voc\u00ea tem vontade de percorrer este caminho?\" name=\"animarse\"><\/textarea><\/span>\n\t\t<\/p>\n\t<\/div>\n<\/div>\n<div class=\"row\">\n\t<div class=\"col-md-9 col-transparente\">\n\t<span class=\"wpcf7-form-control-wrap recaptcha\" data-name=\"recaptcha\"><span data-sitekey=\"6LfF4rIUAAAAABb2_T739o0U9uDBxjtuyjp1dXf4\" class=\"wpcf7-form-control wpcf7-recaptcha g-recaptcha\"><\/span>\r\n<noscript>\r\n\t<div class=\"grecaptcha-noscript\">\r\n\t\t<iframe loading=\"lazy\" src=\"https:\/\/www.google.com\/recaptcha\/api\/fallback?k=6LfF4rIUAAAAABb2_T739o0U9uDBxjtuyjp1dXf4\" frameborder=\"0\" scrolling=\"no\" width=\"310\" height=\"430\">\r\n\t\t<\/iframe>\r\n\t\t<textarea name=\"g-recaptcha-response\" rows=\"3\" cols=\"40\" placeholder=\"reCaptcha Response Here\">\r\n\t\t<\/textarea>\r\n\t<\/div>\r\n<\/noscript>\r\n<\/span>\n\t<\/div>\n<\/div>\n<div class=\"row\">\n\t<div class=\"col-md-3\">\n\t\t<p><input class=\"wpcf7-form-control wpcf7-submit has-spinner\" type=\"submit\" value=\"Enviar Mensagem\" \/>\n\t\t<\/p>\n\t<\/div>\n<\/div><div class=\"wpcf7-response-output\" aria-hidden=\"true\"><\/div>\n<\/form>\n<\/div>\n<\/div>[\/vc_column][\/vc_row][vc_row][vc_column][vc_empty_space height=&#8221;30px&#8221;][\/vc_column][\/vc_row]<\/p>\n","protected":false},"excerpt":{"rendered":"<p>[vc_row full_width=&#8221;stretch_row_content&#8221;][vc_column][\/vc_column][\/vc_row][vc_row full_width=&#8221;stretch_row_content&#8221;][vc_column][\/vc_column][\/vc_row][vc_row][vc_column][vc_empty_space height=&#8221;30px&#8221;][\/vc_column][\/vc_row]<\/p>\n","protected":false},"author":1,"featured_media":0,"parent":0,"menu_order":0,"comment_status":"closed","ping_status":"closed","template":"page-contact.php","meta":{"_acf_changed":false,"footnotes":"","_links_to":"","_links_to_target":""},"class_list":["post-3599","page","type-page","status-publish","hentry"],"acf":[],"yoast_head":"<!-- This site is optimized with the Yoast SEO plugin v23.5 - https:\/\/yoast.com\/wordpress\/plugins\/seo\/ -->\n<title>Seja um teatino - Teatinos<\/title>\n<meta name=\"robots\" content=\"index, follow, max-snippet:-1, max-image-preview:large, max-video-preview:-1\" \/>\n<link rel=\"canonical\" href=\"https:\/\/teatinos.org\/pt-br\/se-un-teatino\/\" \/>\n<meta property=\"og:locale\" content=\"pt_BR\" \/>\n<meta property=\"og:type\" content=\"article\" \/>\n<meta property=\"og:title\" content=\"Seja um teatino - Teatinos\" \/>\n<meta property=\"og:description\" content=\"[vc_row full_width=&#8221;stretch_row_content&#8221;][vc_column][\/vc_column][\/vc_row][vc_row full_width=&#8221;stretch_row_content&#8221;][vc_column][\/vc_column][\/vc_row][vc_row][vc_column][vc_empty_space height=&#8221;30px&#8221;][\/vc_column][\/vc_row]\" \/>\n<meta property=\"og:url\" content=\"https:\/\/teatinos.org\/pt-br\/se-un-teatino\/\" \/>\n<meta property=\"og:site_name\" content=\"Teatinos\" \/>\n<meta property=\"article:modified_time\" content=\"2025-10-23T20:01:08+00:00\" \/>\n<meta name=\"twitter:card\" content=\"summary_large_image\" \/>\n<meta name=\"twitter:label1\" content=\"Est. tempo de leitura\" \/>\n\t<meta name=\"twitter:data1\" content=\"1 minuto\" \/>\n<script type=\"application\/ld+json\" class=\"yoast-schema-graph\">{\"@context\":\"https:\/\/schema.org\",\"@graph\":[{\"@type\":\"WebPage\",\"@id\":\"https:\/\/teatinos.org\/pt-br\/se-un-teatino\/\",\"url\":\"https:\/\/teatinos.org\/pt-br\/se-un-teatino\/\",\"name\":\"Seja um teatino - Teatinos\",\"isPartOf\":{\"@id\":\"https:\/\/teatinos.org\/pt-br\/#website\"},\"datePublished\":\"2019-12-17T19:38:36+00:00\",\"dateModified\":\"2025-10-23T20:01:08+00:00\",\"breadcrumb\":{\"@id\":\"https:\/\/teatinos.org\/pt-br\/se-un-teatino\/#breadcrumb\"},\"inLanguage\":\"pt-BR\",\"potentialAction\":[{\"@type\":\"ReadAction\",\"target\":[\"https:\/\/teatinos.org\/pt-br\/se-un-teatino\/\"]}]},{\"@type\":\"BreadcrumbList\",\"@id\":\"https:\/\/teatinos.org\/pt-br\/se-un-teatino\/#breadcrumb\",\"itemListElement\":[{\"@type\":\"ListItem\",\"position\":1,\"name\":\"Portada\",\"item\":\"https:\/\/teatinos.org\/pt-br\/\"},{\"@type\":\"ListItem\",\"position\":2,\"name\":\"Seja um teatino\"}]},{\"@type\":\"WebSite\",\"@id\":\"https:\/\/teatinos.org\/pt-br\/#website\",\"url\":\"https:\/\/teatinos.org\/pt-br\/\",\"name\":\"Teatinos\",\"description\":\"Orden de Cl\u00e9rigos Regulares\",\"potentialAction\":[{\"@type\":\"SearchAction\",\"target\":{\"@type\":\"EntryPoint\",\"urlTemplate\":\"https:\/\/teatinos.org\/pt-br\/?s={search_term_string}\"},\"query-input\":{\"@type\":\"PropertyValueSpecification\",\"valueRequired\":true,\"valueName\":\"search_term_string\"}}],\"inLanguage\":\"pt-BR\"}]}<\/script>\n<!-- \/ Yoast SEO plugin. -->","yoast_head_json":{"title":"Seja um teatino - Teatinos","robots":{"index":"index","follow":"follow","max-snippet":"max-snippet:-1","max-image-preview":"max-image-preview:large","max-video-preview":"max-video-preview:-1"},"canonical":"https:\/\/teatinos.org\/pt-br\/se-un-teatino\/","og_locale":"pt_BR","og_type":"article","og_title":"Seja um teatino - Teatinos","og_description":"[vc_row full_width=&#8221;stretch_row_content&#8221;][vc_column][\/vc_column][\/vc_row][vc_row full_width=&#8221;stretch_row_content&#8221;][vc_column][\/vc_column][\/vc_row][vc_row][vc_column][vc_empty_space height=&#8221;30px&#8221;][\/vc_column][\/vc_row]","og_url":"https:\/\/teatinos.org\/pt-br\/se-un-teatino\/","og_site_name":"Teatinos","article_modified_time":"2025-10-23T20:01:08+00:00","twitter_card":"summary_large_image","twitter_misc":{"Est. tempo de leitura":"1 minuto"},"schema":{"@context":"https:\/\/schema.org","@graph":[{"@type":"WebPage","@id":"https:\/\/teatinos.org\/pt-br\/se-un-teatino\/","url":"https:\/\/teatinos.org\/pt-br\/se-un-teatino\/","name":"Seja um teatino - Teatinos","isPartOf":{"@id":"https:\/\/teatinos.org\/pt-br\/#website"},"datePublished":"2019-12-17T19:38:36+00:00","dateModified":"2025-10-23T20:01:08+00:00","breadcrumb":{"@id":"https:\/\/teatinos.org\/pt-br\/se-un-teatino\/#breadcrumb"},"inLanguage":"pt-BR","potentialAction":[{"@type":"ReadAction","target":["https:\/\/teatinos.org\/pt-br\/se-un-teatino\/"]}]},{"@type":"BreadcrumbList","@id":"https:\/\/teatinos.org\/pt-br\/se-un-teatino\/#breadcrumb","itemListElement":[{"@type":"ListItem","position":1,"name":"Portada","item":"https:\/\/teatinos.org\/pt-br\/"},{"@type":"ListItem","position":2,"name":"Seja um teatino"}]},{"@type":"WebSite","@id":"https:\/\/teatinos.org\/pt-br\/#website","url":"https:\/\/teatinos.org\/pt-br\/","name":"Teatinos","description":"Orden de Cl\u00e9rigos Regulares","potentialAction":[{"@type":"SearchAction","target":{"@type":"EntryPoint","urlTemplate":"https:\/\/teatinos.org\/pt-br\/?s={search_term_string}"},"query-input":{"@type":"PropertyValueSpecification","valueRequired":true,"valueName":"search_term_string"}}],"inLanguage":"pt-BR"}]}},"rttpg_featured_image_url":null,"rttpg_author":{"display_name":"admin","author_link":"https:\/\/teatinos.org\/pt-br\/author\/admin\/"},"rttpg_comment":0,"rttpg_category":" <a href=\"https:\/\/teatinos.org\/pt-br\/?taxonomy=translation_priority&#038;term=opcional-pt-br\" rel=\"tag\">Opcional<\/a>","rttpg_excerpt":"[vc_row full_width=&#8221;stretch_row_content&#8221;][vc_column][\/vc_column][\/vc_row][vc_row full_width=&#8221;stretch_row_content&#8221;][vc_column][\/vc_column][\/vc_row][vc_row][vc_column][vc_empty_space height=&#8221;30px&#8221;][\/vc_column][\/vc_row]","_links":{"self":[{"href":"https:\/\/teatinos.org\/pt-br\/wp-json\/wp\/v2\/pages\/3599","targetHints":{"allow":["GET"]}}],"collection":[{"href":"https:\/\/teatinos.org\/pt-br\/wp-json\/wp\/v2\/pages"}],"about":[{"href":"https:\/\/teatinos.org\/pt-br\/wp-json\/wp\/v2\/types\/page"}],"author":[{"embeddable":true,"href":"https:\/\/teatinos.org\/pt-br\/wp-json\/wp\/v2\/users\/1"}],"replies":[{"embeddable":true,"href":"https:\/\/teatinos.org\/pt-br\/wp-json\/wp\/v2\/comments?post=3599"}],"version-history":[{"count":6,"href":"https:\/\/teatinos.org\/pt-br\/wp-json\/wp\/v2\/pages\/3599\/revisions"}],"predecessor-version":[{"id":20643,"href":"https:\/\/teatinos.org\/pt-br\/wp-json\/wp\/v2\/pages\/3599\/revisions\/20643"}],"wp:attachment":[{"href":"https:\/\/teatinos.org\/pt-br\/wp-json\/wp\/v2\/media?parent=3599"}],"curies":[{"name":"wp","href":"https:\/\/api.w.org\/{rel}","templated":true}]}}