{"id":3590,"date":"2019-12-17T17:35:04","date_gmt":"2019-12-17T17:35:04","guid":{"rendered":"http:\/\/teatinos.org\/?page_id=3590"},"modified":"2021-05-24T20:20:00","modified_gmt":"2021-05-24T20:20:00","slug":"historia","status":"publish","type":"page","link":"https:\/\/teatinos.org\/pt-br\/historia\/","title":{"rendered":"Hist\u00f3ria"},"content":{"rendered":"<p>[vc_row css=&#8221;.vc_custom_1459790702196{padding-top: 100px !important;padding-bottom: 100px !important;}&#8221;][vc_column]<div class=\"container \">[vc_row_inner][vc_column_inner][vc_column_text]<span style=\"color: #000000;\">A Ordem dos Cl\u00e9rigos Regulares (Teatinos) foi fundada por S\u00e3o Caetano, Jo\u00e3o Pedro Carafa (depois Papa Paulo IV), Bonif\u00e1cio de Colle e Paulo Consiglieri, no dia 14 de setembro de 1524. Uma finalidade precisa lhes guiava: ser cl\u00e9rigos, vivendo fielmente o Evangelho, cercados do Direito Can\u00f4nico e fazendo vida fraterna em comum sob os tr\u00eas votos religiosos. Clemente VII deu a aprova\u00e7\u00e3o can\u00f4nica oportuna \u00e0 Ordem com os Breves Pontif\u00edcios Exponi Nobis, de 24 de junho de 1524, e Dudum pro parte vestra, de 07 de mar\u00e7o de 1533.<\/span><\/p>\n<p><span style=\"color: #000000;\">Apoiados na Provid\u00eancia de Deus, determinaram viver dos frutos do minist\u00e9rio pastoral e das doa\u00e7\u00f5es que, espontaneamente, lhes oferecessem os fi\u00e9is, sem pedir, nem possuir rendas fixas.<\/span><\/p>\n<p><span style=\"color: #000000;\">Institucionalmente, em 1588, se instituiu a figura do Prep\u00f3sito Geral e, em 1604, foram publicadas pela primeira vez nossas Constitui\u00e7\u00f5es.<br \/>\nDurante os s\u00e9culos XVII e XVIII, a Ordem Teatina se desenvolveu e expandiu, promovendo e conduzindo miss\u00f5es evangelizadoras nas regi\u00f5es circundantes ao C\u00e1ucaso e no sudeste asi\u00e1tico.<br \/>\n<\/span><\/p>\n<p><span style=\"color: #000000;\">Um novo amanhecer para a Ordem Teatina se deu quando, em 1909 e 1910, por vontade do Papa S\u00e3o Pio X, se juntaram com nosso Instituto os Filhos da Sagrada Fam\u00edlia, da Catalunha (Espanha), e a Congrega\u00e7\u00e3o de Santo Alfonso Maria de Lig\u00f3rio, de Mallorca (Espanha). Em 1916, os Filhos da Sagrada Fam\u00edlia se separaram e retomaram sua autonomia. Ainda assim, a Ordem Teatina percorreu o s\u00e9culo XX e chegou aos in\u00edcios deste s\u00e9culo XXI com for\u00e7as renovadas.<\/span><\/p>\n<p><span style=\"color: #000000;\">Hoje a Ordem dos Cl\u00e9rigos Regulares (Teatinos) se apresenta como uma companhia pequena que procura ante tudo o Reinado de Deus e sua Justi\u00e7a.<\/span><br \/>\n[\/vc_column_text][\/vc_column_inner][\/vc_row_inner]<\/div>[\/vc_column][\/vc_row]<\/p>\n","protected":false},"excerpt":{"rendered":"<p>[vc_row css=&#8221;.vc_custom_1459790702196{padding-top: 100px !important;padding-bottom: 100px !important;}&#8221;][vc_column][\/vc_column][\/vc_row]<\/p>\n","protected":false},"author":1,"featured_media":0,"parent":0,"menu_order":0,"comment_status":"closed","ping_status":"closed","template":"","meta":{"_acf_changed":false,"footnotes":"","_links_to":"","_links_to_target":""},"class_list":["post-3590","page","type-page","status-publish","hentry"],"acf":[],"yoast_head":"<!-- This site is optimized with the Yoast SEO plugin v23.5 - https:\/\/yoast.com\/wordpress\/plugins\/seo\/ -->\n<title>Hist\u00f3ria - Teatinos<\/title>\n<meta name=\"robots\" content=\"index, follow, max-snippet:-1, max-image-preview:large, max-video-preview:-1\" \/>\n<link rel=\"canonical\" href=\"https:\/\/teatinos.org\/pt-br\/historia\/\" \/>\n<meta property=\"og:locale\" content=\"pt_BR\" \/>\n<meta property=\"og:type\" content=\"article\" \/>\n<meta property=\"og:title\" content=\"Hist\u00f3ria - Teatinos\" \/>\n<meta property=\"og:description\" content=\"[vc_row css=&#8221;.vc_custom_1459790702196{padding-top: 100px !important;padding-bottom: 100px !important;}&#8221;][vc_column][\/vc_column][\/vc_row]\" \/>\n<meta property=\"og:url\" content=\"https:\/\/teatinos.org\/pt-br\/historia\/\" \/>\n<meta property=\"og:site_name\" content=\"Teatinos\" \/>\n<meta property=\"article:modified_time\" content=\"2021-05-24T20:20:00+00:00\" \/>\n<meta name=\"twitter:card\" content=\"summary_large_image\" \/>\n<meta name=\"twitter:label1\" content=\"Est. tempo de leitura\" \/>\n\t<meta name=\"twitter:data1\" content=\"2 minutos\" \/>\n<script type=\"application\/ld+json\" class=\"yoast-schema-graph\">{\"@context\":\"https:\/\/schema.org\",\"@graph\":[{\"@type\":\"WebPage\",\"@id\":\"https:\/\/teatinos.org\/pt-br\/historia\/\",\"url\":\"https:\/\/teatinos.org\/pt-br\/historia\/\",\"name\":\"Hist\u00f3ria - Teatinos\",\"isPartOf\":{\"@id\":\"https:\/\/teatinos.org\/pt-br\/#website\"},\"datePublished\":\"2019-12-17T17:35:04+00:00\",\"dateModified\":\"2021-05-24T20:20:00+00:00\",\"breadcrumb\":{\"@id\":\"https:\/\/teatinos.org\/pt-br\/historia\/#breadcrumb\"},\"inLanguage\":\"pt-BR\",\"potentialAction\":[{\"@type\":\"ReadAction\",\"target\":[\"https:\/\/teatinos.org\/pt-br\/historia\/\"]}]},{\"@type\":\"BreadcrumbList\",\"@id\":\"https:\/\/teatinos.org\/pt-br\/historia\/#breadcrumb\",\"itemListElement\":[{\"@type\":\"ListItem\",\"position\":1,\"name\":\"Portada\",\"item\":\"https:\/\/teatinos.org\/pt-br\/\"},{\"@type\":\"ListItem\",\"position\":2,\"name\":\"Hist\u00f3ria\"}]},{\"@type\":\"WebSite\",\"@id\":\"https:\/\/teatinos.org\/pt-br\/#website\",\"url\":\"https:\/\/teatinos.org\/pt-br\/\",\"name\":\"Teatinos\",\"description\":\"Orden de Cl\u00e9rigos Regulares\",\"potentialAction\":[{\"@type\":\"SearchAction\",\"target\":{\"@type\":\"EntryPoint\",\"urlTemplate\":\"https:\/\/teatinos.org\/pt-br\/?s={search_term_string}\"},\"query-input\":{\"@type\":\"PropertyValueSpecification\",\"valueRequired\":true,\"valueName\":\"search_term_string\"}}],\"inLanguage\":\"pt-BR\"}]}<\/script>\n<!-- \/ Yoast SEO plugin. -->","yoast_head_json":{"title":"Hist\u00f3ria - Teatinos","robots":{"index":"index","follow":"follow","max-snippet":"max-snippet:-1","max-image-preview":"max-image-preview:large","max-video-preview":"max-video-preview:-1"},"canonical":"https:\/\/teatinos.org\/pt-br\/historia\/","og_locale":"pt_BR","og_type":"article","og_title":"Hist\u00f3ria - Teatinos","og_description":"[vc_row css=&#8221;.vc_custom_1459790702196{padding-top: 100px !important;padding-bottom: 100px !important;}&#8221;][vc_column][\/vc_column][\/vc_row]","og_url":"https:\/\/teatinos.org\/pt-br\/historia\/","og_site_name":"Teatinos","article_modified_time":"2021-05-24T20:20:00+00:00","twitter_card":"summary_large_image","twitter_misc":{"Est. tempo de leitura":"2 minutos"},"schema":{"@context":"https:\/\/schema.org","@graph":[{"@type":"WebPage","@id":"https:\/\/teatinos.org\/pt-br\/historia\/","url":"https:\/\/teatinos.org\/pt-br\/historia\/","name":"Hist\u00f3ria - Teatinos","isPartOf":{"@id":"https:\/\/teatinos.org\/pt-br\/#website"},"datePublished":"2019-12-17T17:35:04+00:00","dateModified":"2021-05-24T20:20:00+00:00","breadcrumb":{"@id":"https:\/\/teatinos.org\/pt-br\/historia\/#breadcrumb"},"inLanguage":"pt-BR","potentialAction":[{"@type":"ReadAction","target":["https:\/\/teatinos.org\/pt-br\/historia\/"]}]},{"@type":"BreadcrumbList","@id":"https:\/\/teatinos.org\/pt-br\/historia\/#breadcrumb","itemListElement":[{"@type":"ListItem","position":1,"name":"Portada","item":"https:\/\/teatinos.org\/pt-br\/"},{"@type":"ListItem","position":2,"name":"Hist\u00f3ria"}]},{"@type":"WebSite","@id":"https:\/\/teatinos.org\/pt-br\/#website","url":"https:\/\/teatinos.org\/pt-br\/","name":"Teatinos","description":"Orden de Cl\u00e9rigos Regulares","potentialAction":[{"@type":"SearchAction","target":{"@type":"EntryPoint","urlTemplate":"https:\/\/teatinos.org\/pt-br\/?s={search_term_string}"},"query-input":{"@type":"PropertyValueSpecification","valueRequired":true,"valueName":"search_term_string"}}],"inLanguage":"pt-BR"}]}},"rttpg_featured_image_url":null,"rttpg_author":{"display_name":"admin","author_link":"https:\/\/teatinos.org\/pt-br\/author\/admin\/"},"rttpg_comment":0,"rttpg_category":" <a href=\"https:\/\/teatinos.org\/pt-br\/?taxonomy=translation_priority&#038;term=opcional-pt-br\" rel=\"tag\">Opcional<\/a>","rttpg_excerpt":"[vc_row css=&#8221;.vc_custom_1459790702196{padding-top: 100px !important;padding-bottom: 100px !important;}&#8221;][vc_column][\/vc_column][\/vc_row]","_links":{"self":[{"href":"https:\/\/teatinos.org\/pt-br\/wp-json\/wp\/v2\/pages\/3590","targetHints":{"allow":["GET"]}}],"collection":[{"href":"https:\/\/teatinos.org\/pt-br\/wp-json\/wp\/v2\/pages"}],"about":[{"href":"https:\/\/teatinos.org\/pt-br\/wp-json\/wp\/v2\/types\/page"}],"author":[{"embeddable":true,"href":"https:\/\/teatinos.org\/pt-br\/wp-json\/wp\/v2\/users\/1"}],"replies":[{"embeddable":true,"href":"https:\/\/teatinos.org\/pt-br\/wp-json\/wp\/v2\/comments?post=3590"}],"version-history":[{"count":4,"href":"https:\/\/teatinos.org\/pt-br\/wp-json\/wp\/v2\/pages\/3590\/revisions"}],"predecessor-version":[{"id":7218,"href":"https:\/\/teatinos.org\/pt-br\/wp-json\/wp\/v2\/pages\/3590\/revisions\/7218"}],"wp:attachment":[{"href":"https:\/\/teatinos.org\/pt-br\/wp-json\/wp\/v2\/media?parent=3590"}],"curies":[{"name":"wp","href":"https:\/\/api.w.org\/{rel}","templated":true}]}}