{"id":3583,"date":"2019-12-17T17:08:09","date_gmt":"2019-12-17T17:08:09","guid":{"rendered":"http:\/\/teatinos.org\/?page_id=3583"},"modified":"2025-10-20T21:10:47","modified_gmt":"2025-10-20T21:10:47","slug":"conselho-geral-ordinario","status":"publish","type":"page","link":"https:\/\/teatinos.org\/pt-br\/conselho-geral-ordinario\/","title":{"rendered":"Conselho Geral Ordin\u00e1rio"},"content":{"rendered":"<p>[vc_row][vc_column width=&#8221;1\/6&#8243;][\/vc_column][vc_column width=&#8221;2\/3&#8243;][vc_empty_space height=&#8221;30px&#8221;][vc_column_text]<\/p>\n<p style=\"text-align: center;\">O Conselho Geral Ordin\u00e1rio \u00e9 o \u00f3rg\u00e3o de assist\u00eancia direta ao Prep\u00f3sito Geral no que se refere<br \/>\nao governo da Ordem (Art. 189, Constitui\u00e7\u00f5es CC.RR.)<\/p>\n<p>[\/vc_column_text][vc_column_text]<\/p>\n<h5 style=\"text-align: center;\">Acompanham ao atual Padre Geral os seguintes religiosos presb\u00edteros teatinos:<\/h5>\n<p>[\/vc_column_text][\/vc_column][vc_column width=&#8221;1\/6&#8243;][\/vc_column][\/vc_row][vc_row el_id=&#8221;todos&#8221;][vc_column width=&#8221;1\/6&#8243;][\/vc_column][vc_column width=&#8221;2\/3&#8243;][vc_empty_space height=&#8221;40px&#8221;][\/vc_column][vc_column width=&#8221;1\/6&#8243;][\/vc_column][\/vc_row][vc_row][vc_column]<div class=\"portfolio\"><div id=\"js-grid-awesome-work\" class=\"col-3 with-space\"><!-- PORTOFLIO ITEM --><div class=\"cbp-item \"><img decoding=\"async\" src=\"https:\/\/teatinos.org\/wp-content\/uploads\/2016\/04\/WEB-Fotos-Vicario-General-2-2025.png\" alt=\"\"><div class=\"hover-port\"><div class=\"hover-in\"><div class=\"position-center-center full-width\"><h6>I CONSULTOR E VIG\u00c1RIO GERAL:<\/h6><span>Rev. Pe. Marcelo R. Zubia, C.R., argentino.\r\n\r\nPode ser contactado em: <strong>vicariogenerale@teatinos.org<\/strong><\/span><a href=\"https:\/\/teatinos.org\/pt-br\/kora_portfolio\/i-consultor-e-vigario-geral\/\" class=\"singlePage\" rel=\"nofollow\"><i class=\"fa fa-link\"><\/i><\/a><a href=\"https:\/\/teatinos.org\/wp-content\/uploads\/2016\/04\/WEB-Fotos-Vicario-General-2-2025.png\" class=\"cbp-lightbox\" data-title=\"\"><i class=\"ion-ios-search-strong\"><\/i><\/a><\/div><\/div><\/div><\/div><!-- End Portfolio  Layout --><!-- PORTOFLIO ITEM --><div class=\"cbp-item \"><img decoding=\"async\" src=\"https:\/\/teatinos.org\/wp-content\/uploads\/2018\/07\/WEB-Fotos-Secretario-General-2-2025.png\" alt=\"\"><div class=\"hover-port\"><div class=\"hover-in\"><div class=\"position-center-center full-width\"><h6>II CONSULTOR:<\/h6><span>Rev. P. Antonio Cabrera Olmedo, C.R., espanhol.<\/span><a href=\"https:\/\/teatinos.org\/pt-br\/kora_portfolio\/ii-consultor\/\" class=\"singlePage\" rel=\"nofollow\"><i class=\"fa fa-link\"><\/i><\/a><a href=\"https:\/\/teatinos.org\/wp-content\/uploads\/2018\/07\/WEB-Fotos-Secretario-General-2-2025.png\" class=\"cbp-lightbox\" data-title=\"\"><i class=\"ion-ios-search-strong\"><\/i><\/a><\/div><\/div><\/div><\/div><!-- End Portfolio  Layout --><!-- PORTOFLIO ITEM --><div class=\"cbp-item \"><img decoding=\"async\" src=\"https:\/\/teatinos.org\/wp-content\/uploads\/2018\/07\/Copia-de-Padre-Osman.jpg\" alt=\"\"><div class=\"hover-port\"><div class=\"hover-in\"><div class=\"position-center-center full-width\"><h6>III CONSULTOR:<\/h6><span>Rev. P. Osman Proc\u00f3pio da Silva, C.R., brasileiro.<\/span><a href=\"https:\/\/teatinos.org\/pt-br\/kora_portfolio\/iii-consultor\/\" class=\"singlePage\" rel=\"nofollow\"><i class=\"fa fa-link\"><\/i><\/a><a href=\"https:\/\/teatinos.org\/wp-content\/uploads\/2018\/07\/Copia-de-Padre-Osman.jpg\" class=\"cbp-lightbox\" data-title=\"\"><i class=\"ion-ios-search-strong\"><\/i><\/a><\/div><\/div><\/div><\/div><!-- End Portfolio  Layout --><\/div><!-- LOAD MORE --><div id=\"js-loadMore-awesome-work\" class=\"text-center\"><a href=\"https:\/\/teatinos.org\/pt-br\/?page_id=&number_of_posts=10&pl=normal-4-column-full&select_portfolio_categories=24\" class=\"cbp-l-loadMore-link btn text-center\" rel=\"nofollow\"><span class=\"cbp-l-loadMore-defaultText\">Ver m\u00e1s<\/span><span class=\"cbp-l-loadMore-loadingText\">No hay m\u00e1s para mostrar<\/span><span class=\"cbp-l-loadMore-noMoreLoading\"><\/span><\/a><\/div><\/div>[\/vc_column][\/vc_row][vc_row][vc_column][vc_wp_text]<script type=\"text\/javascript\">jQuery(document).ready(function(){jQuery('#consejo').hide();jQuery('#curia').hide();jQuery('body').on('click', '.cbp-filter-item', function(){seleccion = jQuery(this ).data('filter');if (seleccion == '.curia-general'){jQuery('#curia').show();jQuery('#todos').hide();jQuery('#consejo').hide();}else if (seleccion == '.consejo-general-ordinario'){jQuery('#curia').hide();jQuery('#consejo').show();jQuery('#todos').hide();}else{jQuery('#consejo').hide();jQuery('#todos').show();jQuery('#curia').hide();}})})<\/script>[\/vc_wp_text][\/vc_column][\/vc_row]<\/p>\n","protected":false},"excerpt":{"rendered":"<p>[vc_row][vc_column width=&#8221;1\/6&#8243;][\/vc_column][vc_column width=&#8221;2\/3&#8243;][vc_empty_space height=&#8221;30px&#8221;][vc_column_text] O Conselho Geral Ordin\u00e1rio \u00e9 o \u00f3rg\u00e3o de assist\u00eancia direta ao Prep\u00f3sito Geral no que se refere ao governo da Ordem (Art. 189, Constitui\u00e7\u00f5es CC.RR.) [\/vc_column_text][vc_column_text] Acompanham ao atual Padre Geral os seguintes religiosos presb\u00edteros teatinos: [\/vc_column_text][\/vc_column][vc_column width=&#8221;1\/6&#8243;][\/vc_column][\/vc_row][vc_row el_id=&#8221;todos&#8221;][vc_column width=&#8221;1\/6&#8243;][\/vc_column][vc_column width=&#8221;2\/3&#8243;][vc_empty_space height=&#8221;40px&#8221;][\/vc_column][vc_column width=&#8221;1\/6&#8243;][\/vc_column][\/vc_row][vc_row][vc_column][\/vc_column][\/vc_row][vc_row][vc_column][vc_wp_text][\/vc_wp_text][\/vc_column][\/vc_row]<\/p>\n","protected":false},"author":1,"featured_media":0,"parent":0,"menu_order":0,"comment_status":"closed","ping_status":"closed","template":"","meta":{"_acf_changed":false,"footnotes":"","_links_to":"","_links_to_target":""},"class_list":["post-3583","page","type-page","status-publish","hentry"],"acf":[],"yoast_head":"<!-- This site is optimized with the Yoast SEO plugin v23.5 - https:\/\/yoast.com\/wordpress\/plugins\/seo\/ -->\n<title>Conselho Geral Ordin\u00e1rio - Teatinos<\/title>\n<meta name=\"robots\" content=\"index, follow, max-snippet:-1, max-image-preview:large, max-video-preview:-1\" \/>\n<link rel=\"canonical\" href=\"https:\/\/teatinos.org\/pt-br\/conselho-geral-ordinario\/\" \/>\n<meta property=\"og:locale\" content=\"pt_BR\" \/>\n<meta property=\"og:type\" content=\"article\" \/>\n<meta property=\"og:title\" content=\"Conselho Geral Ordin\u00e1rio - Teatinos\" \/>\n<meta property=\"og:description\" content=\"[vc_row][vc_column width=&#8221;1\/6&#8243;][\/vc_column][vc_column width=&#8221;2\/3&#8243;][vc_empty_space height=&#8221;30px&#8221;][vc_column_text] O Conselho Geral Ordin\u00e1rio \u00e9 o \u00f3rg\u00e3o de assist\u00eancia direta ao Prep\u00f3sito Geral no que se refere ao governo da Ordem (Art. 189, Constitui\u00e7\u00f5es CC.RR.) [\/vc_column_text][vc_column_text] Acompanham ao atual Padre Geral os seguintes religiosos presb\u00edteros teatinos: [\/vc_column_text][\/vc_column][vc_column width=&#8221;1\/6&#8243;][\/vc_column][\/vc_row][vc_row el_id=&#8221;todos&#8221;][vc_column width=&#8221;1\/6&#8243;][\/vc_column][vc_column width=&#8221;2\/3&#8243;][vc_empty_space height=&#8221;40px&#8221;][\/vc_column][vc_column width=&#8221;1\/6&#8243;][\/vc_column][\/vc_row][vc_row][vc_column][\/vc_column][\/vc_row][vc_row][vc_column][vc_wp_text][\/vc_wp_text][\/vc_column][\/vc_row]\" \/>\n<meta property=\"og:url\" content=\"https:\/\/teatinos.org\/pt-br\/conselho-geral-ordinario\/\" \/>\n<meta property=\"og:site_name\" content=\"Teatinos\" \/>\n<meta property=\"article:modified_time\" content=\"2025-10-20T21:10:47+00:00\" \/>\n<meta name=\"twitter:card\" content=\"summary_large_image\" \/>\n<meta name=\"twitter:label1\" content=\"Est. tempo de leitura\" \/>\n\t<meta name=\"twitter:data1\" content=\"1 minuto\" \/>\n<script type=\"application\/ld+json\" class=\"yoast-schema-graph\">{\"@context\":\"https:\/\/schema.org\",\"@graph\":[{\"@type\":\"WebPage\",\"@id\":\"https:\/\/teatinos.org\/pt-br\/conselho-geral-ordinario\/\",\"url\":\"https:\/\/teatinos.org\/pt-br\/conselho-geral-ordinario\/\",\"name\":\"Conselho Geral Ordin\u00e1rio - Teatinos\",\"isPartOf\":{\"@id\":\"https:\/\/teatinos.org\/pt-br\/#website\"},\"datePublished\":\"2019-12-17T17:08:09+00:00\",\"dateModified\":\"2025-10-20T21:10:47+00:00\",\"breadcrumb\":{\"@id\":\"https:\/\/teatinos.org\/pt-br\/conselho-geral-ordinario\/#breadcrumb\"},\"inLanguage\":\"pt-BR\",\"potentialAction\":[{\"@type\":\"ReadAction\",\"target\":[\"https:\/\/teatinos.org\/pt-br\/conselho-geral-ordinario\/\"]}]},{\"@type\":\"BreadcrumbList\",\"@id\":\"https:\/\/teatinos.org\/pt-br\/conselho-geral-ordinario\/#breadcrumb\",\"itemListElement\":[{\"@type\":\"ListItem\",\"position\":1,\"name\":\"Portada\",\"item\":\"https:\/\/teatinos.org\/pt-br\/\"},{\"@type\":\"ListItem\",\"position\":2,\"name\":\"Conselho Geral Ordin\u00e1rio\"}]},{\"@type\":\"WebSite\",\"@id\":\"https:\/\/teatinos.org\/pt-br\/#website\",\"url\":\"https:\/\/teatinos.org\/pt-br\/\",\"name\":\"Teatinos\",\"description\":\"Orden de Cl\u00e9rigos Regulares\",\"potentialAction\":[{\"@type\":\"SearchAction\",\"target\":{\"@type\":\"EntryPoint\",\"urlTemplate\":\"https:\/\/teatinos.org\/pt-br\/?s={search_term_string}\"},\"query-input\":{\"@type\":\"PropertyValueSpecification\",\"valueRequired\":true,\"valueName\":\"search_term_string\"}}],\"inLanguage\":\"pt-BR\"}]}<\/script>\n<!-- \/ Yoast SEO plugin. -->","yoast_head_json":{"title":"Conselho Geral Ordin\u00e1rio - Teatinos","robots":{"index":"index","follow":"follow","max-snippet":"max-snippet:-1","max-image-preview":"max-image-preview:large","max-video-preview":"max-video-preview:-1"},"canonical":"https:\/\/teatinos.org\/pt-br\/conselho-geral-ordinario\/","og_locale":"pt_BR","og_type":"article","og_title":"Conselho Geral Ordin\u00e1rio - Teatinos","og_description":"[vc_row][vc_column width=&#8221;1\/6&#8243;][\/vc_column][vc_column width=&#8221;2\/3&#8243;][vc_empty_space height=&#8221;30px&#8221;][vc_column_text] O Conselho Geral Ordin\u00e1rio \u00e9 o \u00f3rg\u00e3o de assist\u00eancia direta ao Prep\u00f3sito Geral no que se refere ao governo da Ordem (Art. 189, Constitui\u00e7\u00f5es CC.RR.) [\/vc_column_text][vc_column_text] Acompanham ao atual Padre Geral os seguintes religiosos presb\u00edteros teatinos: [\/vc_column_text][\/vc_column][vc_column width=&#8221;1\/6&#8243;][\/vc_column][\/vc_row][vc_row el_id=&#8221;todos&#8221;][vc_column width=&#8221;1\/6&#8243;][\/vc_column][vc_column width=&#8221;2\/3&#8243;][vc_empty_space height=&#8221;40px&#8221;][\/vc_column][vc_column width=&#8221;1\/6&#8243;][\/vc_column][\/vc_row][vc_row][vc_column][\/vc_column][\/vc_row][vc_row][vc_column][vc_wp_text][\/vc_wp_text][\/vc_column][\/vc_row]","og_url":"https:\/\/teatinos.org\/pt-br\/conselho-geral-ordinario\/","og_site_name":"Teatinos","article_modified_time":"2025-10-20T21:10:47+00:00","twitter_card":"summary_large_image","twitter_misc":{"Est. tempo de leitura":"1 minuto"},"schema":{"@context":"https:\/\/schema.org","@graph":[{"@type":"WebPage","@id":"https:\/\/teatinos.org\/pt-br\/conselho-geral-ordinario\/","url":"https:\/\/teatinos.org\/pt-br\/conselho-geral-ordinario\/","name":"Conselho Geral Ordin\u00e1rio - Teatinos","isPartOf":{"@id":"https:\/\/teatinos.org\/pt-br\/#website"},"datePublished":"2019-12-17T17:08:09+00:00","dateModified":"2025-10-20T21:10:47+00:00","breadcrumb":{"@id":"https:\/\/teatinos.org\/pt-br\/conselho-geral-ordinario\/#breadcrumb"},"inLanguage":"pt-BR","potentialAction":[{"@type":"ReadAction","target":["https:\/\/teatinos.org\/pt-br\/conselho-geral-ordinario\/"]}]},{"@type":"BreadcrumbList","@id":"https:\/\/teatinos.org\/pt-br\/conselho-geral-ordinario\/#breadcrumb","itemListElement":[{"@type":"ListItem","position":1,"name":"Portada","item":"https:\/\/teatinos.org\/pt-br\/"},{"@type":"ListItem","position":2,"name":"Conselho Geral Ordin\u00e1rio"}]},{"@type":"WebSite","@id":"https:\/\/teatinos.org\/pt-br\/#website","url":"https:\/\/teatinos.org\/pt-br\/","name":"Teatinos","description":"Orden de Cl\u00e9rigos Regulares","potentialAction":[{"@type":"SearchAction","target":{"@type":"EntryPoint","urlTemplate":"https:\/\/teatinos.org\/pt-br\/?s={search_term_string}"},"query-input":{"@type":"PropertyValueSpecification","valueRequired":true,"valueName":"search_term_string"}}],"inLanguage":"pt-BR"}]}},"rttpg_featured_image_url":null,"rttpg_author":{"display_name":"admin","author_link":"https:\/\/teatinos.org\/pt-br\/author\/admin\/"},"rttpg_comment":0,"rttpg_category":" <a href=\"https:\/\/teatinos.org\/pt-br\/?taxonomy=translation_priority&#038;term=opcional-pt-br\" rel=\"tag\">Opcional<\/a>","rttpg_excerpt":"[vc_row][vc_column width=&#8221;1\/6&#8243;][\/vc_column][vc_column width=&#8221;2\/3&#8243;][vc_empty_space height=&#8221;30px&#8221;][vc_column_text] O Conselho Geral Ordin\u00e1rio \u00e9 o \u00f3rg\u00e3o de assist\u00eancia direta ao Prep\u00f3sito Geral no que se refere ao governo da Ordem (Art. 189, Constitui\u00e7\u00f5es CC.RR.) [\/vc_column_text][vc_column_text] Acompanham ao atual Padre Geral os seguintes religiosos presb\u00edteros teatinos: [\/vc_column_text][\/vc_column][vc_column width=&#8221;1\/6&#8243;][\/vc_column][\/vc_row][vc_row el_id=&#8221;todos&#8221;][vc_column width=&#8221;1\/6&#8243;][\/vc_column][vc_column width=&#8221;2\/3&#8243;][vc_empty_space height=&#8221;40px&#8221;][\/vc_column][vc_column width=&#8221;1\/6&#8243;][\/vc_column][\/vc_row][vc_row][vc_column][\/vc_column][\/vc_row][vc_row][vc_column][vc_wp_text][\/vc_wp_text][\/vc_column][\/vc_row]","_links":{"self":[{"href":"https:\/\/teatinos.org\/pt-br\/wp-json\/wp\/v2\/pages\/3583","targetHints":{"allow":["GET"]}}],"collection":[{"href":"https:\/\/teatinos.org\/pt-br\/wp-json\/wp\/v2\/pages"}],"about":[{"href":"https:\/\/teatinos.org\/pt-br\/wp-json\/wp\/v2\/types\/page"}],"author":[{"embeddable":true,"href":"https:\/\/teatinos.org\/pt-br\/wp-json\/wp\/v2\/users\/1"}],"replies":[{"embeddable":true,"href":"https:\/\/teatinos.org\/pt-br\/wp-json\/wp\/v2\/comments?post=3583"}],"version-history":[{"count":5,"href":"https:\/\/teatinos.org\/pt-br\/wp-json\/wp\/v2\/pages\/3583\/revisions"}],"predecessor-version":[{"id":20469,"href":"https:\/\/teatinos.org\/pt-br\/wp-json\/wp\/v2\/pages\/3583\/revisions\/20469"}],"wp:attachment":[{"href":"https:\/\/teatinos.org\/pt-br\/wp-json\/wp\/v2\/media?parent=3583"}],"curies":[{"name":"wp","href":"https:\/\/api.w.org\/{rel}","templated":true}]}}