{"id":3570,"date":"2019-12-17T16:22:26","date_gmt":"2019-12-17T16:22:26","guid":{"rendered":"http:\/\/teatinos.org\/?page_id=3570"},"modified":"2025-10-20T21:13:01","modified_gmt":"2025-10-20T21:13:01","slug":"curia-geral","status":"publish","type":"page","link":"https:\/\/teatinos.org\/pt-br\/curia-geral\/","title":{"rendered":"C\u00faria Geral"},"content":{"rendered":"<p>[vc_row][vc_column width=&#8221;1\/6&#8243;][\/vc_column][vc_column width=&#8221;2\/3&#8243;][vc_empty_space height=&#8221;30px&#8221;][vc_column_text]<\/p>\n<p style=\"text-align: center;\">Para afian\u00e7ar a vida religiosa da Ordem e desenvolver com maior consist\u00eancia, especialmente a potestade judicial, o governo de nosso Instituto implica o desenvolvimento de outras fun\u00e7\u00f5es, que completam, junto com o Conselho Geral Ordin\u00e1rio, a configura\u00e7\u00e3o da C\u00faria Geral.<\/p>\n<p>[\/vc_column_text][vc_column_text]<\/p>\n<h5 style=\"text-align: center;\">Os of\u00edcios que completam a C\u00faria Geral s\u00e3o os seguintes:<\/h5>\n<p>[\/vc_column_text][\/vc_column][vc_column width=&#8221;1\/6&#8243;][\/vc_column][\/vc_row][vc_row el_id=&#8221;todos&#8221;][vc_column width=&#8221;1\/6&#8243;][\/vc_column][vc_column width=&#8221;2\/3&#8243;][vc_empty_space height=&#8221;40px&#8221;][\/vc_column][vc_column width=&#8221;1\/6&#8243;][\/vc_column][\/vc_row][vc_row][vc_column]<div class=\"portfolio\"><div id=\"js-grid-awesome-work\" class=\"col-3 with-space\"><!-- PORTOFLIO ITEM --><div class=\"cbp-item \"><img decoding=\"async\" src=\"https:\/\/teatinos.org\/wp-content\/uploads\/2018\/07\/Marcelo-Zubia.jpg\" alt=\"\"><div class=\"hover-port\"><div class=\"hover-in\"><div class=\"position-center-center full-width\"><h6>PROCURADOR GERAL<\/h6><span>Que trata ante a Santa S\u00e9 os assuntos da Ordem. Esta fun\u00e7\u00e3o vem sendo desempenhada atualmente pelo Rev. Pe. Marcelo Ra\u00fal Zub\u00eda, C.R.\r\n\r\nPode contact\u00e1-lo em: <strong>procuratoregenerale@teatinos.org<\/strong><\/span><a href=\"https:\/\/teatinos.org\/pt-br\/kora_portfolio\/procurador-geral\/\" class=\"singlePage\" rel=\"nofollow\"><i class=\"fa fa-link\"><\/i><\/a><a href=\"https:\/\/teatinos.org\/wp-content\/uploads\/2018\/07\/Marcelo-Zubia.jpg\" class=\"cbp-lightbox\" data-title=\"\"><i class=\"ion-ios-search-strong\"><\/i><\/a><\/div><\/div><\/div><\/div><!-- End Portfolio  Layout --><!-- PORTOFLIO ITEM --><div class=\"cbp-item \"><img decoding=\"async\" src=\"https:\/\/teatinos.org\/wp-content\/uploads\/2018\/07\/WEB-Fotos-Secretario-General-2-2025.png\" alt=\"\"><div class=\"hover-port\"><div class=\"hover-in\"><div class=\"position-center-center full-width\"><h6>SECRET\u00c1RIO GERAL<\/h6><span>Quem anota, escreve e d\u00e1 f\u00e9 p\u00fablica de todos os documentos ou atas que, desde a C\u00faria Geral, pertencem ao governo da Ordem. Este of\u00edcio \u00e9 exercido hoje pelo Rev. Pe. Antonio Cabrera Olmedo, C.R.\r\n\r\nPode contact\u00e1-lo em: <strong>segretariogenerale@teatinos.org<\/strong><\/span><a href=\"https:\/\/teatinos.org\/pt-br\/kora_portfolio\/secretario-geral\/\" class=\"singlePage\" rel=\"nofollow\"><i class=\"fa fa-link\"><\/i><\/a><a href=\"https:\/\/teatinos.org\/wp-content\/uploads\/2018\/07\/WEB-Fotos-Secretario-General-2-2025.png\" class=\"cbp-lightbox\" data-title=\"\"><i class=\"ion-ios-search-strong\"><\/i><\/a><\/div><\/div><\/div><\/div><!-- End Portfolio  Layout --><!-- PORTOFLIO ITEM --><div class=\"cbp-item \"><img decoding=\"async\" src=\"https:\/\/teatinos.org\/wp-content\/uploads\/2022\/02\/WEB-Fotos-Economo-General-1-2025.png\" alt=\"\"><div class=\"hover-port\"><div class=\"hover-in\"><div class=\"position-center-center full-width\"><h6>EC\u00d4NOMO GERAL<\/h6><span>Quem cuida e leva adiante a administra\u00e7\u00e3o dos bens temporais da Ordem. De tal cargo se ocupa atualmente o Rev. Pe. Osman Proc\u00f3pio da Silva, C.R.\r\n\r\nPode contact\u00e1-lo em: <strong>economogenerale@teatinos.org<\/strong><\/span><a href=\"https:\/\/teatinos.org\/pt-br\/kora_portfolio\/economo-geral\/\" class=\"singlePage\" rel=\"nofollow\"><i class=\"fa fa-link\"><\/i><\/a><a href=\"https:\/\/teatinos.org\/wp-content\/uploads\/2022\/02\/WEB-Fotos-Economo-General-1-2025.png\" class=\"cbp-lightbox\" data-title=\"\"><i class=\"ion-ios-search-strong\"><\/i><\/a><\/div><\/div><\/div><\/div><!-- End Portfolio  Layout --><!-- PORTOFLIO ITEM --><div class=\"cbp-item \"><img decoding=\"async\" src=\"https:\/\/teatinos.org\/wp-content\/uploads\/2018\/07\/WEB-Fotos-Procurador-General-1-2025.png\" alt=\"\"><div class=\"hover-port\"><div class=\"hover-in\"><div class=\"position-center-center full-width\"><h6>POSTULADOR GERAL PARA AS CAUSAS DOS SANTOS<\/h6><span>Que se ocupa de tudo aquilo que se relaciona com a vida, obra e santidade dos membros da Ordem que foram canonizados ou estejam em processo de beatifica\u00e7\u00e3o ou canoniza\u00e7\u00e3o. No presente momento, esta fun\u00e7\u00e3o a ocupa o Rev. Pe. Ambr\u00f3sio Cots Dorca, C.R.\r\n\r\nPode contact\u00e1-lo em: <strong>postulatoregenerale@teatinos.org<\/strong><\/span><a href=\"https:\/\/teatinos.org\/pt-br\/kora_portfolio\/postulador-geral-para-as-causas-dos-santos\/\" class=\"singlePage\" rel=\"nofollow\"><i class=\"fa fa-link\"><\/i><\/a><a href=\"https:\/\/teatinos.org\/wp-content\/uploads\/2018\/07\/WEB-Fotos-Procurador-General-1-2025.png\" class=\"cbp-lightbox\" data-title=\"\"><i class=\"ion-ios-search-strong\"><\/i><\/a><\/div><\/div><\/div><\/div><!-- End Portfolio  Layout --><!-- PORTOFLIO ITEM --><div class=\"cbp-item \"><img decoding=\"async\" src=\"https:\/\/teatinos.org\/wp-content\/uploads\/2018\/07\/PadreJuanRobertoOrqueida.jpg\" alt=\"\"><div class=\"hover-port\"><div class=\"hover-in\"><div class=\"position-center-center full-width\"><h6>PREFEITO DO ARQUIVO E DA BIBLIOTECA GERAL DA ORDEM<\/h6><span>Quem cuida do Arquivo hist\u00f3rico e da Biblioteca da C\u00faria Geral. Esta tarefa na atualidade \u00e9 levada a cabo pelo Rev. Pe. Juan Roberto Orqueida Guaglianone, C.R., sacerdote teatino argentino, especializado em liturgia e arquivista.\r\n\r\nPode ser contactado em: <strong>archiviogenerale@teatinos.org<\/strong><\/span><a href=\"https:\/\/teatinos.org\/pt-br\/kora_portfolio\/prefeito-do-arquivo-e-da-biblioteca-geral-da-ordem\/\" class=\"singlePage\" rel=\"nofollow\"><i class=\"fa fa-link\"><\/i><\/a><a href=\"https:\/\/teatinos.org\/wp-content\/uploads\/2018\/07\/PadreJuanRobertoOrqueida.jpg\" class=\"cbp-lightbox\" data-title=\"\"><i class=\"ion-ios-search-strong\"><\/i><\/a><\/div><\/div><\/div><\/div><!-- End Portfolio  Layout --><!-- PORTOFLIO ITEM --><div class=\"cbp-item \"><img decoding=\"async\" src=\"https:\/\/teatinos.org\/wp-content\/uploads\/2022\/02\/WEB-Fotos-Delegado-Formacion-1-2025.png\" alt=\"\"><div class=\"hover-port\"><div class=\"hover-in\"><div class=\"position-center-center full-width\"><h6>DELEGADO GERAL DE FORMA\u00c7\u00c3O<\/h6><span>Quem tem que cuidar de tudo relacionado \u00e0 Forma\u00e7\u00e3o do Cl\u00e9rigo Regular. Este cargo \u00e9 exercido hoje pelo R.P. Ismael Correa Marin, C.R.<\/span><a href=\"https:\/\/teatinos.org\/pt-br\/kora_portfolio\/delegado-geral-de-formacao\/\" class=\"singlePage\" rel=\"nofollow\"><i class=\"fa fa-link\"><\/i><\/a><a href=\"https:\/\/teatinos.org\/wp-content\/uploads\/2022\/02\/WEB-Fotos-Delegado-Formacion-1-2025.png\" class=\"cbp-lightbox\" data-title=\"\"><i class=\"ion-ios-search-strong\"><\/i><\/a><\/div><\/div><\/div><\/div><!-- End Portfolio  Layout --><!-- PORTOFLIO ITEM --><div class=\"cbp-item \"><img decoding=\"async\" src=\"https:\/\/teatinos.org\/wp-content\/uploads\/2022\/02\/WEB-Fotos-Economo-General-1-2025.png\" alt=\"\"><div class=\"hover-port\"><div class=\"hover-in\"><div class=\"position-center-center full-width\"><h6>MESTRE DOS JUNIORES<\/h6><span>\u00c9 respons\u00e1vel pelo Col\u00e9gio Internacional Teatino \"S\u00e50 Jose Maria Tomasi\". O R.P. Osman Proc\u00f3pio da Silva, C.R. \u00e9 actualmente o respons\u00e1vel por esta tarefa.<\/span><a href=\"https:\/\/teatinos.org\/pt-br\/kora_portfolio\/mestre-dos-juniores\/\" class=\"singlePage\" rel=\"nofollow\"><i class=\"fa fa-link\"><\/i><\/a><a href=\"https:\/\/teatinos.org\/wp-content\/uploads\/2022\/02\/WEB-Fotos-Economo-General-1-2025.png\" class=\"cbp-lightbox\" data-title=\"\"><i class=\"ion-ios-search-strong\"><\/i><\/a><\/div><\/div><\/div><\/div><!-- End Portfolio  Layout --><!-- PORTOFLIO ITEM --><div class=\"cbp-item \"><img decoding=\"async\" src=\"https:\/\/teatinos.org\/wp-content\/uploads\/2022\/02\/Escudo-cuadrado-2023-POR.png\" alt=\"\"><div class=\"hover-port\"><div class=\"hover-in\"><div class=\"position-center-center full-width\"><h6>COMISS\u00c3O DE 500 ANOS<\/h6><span>\u00c9 o Comit\u00e9 Organizador das celebra\u00e7\u00f5es do 500\u00ba anivers\u00e1rio da funda\u00e7\u00e3o da Ordem dos Cl\u00e9rigos Regulares Teatinos.\r\n\r\nPode contact\u00e1-los por correio eletr\u00f3nico: <strong>500anni@teatinos.org<\/strong><\/span><a href=\"https:\/\/teatinos.org\/pt-br\/kora_portfolio\/comissao-de-500-anos\/\" class=\"singlePage\" rel=\"nofollow\"><i class=\"fa fa-link\"><\/i><\/a><a href=\"https:\/\/teatinos.org\/wp-content\/uploads\/2022\/02\/Escudo-cuadrado-2023-POR.png\" class=\"cbp-lightbox\" data-title=\"\"><i class=\"ion-ios-search-strong\"><\/i><\/a><\/div><\/div><\/div><\/div><!-- End Portfolio  Layout --><!-- PORTOFLIO ITEM --><div class=\"cbp-item \"><img decoding=\"async\" src=\"https:\/\/teatinos.org\/wp-content\/uploads\/2022\/02\/WEB-Fotos-Rector-Basilica-2-2025.png\" alt=\"\"><div class=\"hover-port\"><div class=\"hover-in\"><div class=\"position-center-center full-width\"><h6>REITOR DA BAS\u00cdLICA<\/h6><span>\u00c9 respons\u00e1vel por tudo o que diz respeito \u00e0 Bas\u00edlica de Sant'Andrea della Valle, em Roma, sede da Casa Geral da Ordem dos Cl\u00e9rigos Regulares dos Teatinos. O R.P. Jo\u00e3o Marcos Boranelli, C.R., \u00e9 actualmente o respons\u00e1vel pela Bas\u00edlica.\r\n\r\nPode contact\u00e1-lo em: <strong>santandrea@teatinos.org<\/strong><\/span><a href=\"https:\/\/teatinos.org\/pt-br\/kora_portfolio\/reitor-da-basilica\/\" class=\"singlePage\" rel=\"nofollow\"><i class=\"fa fa-link\"><\/i><\/a><a href=\"https:\/\/teatinos.org\/wp-content\/uploads\/2022\/02\/WEB-Fotos-Rector-Basilica-2-2025.png\" class=\"cbp-lightbox\" data-title=\"\"><i class=\"ion-ios-search-strong\"><\/i><\/a><\/div><\/div><\/div><\/div><!-- End Portfolio  Layout --><\/div><!-- LOAD MORE --><div id=\"js-loadMore-awesome-work\" class=\"text-center\"><a href=\"https:\/\/teatinos.org\/pt-br\/?page_id=&number_of_posts=10&pl=normal-4-column-full&select_portfolio_categories=23\" class=\"cbp-l-loadMore-link btn text-center\" rel=\"nofollow\"><span class=\"cbp-l-loadMore-defaultText\">Ver m\u00e1s<\/span><span class=\"cbp-l-loadMore-loadingText\">No hay m\u00e1s para mostrar<\/span><span class=\"cbp-l-loadMore-noMoreLoading\"><\/span><\/a><\/div><\/div>[\/vc_column][\/vc_row][vc_row][vc_column][vc_wp_text]<script type=\"text\/javascript\">jQuery(document).ready(function(){jQuery('#consejo').hide();jQuery('#curia').hide();jQuery('body').on('click', '.cbp-filter-item', function(){seleccion = jQuery(this ).data('filter');if (seleccion == '.curia-general'){jQuery('#curia').show();jQuery('#todos').hide();jQuery('#consejo').hide();}else if (seleccion == '.consejo-general-ordinario'){jQuery('#curia').hide();jQuery('#consejo').show();jQuery('#todos').hide();}else{jQuery('#consejo').hide();jQuery('#todos').show();jQuery('#curia').hide();}})})<\/script>[\/vc_wp_text][\/vc_column][\/vc_row]<\/p>\n","protected":false},"excerpt":{"rendered":"<p>[vc_row][vc_column width=&#8221;1\/6&#8243;][\/vc_column][vc_column width=&#8221;2\/3&#8243;][vc_empty_space height=&#8221;30px&#8221;][vc_column_text] Para afian\u00e7ar a vida religiosa da Ordem e desenvolver com maior consist\u00eancia, especialmente a potestade judicial, o governo de nosso Instituto implica o desenvolvimento de outras fun\u00e7\u00f5es, que completam, junto com o Conselho Geral Ordin\u00e1rio, a configura\u00e7\u00e3o da C\u00faria Geral. [\/vc_column_text][vc_column_text] Os of\u00edcios que completam a&hellip;<\/p>\n","protected":false},"author":1,"featured_media":0,"parent":0,"menu_order":0,"comment_status":"closed","ping_status":"closed","template":"","meta":{"_acf_changed":false,"footnotes":"","_links_to":"","_links_to_target":""},"class_list":["post-3570","page","type-page","status-publish","hentry"],"acf":[],"yoast_head":"<!-- This site is optimized with the Yoast SEO plugin v23.5 - https:\/\/yoast.com\/wordpress\/plugins\/seo\/ -->\n<title>C\u00faria Geral - Teatinos<\/title>\n<meta name=\"robots\" content=\"index, follow, max-snippet:-1, max-image-preview:large, max-video-preview:-1\" \/>\n<link rel=\"canonical\" href=\"https:\/\/teatinos.org\/pt-br\/curia-geral\/\" \/>\n<meta property=\"og:locale\" content=\"pt_BR\" \/>\n<meta property=\"og:type\" content=\"article\" \/>\n<meta property=\"og:title\" content=\"C\u00faria Geral - Teatinos\" \/>\n<meta property=\"og:description\" content=\"[vc_row][vc_column width=&#8221;1\/6&#8243;][\/vc_column][vc_column width=&#8221;2\/3&#8243;][vc_empty_space height=&#8221;30px&#8221;][vc_column_text] Para afian\u00e7ar a vida religiosa da Ordem e desenvolver com maior consist\u00eancia, especialmente a potestade judicial, o governo de nosso Instituto implica o desenvolvimento de outras fun\u00e7\u00f5es, que completam, junto com o Conselho Geral Ordin\u00e1rio, a configura\u00e7\u00e3o da C\u00faria Geral. [\/vc_column_text][vc_column_text] Os of\u00edcios que completam a&hellip;\" \/>\n<meta property=\"og:url\" content=\"https:\/\/teatinos.org\/pt-br\/curia-geral\/\" \/>\n<meta property=\"og:site_name\" content=\"Teatinos\" \/>\n<meta property=\"article:modified_time\" content=\"2025-10-20T21:13:01+00:00\" \/>\n<meta name=\"twitter:card\" content=\"summary_large_image\" \/>\n<meta name=\"twitter:label1\" content=\"Est. tempo de leitura\" \/>\n\t<meta name=\"twitter:data1\" content=\"1 minuto\" \/>\n<script type=\"application\/ld+json\" class=\"yoast-schema-graph\">{\"@context\":\"https:\/\/schema.org\",\"@graph\":[{\"@type\":\"WebPage\",\"@id\":\"https:\/\/teatinos.org\/pt-br\/curia-geral\/\",\"url\":\"https:\/\/teatinos.org\/pt-br\/curia-geral\/\",\"name\":\"C\u00faria Geral - Teatinos\",\"isPartOf\":{\"@id\":\"https:\/\/teatinos.org\/pt-br\/#website\"},\"datePublished\":\"2019-12-17T16:22:26+00:00\",\"dateModified\":\"2025-10-20T21:13:01+00:00\",\"breadcrumb\":{\"@id\":\"https:\/\/teatinos.org\/pt-br\/curia-geral\/#breadcrumb\"},\"inLanguage\":\"pt-BR\",\"potentialAction\":[{\"@type\":\"ReadAction\",\"target\":[\"https:\/\/teatinos.org\/pt-br\/curia-geral\/\"]}]},{\"@type\":\"BreadcrumbList\",\"@id\":\"https:\/\/teatinos.org\/pt-br\/curia-geral\/#breadcrumb\",\"itemListElement\":[{\"@type\":\"ListItem\",\"position\":1,\"name\":\"Portada\",\"item\":\"https:\/\/teatinos.org\/pt-br\/\"},{\"@type\":\"ListItem\",\"position\":2,\"name\":\"C\u00faria Geral\"}]},{\"@type\":\"WebSite\",\"@id\":\"https:\/\/teatinos.org\/pt-br\/#website\",\"url\":\"https:\/\/teatinos.org\/pt-br\/\",\"name\":\"Teatinos\",\"description\":\"Orden de Cl\u00e9rigos Regulares\",\"potentialAction\":[{\"@type\":\"SearchAction\",\"target\":{\"@type\":\"EntryPoint\",\"urlTemplate\":\"https:\/\/teatinos.org\/pt-br\/?s={search_term_string}\"},\"query-input\":{\"@type\":\"PropertyValueSpecification\",\"valueRequired\":true,\"valueName\":\"search_term_string\"}}],\"inLanguage\":\"pt-BR\"}]}<\/script>\n<!-- \/ Yoast SEO plugin. -->","yoast_head_json":{"title":"C\u00faria Geral - Teatinos","robots":{"index":"index","follow":"follow","max-snippet":"max-snippet:-1","max-image-preview":"max-image-preview:large","max-video-preview":"max-video-preview:-1"},"canonical":"https:\/\/teatinos.org\/pt-br\/curia-geral\/","og_locale":"pt_BR","og_type":"article","og_title":"C\u00faria Geral - Teatinos","og_description":"[vc_row][vc_column width=&#8221;1\/6&#8243;][\/vc_column][vc_column width=&#8221;2\/3&#8243;][vc_empty_space height=&#8221;30px&#8221;][vc_column_text] Para afian\u00e7ar a vida religiosa da Ordem e desenvolver com maior consist\u00eancia, especialmente a potestade judicial, o governo de nosso Instituto implica o desenvolvimento de outras fun\u00e7\u00f5es, que completam, junto com o Conselho Geral Ordin\u00e1rio, a configura\u00e7\u00e3o da C\u00faria Geral. [\/vc_column_text][vc_column_text] Os of\u00edcios que completam a&hellip;","og_url":"https:\/\/teatinos.org\/pt-br\/curia-geral\/","og_site_name":"Teatinos","article_modified_time":"2025-10-20T21:13:01+00:00","twitter_card":"summary_large_image","twitter_misc":{"Est. tempo de leitura":"1 minuto"},"schema":{"@context":"https:\/\/schema.org","@graph":[{"@type":"WebPage","@id":"https:\/\/teatinos.org\/pt-br\/curia-geral\/","url":"https:\/\/teatinos.org\/pt-br\/curia-geral\/","name":"C\u00faria Geral - Teatinos","isPartOf":{"@id":"https:\/\/teatinos.org\/pt-br\/#website"},"datePublished":"2019-12-17T16:22:26+00:00","dateModified":"2025-10-20T21:13:01+00:00","breadcrumb":{"@id":"https:\/\/teatinos.org\/pt-br\/curia-geral\/#breadcrumb"},"inLanguage":"pt-BR","potentialAction":[{"@type":"ReadAction","target":["https:\/\/teatinos.org\/pt-br\/curia-geral\/"]}]},{"@type":"BreadcrumbList","@id":"https:\/\/teatinos.org\/pt-br\/curia-geral\/#breadcrumb","itemListElement":[{"@type":"ListItem","position":1,"name":"Portada","item":"https:\/\/teatinos.org\/pt-br\/"},{"@type":"ListItem","position":2,"name":"C\u00faria Geral"}]},{"@type":"WebSite","@id":"https:\/\/teatinos.org\/pt-br\/#website","url":"https:\/\/teatinos.org\/pt-br\/","name":"Teatinos","description":"Orden de Cl\u00e9rigos Regulares","potentialAction":[{"@type":"SearchAction","target":{"@type":"EntryPoint","urlTemplate":"https:\/\/teatinos.org\/pt-br\/?s={search_term_string}"},"query-input":{"@type":"PropertyValueSpecification","valueRequired":true,"valueName":"search_term_string"}}],"inLanguage":"pt-BR"}]}},"rttpg_featured_image_url":null,"rttpg_author":{"display_name":"admin","author_link":"https:\/\/teatinos.org\/pt-br\/author\/admin\/"},"rttpg_comment":0,"rttpg_category":" <a href=\"https:\/\/teatinos.org\/pt-br\/?taxonomy=translation_priority&#038;term=opcional-pt-br\" rel=\"tag\">Opcional<\/a>","rttpg_excerpt":"[vc_row][vc_column width=&#8221;1\/6&#8243;][\/vc_column][vc_column width=&#8221;2\/3&#8243;][vc_empty_space height=&#8221;30px&#8221;][vc_column_text] Para afian\u00e7ar a vida religiosa da Ordem e desenvolver com maior consist\u00eancia, especialmente a potestade judicial, o governo de nosso Instituto implica o desenvolvimento de outras fun\u00e7\u00f5es, que completam, junto com o Conselho Geral Ordin\u00e1rio, a configura\u00e7\u00e3o da C\u00faria Geral. [\/vc_column_text][vc_column_text] Os of\u00edcios que completam a&hellip;","_links":{"self":[{"href":"https:\/\/teatinos.org\/pt-br\/wp-json\/wp\/v2\/pages\/3570","targetHints":{"allow":["GET"]}}],"collection":[{"href":"https:\/\/teatinos.org\/pt-br\/wp-json\/wp\/v2\/pages"}],"about":[{"href":"https:\/\/teatinos.org\/pt-br\/wp-json\/wp\/v2\/types\/page"}],"author":[{"embeddable":true,"href":"https:\/\/teatinos.org\/pt-br\/wp-json\/wp\/v2\/users\/1"}],"replies":[{"embeddable":true,"href":"https:\/\/teatinos.org\/pt-br\/wp-json\/wp\/v2\/comments?post=3570"}],"version-history":[{"count":7,"href":"https:\/\/teatinos.org\/pt-br\/wp-json\/wp\/v2\/pages\/3570\/revisions"}],"predecessor-version":[{"id":20475,"href":"https:\/\/teatinos.org\/pt-br\/wp-json\/wp\/v2\/pages\/3570\/revisions\/20475"}],"wp:attachment":[{"href":"https:\/\/teatinos.org\/pt-br\/wp-json\/wp\/v2\/media?parent=3570"}],"curies":[{"name":"wp","href":"https:\/\/api.w.org\/{rel}","templated":true}]}}