{"id":3565,"date":"2019-12-17T15:49:14","date_gmt":"2019-12-17T15:49:14","guid":{"rendered":"http:\/\/teatinos.org\/?page_id=3565"},"modified":"2025-10-21T14:23:02","modified_gmt":"2025-10-21T14:23:02","slug":"padre-geral","status":"publish","type":"page","link":"https:\/\/teatinos.org\/pt-br\/padre-geral\/","title":{"rendered":"Padre Geral"},"content":{"rendered":"<p>[vc_row css=&#8221;.vc_custom_1459790702196{padding-top: 100px !important;padding-bottom: 100px !important;}&#8221;][vc_column]<div class=\"container \">[vc_row_inner][vc_column_inner width=&#8221;1\/2&#8243;][vc_single_image image=&#8221;20606&#8243; img_size=&#8221;845&#215;605&#8243; alignment=&#8221;right&#8221; css=&#8221;.vc_custom_1761056576606{margin-top: 10px !important;}&#8221;][\/vc_column_inner][vc_column_inner width=&#8221;1\/2&#8243;][vc_column_text]No dia 15 de junho de 2015, na sess\u00e3o eletiva do 163\u00ba Cap\u00edtulo Geral da Ordem dos Cl\u00e9rigos Regulares (Teatinos), foi eleito o 93\u00ba Prep\u00f3sito Geral dos Cl\u00e9rigos Regulares (Teatinos), o Rev.mo. Pe. Salvador Rodea Gonz\u00e1lez, C.R.<\/p>\n<p>Padre Salvador Rodea nasceu na Cidade do M\u00e9xico (D.F.), M\u00e9xico, no dia 10 de setembro de 1971.<\/p>\n<p>Iniciou seu aspirantado teatino no dia 23\/08\/1992, logo ap\u00f3s haver cursado estudos de engenharia e de haver participado em distintas experi\u00eancias mission\u00e1rias em par\u00f3quias.<\/p>\n<p>Finalizado o ano can\u00f4nico de Noviciado, que havia come\u00e7ado no dia 06\/08\/1995, emitiu sua Primeira Profiss\u00e3o religiosa teatina no dia 07\/08\/1996.<\/p>\n<p>Recebeu o Sacramento da Ordem Sagrada no Primeiro Grau do Diaconato no dia 20\/02\/2000, enquanto que, em aten\u00e7\u00e3o ao mesmo Sacramento, lhe foi conferido o Segundo Grau do Presbiterato no dia 27\/08\/2000. Realizou seus estudos filos\u00f3ficos-teol\u00f3gicos no Instituto Teol\u00f3gico dos Jesu\u00edtas na Cidade do M\u00e9xico e na Pontif\u00edcia Universidade Cat\u00f3lica do M\u00e9xico.<\/p>\n<p>Ao longo dos anos do exerc\u00edcio de seu minist\u00e9rio sacerdotal desenvolveu diversas tarefas na Prov\u00edncia Teatina do M\u00e9xico, a qual originariamente pertence, sendo Prep\u00f3sito Provincial entre os anos 2011-2015.<\/p>\n<p>A 13 de janeiro de 2022, na sess\u00e3o electiva apropriada do 164\u00ba Cap\u00edtulo Geral da Ordem dos Cl\u00e9rigos Regulares Teatinos, o 93\u00ba Superior Geral dos Cl\u00e9rigos Regulares Teatinos foi reeleito para o sex\u00e9nio 2022-2028.<\/p>\n<p>Pode ser contactado atrav\u00e9s do seguinte endere\u00e7o eletr\u00f3nico: <strong>prepositogenerale@teatinos.org<\/strong>[\/vc_column_text][\/vc_column_inner][\/vc_row_inner]<\/div>[\/vc_column][\/vc_row]<\/p>\n","protected":false},"excerpt":{"rendered":"<p>[vc_row css=&#8221;.vc_custom_1459790702196{padding-top: 100px !important;padding-bottom: 100px !important;}&#8221;][vc_column][\/vc_column][\/vc_row]<\/p>\n","protected":false},"author":1,"featured_media":0,"parent":0,"menu_order":0,"comment_status":"closed","ping_status":"closed","template":"","meta":{"_acf_changed":false,"footnotes":"","_links_to":"","_links_to_target":""},"class_list":["post-3565","page","type-page","status-publish","hentry"],"acf":[],"yoast_head":"<!-- This site is optimized with the Yoast SEO plugin v23.5 - https:\/\/yoast.com\/wordpress\/plugins\/seo\/ -->\n<title>Padre Geral - Teatinos<\/title>\n<meta name=\"robots\" content=\"index, follow, max-snippet:-1, max-image-preview:large, max-video-preview:-1\" \/>\n<link rel=\"canonical\" href=\"https:\/\/teatinos.org\/pt-br\/padre-geral\/\" \/>\n<meta property=\"og:locale\" content=\"pt_BR\" \/>\n<meta property=\"og:type\" content=\"article\" \/>\n<meta property=\"og:title\" content=\"Padre Geral - Teatinos\" \/>\n<meta property=\"og:description\" content=\"[vc_row css=&#8221;.vc_custom_1459790702196{padding-top: 100px !important;padding-bottom: 100px !important;}&#8221;][vc_column][\/vc_column][\/vc_row]\" \/>\n<meta property=\"og:url\" content=\"https:\/\/teatinos.org\/pt-br\/padre-geral\/\" \/>\n<meta property=\"og:site_name\" content=\"Teatinos\" \/>\n<meta property=\"article:modified_time\" content=\"2025-10-21T14:23:02+00:00\" \/>\n<meta name=\"twitter:card\" content=\"summary_large_image\" \/>\n<meta name=\"twitter:label1\" content=\"Est. tempo de leitura\" \/>\n\t<meta name=\"twitter:data1\" content=\"2 minutos\" \/>\n<script type=\"application\/ld+json\" class=\"yoast-schema-graph\">{\"@context\":\"https:\/\/schema.org\",\"@graph\":[{\"@type\":\"WebPage\",\"@id\":\"https:\/\/teatinos.org\/pt-br\/padre-geral\/\",\"url\":\"https:\/\/teatinos.org\/pt-br\/padre-geral\/\",\"name\":\"Padre Geral - Teatinos\",\"isPartOf\":{\"@id\":\"https:\/\/teatinos.org\/pt-br\/#website\"},\"datePublished\":\"2019-12-17T15:49:14+00:00\",\"dateModified\":\"2025-10-21T14:23:02+00:00\",\"breadcrumb\":{\"@id\":\"https:\/\/teatinos.org\/pt-br\/padre-geral\/#breadcrumb\"},\"inLanguage\":\"pt-BR\",\"potentialAction\":[{\"@type\":\"ReadAction\",\"target\":[\"https:\/\/teatinos.org\/pt-br\/padre-geral\/\"]}]},{\"@type\":\"BreadcrumbList\",\"@id\":\"https:\/\/teatinos.org\/pt-br\/padre-geral\/#breadcrumb\",\"itemListElement\":[{\"@type\":\"ListItem\",\"position\":1,\"name\":\"Portada\",\"item\":\"https:\/\/teatinos.org\/pt-br\/\"},{\"@type\":\"ListItem\",\"position\":2,\"name\":\"Padre Geral\"}]},{\"@type\":\"WebSite\",\"@id\":\"https:\/\/teatinos.org\/pt-br\/#website\",\"url\":\"https:\/\/teatinos.org\/pt-br\/\",\"name\":\"Teatinos\",\"description\":\"Orden de Cl\u00e9rigos Regulares\",\"potentialAction\":[{\"@type\":\"SearchAction\",\"target\":{\"@type\":\"EntryPoint\",\"urlTemplate\":\"https:\/\/teatinos.org\/pt-br\/?s={search_term_string}\"},\"query-input\":{\"@type\":\"PropertyValueSpecification\",\"valueRequired\":true,\"valueName\":\"search_term_string\"}}],\"inLanguage\":\"pt-BR\"}]}<\/script>\n<!-- \/ Yoast SEO plugin. -->","yoast_head_json":{"title":"Padre Geral - Teatinos","robots":{"index":"index","follow":"follow","max-snippet":"max-snippet:-1","max-image-preview":"max-image-preview:large","max-video-preview":"max-video-preview:-1"},"canonical":"https:\/\/teatinos.org\/pt-br\/padre-geral\/","og_locale":"pt_BR","og_type":"article","og_title":"Padre Geral - Teatinos","og_description":"[vc_row css=&#8221;.vc_custom_1459790702196{padding-top: 100px !important;padding-bottom: 100px !important;}&#8221;][vc_column][\/vc_column][\/vc_row]","og_url":"https:\/\/teatinos.org\/pt-br\/padre-geral\/","og_site_name":"Teatinos","article_modified_time":"2025-10-21T14:23:02+00:00","twitter_card":"summary_large_image","twitter_misc":{"Est. tempo de leitura":"2 minutos"},"schema":{"@context":"https:\/\/schema.org","@graph":[{"@type":"WebPage","@id":"https:\/\/teatinos.org\/pt-br\/padre-geral\/","url":"https:\/\/teatinos.org\/pt-br\/padre-geral\/","name":"Padre Geral - Teatinos","isPartOf":{"@id":"https:\/\/teatinos.org\/pt-br\/#website"},"datePublished":"2019-12-17T15:49:14+00:00","dateModified":"2025-10-21T14:23:02+00:00","breadcrumb":{"@id":"https:\/\/teatinos.org\/pt-br\/padre-geral\/#breadcrumb"},"inLanguage":"pt-BR","potentialAction":[{"@type":"ReadAction","target":["https:\/\/teatinos.org\/pt-br\/padre-geral\/"]}]},{"@type":"BreadcrumbList","@id":"https:\/\/teatinos.org\/pt-br\/padre-geral\/#breadcrumb","itemListElement":[{"@type":"ListItem","position":1,"name":"Portada","item":"https:\/\/teatinos.org\/pt-br\/"},{"@type":"ListItem","position":2,"name":"Padre Geral"}]},{"@type":"WebSite","@id":"https:\/\/teatinos.org\/pt-br\/#website","url":"https:\/\/teatinos.org\/pt-br\/","name":"Teatinos","description":"Orden de Cl\u00e9rigos Regulares","potentialAction":[{"@type":"SearchAction","target":{"@type":"EntryPoint","urlTemplate":"https:\/\/teatinos.org\/pt-br\/?s={search_term_string}"},"query-input":{"@type":"PropertyValueSpecification","valueRequired":true,"valueName":"search_term_string"}}],"inLanguage":"pt-BR"}]}},"rttpg_featured_image_url":null,"rttpg_author":{"display_name":"admin","author_link":"https:\/\/teatinos.org\/pt-br\/author\/admin\/"},"rttpg_comment":0,"rttpg_category":" <a href=\"https:\/\/teatinos.org\/pt-br\/?taxonomy=translation_priority&#038;term=opcional-pt-br\" rel=\"tag\">Opcional<\/a>","rttpg_excerpt":"[vc_row css=&#8221;.vc_custom_1459790702196{padding-top: 100px !important;padding-bottom: 100px !important;}&#8221;][vc_column][\/vc_column][\/vc_row]","_links":{"self":[{"href":"https:\/\/teatinos.org\/pt-br\/wp-json\/wp\/v2\/pages\/3565","targetHints":{"allow":["GET"]}}],"collection":[{"href":"https:\/\/teatinos.org\/pt-br\/wp-json\/wp\/v2\/pages"}],"about":[{"href":"https:\/\/teatinos.org\/pt-br\/wp-json\/wp\/v2\/types\/page"}],"author":[{"embeddable":true,"href":"https:\/\/teatinos.org\/pt-br\/wp-json\/wp\/v2\/users\/1"}],"replies":[{"embeddable":true,"href":"https:\/\/teatinos.org\/pt-br\/wp-json\/wp\/v2\/comments?post=3565"}],"version-history":[{"count":9,"href":"https:\/\/teatinos.org\/pt-br\/wp-json\/wp\/v2\/pages\/3565\/revisions"}],"predecessor-version":[{"id":20629,"href":"https:\/\/teatinos.org\/pt-br\/wp-json\/wp\/v2\/pages\/3565\/revisions\/20629"}],"wp:attachment":[{"href":"https:\/\/teatinos.org\/pt-br\/wp-json\/wp\/v2\/media?parent=3565"}],"curies":[{"name":"wp","href":"https:\/\/api.w.org\/{rel}","templated":true}]}}