{"id":3562,"date":"2019-12-17T15:44:00","date_gmt":"2019-12-17T15:44:00","guid":{"rendered":"http:\/\/teatinos.org\/?page_id=3562"},"modified":"2025-10-21T14:19:01","modified_gmt":"2025-10-21T14:19:01","slug":"que-fazemos","status":"publish","type":"page","link":"https:\/\/teatinos.org\/pt-br\/que-fazemos\/","title":{"rendered":"\u00bfQue fazemos?"},"content":{"rendered":"<p>[vc_row css=&#8221;.vc_custom_1459790702196{padding-top: 100px !important;padding-bottom: 100px !important;}&#8221;][vc_column]<div class=\"container \">[vc_row_inner][vc_column_inner width=&#8221;1\/2&#8243;][vc_empty_space height=&#8221;8px&#8221;][vc_single_image image=&#8221;20611&#8243; img_size=&#8221;full&#8221;][\/vc_column_inner][vc_column_inner width=&#8221;1\/2&#8243;][vc_empty_space height=&#8221;3px&#8221;][vc_column_text]Na hora de apresentar o qu\u00ea, n\u00f3s Teatinos, fazemos, ser\u00e1 sempre bom recordar o Art. 32 de nossas atuais Constitui\u00e7\u00f5es:[\/vc_column_text][vc_column_text]<\/p>\n<blockquote><p>\u00abNossa peculiar forma de vida religiosa, inspirada nos Atos dos Ap\u00f3stolos, exige, sobretudo, que, dando em todas partes um testemunho da Ressurrei\u00e7\u00e3o de Jesus, perseveremos<em> dedicados \u00e0 ora\u00e7\u00e3o e ao minist\u00e9rio da Palavra <\/em>e que trabalhemos arduamente pela salva\u00e7\u00e3o dos irm\u00e3os. Devemos, assim, considerar como pr\u00f3prio de nosso estado qualquer tarefa, trabalho ou minist\u00e9rio eclesi\u00e1stico, sobretudo, se a isso nos impulsiona a obedi\u00eancia ou a caridade\u00bb.<\/p><\/blockquote>\n<p>[\/vc_column_text][vc_column_text]N\u00f3s, Teatinos, nos dedicamos, portanto, a tudo aquilo no que o sacerd\u00f3cio ministerial esteja implicado, al\u00e9m da realiza\u00e7\u00e3o de uma atividade pastoral em particular. Hoje em dia, nosso trabalho se concentra em par\u00f3quias e col\u00e9gios, o que se prolonga na aten\u00e7\u00e3o de outras comunidades religiosas, no ensino acad\u00eamico em nossos institutos escolares e no acompanhamento de diversas situa\u00e7\u00f5es de dificuldade pessoal e social.[\/vc_column_text][\/vc_column_inner][\/vc_row_inner]<\/div>[\/vc_column][\/vc_row]<\/p>\n","protected":false},"excerpt":{"rendered":"<p>[vc_row css=&#8221;.vc_custom_1459790702196{padding-top: 100px !important;padding-bottom: 100px !important;}&#8221;][vc_column][\/vc_column][\/vc_row]<\/p>\n","protected":false},"author":1,"featured_media":0,"parent":0,"menu_order":0,"comment_status":"closed","ping_status":"closed","template":"","meta":{"_acf_changed":false,"footnotes":"","_links_to":"","_links_to_target":""},"class_list":["post-3562","page","type-page","status-publish","hentry"],"acf":[],"yoast_head":"<!-- This site is optimized with the Yoast SEO plugin v23.5 - https:\/\/yoast.com\/wordpress\/plugins\/seo\/ -->\n<title>\u00bfQue fazemos? - Teatinos<\/title>\n<meta name=\"robots\" content=\"index, follow, max-snippet:-1, max-image-preview:large, max-video-preview:-1\" \/>\n<link rel=\"canonical\" href=\"https:\/\/teatinos.org\/pt-br\/que-fazemos\/\" \/>\n<meta property=\"og:locale\" content=\"pt_BR\" \/>\n<meta property=\"og:type\" content=\"article\" \/>\n<meta property=\"og:title\" content=\"\u00bfQue fazemos? - Teatinos\" \/>\n<meta property=\"og:description\" content=\"[vc_row css=&#8221;.vc_custom_1459790702196{padding-top: 100px !important;padding-bottom: 100px !important;}&#8221;][vc_column][\/vc_column][\/vc_row]\" \/>\n<meta property=\"og:url\" content=\"https:\/\/teatinos.org\/pt-br\/que-fazemos\/\" \/>\n<meta property=\"og:site_name\" content=\"Teatinos\" \/>\n<meta property=\"article:modified_time\" content=\"2025-10-21T14:19:01+00:00\" \/>\n<meta name=\"twitter:card\" content=\"summary_large_image\" \/>\n<meta name=\"twitter:label1\" content=\"Est. tempo de leitura\" \/>\n\t<meta name=\"twitter:data1\" content=\"1 minuto\" \/>\n<script type=\"application\/ld+json\" class=\"yoast-schema-graph\">{\"@context\":\"https:\/\/schema.org\",\"@graph\":[{\"@type\":\"WebPage\",\"@id\":\"https:\/\/teatinos.org\/pt-br\/que-fazemos\/\",\"url\":\"https:\/\/teatinos.org\/pt-br\/que-fazemos\/\",\"name\":\"\u00bfQue fazemos? - Teatinos\",\"isPartOf\":{\"@id\":\"https:\/\/teatinos.org\/pt-br\/#website\"},\"datePublished\":\"2019-12-17T15:44:00+00:00\",\"dateModified\":\"2025-10-21T14:19:01+00:00\",\"breadcrumb\":{\"@id\":\"https:\/\/teatinos.org\/pt-br\/que-fazemos\/#breadcrumb\"},\"inLanguage\":\"pt-BR\",\"potentialAction\":[{\"@type\":\"ReadAction\",\"target\":[\"https:\/\/teatinos.org\/pt-br\/que-fazemos\/\"]}]},{\"@type\":\"BreadcrumbList\",\"@id\":\"https:\/\/teatinos.org\/pt-br\/que-fazemos\/#breadcrumb\",\"itemListElement\":[{\"@type\":\"ListItem\",\"position\":1,\"name\":\"Portada\",\"item\":\"https:\/\/teatinos.org\/pt-br\/\"},{\"@type\":\"ListItem\",\"position\":2,\"name\":\"\u00bfQue fazemos?\"}]},{\"@type\":\"WebSite\",\"@id\":\"https:\/\/teatinos.org\/pt-br\/#website\",\"url\":\"https:\/\/teatinos.org\/pt-br\/\",\"name\":\"Teatinos\",\"description\":\"Orden de Cl\u00e9rigos Regulares\",\"potentialAction\":[{\"@type\":\"SearchAction\",\"target\":{\"@type\":\"EntryPoint\",\"urlTemplate\":\"https:\/\/teatinos.org\/pt-br\/?s={search_term_string}\"},\"query-input\":{\"@type\":\"PropertyValueSpecification\",\"valueRequired\":true,\"valueName\":\"search_term_string\"}}],\"inLanguage\":\"pt-BR\"}]}<\/script>\n<!-- \/ Yoast SEO plugin. -->","yoast_head_json":{"title":"\u00bfQue fazemos? - Teatinos","robots":{"index":"index","follow":"follow","max-snippet":"max-snippet:-1","max-image-preview":"max-image-preview:large","max-video-preview":"max-video-preview:-1"},"canonical":"https:\/\/teatinos.org\/pt-br\/que-fazemos\/","og_locale":"pt_BR","og_type":"article","og_title":"\u00bfQue fazemos? - Teatinos","og_description":"[vc_row css=&#8221;.vc_custom_1459790702196{padding-top: 100px !important;padding-bottom: 100px !important;}&#8221;][vc_column][\/vc_column][\/vc_row]","og_url":"https:\/\/teatinos.org\/pt-br\/que-fazemos\/","og_site_name":"Teatinos","article_modified_time":"2025-10-21T14:19:01+00:00","twitter_card":"summary_large_image","twitter_misc":{"Est. tempo de leitura":"1 minuto"},"schema":{"@context":"https:\/\/schema.org","@graph":[{"@type":"WebPage","@id":"https:\/\/teatinos.org\/pt-br\/que-fazemos\/","url":"https:\/\/teatinos.org\/pt-br\/que-fazemos\/","name":"\u00bfQue fazemos? - Teatinos","isPartOf":{"@id":"https:\/\/teatinos.org\/pt-br\/#website"},"datePublished":"2019-12-17T15:44:00+00:00","dateModified":"2025-10-21T14:19:01+00:00","breadcrumb":{"@id":"https:\/\/teatinos.org\/pt-br\/que-fazemos\/#breadcrumb"},"inLanguage":"pt-BR","potentialAction":[{"@type":"ReadAction","target":["https:\/\/teatinos.org\/pt-br\/que-fazemos\/"]}]},{"@type":"BreadcrumbList","@id":"https:\/\/teatinos.org\/pt-br\/que-fazemos\/#breadcrumb","itemListElement":[{"@type":"ListItem","position":1,"name":"Portada","item":"https:\/\/teatinos.org\/pt-br\/"},{"@type":"ListItem","position":2,"name":"\u00bfQue fazemos?"}]},{"@type":"WebSite","@id":"https:\/\/teatinos.org\/pt-br\/#website","url":"https:\/\/teatinos.org\/pt-br\/","name":"Teatinos","description":"Orden de Cl\u00e9rigos Regulares","potentialAction":[{"@type":"SearchAction","target":{"@type":"EntryPoint","urlTemplate":"https:\/\/teatinos.org\/pt-br\/?s={search_term_string}"},"query-input":{"@type":"PropertyValueSpecification","valueRequired":true,"valueName":"search_term_string"}}],"inLanguage":"pt-BR"}]}},"rttpg_featured_image_url":null,"rttpg_author":{"display_name":"admin","author_link":"https:\/\/teatinos.org\/pt-br\/author\/admin\/"},"rttpg_comment":0,"rttpg_category":" <a href=\"https:\/\/teatinos.org\/pt-br\/?taxonomy=translation_priority&#038;term=opcional-pt-br\" rel=\"tag\">Opcional<\/a>","rttpg_excerpt":"[vc_row css=&#8221;.vc_custom_1459790702196{padding-top: 100px !important;padding-bottom: 100px !important;}&#8221;][vc_column][\/vc_column][\/vc_row]","_links":{"self":[{"href":"https:\/\/teatinos.org\/pt-br\/wp-json\/wp\/v2\/pages\/3562","targetHints":{"allow":["GET"]}}],"collection":[{"href":"https:\/\/teatinos.org\/pt-br\/wp-json\/wp\/v2\/pages"}],"about":[{"href":"https:\/\/teatinos.org\/pt-br\/wp-json\/wp\/v2\/types\/page"}],"author":[{"embeddable":true,"href":"https:\/\/teatinos.org\/pt-br\/wp-json\/wp\/v2\/users\/1"}],"replies":[{"embeddable":true,"href":"https:\/\/teatinos.org\/pt-br\/wp-json\/wp\/v2\/comments?post=3562"}],"version-history":[{"count":7,"href":"https:\/\/teatinos.org\/pt-br\/wp-json\/wp\/v2\/pages\/3562\/revisions"}],"predecessor-version":[{"id":20624,"href":"https:\/\/teatinos.org\/pt-br\/wp-json\/wp\/v2\/pages\/3562\/revisions\/20624"}],"wp:attachment":[{"href":"https:\/\/teatinos.org\/pt-br\/wp-json\/wp\/v2\/media?parent=3562"}],"curies":[{"name":"wp","href":"https:\/\/api.w.org\/{rel}","templated":true}]}}