{"id":3557,"date":"2019-12-17T15:37:23","date_gmt":"2019-12-17T15:37:23","guid":{"rendered":"http:\/\/teatinos.org\/?page_id=3557"},"modified":"2025-10-21T14:16:25","modified_gmt":"2025-10-21T14:16:25","slug":"os-teatinos","status":"publish","type":"page","link":"https:\/\/teatinos.org\/pt-br\/os-teatinos\/","title":{"rendered":"Os Teatinos"},"content":{"rendered":"<p>[vc_row css=&#8221;.vc_custom_1459790702196{padding-top: 100px !important;padding-bottom: 100px !important;}&#8221;][vc_column]<div class=\"container \">[vc_row_inner][vc_column_inner width=&#8221;1\/2&#8243;][vc_column_text]<\/p>\n<p><span style=\"color: #000000;\">A Ordem dos Cl\u00e9rigos Regulares (Teatinos) \u00e9 um Instituto clerical de Vida Consagrada Religiosa, que nasceu no dia 14 de setembro de 1524. Nesse dia, Jo\u00e3o Pedro Carafa, Caetano Thiene, Bonif\u00e1cio de\u2019Colli e Paulo Consiglieri, quatro homens de f\u00e9, comprometidos com o desejo de reformar a Igreja \u00abna cabe\u00e7a e nos membros\u00bb, emitem sua profiss\u00e3o religiosa ante o Delegado Pontif\u00edcio para este efeito, Mons. Jo\u00e3o Batista Bonciano, bispo de Caserta.<\/span><\/p>\n<p><span style=\"color: #000000;\">Esse ato encerra um processo iniciado certo tempo atr\u00e1s quando o sacerdote e jurisconsulto Caetano Thiene se estabeleceu novamente em Roma (1523) e continuou atuando no Orat\u00f3rio do Divino Amor romano. Neste contexto, fez uma profunda amizade com outro membro deste Orat\u00f3rio, Jo\u00e3o Pedro Carafa, bispo de Chieti ?cidade que, em latim, se denomina Theate e que d\u00e1 o nome \u00e0 nossa Ordem \u00abTeatina\u00bb? e arcebispo di Brindisi, ademais de examinador do clero romano por vontade do papa Clemente VII.<\/span><\/p>\n<p><span style=\"color: #000000;\">Os dois cl\u00e9rigos vinham desenhando estes projetos de renova\u00e7\u00e3o eclesial, tendo como eixo referencial a disciplina clerical. A ideia-m\u00e3e era a forma\u00e7\u00e3o de um grupo de sacerdotes bem consolidado, ainda que fosse pequeno, que pudesse ser figura e modelo para a vida dos eclesi\u00e1sticos. Este \u00e9 o princ\u00edpio que rege nosso carisma religioso.<\/span><\/p>\n<p>[\/vc_column_text][\/vc_column_inner][vc_column_inner width=&#8221;1\/2&#8243;]<div  class=\"single-slides no-controls\"><\/div>[vc_empty_space height=&#8221;5px&#8221;][vc_single_image image=&#8221;20601&#8243; img_size=&#8221;full&#8221; alignment=&#8221;center&#8221;][\/vc_column_inner][\/vc_row_inner][vc_column_text]<\/p>\n<h3>As Teatinas, &#8220;Sem outra regra al\u00e9m do Amor&#8221;<\/h3>\n<p>No mesmo ano de 1547, em que \u201csubia\u201d ao c\u00e9u S\u00e3o Caetano, (quando ofereceu sua vida pela paz da cidade de N\u00e1poles), nascia naquela mesma cidade \u00darsula Benincasa.<\/p>\n<p>Com uma personalidade sens\u00edvel e sonhadora, um dia, \u00darsula reuniu um grupo de amigas e familiares com quem estabeleceu uma comunidade de vida consagrada, vivendo em um convento localizado no Monte Sant\u00b4Elmo, sempre naquela cidade de N\u00e1poles. Possu\u00edam como objetivo espiritual e apost\u00f3lico, o desejo de dedicar-se \u00e0 contempla\u00e7\u00e3o das realidades divinas e ajudar as jovens napolitanas a crescerem como mulheres livres e bem preparadas para uma vida crist\u00e3.<\/p>\n<p>A Congrega\u00e7\u00e3o das Religiosas Teatinas da Imaculada Concei\u00e7\u00e3o foi fundada pela Vener\u00e1vel \u00darsula Benincasa no ano de 1583, em N\u00e1poles (It\u00e1lia), movida por um \u00fanico desejo: &#8220;A gl\u00f3ria de Deus e a salva\u00e7\u00e3o das almas&#8221;.<\/p>\n<p>Ainda hoje e sempre Iluminadas pelo testemunho de sua fundadora, a Congrega\u00e7\u00e3o busca viver o lema que inspira suas obras e reflete o verdadeiro ideal crist\u00e3o para todos os tempos: &#8220;Sem outra Regra al\u00e9m do Amor&#8221;.<\/p>\n<p>Nossas Constitui\u00e7\u00f5es dedicam a primeira parte do cap\u00edtulo VII, \u00e0 nossa rela\u00e7\u00e3o fraterna com as religiosas teatinas e afirmam, em particular, que \u201ca Ordem dos Cl\u00e9rigos Regulares e as Religiosas Teatinas da Imaculada Concei\u00e7\u00e3o, unidos de maneira peculiar por uma comunh\u00e3o espiritual, formam-se dentro da Santa M\u00e3e Igreja como uma fam\u00edlia religiosa mais ampla, estreitamente ligada pelos la\u00e7os de caridade e tradi\u00e7\u00e3o \u201d, Const. CC.RR., art. 94<\/p>\n<p>Isso nos convida a cada vez mais, avan\u00e7ar no cultivo dessas rela\u00e7\u00f5es fraternas, a fim de estabelecer pontos de colabora\u00e7\u00e3o, que incentivem a assist\u00eancia m\u00fatua no trabalho apost\u00f3lico, para que esse esp\u00edrito de solidariedade possa se cristalizar em um sinal claro e tang\u00edvel de unidade eclesial.<\/p>\n<p><a href=\"http:\/\/www.religiosasteatinas.com\/\" target=\"_blank\" rel=\"noopener noreferrer\">http:\/\/www.religiosasteatinas.com\/<\/a>[\/vc_column_text]<\/div>[\/vc_column][\/vc_row]<\/p>\n","protected":false},"excerpt":{"rendered":"<p>[vc_row css=&#8221;.vc_custom_1459790702196{padding-top: 100px !important;padding-bottom: 100px !important;}&#8221;][vc_column][\/vc_column][\/vc_row]<\/p>\n","protected":false},"author":1,"featured_media":0,"parent":0,"menu_order":0,"comment_status":"closed","ping_status":"closed","template":"","meta":{"_acf_changed":false,"footnotes":"","_links_to":"","_links_to_target":""},"class_list":["post-3557","page","type-page","status-publish","hentry"],"acf":[],"yoast_head":"<!-- This site is optimized with the Yoast SEO plugin v23.5 - https:\/\/yoast.com\/wordpress\/plugins\/seo\/ -->\n<title>Os Teatinos - Teatinos<\/title>\n<meta name=\"robots\" content=\"index, follow, max-snippet:-1, max-image-preview:large, max-video-preview:-1\" \/>\n<link rel=\"canonical\" href=\"https:\/\/teatinos.org\/pt-br\/os-teatinos\/\" \/>\n<meta property=\"og:locale\" content=\"pt_BR\" \/>\n<meta property=\"og:type\" content=\"article\" \/>\n<meta property=\"og:title\" content=\"Os Teatinos - Teatinos\" \/>\n<meta property=\"og:description\" content=\"[vc_row css=&#8221;.vc_custom_1459790702196{padding-top: 100px !important;padding-bottom: 100px !important;}&#8221;][vc_column][\/vc_column][\/vc_row]\" \/>\n<meta property=\"og:url\" content=\"https:\/\/teatinos.org\/pt-br\/os-teatinos\/\" \/>\n<meta property=\"og:site_name\" content=\"Teatinos\" \/>\n<meta property=\"article:modified_time\" content=\"2025-10-21T14:16:25+00:00\" \/>\n<meta name=\"twitter:card\" content=\"summary_large_image\" \/>\n<meta name=\"twitter:label1\" content=\"Est. tempo de leitura\" \/>\n\t<meta name=\"twitter:data1\" content=\"3 minutos\" \/>\n<script type=\"application\/ld+json\" class=\"yoast-schema-graph\">{\"@context\":\"https:\/\/schema.org\",\"@graph\":[{\"@type\":\"WebPage\",\"@id\":\"https:\/\/teatinos.org\/pt-br\/os-teatinos\/\",\"url\":\"https:\/\/teatinos.org\/pt-br\/os-teatinos\/\",\"name\":\"Os Teatinos - Teatinos\",\"isPartOf\":{\"@id\":\"https:\/\/teatinos.org\/pt-br\/#website\"},\"datePublished\":\"2019-12-17T15:37:23+00:00\",\"dateModified\":\"2025-10-21T14:16:25+00:00\",\"breadcrumb\":{\"@id\":\"https:\/\/teatinos.org\/pt-br\/os-teatinos\/#breadcrumb\"},\"inLanguage\":\"pt-BR\",\"potentialAction\":[{\"@type\":\"ReadAction\",\"target\":[\"https:\/\/teatinos.org\/pt-br\/os-teatinos\/\"]}]},{\"@type\":\"BreadcrumbList\",\"@id\":\"https:\/\/teatinos.org\/pt-br\/os-teatinos\/#breadcrumb\",\"itemListElement\":[{\"@type\":\"ListItem\",\"position\":1,\"name\":\"Portada\",\"item\":\"https:\/\/teatinos.org\/pt-br\/\"},{\"@type\":\"ListItem\",\"position\":2,\"name\":\"Os Teatinos\"}]},{\"@type\":\"WebSite\",\"@id\":\"https:\/\/teatinos.org\/pt-br\/#website\",\"url\":\"https:\/\/teatinos.org\/pt-br\/\",\"name\":\"Teatinos\",\"description\":\"Orden de Cl\u00e9rigos Regulares\",\"potentialAction\":[{\"@type\":\"SearchAction\",\"target\":{\"@type\":\"EntryPoint\",\"urlTemplate\":\"https:\/\/teatinos.org\/pt-br\/?s={search_term_string}\"},\"query-input\":{\"@type\":\"PropertyValueSpecification\",\"valueRequired\":true,\"valueName\":\"search_term_string\"}}],\"inLanguage\":\"pt-BR\"}]}<\/script>\n<!-- \/ Yoast SEO plugin. -->","yoast_head_json":{"title":"Os Teatinos - Teatinos","robots":{"index":"index","follow":"follow","max-snippet":"max-snippet:-1","max-image-preview":"max-image-preview:large","max-video-preview":"max-video-preview:-1"},"canonical":"https:\/\/teatinos.org\/pt-br\/os-teatinos\/","og_locale":"pt_BR","og_type":"article","og_title":"Os Teatinos - Teatinos","og_description":"[vc_row css=&#8221;.vc_custom_1459790702196{padding-top: 100px !important;padding-bottom: 100px !important;}&#8221;][vc_column][\/vc_column][\/vc_row]","og_url":"https:\/\/teatinos.org\/pt-br\/os-teatinos\/","og_site_name":"Teatinos","article_modified_time":"2025-10-21T14:16:25+00:00","twitter_card":"summary_large_image","twitter_misc":{"Est. tempo de leitura":"3 minutos"},"schema":{"@context":"https:\/\/schema.org","@graph":[{"@type":"WebPage","@id":"https:\/\/teatinos.org\/pt-br\/os-teatinos\/","url":"https:\/\/teatinos.org\/pt-br\/os-teatinos\/","name":"Os Teatinos - Teatinos","isPartOf":{"@id":"https:\/\/teatinos.org\/pt-br\/#website"},"datePublished":"2019-12-17T15:37:23+00:00","dateModified":"2025-10-21T14:16:25+00:00","breadcrumb":{"@id":"https:\/\/teatinos.org\/pt-br\/os-teatinos\/#breadcrumb"},"inLanguage":"pt-BR","potentialAction":[{"@type":"ReadAction","target":["https:\/\/teatinos.org\/pt-br\/os-teatinos\/"]}]},{"@type":"BreadcrumbList","@id":"https:\/\/teatinos.org\/pt-br\/os-teatinos\/#breadcrumb","itemListElement":[{"@type":"ListItem","position":1,"name":"Portada","item":"https:\/\/teatinos.org\/pt-br\/"},{"@type":"ListItem","position":2,"name":"Os Teatinos"}]},{"@type":"WebSite","@id":"https:\/\/teatinos.org\/pt-br\/#website","url":"https:\/\/teatinos.org\/pt-br\/","name":"Teatinos","description":"Orden de Cl\u00e9rigos Regulares","potentialAction":[{"@type":"SearchAction","target":{"@type":"EntryPoint","urlTemplate":"https:\/\/teatinos.org\/pt-br\/?s={search_term_string}"},"query-input":{"@type":"PropertyValueSpecification","valueRequired":true,"valueName":"search_term_string"}}],"inLanguage":"pt-BR"}]}},"rttpg_featured_image_url":null,"rttpg_author":{"display_name":"admin","author_link":"https:\/\/teatinos.org\/pt-br\/author\/admin\/"},"rttpg_comment":0,"rttpg_category":" <a href=\"https:\/\/teatinos.org\/pt-br\/?taxonomy=translation_priority&#038;term=opcional-pt-br\" rel=\"tag\">Opcional<\/a>","rttpg_excerpt":"[vc_row css=&#8221;.vc_custom_1459790702196{padding-top: 100px !important;padding-bottom: 100px !important;}&#8221;][vc_column][\/vc_column][\/vc_row]","_links":{"self":[{"href":"https:\/\/teatinos.org\/pt-br\/wp-json\/wp\/v2\/pages\/3557","targetHints":{"allow":["GET"]}}],"collection":[{"href":"https:\/\/teatinos.org\/pt-br\/wp-json\/wp\/v2\/pages"}],"about":[{"href":"https:\/\/teatinos.org\/pt-br\/wp-json\/wp\/v2\/types\/page"}],"author":[{"embeddable":true,"href":"https:\/\/teatinos.org\/pt-br\/wp-json\/wp\/v2\/users\/1"}],"replies":[{"embeddable":true,"href":"https:\/\/teatinos.org\/pt-br\/wp-json\/wp\/v2\/comments?post=3557"}],"version-history":[{"count":12,"href":"https:\/\/teatinos.org\/pt-br\/wp-json\/wp\/v2\/pages\/3557\/revisions"}],"predecessor-version":[{"id":20618,"href":"https:\/\/teatinos.org\/pt-br\/wp-json\/wp\/v2\/pages\/3557\/revisions\/20618"}],"wp:attachment":[{"href":"https:\/\/teatinos.org\/pt-br\/wp-json\/wp\/v2\/media?parent=3557"}],"curies":[{"name":"wp","href":"https:\/\/api.w.org\/{rel}","templated":true}]}}