{"id":3550,"date":"2019-12-17T15:15:33","date_gmt":"2019-12-17T15:15:33","guid":{"rendered":"http:\/\/teatinos.org\/?page_id=3550"},"modified":"2022-05-28T20:49:34","modified_gmt":"2022-05-28T20:49:34","slug":"san-andres-avelino","status":"publish","type":"page","link":"https:\/\/teatinos.org\/pt-br\/san-andres-avelino\/","title":{"rendered":"Santo Andr\u00e9 Avelino"},"content":{"rendered":"<p>[vc_row css=&#8221;.vc_custom_1459790702196{padding-top: 100px !important;padding-bottom: 100px !important;}&#8221;][vc_column]<div class=\"container \">[vc_row_inner][vc_column_inner width=&#8221;5\/12&#8243;][vc_empty_space height=&#8221;8px&#8221;][vc_single_image image=&#8221;7102&#8243; img_size=&#8221;620 x 858&#8243;][\/vc_column_inner][vc_column_inner width=&#8221;7\/12&#8243;][vc_column_text]<span style=\"color: #000000;\">Lanceloto -seu nome origin\u00e1rio- Avelino nasceu em Castronuovo di Sant\u2019Andrea (It\u00e1lia), em 1521. Seus padres foram Jo\u00e3o Avelino e Margarita Apelli. Depois dos primeiros estudos, se formou em jurisprud\u00eancia e foi ordenado sacerdote, exercendo, durante certo tempo, o of\u00edcio de defensor de diversas causas no foro eclesi\u00e1stico. No entanto, havendo experimentado que esse exerc\u00edcio professional colocava em perigo sua vida espiritual, decidiu dedicar-se inteiramente ao minist\u00e9rio sagrado. Neste \u00e2mbito, levou adiante com zelo apost\u00f3lico o servi\u00e7o a Deus e ao pr\u00f3ximo, at\u00e9 o ponto de colocar em risco sua vida f\u00edsica. Recebido na Casa Teatina de S\u00e3o Paulo Maior de N\u00e1poles, teve por Mestre de Novi\u00e7os ao Beato Jo\u00e3o Marinoni e, por companheiro, ao Beato Paulo Burali. Fez sua profiss\u00e3o religiosa teatina no dia 25 de janeiro de 1558, tomando o nome de Andr\u00e9. Aos tr\u00eas votos religiosos conhecidos, a saber: castidade, pobreza y obedi\u00eancia, acrescentou o de renunciar decididamente a pr\u00f3pria vontade e percorrer incessantemente o caminho da convers\u00e3o evang\u00e9lica.<\/span><\/p>\n<p><span style=\"color: #000000;\">Homem virtuoso e justo, sacerdote pleno de un\u00e7\u00e3o e religioso corajosamente observante, se empenhou com todas suas for\u00e7as na aten\u00e7\u00e3o dos fi\u00e9is de diversos setores sociais, se destacando como confessor e diretor espiritual, particularmente de membros da nobreza e de funcion\u00e1rios p\u00fablicos. Desempenhou, por sua vez, com esmero o of\u00edcio de Mestre de Novi\u00e7os e em outros servi\u00e7os que a Ordem Teatina lhe confiou.<\/span><\/p>\n<p><span style=\"color: #000000;\">Colaborou com S\u00e3o Carlos Borromeu na Arquidiocese de Mil\u00e3o, para aplicar as reformas do Conc\u00edlio de Trento nesta jurisdi\u00e7\u00e3o eclesi\u00e1stica, fazendo o pr\u00f3prio com o Beato Paulo Burali na diocese de Piacenza.<\/span>[\/vc_column_text][\/vc_column_inner][\/vc_row_inner][vc_column_text]<span style=\"color: #000000;\">Como resultado de seu apostolado epistolar e das tarefas que realizou, se pode recolher um copioso material liter\u00e1rio produzido por Santo Andr\u00e9 Avelino, que foi oportunamente publicado.<\/span><\/p>\n<p><span style=\"color: #000000;\">No dia 10 de novembro de 1608, enquanto se preparava para iniciar a celebra\u00e7\u00e3o da Eucaristia, sofreu um ataque de apoplexia, e morreu. Foi beatificado por Urbano VIII em 1624 e canonizado por Clemente XI no dia 22 de maio de 1712. Sua festa lit\u00fargica \u00e9 celebrada no dia 10 de novembro. Santo Andr\u00e9 Avelino \u00e9 invocado, por causa do modo que morreu, como protetor contra a morte imprevista.<\/span>[\/vc_column_text]<\/div>[\/vc_column][\/vc_row]<\/p>\n","protected":false},"excerpt":{"rendered":"<p>[vc_row css=&#8221;.vc_custom_1459790702196{padding-top: 100px !important;padding-bottom: 100px !important;}&#8221;][vc_column][\/vc_column][\/vc_row]<\/p>\n","protected":false},"author":1,"featured_media":0,"parent":0,"menu_order":0,"comment_status":"closed","ping_status":"closed","template":"","meta":{"_acf_changed":false,"footnotes":"","_links_to":"","_links_to_target":""},"class_list":["post-3550","page","type-page","status-publish","hentry"],"acf":[],"yoast_head":"<!-- This site is optimized with the Yoast SEO plugin v23.5 - https:\/\/yoast.com\/wordpress\/plugins\/seo\/ -->\n<title>Santo Andr\u00e9 Avelino - Teatinos<\/title>\n<meta name=\"robots\" content=\"index, follow, max-snippet:-1, max-image-preview:large, max-video-preview:-1\" \/>\n<link rel=\"canonical\" href=\"https:\/\/teatinos.org\/pt-br\/san-andres-avelino\/\" \/>\n<meta property=\"og:locale\" content=\"pt_BR\" \/>\n<meta property=\"og:type\" content=\"article\" \/>\n<meta property=\"og:title\" content=\"Santo Andr\u00e9 Avelino - Teatinos\" \/>\n<meta property=\"og:description\" content=\"[vc_row css=&#8221;.vc_custom_1459790702196{padding-top: 100px !important;padding-bottom: 100px !important;}&#8221;][vc_column][\/vc_column][\/vc_row]\" \/>\n<meta property=\"og:url\" content=\"https:\/\/teatinos.org\/pt-br\/san-andres-avelino\/\" \/>\n<meta property=\"og:site_name\" content=\"Teatinos\" \/>\n<meta property=\"article:modified_time\" content=\"2022-05-28T20:49:34+00:00\" \/>\n<meta name=\"twitter:card\" content=\"summary_large_image\" \/>\n<meta name=\"twitter:label1\" content=\"Est. tempo de leitura\" \/>\n\t<meta name=\"twitter:data1\" content=\"2 minutos\" \/>\n<script type=\"application\/ld+json\" class=\"yoast-schema-graph\">{\"@context\":\"https:\/\/schema.org\",\"@graph\":[{\"@type\":\"WebPage\",\"@id\":\"https:\/\/teatinos.org\/pt-br\/san-andres-avelino\/\",\"url\":\"https:\/\/teatinos.org\/pt-br\/san-andres-avelino\/\",\"name\":\"Santo Andr\u00e9 Avelino - Teatinos\",\"isPartOf\":{\"@id\":\"https:\/\/teatinos.org\/pt-br\/#website\"},\"datePublished\":\"2019-12-17T15:15:33+00:00\",\"dateModified\":\"2022-05-28T20:49:34+00:00\",\"breadcrumb\":{\"@id\":\"https:\/\/teatinos.org\/pt-br\/san-andres-avelino\/#breadcrumb\"},\"inLanguage\":\"pt-BR\",\"potentialAction\":[{\"@type\":\"ReadAction\",\"target\":[\"https:\/\/teatinos.org\/pt-br\/san-andres-avelino\/\"]}]},{\"@type\":\"BreadcrumbList\",\"@id\":\"https:\/\/teatinos.org\/pt-br\/san-andres-avelino\/#breadcrumb\",\"itemListElement\":[{\"@type\":\"ListItem\",\"position\":1,\"name\":\"Portada\",\"item\":\"https:\/\/teatinos.org\/pt-br\/\"},{\"@type\":\"ListItem\",\"position\":2,\"name\":\"Santo Andr\u00e9 Avelino\"}]},{\"@type\":\"WebSite\",\"@id\":\"https:\/\/teatinos.org\/pt-br\/#website\",\"url\":\"https:\/\/teatinos.org\/pt-br\/\",\"name\":\"Teatinos\",\"description\":\"Orden de Cl\u00e9rigos Regulares\",\"potentialAction\":[{\"@type\":\"SearchAction\",\"target\":{\"@type\":\"EntryPoint\",\"urlTemplate\":\"https:\/\/teatinos.org\/pt-br\/?s={search_term_string}\"},\"query-input\":{\"@type\":\"PropertyValueSpecification\",\"valueRequired\":true,\"valueName\":\"search_term_string\"}}],\"inLanguage\":\"pt-BR\"}]}<\/script>\n<!-- \/ Yoast SEO plugin. -->","yoast_head_json":{"title":"Santo Andr\u00e9 Avelino - Teatinos","robots":{"index":"index","follow":"follow","max-snippet":"max-snippet:-1","max-image-preview":"max-image-preview:large","max-video-preview":"max-video-preview:-1"},"canonical":"https:\/\/teatinos.org\/pt-br\/san-andres-avelino\/","og_locale":"pt_BR","og_type":"article","og_title":"Santo Andr\u00e9 Avelino - Teatinos","og_description":"[vc_row css=&#8221;.vc_custom_1459790702196{padding-top: 100px !important;padding-bottom: 100px !important;}&#8221;][vc_column][\/vc_column][\/vc_row]","og_url":"https:\/\/teatinos.org\/pt-br\/san-andres-avelino\/","og_site_name":"Teatinos","article_modified_time":"2022-05-28T20:49:34+00:00","twitter_card":"summary_large_image","twitter_misc":{"Est. tempo de leitura":"2 minutos"},"schema":{"@context":"https:\/\/schema.org","@graph":[{"@type":"WebPage","@id":"https:\/\/teatinos.org\/pt-br\/san-andres-avelino\/","url":"https:\/\/teatinos.org\/pt-br\/san-andres-avelino\/","name":"Santo Andr\u00e9 Avelino - Teatinos","isPartOf":{"@id":"https:\/\/teatinos.org\/pt-br\/#website"},"datePublished":"2019-12-17T15:15:33+00:00","dateModified":"2022-05-28T20:49:34+00:00","breadcrumb":{"@id":"https:\/\/teatinos.org\/pt-br\/san-andres-avelino\/#breadcrumb"},"inLanguage":"pt-BR","potentialAction":[{"@type":"ReadAction","target":["https:\/\/teatinos.org\/pt-br\/san-andres-avelino\/"]}]},{"@type":"BreadcrumbList","@id":"https:\/\/teatinos.org\/pt-br\/san-andres-avelino\/#breadcrumb","itemListElement":[{"@type":"ListItem","position":1,"name":"Portada","item":"https:\/\/teatinos.org\/pt-br\/"},{"@type":"ListItem","position":2,"name":"Santo Andr\u00e9 Avelino"}]},{"@type":"WebSite","@id":"https:\/\/teatinos.org\/pt-br\/#website","url":"https:\/\/teatinos.org\/pt-br\/","name":"Teatinos","description":"Orden de Cl\u00e9rigos Regulares","potentialAction":[{"@type":"SearchAction","target":{"@type":"EntryPoint","urlTemplate":"https:\/\/teatinos.org\/pt-br\/?s={search_term_string}"},"query-input":{"@type":"PropertyValueSpecification","valueRequired":true,"valueName":"search_term_string"}}],"inLanguage":"pt-BR"}]}},"rttpg_featured_image_url":null,"rttpg_author":{"display_name":"admin","author_link":"https:\/\/teatinos.org\/pt-br\/author\/admin\/"},"rttpg_comment":0,"rttpg_category":" <a href=\"https:\/\/teatinos.org\/pt-br\/?taxonomy=translation_priority&#038;term=opcional-pt-br\" rel=\"tag\">Opcional<\/a>","rttpg_excerpt":"[vc_row css=&#8221;.vc_custom_1459790702196{padding-top: 100px !important;padding-bottom: 100px !important;}&#8221;][vc_column][\/vc_column][\/vc_row]","_links":{"self":[{"href":"https:\/\/teatinos.org\/pt-br\/wp-json\/wp\/v2\/pages\/3550","targetHints":{"allow":["GET"]}}],"collection":[{"href":"https:\/\/teatinos.org\/pt-br\/wp-json\/wp\/v2\/pages"}],"about":[{"href":"https:\/\/teatinos.org\/pt-br\/wp-json\/wp\/v2\/types\/page"}],"author":[{"embeddable":true,"href":"https:\/\/teatinos.org\/pt-br\/wp-json\/wp\/v2\/users\/1"}],"replies":[{"embeddable":true,"href":"https:\/\/teatinos.org\/pt-br\/wp-json\/wp\/v2\/comments?post=3550"}],"version-history":[{"count":7,"href":"https:\/\/teatinos.org\/pt-br\/wp-json\/wp\/v2\/pages\/3550\/revisions"}],"predecessor-version":[{"id":9629,"href":"https:\/\/teatinos.org\/pt-br\/wp-json\/wp\/v2\/pages\/3550\/revisions\/9629"}],"wp:attachment":[{"href":"https:\/\/teatinos.org\/pt-br\/wp-json\/wp\/v2\/media?parent=3550"}],"curies":[{"name":"wp","href":"https:\/\/api.w.org\/{rel}","templated":true}]}}