{"id":11850,"date":"2023-07-13T21:26:15","date_gmt":"2023-07-13T21:26:15","guid":{"rendered":"http:\/\/teatinos.org\/?page_id=11850"},"modified":"2024-07-17T21:46:15","modified_gmt":"2024-07-17T21:46:15","slug":"musical","status":"publish","type":"page","link":"https:\/\/teatinos.org\/pt-br\/musical\/","title":{"rendered":"Musical"},"content":{"rendered":"<p>[vc_row css=&#8221;.vc_custom_1688907696893{padding-top: 100px !important;padding-bottom: 100px !important;}&#8221;][vc_column]<div class=\"container \">[vc_empty_space height=&#8221;80px&#8221;][vc_column_text]<\/p>\n<h1>O Musical<\/h1>\n<p>[\/vc_column_text][vc_empty_space height=&#8221;80px&#8221;]<\/div><div class=\"container \">[vc_row_inner][vc_column_inner width=&#8221;1\/2&#8243;][vc_column_text]Not\u00edcias emocionantes para todos os amantes da m\u00fasica e da hist\u00f3ria teatinas! Temos o prazer de anunciar que est\u00e1 a ser desenvolvido um musical extraordin\u00e1rio para comemorar o 500\u00ba anivers\u00e1rio da Ordem dos Cl\u00e9rigos Regulares Teatinos, que ser\u00e1 celebrado a 14 de setembro de 2024.<\/p>\n<p>Este incr\u00edvel projeto musical \u00e9 liderado pelo talentoso diretor musical Christian Gara, que j\u00e1 provou a sua capacidade de criar experi\u00eancias musicais cativantes. O musical captar\u00e1 a ess\u00eancia e a import\u00e2ncia dos cl\u00e9rigos regulares teatinos ao longo dos s\u00e9culos, levando o p\u00fablico numa viagem inesquec\u00edvel pela hist\u00f3ria da ordem.<\/p>\n<p>Com m\u00fasica original e letras cativantes, a produ\u00e7\u00e3o contar\u00e1 com um elenco talentoso que dar\u00e1 vida \u00e0s principais personagens da Ordem Teatina. Desde os fundadores aos principais membros da ordem, a hist\u00f3ria desenrolar-se-\u00e1 num espet\u00e1culo cheio de paix\u00e3o, devo\u00e7\u00e3o e luta pela f\u00e9.<\/p>\n<p>O musical explorar\u00e1 a evolu\u00e7\u00e3o da Ordem dos Cl\u00e9rigos Regulares Teatinos, destacando o seu impacto na sociedade e o seu compromisso com a espiritualidade e o servi\u00e7o ao longo dos s\u00e9culos. Atrav\u00e9s da m\u00fasica e da narra\u00e7\u00e3o de hist\u00f3rias, ser\u00e1 transmitida a import\u00e2ncia dos valores teatinos e a sua influ\u00eancia no mundo.<\/p>\n<p>A equipa de produ\u00e7\u00e3o est\u00e1 a trabalhar arduamente para criar uma encena\u00e7\u00e3o espetacular que acompanhe a beleza da m\u00fasica e da hist\u00f3ria. Desde a cenografia aos figurinos, todos os pormenores ser\u00e3o cuidadosamente elaborados para mergulhar o p\u00fablico na era e no contexto da Ordem Teatina.<\/p>\n<p>Este musical promete ser um tributo emotivo e comovente ao legado da Ordem dos Cl\u00e9rigos Regulares Teatinos. Ser\u00e1 uma oportunidade \u00fanica para celebrar o anivers\u00e1rio desta vener\u00e1vel ordem e apreciar o seu impacto duradouro na hist\u00f3ria da Igreja Cat\u00f3lica.<\/p>\n<p>Prepare-se para ser cativado pela m\u00fasica, pelo drama e pela espiritualidade quando for encenado o musical que comemora o 500\u00ba anivers\u00e1rio da Ordem dos Cl\u00e9rigos Regulares Teatinos, dirigido por Christian Gara. Marque na sua agenda este evento imperd\u00edvel no dia 14 de setembro de 2024 e fa\u00e7a parte desta experi\u00eancia \u00fanica na hist\u00f3ria dos Teatinos![\/vc_column_text][vc_separator][vc_empty_space height=&#8221;5px&#8221;][vc_single_image image=&#8221;15851&#8243; img_size=&#8221;full&#8221;][vc_empty_space height=&#8221;5px&#8221;][vc_column_text]<a href=\"https:\/\/www.icguardavalle.edu.it\/pubblicazioni\/1343-quando-si-dice-che-i-sogni-possono-diventare-realta-e-proprio-vero.html\">QUANDO SI DICE CHE I SOGNI POSSONO DIVENTARE REALTA&#8217;!&#8230; E&#8217; PROPRIO VERO<\/a>[\/vc_column_text][\/vc_column_inner][vc_column_inner width=&#8221;1\/2&#8243;]<div  class=\"single-slides no-controls\"><\/div>[vc_empty_space height=&#8221;5px&#8221;][vc_single_image image=&#8221;15835&#8243; img_size=&#8221;full&#8221; alignment=&#8221;center&#8221; onclick=&#8221;custom_link&#8221; img_link_target=&#8221;_blank&#8221; link=&#8221;http:\/\/teatinos.org\/wp-content\/uploads\/2024\/05\/Flyer-Musical-Teatino-2024-firma-PG.pdf&#8221;][vc_separator][vc_icon icon_fontawesome=&#8221;fa fa-file-text-o&#8221; color=&#8221;black&#8221; background_style=&#8221;boxed&#8221; background_color=&#8221;orange&#8221; size=&#8221;xl&#8221; css_animation=&#8221;slideInRight&#8221; link=&#8221;url:http%3A%2F%2Fteatinos.org%2Fpt-br%2Fcantantes-confirmados%2F|title:Cantores%20confirmados|target:%20_blank|&#8221;][vc_column_text]<strong>Clique no bot\u00e3o laranja para ver as novidades<\/strong>[\/vc_column_text][vc_text_separator title=&#8221;Recursos multim\u00e9dia&#8221; i_icon_fontawesome=&#8221;fa fa-music&#8221; add_icon=&#8221;true&#8221;]<h1 class=\"simple-tittle margin-bottom-50\">Bases<\/h1><div id=\"\" class=\"video-player-for-wpbakery \">\n    <div class=\"video-player-for-wpbakery-container\">\n        <iframe loading=\"lazy\" title=\"Teatini il musical - base\" width=\"560\" height=\"315\" src=\"https:\/\/www.youtube.com\/embed\/videoseries?list=PLB0yEUHdB0ZoIStBLmKvbdZizqpIqCrKA\" frameborder=\"0\" allow=\"accelerometer; autoplay; clipboard-write; encrypted-media; gyroscope; picture-in-picture; web-share\" referrerpolicy=\"strict-origin-when-cross-origin\" allowfullscreen><\/iframe>    <\/div>\n<\/div><h1 class=\"simple-tittle margin-bottom-50\">Bases com coros<\/h1><div id=\"\" class=\"video-player-for-wpbakery \">\n    <div class=\"video-player-for-wpbakery-container\">\n        <iframe loading=\"lazy\" title=\"Teatini il Musical\" width=\"560\" height=\"315\" src=\"https:\/\/www.youtube.com\/embed\/videoseries?list=PLB0yEUHdB0ZomIvpSlarhApVG4J040hSF\" frameborder=\"0\" allow=\"accelerometer; autoplay; clipboard-write; encrypted-media; gyroscope; picture-in-picture; web-share\" referrerpolicy=\"strict-origin-when-cross-origin\" allowfullscreen><\/iframe>    <\/div>\n<\/div><h1 class=\"simple-tittle margin-bottom-50\">Bases com vozes<\/h1><div id=\"\" class=\"video-player-for-wpbakery \">\n    <div class=\"video-player-for-wpbakery-container\">\n        <iframe loading=\"lazy\" title=\"Teatini il musical - solo cori\" width=\"560\" height=\"315\" src=\"https:\/\/www.youtube.com\/embed\/videoseries?list=PLB0yEUHdB0Zprq4ZdkfRbgzjioc3uDzkc\" frameborder=\"0\" allow=\"accelerometer; autoplay; clipboard-write; encrypted-media; gyroscope; picture-in-picture; web-share\" referrerpolicy=\"strict-origin-when-cross-origin\" allowfullscreen><\/iframe>    <\/div>\n<\/div>[vc_single_image image=&#8221;15452&#8243; img_size=&#8221;100&#215;112&#8243;][vc_column_text]<\/p>\n<h4>Bases para baixar e usar em suas comunidades<\/h4>\n<p>1- Bases (<a href=\"http:\/\/teatinos.org\/wp-content\/uploads\/audio-files\/basi.zip\">Baixe<\/a> o arquivo .zip &#8211; 668,50 Mb)<br \/>\n2- Bases com coros (<a href=\"http:\/\/teatinos.org\/wp-content\/uploads\/audio-files\/basi-con-cori.zip\">Baixe<\/a> o arquivo .zip &#8211; 654,30 Mb)<br \/>\n3- Bases com vozes (<a href=\"http:\/\/teatinos.org\/wp-content\/uploads\/audio-files\/basi-con-voce.zip\">Baixe<\/a> o arquivo .zip &#8211; 574,60 Mb)[\/vc_column_text][vc_separator][vc_column_text]- Baixe o arquivo .pdf<br \/>\n<a href=\"http:\/\/teatinos.org\/wp-content\/uploads\/2024\/05\/copertina-musica-1.pdf\">Clique aqui<\/a>[\/vc_column_text][vc_separator][\/vc_column_inner][\/vc_row_inner]<\/div>[\/vc_column][\/vc_row]<\/p>\n","protected":false},"excerpt":{"rendered":"<p>[vc_row css=&#8221;.vc_custom_1688907696893{padding-top: 100px !important;padding-bottom: 100px !important;}&#8221;][vc_column][\/vc_column][\/vc_row]<\/p>\n","protected":false},"author":1,"featured_media":0,"parent":0,"menu_order":0,"comment_status":"closed","ping_status":"closed","template":"","meta":{"_acf_changed":false,"footnotes":"","_links_to":"","_links_to_target":""},"class_list":["post-11850","page","type-page","status-publish","hentry"],"acf":[],"yoast_head":"<!-- This site is optimized with the Yoast SEO plugin v23.5 - https:\/\/yoast.com\/wordpress\/plugins\/seo\/ -->\n<title>Musical - Teatinos<\/title>\n<meta name=\"robots\" content=\"index, follow, max-snippet:-1, max-image-preview:large, max-video-preview:-1\" \/>\n<link rel=\"canonical\" href=\"https:\/\/teatinos.org\/pt-br\/musical\/\" \/>\n<meta property=\"og:locale\" content=\"pt_BR\" \/>\n<meta property=\"og:type\" content=\"article\" \/>\n<meta property=\"og:title\" content=\"Musical - Teatinos\" \/>\n<meta property=\"og:description\" content=\"[vc_row css=&#8221;.vc_custom_1688907696893{padding-top: 100px !important;padding-bottom: 100px !important;}&#8221;][vc_column][\/vc_column][\/vc_row]\" \/>\n<meta property=\"og:url\" content=\"https:\/\/teatinos.org\/pt-br\/musical\/\" \/>\n<meta property=\"og:site_name\" content=\"Teatinos\" \/>\n<meta property=\"article:modified_time\" content=\"2024-07-17T21:46:15+00:00\" \/>\n<meta name=\"twitter:card\" content=\"summary_large_image\" \/>\n<meta name=\"twitter:label1\" content=\"Est. tempo de leitura\" \/>\n\t<meta name=\"twitter:data1\" content=\"3 minutos\" \/>\n<script type=\"application\/ld+json\" class=\"yoast-schema-graph\">{\"@context\":\"https:\/\/schema.org\",\"@graph\":[{\"@type\":\"WebPage\",\"@id\":\"https:\/\/teatinos.org\/pt-br\/musical\/\",\"url\":\"https:\/\/teatinos.org\/pt-br\/musical\/\",\"name\":\"Musical - Teatinos\",\"isPartOf\":{\"@id\":\"https:\/\/teatinos.org\/pt-br\/#website\"},\"datePublished\":\"2023-07-13T21:26:15+00:00\",\"dateModified\":\"2024-07-17T21:46:15+00:00\",\"breadcrumb\":{\"@id\":\"https:\/\/teatinos.org\/pt-br\/musical\/#breadcrumb\"},\"inLanguage\":\"pt-BR\",\"potentialAction\":[{\"@type\":\"ReadAction\",\"target\":[\"https:\/\/teatinos.org\/pt-br\/musical\/\"]}]},{\"@type\":\"BreadcrumbList\",\"@id\":\"https:\/\/teatinos.org\/pt-br\/musical\/#breadcrumb\",\"itemListElement\":[{\"@type\":\"ListItem\",\"position\":1,\"name\":\"Portada\",\"item\":\"https:\/\/teatinos.org\/pt-br\/\"},{\"@type\":\"ListItem\",\"position\":2,\"name\":\"Musical\"}]},{\"@type\":\"WebSite\",\"@id\":\"https:\/\/teatinos.org\/pt-br\/#website\",\"url\":\"https:\/\/teatinos.org\/pt-br\/\",\"name\":\"Teatinos\",\"description\":\"Orden de Cl\u00e9rigos Regulares\",\"potentialAction\":[{\"@type\":\"SearchAction\",\"target\":{\"@type\":\"EntryPoint\",\"urlTemplate\":\"https:\/\/teatinos.org\/pt-br\/?s={search_term_string}\"},\"query-input\":{\"@type\":\"PropertyValueSpecification\",\"valueRequired\":true,\"valueName\":\"search_term_string\"}}],\"inLanguage\":\"pt-BR\"}]}<\/script>\n<!-- \/ Yoast SEO plugin. -->","yoast_head_json":{"title":"Musical - Teatinos","robots":{"index":"index","follow":"follow","max-snippet":"max-snippet:-1","max-image-preview":"max-image-preview:large","max-video-preview":"max-video-preview:-1"},"canonical":"https:\/\/teatinos.org\/pt-br\/musical\/","og_locale":"pt_BR","og_type":"article","og_title":"Musical - Teatinos","og_description":"[vc_row css=&#8221;.vc_custom_1688907696893{padding-top: 100px !important;padding-bottom: 100px !important;}&#8221;][vc_column][\/vc_column][\/vc_row]","og_url":"https:\/\/teatinos.org\/pt-br\/musical\/","og_site_name":"Teatinos","article_modified_time":"2024-07-17T21:46:15+00:00","twitter_card":"summary_large_image","twitter_misc":{"Est. tempo de leitura":"3 minutos"},"schema":{"@context":"https:\/\/schema.org","@graph":[{"@type":"WebPage","@id":"https:\/\/teatinos.org\/pt-br\/musical\/","url":"https:\/\/teatinos.org\/pt-br\/musical\/","name":"Musical - Teatinos","isPartOf":{"@id":"https:\/\/teatinos.org\/pt-br\/#website"},"datePublished":"2023-07-13T21:26:15+00:00","dateModified":"2024-07-17T21:46:15+00:00","breadcrumb":{"@id":"https:\/\/teatinos.org\/pt-br\/musical\/#breadcrumb"},"inLanguage":"pt-BR","potentialAction":[{"@type":"ReadAction","target":["https:\/\/teatinos.org\/pt-br\/musical\/"]}]},{"@type":"BreadcrumbList","@id":"https:\/\/teatinos.org\/pt-br\/musical\/#breadcrumb","itemListElement":[{"@type":"ListItem","position":1,"name":"Portada","item":"https:\/\/teatinos.org\/pt-br\/"},{"@type":"ListItem","position":2,"name":"Musical"}]},{"@type":"WebSite","@id":"https:\/\/teatinos.org\/pt-br\/#website","url":"https:\/\/teatinos.org\/pt-br\/","name":"Teatinos","description":"Orden de Cl\u00e9rigos Regulares","potentialAction":[{"@type":"SearchAction","target":{"@type":"EntryPoint","urlTemplate":"https:\/\/teatinos.org\/pt-br\/?s={search_term_string}"},"query-input":{"@type":"PropertyValueSpecification","valueRequired":true,"valueName":"search_term_string"}}],"inLanguage":"pt-BR"}]}},"rttpg_featured_image_url":null,"rttpg_author":{"display_name":"admin","author_link":"https:\/\/teatinos.org\/pt-br\/author\/admin\/"},"rttpg_comment":0,"rttpg_category":" <a href=\"https:\/\/teatinos.org\/pt-br\/?taxonomy=translation_priority&#038;term=opcional-pt-br\" rel=\"tag\">Opcional<\/a>","rttpg_excerpt":"[vc_row css=&#8221;.vc_custom_1688907696893{padding-top: 100px !important;padding-bottom: 100px !important;}&#8221;][vc_column][\/vc_column][\/vc_row]","_links":{"self":[{"href":"https:\/\/teatinos.org\/pt-br\/wp-json\/wp\/v2\/pages\/11850","targetHints":{"allow":["GET"]}}],"collection":[{"href":"https:\/\/teatinos.org\/pt-br\/wp-json\/wp\/v2\/pages"}],"about":[{"href":"https:\/\/teatinos.org\/pt-br\/wp-json\/wp\/v2\/types\/page"}],"author":[{"embeddable":true,"href":"https:\/\/teatinos.org\/pt-br\/wp-json\/wp\/v2\/users\/1"}],"replies":[{"embeddable":true,"href":"https:\/\/teatinos.org\/pt-br\/wp-json\/wp\/v2\/comments?post=11850"}],"version-history":[{"count":12,"href":"https:\/\/teatinos.org\/pt-br\/wp-json\/wp\/v2\/pages\/11850\/revisions"}],"predecessor-version":[{"id":16975,"href":"https:\/\/teatinos.org\/pt-br\/wp-json\/wp\/v2\/pages\/11850\/revisions\/16975"}],"wp:attachment":[{"href":"https:\/\/teatinos.org\/pt-br\/wp-json\/wp\/v2\/media?parent=11850"}],"curies":[{"name":"wp","href":"https:\/\/api.w.org\/{rel}","templated":true}]}}