{"id":4289,"date":"2020-02-03T12:50:29","date_gmt":"2020-02-03T12:50:29","guid":{"rendered":"http:\/\/teatinos.org\/?page_id=4289"},"modified":"2020-02-03T12:52:14","modified_gmt":"2020-02-03T12:52:14","slug":"collabora","status":"publish","type":"page","link":"https:\/\/teatinos.org\/it\/collabora\/","title":{"rendered":"Collabora"},"content":{"rendered":"<p>[vc_row el_id=&#8221;fila-colabora&#8221;][vc_column]<div class=\"container \">[vc_row_inner][vc_column_inner width=&#8221;1\/2&#8243;][vc_column_text]<\/p>\n<h1 style=\"text-align: center;\">Prega<\/h1>\n<p>[\/vc_column_text][\/vc_column_inner][vc_column_inner width=&#8221;1\/2&#8243; offset=&#8221;vc_hidden-xs&#8221;][vc_column_text]<\/p>\n<h1 style=\"text-align: center;\">Dona<\/h1>\n<p>[\/vc_column_text][\/vc_column_inner][\/vc_row_inner]<\/div><div class=\"container \">[vc_row_inner][vc_column_inner el_class=&#8221;box-colabora&#8221; width=&#8221;1\/2&#8243; css=&#8221;.vc_custom_1552932127708{background-image: url(http:\/\/teatinos.org\/wp-content\/uploads\/2018\/09\/colabora.jpg?id=2623) !important;}&#8221;][vc_empty_space height=&#8221;2px&#8221;]<div class=\"services w-100 animate \" data-wow-delay=\"s\"><div class=\"sec why8\"> <i class=\"\"><\/i><h6><\/h6><div class=\"ser-over\"><h6><\/h6><p>Tutti i gioved\u00ec, alle 19.30, nell\u2019Adorazione Eucaristica, preghiamo l\u2019orazione a San Gaetano. Accompagnaci!<\/p>\n<p>\u201cGuarda, o Signore e Padre Santo gran pontefice e Signore nostro, dal Tuo Santuario e luogo eccelso dove abiti in Cielo, e fissa il Tuo sguardo su questa Ostia santa che Ti offre il nostro Ges\u00f9 per i peccati dei suoi fratelli e perdonaci le nostre molte colpe. Qui \u00e8 la voce del sangue del nostro fratello Ges\u00f9 che Ti chiama dalla Croce. Ascolta, o Signore, placati, rispondi e invia il Tuo soccorso. Non lo ritardare, mio Dio, per la Tua grande bont\u00e0, poich\u00e9 il Tuo nome \u00e8 stato invocato su questa citt\u00e0 e su tutto il Tuo popolo, e agisci con noi secondo la Tua Misericordia.<br \/>\nAmen\u201d.<\/p><\/div><\/div><\/div>[vc_column_text][\/vc_column_text][\/vc_column_inner][vc_column_inner el_class=&#8221;text-center&#8221; width=&#8221;1\/12&#8243;][\/vc_column_inner][vc_column_inner width=&#8221;5\/12&#8243;][vc_column_text]<\/p>\n<h1 class=\"hidden-sm hidden-md hidden-lg\" style=\"text-align: center;\">Dona<\/h1>\n<p>[\/vc_column_text][vc_empty_space height=&#8221;2px&#8221;][vc_column_text]<script src=\"https:\/\/donorbox.org\/widget.js\" paypalExpress=\"false\"><\/script><iframe loading=\"lazy\" style=\"max-width: 1170px; min-width: 288px; max-height: none!important; text-align: center;\" src=\"https:\/\/donorbox.org\/embed\/colabora-teatinos\" name=\"donorbox\" width=\"100%\" height=\"385px\" frameborder=\"0\" scrolling=\"no\" seamless=\"seamless\" data-mce-fragment=\"1\"><\/iframe>[\/vc_column_text][\/vc_column_inner][\/vc_row_inner]<\/div>[\/vc_column][\/vc_row]<\/p>\n","protected":false},"excerpt":{"rendered":"<p>[vc_row el_id=&#8221;fila-colabora&#8221;][vc_column][\/vc_column][\/vc_row]<\/p>\n","protected":false},"author":1,"featured_media":0,"parent":0,"menu_order":0,"comment_status":"closed","ping_status":"closed","template":"","meta":{"_acf_changed":false,"footnotes":"","_links_to":"","_links_to_target":""},"class_list":["post-4289","page","type-page","status-publish","hentry"],"acf":[],"yoast_head":"<!-- This site is optimized with the Yoast SEO plugin v23.5 - https:\/\/yoast.com\/wordpress\/plugins\/seo\/ -->\n<title>Collabora - Teatinos<\/title>\n<meta name=\"robots\" content=\"index, follow, max-snippet:-1, max-image-preview:large, max-video-preview:-1\" \/>\n<link rel=\"canonical\" href=\"https:\/\/teatinos.org\/it\/collabora\/\" \/>\n<meta property=\"og:locale\" content=\"it_IT\" \/>\n<meta property=\"og:type\" content=\"article\" \/>\n<meta property=\"og:title\" content=\"Collabora - Teatinos\" \/>\n<meta property=\"og:description\" content=\"[vc_row el_id=&#8221;fila-colabora&#8221;][vc_column][\/vc_column][\/vc_row]\" \/>\n<meta property=\"og:url\" content=\"https:\/\/teatinos.org\/it\/collabora\/\" \/>\n<meta property=\"og:site_name\" content=\"Teatinos\" \/>\n<meta property=\"article:modified_time\" content=\"2020-02-03T12:52:14+00:00\" \/>\n<meta name=\"twitter:card\" content=\"summary_large_image\" \/>\n<meta name=\"twitter:label1\" content=\"Tempo di lettura stimato\" \/>\n\t<meta name=\"twitter:data1\" content=\"1 minuto\" \/>\n<script type=\"application\/ld+json\" class=\"yoast-schema-graph\">{\"@context\":\"https:\/\/schema.org\",\"@graph\":[{\"@type\":\"WebPage\",\"@id\":\"https:\/\/teatinos.org\/it\/collabora\/\",\"url\":\"https:\/\/teatinos.org\/it\/collabora\/\",\"name\":\"Collabora - Teatinos\",\"isPartOf\":{\"@id\":\"https:\/\/teatinos.org\/pt-br\/#website\"},\"datePublished\":\"2020-02-03T12:50:29+00:00\",\"dateModified\":\"2020-02-03T12:52:14+00:00\",\"breadcrumb\":{\"@id\":\"https:\/\/teatinos.org\/it\/collabora\/#breadcrumb\"},\"inLanguage\":\"it-IT\",\"potentialAction\":[{\"@type\":\"ReadAction\",\"target\":[\"https:\/\/teatinos.org\/it\/collabora\/\"]}]},{\"@type\":\"BreadcrumbList\",\"@id\":\"https:\/\/teatinos.org\/it\/collabora\/#breadcrumb\",\"itemListElement\":[{\"@type\":\"ListItem\",\"position\":1,\"name\":\"Portada\",\"item\":\"https:\/\/teatinos.org\/it\/\"},{\"@type\":\"ListItem\",\"position\":2,\"name\":\"Collabora\"}]},{\"@type\":\"WebSite\",\"@id\":\"https:\/\/teatinos.org\/pt-br\/#website\",\"url\":\"https:\/\/teatinos.org\/pt-br\/\",\"name\":\"Teatinos\",\"description\":\"Orden de Cl\u00e9rigos Regulares\",\"potentialAction\":[{\"@type\":\"SearchAction\",\"target\":{\"@type\":\"EntryPoint\",\"urlTemplate\":\"https:\/\/teatinos.org\/pt-br\/?s={search_term_string}\"},\"query-input\":{\"@type\":\"PropertyValueSpecification\",\"valueRequired\":true,\"valueName\":\"search_term_string\"}}],\"inLanguage\":\"it-IT\"}]}<\/script>\n<!-- \/ Yoast SEO plugin. -->","yoast_head_json":{"title":"Collabora - Teatinos","robots":{"index":"index","follow":"follow","max-snippet":"max-snippet:-1","max-image-preview":"max-image-preview:large","max-video-preview":"max-video-preview:-1"},"canonical":"https:\/\/teatinos.org\/it\/collabora\/","og_locale":"it_IT","og_type":"article","og_title":"Collabora - Teatinos","og_description":"[vc_row el_id=&#8221;fila-colabora&#8221;][vc_column][\/vc_column][\/vc_row]","og_url":"https:\/\/teatinos.org\/it\/collabora\/","og_site_name":"Teatinos","article_modified_time":"2020-02-03T12:52:14+00:00","twitter_card":"summary_large_image","twitter_misc":{"Tempo di lettura stimato":"1 minuto"},"schema":{"@context":"https:\/\/schema.org","@graph":[{"@type":"WebPage","@id":"https:\/\/teatinos.org\/it\/collabora\/","url":"https:\/\/teatinos.org\/it\/collabora\/","name":"Collabora - Teatinos","isPartOf":{"@id":"https:\/\/teatinos.org\/pt-br\/#website"},"datePublished":"2020-02-03T12:50:29+00:00","dateModified":"2020-02-03T12:52:14+00:00","breadcrumb":{"@id":"https:\/\/teatinos.org\/it\/collabora\/#breadcrumb"},"inLanguage":"it-IT","potentialAction":[{"@type":"ReadAction","target":["https:\/\/teatinos.org\/it\/collabora\/"]}]},{"@type":"BreadcrumbList","@id":"https:\/\/teatinos.org\/it\/collabora\/#breadcrumb","itemListElement":[{"@type":"ListItem","position":1,"name":"Portada","item":"https:\/\/teatinos.org\/it\/"},{"@type":"ListItem","position":2,"name":"Collabora"}]},{"@type":"WebSite","@id":"https:\/\/teatinos.org\/pt-br\/#website","url":"https:\/\/teatinos.org\/pt-br\/","name":"Teatinos","description":"Orden de Cl\u00e9rigos Regulares","potentialAction":[{"@type":"SearchAction","target":{"@type":"EntryPoint","urlTemplate":"https:\/\/teatinos.org\/pt-br\/?s={search_term_string}"},"query-input":{"@type":"PropertyValueSpecification","valueRequired":true,"valueName":"search_term_string"}}],"inLanguage":"it-IT"}]}},"rttpg_featured_image_url":null,"rttpg_author":{"display_name":"admin","author_link":"https:\/\/teatinos.org\/it\/author\/admin\/"},"rttpg_comment":0,"rttpg_category":false,"rttpg_excerpt":"[vc_row el_id=&#8221;fila-colabora&#8221;][vc_column][\/vc_column][\/vc_row]","_links":{"self":[{"href":"https:\/\/teatinos.org\/it\/wp-json\/wp\/v2\/pages\/4289","targetHints":{"allow":["GET"]}}],"collection":[{"href":"https:\/\/teatinos.org\/it\/wp-json\/wp\/v2\/pages"}],"about":[{"href":"https:\/\/teatinos.org\/it\/wp-json\/wp\/v2\/types\/page"}],"author":[{"embeddable":true,"href":"https:\/\/teatinos.org\/it\/wp-json\/wp\/v2\/users\/1"}],"replies":[{"embeddable":true,"href":"https:\/\/teatinos.org\/it\/wp-json\/wp\/v2\/comments?post=4289"}],"version-history":[{"count":2,"href":"https:\/\/teatinos.org\/it\/wp-json\/wp\/v2\/pages\/4289\/revisions"}],"predecessor-version":[{"id":4293,"href":"https:\/\/teatinos.org\/it\/wp-json\/wp\/v2\/pages\/4289\/revisions\/4293"}],"wp:attachment":[{"href":"https:\/\/teatinos.org\/it\/wp-json\/wp\/v2\/media?parent=4289"}],"curies":[{"name":"wp","href":"https:\/\/api.w.org\/{rel}","templated":true}]}}