{"id":4193,"date":"2020-01-28T17:56:18","date_gmt":"2020-01-28T17:56:18","guid":{"rendered":"http:\/\/teatinos.org\/?page_id=4193"},"modified":"2023-12-29T20:24:22","modified_gmt":"2023-12-29T20:24:22","slug":"paolo-burali-darezzo","status":"publish","type":"page","link":"https:\/\/teatinos.org\/it\/paolo-burali-darezzo\/","title":{"rendered":"Paolo Burali d\u2019Arezzo"},"content":{"rendered":"<p>[vc_row css=&#8221;.vc_custom_1459790702196{padding-top: 100px !important;padding-bottom: 100px !important;}&#8221;][vc_column]<div class=\"container \">[vc_row_inner][vc_column_inner][vc_column_text]<span style=\"color: #000000;\">Scipione (Paolo d&#8217;Arezzo) Burali. Nacque nel 1511 a Itri (Gaeta, Italia), figlio di Paolo e Victoria Olivares di Barcellona. Il padre, di famiglia di piccola nobilt\u00e0, originaria di Arezzo (di qui il nome di religione del Beato), da qualche tempo trapiantata nel Regno di Napoli, fu al servizio della corte spagnola e dopo di quella pontificia, con compiti politici e diplomatici.<br \/>\nAvviato agli studi nell&#8217;universit\u00e0 di Salerno (1524), si addottor\u00f2 in utroque in quella di Bologna, dove fu tra i migliori allievi di Ugo Buoncompagni, il futuro pontefice Gregorio XIII.<\/span><\/p>\n<p><span style=\"color: #000000;\">Tornato a Napoli, esercit\u00f2 l&#8217;avvocatura per diciotto anni, acquistando una larghissima popolarit\u00e0 per la sua solida dottrina giuridica, e soprattutto per l&#8217;integrit\u00e0 professionale.<br \/>\nNel 1548 fu assegnato a una delle principali cariche pubbliche del Regno, quella di membro del Sacro regio consiglio, attribuitagli dal vicer\u00e9 Pedro di Toledo. Ma ormai una ben diversa vocazione era maturata in lui. Un altro forum sarebbe quello che la Provvidenza aveva previsto. Alla ricerca di una maggiore perfezione di vita, rinunzi\u00f2 a tutte le cariche pubbliche e si ritir\u00f2 a vita religiosa tra i teatini del convento napoletano di S. Paolo Maggiore, vestendo l&#8217;abito dei chierici regolari il 2 febbraio 1558, e assumendo il nome di religione di Paolo. Aveva come maestro dei novizi, il Beato Giovanni Marinoni, e come co-novizio Sant\u2019 Andrea Avelino che nutriva molto rispetto per Burali, rendendolo pi\u00f9 nobile, pi\u00f9 istruito e virtuoso di lui.<\/span><\/p>\n<p><span style=\"color: #000000;\">Nel maggio del 1568 Pio V lo design\u00f2 vescovo di Piacenza, in luogo di colui che tanta parte aveva avuto nella sua formazione spirituale, il cardinale Bernardino Scotti e, nel concistoro del 17 maggio 1570, lo cre\u00f2 cardinale con il titolo di Santa Pudenziana.<\/span><\/p>\n<p><span style=\"color: #000000;\">A Piacenza si prodig\u00f2 per attuare le riforme proposte dal Concilio di Trento. In questo compito fu assistito da Sant&#8217;Andrea Avellino. Ha fondato il Seminario del Consiglio diocesano e ha cercato di rinnovare il clero della sua diocesi per la quale ha anche chiamato ai Chierici Regolari Teatini, per assisterlo in quest\u2019obiettivo.<\/span><\/p>\n<p><span style=\"color: #000000;\">Il 19 settembre 1576 Gregorio XIII decideva il trasferimento del Burali dalla diocesi di Piacenza all&#8217;arcivescovato di Napoli. Nel breve periodo in cui egli resse quest\u2019arcivescovato, ebbe modo di dare ancora dimostrazione del suo zelo riformatore, con rigidi interventi in materia di disciplina del clero secolare e regolare. Un secolo dopo, Il cardinale Ascanio Filomarino, potrebbe affermare che Paolo Burali &#8220;mise al suo posto la dignit\u00e0 e la giurisdizione dell&#8217;arcivescovo con la forza e l&#8217;esempio della sua santit\u00e0 di vita e con il coraggio che ha mostrato in pi\u00f9 di un&#8217;occasione&#8221;.<\/span><\/p>\n<p><span style=\"color: #000000;\">Mor\u00ec a Napoli il 17 giugno del 1578. Le sue spoglie riposano nella Basilica di San Paolo Maggiore, Napoli. La sua beatificazione fu decretata dal pontefice Clemente XIV il 13 maggio 1772. Festa 17 giugno.<\/span>[\/vc_column_text][\/vc_column_inner][\/vc_row_inner]<div class=\"portfolio\"><div id=\"js-grid-awesome-work\" class=\"col-3\"><\/div><\/div>[vc_empty_space height=&#8221;80px&#8221;]<\/div>[vc_icon type=&#8221;openiconic&#8221; icon_openiconic=&#8221;vc-oi vc-oi-folder&#8221; color=&#8221;black&#8221; align=&#8221;center&#8221;][vc_column_text]<\/p>\n<p style=\"text-align: center;\"><strong><a href=\"http:\/\/teatinos.org\/wp-content\/uploads\/2023\/12\/Forex-O-MIRACOLO-4-BPBDA.pdf\" target=\"_blank\" rel=\"noopener\">Scarica la scheda in formato pdf<\/a><\/strong><\/p>\n<p>[\/vc_column_text][\/vc_column][\/vc_row][vc_row][vc_column][vc_column_text]<\/p>\n<p>[\/vc_column_text][\/vc_column][\/vc_row][vc_row][vc_column][\/vc_column][\/vc_row]<\/p>\n","protected":false},"excerpt":{"rendered":"<p>[vc_row css=&#8221;.vc_custom_1459790702196{padding-top: 100px !important;padding-bottom: 100px !important;}&#8221;][vc_column][vc_icon type=&#8221;openiconic&#8221; icon_openiconic=&#8221;vc-oi vc-oi-folder&#8221; color=&#8221;black&#8221; align=&#8221;center&#8221;][vc_column_text] Scarica la scheda in formato pdf [\/vc_column_text][\/vc_column][\/vc_row][vc_row][vc_column][vc_column_text] [\/vc_column_text][\/vc_column][\/vc_row][vc_row][vc_column][\/vc_column][\/vc_row]<\/p>\n","protected":false},"author":1,"featured_media":0,"parent":0,"menu_order":0,"comment_status":"closed","ping_status":"closed","template":"","meta":{"_acf_changed":false,"footnotes":"","_links_to":"","_links_to_target":""},"class_list":["post-4193","page","type-page","status-publish","hentry"],"acf":[],"yoast_head":"<!-- This site is optimized with the Yoast SEO plugin v23.5 - https:\/\/yoast.com\/wordpress\/plugins\/seo\/ -->\n<title>Paolo Burali d\u2019Arezzo - Teatinos<\/title>\n<meta name=\"robots\" content=\"index, follow, max-snippet:-1, max-image-preview:large, max-video-preview:-1\" \/>\n<link rel=\"canonical\" href=\"https:\/\/teatinos.org\/it\/paolo-burali-darezzo\/\" \/>\n<meta property=\"og:locale\" content=\"it_IT\" \/>\n<meta property=\"og:type\" content=\"article\" \/>\n<meta property=\"og:title\" content=\"Paolo Burali d\u2019Arezzo - Teatinos\" \/>\n<meta property=\"og:description\" content=\"[vc_row css=&#8221;.vc_custom_1459790702196{padding-top: 100px !important;padding-bottom: 100px !important;}&#8221;][vc_column][vc_icon type=&#8221;openiconic&#8221; icon_openiconic=&#8221;vc-oi vc-oi-folder&#8221; color=&#8221;black&#8221; align=&#8221;center&#8221;][vc_column_text] Scarica la scheda in formato pdf [\/vc_column_text][\/vc_column][\/vc_row][vc_row][vc_column][vc_column_text] [\/vc_column_text][\/vc_column][\/vc_row][vc_row][vc_column][\/vc_column][\/vc_row]\" \/>\n<meta property=\"og:url\" content=\"https:\/\/teatinos.org\/it\/paolo-burali-darezzo\/\" \/>\n<meta property=\"og:site_name\" content=\"Teatinos\" \/>\n<meta property=\"article:modified_time\" content=\"2023-12-29T20:24:22+00:00\" \/>\n<meta name=\"twitter:card\" content=\"summary_large_image\" \/>\n<meta name=\"twitter:label1\" content=\"Tempo di lettura stimato\" \/>\n\t<meta name=\"twitter:data1\" content=\"3 minuti\" \/>\n<script type=\"application\/ld+json\" class=\"yoast-schema-graph\">{\"@context\":\"https:\/\/schema.org\",\"@graph\":[{\"@type\":\"WebPage\",\"@id\":\"https:\/\/teatinos.org\/it\/paolo-burali-darezzo\/\",\"url\":\"https:\/\/teatinos.org\/it\/paolo-burali-darezzo\/\",\"name\":\"Paolo Burali d\u2019Arezzo - Teatinos\",\"isPartOf\":{\"@id\":\"https:\/\/teatinos.org\/pt-br\/#website\"},\"datePublished\":\"2020-01-28T17:56:18+00:00\",\"dateModified\":\"2023-12-29T20:24:22+00:00\",\"breadcrumb\":{\"@id\":\"https:\/\/teatinos.org\/it\/paolo-burali-darezzo\/#breadcrumb\"},\"inLanguage\":\"it-IT\",\"potentialAction\":[{\"@type\":\"ReadAction\",\"target\":[\"https:\/\/teatinos.org\/it\/paolo-burali-darezzo\/\"]}]},{\"@type\":\"BreadcrumbList\",\"@id\":\"https:\/\/teatinos.org\/it\/paolo-burali-darezzo\/#breadcrumb\",\"itemListElement\":[{\"@type\":\"ListItem\",\"position\":1,\"name\":\"Portada\",\"item\":\"https:\/\/teatinos.org\/it\/\"},{\"@type\":\"ListItem\",\"position\":2,\"name\":\"Paolo Burali d\u2019Arezzo\"}]},{\"@type\":\"WebSite\",\"@id\":\"https:\/\/teatinos.org\/pt-br\/#website\",\"url\":\"https:\/\/teatinos.org\/pt-br\/\",\"name\":\"Teatinos\",\"description\":\"Orden de Cl\u00e9rigos Regulares\",\"potentialAction\":[{\"@type\":\"SearchAction\",\"target\":{\"@type\":\"EntryPoint\",\"urlTemplate\":\"https:\/\/teatinos.org\/pt-br\/?s={search_term_string}\"},\"query-input\":{\"@type\":\"PropertyValueSpecification\",\"valueRequired\":true,\"valueName\":\"search_term_string\"}}],\"inLanguage\":\"it-IT\"}]}<\/script>\n<!-- \/ Yoast SEO plugin. -->","yoast_head_json":{"title":"Paolo Burali d\u2019Arezzo - Teatinos","robots":{"index":"index","follow":"follow","max-snippet":"max-snippet:-1","max-image-preview":"max-image-preview:large","max-video-preview":"max-video-preview:-1"},"canonical":"https:\/\/teatinos.org\/it\/paolo-burali-darezzo\/","og_locale":"it_IT","og_type":"article","og_title":"Paolo Burali d\u2019Arezzo - Teatinos","og_description":"[vc_row css=&#8221;.vc_custom_1459790702196{padding-top: 100px !important;padding-bottom: 100px !important;}&#8221;][vc_column][vc_icon type=&#8221;openiconic&#8221; icon_openiconic=&#8221;vc-oi vc-oi-folder&#8221; color=&#8221;black&#8221; align=&#8221;center&#8221;][vc_column_text] Scarica la scheda in formato pdf [\/vc_column_text][\/vc_column][\/vc_row][vc_row][vc_column][vc_column_text] [\/vc_column_text][\/vc_column][\/vc_row][vc_row][vc_column][\/vc_column][\/vc_row]","og_url":"https:\/\/teatinos.org\/it\/paolo-burali-darezzo\/","og_site_name":"Teatinos","article_modified_time":"2023-12-29T20:24:22+00:00","twitter_card":"summary_large_image","twitter_misc":{"Tempo di lettura stimato":"3 minuti"},"schema":{"@context":"https:\/\/schema.org","@graph":[{"@type":"WebPage","@id":"https:\/\/teatinos.org\/it\/paolo-burali-darezzo\/","url":"https:\/\/teatinos.org\/it\/paolo-burali-darezzo\/","name":"Paolo Burali d\u2019Arezzo - Teatinos","isPartOf":{"@id":"https:\/\/teatinos.org\/pt-br\/#website"},"datePublished":"2020-01-28T17:56:18+00:00","dateModified":"2023-12-29T20:24:22+00:00","breadcrumb":{"@id":"https:\/\/teatinos.org\/it\/paolo-burali-darezzo\/#breadcrumb"},"inLanguage":"it-IT","potentialAction":[{"@type":"ReadAction","target":["https:\/\/teatinos.org\/it\/paolo-burali-darezzo\/"]}]},{"@type":"BreadcrumbList","@id":"https:\/\/teatinos.org\/it\/paolo-burali-darezzo\/#breadcrumb","itemListElement":[{"@type":"ListItem","position":1,"name":"Portada","item":"https:\/\/teatinos.org\/it\/"},{"@type":"ListItem","position":2,"name":"Paolo Burali d\u2019Arezzo"}]},{"@type":"WebSite","@id":"https:\/\/teatinos.org\/pt-br\/#website","url":"https:\/\/teatinos.org\/pt-br\/","name":"Teatinos","description":"Orden de Cl\u00e9rigos Regulares","potentialAction":[{"@type":"SearchAction","target":{"@type":"EntryPoint","urlTemplate":"https:\/\/teatinos.org\/pt-br\/?s={search_term_string}"},"query-input":{"@type":"PropertyValueSpecification","valueRequired":true,"valueName":"search_term_string"}}],"inLanguage":"it-IT"}]}},"rttpg_featured_image_url":null,"rttpg_author":{"display_name":"admin","author_link":"https:\/\/teatinos.org\/it\/author\/admin\/"},"rttpg_comment":0,"rttpg_category":false,"rttpg_excerpt":"[vc_row css=&#8221;.vc_custom_1459790702196{padding-top: 100px !important;padding-bottom: 100px !important;}&#8221;][vc_column][vc_icon type=&#8221;openiconic&#8221; icon_openiconic=&#8221;vc-oi vc-oi-folder&#8221; color=&#8221;black&#8221; align=&#8221;center&#8221;][vc_column_text] Scarica la scheda in formato pdf [\/vc_column_text][\/vc_column][\/vc_row][vc_row][vc_column][vc_column_text] [\/vc_column_text][\/vc_column][\/vc_row][vc_row][vc_column][\/vc_column][\/vc_row]","_links":{"self":[{"href":"https:\/\/teatinos.org\/it\/wp-json\/wp\/v2\/pages\/4193","targetHints":{"allow":["GET"]}}],"collection":[{"href":"https:\/\/teatinos.org\/it\/wp-json\/wp\/v2\/pages"}],"about":[{"href":"https:\/\/teatinos.org\/it\/wp-json\/wp\/v2\/types\/page"}],"author":[{"embeddable":true,"href":"https:\/\/teatinos.org\/it\/wp-json\/wp\/v2\/users\/1"}],"replies":[{"embeddable":true,"href":"https:\/\/teatinos.org\/it\/wp-json\/wp\/v2\/comments?post=4193"}],"version-history":[{"count":3,"href":"https:\/\/teatinos.org\/it\/wp-json\/wp\/v2\/pages\/4193\/revisions"}],"predecessor-version":[{"id":13595,"href":"https:\/\/teatinos.org\/it\/wp-json\/wp\/v2\/pages\/4193\/revisions\/13595"}],"wp:attachment":[{"href":"https:\/\/teatinos.org\/it\/wp-json\/wp\/v2\/media?parent=4193"}],"curies":[{"name":"wp","href":"https:\/\/api.w.org\/{rel}","templated":true}]}}