{"id":4166,"date":"2020-01-28T17:50:04","date_gmt":"2020-01-28T17:50:04","guid":{"rendered":"http:\/\/teatinos.org\/?page_id=4166"},"modified":"2020-01-28T17:50:04","modified_gmt":"2020-01-28T17:50:04","slug":"giovanni-marinoni","status":"publish","type":"page","link":"https:\/\/teatinos.org\/it\/giovanni-marinoni\/","title":{"rendered":"Giovanni Marinoni"},"content":{"rendered":"<p>[vc_row css=&#8221;.vc_custom_1459790702196{padding-top: 100px !important;padding-bottom: 100px !important;}&#8221;][vc_column]<div class=\"container \">[vc_row_inner][vc_column_inner][vc_column_text]<span style=\"color: #000000;\">Giovanni Marinoni, (al secolo Francesco). \u2013 Nacque a Venezia il 25 dicembre 1490 da Elisabetta, anch\u2019essa Marinoni, e da Bernardino, di ricca e nobile famiglia originaria di Clusone, nel Bergamasco, trasferitasi a Venezia nei decenni precedenti.<\/span><\/p>\n<p><span style=\"color: #000000;\">Ricevette l&#8217;ordinazione sacerdotale nel 1515 e nel 1521 fu insignito del titolo di canonico della Chiesa di San Marco. Frequent\u00f2 l&#8217;Ospedale degli Incurabili di Venezia, che aveva fondato San Gaetano nel 1522, e abbagliato e abbagliato dal suo esempio, entr\u00f2 nella Casa Teatina di Venezia. In quella casa fece la sua professione religiosa il 29 maggio 1530, nelle mani Dell&#8217;ammirato Gaetano e adottando il nome \u00abGiovanni\u00bb<\/span><\/p>\n<p><span style=\"color: #000000;\">Con lo stesso San Gaetano, lasci\u00f2 Venezia, nel 1533, dirigendosi verso Napoli, per fondare una casa teatina. Nella citt\u00e0 del Vesuvio rimase la maggior parte della sua vita, dedicandosi alla preghiera, alla cura delle anime, alla predicazione e alla formazione di candidati alla vita teatina. Con determinazione, si dimise per subentrare all&#8217;Arcidiocesi di Napoli, ministero episcopale offerto dal papa teatino Paolo IV.<\/span><\/p>\n<p><span style=\"color: #000000;\">Con lo stesso slancio che ebbe nel suo lavoro all&#8217;interno della comunit\u00e0 religiosa, comp\u00ec uno strenuo apostolato tra i pi\u00f9 umili. Vedendo le afflizioni subite a causa dei prestiti a usura, che gli incatenavano all&#8217;avidit\u00e0 degli strozzini influenz\u00f2 un cospicuo numero di laici che accompagn\u00f2 spiritualmente per creare il &#8220;Monte de Piet\u00e0&#8221;, al fine di superare quell&#8217;abuso.<\/span><\/p>\n<p><span style=\"color: #000000;\">Mor\u00ec santamente a Napoli il 13 dicembre 1562 e fu sepolto nel cimitero del convento di San Paolo il Maggiore di Napoli, dove i suoi resti possono essere venerati insieme con quelli di San Gaetano, di cui era compagno infaticabile e che lo avrebbe chiamato \u00abangelo in carne umana \u00bb. Anche il suo discepolo Sant\u2019Andrea Avelino lo ricorda con un&#8217;espressione che irradiava pace e serenit\u00e0, perch\u00e9 Dio era con lui. La beatificazione di G. avvenne quindi solo il 29 settembre 1803; la canonizzazione, da parte di Giovanni Paolo II, \u00e8 del 12 ottobre 1986. Dal 1971 le spoglie, composte in un&#8217;urna trasparente, sono esposte alla pubblica venerazione a Roma nella chiesa teatina di S. Andrea della Valle. Clemente XIII riconobbe e approv\u00f2 il culto del &#8220;Beato&#8221;. La data in cui \u00e8 ricordato liturgicamente \u00e8 il 12 dicembre.<\/span>[\/vc_column_text][\/vc_column_inner][\/vc_row_inner]<div class=\"portfolio\"><div id=\"js-grid-awesome-work\" class=\"col-3\"><\/div><\/div>[vc_empty_space height=&#8221;80px&#8221;]<\/div>[\/vc_column][\/vc_row][vc_row][vc_column][vc_column_text]<\/p>\n<p>[\/vc_column_text][\/vc_column][\/vc_row][vc_row][vc_column][\/vc_column][\/vc_row]<\/p>\n","protected":false},"excerpt":{"rendered":"<p>[vc_row css=&#8221;.vc_custom_1459790702196{padding-top: 100px !important;padding-bottom: 100px !important;}&#8221;][vc_column][\/vc_column][\/vc_row][vc_row][vc_column][vc_column_text] [\/vc_column_text][\/vc_column][\/vc_row][vc_row][vc_column][\/vc_column][\/vc_row]<\/p>\n","protected":false},"author":1,"featured_media":0,"parent":0,"menu_order":0,"comment_status":"closed","ping_status":"closed","template":"","meta":{"_acf_changed":false,"footnotes":"","_links_to":"","_links_to_target":""},"class_list":["post-4166","page","type-page","status-publish","hentry"],"acf":[],"yoast_head":"<!-- This site is optimized with the Yoast SEO plugin v23.5 - https:\/\/yoast.com\/wordpress\/plugins\/seo\/ -->\n<title>Giovanni Marinoni - Teatinos<\/title>\n<meta name=\"robots\" content=\"index, follow, max-snippet:-1, max-image-preview:large, max-video-preview:-1\" \/>\n<link rel=\"canonical\" href=\"https:\/\/teatinos.org\/it\/giovanni-marinoni\/\" \/>\n<meta property=\"og:locale\" content=\"it_IT\" \/>\n<meta property=\"og:type\" content=\"article\" \/>\n<meta property=\"og:title\" content=\"Giovanni Marinoni - Teatinos\" \/>\n<meta property=\"og:description\" content=\"[vc_row css=&#8221;.vc_custom_1459790702196{padding-top: 100px !important;padding-bottom: 100px !important;}&#8221;][vc_column][\/vc_column][\/vc_row][vc_row][vc_column][vc_column_text] [\/vc_column_text][\/vc_column][\/vc_row][vc_row][vc_column][\/vc_column][\/vc_row]\" \/>\n<meta property=\"og:url\" content=\"https:\/\/teatinos.org\/it\/giovanni-marinoni\/\" \/>\n<meta property=\"og:site_name\" content=\"Teatinos\" \/>\n<meta name=\"twitter:card\" content=\"summary_large_image\" \/>\n<meta name=\"twitter:label1\" content=\"Tempo di lettura stimato\" \/>\n\t<meta name=\"twitter:data1\" content=\"2 minuti\" \/>\n<script type=\"application\/ld+json\" class=\"yoast-schema-graph\">{\"@context\":\"https:\/\/schema.org\",\"@graph\":[{\"@type\":\"WebPage\",\"@id\":\"https:\/\/teatinos.org\/it\/giovanni-marinoni\/\",\"url\":\"https:\/\/teatinos.org\/it\/giovanni-marinoni\/\",\"name\":\"Giovanni Marinoni - Teatinos\",\"isPartOf\":{\"@id\":\"https:\/\/teatinos.org\/pt-br\/#website\"},\"datePublished\":\"2020-01-28T17:50:04+00:00\",\"dateModified\":\"2020-01-28T17:50:04+00:00\",\"breadcrumb\":{\"@id\":\"https:\/\/teatinos.org\/it\/giovanni-marinoni\/#breadcrumb\"},\"inLanguage\":\"it-IT\",\"potentialAction\":[{\"@type\":\"ReadAction\",\"target\":[\"https:\/\/teatinos.org\/it\/giovanni-marinoni\/\"]}]},{\"@type\":\"BreadcrumbList\",\"@id\":\"https:\/\/teatinos.org\/it\/giovanni-marinoni\/#breadcrumb\",\"itemListElement\":[{\"@type\":\"ListItem\",\"position\":1,\"name\":\"Portada\",\"item\":\"https:\/\/teatinos.org\/it\/\"},{\"@type\":\"ListItem\",\"position\":2,\"name\":\"Giovanni Marinoni\"}]},{\"@type\":\"WebSite\",\"@id\":\"https:\/\/teatinos.org\/pt-br\/#website\",\"url\":\"https:\/\/teatinos.org\/pt-br\/\",\"name\":\"Teatinos\",\"description\":\"Orden de Cl\u00e9rigos Regulares\",\"potentialAction\":[{\"@type\":\"SearchAction\",\"target\":{\"@type\":\"EntryPoint\",\"urlTemplate\":\"https:\/\/teatinos.org\/pt-br\/?s={search_term_string}\"},\"query-input\":{\"@type\":\"PropertyValueSpecification\",\"valueRequired\":true,\"valueName\":\"search_term_string\"}}],\"inLanguage\":\"it-IT\"}]}<\/script>\n<!-- \/ Yoast SEO plugin. -->","yoast_head_json":{"title":"Giovanni Marinoni - Teatinos","robots":{"index":"index","follow":"follow","max-snippet":"max-snippet:-1","max-image-preview":"max-image-preview:large","max-video-preview":"max-video-preview:-1"},"canonical":"https:\/\/teatinos.org\/it\/giovanni-marinoni\/","og_locale":"it_IT","og_type":"article","og_title":"Giovanni Marinoni - Teatinos","og_description":"[vc_row css=&#8221;.vc_custom_1459790702196{padding-top: 100px !important;padding-bottom: 100px !important;}&#8221;][vc_column][\/vc_column][\/vc_row][vc_row][vc_column][vc_column_text] [\/vc_column_text][\/vc_column][\/vc_row][vc_row][vc_column][\/vc_column][\/vc_row]","og_url":"https:\/\/teatinos.org\/it\/giovanni-marinoni\/","og_site_name":"Teatinos","twitter_card":"summary_large_image","twitter_misc":{"Tempo di lettura stimato":"2 minuti"},"schema":{"@context":"https:\/\/schema.org","@graph":[{"@type":"WebPage","@id":"https:\/\/teatinos.org\/it\/giovanni-marinoni\/","url":"https:\/\/teatinos.org\/it\/giovanni-marinoni\/","name":"Giovanni Marinoni - Teatinos","isPartOf":{"@id":"https:\/\/teatinos.org\/pt-br\/#website"},"datePublished":"2020-01-28T17:50:04+00:00","dateModified":"2020-01-28T17:50:04+00:00","breadcrumb":{"@id":"https:\/\/teatinos.org\/it\/giovanni-marinoni\/#breadcrumb"},"inLanguage":"it-IT","potentialAction":[{"@type":"ReadAction","target":["https:\/\/teatinos.org\/it\/giovanni-marinoni\/"]}]},{"@type":"BreadcrumbList","@id":"https:\/\/teatinos.org\/it\/giovanni-marinoni\/#breadcrumb","itemListElement":[{"@type":"ListItem","position":1,"name":"Portada","item":"https:\/\/teatinos.org\/it\/"},{"@type":"ListItem","position":2,"name":"Giovanni Marinoni"}]},{"@type":"WebSite","@id":"https:\/\/teatinos.org\/pt-br\/#website","url":"https:\/\/teatinos.org\/pt-br\/","name":"Teatinos","description":"Orden de Cl\u00e9rigos Regulares","potentialAction":[{"@type":"SearchAction","target":{"@type":"EntryPoint","urlTemplate":"https:\/\/teatinos.org\/pt-br\/?s={search_term_string}"},"query-input":{"@type":"PropertyValueSpecification","valueRequired":true,"valueName":"search_term_string"}}],"inLanguage":"it-IT"}]}},"rttpg_featured_image_url":null,"rttpg_author":{"display_name":"admin","author_link":"https:\/\/teatinos.org\/it\/author\/admin\/"},"rttpg_comment":0,"rttpg_category":false,"rttpg_excerpt":"[vc_row css=&#8221;.vc_custom_1459790702196{padding-top: 100px !important;padding-bottom: 100px !important;}&#8221;][vc_column][\/vc_column][\/vc_row][vc_row][vc_column][vc_column_text] [\/vc_column_text][\/vc_column][\/vc_row][vc_row][vc_column][\/vc_column][\/vc_row]","_links":{"self":[{"href":"https:\/\/teatinos.org\/it\/wp-json\/wp\/v2\/pages\/4166","targetHints":{"allow":["GET"]}}],"collection":[{"href":"https:\/\/teatinos.org\/it\/wp-json\/wp\/v2\/pages"}],"about":[{"href":"https:\/\/teatinos.org\/it\/wp-json\/wp\/v2\/types\/page"}],"author":[{"embeddable":true,"href":"https:\/\/teatinos.org\/it\/wp-json\/wp\/v2\/users\/1"}],"replies":[{"embeddable":true,"href":"https:\/\/teatinos.org\/it\/wp-json\/wp\/v2\/comments?post=4166"}],"version-history":[{"count":1,"href":"https:\/\/teatinos.org\/it\/wp-json\/wp\/v2\/pages\/4166\/revisions"}],"predecessor-version":[{"id":4187,"href":"https:\/\/teatinos.org\/it\/wp-json\/wp\/v2\/pages\/4166\/revisions\/4187"}],"wp:attachment":[{"href":"https:\/\/teatinos.org\/it\/wp-json\/wp\/v2\/media?parent=4166"}],"curies":[{"name":"wp","href":"https:\/\/api.w.org\/{rel}","templated":true}]}}