{"id":4142,"date":"2020-01-28T17:36:38","date_gmt":"2020-01-28T17:36:38","guid":{"rendered":"http:\/\/teatinos.org\/?page_id=4142"},"modified":"2023-12-29T20:20:30","modified_gmt":"2023-12-29T20:20:30","slug":"san-giuseppe-maria-tomasi","status":"publish","type":"page","link":"https:\/\/teatinos.org\/it\/san-giuseppe-maria-tomasi\/","title":{"rendered":"San Giuseppe Maria Tomasi"},"content":{"rendered":"<p>[vc_row css=&#8221;.vc_custom_1459790702196{padding-top: 100px !important;padding-bottom: 100px !important;}&#8221;][vc_column]<div class=\"container \">[vc_row_inner][vc_column_inner width=&#8221;5\/12&#8243;][vc_empty_space height=&#8221;8px&#8221;][vc_single_image image=&#8221;7110&#8243; img_size=&#8221;600&#215;760&#8243;][\/vc_column_inner][vc_column_inner width=&#8221;7\/12&#8243;][vc_column_text]<span style=\"color: #000000;\">Nacque a Licata, presso Agrigento, il 12 settembre 1649, figlio di Giulio Tomasi-Caro e La Restia, duca di Palma di Montechiaro e signore di Lampedusa, e Rosalia Traina Drago, baronessa di Torretta e Falconeri. Fin dalla tenera et\u00e0, Giuseppe Maria mostr\u00f2 una profonda inclinazione verso le cose ecclesiastiche, che divennero un amore per la Sacra Liturgia.<\/span><\/p>\n<p><span style=\"color: #000000;\">San Giuseppe Maria Tomasi rinunci\u00f2 alla sua propriet\u00e0 e ai suoi nobili diritti ed entr\u00f2 nella Congregazione dei Clerici Regolari Teatini, professando nella casa Teatina di Palermo il 25 marzo 1666. Nel 1673 fu ordinato sacerdote, dedicandosi interamente alla ricerca e allo studio delle fonti e altri documenti che hanno gettato le basi della liturgia cristiana. Per il suo lavoro di studioso fu salutato come &#8220;Principe della Liturgia Romana&#8221;.<\/span><\/p>\n<p><span style=\"color: #000000;\">Alla luce del suo compito scientifico, il pi\u00f9 grande interesse del teatino siciliano era che i fedeli partecipavano alle celebrazioni liturgiche in modo attivo e intelligente, in affinch\u00e9 potessero sfruttare meglio lo sviluppo della vita morale dei credenti. In questo senso, le intuizioni di Giuseppe Maria Tomasi anticiparono le risoluzioni che il Concilio Vaticano II (1962-1965) avrebbe attuato in questa materia.<\/span><\/p>\n<p><span style=\"color: #000000;\">Fu creato cardinale da Clemente XI nel concistoro del 18 maggio 1712 con il titolo di Santi Silvestre e Martino Ai Monti. Dalla dignit\u00e0 cardinalizia si preoccupava anche di promuovere la bellezza del culto divino, sia nelle forme rituali sia negli spazi a esso assegnati. Inoltre, ha incoraggiato la catechesi dei bambini e la cura dei poveri.<\/span>[\/vc_column_text][\/vc_column_inner][\/vc_row_inner][vc_column_text]<span style=\"color: #000000;\">Mor\u00ec a Roma il1\u00b0gennaio 1713. Beatificato da Pio VII nel 1803, fu canonizzato da San Giovanni Paolo II il 12 ottobre 1986. Le reliquie del suo corpo sono venerate nella Basilica di Sant&#8217;Andrea della Valle (Roma). La sua festa liturgica \u00e8 il 3 gennaio.<\/span>[\/vc_column_text]<\/div>[vc_icon type=&#8221;openiconic&#8221; icon_openiconic=&#8221;vc-oi vc-oi-folder&#8221; color=&#8221;black&#8221; align=&#8221;center&#8221;][vc_column_text]<\/p>\n<p style=\"text-align: center;\"><strong><a href=\"http:\/\/teatinos.org\/wp-content\/uploads\/2023\/12\/Forex-O-MIRACOLO-3-SGMT.pdf\" target=\"_blank\" rel=\"noopener\">Scarica la scheda in formato pdf<\/a><\/strong><\/p>\n<p>[\/vc_column_text][\/vc_column][\/vc_row]<\/p>\n","protected":false},"excerpt":{"rendered":"<p>[vc_row css=&#8221;.vc_custom_1459790702196{padding-top: 100px !important;padding-bottom: 100px !important;}&#8221;][vc_column][vc_icon type=&#8221;openiconic&#8221; icon_openiconic=&#8221;vc-oi vc-oi-folder&#8221; color=&#8221;black&#8221; align=&#8221;center&#8221;][vc_column_text] Scarica la scheda in formato pdf [\/vc_column_text][\/vc_column][\/vc_row]<\/p>\n","protected":false},"author":1,"featured_media":0,"parent":0,"menu_order":0,"comment_status":"closed","ping_status":"closed","template":"","meta":{"_acf_changed":false,"footnotes":"","_links_to":"","_links_to_target":""},"class_list":["post-4142","page","type-page","status-publish","hentry"],"acf":[],"yoast_head":"<!-- This site is optimized with the Yoast SEO plugin v23.5 - https:\/\/yoast.com\/wordpress\/plugins\/seo\/ -->\n<title>San Giuseppe Maria Tomasi - Teatinos<\/title>\n<meta name=\"robots\" content=\"index, follow, max-snippet:-1, max-image-preview:large, max-video-preview:-1\" \/>\n<link rel=\"canonical\" href=\"https:\/\/teatinos.org\/it\/san-giuseppe-maria-tomasi\/\" \/>\n<meta property=\"og:locale\" content=\"it_IT\" \/>\n<meta property=\"og:type\" content=\"article\" \/>\n<meta property=\"og:title\" content=\"San Giuseppe Maria Tomasi - Teatinos\" \/>\n<meta property=\"og:description\" content=\"[vc_row css=&#8221;.vc_custom_1459790702196{padding-top: 100px !important;padding-bottom: 100px !important;}&#8221;][vc_column][vc_icon type=&#8221;openiconic&#8221; icon_openiconic=&#8221;vc-oi vc-oi-folder&#8221; color=&#8221;black&#8221; align=&#8221;center&#8221;][vc_column_text] Scarica la scheda in formato pdf [\/vc_column_text][\/vc_column][\/vc_row]\" \/>\n<meta property=\"og:url\" content=\"https:\/\/teatinos.org\/it\/san-giuseppe-maria-tomasi\/\" \/>\n<meta property=\"og:site_name\" content=\"Teatinos\" \/>\n<meta property=\"article:modified_time\" content=\"2023-12-29T20:20:30+00:00\" \/>\n<meta name=\"twitter:card\" content=\"summary_large_image\" \/>\n<meta name=\"twitter:label1\" content=\"Tempo di lettura stimato\" \/>\n\t<meta name=\"twitter:data1\" content=\"2 minuti\" \/>\n<script type=\"application\/ld+json\" class=\"yoast-schema-graph\">{\"@context\":\"https:\/\/schema.org\",\"@graph\":[{\"@type\":\"WebPage\",\"@id\":\"https:\/\/teatinos.org\/it\/san-giuseppe-maria-tomasi\/\",\"url\":\"https:\/\/teatinos.org\/it\/san-giuseppe-maria-tomasi\/\",\"name\":\"San Giuseppe Maria Tomasi - Teatinos\",\"isPartOf\":{\"@id\":\"https:\/\/teatinos.org\/pt-br\/#website\"},\"datePublished\":\"2020-01-28T17:36:38+00:00\",\"dateModified\":\"2023-12-29T20:20:30+00:00\",\"breadcrumb\":{\"@id\":\"https:\/\/teatinos.org\/it\/san-giuseppe-maria-tomasi\/#breadcrumb\"},\"inLanguage\":\"it-IT\",\"potentialAction\":[{\"@type\":\"ReadAction\",\"target\":[\"https:\/\/teatinos.org\/it\/san-giuseppe-maria-tomasi\/\"]}]},{\"@type\":\"BreadcrumbList\",\"@id\":\"https:\/\/teatinos.org\/it\/san-giuseppe-maria-tomasi\/#breadcrumb\",\"itemListElement\":[{\"@type\":\"ListItem\",\"position\":1,\"name\":\"Portada\",\"item\":\"https:\/\/teatinos.org\/it\/\"},{\"@type\":\"ListItem\",\"position\":2,\"name\":\"San Giuseppe Maria Tomasi\"}]},{\"@type\":\"WebSite\",\"@id\":\"https:\/\/teatinos.org\/pt-br\/#website\",\"url\":\"https:\/\/teatinos.org\/pt-br\/\",\"name\":\"Teatinos\",\"description\":\"Orden de Cl\u00e9rigos Regulares\",\"potentialAction\":[{\"@type\":\"SearchAction\",\"target\":{\"@type\":\"EntryPoint\",\"urlTemplate\":\"https:\/\/teatinos.org\/pt-br\/?s={search_term_string}\"},\"query-input\":{\"@type\":\"PropertyValueSpecification\",\"valueRequired\":true,\"valueName\":\"search_term_string\"}}],\"inLanguage\":\"it-IT\"}]}<\/script>\n<!-- \/ Yoast SEO plugin. -->","yoast_head_json":{"title":"San Giuseppe Maria Tomasi - Teatinos","robots":{"index":"index","follow":"follow","max-snippet":"max-snippet:-1","max-image-preview":"max-image-preview:large","max-video-preview":"max-video-preview:-1"},"canonical":"https:\/\/teatinos.org\/it\/san-giuseppe-maria-tomasi\/","og_locale":"it_IT","og_type":"article","og_title":"San Giuseppe Maria Tomasi - Teatinos","og_description":"[vc_row css=&#8221;.vc_custom_1459790702196{padding-top: 100px !important;padding-bottom: 100px !important;}&#8221;][vc_column][vc_icon type=&#8221;openiconic&#8221; icon_openiconic=&#8221;vc-oi vc-oi-folder&#8221; color=&#8221;black&#8221; align=&#8221;center&#8221;][vc_column_text] Scarica la scheda in formato pdf [\/vc_column_text][\/vc_column][\/vc_row]","og_url":"https:\/\/teatinos.org\/it\/san-giuseppe-maria-tomasi\/","og_site_name":"Teatinos","article_modified_time":"2023-12-29T20:20:30+00:00","twitter_card":"summary_large_image","twitter_misc":{"Tempo di lettura stimato":"2 minuti"},"schema":{"@context":"https:\/\/schema.org","@graph":[{"@type":"WebPage","@id":"https:\/\/teatinos.org\/it\/san-giuseppe-maria-tomasi\/","url":"https:\/\/teatinos.org\/it\/san-giuseppe-maria-tomasi\/","name":"San Giuseppe Maria Tomasi - Teatinos","isPartOf":{"@id":"https:\/\/teatinos.org\/pt-br\/#website"},"datePublished":"2020-01-28T17:36:38+00:00","dateModified":"2023-12-29T20:20:30+00:00","breadcrumb":{"@id":"https:\/\/teatinos.org\/it\/san-giuseppe-maria-tomasi\/#breadcrumb"},"inLanguage":"it-IT","potentialAction":[{"@type":"ReadAction","target":["https:\/\/teatinos.org\/it\/san-giuseppe-maria-tomasi\/"]}]},{"@type":"BreadcrumbList","@id":"https:\/\/teatinos.org\/it\/san-giuseppe-maria-tomasi\/#breadcrumb","itemListElement":[{"@type":"ListItem","position":1,"name":"Portada","item":"https:\/\/teatinos.org\/it\/"},{"@type":"ListItem","position":2,"name":"San Giuseppe Maria Tomasi"}]},{"@type":"WebSite","@id":"https:\/\/teatinos.org\/pt-br\/#website","url":"https:\/\/teatinos.org\/pt-br\/","name":"Teatinos","description":"Orden de Cl\u00e9rigos Regulares","potentialAction":[{"@type":"SearchAction","target":{"@type":"EntryPoint","urlTemplate":"https:\/\/teatinos.org\/pt-br\/?s={search_term_string}"},"query-input":{"@type":"PropertyValueSpecification","valueRequired":true,"valueName":"search_term_string"}}],"inLanguage":"it-IT"}]}},"rttpg_featured_image_url":null,"rttpg_author":{"display_name":"admin","author_link":"https:\/\/teatinos.org\/it\/author\/admin\/"},"rttpg_comment":0,"rttpg_category":" <a href=\"https:\/\/teatinos.org\/it\/?taxonomy=translation_priority&#038;term=opzionale\" rel=\"tag\">Opzionale<\/a>","rttpg_excerpt":"[vc_row css=&#8221;.vc_custom_1459790702196{padding-top: 100px !important;padding-bottom: 100px !important;}&#8221;][vc_column][vc_icon type=&#8221;openiconic&#8221; icon_openiconic=&#8221;vc-oi vc-oi-folder&#8221; color=&#8221;black&#8221; align=&#8221;center&#8221;][vc_column_text] Scarica la scheda in formato pdf [\/vc_column_text][\/vc_column][\/vc_row]","_links":{"self":[{"href":"https:\/\/teatinos.org\/it\/wp-json\/wp\/v2\/pages\/4142","targetHints":{"allow":["GET"]}}],"collection":[{"href":"https:\/\/teatinos.org\/it\/wp-json\/wp\/v2\/pages"}],"about":[{"href":"https:\/\/teatinos.org\/it\/wp-json\/wp\/v2\/types\/page"}],"author":[{"embeddable":true,"href":"https:\/\/teatinos.org\/it\/wp-json\/wp\/v2\/users\/1"}],"replies":[{"embeddable":true,"href":"https:\/\/teatinos.org\/it\/wp-json\/wp\/v2\/comments?post=4142"}],"version-history":[{"count":5,"href":"https:\/\/teatinos.org\/it\/wp-json\/wp\/v2\/pages\/4142\/revisions"}],"predecessor-version":[{"id":13597,"href":"https:\/\/teatinos.org\/it\/wp-json\/wp\/v2\/pages\/4142\/revisions\/13597"}],"wp:attachment":[{"href":"https:\/\/teatinos.org\/it\/wp-json\/wp\/v2\/media?parent=4142"}],"curies":[{"name":"wp","href":"https:\/\/api.w.org\/{rel}","templated":true}]}}