{"id":4101,"date":"2020-01-23T18:08:32","date_gmt":"2020-01-23T18:08:32","guid":{"rendered":"http:\/\/teatinos.org\/?page_id=4101"},"modified":"2023-12-29T20:14:23","modified_gmt":"2023-12-29T20:14:23","slug":"santandrea-avellino","status":"publish","type":"page","link":"https:\/\/teatinos.org\/it\/santandrea-avellino\/","title":{"rendered":"Sant\u2019Andrea Avellino"},"content":{"rendered":"<p>[vc_row css=&#8221;.vc_custom_1459790702196{padding-top: 100px !important;padding-bottom: 100px !important;}&#8221;][vc_column]<div class=\"container \">[vc_row_inner][vc_column_inner width=&#8221;5\/12&#8243;][vc_empty_space height=&#8221;8px&#8221;][vc_single_image image=&#8221;7101&#8243; img_size=&#8221;620 x 858&#8243;][\/vc_column_inner][vc_column_inner width=&#8221;7\/12&#8243;][vc_column_text]<span style=\"color: #000000;\">A Castronuovo (Potenza), nel 1521 nacque Lancellotto (tale fu il suo nome di battesimo), da Giovanni e da Margherita Apelli<br \/>\nFu ordinato sacerdote nel 1545; nell&#8217;ottobre 1547 si trasfer\u00ec a Napoli per frequentare la facolt\u00e0 di diritto di quell&#8217;Universit\u00e0. Dopo i suoi primi studi, \u00e8 stato formato in giurisprudenza e ordinato sacerdote, esercitando, per qualche tempo, lo ufficio di difensore di varie cause nel foro ecclesiastico. Tuttavia, avendo sperimentato che questo esercizio professionale metteva in pericolo la sua vita spirituale, decise di dedicarsi interamente al sacro ministero. In quest&#8217;area, ha portato avanti con zelo apostolico il servizio a Dio e alle anime, al punto da mettere a rischio la sua vita fisica.<\/span><\/p>\n<p>Ricevuto nella Casa Teatina di San Paolo il Maggiore di Napoli, ebbe come direttore spirituale il teatino, futuro beato, padre Giovanni Marinonio, e il beato Paolo Burali come suo compagno. Il 25 gennaio 1558 vest\u00ec l&#8217;abito dei Teatini cambiando il suo nome di battesimo con quello di Andrea. Ai tre voti religiosi noti, ovvero castit\u00e0, povert\u00e0 e obbedienza, aggiunse quello di rinunciare risolutamente alla propria volont\u00e0 e di progredire incessantemente sulla via della perfezione evangelica.<\/p>\n<p><span style=\"color: #000000;\">Uomo virtuoso e giusto, un sacerdote pieno di unzione e religioso risolutamente osservante, ha lavorato con tutte le sue forze nella cura dei fedeli di vari settori sociali, facendosi notare come confessore e direttore spirituale, in particolare dei membri della nobilt\u00e0 e dei funzionari pubblici.<\/span>[\/vc_column_text][\/vc_column_inner][\/vc_row_inner][vc_column_text]<span style=\"color: #000000;\">Dal 1560 al 1570 fu maestro dei novizi della casa di San Paolo Maggiore, quindi fu preposto della stessa casa dal 1566 al 1569 e vi istitu\u00ec il primo studio teologico dell&#8217;Ordine, che volle informato dal pensiero di San Tommaso.<\/span><\/p>\n<p><span style=\"color: #000000;\">Tra il 1570 e il 1582 oper\u00f2 tra Milano e Piacenza presso le case dei Teatini nei due centri. Collabor\u00f2 con San Carlo Borromeo nell&#8217;arcidiocesi di Milano, per attuare le riforme del Concilio di Trento in questa giurisdizione ecclesiastica, e fecce lo stesso con il Beato Paolo Burali nella diocesi di Piacenza.<\/span><\/p>\n<p><span style=\"color: #000000;\">Fu poi a Napoli, dove si fece conoscere per la sua saggezza e il suo ruolo di mediatore nei conflitti che dividevano la citt\u00e0.<\/span><\/p>\n<p><span style=\"color: #000000;\">Il 10 novembre 1608, mentre nella chiesa di San Paolo Maggiore si accingeva a celebrare la Messa, fu colto da un attacco di apoplessia ai piedi dell&#8217;altare; mor\u00ec contemplando una celeste visione, la sera dello stesso giorno.<\/span><\/p>\n<p><span style=\"color: #000000;\">Fu beatificato da Urbano VIII nel 1624 e canonizzato da Clemente XI il 22 maggio 1712. La sua festa liturgica \u00e8 il 10 novembre. E&#8217; invocato, visto il modo in cui \u00e8 morto, come patrono contro una morte imprevista.<\/span><\/p>\n<p><span style=\"color: #000000;\">A seguito del suo apostolato epistolare e dei compiti che ha svolto, \u00e8 stato raccolto un ricco materiale letterario prodotto da Sant&#8217;Andrea Avellino, che fu pubblicato a tempo debito.<\/span>[\/vc_column_text]<\/div>[vc_icon type=&#8221;openiconic&#8221; icon_openiconic=&#8221;vc-oi vc-oi-folder&#8221; color=&#8221;black&#8221; align=&#8221;center&#8221;][vc_column_text]<\/p>\n<p style=\"text-align: center;\"><strong><a href=\"http:\/\/teatinos.org\/wp-content\/uploads\/2023\/12\/Forex-O-MIRACOLO-2-SAA.pdf\" target=\"_blank\" rel=\"noopener\">Scarica la scheda in formato pdf<\/a><\/strong><\/p>\n<p>[\/vc_column_text][\/vc_column][\/vc_row]<\/p>\n","protected":false},"excerpt":{"rendered":"<p>[vc_row css=&#8221;.vc_custom_1459790702196{padding-top: 100px !important;padding-bottom: 100px !important;}&#8221;][vc_column][vc_icon type=&#8221;openiconic&#8221; icon_openiconic=&#8221;vc-oi vc-oi-folder&#8221; color=&#8221;black&#8221; align=&#8221;center&#8221;][vc_column_text] Scarica la scheda in formato pdf [\/vc_column_text][\/vc_column][\/vc_row]<\/p>\n","protected":false},"author":1,"featured_media":0,"parent":0,"menu_order":0,"comment_status":"closed","ping_status":"closed","template":"","meta":{"_acf_changed":false,"footnotes":"","_links_to":"","_links_to_target":""},"class_list":["post-4101","page","type-page","status-publish","hentry"],"acf":[],"yoast_head":"<!-- This site is optimized with the Yoast SEO plugin v23.5 - https:\/\/yoast.com\/wordpress\/plugins\/seo\/ -->\n<title>Sant\u2019Andrea Avellino - Teatinos<\/title>\n<meta name=\"robots\" content=\"index, follow, max-snippet:-1, max-image-preview:large, max-video-preview:-1\" \/>\n<link rel=\"canonical\" href=\"https:\/\/teatinos.org\/it\/santandrea-avellino\/\" \/>\n<meta property=\"og:locale\" content=\"it_IT\" \/>\n<meta property=\"og:type\" content=\"article\" \/>\n<meta property=\"og:title\" content=\"Sant\u2019Andrea Avellino - Teatinos\" \/>\n<meta property=\"og:description\" content=\"[vc_row css=&#8221;.vc_custom_1459790702196{padding-top: 100px !important;padding-bottom: 100px !important;}&#8221;][vc_column][vc_icon type=&#8221;openiconic&#8221; icon_openiconic=&#8221;vc-oi vc-oi-folder&#8221; color=&#8221;black&#8221; align=&#8221;center&#8221;][vc_column_text] Scarica la scheda in formato pdf [\/vc_column_text][\/vc_column][\/vc_row]\" \/>\n<meta property=\"og:url\" content=\"https:\/\/teatinos.org\/it\/santandrea-avellino\/\" \/>\n<meta property=\"og:site_name\" content=\"Teatinos\" \/>\n<meta property=\"article:modified_time\" content=\"2023-12-29T20:14:23+00:00\" \/>\n<meta name=\"twitter:card\" content=\"summary_large_image\" \/>\n<meta name=\"twitter:label1\" content=\"Tempo di lettura stimato\" \/>\n\t<meta name=\"twitter:data1\" content=\"3 minuti\" \/>\n<script type=\"application\/ld+json\" class=\"yoast-schema-graph\">{\"@context\":\"https:\/\/schema.org\",\"@graph\":[{\"@type\":\"WebPage\",\"@id\":\"https:\/\/teatinos.org\/it\/santandrea-avellino\/\",\"url\":\"https:\/\/teatinos.org\/it\/santandrea-avellino\/\",\"name\":\"Sant\u2019Andrea Avellino - Teatinos\",\"isPartOf\":{\"@id\":\"https:\/\/teatinos.org\/pt-br\/#website\"},\"datePublished\":\"2020-01-23T18:08:32+00:00\",\"dateModified\":\"2023-12-29T20:14:23+00:00\",\"breadcrumb\":{\"@id\":\"https:\/\/teatinos.org\/it\/santandrea-avellino\/#breadcrumb\"},\"inLanguage\":\"it-IT\",\"potentialAction\":[{\"@type\":\"ReadAction\",\"target\":[\"https:\/\/teatinos.org\/it\/santandrea-avellino\/\"]}]},{\"@type\":\"BreadcrumbList\",\"@id\":\"https:\/\/teatinos.org\/it\/santandrea-avellino\/#breadcrumb\",\"itemListElement\":[{\"@type\":\"ListItem\",\"position\":1,\"name\":\"Portada\",\"item\":\"https:\/\/teatinos.org\/it\/\"},{\"@type\":\"ListItem\",\"position\":2,\"name\":\"Sant\u2019Andrea Avellino\"}]},{\"@type\":\"WebSite\",\"@id\":\"https:\/\/teatinos.org\/pt-br\/#website\",\"url\":\"https:\/\/teatinos.org\/pt-br\/\",\"name\":\"Teatinos\",\"description\":\"Orden de Cl\u00e9rigos Regulares\",\"potentialAction\":[{\"@type\":\"SearchAction\",\"target\":{\"@type\":\"EntryPoint\",\"urlTemplate\":\"https:\/\/teatinos.org\/pt-br\/?s={search_term_string}\"},\"query-input\":{\"@type\":\"PropertyValueSpecification\",\"valueRequired\":true,\"valueName\":\"search_term_string\"}}],\"inLanguage\":\"it-IT\"}]}<\/script>\n<!-- \/ Yoast SEO plugin. -->","yoast_head_json":{"title":"Sant\u2019Andrea Avellino - Teatinos","robots":{"index":"index","follow":"follow","max-snippet":"max-snippet:-1","max-image-preview":"max-image-preview:large","max-video-preview":"max-video-preview:-1"},"canonical":"https:\/\/teatinos.org\/it\/santandrea-avellino\/","og_locale":"it_IT","og_type":"article","og_title":"Sant\u2019Andrea Avellino - Teatinos","og_description":"[vc_row css=&#8221;.vc_custom_1459790702196{padding-top: 100px !important;padding-bottom: 100px !important;}&#8221;][vc_column][vc_icon type=&#8221;openiconic&#8221; icon_openiconic=&#8221;vc-oi vc-oi-folder&#8221; color=&#8221;black&#8221; align=&#8221;center&#8221;][vc_column_text] Scarica la scheda in formato pdf [\/vc_column_text][\/vc_column][\/vc_row]","og_url":"https:\/\/teatinos.org\/it\/santandrea-avellino\/","og_site_name":"Teatinos","article_modified_time":"2023-12-29T20:14:23+00:00","twitter_card":"summary_large_image","twitter_misc":{"Tempo di lettura stimato":"3 minuti"},"schema":{"@context":"https:\/\/schema.org","@graph":[{"@type":"WebPage","@id":"https:\/\/teatinos.org\/it\/santandrea-avellino\/","url":"https:\/\/teatinos.org\/it\/santandrea-avellino\/","name":"Sant\u2019Andrea Avellino - Teatinos","isPartOf":{"@id":"https:\/\/teatinos.org\/pt-br\/#website"},"datePublished":"2020-01-23T18:08:32+00:00","dateModified":"2023-12-29T20:14:23+00:00","breadcrumb":{"@id":"https:\/\/teatinos.org\/it\/santandrea-avellino\/#breadcrumb"},"inLanguage":"it-IT","potentialAction":[{"@type":"ReadAction","target":["https:\/\/teatinos.org\/it\/santandrea-avellino\/"]}]},{"@type":"BreadcrumbList","@id":"https:\/\/teatinos.org\/it\/santandrea-avellino\/#breadcrumb","itemListElement":[{"@type":"ListItem","position":1,"name":"Portada","item":"https:\/\/teatinos.org\/it\/"},{"@type":"ListItem","position":2,"name":"Sant\u2019Andrea Avellino"}]},{"@type":"WebSite","@id":"https:\/\/teatinos.org\/pt-br\/#website","url":"https:\/\/teatinos.org\/pt-br\/","name":"Teatinos","description":"Orden de Cl\u00e9rigos Regulares","potentialAction":[{"@type":"SearchAction","target":{"@type":"EntryPoint","urlTemplate":"https:\/\/teatinos.org\/pt-br\/?s={search_term_string}"},"query-input":{"@type":"PropertyValueSpecification","valueRequired":true,"valueName":"search_term_string"}}],"inLanguage":"it-IT"}]}},"rttpg_featured_image_url":null,"rttpg_author":{"display_name":"admin","author_link":"https:\/\/teatinos.org\/it\/author\/admin\/"},"rttpg_comment":0,"rttpg_category":" <a href=\"https:\/\/teatinos.org\/it\/?taxonomy=translation_priority&#038;term=opzionale\" rel=\"tag\">Opzionale<\/a>","rttpg_excerpt":"[vc_row css=&#8221;.vc_custom_1459790702196{padding-top: 100px !important;padding-bottom: 100px !important;}&#8221;][vc_column][vc_icon type=&#8221;openiconic&#8221; icon_openiconic=&#8221;vc-oi vc-oi-folder&#8221; color=&#8221;black&#8221; align=&#8221;center&#8221;][vc_column_text] Scarica la scheda in formato pdf [\/vc_column_text][\/vc_column][\/vc_row]","_links":{"self":[{"href":"https:\/\/teatinos.org\/it\/wp-json\/wp\/v2\/pages\/4101","targetHints":{"allow":["GET"]}}],"collection":[{"href":"https:\/\/teatinos.org\/it\/wp-json\/wp\/v2\/pages"}],"about":[{"href":"https:\/\/teatinos.org\/it\/wp-json\/wp\/v2\/types\/page"}],"author":[{"embeddable":true,"href":"https:\/\/teatinos.org\/it\/wp-json\/wp\/v2\/users\/1"}],"replies":[{"embeddable":true,"href":"https:\/\/teatinos.org\/it\/wp-json\/wp\/v2\/comments?post=4101"}],"version-history":[{"count":10,"href":"https:\/\/teatinos.org\/it\/wp-json\/wp\/v2\/pages\/4101\/revisions"}],"predecessor-version":[{"id":13592,"href":"https:\/\/teatinos.org\/it\/wp-json\/wp\/v2\/pages\/4101\/revisions\/13592"}],"wp:attachment":[{"href":"https:\/\/teatinos.org\/it\/wp-json\/wp\/v2\/media?parent=4101"}],"curies":[{"name":"wp","href":"https:\/\/api.w.org\/{rel}","templated":true}]}}