{"id":4096,"date":"2020-01-23T17:55:49","date_gmt":"2020-01-23T17:55:49","guid":{"rendered":"http:\/\/teatinos.org\/?page_id=4096"},"modified":"2024-05-29T15:37:42","modified_gmt":"2024-05-29T15:37:42","slug":"san-gaetano","status":"publish","type":"page","link":"https:\/\/teatinos.org\/it\/san-gaetano\/","title":{"rendered":"San Gaetano"},"content":{"rendered":"<p>[vc_row][vc_column]<div id=\"\" class=\"video-player-for-wpbakery \">\n    <div class=\"video-player-for-wpbakery-container\">\n        <iframe loading=\"lazy\" title=\"\ud83c\uddee\ud83c\uddf9 San Gaetano e la fondazione Teatina - 2024\" width=\"1280\" height=\"720\" src=\"https:\/\/www.youtube.com\/embed\/1g2qLKhGX3A?feature=oembed\" frameborder=\"0\" allow=\"accelerometer; autoplay; clipboard-write; encrypted-media; gyroscope; picture-in-picture; web-share\" referrerpolicy=\"strict-origin-when-cross-origin\" allowfullscreen><\/iframe>    <\/div>\n<\/div>[\/vc_column][\/vc_row][vc_row css=&#8221;.vc_custom_1459790702196{padding-top: 100px !important;padding-bottom: 100px !important;}&#8221;][vc_column]<div class=\"container \">[vc_row_inner][vc_column_inner width=&#8221;5\/12&#8243;][vc_empty_space height=&#8221;10px&#8221;][vc_single_image image=&#8221;7089&#8243; img_size=&#8221;622 x 898&#8243;][\/vc_column_inner][vc_column_inner width=&#8221;7\/12&#8243;][vc_column_text]<span style=\"color: #000000;\">Nacque a Vicenza nell&#8217;ottobre 1480, discendente della nobile famiglia Thiene, figlio di Gaspar di Thiene e Maria Porto, laureatosi in giurisprudenza a Padova, pi\u00f9 tarde, dopo aver ricevuto la sacra tonsura (1504), nel 1508 si rec\u00f2 a Roma per far parte della Curia romana, sotto il pontificato de Giulio II. Ha servito come protonotario apostolico<\/span> <span style=\"color: #000000;\">Entr\u00f2 nella Confraternita del Divino Amore di Roma (1515), dove sviluppa in diverse citt\u00e0 italiane attivit\u00e0 simili a quelle della Confraternita. Nel 1516 divenne sacerdote; nello stesso tempo si diede a pi\u00f9 intensa vita spirituale e alla beneficenza. A seguito di questa attivit\u00e0, San Gaetano fond\u00f2 l&#8217;Ospedale degli Incurabili di Venezia, insieme ai patrizi veneziani Maria Malpier e Marina Grimani, nel 1522.<br \/>\nIl Santo fece anche un apostolato della stessa natura all&#8217;Ospedale della Misericordia di Vicenza, dandogli la forma di nosocomio per gli incurabili, e frequentando anche quello di S. Giacomo di Augusta, a Roma.<\/span> <span style=\"color: #000000;\">Gaetano s\u2019impegn\u00f2 a riformare i costumi degli ecclesiastici, e si sforz\u00f2 di restaurare nella Chiesa del suo tempo il modo di vivere degli Apostoli. In questa compagnia incontr\u00f2 Gian Pietro Caraffa, Vescovo di Chieti e membro dell&#8217;Oratorio del Divino Amore Romano. Il risultato di questo incontro fu la fondazione dell&#8217;ordine dei Chierici Regolari Teatini il 14 settembre 1524.<\/span><br \/>\n<span style=\"color: #000000;\">Gaetano, di natura dolce e socievole, dotato di luminose virt\u00f9 sacerdotali, promosse lo splendore del Culto Divino e la frequente partecipazione ai sacramenti. A lui siamo abbagliati dalla venerazione della Nativit\u00e0 di Nostro Signore Ges\u00f9 Cristo e dalla sua passione, e soprattutto dal modo in cui questo \u00e8 stato combinato con la devozione alla Vergine Maria. Da qui una certa iconografia rappresenta San Gaetano che riceve il Bambino Ges\u00f9 tra le sue braccia, come la Vergine stessa gli ha offerto.<\/span>[\/vc_column_text][\/vc_column_inner][\/vc_row_inner][vc_column_text]<span style=\"color: #000000;\">Questo modo di ricreare la figura di Gaetano ha il suo fondamento nella narrazione che ha fatto a suor Laura Mignani, su un&#8217;esperienza mistica nella Basilica di Santa Maria Maggiore di Roma, il Natale 1517. Volendo non avere una moneta per pagare la propria sepoltura, si dedic\u00f2 completamente a una vita di povert\u00e0, al servizio ai pi\u00f9 bisognosi e di fiducia nella Divina Provvidenza. Cos\u00ec, pieno della sua vita di santit\u00e0 e di resa, mor\u00ec a Napoli il 7 agosto 1547. Le sue spoglie mortali riposano nella cripta della Basilica di San Paolo Maggiore a Napoli. Fu beatificato da Urbano VIII l&#8217;8 ottobre 1629, mentre Clemente X lo proclam\u00f2 Santo il 12 aprile 1671. La sua festa liturgica \u00e8 celebrata il 7 agosto.<\/span>[\/vc_column_text][vc_separator]<\/div>[vc_icon type=&#8221;openiconic&#8221; icon_openiconic=&#8221;vc-oi vc-oi-folder&#8221; color=&#8221;black&#8221; align=&#8221;center&#8221;][vc_column_text]<\/p>\n<p style=\"text-align: center;\"><strong><a href=\"http:\/\/teatinos.org\/wp-content\/uploads\/2023\/12\/Forex-O-MIRACOLO-1-SC.pdf\" target=\"_blank\" rel=\"noopener\">Scarica la scheda in formato pdf<\/a><\/strong><\/p>\n<p>[\/vc_column_text][\/vc_column][\/vc_row]<\/p>\n","protected":false},"excerpt":{"rendered":"<p>[vc_row][vc_column][\/vc_column][\/vc_row][vc_row css=&#8221;.vc_custom_1459790702196{padding-top: 100px !important;padding-bottom: 100px !important;}&#8221;][vc_column][vc_icon type=&#8221;openiconic&#8221; icon_openiconic=&#8221;vc-oi vc-oi-folder&#8221; color=&#8221;black&#8221; align=&#8221;center&#8221;][vc_column_text] Scarica la scheda in formato pdf [\/vc_column_text][\/vc_column][\/vc_row]<\/p>\n","protected":false},"author":1,"featured_media":0,"parent":0,"menu_order":0,"comment_status":"closed","ping_status":"closed","template":"","meta":{"_acf_changed":false,"footnotes":"","_links_to":"","_links_to_target":""},"class_list":["post-4096","page","type-page","status-publish","hentry"],"acf":[],"yoast_head":"<!-- This site is optimized with the Yoast SEO plugin v23.5 - https:\/\/yoast.com\/wordpress\/plugins\/seo\/ -->\n<title>San Gaetano - Teatinos<\/title>\n<meta name=\"robots\" content=\"index, follow, max-snippet:-1, max-image-preview:large, max-video-preview:-1\" \/>\n<link rel=\"canonical\" href=\"https:\/\/teatinos.org\/it\/san-gaetano\/\" \/>\n<meta property=\"og:locale\" content=\"it_IT\" \/>\n<meta property=\"og:type\" content=\"article\" \/>\n<meta property=\"og:title\" content=\"San Gaetano - Teatinos\" \/>\n<meta property=\"og:description\" content=\"[vc_row][vc_column][\/vc_column][\/vc_row][vc_row css=&#8221;.vc_custom_1459790702196{padding-top: 100px !important;padding-bottom: 100px !important;}&#8221;][vc_column][vc_icon type=&#8221;openiconic&#8221; icon_openiconic=&#8221;vc-oi vc-oi-folder&#8221; color=&#8221;black&#8221; align=&#8221;center&#8221;][vc_column_text] Scarica la scheda in formato pdf [\/vc_column_text][\/vc_column][\/vc_row]\" \/>\n<meta property=\"og:url\" content=\"https:\/\/teatinos.org\/it\/san-gaetano\/\" \/>\n<meta property=\"og:site_name\" content=\"Teatinos\" \/>\n<meta property=\"article:modified_time\" content=\"2024-05-29T15:37:42+00:00\" \/>\n<meta name=\"twitter:card\" content=\"summary_large_image\" \/>\n<meta name=\"twitter:label1\" content=\"Tempo di lettura stimato\" \/>\n\t<meta name=\"twitter:data1\" content=\"3 minuti\" \/>\n<script type=\"application\/ld+json\" class=\"yoast-schema-graph\">{\"@context\":\"https:\/\/schema.org\",\"@graph\":[{\"@type\":\"WebPage\",\"@id\":\"https:\/\/teatinos.org\/it\/san-gaetano\/\",\"url\":\"https:\/\/teatinos.org\/it\/san-gaetano\/\",\"name\":\"San Gaetano - Teatinos\",\"isPartOf\":{\"@id\":\"https:\/\/teatinos.org\/pt-br\/#website\"},\"datePublished\":\"2020-01-23T17:55:49+00:00\",\"dateModified\":\"2024-05-29T15:37:42+00:00\",\"breadcrumb\":{\"@id\":\"https:\/\/teatinos.org\/it\/san-gaetano\/#breadcrumb\"},\"inLanguage\":\"it-IT\",\"potentialAction\":[{\"@type\":\"ReadAction\",\"target\":[\"https:\/\/teatinos.org\/it\/san-gaetano\/\"]}]},{\"@type\":\"BreadcrumbList\",\"@id\":\"https:\/\/teatinos.org\/it\/san-gaetano\/#breadcrumb\",\"itemListElement\":[{\"@type\":\"ListItem\",\"position\":1,\"name\":\"Portada\",\"item\":\"https:\/\/teatinos.org\/it\/\"},{\"@type\":\"ListItem\",\"position\":2,\"name\":\"San Gaetano\"}]},{\"@type\":\"WebSite\",\"@id\":\"https:\/\/teatinos.org\/pt-br\/#website\",\"url\":\"https:\/\/teatinos.org\/pt-br\/\",\"name\":\"Teatinos\",\"description\":\"Orden de Cl\u00e9rigos Regulares\",\"potentialAction\":[{\"@type\":\"SearchAction\",\"target\":{\"@type\":\"EntryPoint\",\"urlTemplate\":\"https:\/\/teatinos.org\/pt-br\/?s={search_term_string}\"},\"query-input\":{\"@type\":\"PropertyValueSpecification\",\"valueRequired\":true,\"valueName\":\"search_term_string\"}}],\"inLanguage\":\"it-IT\"}]}<\/script>\n<!-- \/ Yoast SEO plugin. -->","yoast_head_json":{"title":"San Gaetano - Teatinos","robots":{"index":"index","follow":"follow","max-snippet":"max-snippet:-1","max-image-preview":"max-image-preview:large","max-video-preview":"max-video-preview:-1"},"canonical":"https:\/\/teatinos.org\/it\/san-gaetano\/","og_locale":"it_IT","og_type":"article","og_title":"San Gaetano - Teatinos","og_description":"[vc_row][vc_column][\/vc_column][\/vc_row][vc_row css=&#8221;.vc_custom_1459790702196{padding-top: 100px !important;padding-bottom: 100px !important;}&#8221;][vc_column][vc_icon type=&#8221;openiconic&#8221; icon_openiconic=&#8221;vc-oi vc-oi-folder&#8221; color=&#8221;black&#8221; align=&#8221;center&#8221;][vc_column_text] Scarica la scheda in formato pdf [\/vc_column_text][\/vc_column][\/vc_row]","og_url":"https:\/\/teatinos.org\/it\/san-gaetano\/","og_site_name":"Teatinos","article_modified_time":"2024-05-29T15:37:42+00:00","twitter_card":"summary_large_image","twitter_misc":{"Tempo di lettura stimato":"3 minuti"},"schema":{"@context":"https:\/\/schema.org","@graph":[{"@type":"WebPage","@id":"https:\/\/teatinos.org\/it\/san-gaetano\/","url":"https:\/\/teatinos.org\/it\/san-gaetano\/","name":"San Gaetano - Teatinos","isPartOf":{"@id":"https:\/\/teatinos.org\/pt-br\/#website"},"datePublished":"2020-01-23T17:55:49+00:00","dateModified":"2024-05-29T15:37:42+00:00","breadcrumb":{"@id":"https:\/\/teatinos.org\/it\/san-gaetano\/#breadcrumb"},"inLanguage":"it-IT","potentialAction":[{"@type":"ReadAction","target":["https:\/\/teatinos.org\/it\/san-gaetano\/"]}]},{"@type":"BreadcrumbList","@id":"https:\/\/teatinos.org\/it\/san-gaetano\/#breadcrumb","itemListElement":[{"@type":"ListItem","position":1,"name":"Portada","item":"https:\/\/teatinos.org\/it\/"},{"@type":"ListItem","position":2,"name":"San Gaetano"}]},{"@type":"WebSite","@id":"https:\/\/teatinos.org\/pt-br\/#website","url":"https:\/\/teatinos.org\/pt-br\/","name":"Teatinos","description":"Orden de Cl\u00e9rigos Regulares","potentialAction":[{"@type":"SearchAction","target":{"@type":"EntryPoint","urlTemplate":"https:\/\/teatinos.org\/pt-br\/?s={search_term_string}"},"query-input":{"@type":"PropertyValueSpecification","valueRequired":true,"valueName":"search_term_string"}}],"inLanguage":"it-IT"}]}},"rttpg_featured_image_url":null,"rttpg_author":{"display_name":"admin","author_link":"https:\/\/teatinos.org\/it\/author\/admin\/"},"rttpg_comment":0,"rttpg_category":" <a href=\"https:\/\/teatinos.org\/it\/?taxonomy=translation_priority&#038;term=opzionale\" rel=\"tag\">Opzionale<\/a>","rttpg_excerpt":"[vc_row][vc_column][\/vc_column][\/vc_row][vc_row css=&#8221;.vc_custom_1459790702196{padding-top: 100px !important;padding-bottom: 100px !important;}&#8221;][vc_column][vc_icon type=&#8221;openiconic&#8221; icon_openiconic=&#8221;vc-oi vc-oi-folder&#8221; color=&#8221;black&#8221; align=&#8221;center&#8221;][vc_column_text] Scarica la scheda in formato pdf [\/vc_column_text][\/vc_column][\/vc_row]","_links":{"self":[{"href":"https:\/\/teatinos.org\/it\/wp-json\/wp\/v2\/pages\/4096","targetHints":{"allow":["GET"]}}],"collection":[{"href":"https:\/\/teatinos.org\/it\/wp-json\/wp\/v2\/pages"}],"about":[{"href":"https:\/\/teatinos.org\/it\/wp-json\/wp\/v2\/types\/page"}],"author":[{"embeddable":true,"href":"https:\/\/teatinos.org\/it\/wp-json\/wp\/v2\/users\/1"}],"replies":[{"embeddable":true,"href":"https:\/\/teatinos.org\/it\/wp-json\/wp\/v2\/comments?post=4096"}],"version-history":[{"count":10,"href":"https:\/\/teatinos.org\/it\/wp-json\/wp\/v2\/pages\/4096\/revisions"}],"predecessor-version":[{"id":15915,"href":"https:\/\/teatinos.org\/it\/wp-json\/wp\/v2\/pages\/4096\/revisions\/15915"}],"wp:attachment":[{"href":"https:\/\/teatinos.org\/it\/wp-json\/wp\/v2\/media?parent=4096"}],"curies":[{"name":"wp","href":"https:\/\/api.w.org\/{rel}","templated":true}]}}