{"id":4046,"date":"2020-01-23T12:18:34","date_gmt":"2020-01-23T12:18:34","guid":{"rendered":"http:\/\/teatinos.org\/?page_id=4046"},"modified":"2025-10-20T21:13:22","modified_gmt":"2025-10-20T21:13:22","slug":"curia-generale","status":"publish","type":"page","link":"https:\/\/teatinos.org\/it\/curia-generale\/","title":{"rendered":"Curia Generale"},"content":{"rendered":"<p>[vc_row][vc_column width=&#8221;1\/6&#8243;][\/vc_column][vc_column width=&#8221;2\/3&#8243;][vc_empty_space height=&#8221;30px&#8221;][vc_column_text]<\/p>\n<p style=\"text-align: center;\">Per rafforzare la vita religiosa dell&#8217;Ordine e sviluppare con maggiore coerenza il potere giudiziario, in particolare, il governo del nostro Istituto comporta lo svolgimento di altre funzioni, che, insieme al Consiglio Generale ordinario, completano la configurazione della Curia Generale.<\/p>\n<p>[\/vc_column_text][vc_column_text]<\/p>\n<h5 style=\"text-align: center;\">I mestieri che completano la Curia Generale sono i seguenti:<\/h5>\n<p>[\/vc_column_text][\/vc_column][vc_column width=&#8221;1\/6&#8243;][\/vc_column][\/vc_row][vc_row el_id=&#8221;todos&#8221;][vc_column width=&#8221;1\/6&#8243;][\/vc_column][vc_column width=&#8221;2\/3&#8243;][vc_empty_space height=&#8221;40px&#8221;][\/vc_column][vc_column width=&#8221;1\/6&#8243;][\/vc_column][\/vc_row][vc_row][vc_column]<div class=\"portfolio\"><div id=\"js-grid-awesome-work\" class=\"col-3 with-space\"><!-- PORTOFLIO ITEM --><div class=\"cbp-item \"><img decoding=\"async\" src=\"https:\/\/teatinos.org\/wp-content\/uploads\/2018\/07\/Marcelo-Zubia.jpg\" alt=\"\"><div class=\"hover-port\"><div class=\"hover-in\"><div class=\"position-center-center full-width\"><h6>PROCURATORE GENERALE<\/h6><span>Che tratta le questioni dell'Ordine davanti alla Santa Sede. Questa funzione \u00e8 attualmente incaricata al Rev. P. Marcelo Ra\u00fal Zub\u00eda, C.R.\r\n\r\nPotete contattarlo all'indirizzo: <strong>procuratoregenerale@teatinos.org<\/strong><\/span><a href=\"https:\/\/teatinos.org\/it\/kora_portfolio\/procuratore-generale\/\" class=\"singlePage\" rel=\"nofollow\"><i class=\"fa fa-link\"><\/i><\/a><a href=\"https:\/\/teatinos.org\/wp-content\/uploads\/2018\/07\/Marcelo-Zubia.jpg\" class=\"cbp-lightbox\" data-title=\"\"><i class=\"ion-ios-search-strong\"><\/i><\/a><\/div><\/div><\/div><\/div><!-- End Portfolio  Layout --><!-- PORTOFLIO ITEM --><div class=\"cbp-item \"><img decoding=\"async\" src=\"https:\/\/teatinos.org\/wp-content\/uploads\/2018\/07\/WEB-Fotos-Secretario-General-2-2025.png\" alt=\"\"><div class=\"hover-port\"><div class=\"hover-in\"><div class=\"position-center-center full-width\"><h6>SEGRETARIO GENERALE<\/h6><span>Chi annota, scrive e d\u00e0 pubblica fiducia a tutti i documenti o verbali che, dalla Curia generale, riguardano il governo dell'Ordine. Quest\u2019ufficio \u00e8 esercitato oggi dal Rev.P. Antonio Cabrera Olmedo, C.R.\r\n\r\nPotete contattarlo all'indirizzo: <strong>segretariogenerale@teatinos.org<\/strong><\/span><a href=\"https:\/\/teatinos.org\/it\/kora_portfolio\/segretario-generale\/\" class=\"singlePage\" rel=\"nofollow\"><i class=\"fa fa-link\"><\/i><\/a><a href=\"https:\/\/teatinos.org\/wp-content\/uploads\/2018\/07\/WEB-Fotos-Secretario-General-2-2025.png\" class=\"cbp-lightbox\" data-title=\"\"><i class=\"ion-ios-search-strong\"><\/i><\/a><\/div><\/div><\/div><\/div><!-- End Portfolio  Layout --><!-- PORTOFLIO ITEM --><div class=\"cbp-item \"><img decoding=\"async\" src=\"https:\/\/teatinos.org\/wp-content\/uploads\/2022\/02\/WEB-Fotos-Economo-General-1-2025.png\" alt=\"\"><div class=\"hover-port\"><div class=\"hover-in\"><div class=\"position-center-center full-width\"><h6>TESORIERE GENERALE<\/h6><span>Chi cura e svolge l'amministrazione dei beni temporali dell'Ordine. La R.P. sta attualmente affrontando tale esigenza. Osman Procopio da Silva, C.R.\r\n\r\nPotete contattarlo all'indirizzo: <strong>economogenerale@teatinos.org<\/strong><\/span><a href=\"https:\/\/teatinos.org\/it\/kora_portfolio\/tesoriere-generale\/\" class=\"singlePage\" rel=\"nofollow\"><i class=\"fa fa-link\"><\/i><\/a><a href=\"https:\/\/teatinos.org\/wp-content\/uploads\/2022\/02\/WEB-Fotos-Economo-General-1-2025.png\" class=\"cbp-lightbox\" data-title=\"\"><i class=\"ion-ios-search-strong\"><\/i><\/a><\/div><\/div><\/div><\/div><!-- End Portfolio  Layout --><!-- PORTOFLIO ITEM --><div class=\"cbp-item \"><img decoding=\"async\" src=\"https:\/\/teatinos.org\/wp-content\/uploads\/2018\/07\/WEB-Fotos-Procurador-General-1-2025.png\" alt=\"\"><div class=\"hover-port\"><div class=\"hover-in\"><div class=\"position-center-center full-width\"><h6>POSTULATORE GENERALE PER LE CAUSE DEI SANTI<\/h6><span>Si occupa di tutto ci\u00f2 che riguarda la vita, l\u2019opera e la santit\u00e0 dei membri dell'Ordine che sono stati canonizzati o sono in corso di beatificazione o canonizzazione. Di questa funzione si incarica attualmente il Rev. P. Ambrosio Cots Dorca, C. R.\r\n\r\nPotete contattarlo all'indirizzo: <strong>postulatoregenerale@teatinos.org<\/strong><\/span><a href=\"https:\/\/teatinos.org\/it\/kora_portfolio\/postulatore-generale-per-le-cause-dei-santi\/\" class=\"singlePage\" rel=\"nofollow\"><i class=\"fa fa-link\"><\/i><\/a><a href=\"https:\/\/teatinos.org\/wp-content\/uploads\/2018\/07\/WEB-Fotos-Procurador-General-1-2025.png\" class=\"cbp-lightbox\" data-title=\"\"><i class=\"ion-ios-search-strong\"><\/i><\/a><\/div><\/div><\/div><\/div><!-- End Portfolio  Layout --><!-- PORTOFLIO ITEM --><div class=\"cbp-item \"><img decoding=\"async\" src=\"https:\/\/teatinos.org\/wp-content\/uploads\/2018\/07\/WEB-Fotos-Archivista-1-2025.png\" alt=\"\"><div class=\"hover-port\"><div class=\"hover-in\"><div class=\"position-center-center full-width\"><h6>PREFETTO DEL ARCHIVIO E DELLA BIBLIOTECA GENERALE DEL ORDINE<\/h6><span>Chi prende cura dell'Archivio storico e della Biblioteca generale della Curia. Questo compito \u00e8 attualmente responsabile del R.P. Juan Roberto Orqueida Guaglianone, C.R., sacerdote teatino argentino, specializzato in liturgia e archivistica.\r\n\r\nPu\u00f2 essere contattato all'indirizzo: <strong>archiviogenerale@teatinos.org<\/strong><\/span><a href=\"https:\/\/teatinos.org\/it\/kora_portfolio\/prefetto-del-archivio-e-della-biblioteca-generale-del-ordine\/\" class=\"singlePage\" rel=\"nofollow\"><i class=\"fa fa-link\"><\/i><\/a><a href=\"https:\/\/teatinos.org\/wp-content\/uploads\/2018\/07\/WEB-Fotos-Archivista-1-2025.png\" class=\"cbp-lightbox\" data-title=\"\"><i class=\"ion-ios-search-strong\"><\/i><\/a><\/div><\/div><\/div><\/div><!-- End Portfolio  Layout --><!-- PORTOFLIO ITEM --><div class=\"cbp-item \"><img decoding=\"async\" src=\"https:\/\/teatinos.org\/wp-content\/uploads\/2022\/02\/WEB-Fotos-Delegado-Formacion-1-2025.png\" alt=\"\"><div class=\"hover-port\"><div class=\"hover-in\"><div class=\"position-center-center full-width\"><h6>DELEGATO GENERALE PER LA FORMAZIONE<\/h6><span>Chi deve occuparsi di tutto ci\u00f2 che riguarda la Formazione del Chierico Regolare. Tale ufficio \u00e8 esercitato oggi dal R.P. Ismael Correa Marin, C.R.<\/span><a href=\"https:\/\/teatinos.org\/it\/kora_portfolio\/delegato-generale-per-la-formazione\/\" class=\"singlePage\" rel=\"nofollow\"><i class=\"fa fa-link\"><\/i><\/a><a href=\"https:\/\/teatinos.org\/wp-content\/uploads\/2022\/02\/WEB-Fotos-Delegado-Formacion-1-2025.png\" class=\"cbp-lightbox\" data-title=\"\"><i class=\"ion-ios-search-strong\"><\/i><\/a><\/div><\/div><\/div><\/div><!-- End Portfolio  Layout --><!-- PORTOFLIO ITEM --><div class=\"cbp-item \"><img decoding=\"async\" src=\"https:\/\/teatinos.org\/wp-content\/uploads\/2022\/02\/WEB-Fotos-Economo-General-1-2025.png\" alt=\"\"><div class=\"hover-port\"><div class=\"hover-in\"><div class=\"position-center-center full-width\"><h6>MAESTRO DEI JUNIORI<\/h6><span>Chi \u00e8 responsabile della Collegio Internazionale Teatini \"San Giuseppe Maria Tomasi\". La sta attualmente affrontando tale esigenza il R.P. Osman Procopio da Silva, C.R.<\/span><a href=\"https:\/\/teatinos.org\/it\/kora_portfolio\/maestro-dei-juniori\/\" class=\"singlePage\" rel=\"nofollow\"><i class=\"fa fa-link\"><\/i><\/a><a href=\"https:\/\/teatinos.org\/wp-content\/uploads\/2022\/02\/WEB-Fotos-Economo-General-1-2025.png\" class=\"cbp-lightbox\" data-title=\"\"><i class=\"ion-ios-search-strong\"><\/i><\/a><\/div><\/div><\/div><\/div><!-- End Portfolio  Layout --><!-- PORTOFLIO ITEM --><div class=\"cbp-item \"><img decoding=\"async\" src=\"https:\/\/teatinos.org\/wp-content\/uploads\/2022\/02\/Escudo-cuadrado-2023-ITA.png\" alt=\"\"><div class=\"hover-port\"><div class=\"hover-in\"><div class=\"position-center-center full-width\"><h6>COMMISSIONE 500 ANNI<\/h6><span>\u00c8 il Comitato Organizzatore delle celebrazioni per il 500\u00b0 anniversario della fondazione dell'Ordine dei Chierici Regolari Teatini.\r\n\r\n\u00c8 possibile contattarli via e-mail: <strong>500anni@teatinos.org<\/strong><\/span><a href=\"https:\/\/teatinos.org\/it\/kora_portfolio\/commissione-500-anni\/\" class=\"singlePage\" rel=\"nofollow\"><i class=\"fa fa-link\"><\/i><\/a><a href=\"https:\/\/teatinos.org\/wp-content\/uploads\/2022\/02\/Escudo-cuadrado-2023-ITA.png\" class=\"cbp-lightbox\" data-title=\"\"><i class=\"ion-ios-search-strong\"><\/i><\/a><\/div><\/div><\/div><\/div><!-- End Portfolio  Layout --><!-- PORTOFLIO ITEM --><div class=\"cbp-item \"><img decoding=\"async\" src=\"https:\/\/teatinos.org\/wp-content\/uploads\/2022\/02\/WEB-Fotos-Rector-Basilica-2-2025.png\" alt=\"\"><div class=\"hover-port\"><div class=\"hover-in\"><div class=\"position-center-center full-width\"><h6>RETTORE DELLA BASILICA<\/h6><span>Si occupa di tutto ci\u00f2 che riguarda la Basilica di Sant'Andrea della Valle, a Roma, sede della Casa Generalizia dell'Ordine dei Chierici Regolari dei Teatini. Il R.P. Jo\u00e3o Marcos Boranelli, C.R., \u00e8 attualmente il Rettore della Basilica.\r\n\r\nPotete contattarlo all'indirizzo: <strong>santandrea@teatinos.org<\/strong><\/span><a href=\"https:\/\/teatinos.org\/it\/kora_portfolio\/rettore-della-basilica\/\" class=\"singlePage\" rel=\"nofollow\"><i class=\"fa fa-link\"><\/i><\/a><a href=\"https:\/\/teatinos.org\/wp-content\/uploads\/2022\/02\/WEB-Fotos-Rector-Basilica-2-2025.png\" class=\"cbp-lightbox\" data-title=\"\"><i class=\"ion-ios-search-strong\"><\/i><\/a><\/div><\/div><\/div><\/div><!-- End Portfolio  Layout --><\/div><!-- LOAD MORE --><div id=\"js-loadMore-awesome-work\" class=\"text-center\"><a href=\"https:\/\/teatinos.org\/it\/?page_id=&number_of_posts=10&pl=normal-4-column-full&select_portfolio_categories=23\" class=\"cbp-l-loadMore-link btn text-center\" rel=\"nofollow\"><span class=\"cbp-l-loadMore-defaultText\">Ver m\u00e1s<\/span><span class=\"cbp-l-loadMore-loadingText\">No hay m\u00e1s para mostrar<\/span><span class=\"cbp-l-loadMore-noMoreLoading\"><\/span><\/a><\/div><\/div>[\/vc_column][\/vc_row][vc_row][vc_column][vc_wp_text]<script type=\"text\/javascript\">jQuery(document).ready(function(){jQuery('#consejo').hide();jQuery('#curia').hide();jQuery('body').on('click', '.cbp-filter-item', function(){seleccion = jQuery(this ).data('filter');if (seleccion == '.curia-general'){jQuery('#curia').show();jQuery('#todos').hide();jQuery('#consejo').hide();}else if (seleccion == '.consejo-general-ordinario'){jQuery('#curia').hide();jQuery('#consejo').show();jQuery('#todos').hide();}else{jQuery('#consejo').hide();jQuery('#todos').show();jQuery('#curia').hide();}})})<\/script>[\/vc_wp_text][\/vc_column][\/vc_row]<\/p>\n","protected":false},"excerpt":{"rendered":"<p>[vc_row][vc_column width=&#8221;1\/6&#8243;][\/vc_column][vc_column width=&#8221;2\/3&#8243;][vc_empty_space height=&#8221;30px&#8221;][vc_column_text] Per rafforzare la vita religiosa dell&#8217;Ordine e sviluppare con maggiore coerenza il potere giudiziario, in particolare, il governo del nostro Istituto comporta lo svolgimento di altre funzioni, che, insieme al Consiglio Generale ordinario, completano la configurazione della Curia Generale. [\/vc_column_text][vc_column_text] I mestieri che completano la Curia&hellip;<\/p>\n","protected":false},"author":1,"featured_media":0,"parent":0,"menu_order":0,"comment_status":"closed","ping_status":"closed","template":"","meta":{"_acf_changed":false,"footnotes":"","_links_to":"","_links_to_target":""},"class_list":["post-4046","page","type-page","status-publish","hentry"],"acf":[],"yoast_head":"<!-- This site is optimized with the Yoast SEO plugin v23.5 - https:\/\/yoast.com\/wordpress\/plugins\/seo\/ -->\n<title>Curia Generale - Teatinos<\/title>\n<meta name=\"robots\" content=\"index, follow, max-snippet:-1, max-image-preview:large, max-video-preview:-1\" \/>\n<link rel=\"canonical\" href=\"https:\/\/teatinos.org\/it\/curia-generale\/\" \/>\n<meta property=\"og:locale\" content=\"it_IT\" \/>\n<meta property=\"og:type\" content=\"article\" \/>\n<meta property=\"og:title\" content=\"Curia Generale - Teatinos\" \/>\n<meta property=\"og:description\" content=\"[vc_row][vc_column width=&#8221;1\/6&#8243;][\/vc_column][vc_column width=&#8221;2\/3&#8243;][vc_empty_space height=&#8221;30px&#8221;][vc_column_text] Per rafforzare la vita religiosa dell&#8217;Ordine e sviluppare con maggiore coerenza il potere giudiziario, in particolare, il governo del nostro Istituto comporta lo svolgimento di altre funzioni, che, insieme al Consiglio Generale ordinario, completano la configurazione della Curia Generale. [\/vc_column_text][vc_column_text] I mestieri che completano la Curia&hellip;\" \/>\n<meta property=\"og:url\" content=\"https:\/\/teatinos.org\/it\/curia-generale\/\" \/>\n<meta property=\"og:site_name\" content=\"Teatinos\" \/>\n<meta property=\"article:modified_time\" content=\"2025-10-20T21:13:22+00:00\" \/>\n<meta name=\"twitter:card\" content=\"summary_large_image\" \/>\n<meta name=\"twitter:label1\" content=\"Tempo di lettura stimato\" \/>\n\t<meta name=\"twitter:data1\" content=\"1 minuto\" \/>\n<script type=\"application\/ld+json\" class=\"yoast-schema-graph\">{\"@context\":\"https:\/\/schema.org\",\"@graph\":[{\"@type\":\"WebPage\",\"@id\":\"https:\/\/teatinos.org\/it\/curia-generale\/\",\"url\":\"https:\/\/teatinos.org\/it\/curia-generale\/\",\"name\":\"Curia Generale - Teatinos\",\"isPartOf\":{\"@id\":\"https:\/\/teatinos.org\/pt-br\/#website\"},\"datePublished\":\"2020-01-23T12:18:34+00:00\",\"dateModified\":\"2025-10-20T21:13:22+00:00\",\"breadcrumb\":{\"@id\":\"https:\/\/teatinos.org\/it\/curia-generale\/#breadcrumb\"},\"inLanguage\":\"it-IT\",\"potentialAction\":[{\"@type\":\"ReadAction\",\"target\":[\"https:\/\/teatinos.org\/it\/curia-generale\/\"]}]},{\"@type\":\"BreadcrumbList\",\"@id\":\"https:\/\/teatinos.org\/it\/curia-generale\/#breadcrumb\",\"itemListElement\":[{\"@type\":\"ListItem\",\"position\":1,\"name\":\"Portada\",\"item\":\"https:\/\/teatinos.org\/it\/\"},{\"@type\":\"ListItem\",\"position\":2,\"name\":\"Curia Generale\"}]},{\"@type\":\"WebSite\",\"@id\":\"https:\/\/teatinos.org\/pt-br\/#website\",\"url\":\"https:\/\/teatinos.org\/pt-br\/\",\"name\":\"Teatinos\",\"description\":\"Orden de Cl\u00e9rigos Regulares\",\"potentialAction\":[{\"@type\":\"SearchAction\",\"target\":{\"@type\":\"EntryPoint\",\"urlTemplate\":\"https:\/\/teatinos.org\/pt-br\/?s={search_term_string}\"},\"query-input\":{\"@type\":\"PropertyValueSpecification\",\"valueRequired\":true,\"valueName\":\"search_term_string\"}}],\"inLanguage\":\"it-IT\"}]}<\/script>\n<!-- \/ Yoast SEO plugin. -->","yoast_head_json":{"title":"Curia Generale - Teatinos","robots":{"index":"index","follow":"follow","max-snippet":"max-snippet:-1","max-image-preview":"max-image-preview:large","max-video-preview":"max-video-preview:-1"},"canonical":"https:\/\/teatinos.org\/it\/curia-generale\/","og_locale":"it_IT","og_type":"article","og_title":"Curia Generale - Teatinos","og_description":"[vc_row][vc_column width=&#8221;1\/6&#8243;][\/vc_column][vc_column width=&#8221;2\/3&#8243;][vc_empty_space height=&#8221;30px&#8221;][vc_column_text] Per rafforzare la vita religiosa dell&#8217;Ordine e sviluppare con maggiore coerenza il potere giudiziario, in particolare, il governo del nostro Istituto comporta lo svolgimento di altre funzioni, che, insieme al Consiglio Generale ordinario, completano la configurazione della Curia Generale. [\/vc_column_text][vc_column_text] I mestieri che completano la Curia&hellip;","og_url":"https:\/\/teatinos.org\/it\/curia-generale\/","og_site_name":"Teatinos","article_modified_time":"2025-10-20T21:13:22+00:00","twitter_card":"summary_large_image","twitter_misc":{"Tempo di lettura stimato":"1 minuto"},"schema":{"@context":"https:\/\/schema.org","@graph":[{"@type":"WebPage","@id":"https:\/\/teatinos.org\/it\/curia-generale\/","url":"https:\/\/teatinos.org\/it\/curia-generale\/","name":"Curia Generale - Teatinos","isPartOf":{"@id":"https:\/\/teatinos.org\/pt-br\/#website"},"datePublished":"2020-01-23T12:18:34+00:00","dateModified":"2025-10-20T21:13:22+00:00","breadcrumb":{"@id":"https:\/\/teatinos.org\/it\/curia-generale\/#breadcrumb"},"inLanguage":"it-IT","potentialAction":[{"@type":"ReadAction","target":["https:\/\/teatinos.org\/it\/curia-generale\/"]}]},{"@type":"BreadcrumbList","@id":"https:\/\/teatinos.org\/it\/curia-generale\/#breadcrumb","itemListElement":[{"@type":"ListItem","position":1,"name":"Portada","item":"https:\/\/teatinos.org\/it\/"},{"@type":"ListItem","position":2,"name":"Curia Generale"}]},{"@type":"WebSite","@id":"https:\/\/teatinos.org\/pt-br\/#website","url":"https:\/\/teatinos.org\/pt-br\/","name":"Teatinos","description":"Orden de Cl\u00e9rigos Regulares","potentialAction":[{"@type":"SearchAction","target":{"@type":"EntryPoint","urlTemplate":"https:\/\/teatinos.org\/pt-br\/?s={search_term_string}"},"query-input":{"@type":"PropertyValueSpecification","valueRequired":true,"valueName":"search_term_string"}}],"inLanguage":"it-IT"}]}},"rttpg_featured_image_url":null,"rttpg_author":{"display_name":"admin","author_link":"https:\/\/teatinos.org\/it\/author\/admin\/"},"rttpg_comment":0,"rttpg_category":" <a href=\"https:\/\/teatinos.org\/it\/?taxonomy=translation_priority&#038;term=opzionale\" rel=\"tag\">Opzionale<\/a>","rttpg_excerpt":"[vc_row][vc_column width=&#8221;1\/6&#8243;][\/vc_column][vc_column width=&#8221;2\/3&#8243;][vc_empty_space height=&#8221;30px&#8221;][vc_column_text] Per rafforzare la vita religiosa dell&#8217;Ordine e sviluppare con maggiore coerenza il potere giudiziario, in particolare, il governo del nostro Istituto comporta lo svolgimento di altre funzioni, che, insieme al Consiglio Generale ordinario, completano la configurazione della Curia Generale. [\/vc_column_text][vc_column_text] I mestieri che completano la Curia&hellip;","_links":{"self":[{"href":"https:\/\/teatinos.org\/it\/wp-json\/wp\/v2\/pages\/4046","targetHints":{"allow":["GET"]}}],"collection":[{"href":"https:\/\/teatinos.org\/it\/wp-json\/wp\/v2\/pages"}],"about":[{"href":"https:\/\/teatinos.org\/it\/wp-json\/wp\/v2\/types\/page"}],"author":[{"embeddable":true,"href":"https:\/\/teatinos.org\/it\/wp-json\/wp\/v2\/users\/1"}],"replies":[{"embeddable":true,"href":"https:\/\/teatinos.org\/it\/wp-json\/wp\/v2\/comments?post=4046"}],"version-history":[{"count":5,"href":"https:\/\/teatinos.org\/it\/wp-json\/wp\/v2\/pages\/4046\/revisions"}],"predecessor-version":[{"id":20476,"href":"https:\/\/teatinos.org\/it\/wp-json\/wp\/v2\/pages\/4046\/revisions\/20476"}],"wp:attachment":[{"href":"https:\/\/teatinos.org\/it\/wp-json\/wp\/v2\/media?parent=4046"}],"curies":[{"name":"wp","href":"https:\/\/api.w.org\/{rel}","templated":true}]}}