{"id":4040,"date":"2020-01-23T12:07:22","date_gmt":"2020-01-23T12:07:22","guid":{"rendered":"http:\/\/teatinos.org\/?page_id=4040"},"modified":"2025-10-21T14:20:13","modified_gmt":"2025-10-21T14:20:13","slug":"que-cosa-facciamo","status":"publish","type":"page","link":"https:\/\/teatinos.org\/it\/que-cosa-facciamo\/","title":{"rendered":"Que cosa facciamo?"},"content":{"rendered":"<p>[vc_row css=&#8221;.vc_custom_1459790702196{padding-top: 100px !important;padding-bottom: 100px !important;}&#8221;][vc_column]<div class=\"container \">[vc_row_inner][vc_column_inner width=&#8221;1\/2&#8243;][vc_empty_space height=&#8221;8px&#8221;][vc_single_image image=&#8221;20610&#8243; img_size=&#8221;full&#8221;][\/vc_column_inner][vc_column_inner width=&#8221;1\/2&#8243;][vc_empty_space height=&#8221;3px&#8221;][vc_column_text]Quando si tratta di presentare ci\u00f2 che facciamo noi Teatini, sar\u00e0 sempre bene fare riferimento all&#8217;art. 32 delle nostre attuali costituzioni:[\/vc_column_text][vc_column_text]<\/p>\n<blockquote><p>\u00abLa nostra particolare forma di vita religiosa, ispirata agli Atti degli Apostoli, richiede soprattutto, dando ovunque una testimonianza della risurrezione del Signore, di perseverare dediti alla preghiera e al Ministero della Parola, di dedicarci e consumarci per la salvezza dei fratelli. Dobbiamo quindi considerare come propri del nostro Stato qualsiasi compito, opera o ministero ecclesiastico, soprattutto se l&#8217;obbedienza o la carit\u00e0 ci spinga a farlo\u00bb.<\/p><\/blockquote>\n<p>[\/vc_column_text][vc_column_text]I Teatini sono quindi dedicati a tutto ci\u00f2 in cui \u00e8 coinvolto il sacerdozio ministeriale, oltre allo svolgimento di una particolare attivit\u00e0 pastorale. Oggi la nostra azione \u00e8 concentrata nelle parrocchie e nelle scuole, che si estende all&#8217;attenzione di altre comunit\u00e0 religiose, nell&#8217;insegnamento di corsi di studio in altre aree diverse dalle nostre scuole e nell&#8217;accompagnamento di diverse situazioni di difficolt\u00e0 personale e sociale di varie situazioni di difficolt\u00e0 personale e sociale.[\/vc_column_text][\/vc_column_inner][\/vc_row_inner]<\/div>[\/vc_column][\/vc_row]<\/p>\n","protected":false},"excerpt":{"rendered":"<p>[vc_row css=&#8221;.vc_custom_1459790702196{padding-top: 100px !important;padding-bottom: 100px !important;}&#8221;][vc_column][\/vc_column][\/vc_row]<\/p>\n","protected":false},"author":1,"featured_media":0,"parent":0,"menu_order":0,"comment_status":"closed","ping_status":"closed","template":"","meta":{"_acf_changed":false,"footnotes":"","_links_to":"","_links_to_target":""},"class_list":["post-4040","page","type-page","status-publish","hentry"],"acf":[],"yoast_head":"<!-- This site is optimized with the Yoast SEO plugin v23.5 - https:\/\/yoast.com\/wordpress\/plugins\/seo\/ -->\n<title>Que cosa facciamo? - Teatinos<\/title>\n<meta name=\"robots\" content=\"index, follow, max-snippet:-1, max-image-preview:large, max-video-preview:-1\" \/>\n<link rel=\"canonical\" href=\"https:\/\/teatinos.org\/it\/que-cosa-facciamo\/\" \/>\n<meta property=\"og:locale\" content=\"it_IT\" \/>\n<meta property=\"og:type\" content=\"article\" \/>\n<meta property=\"og:title\" content=\"Que cosa facciamo? - Teatinos\" \/>\n<meta property=\"og:description\" content=\"[vc_row css=&#8221;.vc_custom_1459790702196{padding-top: 100px !important;padding-bottom: 100px !important;}&#8221;][vc_column][\/vc_column][\/vc_row]\" \/>\n<meta property=\"og:url\" content=\"https:\/\/teatinos.org\/it\/que-cosa-facciamo\/\" \/>\n<meta property=\"og:site_name\" content=\"Teatinos\" \/>\n<meta property=\"article:modified_time\" content=\"2025-10-21T14:20:13+00:00\" \/>\n<meta name=\"twitter:card\" content=\"summary_large_image\" \/>\n<meta name=\"twitter:label1\" content=\"Tempo di lettura stimato\" \/>\n\t<meta name=\"twitter:data1\" content=\"1 minuto\" \/>\n<script type=\"application\/ld+json\" class=\"yoast-schema-graph\">{\"@context\":\"https:\/\/schema.org\",\"@graph\":[{\"@type\":\"WebPage\",\"@id\":\"https:\/\/teatinos.org\/it\/que-cosa-facciamo\/\",\"url\":\"https:\/\/teatinos.org\/it\/que-cosa-facciamo\/\",\"name\":\"Que cosa facciamo? - Teatinos\",\"isPartOf\":{\"@id\":\"https:\/\/teatinos.org\/pt-br\/#website\"},\"datePublished\":\"2020-01-23T12:07:22+00:00\",\"dateModified\":\"2025-10-21T14:20:13+00:00\",\"breadcrumb\":{\"@id\":\"https:\/\/teatinos.org\/it\/que-cosa-facciamo\/#breadcrumb\"},\"inLanguage\":\"it-IT\",\"potentialAction\":[{\"@type\":\"ReadAction\",\"target\":[\"https:\/\/teatinos.org\/it\/que-cosa-facciamo\/\"]}]},{\"@type\":\"BreadcrumbList\",\"@id\":\"https:\/\/teatinos.org\/it\/que-cosa-facciamo\/#breadcrumb\",\"itemListElement\":[{\"@type\":\"ListItem\",\"position\":1,\"name\":\"Portada\",\"item\":\"https:\/\/teatinos.org\/it\/\"},{\"@type\":\"ListItem\",\"position\":2,\"name\":\"Que cosa facciamo?\"}]},{\"@type\":\"WebSite\",\"@id\":\"https:\/\/teatinos.org\/pt-br\/#website\",\"url\":\"https:\/\/teatinos.org\/pt-br\/\",\"name\":\"Teatinos\",\"description\":\"Orden de Cl\u00e9rigos Regulares\",\"potentialAction\":[{\"@type\":\"SearchAction\",\"target\":{\"@type\":\"EntryPoint\",\"urlTemplate\":\"https:\/\/teatinos.org\/pt-br\/?s={search_term_string}\"},\"query-input\":{\"@type\":\"PropertyValueSpecification\",\"valueRequired\":true,\"valueName\":\"search_term_string\"}}],\"inLanguage\":\"it-IT\"}]}<\/script>\n<!-- \/ Yoast SEO plugin. -->","yoast_head_json":{"title":"Que cosa facciamo? - Teatinos","robots":{"index":"index","follow":"follow","max-snippet":"max-snippet:-1","max-image-preview":"max-image-preview:large","max-video-preview":"max-video-preview:-1"},"canonical":"https:\/\/teatinos.org\/it\/que-cosa-facciamo\/","og_locale":"it_IT","og_type":"article","og_title":"Que cosa facciamo? - Teatinos","og_description":"[vc_row css=&#8221;.vc_custom_1459790702196{padding-top: 100px !important;padding-bottom: 100px !important;}&#8221;][vc_column][\/vc_column][\/vc_row]","og_url":"https:\/\/teatinos.org\/it\/que-cosa-facciamo\/","og_site_name":"Teatinos","article_modified_time":"2025-10-21T14:20:13+00:00","twitter_card":"summary_large_image","twitter_misc":{"Tempo di lettura stimato":"1 minuto"},"schema":{"@context":"https:\/\/schema.org","@graph":[{"@type":"WebPage","@id":"https:\/\/teatinos.org\/it\/que-cosa-facciamo\/","url":"https:\/\/teatinos.org\/it\/que-cosa-facciamo\/","name":"Que cosa facciamo? - Teatinos","isPartOf":{"@id":"https:\/\/teatinos.org\/pt-br\/#website"},"datePublished":"2020-01-23T12:07:22+00:00","dateModified":"2025-10-21T14:20:13+00:00","breadcrumb":{"@id":"https:\/\/teatinos.org\/it\/que-cosa-facciamo\/#breadcrumb"},"inLanguage":"it-IT","potentialAction":[{"@type":"ReadAction","target":["https:\/\/teatinos.org\/it\/que-cosa-facciamo\/"]}]},{"@type":"BreadcrumbList","@id":"https:\/\/teatinos.org\/it\/que-cosa-facciamo\/#breadcrumb","itemListElement":[{"@type":"ListItem","position":1,"name":"Portada","item":"https:\/\/teatinos.org\/it\/"},{"@type":"ListItem","position":2,"name":"Que cosa facciamo?"}]},{"@type":"WebSite","@id":"https:\/\/teatinos.org\/pt-br\/#website","url":"https:\/\/teatinos.org\/pt-br\/","name":"Teatinos","description":"Orden de Cl\u00e9rigos Regulares","potentialAction":[{"@type":"SearchAction","target":{"@type":"EntryPoint","urlTemplate":"https:\/\/teatinos.org\/pt-br\/?s={search_term_string}"},"query-input":{"@type":"PropertyValueSpecification","valueRequired":true,"valueName":"search_term_string"}}],"inLanguage":"it-IT"}]}},"rttpg_featured_image_url":null,"rttpg_author":{"display_name":"admin","author_link":"https:\/\/teatinos.org\/it\/author\/admin\/"},"rttpg_comment":0,"rttpg_category":" <a href=\"https:\/\/teatinos.org\/it\/?taxonomy=translation_priority&#038;term=opzionale\" rel=\"tag\">Opzionale<\/a>","rttpg_excerpt":"[vc_row css=&#8221;.vc_custom_1459790702196{padding-top: 100px !important;padding-bottom: 100px !important;}&#8221;][vc_column][\/vc_column][\/vc_row]","_links":{"self":[{"href":"https:\/\/teatinos.org\/it\/wp-json\/wp\/v2\/pages\/4040","targetHints":{"allow":["GET"]}}],"collection":[{"href":"https:\/\/teatinos.org\/it\/wp-json\/wp\/v2\/pages"}],"about":[{"href":"https:\/\/teatinos.org\/it\/wp-json\/wp\/v2\/types\/page"}],"author":[{"embeddable":true,"href":"https:\/\/teatinos.org\/it\/wp-json\/wp\/v2\/users\/1"}],"replies":[{"embeddable":true,"href":"https:\/\/teatinos.org\/it\/wp-json\/wp\/v2\/comments?post=4040"}],"version-history":[{"count":7,"href":"https:\/\/teatinos.org\/it\/wp-json\/wp\/v2\/pages\/4040\/revisions"}],"predecessor-version":[{"id":20625,"href":"https:\/\/teatinos.org\/it\/wp-json\/wp\/v2\/pages\/4040\/revisions\/20625"}],"wp:attachment":[{"href":"https:\/\/teatinos.org\/it\/wp-json\/wp\/v2\/media?parent=4040"}],"curies":[{"name":"wp","href":"https:\/\/api.w.org\/{rel}","templated":true}]}}