{"id":4034,"date":"2020-01-23T12:00:23","date_gmt":"2020-01-23T12:00:23","guid":{"rendered":"http:\/\/teatinos.org\/?page_id=4034"},"modified":"2025-10-21T14:16:45","modified_gmt":"2025-10-21T14:16:45","slug":"chierici-regolari-teatini","status":"publish","type":"page","link":"https:\/\/teatinos.org\/it\/chierici-regolari-teatini\/","title":{"rendered":"Chierici Regolari Teatini"},"content":{"rendered":"<p>[vc_row css=&#8221;.vc_custom_1459790702196{padding-top: 100px !important;padding-bottom: 100px !important;}&#8221;][vc_column]<div class=\"container \">[vc_row_inner][vc_column_inner width=&#8221;1\/2&#8243;][vc_column_text]<span style=\"color: #000000;\">L&#8217;Ordine dei Chierici Regolari Teatini \u00e8 un istituto clericale di vita consacrata religiosa, che \u00e8 venuto in essere il 14 settembre 1524. In quel giorno, Gian Pietro Caraffa, Gaetano di Thiene, Bonifacio de &#8216; Colli e Paolo Consiglieri, quattro uomini di fede, impegnati nel desiderio di riformare la Chiesa &#8220;nella testa e nei membri\u201d, presentarono il breve che riconosceva il loro Ordine nelle mani del vescovo di Caserta Giovanni Battista Boncianni, delegato del pontefice.<\/span><\/p>\n<p><span style=\"color: #000000;\">Quell&#8217;atto chiude un processo iniziato qualche tempo prima quando il sacerdote e giureconsulto Gaetano di Thiene si stabil\u00ec di nuovo a Roma (1523) e continu\u00f2 ad agire Nell&#8217;Oratorio del Divino Amore Romano.<\/span><\/p>\n<p><span style=\"color: #000000;\">In quest\u2019ambiente, fece una profonda amicizia con un altro membro dell&#8217;Oratorio, Gian Pietro Caraffa, vescovo di Chieti &#8211; una citt\u00e0 che in latino si chiama Theate e che assegna il nome al nostro Ordine \u00abTeatina\u00bb &#8211; e arcivescovo di Brindisi, nonch\u00e9 esaminatore del Clero romano per volont\u00e0 di papa Clemente VII.<\/span><\/p>\n<p><span style=\"color: #000000;\">I due chierici elaboravano dei progetti di rinnovamento della vita ecclesiastica, avendo la disciplina clericale come asse di riferimento. L&#8217;idea-forza era la formazione di un gruppo consolidato di sacerdoti, sebbene una minoranza, che poteva essere una figura e un modello per la vita degli ecclesiastici. Questo \u00e8 il principio che governa il nostro carisma religioso.<\/span>[\/vc_column_text][\/vc_column_inner][vc_column_inner width=&#8221;1\/2&#8243;]<div  class=\"single-slides no-controls\"><\/div>[vc_empty_space height=&#8221;5px&#8221;][vc_single_image image=&#8221;20600&#8243; img_size=&#8221;full&#8221; alignment=&#8221;center&#8221;][\/vc_column_inner][\/vc_row_inner][vc_column_text]<\/p>\n<h3>Las Teatinas, &#8220;Senza pi\u00f9 regola dell&#8217;amore&#8221;<\/h3>\n<p>Nello stesso anno del 1547 in cui San Gaetano offr\u00ec la sua vita per la pace di Napoli, partendo per la Casa del Padre celeste, Orsola Benincasa nacque in quella citt\u00e0. Con una personalit\u00e0 emotiva e sognante, \u00darsula ha riunito un gruppo di amici e familiari con i quali ha istituito una comunit\u00e0 di vita consacrata, vivendo in un convento situato sul Monte Sant&#8217;Elmo, sempre a Napoli. Come obiettivo spirituale e apostolico, hanno cercato di dedicarsi alla contemplazione delle cose divine e aiutare i giovani napoletani a promuoversi come donne libere e preparate.<\/p>\n<p>La Congregazione dei religiosi teatini dell&#8217;Immacolata Concezione fu fondata dal Venerabile Orsola Benincasa nel 1583, a Napoli (Italia), mossa da un unico desiderio: &#8220;alla gloria di Dio e alla salvezza delle anime&#8221;. Illuminata dalla testimonianza del suo fondatore, la Congregazione ha fatto propria un motto che ha avuto un buon impatto sulla spiritualit\u00e0 cattolica: &#8220;Senza pi\u00f9 regole dell&#8217;amore&#8221;.<\/p>\n<p>Le nostre Costituzioni dedicano il capitolo VII, della prima parte di esse, alle nostre relazioni fraterne con i Religiosi Teatini e affermano, in particolare, che \u201cla Congregazione del clero regolare e le Religiose Teatini dell&#8217;Immacolata Concezione della Madre di Dio , collegata in modo peculiare da una comunione spirituale, forma all&#8217;interno della Santa Madre Chiesa come una pi\u00f9 ampia famiglia religiosa, strettamente legata dai vincoli di carit\u00e0 e tradizione \u201d, Cost. CC.RR., art. 94.<\/p>\n<p>Questo ci invita ad andare avanti con la coltivazione di queste relazioni fraterne al fine di stabilire punti di collaborazione, che incoraggiano l&#8217;assistenza reciproca nel lavoro apostolico, in modo che questo spirito di solidariet\u00e0 possa cristallizzarsi in un segno chiaro e tangibile di unit\u00e0 ecclesiale.<\/p>\n<p><a href=\"http:\/\/www.religiosasteatinas.com\/\" target=\"_blank\" rel=\"noopener noreferrer\">http:\/\/www.religiosasteatinas.com\/<\/a>[\/vc_column_text]<\/div>[\/vc_column][\/vc_row]<\/p>\n","protected":false},"excerpt":{"rendered":"<p>[vc_row css=&#8221;.vc_custom_1459790702196{padding-top: 100px !important;padding-bottom: 100px !important;}&#8221;][vc_column][\/vc_column][\/vc_row]<\/p>\n","protected":false},"author":1,"featured_media":0,"parent":0,"menu_order":0,"comment_status":"closed","ping_status":"closed","template":"","meta":{"_acf_changed":false,"footnotes":"","_links_to":"","_links_to_target":""},"class_list":["post-4034","page","type-page","status-publish","hentry"],"acf":[],"yoast_head":"<!-- This site is optimized with the Yoast SEO plugin v23.5 - https:\/\/yoast.com\/wordpress\/plugins\/seo\/ -->\n<title>Chierici Regolari Teatini - Teatinos<\/title>\n<meta name=\"robots\" content=\"index, follow, max-snippet:-1, max-image-preview:large, max-video-preview:-1\" \/>\n<link rel=\"canonical\" href=\"https:\/\/teatinos.org\/it\/chierici-regolari-teatini\/\" \/>\n<meta property=\"og:locale\" content=\"it_IT\" \/>\n<meta property=\"og:type\" content=\"article\" \/>\n<meta property=\"og:title\" content=\"Chierici Regolari Teatini - Teatinos\" \/>\n<meta property=\"og:description\" content=\"[vc_row css=&#8221;.vc_custom_1459790702196{padding-top: 100px !important;padding-bottom: 100px !important;}&#8221;][vc_column][\/vc_column][\/vc_row]\" \/>\n<meta property=\"og:url\" content=\"https:\/\/teatinos.org\/it\/chierici-regolari-teatini\/\" \/>\n<meta property=\"og:site_name\" content=\"Teatinos\" \/>\n<meta property=\"article:modified_time\" content=\"2025-10-21T14:16:45+00:00\" \/>\n<meta name=\"twitter:card\" content=\"summary_large_image\" \/>\n<meta name=\"twitter:label1\" content=\"Tempo di lettura stimato\" \/>\n\t<meta name=\"twitter:data1\" content=\"3 minuti\" \/>\n<script type=\"application\/ld+json\" class=\"yoast-schema-graph\">{\"@context\":\"https:\/\/schema.org\",\"@graph\":[{\"@type\":\"WebPage\",\"@id\":\"https:\/\/teatinos.org\/it\/chierici-regolari-teatini\/\",\"url\":\"https:\/\/teatinos.org\/it\/chierici-regolari-teatini\/\",\"name\":\"Chierici Regolari Teatini - Teatinos\",\"isPartOf\":{\"@id\":\"https:\/\/teatinos.org\/pt-br\/#website\"},\"datePublished\":\"2020-01-23T12:00:23+00:00\",\"dateModified\":\"2025-10-21T14:16:45+00:00\",\"breadcrumb\":{\"@id\":\"https:\/\/teatinos.org\/it\/chierici-regolari-teatini\/#breadcrumb\"},\"inLanguage\":\"it-IT\",\"potentialAction\":[{\"@type\":\"ReadAction\",\"target\":[\"https:\/\/teatinos.org\/it\/chierici-regolari-teatini\/\"]}]},{\"@type\":\"BreadcrumbList\",\"@id\":\"https:\/\/teatinos.org\/it\/chierici-regolari-teatini\/#breadcrumb\",\"itemListElement\":[{\"@type\":\"ListItem\",\"position\":1,\"name\":\"Portada\",\"item\":\"https:\/\/teatinos.org\/it\/\"},{\"@type\":\"ListItem\",\"position\":2,\"name\":\"Chierici Regolari Teatini\"}]},{\"@type\":\"WebSite\",\"@id\":\"https:\/\/teatinos.org\/pt-br\/#website\",\"url\":\"https:\/\/teatinos.org\/pt-br\/\",\"name\":\"Teatinos\",\"description\":\"Orden de Cl\u00e9rigos Regulares\",\"potentialAction\":[{\"@type\":\"SearchAction\",\"target\":{\"@type\":\"EntryPoint\",\"urlTemplate\":\"https:\/\/teatinos.org\/pt-br\/?s={search_term_string}\"},\"query-input\":{\"@type\":\"PropertyValueSpecification\",\"valueRequired\":true,\"valueName\":\"search_term_string\"}}],\"inLanguage\":\"it-IT\"}]}<\/script>\n<!-- \/ Yoast SEO plugin. -->","yoast_head_json":{"title":"Chierici Regolari Teatini - Teatinos","robots":{"index":"index","follow":"follow","max-snippet":"max-snippet:-1","max-image-preview":"max-image-preview:large","max-video-preview":"max-video-preview:-1"},"canonical":"https:\/\/teatinos.org\/it\/chierici-regolari-teatini\/","og_locale":"it_IT","og_type":"article","og_title":"Chierici Regolari Teatini - Teatinos","og_description":"[vc_row css=&#8221;.vc_custom_1459790702196{padding-top: 100px !important;padding-bottom: 100px !important;}&#8221;][vc_column][\/vc_column][\/vc_row]","og_url":"https:\/\/teatinos.org\/it\/chierici-regolari-teatini\/","og_site_name":"Teatinos","article_modified_time":"2025-10-21T14:16:45+00:00","twitter_card":"summary_large_image","twitter_misc":{"Tempo di lettura stimato":"3 minuti"},"schema":{"@context":"https:\/\/schema.org","@graph":[{"@type":"WebPage","@id":"https:\/\/teatinos.org\/it\/chierici-regolari-teatini\/","url":"https:\/\/teatinos.org\/it\/chierici-regolari-teatini\/","name":"Chierici Regolari Teatini - Teatinos","isPartOf":{"@id":"https:\/\/teatinos.org\/pt-br\/#website"},"datePublished":"2020-01-23T12:00:23+00:00","dateModified":"2025-10-21T14:16:45+00:00","breadcrumb":{"@id":"https:\/\/teatinos.org\/it\/chierici-regolari-teatini\/#breadcrumb"},"inLanguage":"it-IT","potentialAction":[{"@type":"ReadAction","target":["https:\/\/teatinos.org\/it\/chierici-regolari-teatini\/"]}]},{"@type":"BreadcrumbList","@id":"https:\/\/teatinos.org\/it\/chierici-regolari-teatini\/#breadcrumb","itemListElement":[{"@type":"ListItem","position":1,"name":"Portada","item":"https:\/\/teatinos.org\/it\/"},{"@type":"ListItem","position":2,"name":"Chierici Regolari Teatini"}]},{"@type":"WebSite","@id":"https:\/\/teatinos.org\/pt-br\/#website","url":"https:\/\/teatinos.org\/pt-br\/","name":"Teatinos","description":"Orden de Cl\u00e9rigos Regulares","potentialAction":[{"@type":"SearchAction","target":{"@type":"EntryPoint","urlTemplate":"https:\/\/teatinos.org\/pt-br\/?s={search_term_string}"},"query-input":{"@type":"PropertyValueSpecification","valueRequired":true,"valueName":"search_term_string"}}],"inLanguage":"it-IT"}]}},"rttpg_featured_image_url":null,"rttpg_author":{"display_name":"admin","author_link":"https:\/\/teatinos.org\/it\/author\/admin\/"},"rttpg_comment":0,"rttpg_category":" <a href=\"https:\/\/teatinos.org\/it\/?taxonomy=translation_priority&#038;term=opzionale\" rel=\"tag\">Opzionale<\/a>","rttpg_excerpt":"[vc_row css=&#8221;.vc_custom_1459790702196{padding-top: 100px !important;padding-bottom: 100px !important;}&#8221;][vc_column][\/vc_column][\/vc_row]","_links":{"self":[{"href":"https:\/\/teatinos.org\/it\/wp-json\/wp\/v2\/pages\/4034","targetHints":{"allow":["GET"]}}],"collection":[{"href":"https:\/\/teatinos.org\/it\/wp-json\/wp\/v2\/pages"}],"about":[{"href":"https:\/\/teatinos.org\/it\/wp-json\/wp\/v2\/types\/page"}],"author":[{"embeddable":true,"href":"https:\/\/teatinos.org\/it\/wp-json\/wp\/v2\/users\/1"}],"replies":[{"embeddable":true,"href":"https:\/\/teatinos.org\/it\/wp-json\/wp\/v2\/comments?post=4034"}],"version-history":[{"count":12,"href":"https:\/\/teatinos.org\/it\/wp-json\/wp\/v2\/pages\/4034\/revisions"}],"predecessor-version":[{"id":20620,"href":"https:\/\/teatinos.org\/it\/wp-json\/wp\/v2\/pages\/4034\/revisions\/20620"}],"wp:attachment":[{"href":"https:\/\/teatinos.org\/it\/wp-json\/wp\/v2\/media?parent=4034"}],"curies":[{"name":"wp","href":"https:\/\/api.w.org\/{rel}","templated":true}]}}