{"id":13608,"date":"2023-12-29T21:01:24","date_gmt":"2023-12-29T21:01:24","guid":{"rendered":"http:\/\/teatinos.org\/?page_id=13608"},"modified":"2023-12-29T21:09:13","modified_gmt":"2023-12-29T21:09:13","slug":"venerabile-francesco-olimpio","status":"publish","type":"page","link":"https:\/\/teatinos.org\/it\/venerabile-francesco-olimpio\/","title":{"rendered":"Venerabile Francesco Olimpio"},"content":{"rendered":"<p>[vc_row css=&#8221;.vc_custom_1459790702196{padding-top: 100px !important;padding-bottom: 100px !important;}&#8221;][vc_column]<div class=\"container \">[vc_row_inner][vc_column_inner][vc_column_text]Ven. Francesco Olimpio nacque a Napoli il 5 agosto 1559 come il terzogenito e fu battezzato con i nomi di Domenico, Salvatore ed Orazio. Il 16 febbraio 1575 entr\u00f2 nell\u2019Ordine dei Chierici Regolari Teatini presso la basilica di S. Paolo Maggiore di Napoli e fece la sua professione religiosa il 17 giugno 1576 nella Casa dei Santi Apostoli, cambiando il suo nome in quello di Francesco. Ricevette la sacra ordinazione con incredibile ardore di spirito il 25 febbraio 1584, dopodich\u00e9 gli fu affidato l\u2019incarico del maestro dei novizi. Uno dei suoi novizi era il Ven. Giacomo di Stefano C.R., missionario in Georgia e martire per la fede cristiana. Francesco Olimpio voleva che i suoi novizi leggessero le Sacre Scritture a capo scoperto o in ginocchio, trascorreva lunghe ore in adorazione davanti all\u2019Eucarestia, era anche devotissimo della Madonna, fu uno dei pi\u00f9 validi propagatori della \u201cschiavit\u00f9 mariana\u201d, aveva una grandissima devozione all\u2019Immacolata, compose la Coroncina dei 12 privilegi di Maria, la quale ogni anno nella festa dell\u2019Immacolata dopo la santa messa egli stesso distribuiva dall\u2019altare ad ognuno fatta con le proprie mani; amava recitare Salve Regina, invece la Madonna egli chiamava: \u201cIl comune Rifugio e la Fontana delle grazie.\u201d<span class=\"Apple-converted-space\">\u00a0<\/span><\/p>\n<p>Francesco Olimpio C.R. fu vero modello di santit\u00e0, umilt\u00e0 e spirito di orazione, ebbe generosa carit\u00e0 verso i poveri e gli ammalati, che assisteva sia a domicilio, sia nell\u2019Ospedale degli Incurabili, a lui ricorsero per consigli e preghiere tante persone di spicco: principi, vescovi, nunzi apostolici. Ad esempio, fu ricevuto dal papa Gregorio XV, era visitato due volte dalla regina Maria d\u2019Austria, sorella di Filippo IV e moglie dell\u2019imperatore germanico Ferdinando III, gli fece la visita anche Giovanna d\u2019Austria, figlia di Don Giovanni d\u2019Austria, vincitore del Lepanto.<\/p>\n<p>Inoltre, Francesco Olimpio fu testimone della mistica apparizione del Bambin Ges\u00f9. Infatti, P. D. Giuseppe Silos C.R. raccont\u00f2 cos\u00ec questo avvenimento: \u00abfaceva egli, secondo il suo usato costume, orazione in coro alla presenza del Divino Sacramento [\u2026] quando gli si fece innanzi un piccolo fanciullo in abito volgare, ma di belle maniere, e, per fattezze e aria, di volto graziosissimo oltremodo. Francesco, come quegli che molto amava siffatti candidissimi gigli di purit\u00e0, di essi incontanente a fargli con grande affetto carezze ed, esortandolo a farsi il segno della croce, volle recitar con lui l\u2019Ave Maria. Si venne dunque a quelle parole Et benedictus fructus ventris tui, Iesus. Le quali, come il fanciullo profer\u00ec, \u201cIo sono\u201d disse e sparigli dagli occhi\u00bb. Si sottoscriveva con la frase: \u201cFrancesco indegno servo di Ges\u00f9 e Maria\u201d.<span class=\"Apple-converted-space\">\u00a0<\/span><\/p>\n<p>Mor\u00ec santamente il 21 febbraio 1639 e fu sepolto nella chiesa dei Santi Apostoli. Con il decreto del 10 agosto 1783 fu proclamato Servo di Dio. Nel 1822 le sue reliquie furono portate nella cripta di San Gaetano presso la Basilica di S. Paolo Maggiore a Napoli.[\/vc_column_text][\/vc_column_inner][\/vc_row_inner]<div class=\"portfolio\"><div id=\"js-grid-awesome-work\" class=\"col-3\"><\/div><\/div>[vc_empty_space height=&#8221;80px&#8221;]<\/div>[vc_icon type=&#8221;openiconic&#8221; icon_openiconic=&#8221;vc-oi vc-oi-folder&#8221; color=&#8221;black&#8221; align=&#8221;center&#8221;][vc_column_text]<\/p>\n<p style=\"text-align: center;\"><strong><a href=\"http:\/\/teatinos.org\/wp-content\/uploads\/2023\/12\/Forex-O-MIRACOLO-5-VFO.pdf\" target=\"_blank\" rel=\"noopener\">Scarica la scheda in formato pdf<\/a><\/strong><\/p>\n<p>[\/vc_column_text][\/vc_column][\/vc_row][vc_row][vc_column][vc_column_text]<\/p>\n<p>[\/vc_column_text][\/vc_column][\/vc_row][vc_row][vc_column][\/vc_column][\/vc_row]<\/p>\n","protected":false},"excerpt":{"rendered":"<p>[vc_row css=&#8221;.vc_custom_1459790702196{padding-top: 100px !important;padding-bottom: 100px !important;}&#8221;][vc_column][vc_icon type=&#8221;openiconic&#8221; icon_openiconic=&#8221;vc-oi vc-oi-folder&#8221; color=&#8221;black&#8221; align=&#8221;center&#8221;][vc_column_text] Scarica la scheda in formato pdf [\/vc_column_text][\/vc_column][\/vc_row][vc_row][vc_column][vc_column_text] [\/vc_column_text][\/vc_column][\/vc_row][vc_row][vc_column][\/vc_column][\/vc_row]<\/p>\n","protected":false},"author":5,"featured_media":0,"parent":0,"menu_order":0,"comment_status":"closed","ping_status":"closed","template":"","meta":{"_acf_changed":false,"footnotes":"","_links_to":"","_links_to_target":""},"class_list":["post-13608","page","type-page","status-publish","hentry"],"acf":[],"yoast_head":"<!-- This site is optimized with the Yoast SEO plugin v23.5 - https:\/\/yoast.com\/wordpress\/plugins\/seo\/ -->\n<title>Venerabile Francesco Olimpio - Teatinos<\/title>\n<meta name=\"robots\" content=\"index, follow, max-snippet:-1, max-image-preview:large, max-video-preview:-1\" \/>\n<link rel=\"canonical\" href=\"https:\/\/teatinos.org\/it\/venerabile-francesco-olimpio\/\" \/>\n<meta property=\"og:locale\" content=\"it_IT\" \/>\n<meta property=\"og:type\" content=\"article\" \/>\n<meta property=\"og:title\" content=\"Venerabile Francesco Olimpio - Teatinos\" \/>\n<meta property=\"og:description\" content=\"[vc_row css=&#8221;.vc_custom_1459790702196{padding-top: 100px !important;padding-bottom: 100px !important;}&#8221;][vc_column][vc_icon type=&#8221;openiconic&#8221; icon_openiconic=&#8221;vc-oi vc-oi-folder&#8221; color=&#8221;black&#8221; align=&#8221;center&#8221;][vc_column_text] Scarica la scheda in formato pdf [\/vc_column_text][\/vc_column][\/vc_row][vc_row][vc_column][vc_column_text] [\/vc_column_text][\/vc_column][\/vc_row][vc_row][vc_column][\/vc_column][\/vc_row]\" \/>\n<meta property=\"og:url\" content=\"https:\/\/teatinos.org\/it\/venerabile-francesco-olimpio\/\" \/>\n<meta property=\"og:site_name\" content=\"Teatinos\" \/>\n<meta property=\"article:modified_time\" content=\"2023-12-29T21:09:13+00:00\" \/>\n<meta name=\"twitter:card\" content=\"summary_large_image\" \/>\n<meta name=\"twitter:label1\" content=\"Tempo di lettura stimato\" \/>\n\t<meta name=\"twitter:data1\" content=\"3 minuti\" \/>\n<script type=\"application\/ld+json\" class=\"yoast-schema-graph\">{\"@context\":\"https:\/\/schema.org\",\"@graph\":[{\"@type\":\"WebPage\",\"@id\":\"https:\/\/teatinos.org\/it\/venerabile-francesco-olimpio\/\",\"url\":\"https:\/\/teatinos.org\/it\/venerabile-francesco-olimpio\/\",\"name\":\"Venerabile Francesco Olimpio - Teatinos\",\"isPartOf\":{\"@id\":\"https:\/\/teatinos.org\/pt-br\/#website\"},\"datePublished\":\"2023-12-29T21:01:24+00:00\",\"dateModified\":\"2023-12-29T21:09:13+00:00\",\"breadcrumb\":{\"@id\":\"https:\/\/teatinos.org\/it\/venerabile-francesco-olimpio\/#breadcrumb\"},\"inLanguage\":\"it-IT\",\"potentialAction\":[{\"@type\":\"ReadAction\",\"target\":[\"https:\/\/teatinos.org\/it\/venerabile-francesco-olimpio\/\"]}]},{\"@type\":\"BreadcrumbList\",\"@id\":\"https:\/\/teatinos.org\/it\/venerabile-francesco-olimpio\/#breadcrumb\",\"itemListElement\":[{\"@type\":\"ListItem\",\"position\":1,\"name\":\"Portada\",\"item\":\"https:\/\/teatinos.org\/it\/\"},{\"@type\":\"ListItem\",\"position\":2,\"name\":\"Venerabile Francesco Olimpio\"}]},{\"@type\":\"WebSite\",\"@id\":\"https:\/\/teatinos.org\/pt-br\/#website\",\"url\":\"https:\/\/teatinos.org\/pt-br\/\",\"name\":\"Teatinos\",\"description\":\"Orden de Cl\u00e9rigos Regulares\",\"potentialAction\":[{\"@type\":\"SearchAction\",\"target\":{\"@type\":\"EntryPoint\",\"urlTemplate\":\"https:\/\/teatinos.org\/pt-br\/?s={search_term_string}\"},\"query-input\":{\"@type\":\"PropertyValueSpecification\",\"valueRequired\":true,\"valueName\":\"search_term_string\"}}],\"inLanguage\":\"it-IT\"}]}<\/script>\n<!-- \/ Yoast SEO plugin. -->","yoast_head_json":{"title":"Venerabile Francesco Olimpio - Teatinos","robots":{"index":"index","follow":"follow","max-snippet":"max-snippet:-1","max-image-preview":"max-image-preview:large","max-video-preview":"max-video-preview:-1"},"canonical":"https:\/\/teatinos.org\/it\/venerabile-francesco-olimpio\/","og_locale":"it_IT","og_type":"article","og_title":"Venerabile Francesco Olimpio - Teatinos","og_description":"[vc_row css=&#8221;.vc_custom_1459790702196{padding-top: 100px !important;padding-bottom: 100px !important;}&#8221;][vc_column][vc_icon type=&#8221;openiconic&#8221; icon_openiconic=&#8221;vc-oi vc-oi-folder&#8221; color=&#8221;black&#8221; align=&#8221;center&#8221;][vc_column_text] Scarica la scheda in formato pdf [\/vc_column_text][\/vc_column][\/vc_row][vc_row][vc_column][vc_column_text] [\/vc_column_text][\/vc_column][\/vc_row][vc_row][vc_column][\/vc_column][\/vc_row]","og_url":"https:\/\/teatinos.org\/it\/venerabile-francesco-olimpio\/","og_site_name":"Teatinos","article_modified_time":"2023-12-29T21:09:13+00:00","twitter_card":"summary_large_image","twitter_misc":{"Tempo di lettura stimato":"3 minuti"},"schema":{"@context":"https:\/\/schema.org","@graph":[{"@type":"WebPage","@id":"https:\/\/teatinos.org\/it\/venerabile-francesco-olimpio\/","url":"https:\/\/teatinos.org\/it\/venerabile-francesco-olimpio\/","name":"Venerabile Francesco Olimpio - Teatinos","isPartOf":{"@id":"https:\/\/teatinos.org\/pt-br\/#website"},"datePublished":"2023-12-29T21:01:24+00:00","dateModified":"2023-12-29T21:09:13+00:00","breadcrumb":{"@id":"https:\/\/teatinos.org\/it\/venerabile-francesco-olimpio\/#breadcrumb"},"inLanguage":"it-IT","potentialAction":[{"@type":"ReadAction","target":["https:\/\/teatinos.org\/it\/venerabile-francesco-olimpio\/"]}]},{"@type":"BreadcrumbList","@id":"https:\/\/teatinos.org\/it\/venerabile-francesco-olimpio\/#breadcrumb","itemListElement":[{"@type":"ListItem","position":1,"name":"Portada","item":"https:\/\/teatinos.org\/it\/"},{"@type":"ListItem","position":2,"name":"Venerabile Francesco Olimpio"}]},{"@type":"WebSite","@id":"https:\/\/teatinos.org\/pt-br\/#website","url":"https:\/\/teatinos.org\/pt-br\/","name":"Teatinos","description":"Orden de Cl\u00e9rigos Regulares","potentialAction":[{"@type":"SearchAction","target":{"@type":"EntryPoint","urlTemplate":"https:\/\/teatinos.org\/pt-br\/?s={search_term_string}"},"query-input":{"@type":"PropertyValueSpecification","valueRequired":true,"valueName":"search_term_string"}}],"inLanguage":"it-IT"}]}},"rttpg_featured_image_url":null,"rttpg_author":{"display_name":"Community Manager","author_link":"https:\/\/teatinos.org\/it\/author\/pascual\/"},"rttpg_comment":0,"rttpg_category":" <a href=\"https:\/\/teatinos.org\/it\/?taxonomy=translation_priority&#038;term=opzionale\" rel=\"tag\">Opzionale<\/a>","rttpg_excerpt":"[vc_row css=&#8221;.vc_custom_1459790702196{padding-top: 100px !important;padding-bottom: 100px !important;}&#8221;][vc_column][vc_icon type=&#8221;openiconic&#8221; icon_openiconic=&#8221;vc-oi vc-oi-folder&#8221; color=&#8221;black&#8221; align=&#8221;center&#8221;][vc_column_text] Scarica la scheda in formato pdf [\/vc_column_text][\/vc_column][\/vc_row][vc_row][vc_column][vc_column_text] [\/vc_column_text][\/vc_column][\/vc_row][vc_row][vc_column][\/vc_column][\/vc_row]","_links":{"self":[{"href":"https:\/\/teatinos.org\/it\/wp-json\/wp\/v2\/pages\/13608","targetHints":{"allow":["GET"]}}],"collection":[{"href":"https:\/\/teatinos.org\/it\/wp-json\/wp\/v2\/pages"}],"about":[{"href":"https:\/\/teatinos.org\/it\/wp-json\/wp\/v2\/types\/page"}],"author":[{"embeddable":true,"href":"https:\/\/teatinos.org\/it\/wp-json\/wp\/v2\/users\/5"}],"replies":[{"embeddable":true,"href":"https:\/\/teatinos.org\/it\/wp-json\/wp\/v2\/comments?post=13608"}],"version-history":[{"count":3,"href":"https:\/\/teatinos.org\/it\/wp-json\/wp\/v2\/pages\/13608\/revisions"}],"predecessor-version":[{"id":13616,"href":"https:\/\/teatinos.org\/it\/wp-json\/wp\/v2\/pages\/13608\/revisions\/13616"}],"wp:attachment":[{"href":"https:\/\/teatinos.org\/it\/wp-json\/wp\/v2\/media?parent=13608"}],"curies":[{"name":"wp","href":"https:\/\/api.w.org\/{rel}","templated":true}]}}