{"id":11849,"date":"2023-07-09T13:50:12","date_gmt":"2023-07-09T13:50:12","guid":{"rendered":"http:\/\/teatinos.org\/?page_id=11849"},"modified":"2024-07-17T21:42:32","modified_gmt":"2024-07-17T21:42:32","slug":"musicale","status":"publish","type":"page","link":"https:\/\/teatinos.org\/it\/musicale\/","title":{"rendered":"Musicale"},"content":{"rendered":"<p>[vc_row css=&#8221;.vc_custom_1688907696893{padding-top: 100px !important;padding-bottom: 100px !important;}&#8221;][vc_column]<div class=\"container \">[vc_empty_space height=&#8221;80px&#8221;][vc_column_text]<\/p>\n<h1>Il Musical<\/h1>\n<p>[\/vc_column_text][vc_empty_space height=&#8221;80px&#8221;]<\/div><div class=\"container \">[vc_row_inner][vc_column_inner width=&#8221;1\/2&#8243;][vc_column_text]<span style=\"color: #000000;\">Una notizia entusiasmante per tutti gli amanti della musica e della storia teatina! Siamo lieti di annunciare che \u00e8 in fase di sviluppo uno straordinario musical per commemorare il 500\u00b0 anniversario dell&#8217;Ordine dei Chierici Regolari Teatini, che si celebrer\u00e0 il 14 settembre 2024.<br \/>\n<\/span><\/p>\n<p><span style=\"color: #000000;\">Questo incredibile progetto musicale \u00e8 guidato dal talentuoso direttore musicale Christian Gara, che ha dimostrato la sua capacit\u00e0 di creare esperienze musicali accattivanti. Il musical catturer\u00e0 l&#8217;essenza e l&#8217;importanza dei chierici regolari teatini nel corso dei secoli, portando il pubblico in un viaggio indimenticabile attraverso la storia dell&#8217;ordine.<\/span><\/p>\n<p><span style=\"color: #000000;\">Con musiche originali e testi accattivanti, la produzione vedr\u00e0 un cast di talento che dar\u00e0 vita ai personaggi chiave dell&#8217;Ordine Teatino. Dai fondatori ai membri principali dell&#8217;ordine, la storia si dipaner\u00e0 in uno spettacolo pieno di passione, devozione e lotta per la fede.<\/span><\/p>\n<p><span style=\"color: #000000;\">Il musical esplorer\u00e0 l&#8217;evoluzione dell&#8217;Ordine dei Chierici Regolari Teatini, evidenziando il suo impatto sulla societ\u00e0 e il suo impegno nella spiritualit\u00e0 e nel servizio nel corso dei secoli. Attraverso la musica e la narrazione, verr\u00e0 trasmessa l&#8217;importanza dei valori teatini e la loro influenza sul mondo.<\/span><\/p>\n<p><span style=\"color: #000000;\">Il team di produzione sta lavorando duramente per creare un allestimento spettacolare che accompagni la bellezza della musica e della storia. Dalla scenografia ai costumi, ogni dettaglio sar\u00e0 curato con attenzione per immergere il pubblico nell&#8217;epoca e nel contesto dell&#8217;Ordine Teatino.<\/span><\/p>\n<p><span style=\"color: #000000;\">Questo musical promette di essere un tributo emozionante e commovente all&#8217;eredit\u00e0 dell&#8217;Ordine dei Chierici Regolari Teatini. Sar\u00e0 un&#8217;occasione unica per celebrare l&#8217;anniversario di questo venerabile ordine e apprezzare il suo impatto duraturo sulla storia della Chiesa cattolica.<\/span><\/p>\n<p><span style=\"color: #000000;\">Preparatevi a lasciarvi affascinare dalla musica, dal dramma e dalla spiritualit\u00e0 quando il musical commemorativo del 500\u00b0 anniversario dell&#8217;Ordine dei Chierici Regolari Teatini, diretto da Christian Gara, andr\u00e0 in scena. Segnatevi sul calendario questo evento imperdibile il 14 settembre 2024 e partecipate a questa esperienza unica nella storia teatina!<\/span>[\/vc_column_text][vc_separator][vc_empty_space height=&#8221;5px&#8221;][vc_single_image image=&#8221;15850&#8243; img_size=&#8221;full&#8221;][vc_empty_space height=&#8221;5px&#8221;][vc_column_text]<a href=\"https:\/\/www.icguardavalle.edu.it\/pubblicazioni\/1343-quando-si-dice-che-i-sogni-possono-diventare-realta-e-proprio-vero.html\">QUANDO SI DICE CHE I SOGNI POSSONO DIVENTARE REALTA&#8217;!&#8230; E&#8217; PROPRIO VERO<\/a>[\/vc_column_text][\/vc_column_inner][vc_column_inner width=&#8221;1\/2&#8243;]<div  class=\"single-slides no-controls\"><\/div>[vc_empty_space height=&#8221;5px&#8221;][vc_single_image image=&#8221;15834&#8243; img_size=&#8221;full&#8221; alignment=&#8221;center&#8221; onclick=&#8221;custom_link&#8221; img_link_target=&#8221;_blank&#8221; link=&#8221;http:\/\/teatinos.org\/wp-content\/uploads\/2024\/05\/Flyer-Musical-Teatino-2024-firma-PG.pdf&#8221;][vc_separator][vc_icon icon_fontawesome=&#8221;fa fa-file-text-o&#8221; color=&#8221;black&#8221; background_style=&#8221;boxed&#8221; background_color=&#8221;orange&#8221; size=&#8221;xl&#8221; css_animation=&#8221;slideInRight&#8221; link=&#8221;url:http%3A%2F%2Fteatinos.org%2Fit%2Fcantantes-confirmados%2F|title:Cantanti%20confermati|target:%20_blank|&#8221;][vc_column_text]<strong>Clicca sul pulsante arancione per vedere le novit\u00e0<\/strong>[\/vc_column_text][vc_text_separator title=&#8221;Risorse multimediali&#8221; i_icon_fontawesome=&#8221;fa fa-music&#8221; add_icon=&#8221;true&#8221;]<h1 class=\"simple-tittle margin-bottom-50\">Basi<\/h1><div id=\"\" class=\"video-player-for-wpbakery \">\n    <div class=\"video-player-for-wpbakery-container\">\n        <iframe loading=\"lazy\" title=\"Teatini il musical - base\" width=\"560\" height=\"315\" src=\"https:\/\/www.youtube.com\/embed\/videoseries?list=PLB0yEUHdB0ZoIStBLmKvbdZizqpIqCrKA\" frameborder=\"0\" allow=\"accelerometer; autoplay; clipboard-write; encrypted-media; gyroscope; picture-in-picture; web-share\" referrerpolicy=\"strict-origin-when-cross-origin\" allowfullscreen><\/iframe>    <\/div>\n<\/div><h1 class=\"simple-tittle margin-bottom-50\">Basi con cori<\/h1><div id=\"\" class=\"video-player-for-wpbakery \">\n    <div class=\"video-player-for-wpbakery-container\">\n        <iframe loading=\"lazy\" title=\"Teatini il Musical\" width=\"560\" height=\"315\" src=\"https:\/\/www.youtube.com\/embed\/videoseries?list=PLB0yEUHdB0ZomIvpSlarhApVG4J040hSF\" frameborder=\"0\" allow=\"accelerometer; autoplay; clipboard-write; encrypted-media; gyroscope; picture-in-picture; web-share\" referrerpolicy=\"strict-origin-when-cross-origin\" allowfullscreen><\/iframe>    <\/div>\n<\/div><h1 class=\"simple-tittle margin-bottom-50\">Basi con voci<\/h1><div id=\"\" class=\"video-player-for-wpbakery \">\n    <div class=\"video-player-for-wpbakery-container\">\n        <iframe loading=\"lazy\" title=\"Teatini il musical - solo cori\" width=\"560\" height=\"315\" src=\"https:\/\/www.youtube.com\/embed\/videoseries?list=PLB0yEUHdB0Zprq4ZdkfRbgzjioc3uDzkc\" frameborder=\"0\" allow=\"accelerometer; autoplay; clipboard-write; encrypted-media; gyroscope; picture-in-picture; web-share\" referrerpolicy=\"strict-origin-when-cross-origin\" allowfullscreen><\/iframe>    <\/div>\n<\/div>[vc_single_image image=&#8221;15452&#8243; img_size=&#8221;100&#215;112&#8243;][vc_column_text]<\/p>\n<h4>Basi musicali da scaricare e utilizzare nelle vostre comunit\u00e0<\/h4>\n<p>1- Basi (<a href=\"http:\/\/teatinos.org\/wp-content\/uploads\/audio-files\/basi.zip\">Scarica<\/a> il file .zip &#8211; 668,50 Mb)<br \/>\n2- Basi con cori (<a href=\"http:\/\/teatinos.org\/wp-content\/uploads\/audio-files\/basi-con-cori.zip\">Scarica<\/a> il file .zip &#8211; 654,30 Mb)<br \/>\n3- Basi con voce (<a href=\"http:\/\/teatinos.org\/wp-content\/uploads\/audio-files\/basi-con-voce.zip\">Scarica<\/a> il file .zip &#8211; 574,60 Mb)[\/vc_column_text][vc_separator][vc_column_text]- Scarica il file .pdf<br \/>\n<a href=\"http:\/\/teatinos.org\/wp-content\/uploads\/2024\/05\/Flyer-Musical-Teatino-2024-firma-PG.pdf\">CLICCA QUI<\/a>[\/vc_column_text][vc_separator][\/vc_column_inner][\/vc_row_inner]<\/div>[\/vc_column][\/vc_row]<\/p>\n","protected":false},"excerpt":{"rendered":"<p>[vc_row css=&#8221;.vc_custom_1688907696893{padding-top: 100px !important;padding-bottom: 100px !important;}&#8221;][vc_column][\/vc_column][\/vc_row]<\/p>\n","protected":false},"author":1,"featured_media":0,"parent":0,"menu_order":0,"comment_status":"closed","ping_status":"closed","template":"","meta":{"_acf_changed":false,"footnotes":"","_links_to":"","_links_to_target":""},"class_list":["post-11849","page","type-page","status-publish","hentry"],"acf":[],"yoast_head":"<!-- This site is optimized with the Yoast SEO plugin v23.5 - https:\/\/yoast.com\/wordpress\/plugins\/seo\/ -->\n<title>Musicale - Teatinos<\/title>\n<meta name=\"robots\" content=\"index, follow, max-snippet:-1, max-image-preview:large, max-video-preview:-1\" \/>\n<link rel=\"canonical\" href=\"https:\/\/teatinos.org\/it\/musicale\/\" \/>\n<meta property=\"og:locale\" content=\"it_IT\" \/>\n<meta property=\"og:type\" content=\"article\" \/>\n<meta property=\"og:title\" content=\"Musicale - Teatinos\" \/>\n<meta property=\"og:description\" content=\"[vc_row css=&#8221;.vc_custom_1688907696893{padding-top: 100px !important;padding-bottom: 100px !important;}&#8221;][vc_column][\/vc_column][\/vc_row]\" \/>\n<meta property=\"og:url\" content=\"https:\/\/teatinos.org\/it\/musicale\/\" \/>\n<meta property=\"og:site_name\" content=\"Teatinos\" \/>\n<meta property=\"article:modified_time\" content=\"2024-07-17T21:42:32+00:00\" \/>\n<meta name=\"twitter:card\" content=\"summary_large_image\" \/>\n<meta name=\"twitter:label1\" content=\"Tempo di lettura stimato\" \/>\n\t<meta name=\"twitter:data1\" content=\"2 minuti\" \/>\n<script type=\"application\/ld+json\" class=\"yoast-schema-graph\">{\"@context\":\"https:\/\/schema.org\",\"@graph\":[{\"@type\":\"WebPage\",\"@id\":\"https:\/\/teatinos.org\/it\/musicale\/\",\"url\":\"https:\/\/teatinos.org\/it\/musicale\/\",\"name\":\"Musicale - Teatinos\",\"isPartOf\":{\"@id\":\"https:\/\/teatinos.org\/pt-br\/#website\"},\"datePublished\":\"2023-07-09T13:50:12+00:00\",\"dateModified\":\"2024-07-17T21:42:32+00:00\",\"breadcrumb\":{\"@id\":\"https:\/\/teatinos.org\/it\/musicale\/#breadcrumb\"},\"inLanguage\":\"it-IT\",\"potentialAction\":[{\"@type\":\"ReadAction\",\"target\":[\"https:\/\/teatinos.org\/it\/musicale\/\"]}]},{\"@type\":\"BreadcrumbList\",\"@id\":\"https:\/\/teatinos.org\/it\/musicale\/#breadcrumb\",\"itemListElement\":[{\"@type\":\"ListItem\",\"position\":1,\"name\":\"Portada\",\"item\":\"https:\/\/teatinos.org\/it\/\"},{\"@type\":\"ListItem\",\"position\":2,\"name\":\"Musicale\"}]},{\"@type\":\"WebSite\",\"@id\":\"https:\/\/teatinos.org\/pt-br\/#website\",\"url\":\"https:\/\/teatinos.org\/pt-br\/\",\"name\":\"Teatinos\",\"description\":\"Orden de Cl\u00e9rigos Regulares\",\"potentialAction\":[{\"@type\":\"SearchAction\",\"target\":{\"@type\":\"EntryPoint\",\"urlTemplate\":\"https:\/\/teatinos.org\/pt-br\/?s={search_term_string}\"},\"query-input\":{\"@type\":\"PropertyValueSpecification\",\"valueRequired\":true,\"valueName\":\"search_term_string\"}}],\"inLanguage\":\"it-IT\"}]}<\/script>\n<!-- \/ Yoast SEO plugin. -->","yoast_head_json":{"title":"Musicale - Teatinos","robots":{"index":"index","follow":"follow","max-snippet":"max-snippet:-1","max-image-preview":"max-image-preview:large","max-video-preview":"max-video-preview:-1"},"canonical":"https:\/\/teatinos.org\/it\/musicale\/","og_locale":"it_IT","og_type":"article","og_title":"Musicale - Teatinos","og_description":"[vc_row css=&#8221;.vc_custom_1688907696893{padding-top: 100px !important;padding-bottom: 100px !important;}&#8221;][vc_column][\/vc_column][\/vc_row]","og_url":"https:\/\/teatinos.org\/it\/musicale\/","og_site_name":"Teatinos","article_modified_time":"2024-07-17T21:42:32+00:00","twitter_card":"summary_large_image","twitter_misc":{"Tempo di lettura stimato":"2 minuti"},"schema":{"@context":"https:\/\/schema.org","@graph":[{"@type":"WebPage","@id":"https:\/\/teatinos.org\/it\/musicale\/","url":"https:\/\/teatinos.org\/it\/musicale\/","name":"Musicale - Teatinos","isPartOf":{"@id":"https:\/\/teatinos.org\/pt-br\/#website"},"datePublished":"2023-07-09T13:50:12+00:00","dateModified":"2024-07-17T21:42:32+00:00","breadcrumb":{"@id":"https:\/\/teatinos.org\/it\/musicale\/#breadcrumb"},"inLanguage":"it-IT","potentialAction":[{"@type":"ReadAction","target":["https:\/\/teatinos.org\/it\/musicale\/"]}]},{"@type":"BreadcrumbList","@id":"https:\/\/teatinos.org\/it\/musicale\/#breadcrumb","itemListElement":[{"@type":"ListItem","position":1,"name":"Portada","item":"https:\/\/teatinos.org\/it\/"},{"@type":"ListItem","position":2,"name":"Musicale"}]},{"@type":"WebSite","@id":"https:\/\/teatinos.org\/pt-br\/#website","url":"https:\/\/teatinos.org\/pt-br\/","name":"Teatinos","description":"Orden de Cl\u00e9rigos Regulares","potentialAction":[{"@type":"SearchAction","target":{"@type":"EntryPoint","urlTemplate":"https:\/\/teatinos.org\/pt-br\/?s={search_term_string}"},"query-input":{"@type":"PropertyValueSpecification","valueRequired":true,"valueName":"search_term_string"}}],"inLanguage":"it-IT"}]}},"rttpg_featured_image_url":null,"rttpg_author":{"display_name":"admin","author_link":"https:\/\/teatinos.org\/it\/author\/admin\/"},"rttpg_comment":0,"rttpg_category":" <a href=\"https:\/\/teatinos.org\/it\/?taxonomy=translation_priority&#038;term=opzionale\" rel=\"tag\">Opzionale<\/a>","rttpg_excerpt":"[vc_row css=&#8221;.vc_custom_1688907696893{padding-top: 100px !important;padding-bottom: 100px !important;}&#8221;][vc_column][\/vc_column][\/vc_row]","_links":{"self":[{"href":"https:\/\/teatinos.org\/it\/wp-json\/wp\/v2\/pages\/11849","targetHints":{"allow":["GET"]}}],"collection":[{"href":"https:\/\/teatinos.org\/it\/wp-json\/wp\/v2\/pages"}],"about":[{"href":"https:\/\/teatinos.org\/it\/wp-json\/wp\/v2\/types\/page"}],"author":[{"embeddable":true,"href":"https:\/\/teatinos.org\/it\/wp-json\/wp\/v2\/users\/1"}],"replies":[{"embeddable":true,"href":"https:\/\/teatinos.org\/it\/wp-json\/wp\/v2\/comments?post=11849"}],"version-history":[{"count":19,"href":"https:\/\/teatinos.org\/it\/wp-json\/wp\/v2\/pages\/11849\/revisions"}],"predecessor-version":[{"id":16974,"href":"https:\/\/teatinos.org\/it\/wp-json\/wp\/v2\/pages\/11849\/revisions\/16974"}],"wp:attachment":[{"href":"https:\/\/teatinos.org\/it\/wp-json\/wp\/v2\/media?parent=11849"}],"curies":[{"name":"wp","href":"https:\/\/api.w.org\/{rel}","templated":true}]}}