{"id":4617,"date":"2018-09-10T13:18:55","date_gmt":"2018-09-10T13:18:55","guid":{"rendered":"http:\/\/teatinos.org\/actualidad\/"},"modified":"2025-10-17T22:19:42","modified_gmt":"2025-10-17T22:19:42","slug":"actualite","status":"publish","type":"page","link":"https:\/\/teatinos.org\/fr\/actualite\/","title":{"rendered":"Actualit\u00e9"},"content":{"rendered":"<p>[vc_row][vc_column][vc_empty_space height=\u00a0\u00bb60px\u00a0\u00bb][\/vc_column][\/vc_row][vc_row][vc_column][vc_wp_text]<style type='text\/css' media='all'>#rt-tpg-container-837752902 .rt-holder .rt-woo-info .price{color:#747474;}body .rt-tpg-container .rt-tpg-isotope-buttons .selected,\n\t\t\t\t\t#rt-tpg-container-837752902 .layout12 .rt-holder:hover .rt-detail,\n\t\t\t\t\t#rt-tpg-container-837752902 .isotope8 .rt-holder:hover .rt-detail,\n\t\t\t\t\t#rt-tpg-container-837752902 .carousel8 .rt-holder:hover .rt-detail,\n\t\t\t\t\t#rt-tpg-container-837752902 .layout13 .rt-holder .overlay .post-info,\n\t\t\t\t\t#rt-tpg-container-837752902 .isotope9 .rt-holder .overlay .post-info,\n\t\t\t\t\t#rt-tpg-container-837752902.rt-tpg-container .layout4 .rt-holder .rt-detail,\n\t\t\t\t\t.rt-modal-837752902 .md-content,\n\t\t\t\t\t.rt-modal-837752902 .md-content > .rt-md-content-holder .rt-md-content,\n\t\t\t\t\t.rt-popup-wrap-837752902.rt-popup-wrap .rt-popup-navigation-wrap,\n\t\t\t\t\t#rt-tpg-container-837752902 .carousel9 .rt-holder .overlay .post-info{background-color:#747474;}#rt-tpg-container-837752902 .layout5 .rt-holder .overlay, #rt-tpg-container-837752902 .isotope2 .rt-holder .overlay, #rt-tpg-container-837752902 .carousel2 .rt-holder .overlay,#rt-tpg-container-837752902 .layout15 .rt-holder h3, #rt-tpg-container-837752902 .isotope11 .rt-holder h3, #rt-tpg-container-837752902 .carousel11 .rt-holder h3, #rt-tpg-container-837752902 .layout16 .rt-holder h3,\n\t\t\t\t\t#rt-tpg-container-837752902 .isotope12 .rt-holder h3, #rt-tpg-container-837752902 .carousel12 .rt-holder h3 {background-color:rgba(116,116,116,0.8);}#rt-tpg-container-837752902 .pagination-list li a,\n\t\t\t\t\trt-tpg-container-837752902 .pagination-list li span,\n\t\t\t\t\trt-tpg-container-837752902 .pagination li a,\n\t\t\t\t\t#rt-tpg-container-837752902 .rt-tpg-isotope-buttons button,\n\t\t\t\t\t#rt-tpg-container-837752902 .rt-tpg-utility .rt-tpg-load-more button,\n\t\t\t\t\t#rt-tpg-container-837752902.rt-tpg-container .swiper-navigation .slider-btn,\n\t\t\t\t\t#rt-tpg-container-837752902.rt-tpg-container .swiper-pagination-bullet,\n\t\t\t\t\t#rt-tpg-container-837752902 .wc1 .rt-holder .rt-img-holder .overlay .product-more ul li a,\n\t\t\t\t\t#rt-tpg-container-837752902 .wc2 .rt-detail .rt-wc-add-to-cart,\n\t\t\t\t\t#rt-tpg-container-837752902 .wc3 .rt-detail .rt-wc-add-to-cart,\n\t\t\t\t\t#rt-tpg-container-837752902 .wc4 .rt-detail .rt-wc-add-to-cart,\n\t\t\t\t\t#rt-tpg-container-837752902 .wc-carousel2 .rt-detail .rt-wc-add-to-cart,\n\t\t\t\t\t#rt-tpg-container-837752902 .wc-isotope2 .rt-detail .rt-wc-add-to-cart,\n\t\t\t\t\t#rt-tpg-container-837752902 .rt-layout-filter-container .rt-filter-wrap .rt-filter-item-wrap.rt-filter-dropdown-wrap .rt-filter-dropdown,\n\t\t\t\t\t#rt-tpg-container-837752902 .rt-layout-filter-container .rt-filter-sub-tax.sub-button-group .rt-filter-button-item,\n\t\t\t\t\t#rt-tpg-container-837752902.rt-tpg-container .rt-pagination-wrap .rt-page-numbers .paginationjs .paginationjs-pages ul li>a,\n\t\t\t\t\t#rt-tpg-container-837752902 .rt-filter-item-wrap.rt-filter-button-wrap span.rt-filter-button-item,\n\t\t\t\t\t#rt-tpg-container-837752902.rt-tpg-container .rt-pagination-wrap  .rt-loadmore-btn,\n\t\t\t\t\t#rt-tpg-container-837752902.rt-tpg-container .rt-pagination-wrap .rt-cb-page-prev-next > *,\n\t\t\t\t\t#rt-tpg-container-837752902 .rt-read-more,\n\t\t\t\t\t#rt-tooltip-837752902, #rt-tooltip-837752902 .rt-tooltip-bottom:after{background-color:#ffffff;}#rt-tpg-container-837752902 .rt-filter-item-wrap.rt-filter-button-wrap span.rt-filter-button-item,\n\t\t\t\t\t#rt-tpg-container-837752902 .rt-layout-filter-container .rt-filter-sub-tax.sub-button-group .rt-filter-button-item{border-color:#ffffff;}#rt-tpg-container-837752902.rt-tpg-container .layout17 .rt-holder .overlay a.tpg-zoom .fa{color:#ffffff;}#rt-tpg-container-837752902 .rt-holder .read-more a {background-color:#ffffff;padding: 8px 15px;}#rt-tpg-container-837752902 .pagination-list li a,\n\t\t\t\t\t#rt-tpg-container-837752902 .pagination li a,\n\t\t\t\t\t#rt-tpg-container-837752902 .rt-tpg-isotope-buttons button,\n\t\t\t\t\t#rt-tpg-container-837752902 .rt-holder .read-more a,\n\t\t\t\t\t#rt-tpg-container-837752902 .rt-tpg-utility .rt-tpg-load-more button,\n\t\t\t\t\t#rt-tpg-container-837752902.rt-tpg-container .swiper-navigation .slider-btn,\n\t\t\t\t\t#rt-tpg-container-837752902 .wc1 .rt-holder .rt-img-holder .overlay .product-more ul li a,\n\t\t\t\t\t#rt-tpg-container-837752902 .edd1 .rt-holder .rt-img-holder .overlay .product-more ul li a,\n\t\t\t\t\t#rt-tpg-container-837752902 .wc2 .rt-detail .rt-wc-add-to-cart,\n\t\t\t\t\t#rt-tpg-container-837752902 .wc3 .rt-detail .rt-wc-add-to-cart,\n\t\t\t\t\t#rt-tpg-container-837752902 .edd2 .rt-detail .rt-wc-add-to-cart,\n\t\t\t\t\t#rt-tpg-container-837752902 .wc4 .rt-detail .rt-wc-add-to-cart,\n\t\t\t\t\t#rt-tpg-container-837752902 .edd3 .rt-detail .rt-wc-add-to-cart,\n\t\t\t\t\t#rt-tpg-container-837752902 .wc-carousel2 .rt-detail .rt-wc-add-to-cart,\n\t\t\t\t\t#rt-tpg-container-837752902 .wc-isotope2 .rt-detail .rt-wc-add-to-cart,\n\t\t\t\t\t#rt-tpg-container-837752902 .rt-tpg-utility .rt-tpg-load-more button,\n\t\t\t\t\t#rt-tooltip-837752902,\n\t\t\t\t\t#rt-tpg-container-837752902 .rt-filter-item-wrap.rt-filter-button-wrap span.rt-filter-button-item,\n\t\t\t\t\t#rt-tpg-container-837752902 .rt-layout-filter-container .rt-filter-sub-tax.sub-button-group .rt-filter-button-item,\n\t\t\t\t\t#rt-tpg-container-837752902 .rt-layout-filter-container .rt-filter-wrap .rt-filter-item-wrap.rt-sort-order-action,\n\t\t\t\t\t#rt-tpg-container-837752902 .rt-layout-filter-container .rt-filter-wrap .rt-filter-item-wrap.rt-filter-dropdown-wrap .rt-filter-dropdown .rt-filter-dropdown-item,\n\t\t\t\t\t#rt-tpg-container-837752902.rt-tpg-container .rt-pagination-wrap .rt-page-numbers .paginationjs .paginationjs-pages ul li>a,\n\t\t\t\t\t#rt-tpg-container-837752902.rt-tpg-container .rt-pagination-wrap .rt-cb-page-prev-next > *,\n\t\t\t\t\t#rt-tpg-container-837752902.rt-tpg-container .rt-pagination-wrap  .rt-loadmore-btn,\n\t\t\t\t\t#rt-tpg-container-837752902 .rt-read-more,\n\t\t\t\t\t#rt-tooltip-837752902 .rt-tooltip-bottom:after{color:#747474;}#rt-tpg-container-837752902 .read-more a{border-radius:1px;}#rt-tpg-container-837752902 .rt-img-holder img.rt-img-responsive,#rt-tpg-container-837752902 .rt-img-holder,\n\t\t\t\t\t#rt-tpg-container-837752902 .rt-post-overlay .post-img,\n\t\t\t\t\t#rt-tpg-container-837752902 .post-sm .post-img,\n\t\t\t\t\t#rt-tpg-container-837752902 .rt-post-grid .post-img,\n\t\t\t\t\t#rt-tpg-container-837752902 .post-img img {border-radius:px;}#rt-tpg-container-837752902 .layout1 .rt-holder h2.entry-title,\n\t\t\t\t\t#rt-tpg-container-837752902 .layout1 .rt-holder h3.entry-title,\n\t\t\t\t\t#rt-tpg-container-837752902 .layout1 .rt-holder h4.entry-title,\n\t\t\t\t\t#rt-tpg-container-837752902 .layout1 .rt-holder h2.entry-title a,\n\t\t\t\t\t#rt-tpg-container-837752902 .layout1 .rt-holder h3.entry-title a,\n\t\t\t\t\t#rt-tpg-container-837752902 .layout1 .rt-holder h4.entry-title a,\n\t\t\t\t\t#rt-tpg-container-837752902 .rt-holder .rt-woo-info h2 a,\n\t\t\t\t\t#rt-tpg-container-837752902 .rt-holder .rt-woo-info h3 a,\n\t\t\t\t\t#rt-tpg-container-837752902 .rt-holder .rt-woo-info h4 a,\n\t\t\t\t\t#rt-tpg-container-837752902 .post-content .post-title,\n\t\t\t\t\t#rt-tpg-container-837752902 .rt-post-grid .post-title,\n\t\t\t\t\t#rt-tpg-container-837752902 .rt-post-grid .post-title a,\n\t\t\t\t\t#rt-tpg-container-837752902 .post-content .post-title a,\n\t\t\t\t\t#rt-tpg-container-837752902 .rt-holder .rt-woo-info h2,\n\t\t\t\t\t#rt-tpg-container-837752902 .rt-holder .rt-woo-info h3,\n\t\t\t\t\t#rt-tpg-container-837752902 .rt-holder .rt-woo-info h4{color:#000000;}<\/style><div class='rt-container-fluid rt-tpg-container tpg-shortcode-main-wrapper ' id='rt-tpg-container-837752902'   data-layout='layout1' data-grid-style='even' data-desktop-col='4'  data-tab-col='2'  data-mobile-col='1' data-sc-id='5073'><div data-title='Loading ...' class='rt-row rt-content-loader   layout1 tpg-even '><div class=\"rt-col-md-3 rt-col-sm-6 rt-col-xs-12 even-grid-item rt-grid-item\" data-id=\"22340\"><div class=\"rt-holder\"><div class=\"rt-img-holder\"><a data-id=\"22340\" class=\"\" href=\"https:\/\/teatinos.org\/fr\/escalando-el-cerro-del-aguila-escalando-la-fe\/\"><img loading=\"lazy\" decoding=\"async\" width=\"1000\" height=\"1000\" src=\"https:\/\/teatinos.org\/wp-content\/uploads\/2026\/04\/Mision-Tarahumara-Abr-26-1024x1024.png\" class=\"rt-img-responsive \" alt=\"\" \/><\/a><\/div><div class='rt-detail'><h4 class=\"entry-title\"><a data-id=\"22340\" class=\"\" href=\"https:\/\/teatinos.org\/fr\/escalando-el-cerro-del-aguila-escalando-la-fe\/\">\u00c0 l&rsquo;assaut du Cerro del \u00c1guila, \u00e0 l&rsquo;assaut de la foi !<\/a><\/h4><div class='post-meta-user  '><span class='date'><i class='flaticon-calendar '><\/i>avril 1, 2026<\/span><\/div><div class='tpg-excerpt'>Depuis les terres de Baborigame, dans la communaut\u00e9 de la Sierra Tarahumara, le P\u00e8re Octavio, C.R., responsable de la mission des Th\u00e9atins, nous fait...<\/div><div class='post-meta '><span class='read-more'><a data-id='22340' class='' href='https:\/\/teatinos.org\/fr\/escalando-el-cerro-del-aguila-escalando-la-fe\/'>Ver m\u00e1s<\/a><\/span><\/div><\/div><\/div><\/div><div class=\"rt-col-md-3 rt-col-sm-6 rt-col-xs-12 even-grid-item rt-grid-item\" data-id=\"22304\"><div class=\"rt-holder\"><div class=\"rt-img-holder\"><a data-id=\"22304\" class=\"\" href=\"https:\/\/teatinos.org\/fr\/presentacion-del-libro-il-concilio-vaticano-ii-dono-minacciato\/\"><img loading=\"lazy\" decoding=\"async\" width=\"1000\" height=\"1000\" src=\"https:\/\/teatinos.org\/wp-content\/uploads\/2026\/03\/Libro-Presentacion-Sacristia-Mar-26-1024x1024.png\" class=\"rt-img-responsive \" alt=\"\" \/><\/a><\/div><div class='rt-detail'><h4 class=\"entry-title\"><a data-id=\"22304\" class=\"\" href=\"https:\/\/teatinos.org\/fr\/presentacion-del-libro-il-concilio-vaticano-ii-dono-minacciato\/\">Pr\u00e9sentation du livre \u00ab Il Concilio Vaticano II, dono minacciato \u00bb<\/a><\/h4><div class='post-meta-user  '><span class='date'><i class='flaticon-calendar '><\/i>mars 23, 2026<\/span><\/div><div class='tpg-excerpt'>Dans un climat de recueillement, de fraternit\u00e9 et de r\u00e9flexion eccl\u00e9siale, s\u2019est tenue r\u00e9cemment la pr\u00e9sentation du livre \u00ab Il Concilio Vaticano II...<\/div><div class='post-meta '><span class='read-more'><a data-id='22304' class='' href='https:\/\/teatinos.org\/fr\/presentacion-del-libro-il-concilio-vaticano-ii-dono-minacciato\/'>Ver m\u00e1s<\/a><\/span><\/div><\/div><\/div><\/div><div class=\"rt-col-md-3 rt-col-sm-6 rt-col-xs-12 even-grid-item rt-grid-item\" data-id=\"22258\"><div class=\"rt-holder\"><div class=\"rt-img-holder\"><a data-id=\"22258\" class=\"\" href=\"https:\/\/teatinos.org\/fr\/el-padre-tacilio-se-recupera-favorablemente-tras-una-intervencion-de-cataratas\/\"><img loading=\"lazy\" decoding=\"async\" width=\"1000\" height=\"1000\" src=\"https:\/\/teatinos.org\/wp-content\/uploads\/2026\/03\/Padre-Tacilio-Operacion-Mar-26-1024x1024.png\" class=\"rt-img-responsive \" alt=\"\" \/><\/a><\/div><div class='rt-detail'><h4 class=\"entry-title\"><a data-id=\"22258\" class=\"\" href=\"https:\/\/teatinos.org\/fr\/el-padre-tacilio-se-recupera-favorablemente-tras-una-intervencion-de-cataratas\/\">Le P\u00e8re Tacilio se r\u00e9tablit favorablement apr\u00e8s une op\u00e9ration de la cataracte<\/a><\/h4><div class='post-meta-user  '><span class='date'><i class='flaticon-calendar '><\/i>mars 21, 2026<\/span><\/div><div class='tpg-excerpt'>Dans un esprit de communion fraternelle, l\u2019Ordre Th\u00e9atin partage avec joie que le P\u00e8re Tacilio, l\u2019un des piliers de la Mission th\u00e9atine au Portugal, a...<\/div><div class='post-meta '><span class='read-more'><a data-id='22258' class='' href='https:\/\/teatinos.org\/fr\/el-padre-tacilio-se-recupera-favorablemente-tras-una-intervencion-de-cataratas\/'>Ver m\u00e1s<\/a><\/span><\/div><\/div><\/div><\/div><div class=\"rt-col-md-3 rt-col-sm-6 rt-col-xs-12 even-grid-item rt-grid-item\" data-id=\"22222\"><div class=\"rt-holder\"><div class=\"rt-img-holder\"><a data-id=\"22222\" class=\"\" href=\"https:\/\/teatinos.org\/fr\/los-teatinos-en-espana-las-arquitecturas-de-la-orden-entre-los-siglos-xvii-y-xx\/\"><img loading=\"lazy\" decoding=\"async\" width=\"1000\" height=\"1000\" src=\"https:\/\/teatinos.org\/wp-content\/uploads\/2026\/02\/Nuevo-Libro-Rosana-Feb-26-1024x1024.png\" class=\"rt-img-responsive \" alt=\"\" \/><\/a><\/div><div class='rt-detail'><h4 class=\"entry-title\"><a data-id=\"22222\" class=\"\" href=\"https:\/\/teatinos.org\/fr\/los-teatinos-en-espana-las-arquitecturas-de-la-orden-entre-los-siglos-xvii-y-xx\/\">Les Th\u00e9atins en Espagne. Les architectures de l\u2019Ordre entre les XVIIe et XXe si\u00e8cles<\/a><\/h4><div class='post-meta-user  '><span class='date'><i class='flaticon-calendar '><\/i>f\u00e9vrier 28, 2026<\/span><\/div><div class='tpg-excerpt'>L\u2019Ordre des Clercs R\u00e9guliers Th\u00e9atins annonce avec satisfaction la publication de l\u2019ouvrage I Teatini in Spagna. Le architetture dell\u2019Ordine tra XVII...<\/div><div class='post-meta '><span class='read-more'><a data-id='22222' class='' href='https:\/\/teatinos.org\/fr\/los-teatinos-en-espana-las-arquitecturas-de-la-orden-entre-los-siglos-xvii-y-xx\/'>Ver m\u00e1s<\/a><\/span><\/div><\/div><\/div><\/div><div class=\"rt-col-md-3 rt-col-sm-6 rt-col-xs-12 even-grid-item rt-grid-item\" data-id=\"22193\"><div class=\"rt-holder\"><div class=\"rt-img-holder\"><a data-id=\"22193\" class=\"\" href=\"https:\/\/teatinos.org\/fr\/obras-pastorales-de-san-jose-maria-tomasi\/\"><img loading=\"lazy\" decoding=\"async\" width=\"1000\" height=\"1000\" src=\"https:\/\/teatinos.org\/wp-content\/uploads\/2026\/02\/Nuevo-Libro-P-Roberto-Feb-26-1024x1024.png\" class=\"rt-img-responsive \" alt=\"\" \/><\/a><\/div><div class='rt-detail'><h4 class=\"entry-title\"><a data-id=\"22193\" class=\"\" href=\"https:\/\/teatinos.org\/fr\/obras-pastorales-de-san-jose-maria-tomasi\/\">\u0152uvres pastorales de Saint Joseph-Marie Tomasi<\/a><\/h4><div class='post-meta-user  '><span class='date'><i class='flaticon-calendar '><\/i>f\u00e9vrier 28, 2026<\/span><\/div><div class='tpg-excerpt'>Dans le cadre du cinqui\u00e8me centenaire de la fondation des Clercs R\u00e9guliers Th\u00e9atins\u00a0(1524\u20132024), est pr\u00e9sent\u00e9e l\u2019\u00e9dition comm\u00e9morative \u0152uvres...<\/div><div class='post-meta '><span class='read-more'><a data-id='22193' class='' href='https:\/\/teatinos.org\/fr\/obras-pastorales-de-san-jose-maria-tomasi\/'>Ver m\u00e1s<\/a><\/span><\/div><\/div><\/div><\/div><div class=\"rt-col-md-3 rt-col-sm-6 rt-col-xs-12 even-grid-item rt-grid-item\" data-id=\"22152\"><div class=\"rt-holder\"><div class=\"rt-img-holder\"><a data-id=\"22152\" class=\"\" href=\"https:\/\/teatinos.org\/fr\/arte-sacro-y-teatinidad-mision-teatina-en-el-caucaso\/\"><img loading=\"lazy\" decoding=\"async\" width=\"1000\" height=\"1000\" src=\"https:\/\/teatinos.org\/wp-content\/uploads\/2026\/02\/Rodolfo-Papa-Mision-Teatina-Caucaso-Feb-26-1024x1024.png\" class=\"rt-img-responsive \" alt=\"\" \/><\/a><\/div><div class='rt-detail'><h4 class=\"entry-title\"><a data-id=\"22152\" class=\"\" href=\"https:\/\/teatinos.org\/fr\/arte-sacro-y-teatinidad-mision-teatina-en-el-caucaso\/\">Art sacr\u00e9 et th\u00e9atinit\u00e9 : \u00ab Mission th\u00e9atine dans le Caucase \u00bb<\/a><\/h4><div class='post-meta-user  '><span class='date'><i class='flaticon-calendar '><\/i>f\u00e9vrier 17, 2026<\/span><\/div><div class='tpg-excerpt'>Dans la continuit\u00e9 de sa tradition spirituelle, culturelle et artistique, l\u2019Ordre des Clercs r\u00e9guliers Th\u00e9atins r\u00e9affirme son engagement envers l\u2019art...<\/div><div class='post-meta '><span class='read-more'><a data-id='22152' class='' href='https:\/\/teatinos.org\/fr\/arte-sacro-y-teatinidad-mision-teatina-en-el-caucaso\/'>Ver m\u00e1s<\/a><\/span><\/div><\/div><\/div><\/div><div class=\"rt-col-md-3 rt-col-sm-6 rt-col-xs-12 even-grid-item rt-grid-item\" data-id=\"22131\"><div class=\"rt-holder\"><div class=\"rt-img-holder\"><a data-id=\"22131\" class=\"\" href=\"https:\/\/teatinos.org\/fr\/el-preposito-general-acompana-la-nueva-mision-teatina\/\"><img loading=\"lazy\" decoding=\"async\" width=\"1000\" height=\"1000\" src=\"https:\/\/teatinos.org\/wp-content\/uploads\/2026\/02\/PG-en-Guachochi-Feb-26-1024x1024.png\" class=\"rt-img-responsive \" alt=\"\" \/><\/a><\/div><div class='rt-detail'><h4 class=\"entry-title\"><a data-id=\"22131\" class=\"\" href=\"https:\/\/teatinos.org\/fr\/el-preposito-general-acompana-la-nueva-mision-teatina\/\">Le Pr\u00e9pos\u00e9 G\u00e9n\u00e9ral accompagne la nouvelle mission th\u00e9atine<\/a><\/h4><div class='post-meta-user  '><span class='date'><i class='flaticon-calendar '><\/i>f\u00e9vrier 17, 2026<\/span><\/div><div class='tpg-excerpt'>Le R\u00e9v. P. Salvador Rodea Gonz\u00e1lez, C.R., Pr\u00e9pos\u00e9 G\u00e9n\u00e9ral de l\u2019Ordre des Clercs R\u00e9guliers Th\u00e9atins, se trouve \u00e0 Guachochi, si\u00e8ge du dioc\u00e8se de...<\/div><div class='post-meta '><span class='read-more'><a data-id='22131' class='' href='https:\/\/teatinos.org\/fr\/el-preposito-general-acompana-la-nueva-mision-teatina\/'>Ver m\u00e1s<\/a><\/span><\/div><\/div><\/div><\/div><div class=\"rt-col-md-3 rt-col-sm-6 rt-col-xs-12 even-grid-item rt-grid-item\" data-id=\"22096\"><div class=\"rt-holder\"><div class=\"rt-img-holder\"><a data-id=\"22096\" class=\"\" href=\"https:\/\/teatinos.org\/fr\/encuentro-fraterno-en-la-diocesis-de-columbus-ohio\/\"><img loading=\"lazy\" decoding=\"async\" width=\"1000\" height=\"1000\" src=\"https:\/\/teatinos.org\/wp-content\/uploads\/2026\/02\/Encuentro-Obispo-Columbus-Feb-26-1024x1024.png\" class=\"rt-img-responsive \" alt=\"\" \/><\/a><\/div><div class='rt-detail'><h4 class=\"entry-title\"><a data-id=\"22096\" class=\"\" href=\"https:\/\/teatinos.org\/fr\/encuentro-fraterno-en-la-diocesis-de-columbus-ohio\/\">Rencontre fraternelle dans le dioc\u00e8se de Columbus, Ohio<\/a><\/h4><div class='post-meta-user  '><span class='date'><i class='flaticon-calendar '><\/i>f\u00e9vrier 10, 2026<\/span><\/div><div class='tpg-excerpt'>Dans le cadre de la Visite Canonique et du Chapitre Provincial des Th\u00e9atins des \u00c9tats-Unis, le R.P. Salvador Rodea Gonz\u00e1lez, C.R., Pr\u00e9pos\u00e9 G\u00e9n\u00e9ral de...<\/div><div class='post-meta '><span class='read-more'><a data-id='22096' class='' href='https:\/\/teatinos.org\/fr\/encuentro-fraterno-en-la-diocesis-de-columbus-ohio\/'>Ver m\u00e1s<\/a><\/span><\/div><\/div><\/div><\/div><\/div><div class='rt-pagination-wrap' data-total-pages='53' data-posts-per-page='8' data-type='pagination'  ><div class=\"rt-pagination\" ><ul class=\"pagination-list\"><li class=\"active\"><span>1<\/span><\/li><li><a data-paged='2' href='https:\/\/teatinos.org\/fr\/wp-json\/wp\/v2\/pages\/4617\/page\/2\/'>2<\/a><\/li><li><a data-paged='3' href='https:\/\/teatinos.org\/fr\/wp-json\/wp\/v2\/pages\/4617\/page\/3\/'>3<\/a><\/li><li><a data-paged='4' href='https:\/\/teatinos.org\/fr\/wp-json\/wp\/v2\/pages\/4617\/page\/4\/'>4<\/a><\/li><li><a data-paged='5' href='https:\/\/teatinos.org\/fr\/wp-json\/wp\/v2\/pages\/4617\/page\/5\/'>5<\/a><\/li><li><a data-paged='2' href=\"https:\/\/teatinos.org\/fr\/wp-json\/wp\/v2\/pages\/4617\/page\/2\/\"  aria-label='Next'>&rsaquo;<\/a><\/li><li><a data-paged='53' href='https:\/\/teatinos.org\/fr\/wp-json\/wp\/v2\/pages\/4617\/page\/53\/' aria-label='Last'>&raquo;<\/a><\/li><\/ul><\/div><\/div><\/div>[\/vc_wp_text][\/vc_column][\/vc_row]<\/p>\n","protected":false},"excerpt":{"rendered":"<p>[vc_row][vc_column][vc_empty_space height=\u00a0\u00bb60px\u00a0\u00bb][\/vc_column][\/vc_row][vc_row][vc_column][vc_wp_text][\/vc_wp_text][\/vc_column][\/vc_row]<\/p>\n","protected":false},"author":1,"featured_media":0,"parent":0,"menu_order":0,"comment_status":"closed","ping_status":"closed","template":"","meta":{"_acf_changed":false,"footnotes":"","_links_to":"","_links_to_target":""},"class_list":["post-4617","page","type-page","status-publish","hentry"],"acf":[],"yoast_head":"<!-- This site is optimized with the Yoast SEO plugin v23.5 - https:\/\/yoast.com\/wordpress\/plugins\/seo\/ -->\n<title>Actualit\u00e9 - Teatinos<\/title>\n<meta name=\"robots\" content=\"index, follow, max-snippet:-1, max-image-preview:large, max-video-preview:-1\" \/>\n<link rel=\"canonical\" href=\"https:\/\/teatinos.org\/fr\/actualite\/\" \/>\n<meta property=\"og:locale\" content=\"fr_FR\" \/>\n<meta property=\"og:type\" content=\"article\" \/>\n<meta property=\"og:title\" content=\"Actualit\u00e9 - Teatinos\" \/>\n<meta property=\"og:description\" content=\"[vc_row][vc_column][vc_empty_space height=\u00a0\u00bb60px\u00a0\u00bb][\/vc_column][\/vc_row][vc_row][vc_column][vc_wp_text][\/vc_wp_text][\/vc_column][\/vc_row]\" \/>\n<meta property=\"og:url\" content=\"https:\/\/teatinos.org\/fr\/actualite\/\" \/>\n<meta property=\"og:site_name\" content=\"Teatinos\" \/>\n<meta property=\"article:modified_time\" content=\"2025-10-17T22:19:42+00:00\" \/>\n<meta name=\"twitter:card\" content=\"summary_large_image\" \/>\n<meta name=\"twitter:label1\" content=\"Dur\u00e9e de lecture estim\u00e9e\" \/>\n\t<meta name=\"twitter:data1\" content=\"1 minute\" \/>\n<script type=\"application\/ld+json\" class=\"yoast-schema-graph\">{\"@context\":\"https:\/\/schema.org\",\"@graph\":[{\"@type\":\"WebPage\",\"@id\":\"https:\/\/teatinos.org\/fr\/actualite\/\",\"url\":\"https:\/\/teatinos.org\/fr\/actualite\/\",\"name\":\"Actualit\u00e9 - Teatinos\",\"isPartOf\":{\"@id\":\"https:\/\/teatinos.org\/pt-br\/#website\"},\"datePublished\":\"2018-09-10T13:18:55+00:00\",\"dateModified\":\"2025-10-17T22:19:42+00:00\",\"breadcrumb\":{\"@id\":\"https:\/\/teatinos.org\/fr\/actualite\/#breadcrumb\"},\"inLanguage\":\"fr-FR\",\"potentialAction\":[{\"@type\":\"ReadAction\",\"target\":[\"https:\/\/teatinos.org\/fr\/actualite\/\"]}]},{\"@type\":\"BreadcrumbList\",\"@id\":\"https:\/\/teatinos.org\/fr\/actualite\/#breadcrumb\",\"itemListElement\":[{\"@type\":\"ListItem\",\"position\":1,\"name\":\"Portada\",\"item\":\"https:\/\/teatinos.org\/fr\/\"},{\"@type\":\"ListItem\",\"position\":2,\"name\":\"Actualit\u00e9\"}]},{\"@type\":\"WebSite\",\"@id\":\"https:\/\/teatinos.org\/pt-br\/#website\",\"url\":\"https:\/\/teatinos.org\/pt-br\/\",\"name\":\"Teatinos\",\"description\":\"Orden de Cl\u00e9rigos Regulares\",\"potentialAction\":[{\"@type\":\"SearchAction\",\"target\":{\"@type\":\"EntryPoint\",\"urlTemplate\":\"https:\/\/teatinos.org\/pt-br\/?s={search_term_string}\"},\"query-input\":{\"@type\":\"PropertyValueSpecification\",\"valueRequired\":true,\"valueName\":\"search_term_string\"}}],\"inLanguage\":\"fr-FR\"}]}<\/script>\n<!-- \/ Yoast SEO plugin. -->","yoast_head_json":{"title":"Actualit\u00e9 - Teatinos","robots":{"index":"index","follow":"follow","max-snippet":"max-snippet:-1","max-image-preview":"max-image-preview:large","max-video-preview":"max-video-preview:-1"},"canonical":"https:\/\/teatinos.org\/fr\/actualite\/","og_locale":"fr_FR","og_type":"article","og_title":"Actualit\u00e9 - Teatinos","og_description":"[vc_row][vc_column][vc_empty_space height=\u00a0\u00bb60px\u00a0\u00bb][\/vc_column][\/vc_row][vc_row][vc_column][vc_wp_text][\/vc_wp_text][\/vc_column][\/vc_row]","og_url":"https:\/\/teatinos.org\/fr\/actualite\/","og_site_name":"Teatinos","article_modified_time":"2025-10-17T22:19:42+00:00","twitter_card":"summary_large_image","twitter_misc":{"Dur\u00e9e de lecture estim\u00e9e":"1 minute"},"schema":{"@context":"https:\/\/schema.org","@graph":[{"@type":"WebPage","@id":"https:\/\/teatinos.org\/fr\/actualite\/","url":"https:\/\/teatinos.org\/fr\/actualite\/","name":"Actualit\u00e9 - Teatinos","isPartOf":{"@id":"https:\/\/teatinos.org\/pt-br\/#website"},"datePublished":"2018-09-10T13:18:55+00:00","dateModified":"2025-10-17T22:19:42+00:00","breadcrumb":{"@id":"https:\/\/teatinos.org\/fr\/actualite\/#breadcrumb"},"inLanguage":"fr-FR","potentialAction":[{"@type":"ReadAction","target":["https:\/\/teatinos.org\/fr\/actualite\/"]}]},{"@type":"BreadcrumbList","@id":"https:\/\/teatinos.org\/fr\/actualite\/#breadcrumb","itemListElement":[{"@type":"ListItem","position":1,"name":"Portada","item":"https:\/\/teatinos.org\/fr\/"},{"@type":"ListItem","position":2,"name":"Actualit\u00e9"}]},{"@type":"WebSite","@id":"https:\/\/teatinos.org\/pt-br\/#website","url":"https:\/\/teatinos.org\/pt-br\/","name":"Teatinos","description":"Orden de Cl\u00e9rigos Regulares","potentialAction":[{"@type":"SearchAction","target":{"@type":"EntryPoint","urlTemplate":"https:\/\/teatinos.org\/pt-br\/?s={search_term_string}"},"query-input":{"@type":"PropertyValueSpecification","valueRequired":true,"valueName":"search_term_string"}}],"inLanguage":"fr-FR"}]}},"rttpg_featured_image_url":null,"rttpg_author":{"display_name":"admin","author_link":"https:\/\/teatinos.org\/fr\/author\/admin\/"},"rttpg_comment":0,"rttpg_category":"","rttpg_excerpt":"[vc_row][vc_column][vc_empty_space height=\u00a0\u00bb60px\u00a0\u00bb][\/vc_column][\/vc_row][vc_row][vc_column][vc_wp_text][\/vc_wp_text][\/vc_column][\/vc_row]","_links":{"self":[{"href":"https:\/\/teatinos.org\/fr\/wp-json\/wp\/v2\/pages\/4617","targetHints":{"allow":["GET"]}}],"collection":[{"href":"https:\/\/teatinos.org\/fr\/wp-json\/wp\/v2\/pages"}],"about":[{"href":"https:\/\/teatinos.org\/fr\/wp-json\/wp\/v2\/types\/page"}],"author":[{"embeddable":true,"href":"https:\/\/teatinos.org\/fr\/wp-json\/wp\/v2\/users\/1"}],"replies":[{"embeddable":true,"href":"https:\/\/teatinos.org\/fr\/wp-json\/wp\/v2\/comments?post=4617"}],"version-history":[{"count":5,"href":"https:\/\/teatinos.org\/fr\/wp-json\/wp\/v2\/pages\/4617\/revisions"}],"predecessor-version":[{"id":20416,"href":"https:\/\/teatinos.org\/fr\/wp-json\/wp\/v2\/pages\/4617\/revisions\/20416"}],"wp:attachment":[{"href":"https:\/\/teatinos.org\/fr\/wp-json\/wp\/v2\/media?parent=4617"}],"curies":[{"name":"wp","href":"https:\/\/api.w.org\/{rel}","templated":true}]}}