{"id":4603,"date":"2018-09-18T21:35:06","date_gmt":"2018-09-18T21:35:06","guid":{"rendered":"http:\/\/teatinos.org\/colabora\/"},"modified":"2020-03-03T15:31:01","modified_gmt":"2020-03-03T15:31:01","slug":"collaboration","status":"publish","type":"page","link":"https:\/\/teatinos.org\/fr\/collaboration\/","title":{"rendered":"Collaboration"},"content":{"rendered":"<p>[vc_row el_id=\u00a0\u00bbfila-colabora\u00a0\u00bb][vc_column]<div class=\"container \">[vc_row_inner][vc_column_inner width=\u00a0\u00bb1\/2&Prime;][vc_column_text]<\/p>\n<h1 style=\"text-align: center;\">Pri\u00e8re<\/h1>\n<p>[\/vc_column_text][\/vc_column_inner][vc_column_inner width=\u00a0\u00bb1\/2&Prime; offset=\u00a0\u00bbvc_hidden-xs\u00a0\u00bb][vc_column_text]<\/p>\n<h1 style=\"text-align: center;\">Don<\/h1>\n<p>[\/vc_column_text][\/vc_column_inner][\/vc_row_inner]<\/div><div class=\"container \">[vc_row_inner][vc_column_inner el_class=\u00a0\u00bbbox-colabora\u00a0\u00bb width=\u00a0\u00bb1\/2&Prime; css=\u00a0\u00bb.vc_custom_1552932127708{background-image: url(http:\/\/teatinos.org\/wp-content\/uploads\/2018\/09\/colabora.jpg?id=2623) !important;}\u00a0\u00bb][vc_empty_space height=\u00a0\u00bb2px\u00a0\u00bb]<div class=\"services w-100 animate \" data-wow-delay=\"s\"><div class=\"sec why8\"> <i class=\"\"><\/i><h6><\/h6><div class=\"ser-over\"><h6><\/h6><p>Tous les jeudis, \u00e0 19 h 30, dans l'Adoration Eucharistique de Rome. Nous prenons la pri\u00e8re \u00e0 Saint Ga\u00ebtan. Accompagne-nous !<\/p>\n<p>``Regardez, oh Seigneur, P\u00e8re Saint et notre Seigneur, depuis votre Sanctuaire et \u00e9minent lieu o\u00f9 vous habitez dans les cieux. Fixez votre regard sur cette hostie sainte que J\u00e9sus vous offre \u00e0 cause des p\u00e9ch\u00e9s de ses fr\u00e8res et pardonnez nos nombreuses fautes. Voici la voix du sang de notre fr\u00e8re J\u00e9sus qui crie vers Vous depuis la croix. \u00c9coutez, oh Seigneur, apaisez, accueillez-nous et envoyez votre secours. Ne le retardez pas, mon Dieu, par votre grande bont\u00e9, puisque votre nom a \u00e9t\u00e9 invoqu\u00e9 sur cette ville et surtout sur votre peuple, et oeuvrez avec nous selon votre mis\u00e9ricorde ``.<\/p><\/div><\/div><\/div>[vc_column_text][\/vc_column_text][\/vc_column_inner][vc_column_inner el_class=\u00a0\u00bbtext-center\u00a0\u00bb width=\u00a0\u00bb1\/12&Prime;][\/vc_column_inner][vc_column_inner width=\u00a0\u00bb5\/12&Prime;][vc_column_text]<\/p>\n<h1 class=\"hidden-sm hidden-md hidden-lg\" style=\"text-align: center;\">Dona<\/h1>\n<p>[\/vc_column_text][vc_empty_space height=\u00a0\u00bb2px\u00a0\u00bb][vc_column_text]<script src=\"https:\/\/donorbox.org\/widget.js\" paypalExpress=\"false\"><\/script><iframe loading=\"lazy\" style=\"max-width: 1170px; min-width: 288px; max-height: none!important; text-align: center;\" src=\"https:\/\/donorbox.org\/embed\/colabora-teatinos\" name=\"donorbox\" width=\"100%\" height=\"385px\" frameborder=\"0\" scrolling=\"no\" seamless=\"seamless\"><\/iframe>[\/vc_column_text][\/vc_column_inner][\/vc_row_inner]<\/div>[\/vc_column][\/vc_row]<\/p>\n","protected":false},"excerpt":{"rendered":"<p>[vc_row el_id=\u00a0\u00bbfila-colabora\u00a0\u00bb][vc_column][\/vc_column][\/vc_row]<\/p>\n","protected":false},"author":1,"featured_media":0,"parent":0,"menu_order":0,"comment_status":"closed","ping_status":"closed","template":"","meta":{"_acf_changed":false,"footnotes":"","_links_to":"","_links_to_target":""},"class_list":["post-4603","page","type-page","status-publish","hentry"],"acf":[],"yoast_head":"<!-- This site is optimized with the Yoast SEO plugin v23.5 - https:\/\/yoast.com\/wordpress\/plugins\/seo\/ -->\n<title>Collaboration - Teatinos<\/title>\n<meta name=\"robots\" content=\"index, follow, max-snippet:-1, max-image-preview:large, max-video-preview:-1\" \/>\n<link rel=\"canonical\" href=\"https:\/\/teatinos.org\/fr\/collaboration\/\" \/>\n<meta property=\"og:locale\" content=\"fr_FR\" \/>\n<meta property=\"og:type\" content=\"article\" \/>\n<meta property=\"og:title\" content=\"Collaboration - Teatinos\" \/>\n<meta property=\"og:description\" content=\"[vc_row el_id=\u00a0\u00bbfila-colabora\u00a0\u00bb][vc_column][\/vc_column][\/vc_row]\" \/>\n<meta property=\"og:url\" content=\"https:\/\/teatinos.org\/fr\/collaboration\/\" \/>\n<meta property=\"og:site_name\" content=\"Teatinos\" \/>\n<meta property=\"article:modified_time\" content=\"2020-03-03T15:31:01+00:00\" \/>\n<meta name=\"twitter:card\" content=\"summary_large_image\" \/>\n<meta name=\"twitter:label1\" content=\"Dur\u00e9e de lecture estim\u00e9e\" \/>\n\t<meta name=\"twitter:data1\" content=\"1 minute\" \/>\n<script type=\"application\/ld+json\" class=\"yoast-schema-graph\">{\"@context\":\"https:\/\/schema.org\",\"@graph\":[{\"@type\":\"WebPage\",\"@id\":\"https:\/\/teatinos.org\/fr\/collaboration\/\",\"url\":\"https:\/\/teatinos.org\/fr\/collaboration\/\",\"name\":\"Collaboration - Teatinos\",\"isPartOf\":{\"@id\":\"https:\/\/teatinos.org\/pt-br\/#website\"},\"datePublished\":\"2018-09-18T21:35:06+00:00\",\"dateModified\":\"2020-03-03T15:31:01+00:00\",\"breadcrumb\":{\"@id\":\"https:\/\/teatinos.org\/fr\/collaboration\/#breadcrumb\"},\"inLanguage\":\"fr-FR\",\"potentialAction\":[{\"@type\":\"ReadAction\",\"target\":[\"https:\/\/teatinos.org\/fr\/collaboration\/\"]}]},{\"@type\":\"BreadcrumbList\",\"@id\":\"https:\/\/teatinos.org\/fr\/collaboration\/#breadcrumb\",\"itemListElement\":[{\"@type\":\"ListItem\",\"position\":1,\"name\":\"Portada\",\"item\":\"https:\/\/teatinos.org\/fr\/\"},{\"@type\":\"ListItem\",\"position\":2,\"name\":\"Collaboration\"}]},{\"@type\":\"WebSite\",\"@id\":\"https:\/\/teatinos.org\/pt-br\/#website\",\"url\":\"https:\/\/teatinos.org\/pt-br\/\",\"name\":\"Teatinos\",\"description\":\"Orden de Cl\u00e9rigos Regulares\",\"potentialAction\":[{\"@type\":\"SearchAction\",\"target\":{\"@type\":\"EntryPoint\",\"urlTemplate\":\"https:\/\/teatinos.org\/pt-br\/?s={search_term_string}\"},\"query-input\":{\"@type\":\"PropertyValueSpecification\",\"valueRequired\":true,\"valueName\":\"search_term_string\"}}],\"inLanguage\":\"fr-FR\"}]}<\/script>\n<!-- \/ Yoast SEO plugin. -->","yoast_head_json":{"title":"Collaboration - Teatinos","robots":{"index":"index","follow":"follow","max-snippet":"max-snippet:-1","max-image-preview":"max-image-preview:large","max-video-preview":"max-video-preview:-1"},"canonical":"https:\/\/teatinos.org\/fr\/collaboration\/","og_locale":"fr_FR","og_type":"article","og_title":"Collaboration - Teatinos","og_description":"[vc_row el_id=\u00a0\u00bbfila-colabora\u00a0\u00bb][vc_column][\/vc_column][\/vc_row]","og_url":"https:\/\/teatinos.org\/fr\/collaboration\/","og_site_name":"Teatinos","article_modified_time":"2020-03-03T15:31:01+00:00","twitter_card":"summary_large_image","twitter_misc":{"Dur\u00e9e de lecture estim\u00e9e":"1 minute"},"schema":{"@context":"https:\/\/schema.org","@graph":[{"@type":"WebPage","@id":"https:\/\/teatinos.org\/fr\/collaboration\/","url":"https:\/\/teatinos.org\/fr\/collaboration\/","name":"Collaboration - Teatinos","isPartOf":{"@id":"https:\/\/teatinos.org\/pt-br\/#website"},"datePublished":"2018-09-18T21:35:06+00:00","dateModified":"2020-03-03T15:31:01+00:00","breadcrumb":{"@id":"https:\/\/teatinos.org\/fr\/collaboration\/#breadcrumb"},"inLanguage":"fr-FR","potentialAction":[{"@type":"ReadAction","target":["https:\/\/teatinos.org\/fr\/collaboration\/"]}]},{"@type":"BreadcrumbList","@id":"https:\/\/teatinos.org\/fr\/collaboration\/#breadcrumb","itemListElement":[{"@type":"ListItem","position":1,"name":"Portada","item":"https:\/\/teatinos.org\/fr\/"},{"@type":"ListItem","position":2,"name":"Collaboration"}]},{"@type":"WebSite","@id":"https:\/\/teatinos.org\/pt-br\/#website","url":"https:\/\/teatinos.org\/pt-br\/","name":"Teatinos","description":"Orden de Cl\u00e9rigos Regulares","potentialAction":[{"@type":"SearchAction","target":{"@type":"EntryPoint","urlTemplate":"https:\/\/teatinos.org\/pt-br\/?s={search_term_string}"},"query-input":{"@type":"PropertyValueSpecification","valueRequired":true,"valueName":"search_term_string"}}],"inLanguage":"fr-FR"}]}},"rttpg_featured_image_url":null,"rttpg_author":{"display_name":"admin","author_link":"https:\/\/teatinos.org\/fr\/author\/admin\/"},"rttpg_comment":0,"rttpg_category":false,"rttpg_excerpt":"[vc_row el_id=\u00a0\u00bbfila-colabora\u00a0\u00bb][vc_column][\/vc_column][\/vc_row]","_links":{"self":[{"href":"https:\/\/teatinos.org\/fr\/wp-json\/wp\/v2\/pages\/4603","targetHints":{"allow":["GET"]}}],"collection":[{"href":"https:\/\/teatinos.org\/fr\/wp-json\/wp\/v2\/pages"}],"about":[{"href":"https:\/\/teatinos.org\/fr\/wp-json\/wp\/v2\/types\/page"}],"author":[{"embeddable":true,"href":"https:\/\/teatinos.org\/fr\/wp-json\/wp\/v2\/users\/1"}],"replies":[{"embeddable":true,"href":"https:\/\/teatinos.org\/fr\/wp-json\/wp\/v2\/comments?post=4603"}],"version-history":[{"count":5,"href":"https:\/\/teatinos.org\/fr\/wp-json\/wp\/v2\/pages\/4603\/revisions"}],"predecessor-version":[{"id":4639,"href":"https:\/\/teatinos.org\/fr\/wp-json\/wp\/v2\/pages\/4603\/revisions\/4639"}],"wp:attachment":[{"href":"https:\/\/teatinos.org\/fr\/wp-json\/wp\/v2\/media?parent=4603"}],"curies":[{"name":"wp","href":"https:\/\/api.w.org\/{rel}","templated":true}]}}