{"id":4591,"date":"2018-09-05T12:23:21","date_gmt":"2018-09-05T12:23:21","guid":{"rendered":"http:\/\/teatinos.org\/otros-santos-teatinos\/"},"modified":"2021-05-24T19:28:31","modified_gmt":"2021-05-24T19:28:31","slug":"autres-saints-theatins","status":"publish","type":"page","link":"https:\/\/teatinos.org\/fr\/autres-saints-theatins\/","title":{"rendered":"Autres saints th\u00e9atins"},"content":{"rendered":"<p>[vc_row css=\u00a0\u00bb.vc_custom_1536158360335{padding-right: 10px !important;padding-left: 10px !important;background-color: #f1f5f8 !important;}\u00a0\u00bb][vc_column][vc_empty_space height=\u00a0\u00bb60px\u00a0\u00bb]<div class=\"container \">[vc_row_inner][vc_column_inner el_class=\u00a0\u00bbimagen-santo\u00a0\u00bb width=\u00a0\u00bb1\/3&Prime;][vc_hoverbox image=\u00a0\u00bb2366&Prime; primary_title=\u00a0\u00bb\u00a0\u00bb hover_title=\u00a0\u00bb<\/p>\n<h6>B\u00e8ate Jean Marinoni<\/h6>\n<p>\u00a0\u00bb shape=\u00a0\u00bbsquare\u00a0\u00bb hover_background_color=\u00a0\u00bbwhite\u00a0\u00bb]<a class=\"santo\" href=\"https:\/\/teatinos.org\/fr\/jean-marinoni\/\">Fran\u00e7ois Marinoni est n\u00e9 \u00e0 Venise (en Italie), en 1490<\/a>[\/vc_hoverbox][\/vc_column_inner][vc_column_inner el_class=\u00a0\u00bbimagen-santo\u00a0\u00bb width=\u00a0\u00bb1\/3&Prime;][vc_hoverbox image=\u00a0\u00bb2385&Prime; primary_title=\u00a0\u00bb\u00a0\u00bb hover_title=\u00a0\u00bb<\/p>\n<h6>B\u00e8ate PAUL BURALI D\u00b4AREZZO<\/h6>\n<p>\u00a0\u00bb shape=\u00a0\u00bbsquare\u00a0\u00bb hover_background_color=\u00a0\u00bbwhite\u00a0\u00bb]<a class=\"santo\" href=\"https:\/\/teatinos.org\/fr\/paul-burali-darezzo\/\">Scipion Burali d&rsquo;Arezzo est n\u00e9 \u00e0 Itri (en Italie), en 1511<\/a>[\/vc_hoverbox][\/vc_column_inner][vc_column_inner el_class=\u00a0\u00bbimagen-santo\u00a0\u00bb width=\u00a0\u00bb1\/3&Prime;][vc_hoverbox image=\u00a0\u00bb4408&Prime; primary_title=\u00a0\u00bb\u00a0\u00bb hover_title=\u00a0\u00bb<\/p>\n<h6>Venerable Vincenzo Maria Morelli<\/h6>\n<p>\u00a0\u00bb shape=\u00a0\u00bbsquare\u00a0\u00bb hover_background_color=\u00a0\u00bbwhite\u00a0\u00bb el_class=\u00a0\u00bbimg-box-center\u00a0\u00bb]<a class=\"santo\" href=\"\/?page_id=4404\">Venerable Vincenzo Maria Morelli nacido en Lecce (Italia) el 25 de abril de 1741<\/a>[\/vc_hoverbox][\/vc_column_inner][\/vc_row_inner]<\/div>[vc_empty_space height=\u00a0\u00bb80px\u00a0\u00bb][\/vc_column][\/vc_row]<\/p>\n","protected":false},"excerpt":{"rendered":"<p>[vc_row css=\u00a0\u00bb.vc_custom_1536158360335{padding-right: 10px !important;padding-left: 10px !important;background-color: #f1f5f8 !important;}\u00a0\u00bb][vc_column][vc_empty_space height=\u00a0\u00bb60px\u00a0\u00bb][vc_empty_space height=\u00a0\u00bb80px\u00a0\u00bb][\/vc_column][\/vc_row]<\/p>\n","protected":false},"author":1,"featured_media":0,"parent":0,"menu_order":0,"comment_status":"closed","ping_status":"closed","template":"","meta":{"_acf_changed":false,"footnotes":"","_links_to":"","_links_to_target":""},"class_list":["post-4591","page","type-page","status-publish","hentry"],"acf":[],"yoast_head":"<!-- This site is optimized with the Yoast SEO plugin v23.5 - https:\/\/yoast.com\/wordpress\/plugins\/seo\/ -->\n<title>Autres saints th\u00e9atins - Teatinos<\/title>\n<meta name=\"robots\" content=\"index, follow, max-snippet:-1, max-image-preview:large, max-video-preview:-1\" \/>\n<link rel=\"canonical\" href=\"https:\/\/teatinos.org\/fr\/autres-saints-theatins\/\" \/>\n<meta property=\"og:locale\" content=\"fr_FR\" \/>\n<meta property=\"og:type\" content=\"article\" \/>\n<meta property=\"og:title\" content=\"Autres saints th\u00e9atins - Teatinos\" \/>\n<meta property=\"og:description\" content=\"[vc_row css=\u00a0\u00bb.vc_custom_1536158360335{padding-right: 10px !important;padding-left: 10px !important;background-color: #f1f5f8 !important;}\u00a0\u00bb][vc_column][vc_empty_space height=\u00a0\u00bb60px\u00a0\u00bb][vc_empty_space height=\u00a0\u00bb80px\u00a0\u00bb][\/vc_column][\/vc_row]\" \/>\n<meta property=\"og:url\" content=\"https:\/\/teatinos.org\/fr\/autres-saints-theatins\/\" \/>\n<meta property=\"og:site_name\" content=\"Teatinos\" \/>\n<meta property=\"article:modified_time\" content=\"2021-05-24T19:28:31+00:00\" \/>\n<meta name=\"twitter:card\" content=\"summary_large_image\" \/>\n<meta name=\"twitter:label1\" content=\"Dur\u00e9e de lecture estim\u00e9e\" \/>\n\t<meta name=\"twitter:data1\" content=\"1 minute\" \/>\n<script type=\"application\/ld+json\" class=\"yoast-schema-graph\">{\"@context\":\"https:\/\/schema.org\",\"@graph\":[{\"@type\":\"WebPage\",\"@id\":\"https:\/\/teatinos.org\/fr\/autres-saints-theatins\/\",\"url\":\"https:\/\/teatinos.org\/fr\/autres-saints-theatins\/\",\"name\":\"Autres saints th\u00e9atins - Teatinos\",\"isPartOf\":{\"@id\":\"https:\/\/teatinos.org\/pt-br\/#website\"},\"datePublished\":\"2018-09-05T12:23:21+00:00\",\"dateModified\":\"2021-05-24T19:28:31+00:00\",\"breadcrumb\":{\"@id\":\"https:\/\/teatinos.org\/fr\/autres-saints-theatins\/#breadcrumb\"},\"inLanguage\":\"fr-FR\",\"potentialAction\":[{\"@type\":\"ReadAction\",\"target\":[\"https:\/\/teatinos.org\/fr\/autres-saints-theatins\/\"]}]},{\"@type\":\"BreadcrumbList\",\"@id\":\"https:\/\/teatinos.org\/fr\/autres-saints-theatins\/#breadcrumb\",\"itemListElement\":[{\"@type\":\"ListItem\",\"position\":1,\"name\":\"Portada\",\"item\":\"https:\/\/teatinos.org\/fr\/\"},{\"@type\":\"ListItem\",\"position\":2,\"name\":\"Autres saints th\u00e9atins\"}]},{\"@type\":\"WebSite\",\"@id\":\"https:\/\/teatinos.org\/pt-br\/#website\",\"url\":\"https:\/\/teatinos.org\/pt-br\/\",\"name\":\"Teatinos\",\"description\":\"Orden de Cl\u00e9rigos Regulares\",\"potentialAction\":[{\"@type\":\"SearchAction\",\"target\":{\"@type\":\"EntryPoint\",\"urlTemplate\":\"https:\/\/teatinos.org\/pt-br\/?s={search_term_string}\"},\"query-input\":{\"@type\":\"PropertyValueSpecification\",\"valueRequired\":true,\"valueName\":\"search_term_string\"}}],\"inLanguage\":\"fr-FR\"}]}<\/script>\n<!-- \/ Yoast SEO plugin. -->","yoast_head_json":{"title":"Autres saints th\u00e9atins - Teatinos","robots":{"index":"index","follow":"follow","max-snippet":"max-snippet:-1","max-image-preview":"max-image-preview:large","max-video-preview":"max-video-preview:-1"},"canonical":"https:\/\/teatinos.org\/fr\/autres-saints-theatins\/","og_locale":"fr_FR","og_type":"article","og_title":"Autres saints th\u00e9atins - Teatinos","og_description":"[vc_row css=\u00a0\u00bb.vc_custom_1536158360335{padding-right: 10px !important;padding-left: 10px !important;background-color: #f1f5f8 !important;}\u00a0\u00bb][vc_column][vc_empty_space height=\u00a0\u00bb60px\u00a0\u00bb][vc_empty_space height=\u00a0\u00bb80px\u00a0\u00bb][\/vc_column][\/vc_row]","og_url":"https:\/\/teatinos.org\/fr\/autres-saints-theatins\/","og_site_name":"Teatinos","article_modified_time":"2021-05-24T19:28:31+00:00","twitter_card":"summary_large_image","twitter_misc":{"Dur\u00e9e de lecture estim\u00e9e":"1 minute"},"schema":{"@context":"https:\/\/schema.org","@graph":[{"@type":"WebPage","@id":"https:\/\/teatinos.org\/fr\/autres-saints-theatins\/","url":"https:\/\/teatinos.org\/fr\/autres-saints-theatins\/","name":"Autres saints th\u00e9atins - Teatinos","isPartOf":{"@id":"https:\/\/teatinos.org\/pt-br\/#website"},"datePublished":"2018-09-05T12:23:21+00:00","dateModified":"2021-05-24T19:28:31+00:00","breadcrumb":{"@id":"https:\/\/teatinos.org\/fr\/autres-saints-theatins\/#breadcrumb"},"inLanguage":"fr-FR","potentialAction":[{"@type":"ReadAction","target":["https:\/\/teatinos.org\/fr\/autres-saints-theatins\/"]}]},{"@type":"BreadcrumbList","@id":"https:\/\/teatinos.org\/fr\/autres-saints-theatins\/#breadcrumb","itemListElement":[{"@type":"ListItem","position":1,"name":"Portada","item":"https:\/\/teatinos.org\/fr\/"},{"@type":"ListItem","position":2,"name":"Autres saints th\u00e9atins"}]},{"@type":"WebSite","@id":"https:\/\/teatinos.org\/pt-br\/#website","url":"https:\/\/teatinos.org\/pt-br\/","name":"Teatinos","description":"Orden de Cl\u00e9rigos Regulares","potentialAction":[{"@type":"SearchAction","target":{"@type":"EntryPoint","urlTemplate":"https:\/\/teatinos.org\/pt-br\/?s={search_term_string}"},"query-input":{"@type":"PropertyValueSpecification","valueRequired":true,"valueName":"search_term_string"}}],"inLanguage":"fr-FR"}]}},"rttpg_featured_image_url":null,"rttpg_author":{"display_name":"admin","author_link":"https:\/\/teatinos.org\/fr\/author\/admin\/"},"rttpg_comment":0,"rttpg_category":" <a href=\"https:\/\/teatinos.org\/fr\/?taxonomy=translation_priority&#038;term=facultatif\" rel=\"tag\">Facultatif<\/a>","rttpg_excerpt":"[vc_row css=\u00a0\u00bb.vc_custom_1536158360335{padding-right: 10px !important;padding-left: 10px !important;background-color: #f1f5f8 !important;}\u00a0\u00bb][vc_column][vc_empty_space height=\u00a0\u00bb60px\u00a0\u00bb][vc_empty_space height=\u00a0\u00bb80px\u00a0\u00bb][\/vc_column][\/vc_row]","_links":{"self":[{"href":"https:\/\/teatinos.org\/fr\/wp-json\/wp\/v2\/pages\/4591","targetHints":{"allow":["GET"]}}],"collection":[{"href":"https:\/\/teatinos.org\/fr\/wp-json\/wp\/v2\/pages"}],"about":[{"href":"https:\/\/teatinos.org\/fr\/wp-json\/wp\/v2\/types\/page"}],"author":[{"embeddable":true,"href":"https:\/\/teatinos.org\/fr\/wp-json\/wp\/v2\/users\/1"}],"replies":[{"embeddable":true,"href":"https:\/\/teatinos.org\/fr\/wp-json\/wp\/v2\/comments?post=4591"}],"version-history":[{"count":10,"href":"https:\/\/teatinos.org\/fr\/wp-json\/wp\/v2\/pages\/4591\/revisions"}],"predecessor-version":[{"id":7187,"href":"https:\/\/teatinos.org\/fr\/wp-json\/wp\/v2\/pages\/4591\/revisions\/7187"}],"wp:attachment":[{"href":"https:\/\/teatinos.org\/fr\/wp-json\/wp\/v2\/media?parent=4591"}],"curies":[{"name":"wp","href":"https:\/\/api.w.org\/{rel}","templated":true}]}}