{"id":4568,"date":"2018-08-28T21:55:44","date_gmt":"2018-08-28T21:55:44","guid":{"rendered":"http:\/\/teatinos.org\/pablo-burali-darezzo\/"},"modified":"2020-03-03T13:06:22","modified_gmt":"2020-03-03T13:06:22","slug":"paul-burali-darezzo","status":"publish","type":"page","link":"https:\/\/teatinos.org\/fr\/paul-burali-darezzo\/","title":{"rendered":"Paul Burali d&rsquo;Arezzo"},"content":{"rendered":"<p>[vc_row css=\u00a0\u00bb.vc_custom_1459790702196{padding-top: 100px !important;padding-bottom: 100px !important;}\u00a0\u00bb][vc_column]<div class=\"container \">[vc_row_inner][vc_column_inner][vc_column_text]Scipion Burali d&rsquo;Arezzo, fils de Paul et de Victoire Olivares, est n\u00e9 \u00e0 Itri ( Gaeta, en Italie ), en 1511. \u00c9tant re\u00e7u laur\u00e9at en droit civil \u00e0 l&rsquo;Universit\u00e9 de Bologne, il d\u00e9veloppa \u00e0 Naples son activit\u00e9 li\u00e9e au tribunal avec soin et rectitude. Le vice-roi le nomma Conseiller Royal de l&rsquo;\u00c9tat, du fait de son prestige dans le milieu judiciaire.<br \/>\nCependant, la Providence a pr\u00e9vu d&rsquo;autres \u00ab\u00a0tribunaux\u00a0\u00bb pour lui. Au nom d&rsquo;une plus grande perfection de vie Scipion laissa son m\u00e9tier de fonctionnaire royal pour s&#8217;embarquer vers d&rsquo;autres plages, celles du clerg\u00e9 r\u00e9gulier des Th\u00e9atins. Il avait 46 ans. Il entra en 1557 \u00e0 la Maison th\u00e9atine de Saint Paul le Grand, \u00e0 Naples. Il fit sa profession dans l&rsquo;Ordre des Th\u00e9atins, le 2 f\u00e9vrier 1558, en portant le nom de \u00ab\u00a0Paul\u00a0\u00bb. Il eut comme Ma\u00eetre des Novices le Bienheureux Jean Marinoni et comme co-novice Saint Andr\u00e9 Avelino qui avait beaucoup de respect pour Paul, le consid\u00e9rant plus noble, plus savant et plus virtueux que lui.<\/p>\n<p>De son c\u00f4t\u00e9, le Pape Saint Pie V le nomma \u00e9v\u00eaque de Piacenza, le 23 juin 1568 et pendant le Consistoire du 17 mai 1570, il l&rsquo;institua Cardinal avec le titre de Sainte Pudenziana.<\/p>\n<p>\u00c0 Piacenza, il se mit en avant pour mettre en pratique les r\u00e9formes propos\u00e9es par le Concile de Trente. Dans cette t\u00e2che, il compta sur l&rsquo;aide de Saint Andr\u00e9 Avelino. Il fonda le S\u00e9minaire Conciliaire dioc\u00e9sain et il s&rsquo;effor\u00e7a de r\u00e9nover le clerg\u00e9 de son dioc\u00e8se. C&rsquo;est pour cette raison qu&rsquo;il appela les P\u00e8res R\u00e9guliers Th\u00e9atins afin de l&rsquo;assister dans cette t\u00e2che. Comme caract\u00e9ristique de son minist\u00e8re \u00e9piscopal, conjointement \u00e0 son souci pour la formation du clerg\u00e9, on rappelle son int\u00e9r\u00eat pour la sanctification du la\u00efcat, ce qui le poussa \u00e0 promouvoir la cat\u00e9ch\u00e8se et l&rsquo;organisation de diff\u00e9rentes associations de fid\u00e8les. Une autre facette de son travail est l&rsquo;attention aux pauvres, aux personnes marginales et \u00e0 la conversion des coutumes chr\u00e9tiennes dans sa juridiction dioc\u00e9saine.<\/p>\n<p>Le Pape Gr\u00e9goire XIII l&rsquo;appela au si\u00e8ge archi\u00e9piscopal de Naples, en 1576. L\u00e0, \u00e9galement, il fit montre de son esprit r\u00e9formateur, de telle mani\u00e8re que le Cardinal Ascanio Filomarino, un si\u00e8cle apr\u00e8s, pouvait affirmer que Paul Burali \u00ab\u00a0remit \u00e0 leur place la dignit\u00e9 et la juridiction archi\u00e9piscopale avec la force et l&rsquo;exemple de sa saintet\u00e9 de vie et avec l&rsquo;intr\u00e9pidit\u00e9 qu&rsquo;il r\u00e9v\u00e9la \u00e0 maintes reprises \u00ab\u00a0. Dans la ville parth\u00e9nop\u00e9enne, la mort le rencontra le 17 juin 1578. En l&rsquo;\u00e9glise Saint Paul le Grand repose sa d\u00e9pouille mortelle. Il fut b\u00e9atifi\u00e9 par le Pape Cl\u00e9ment XIV, le 17 mai 1772. Sa f\u00eate se c\u00e9l\u00e8bre le 17 juin.[\/vc_column_text][\/vc_column_inner][\/vc_row_inner]<div class=\"portfolio\"><div id=\"js-grid-awesome-work\" class=\"col-3\"><\/div><\/div>[vc_empty_space height=\u00a0\u00bb80px\u00a0\u00bb]<\/div>[\/vc_column][\/vc_row][vc_row][vc_column][vc_column_text]<\/p>\n<p>[\/vc_column_text][\/vc_column][\/vc_row][vc_row][vc_column][\/vc_column][\/vc_row]<\/p>\n","protected":false},"excerpt":{"rendered":"<p>[vc_row css=\u00a0\u00bb.vc_custom_1459790702196{padding-top: 100px !important;padding-bottom: 100px !important;}\u00a0\u00bb][vc_column][\/vc_column][\/vc_row][vc_row][vc_column][vc_column_text] [\/vc_column_text][\/vc_column][\/vc_row][vc_row][vc_column][\/vc_column][\/vc_row]<\/p>\n","protected":false},"author":1,"featured_media":0,"parent":0,"menu_order":0,"comment_status":"closed","ping_status":"closed","template":"","meta":{"_acf_changed":false,"footnotes":"","_links_to":"","_links_to_target":""},"class_list":["post-4568","page","type-page","status-publish","hentry"],"acf":[],"yoast_head":"<!-- This site is optimized with the Yoast SEO plugin v23.5 - https:\/\/yoast.com\/wordpress\/plugins\/seo\/ -->\n<title>Paul Burali d&#039;Arezzo - Teatinos<\/title>\n<meta name=\"robots\" content=\"index, follow, max-snippet:-1, max-image-preview:large, max-video-preview:-1\" \/>\n<link rel=\"canonical\" href=\"https:\/\/teatinos.org\/fr\/paul-burali-darezzo\/\" \/>\n<meta property=\"og:locale\" content=\"fr_FR\" \/>\n<meta property=\"og:type\" content=\"article\" \/>\n<meta property=\"og:title\" content=\"Paul Burali d&#039;Arezzo - Teatinos\" \/>\n<meta property=\"og:description\" content=\"[vc_row css=\u00a0\u00bb.vc_custom_1459790702196{padding-top: 100px !important;padding-bottom: 100px !important;}\u00a0\u00bb][vc_column][\/vc_column][\/vc_row][vc_row][vc_column][vc_column_text] [\/vc_column_text][\/vc_column][\/vc_row][vc_row][vc_column][\/vc_column][\/vc_row]\" \/>\n<meta property=\"og:url\" content=\"https:\/\/teatinos.org\/fr\/paul-burali-darezzo\/\" \/>\n<meta property=\"og:site_name\" content=\"Teatinos\" \/>\n<meta property=\"article:modified_time\" content=\"2020-03-03T13:06:22+00:00\" \/>\n<meta name=\"twitter:card\" content=\"summary_large_image\" \/>\n<meta name=\"twitter:label1\" content=\"Dur\u00e9e de lecture estim\u00e9e\" \/>\n\t<meta name=\"twitter:data1\" content=\"3 minutes\" \/>\n<script type=\"application\/ld+json\" class=\"yoast-schema-graph\">{\"@context\":\"https:\/\/schema.org\",\"@graph\":[{\"@type\":\"WebPage\",\"@id\":\"https:\/\/teatinos.org\/fr\/paul-burali-darezzo\/\",\"url\":\"https:\/\/teatinos.org\/fr\/paul-burali-darezzo\/\",\"name\":\"Paul Burali d'Arezzo - Teatinos\",\"isPartOf\":{\"@id\":\"https:\/\/teatinos.org\/pt-br\/#website\"},\"datePublished\":\"2018-08-28T21:55:44+00:00\",\"dateModified\":\"2020-03-03T13:06:22+00:00\",\"breadcrumb\":{\"@id\":\"https:\/\/teatinos.org\/fr\/paul-burali-darezzo\/#breadcrumb\"},\"inLanguage\":\"fr-FR\",\"potentialAction\":[{\"@type\":\"ReadAction\",\"target\":[\"https:\/\/teatinos.org\/fr\/paul-burali-darezzo\/\"]}]},{\"@type\":\"BreadcrumbList\",\"@id\":\"https:\/\/teatinos.org\/fr\/paul-burali-darezzo\/#breadcrumb\",\"itemListElement\":[{\"@type\":\"ListItem\",\"position\":1,\"name\":\"Portada\",\"item\":\"https:\/\/teatinos.org\/fr\/\"},{\"@type\":\"ListItem\",\"position\":2,\"name\":\"Paul Burali d&rsquo;Arezzo\"}]},{\"@type\":\"WebSite\",\"@id\":\"https:\/\/teatinos.org\/pt-br\/#website\",\"url\":\"https:\/\/teatinos.org\/pt-br\/\",\"name\":\"Teatinos\",\"description\":\"Orden de Cl\u00e9rigos Regulares\",\"potentialAction\":[{\"@type\":\"SearchAction\",\"target\":{\"@type\":\"EntryPoint\",\"urlTemplate\":\"https:\/\/teatinos.org\/pt-br\/?s={search_term_string}\"},\"query-input\":{\"@type\":\"PropertyValueSpecification\",\"valueRequired\":true,\"valueName\":\"search_term_string\"}}],\"inLanguage\":\"fr-FR\"}]}<\/script>\n<!-- \/ Yoast SEO plugin. -->","yoast_head_json":{"title":"Paul Burali d'Arezzo - Teatinos","robots":{"index":"index","follow":"follow","max-snippet":"max-snippet:-1","max-image-preview":"max-image-preview:large","max-video-preview":"max-video-preview:-1"},"canonical":"https:\/\/teatinos.org\/fr\/paul-burali-darezzo\/","og_locale":"fr_FR","og_type":"article","og_title":"Paul Burali d'Arezzo - Teatinos","og_description":"[vc_row css=\u00a0\u00bb.vc_custom_1459790702196{padding-top: 100px !important;padding-bottom: 100px !important;}\u00a0\u00bb][vc_column][\/vc_column][\/vc_row][vc_row][vc_column][vc_column_text] [\/vc_column_text][\/vc_column][\/vc_row][vc_row][vc_column][\/vc_column][\/vc_row]","og_url":"https:\/\/teatinos.org\/fr\/paul-burali-darezzo\/","og_site_name":"Teatinos","article_modified_time":"2020-03-03T13:06:22+00:00","twitter_card":"summary_large_image","twitter_misc":{"Dur\u00e9e de lecture estim\u00e9e":"3 minutes"},"schema":{"@context":"https:\/\/schema.org","@graph":[{"@type":"WebPage","@id":"https:\/\/teatinos.org\/fr\/paul-burali-darezzo\/","url":"https:\/\/teatinos.org\/fr\/paul-burali-darezzo\/","name":"Paul Burali d'Arezzo - Teatinos","isPartOf":{"@id":"https:\/\/teatinos.org\/pt-br\/#website"},"datePublished":"2018-08-28T21:55:44+00:00","dateModified":"2020-03-03T13:06:22+00:00","breadcrumb":{"@id":"https:\/\/teatinos.org\/fr\/paul-burali-darezzo\/#breadcrumb"},"inLanguage":"fr-FR","potentialAction":[{"@type":"ReadAction","target":["https:\/\/teatinos.org\/fr\/paul-burali-darezzo\/"]}]},{"@type":"BreadcrumbList","@id":"https:\/\/teatinos.org\/fr\/paul-burali-darezzo\/#breadcrumb","itemListElement":[{"@type":"ListItem","position":1,"name":"Portada","item":"https:\/\/teatinos.org\/fr\/"},{"@type":"ListItem","position":2,"name":"Paul Burali d&rsquo;Arezzo"}]},{"@type":"WebSite","@id":"https:\/\/teatinos.org\/pt-br\/#website","url":"https:\/\/teatinos.org\/pt-br\/","name":"Teatinos","description":"Orden de Cl\u00e9rigos Regulares","potentialAction":[{"@type":"SearchAction","target":{"@type":"EntryPoint","urlTemplate":"https:\/\/teatinos.org\/pt-br\/?s={search_term_string}"},"query-input":{"@type":"PropertyValueSpecification","valueRequired":true,"valueName":"search_term_string"}}],"inLanguage":"fr-FR"}]}},"rttpg_featured_image_url":null,"rttpg_author":{"display_name":"admin","author_link":"https:\/\/teatinos.org\/fr\/author\/admin\/"},"rttpg_comment":0,"rttpg_category":false,"rttpg_excerpt":"[vc_row css=\u00a0\u00bb.vc_custom_1459790702196{padding-top: 100px !important;padding-bottom: 100px !important;}\u00a0\u00bb][vc_column][\/vc_column][\/vc_row][vc_row][vc_column][vc_column_text] [\/vc_column_text][\/vc_column][\/vc_row][vc_row][vc_column][\/vc_column][\/vc_row]","_links":{"self":[{"href":"https:\/\/teatinos.org\/fr\/wp-json\/wp\/v2\/pages\/4568","targetHints":{"allow":["GET"]}}],"collection":[{"href":"https:\/\/teatinos.org\/fr\/wp-json\/wp\/v2\/pages"}],"about":[{"href":"https:\/\/teatinos.org\/fr\/wp-json\/wp\/v2\/types\/page"}],"author":[{"embeddable":true,"href":"https:\/\/teatinos.org\/fr\/wp-json\/wp\/v2\/users\/1"}],"replies":[{"embeddable":true,"href":"https:\/\/teatinos.org\/fr\/wp-json\/wp\/v2\/comments?post=4568"}],"version-history":[{"count":4,"href":"https:\/\/teatinos.org\/fr\/wp-json\/wp\/v2\/pages\/4568\/revisions"}],"predecessor-version":[{"id":4602,"href":"https:\/\/teatinos.org\/fr\/wp-json\/wp\/v2\/pages\/4568\/revisions\/4602"}],"wp:attachment":[{"href":"https:\/\/teatinos.org\/fr\/wp-json\/wp\/v2\/media?parent=4568"}],"curies":[{"name":"wp","href":"https:\/\/api.w.org\/{rel}","templated":true}]}}