{"id":4564,"date":"2018-08-28T21:51:03","date_gmt":"2018-08-28T21:51:03","guid":{"rendered":"http:\/\/teatinos.org\/juan-marinoni\/"},"modified":"2020-03-03T12:56:02","modified_gmt":"2020-03-03T12:56:02","slug":"jean-marinoni","status":"publish","type":"page","link":"https:\/\/teatinos.org\/fr\/jean-marinoni\/","title":{"rendered":"Jean Marinoni"},"content":{"rendered":"<p>[vc_row css=\u00a0\u00bb.vc_custom_1459790702196{padding-top: 100px !important;padding-bottom: 100px !important;}\u00a0\u00bb][vc_column]<div class=\"container \">[vc_row_inner][vc_column_inner][vc_column_text]Fran\u00e7ois Marinoni, fils de Bernardin et d&rsquo;Isabelle Marinoni, est n\u00e9 \u00e0 Venise ( en Italie ), en 1490. Il re\u00e7ut l&rsquo;ordination sacerdotale en 1515, et en 1521, il se distingua avec le titre de Chanoine de l&rsquo;\u00e9glise Saint Marc. Il fr\u00e9quenta l&rsquo;H\u00f4pital des Incurables de Venise, H\u00f4pital que Saint Ga\u00ebtan avait fond\u00e9 en 1522. Fascin\u00e9 par l&rsquo;exemple de celui-ci, il entra dans la Maison des Th\u00e9atins \u00e0 Venise. Dans cette Maison, il fit sa profession religieuse le 29 mai 1530 entre les mains de Ga\u00ebtan et pris le nom de \u00ab\u00a0Jean\u00a0\u00bb.<\/p>\n<p>Avec Saint Ga\u00ebtan, il quitta Venise en 1533 pour se diriger vers Naples, pour y fonder une Maison. Dans cette ville du V\u00e9suve, il y resta presque toute sa vie en se consacrant \u00e0 la pri\u00e8re, au soin des \u00e2mes, \u00e0 la pr\u00e9dication et \u00e0 la formation des candidats \u00e0 la vie th\u00e9atine. Avec fermet\u00e9, il renon\u00e7a \u00e0 prendre en charge l&rsquo;archidioc\u00e8se de Naples, minist\u00e8re \u00e9piscopal que le Pape th\u00e9atin Paul IV lui avait offert.<\/p>\n<p>Avec le m\u00eame \u00e9lan qu&rsquo;il avait dans son travail au sein de la Communaut\u00e9 religieuse, il mena un courageux apostolat parmi les plus humbles. En voyant toutes les peines dont ceux-ci souffraient \u00e0 cause des pr\u00eats \u00e0 int\u00e9r\u00eat qui les encha\u00eenaient \u00e0 l&rsquo;avarice des pr\u00eateurs sur gages, il inflen\u00e7a un bon nombre de la\u00efcs qu&rsquo;il accompagnait spirituellement afin qu&rsquo;ils donnent vie au \u00ab\u00a0Mont de Pi\u00e9t\u00e9 \u00ab\u00a0, pour contrecarrer cet abus.<\/p>\n<p>Il mourut saintement \u00e0 Naples, le 13 d\u00e9cembre 1562 et il fut enterr\u00e9 dans le cimeti\u00e8re du couvent de Saint Paul le Grand, \u00e0 Naples o\u00f9 l&rsquo;on peut v\u00e9n\u00e9rer sa d\u00e9pouille, au c\u00f4t\u00e9 de celle de Saint Ga\u00ebtan, qui fut un infatigable compagnon et que l&rsquo;on appela \u00ab\u00a0l&rsquo;ange en chair et en os \u00ab\u00a0. Son disciple Saint Andr\u00e9 Avelino se souvient aussi de lui comme de quelqu&rsquo;un qui irradiait la paix et la s\u00e9r\u00e9nit\u00e9 parce que Dieu \u00e9tait avec lui. Le Pape Cl\u00e9ment XIII reconnut et approuva le culte de \u00ab\u00a0Bienheureux\u00a0\u00bb qu&rsquo;on lui rendait d\u00e9j\u00e0 dans des temps immom\u00e9riaux. La date \u00e0 laquelle on se souvient de lui liturgiquement est le 12 d\u00e9cembre.[\/vc_column_text][\/vc_column_inner][\/vc_row_inner]<div class=\"portfolio\"><div id=\"js-grid-awesome-work\" class=\"col-3\"><\/div><\/div>[vc_empty_space height=\u00a0\u00bb80px\u00a0\u00bb]<\/div>[\/vc_column][\/vc_row][vc_row][vc_column][vc_column_text]<\/p>\n<p>[\/vc_column_text][\/vc_column][\/vc_row][vc_row][vc_column][\/vc_column][\/vc_row]<\/p>\n","protected":false},"excerpt":{"rendered":"<p>[vc_row css=\u00a0\u00bb.vc_custom_1459790702196{padding-top: 100px !important;padding-bottom: 100px !important;}\u00a0\u00bb][vc_column][\/vc_column][\/vc_row][vc_row][vc_column][vc_column_text] [\/vc_column_text][\/vc_column][\/vc_row][vc_row][vc_column][\/vc_column][\/vc_row]<\/p>\n","protected":false},"author":1,"featured_media":0,"parent":0,"menu_order":0,"comment_status":"closed","ping_status":"closed","template":"","meta":{"_acf_changed":false,"footnotes":"","_links_to":"","_links_to_target":""},"class_list":["post-4564","page","type-page","status-publish","hentry"],"acf":[],"yoast_head":"<!-- This site is optimized with the Yoast SEO plugin v23.5 - https:\/\/yoast.com\/wordpress\/plugins\/seo\/ -->\n<title>Jean Marinoni - Teatinos<\/title>\n<meta name=\"robots\" content=\"index, follow, max-snippet:-1, max-image-preview:large, max-video-preview:-1\" \/>\n<link rel=\"canonical\" href=\"https:\/\/teatinos.org\/fr\/jean-marinoni\/\" \/>\n<meta property=\"og:locale\" content=\"fr_FR\" \/>\n<meta property=\"og:type\" content=\"article\" \/>\n<meta property=\"og:title\" content=\"Jean Marinoni - Teatinos\" \/>\n<meta property=\"og:description\" content=\"[vc_row css=\u00a0\u00bb.vc_custom_1459790702196{padding-top: 100px !important;padding-bottom: 100px !important;}\u00a0\u00bb][vc_column][\/vc_column][\/vc_row][vc_row][vc_column][vc_column_text] [\/vc_column_text][\/vc_column][\/vc_row][vc_row][vc_column][\/vc_column][\/vc_row]\" \/>\n<meta property=\"og:url\" content=\"https:\/\/teatinos.org\/fr\/jean-marinoni\/\" \/>\n<meta property=\"og:site_name\" content=\"Teatinos\" \/>\n<meta property=\"article:modified_time\" content=\"2020-03-03T12:56:02+00:00\" \/>\n<meta name=\"twitter:card\" content=\"summary_large_image\" \/>\n<meta name=\"twitter:label1\" content=\"Dur\u00e9e de lecture estim\u00e9e\" \/>\n\t<meta name=\"twitter:data1\" content=\"2 minutes\" \/>\n<script type=\"application\/ld+json\" class=\"yoast-schema-graph\">{\"@context\":\"https:\/\/schema.org\",\"@graph\":[{\"@type\":\"WebPage\",\"@id\":\"https:\/\/teatinos.org\/fr\/jean-marinoni\/\",\"url\":\"https:\/\/teatinos.org\/fr\/jean-marinoni\/\",\"name\":\"Jean Marinoni - Teatinos\",\"isPartOf\":{\"@id\":\"https:\/\/teatinos.org\/pt-br\/#website\"},\"datePublished\":\"2018-08-28T21:51:03+00:00\",\"dateModified\":\"2020-03-03T12:56:02+00:00\",\"breadcrumb\":{\"@id\":\"https:\/\/teatinos.org\/fr\/jean-marinoni\/#breadcrumb\"},\"inLanguage\":\"fr-FR\",\"potentialAction\":[{\"@type\":\"ReadAction\",\"target\":[\"https:\/\/teatinos.org\/fr\/jean-marinoni\/\"]}]},{\"@type\":\"BreadcrumbList\",\"@id\":\"https:\/\/teatinos.org\/fr\/jean-marinoni\/#breadcrumb\",\"itemListElement\":[{\"@type\":\"ListItem\",\"position\":1,\"name\":\"Portada\",\"item\":\"https:\/\/teatinos.org\/fr\/\"},{\"@type\":\"ListItem\",\"position\":2,\"name\":\"Jean Marinoni\"}]},{\"@type\":\"WebSite\",\"@id\":\"https:\/\/teatinos.org\/pt-br\/#website\",\"url\":\"https:\/\/teatinos.org\/pt-br\/\",\"name\":\"Teatinos\",\"description\":\"Orden de Cl\u00e9rigos Regulares\",\"potentialAction\":[{\"@type\":\"SearchAction\",\"target\":{\"@type\":\"EntryPoint\",\"urlTemplate\":\"https:\/\/teatinos.org\/pt-br\/?s={search_term_string}\"},\"query-input\":{\"@type\":\"PropertyValueSpecification\",\"valueRequired\":true,\"valueName\":\"search_term_string\"}}],\"inLanguage\":\"fr-FR\"}]}<\/script>\n<!-- \/ Yoast SEO plugin. -->","yoast_head_json":{"title":"Jean Marinoni - Teatinos","robots":{"index":"index","follow":"follow","max-snippet":"max-snippet:-1","max-image-preview":"max-image-preview:large","max-video-preview":"max-video-preview:-1"},"canonical":"https:\/\/teatinos.org\/fr\/jean-marinoni\/","og_locale":"fr_FR","og_type":"article","og_title":"Jean Marinoni - Teatinos","og_description":"[vc_row css=\u00a0\u00bb.vc_custom_1459790702196{padding-top: 100px !important;padding-bottom: 100px !important;}\u00a0\u00bb][vc_column][\/vc_column][\/vc_row][vc_row][vc_column][vc_column_text] [\/vc_column_text][\/vc_column][\/vc_row][vc_row][vc_column][\/vc_column][\/vc_row]","og_url":"https:\/\/teatinos.org\/fr\/jean-marinoni\/","og_site_name":"Teatinos","article_modified_time":"2020-03-03T12:56:02+00:00","twitter_card":"summary_large_image","twitter_misc":{"Dur\u00e9e de lecture estim\u00e9e":"2 minutes"},"schema":{"@context":"https:\/\/schema.org","@graph":[{"@type":"WebPage","@id":"https:\/\/teatinos.org\/fr\/jean-marinoni\/","url":"https:\/\/teatinos.org\/fr\/jean-marinoni\/","name":"Jean Marinoni - Teatinos","isPartOf":{"@id":"https:\/\/teatinos.org\/pt-br\/#website"},"datePublished":"2018-08-28T21:51:03+00:00","dateModified":"2020-03-03T12:56:02+00:00","breadcrumb":{"@id":"https:\/\/teatinos.org\/fr\/jean-marinoni\/#breadcrumb"},"inLanguage":"fr-FR","potentialAction":[{"@type":"ReadAction","target":["https:\/\/teatinos.org\/fr\/jean-marinoni\/"]}]},{"@type":"BreadcrumbList","@id":"https:\/\/teatinos.org\/fr\/jean-marinoni\/#breadcrumb","itemListElement":[{"@type":"ListItem","position":1,"name":"Portada","item":"https:\/\/teatinos.org\/fr\/"},{"@type":"ListItem","position":2,"name":"Jean Marinoni"}]},{"@type":"WebSite","@id":"https:\/\/teatinos.org\/pt-br\/#website","url":"https:\/\/teatinos.org\/pt-br\/","name":"Teatinos","description":"Orden de Cl\u00e9rigos Regulares","potentialAction":[{"@type":"SearchAction","target":{"@type":"EntryPoint","urlTemplate":"https:\/\/teatinos.org\/pt-br\/?s={search_term_string}"},"query-input":{"@type":"PropertyValueSpecification","valueRequired":true,"valueName":"search_term_string"}}],"inLanguage":"fr-FR"}]}},"rttpg_featured_image_url":null,"rttpg_author":{"display_name":"admin","author_link":"https:\/\/teatinos.org\/fr\/author\/admin\/"},"rttpg_comment":0,"rttpg_category":false,"rttpg_excerpt":"[vc_row css=\u00a0\u00bb.vc_custom_1459790702196{padding-top: 100px !important;padding-bottom: 100px !important;}\u00a0\u00bb][vc_column][\/vc_column][\/vc_row][vc_row][vc_column][vc_column_text] [\/vc_column_text][\/vc_column][\/vc_row][vc_row][vc_column][\/vc_column][\/vc_row]","_links":{"self":[{"href":"https:\/\/teatinos.org\/fr\/wp-json\/wp\/v2\/pages\/4564","targetHints":{"allow":["GET"]}}],"collection":[{"href":"https:\/\/teatinos.org\/fr\/wp-json\/wp\/v2\/pages"}],"about":[{"href":"https:\/\/teatinos.org\/fr\/wp-json\/wp\/v2\/types\/page"}],"author":[{"embeddable":true,"href":"https:\/\/teatinos.org\/fr\/wp-json\/wp\/v2\/users\/1"}],"replies":[{"embeddable":true,"href":"https:\/\/teatinos.org\/fr\/wp-json\/wp\/v2\/comments?post=4564"}],"version-history":[{"count":3,"href":"https:\/\/teatinos.org\/fr\/wp-json\/wp\/v2\/pages\/4564\/revisions"}],"predecessor-version":[{"id":4601,"href":"https:\/\/teatinos.org\/fr\/wp-json\/wp\/v2\/pages\/4564\/revisions\/4601"}],"wp:attachment":[{"href":"https:\/\/teatinos.org\/fr\/wp-json\/wp\/v2\/media?parent=4564"}],"curies":[{"name":"wp","href":"https:\/\/api.w.org\/{rel}","templated":true}]}}