{"id":4560,"date":"2018-08-28T16:14:27","date_gmt":"2018-08-28T16:14:27","guid":{"rendered":"http:\/\/teatinos.org\/san-jose-maria-tomasi\/"},"modified":"2021-05-24T18:18:04","modified_gmt":"2021-05-24T18:18:04","slug":"saint-joseph-marie-tomasi","status":"publish","type":"page","link":"https:\/\/teatinos.org\/fr\/saint-joseph-marie-tomasi\/","title":{"rendered":"Saint Joseph Marie Tomasi"},"content":{"rendered":"<p>[vc_row css=\u00a0\u00bb.vc_custom_1459790702196{padding-top: 100px !important;padding-bottom: 100px !important;}\u00a0\u00bb][vc_column]<div class=\"container \">[vc_row_inner][vc_column_inner width=\u00a0\u00bb5\/12&Prime;][vc_empty_space height=\u00a0\u00bb8px\u00a0\u00bb][vc_single_image image=\u00a0\u00bb7109&Prime; img_size=\u00a0\u00bb600&#215;760&Prime;][\/vc_column_inner][vc_column_inner width=\u00a0\u00bb7\/12&Prime;][vc_column_text]Joseph Marie Tomasi faisait partie de la noble famille des Princes de Lampedusa. Il est n\u00e9 \u00e0 Licata ( \u00e0 Agrigento, en Italie ), le 12 septembre 1649.<\/p>\n<p>Ses parents furent Jules Tomasi-Caro et Rosalie Traina Drago. D\u00e8s son plus jeune \u00e2ge, Joseph Marie montra une profonde inclination pour les choses eccl\u00e9siastiques qui se sont transform\u00e9es peu \u00e0 peu en amour pour la sainte liturgie.<br \/>\nSaint Joseph Marie Tomasi renon\u00e7a \u00e0 tous ses biens et droits nobiliaires et il entra dans l&rsquo;Ordre des Pr\u00eatres R\u00e9guliers Th\u00e9atins, en pronon\u00e7ant ses voeux dans la Maison de Palerme, le 25 mars 1666. En 1673, il fut ordonn\u00e9 pr\u00eatre, en se consacrant enti\u00e8rement \u00e0 la recherche et \u00e0 l&rsquo;\u00e9tude des sources et des monuments qui ont pos\u00e9 les bases de la liturgie chr\u00e9tienne. Par son travail d&rsquo;\u00e9rudit, il fut salu\u00e9 comme \u00ab\u00a0Prince de la Liturgie Romaine \u00ab\u00a0.<\/p>\n<p>Dans la perspective de sa t\u00e2che scientifique, le plus grand int\u00e9r\u00eat du th\u00e9atin sicilien fut de permettre aux fid\u00e8les de participer aux c\u00e9l\u00e9brations liturgiques de mani\u00e8re active et intelligente, de telle sorte qu&rsquo;ils puissent mieux en profiter pour le d\u00e9veloppement de leur vie morale. En ce sens, les intuitions de Saint Joseph Marie Tomasi ont anticip\u00e9 les r\u00e9solutions qui seront mises en pratique par le Concile de Vatican II ( 1962-1965 ).<\/p>\n<p>Le Pape Cl\u00e9ment XI le nomma Cardinal pendant le Consistoire du 18 mai 1712 avec le titre des Saints Silvestre et Martin des Monts. Depuis la dignit\u00e9 cardinalice, il se pr\u00e9occupa de m\u00eame d&rsquo;impulser la beaut\u00e9 du culte divin, aussi bien dans les formes rituelles que dans les espaces d\u00e9di\u00e9s \u00e0 cet effet.<br \/>\nDe plus, il anima la cat\u00e9ch\u00e8se des enfants et l&rsquo;attention aux pauvres.[\/vc_column_text][\/vc_column_inner][\/vc_row_inner][vc_column_text]Il mourut \u00e0 Rome, le 1er janvier 1713. B\u00e9atifi\u00e9 par le Pape Pie VII en 1803, il fut canonis\u00e9 par Saint Jean-Paul II, le 12 octobre 1986. Les reliques de son corps se v\u00e9n\u00e8rent dans la Basilique de Sant&rsquo;Andrea della Valle, \u00e0 Rome. Sa f\u00eate liturgique est le 3 janvier.[\/vc_column_text]<\/div>[\/vc_column][\/vc_row]<\/p>\n","protected":false},"excerpt":{"rendered":"<p>[vc_row css=\u00a0\u00bb.vc_custom_1459790702196{padding-top: 100px !important;padding-bottom: 100px !important;}\u00a0\u00bb][vc_column][\/vc_column][\/vc_row]<\/p>\n","protected":false},"author":1,"featured_media":0,"parent":0,"menu_order":0,"comment_status":"closed","ping_status":"closed","template":"","meta":{"_acf_changed":false,"footnotes":"","_links_to":"","_links_to_target":""},"class_list":["post-4560","page","type-page","status-publish","hentry"],"acf":[],"yoast_head":"<!-- This site is optimized with the Yoast SEO plugin v23.5 - https:\/\/yoast.com\/wordpress\/plugins\/seo\/ -->\n<title>Saint Joseph Marie Tomasi - Teatinos<\/title>\n<meta name=\"robots\" content=\"index, follow, max-snippet:-1, max-image-preview:large, max-video-preview:-1\" \/>\n<link rel=\"canonical\" href=\"https:\/\/teatinos.org\/fr\/saint-joseph-marie-tomasi\/\" \/>\n<meta property=\"og:locale\" content=\"fr_FR\" \/>\n<meta property=\"og:type\" content=\"article\" \/>\n<meta property=\"og:title\" content=\"Saint Joseph Marie Tomasi - Teatinos\" \/>\n<meta property=\"og:description\" content=\"[vc_row css=\u00a0\u00bb.vc_custom_1459790702196{padding-top: 100px !important;padding-bottom: 100px !important;}\u00a0\u00bb][vc_column][\/vc_column][\/vc_row]\" \/>\n<meta property=\"og:url\" content=\"https:\/\/teatinos.org\/fr\/saint-joseph-marie-tomasi\/\" \/>\n<meta property=\"og:site_name\" content=\"Teatinos\" \/>\n<meta property=\"article:modified_time\" content=\"2021-05-24T18:18:04+00:00\" \/>\n<meta name=\"twitter:card\" content=\"summary_large_image\" \/>\n<meta name=\"twitter:label1\" content=\"Dur\u00e9e de lecture estim\u00e9e\" \/>\n\t<meta name=\"twitter:data1\" content=\"2 minutes\" \/>\n<script type=\"application\/ld+json\" class=\"yoast-schema-graph\">{\"@context\":\"https:\/\/schema.org\",\"@graph\":[{\"@type\":\"WebPage\",\"@id\":\"https:\/\/teatinos.org\/fr\/saint-joseph-marie-tomasi\/\",\"url\":\"https:\/\/teatinos.org\/fr\/saint-joseph-marie-tomasi\/\",\"name\":\"Saint Joseph Marie Tomasi - Teatinos\",\"isPartOf\":{\"@id\":\"https:\/\/teatinos.org\/pt-br\/#website\"},\"datePublished\":\"2018-08-28T16:14:27+00:00\",\"dateModified\":\"2021-05-24T18:18:04+00:00\",\"breadcrumb\":{\"@id\":\"https:\/\/teatinos.org\/fr\/saint-joseph-marie-tomasi\/#breadcrumb\"},\"inLanguage\":\"fr-FR\",\"potentialAction\":[{\"@type\":\"ReadAction\",\"target\":[\"https:\/\/teatinos.org\/fr\/saint-joseph-marie-tomasi\/\"]}]},{\"@type\":\"BreadcrumbList\",\"@id\":\"https:\/\/teatinos.org\/fr\/saint-joseph-marie-tomasi\/#breadcrumb\",\"itemListElement\":[{\"@type\":\"ListItem\",\"position\":1,\"name\":\"Portada\",\"item\":\"https:\/\/teatinos.org\/fr\/\"},{\"@type\":\"ListItem\",\"position\":2,\"name\":\"Saint Joseph Marie Tomasi\"}]},{\"@type\":\"WebSite\",\"@id\":\"https:\/\/teatinos.org\/pt-br\/#website\",\"url\":\"https:\/\/teatinos.org\/pt-br\/\",\"name\":\"Teatinos\",\"description\":\"Orden de Cl\u00e9rigos Regulares\",\"potentialAction\":[{\"@type\":\"SearchAction\",\"target\":{\"@type\":\"EntryPoint\",\"urlTemplate\":\"https:\/\/teatinos.org\/pt-br\/?s={search_term_string}\"},\"query-input\":{\"@type\":\"PropertyValueSpecification\",\"valueRequired\":true,\"valueName\":\"search_term_string\"}}],\"inLanguage\":\"fr-FR\"}]}<\/script>\n<!-- \/ Yoast SEO plugin. -->","yoast_head_json":{"title":"Saint Joseph Marie Tomasi - Teatinos","robots":{"index":"index","follow":"follow","max-snippet":"max-snippet:-1","max-image-preview":"max-image-preview:large","max-video-preview":"max-video-preview:-1"},"canonical":"https:\/\/teatinos.org\/fr\/saint-joseph-marie-tomasi\/","og_locale":"fr_FR","og_type":"article","og_title":"Saint Joseph Marie Tomasi - Teatinos","og_description":"[vc_row css=\u00a0\u00bb.vc_custom_1459790702196{padding-top: 100px !important;padding-bottom: 100px !important;}\u00a0\u00bb][vc_column][\/vc_column][\/vc_row]","og_url":"https:\/\/teatinos.org\/fr\/saint-joseph-marie-tomasi\/","og_site_name":"Teatinos","article_modified_time":"2021-05-24T18:18:04+00:00","twitter_card":"summary_large_image","twitter_misc":{"Dur\u00e9e de lecture estim\u00e9e":"2 minutes"},"schema":{"@context":"https:\/\/schema.org","@graph":[{"@type":"WebPage","@id":"https:\/\/teatinos.org\/fr\/saint-joseph-marie-tomasi\/","url":"https:\/\/teatinos.org\/fr\/saint-joseph-marie-tomasi\/","name":"Saint Joseph Marie Tomasi - Teatinos","isPartOf":{"@id":"https:\/\/teatinos.org\/pt-br\/#website"},"datePublished":"2018-08-28T16:14:27+00:00","dateModified":"2021-05-24T18:18:04+00:00","breadcrumb":{"@id":"https:\/\/teatinos.org\/fr\/saint-joseph-marie-tomasi\/#breadcrumb"},"inLanguage":"fr-FR","potentialAction":[{"@type":"ReadAction","target":["https:\/\/teatinos.org\/fr\/saint-joseph-marie-tomasi\/"]}]},{"@type":"BreadcrumbList","@id":"https:\/\/teatinos.org\/fr\/saint-joseph-marie-tomasi\/#breadcrumb","itemListElement":[{"@type":"ListItem","position":1,"name":"Portada","item":"https:\/\/teatinos.org\/fr\/"},{"@type":"ListItem","position":2,"name":"Saint Joseph Marie Tomasi"}]},{"@type":"WebSite","@id":"https:\/\/teatinos.org\/pt-br\/#website","url":"https:\/\/teatinos.org\/pt-br\/","name":"Teatinos","description":"Orden de Cl\u00e9rigos Regulares","potentialAction":[{"@type":"SearchAction","target":{"@type":"EntryPoint","urlTemplate":"https:\/\/teatinos.org\/pt-br\/?s={search_term_string}"},"query-input":{"@type":"PropertyValueSpecification","valueRequired":true,"valueName":"search_term_string"}}],"inLanguage":"fr-FR"}]}},"rttpg_featured_image_url":null,"rttpg_author":{"display_name":"admin","author_link":"https:\/\/teatinos.org\/fr\/author\/admin\/"},"rttpg_comment":0,"rttpg_category":" <a href=\"https:\/\/teatinos.org\/fr\/?taxonomy=translation_priority&#038;term=facultatif\" rel=\"tag\">Facultatif<\/a>","rttpg_excerpt":"[vc_row css=\u00a0\u00bb.vc_custom_1459790702196{padding-top: 100px !important;padding-bottom: 100px !important;}\u00a0\u00bb][vc_column][\/vc_column][\/vc_row]","_links":{"self":[{"href":"https:\/\/teatinos.org\/fr\/wp-json\/wp\/v2\/pages\/4560","targetHints":{"allow":["GET"]}}],"collection":[{"href":"https:\/\/teatinos.org\/fr\/wp-json\/wp\/v2\/pages"}],"about":[{"href":"https:\/\/teatinos.org\/fr\/wp-json\/wp\/v2\/types\/page"}],"author":[{"embeddable":true,"href":"https:\/\/teatinos.org\/fr\/wp-json\/wp\/v2\/users\/1"}],"replies":[{"embeddable":true,"href":"https:\/\/teatinos.org\/fr\/wp-json\/wp\/v2\/comments?post=4560"}],"version-history":[{"count":6,"href":"https:\/\/teatinos.org\/fr\/wp-json\/wp\/v2\/pages\/4560\/revisions"}],"predecessor-version":[{"id":7151,"href":"https:\/\/teatinos.org\/fr\/wp-json\/wp\/v2\/pages\/4560\/revisions\/7151"}],"wp:attachment":[{"href":"https:\/\/teatinos.org\/fr\/wp-json\/wp\/v2\/media?parent=4560"}],"curies":[{"name":"wp","href":"https:\/\/api.w.org\/{rel}","templated":true}]}}