{"id":4557,"date":"2018-08-28T16:08:24","date_gmt":"2018-08-28T16:08:24","guid":{"rendered":"http:\/\/teatinos.org\/san-andres-avelino\/"},"modified":"2022-01-30T16:02:51","modified_gmt":"2022-01-30T16:02:51","slug":"saint-andre-avelino","status":"publish","type":"page","link":"https:\/\/teatinos.org\/fr\/saint-andre-avelino\/","title":{"rendered":"Saint Andr\u00e9 Avelino"},"content":{"rendered":"<p>[vc_row css=\u00a0\u00bb.vc_custom_1459790702196{padding-top: 100px !important;padding-bottom: 100px !important;}\u00a0\u00bb][vc_column]<div class=\"container \">[vc_row_inner][vc_column_inner width=\u00a0\u00bb5\/12&Prime;][vc_empty_space height=\u00a0\u00bb8px\u00a0\u00bb][vc_single_image image=\u00a0\u00bb7100&Prime; img_size=\u00a0\u00bb620 x 858&Prime;][\/vc_column_inner][vc_column_inner width=\u00a0\u00bb7\/12&Prime;][vc_column_text]Lanceloto \u00e9tait son vrai nom. Avelino est n\u00e9 \u00e0 Castronuovo di Sant&rsquo;Andrea ( en Italie ), en 1521. Ses parents \u00e9taient Jean Avelino et Marguerite Apelli. Apr\u00e8s ses premi\u00e8res \u00e9tudes, il se forma en jurisprudence et fut ordonn\u00e9 pr\u00eatre, en exer\u00e7ant pendant un certain temps le m\u00e9tier de d\u00e9fenseur de diverses causes au tribunal eccl\u00e9siastique. Cependant, en ayant compris que ce m\u00e9tier professionnel mettait en p\u00e9ril sa vie spirituelle, il d\u00e9cida de se consacrer enti\u00e8rement au minist\u00e8re sacr\u00e9. Dans ce cadre, il mena avec un z\u00e8le apostolique le service de Dieu et des \u00e2mes, jusqu&rsquo;\u00e0 mettre en danger sa vie physique. Re\u00e7u \u00e0 la Maison des P\u00e8res th\u00e9atins de Saint Paul le Grand, \u00e0 Naples, il eut pour Ma\u00eetre des Novices le Bienheureux Jean Marinoni et pour compagnon le Bienheureux Paul Burali. Il fit sa profession religieuse chez les th\u00e9atins, le 25 janvier 1558, en prenant le nom d&rsquo;Andr\u00e9. Aux trois voeux religieux connus, \u00e0 savoir la chastet\u00e9, la pauvret\u00e9 et l&rsquo;ob\u00e9issance, il ajouta celui de renoncer r\u00e9solument \u00e0 sa propre volont\u00e9 et de progresser sans cesse sur le chemin de la perfection \u00e9vang\u00e9lique.<\/p>\n<p>Homme virtueux et juste, pr\u00eatre plein d&rsquo;onction et religieux courageusement observant, il s&rsquo;engagea de toutes ses forces dans l&rsquo;attention aux fid\u00e8les de divers secteurs sociaux, se distingant comme confesseur et directeur spirituel, en particulier pour les membres de la noblesse et les fonctionnaires publics. Il exer\u00e7a avec soin la fonction de Ma\u00eetre des Novices et d&rsquo;autres occupations que l&rsquo;Ordre Th\u00e9atin lui confia.<\/p>\n<p>Il travailla avec Saint Charles Borrom\u00e9e dans l&rsquo;archidioc\u00e8se de Milan pour appliquer les r\u00e9formes du Concile de Trente dans cette juridiction eccl\u00e9siastique, en faisant la m\u00eame chose avec le Bienheureux Paul Burali dans le dioc\u00e8se de Piacenza.[\/vc_column_text][\/vc_column_inner][\/vc_row_inner][vc_column_text]On a pu recueillir, gr\u00e2ce \u00e0 son apostolat \u00e9pistolaire et les t\u00e2ches qu&rsquo;il r\u00e9alisa, un abondant mat\u00e9riel litt\u00e9raire produit par Saint Andr\u00e9 Avelino, qui fut opportun\u00e9ment publi\u00e9.<\/p>\n<p>Le 10 novembre 1608, tandis qu&rsquo;il se disposait \u00e0 monter \u00e0 l&rsquo;autel pour commencer la c\u00e9l\u00e9bration de l&rsquo;Eucharistie, il souffrit d&rsquo;une attaque d&rsquo;apoplexie dont il mourut. Il fut b\u00e9atifi\u00e9 par le Pape Urbain VIII, en 1624, puis canonis\u00e9 par le Pape Cl\u00e9ment XI, le 22 mai 1712. Sa f\u00eate liturgique est le 10 novembre. On l&rsquo;invoque comme patron contre la mort impr\u00e9vue du fait de son style de mort[\/vc_column_text]<\/div>[\/vc_column][\/vc_row]<\/p>\n","protected":false},"excerpt":{"rendered":"<p>[vc_row css=\u00a0\u00bb.vc_custom_1459790702196{padding-top: 100px !important;padding-bottom: 100px !important;}\u00a0\u00bb][vc_column][\/vc_column][\/vc_row]<\/p>\n","protected":false},"author":1,"featured_media":0,"parent":0,"menu_order":0,"comment_status":"closed","ping_status":"closed","template":"","meta":{"_acf_changed":false,"footnotes":"","_links_to":"","_links_to_target":""},"class_list":["post-4557","page","type-page","status-publish","hentry"],"acf":[],"yoast_head":"<!-- This site is optimized with the Yoast SEO plugin v23.5 - https:\/\/yoast.com\/wordpress\/plugins\/seo\/ -->\n<title>Saint Andr\u00e9 Avelino - Teatinos<\/title>\n<meta name=\"robots\" content=\"index, follow, max-snippet:-1, max-image-preview:large, max-video-preview:-1\" \/>\n<link rel=\"canonical\" href=\"https:\/\/teatinos.org\/fr\/saint-andre-avelino\/\" \/>\n<meta property=\"og:locale\" content=\"fr_FR\" \/>\n<meta property=\"og:type\" content=\"article\" \/>\n<meta property=\"og:title\" content=\"Saint Andr\u00e9 Avelino - Teatinos\" \/>\n<meta property=\"og:description\" content=\"[vc_row css=\u00a0\u00bb.vc_custom_1459790702196{padding-top: 100px !important;padding-bottom: 100px !important;}\u00a0\u00bb][vc_column][\/vc_column][\/vc_row]\" \/>\n<meta property=\"og:url\" content=\"https:\/\/teatinos.org\/fr\/saint-andre-avelino\/\" \/>\n<meta property=\"og:site_name\" content=\"Teatinos\" \/>\n<meta property=\"article:modified_time\" content=\"2022-01-30T16:02:51+00:00\" \/>\n<meta name=\"twitter:card\" content=\"summary_large_image\" \/>\n<meta name=\"twitter:label1\" content=\"Dur\u00e9e de lecture estim\u00e9e\" \/>\n\t<meta name=\"twitter:data1\" content=\"2 minutes\" \/>\n<script type=\"application\/ld+json\" class=\"yoast-schema-graph\">{\"@context\":\"https:\/\/schema.org\",\"@graph\":[{\"@type\":\"WebPage\",\"@id\":\"https:\/\/teatinos.org\/fr\/saint-andre-avelino\/\",\"url\":\"https:\/\/teatinos.org\/fr\/saint-andre-avelino\/\",\"name\":\"Saint Andr\u00e9 Avelino - Teatinos\",\"isPartOf\":{\"@id\":\"https:\/\/teatinos.org\/pt-br\/#website\"},\"datePublished\":\"2018-08-28T16:08:24+00:00\",\"dateModified\":\"2022-01-30T16:02:51+00:00\",\"breadcrumb\":{\"@id\":\"https:\/\/teatinos.org\/fr\/saint-andre-avelino\/#breadcrumb\"},\"inLanguage\":\"fr-FR\",\"potentialAction\":[{\"@type\":\"ReadAction\",\"target\":[\"https:\/\/teatinos.org\/fr\/saint-andre-avelino\/\"]}]},{\"@type\":\"BreadcrumbList\",\"@id\":\"https:\/\/teatinos.org\/fr\/saint-andre-avelino\/#breadcrumb\",\"itemListElement\":[{\"@type\":\"ListItem\",\"position\":1,\"name\":\"Portada\",\"item\":\"https:\/\/teatinos.org\/fr\/\"},{\"@type\":\"ListItem\",\"position\":2,\"name\":\"Saint Andr\u00e9 Avelino\"}]},{\"@type\":\"WebSite\",\"@id\":\"https:\/\/teatinos.org\/pt-br\/#website\",\"url\":\"https:\/\/teatinos.org\/pt-br\/\",\"name\":\"Teatinos\",\"description\":\"Orden de Cl\u00e9rigos Regulares\",\"potentialAction\":[{\"@type\":\"SearchAction\",\"target\":{\"@type\":\"EntryPoint\",\"urlTemplate\":\"https:\/\/teatinos.org\/pt-br\/?s={search_term_string}\"},\"query-input\":{\"@type\":\"PropertyValueSpecification\",\"valueRequired\":true,\"valueName\":\"search_term_string\"}}],\"inLanguage\":\"fr-FR\"}]}<\/script>\n<!-- \/ Yoast SEO plugin. -->","yoast_head_json":{"title":"Saint Andr\u00e9 Avelino - Teatinos","robots":{"index":"index","follow":"follow","max-snippet":"max-snippet:-1","max-image-preview":"max-image-preview:large","max-video-preview":"max-video-preview:-1"},"canonical":"https:\/\/teatinos.org\/fr\/saint-andre-avelino\/","og_locale":"fr_FR","og_type":"article","og_title":"Saint Andr\u00e9 Avelino - Teatinos","og_description":"[vc_row css=\u00a0\u00bb.vc_custom_1459790702196{padding-top: 100px !important;padding-bottom: 100px !important;}\u00a0\u00bb][vc_column][\/vc_column][\/vc_row]","og_url":"https:\/\/teatinos.org\/fr\/saint-andre-avelino\/","og_site_name":"Teatinos","article_modified_time":"2022-01-30T16:02:51+00:00","twitter_card":"summary_large_image","twitter_misc":{"Dur\u00e9e de lecture estim\u00e9e":"2 minutes"},"schema":{"@context":"https:\/\/schema.org","@graph":[{"@type":"WebPage","@id":"https:\/\/teatinos.org\/fr\/saint-andre-avelino\/","url":"https:\/\/teatinos.org\/fr\/saint-andre-avelino\/","name":"Saint Andr\u00e9 Avelino - Teatinos","isPartOf":{"@id":"https:\/\/teatinos.org\/pt-br\/#website"},"datePublished":"2018-08-28T16:08:24+00:00","dateModified":"2022-01-30T16:02:51+00:00","breadcrumb":{"@id":"https:\/\/teatinos.org\/fr\/saint-andre-avelino\/#breadcrumb"},"inLanguage":"fr-FR","potentialAction":[{"@type":"ReadAction","target":["https:\/\/teatinos.org\/fr\/saint-andre-avelino\/"]}]},{"@type":"BreadcrumbList","@id":"https:\/\/teatinos.org\/fr\/saint-andre-avelino\/#breadcrumb","itemListElement":[{"@type":"ListItem","position":1,"name":"Portada","item":"https:\/\/teatinos.org\/fr\/"},{"@type":"ListItem","position":2,"name":"Saint Andr\u00e9 Avelino"}]},{"@type":"WebSite","@id":"https:\/\/teatinos.org\/pt-br\/#website","url":"https:\/\/teatinos.org\/pt-br\/","name":"Teatinos","description":"Orden de Cl\u00e9rigos Regulares","potentialAction":[{"@type":"SearchAction","target":{"@type":"EntryPoint","urlTemplate":"https:\/\/teatinos.org\/pt-br\/?s={search_term_string}"},"query-input":{"@type":"PropertyValueSpecification","valueRequired":true,"valueName":"search_term_string"}}],"inLanguage":"fr-FR"}]}},"rttpg_featured_image_url":null,"rttpg_author":{"display_name":"admin","author_link":"https:\/\/teatinos.org\/fr\/author\/admin\/"},"rttpg_comment":0,"rttpg_category":" <a href=\"https:\/\/teatinos.org\/fr\/?taxonomy=translation_priority&#038;term=facultatif\" rel=\"tag\">Facultatif<\/a>","rttpg_excerpt":"[vc_row css=\u00a0\u00bb.vc_custom_1459790702196{padding-top: 100px !important;padding-bottom: 100px !important;}\u00a0\u00bb][vc_column][\/vc_column][\/vc_row]","_links":{"self":[{"href":"https:\/\/teatinos.org\/fr\/wp-json\/wp\/v2\/pages\/4557","targetHints":{"allow":["GET"]}}],"collection":[{"href":"https:\/\/teatinos.org\/fr\/wp-json\/wp\/v2\/pages"}],"about":[{"href":"https:\/\/teatinos.org\/fr\/wp-json\/wp\/v2\/types\/page"}],"author":[{"embeddable":true,"href":"https:\/\/teatinos.org\/fr\/wp-json\/wp\/v2\/users\/1"}],"replies":[{"embeddable":true,"href":"https:\/\/teatinos.org\/fr\/wp-json\/wp\/v2\/comments?post=4557"}],"version-history":[{"count":3,"href":"https:\/\/teatinos.org\/fr\/wp-json\/wp\/v2\/pages\/4557\/revisions"}],"predecessor-version":[{"id":8862,"href":"https:\/\/teatinos.org\/fr\/wp-json\/wp\/v2\/pages\/4557\/revisions\/8862"}],"wp:attachment":[{"href":"https:\/\/teatinos.org\/fr\/wp-json\/wp\/v2\/media?parent=4557"}],"curies":[{"name":"wp","href":"https:\/\/api.w.org\/{rel}","templated":true}]}}