{"id":4553,"date":"2018-09-04T13:17:47","date_gmt":"2018-09-04T13:17:47","guid":{"rendered":"http:\/\/teatinos.org\/san-cayetano\/"},"modified":"2021-05-24T20:14:55","modified_gmt":"2021-05-24T20:14:55","slug":"saint-gaetan","status":"publish","type":"page","link":"https:\/\/teatinos.org\/fr\/saint-gaetan\/","title":{"rendered":"Saint Ga\u00ebtan"},"content":{"rendered":"<p>[vc_row css=\u00a0\u00bb.vc_custom_1459790702196{padding-top: 100px !important;padding-bottom: 100px !important;}\u00a0\u00bb][vc_column]<div class=\"container \">[vc_row_inner][vc_column_inner width=\u00a0\u00bb5\/12&Prime;][vc_empty_space height=\u00a0\u00bb10px\u00a0\u00bb][vc_single_image image=\u00a0\u00bb7088&Prime; img_size=\u00a0\u00bb622 x 898&Prime;][\/vc_column_inner][vc_column_inner width=\u00a0\u00bb7\/12&Prime;][vc_column_text]Saint Ga\u00ebtan, descendant de la noble famille de Thi\u00e8ne, fils de Gaspard de Thi\u00e8ne et de Marie Porto, est n\u00e9 \u00e0 Vicenza ( en Italie ), pr\u00e9sumablement au mois d&rsquo;octobre 1480. Il obtint un doctorat en Droit Canonique et en Droit Civil, \u00e0 l&rsquo;Universit\u00e9 de Padoue. Peu de temps apr\u00e8s, ayant re\u00e7u la tonsure ( en 1504 ) par laquelle il faisait partie du clerg\u00e9, il fut transf\u00e9r\u00e9 \u00e0 Rome ( en 1507 ) pour faire partie de la Curie Romaine, sous le pontificat du Pape Jules II. Au service de ce Pape, il remplit l&rsquo;office d&rsquo;\u00e9crivain des lettres apostoliques, avec la fonction de Protonotaire Apostolique.<\/p>\n<p>S&rsquo;adjoignant \u00e0 l&rsquo;Oratoire du Divin Amour \u00e0 Rome ( en 1515 ), il exer\u00e7a en diverses villes italiennes des activit\u00e9s similaires \u00e0 celles que ladite confr\u00e9rie d\u00e9ployait. Le 30 septembre 1516, il fut ordonn\u00e9 pr\u00eatre. Dans ce cadre, nous le voyons se consacrer \u00e0 la pri\u00e8re, \u00e0 l&rsquo;\u00e9tude des Saintes \u00c9critures et au soin des malades, sp\u00e9cialement ceux que l&rsquo;on nommait \u00ab\u00a0incurables \u00ab\u00a0. La fondation de l&rsquo;H\u00f4pital des Incurables de Venise fut le fruit de cette derni\u00e8re activit\u00e9 exerc\u00e9e par Ga\u00ebtan de Thi\u00e8ne, aupr\u00e8s de nobles femmes de Venise, Marie Malpier et Marine Grimani, en 1522. Le saint v\u00e9nitien r\u00e9alisa aussi un apostolat de m\u00eame nature \u00e0 l&rsquo;H\u00f4pital de la Mis\u00e9ricorde \u00e0 Vicenza, en lui donnant la forme d&rsquo;un h\u00f4pital pour incurables, ainsi qu&rsquo;\u00e0 l&rsquo;H\u00f4pital de Saint Jacques d&rsquo;Auguste, \u00e0 Rome.<\/p>\n<p>S&rsquo;engageant \u00e0 r\u00e9former les coutumes des eccl\u00e9siastiques, il s&rsquo;effor\u00e7a de restaurer dans l&rsquo;\u00e9glise de son temps le mode de vie des Ap\u00f4tres. Dans cette entreprise, il rencontra Jean-Pierre Carafa, \u00e9v\u00eaque de Chieti et membre de l&rsquo;Oratoire romain du Divin Amour. Le r\u00e9sultat de cette rencontre fut la fondation de l&rsquo;Ordre des Pr\u00eatres R\u00e9guliers Th\u00e9atins, le 14 septembre 1524.[\/vc_column_text][\/vc_column_inner][\/vc_row_inner][vc_column_text]De nature doux et sociable, dou\u00e9 d&rsquo;\u00e9clairantes vertus sacerdotales, il promut la splendeur du culte divin et la participation fr\u00e9quente des sacrements. La v\u00e9n\u00e9ration de Ga\u00ebtan pour la naissance de notre Seigneur J\u00e9sus-Christ et sa Passion nous fascine, et plus particuli\u00e8rement la fa\u00e7on dont celle-ci s&rsquo;est conjugu\u00e9e avec la d\u00e9votion \u00e0 la Vierge Marie. C&rsquo;est pour cette raison que certaines ic\u00f4nographies repr\u00e9sentent Saint Ga\u00ebtan recevant l&rsquo;Enfant J\u00e9sus dans ses bras, comme le ferait Marie. Cette fa\u00e7on de recr\u00e9er la figure de Ga\u00ebtan trouve son fondement dans le r\u00e9cit qu&rsquo;il a fait \u00e0 soeur Laure Mignani, au sujet d&rsquo;une exp\u00e9rience mystique dans la Basilique Sainte Marie Majeure, \u00e0 Rome, au moment de No\u00ebl 1517.<\/p>\n<p>Dispos\u00e9 \u00e0 ne pas avoir ni une monnaie pour payer sa s\u00e9pulture, il se consacra pleinement \u00e0 une vie pauvre, au service des plus n\u00e9cessiteux et confiant en la Divine Providence. Sa vie ainsi combl\u00e9e par la saintet\u00e9 et le d\u00e9vouement, il mourut \u00e0 Naples le 7 ao\u00fbt 1547. Sa d\u00e9pouille mortelle repose dans la crypte de la Basilique Saint Paul le Grand, \u00e0 Naples. Il fut b\u00e9atifi\u00e9 par le Pape Urbain VIII, le 8 octobre 1629, et le Pape Cl\u00e9ment X le proclama Saint, le 12 avril 1671. Sa f\u00eate liturgique se c\u00e9l\u00e8bre le 7 ao\u00fbt.[\/vc_column_text]<\/div>[\/vc_column][\/vc_row]<\/p>\n","protected":false},"excerpt":{"rendered":"<p>[vc_row css=\u00a0\u00bb.vc_custom_1459790702196{padding-top: 100px !important;padding-bottom: 100px !important;}\u00a0\u00bb][vc_column][\/vc_column][\/vc_row]<\/p>\n","protected":false},"author":1,"featured_media":0,"parent":0,"menu_order":0,"comment_status":"closed","ping_status":"closed","template":"","meta":{"_acf_changed":false,"footnotes":"","_links_to":"","_links_to_target":""},"class_list":["post-4553","page","type-page","status-publish","hentry"],"acf":[],"yoast_head":"<!-- This site is optimized with the Yoast SEO plugin v23.5 - https:\/\/yoast.com\/wordpress\/plugins\/seo\/ -->\n<title>Saint Ga\u00ebtan - Teatinos<\/title>\n<meta name=\"robots\" content=\"index, follow, max-snippet:-1, max-image-preview:large, max-video-preview:-1\" \/>\n<link rel=\"canonical\" href=\"https:\/\/teatinos.org\/fr\/saint-gaetan\/\" \/>\n<meta property=\"og:locale\" content=\"fr_FR\" \/>\n<meta property=\"og:type\" content=\"article\" \/>\n<meta property=\"og:title\" content=\"Saint Ga\u00ebtan - Teatinos\" \/>\n<meta property=\"og:description\" content=\"[vc_row css=\u00a0\u00bb.vc_custom_1459790702196{padding-top: 100px !important;padding-bottom: 100px !important;}\u00a0\u00bb][vc_column][\/vc_column][\/vc_row]\" \/>\n<meta property=\"og:url\" content=\"https:\/\/teatinos.org\/fr\/saint-gaetan\/\" \/>\n<meta property=\"og:site_name\" content=\"Teatinos\" \/>\n<meta property=\"article:modified_time\" content=\"2021-05-24T20:14:55+00:00\" \/>\n<meta name=\"twitter:card\" content=\"summary_large_image\" \/>\n<meta name=\"twitter:label1\" content=\"Dur\u00e9e de lecture estim\u00e9e\" \/>\n\t<meta name=\"twitter:data1\" content=\"3 minutes\" \/>\n<script type=\"application\/ld+json\" class=\"yoast-schema-graph\">{\"@context\":\"https:\/\/schema.org\",\"@graph\":[{\"@type\":\"WebPage\",\"@id\":\"https:\/\/teatinos.org\/fr\/saint-gaetan\/\",\"url\":\"https:\/\/teatinos.org\/fr\/saint-gaetan\/\",\"name\":\"Saint Ga\u00ebtan - Teatinos\",\"isPartOf\":{\"@id\":\"https:\/\/teatinos.org\/pt-br\/#website\"},\"datePublished\":\"2018-09-04T13:17:47+00:00\",\"dateModified\":\"2021-05-24T20:14:55+00:00\",\"breadcrumb\":{\"@id\":\"https:\/\/teatinos.org\/fr\/saint-gaetan\/#breadcrumb\"},\"inLanguage\":\"fr-FR\",\"potentialAction\":[{\"@type\":\"ReadAction\",\"target\":[\"https:\/\/teatinos.org\/fr\/saint-gaetan\/\"]}]},{\"@type\":\"BreadcrumbList\",\"@id\":\"https:\/\/teatinos.org\/fr\/saint-gaetan\/#breadcrumb\",\"itemListElement\":[{\"@type\":\"ListItem\",\"position\":1,\"name\":\"Portada\",\"item\":\"https:\/\/teatinos.org\/fr\/\"},{\"@type\":\"ListItem\",\"position\":2,\"name\":\"Saint Ga\u00ebtan\"}]},{\"@type\":\"WebSite\",\"@id\":\"https:\/\/teatinos.org\/pt-br\/#website\",\"url\":\"https:\/\/teatinos.org\/pt-br\/\",\"name\":\"Teatinos\",\"description\":\"Orden de Cl\u00e9rigos Regulares\",\"potentialAction\":[{\"@type\":\"SearchAction\",\"target\":{\"@type\":\"EntryPoint\",\"urlTemplate\":\"https:\/\/teatinos.org\/pt-br\/?s={search_term_string}\"},\"query-input\":{\"@type\":\"PropertyValueSpecification\",\"valueRequired\":true,\"valueName\":\"search_term_string\"}}],\"inLanguage\":\"fr-FR\"}]}<\/script>\n<!-- \/ Yoast SEO plugin. -->","yoast_head_json":{"title":"Saint Ga\u00ebtan - Teatinos","robots":{"index":"index","follow":"follow","max-snippet":"max-snippet:-1","max-image-preview":"max-image-preview:large","max-video-preview":"max-video-preview:-1"},"canonical":"https:\/\/teatinos.org\/fr\/saint-gaetan\/","og_locale":"fr_FR","og_type":"article","og_title":"Saint Ga\u00ebtan - Teatinos","og_description":"[vc_row css=\u00a0\u00bb.vc_custom_1459790702196{padding-top: 100px !important;padding-bottom: 100px !important;}\u00a0\u00bb][vc_column][\/vc_column][\/vc_row]","og_url":"https:\/\/teatinos.org\/fr\/saint-gaetan\/","og_site_name":"Teatinos","article_modified_time":"2021-05-24T20:14:55+00:00","twitter_card":"summary_large_image","twitter_misc":{"Dur\u00e9e de lecture estim\u00e9e":"3 minutes"},"schema":{"@context":"https:\/\/schema.org","@graph":[{"@type":"WebPage","@id":"https:\/\/teatinos.org\/fr\/saint-gaetan\/","url":"https:\/\/teatinos.org\/fr\/saint-gaetan\/","name":"Saint Ga\u00ebtan - Teatinos","isPartOf":{"@id":"https:\/\/teatinos.org\/pt-br\/#website"},"datePublished":"2018-09-04T13:17:47+00:00","dateModified":"2021-05-24T20:14:55+00:00","breadcrumb":{"@id":"https:\/\/teatinos.org\/fr\/saint-gaetan\/#breadcrumb"},"inLanguage":"fr-FR","potentialAction":[{"@type":"ReadAction","target":["https:\/\/teatinos.org\/fr\/saint-gaetan\/"]}]},{"@type":"BreadcrumbList","@id":"https:\/\/teatinos.org\/fr\/saint-gaetan\/#breadcrumb","itemListElement":[{"@type":"ListItem","position":1,"name":"Portada","item":"https:\/\/teatinos.org\/fr\/"},{"@type":"ListItem","position":2,"name":"Saint Ga\u00ebtan"}]},{"@type":"WebSite","@id":"https:\/\/teatinos.org\/pt-br\/#website","url":"https:\/\/teatinos.org\/pt-br\/","name":"Teatinos","description":"Orden de Cl\u00e9rigos Regulares","potentialAction":[{"@type":"SearchAction","target":{"@type":"EntryPoint","urlTemplate":"https:\/\/teatinos.org\/pt-br\/?s={search_term_string}"},"query-input":{"@type":"PropertyValueSpecification","valueRequired":true,"valueName":"search_term_string"}}],"inLanguage":"fr-FR"}]}},"rttpg_featured_image_url":null,"rttpg_author":{"display_name":"admin","author_link":"https:\/\/teatinos.org\/fr\/author\/admin\/"},"rttpg_comment":0,"rttpg_category":" <a href=\"https:\/\/teatinos.org\/fr\/?taxonomy=translation_priority&#038;term=facultatif\" rel=\"tag\">Facultatif<\/a>","rttpg_excerpt":"[vc_row css=\u00a0\u00bb.vc_custom_1459790702196{padding-top: 100px !important;padding-bottom: 100px !important;}\u00a0\u00bb][vc_column][\/vc_column][\/vc_row]","_links":{"self":[{"href":"https:\/\/teatinos.org\/fr\/wp-json\/wp\/v2\/pages\/4553","targetHints":{"allow":["GET"]}}],"collection":[{"href":"https:\/\/teatinos.org\/fr\/wp-json\/wp\/v2\/pages"}],"about":[{"href":"https:\/\/teatinos.org\/fr\/wp-json\/wp\/v2\/types\/page"}],"author":[{"embeddable":true,"href":"https:\/\/teatinos.org\/fr\/wp-json\/wp\/v2\/users\/1"}],"replies":[{"embeddable":true,"href":"https:\/\/teatinos.org\/fr\/wp-json\/wp\/v2\/comments?post=4553"}],"version-history":[{"count":4,"href":"https:\/\/teatinos.org\/fr\/wp-json\/wp\/v2\/pages\/4553\/revisions"}],"predecessor-version":[{"id":7209,"href":"https:\/\/teatinos.org\/fr\/wp-json\/wp\/v2\/pages\/4553\/revisions\/7209"}],"wp:attachment":[{"href":"https:\/\/teatinos.org\/fr\/wp-json\/wp\/v2\/media?parent=4553"}],"curies":[{"name":"wp","href":"https:\/\/api.w.org\/{rel}","templated":true}]}}