{"id":4549,"date":"2018-09-04T12:42:20","date_gmt":"2018-09-04T12:42:20","guid":{"rendered":"http:\/\/teatinos.org\/historia-basilica\/"},"modified":"2025-07-17T15:17:27","modified_gmt":"2025-07-17T15:17:27","slug":"histoire-de-la-basilique","status":"publish","type":"page","link":"https:\/\/teatinos.org\/fr\/histoire-de-la-basilique\/","title":{"rendered":"Histoire de La Basilique"},"content":{"rendered":"<p>[vc_row css=\u00a0\u00bb.vc_custom_1459790702196{padding-top: 100px !important;padding-bottom: 50px !important;}\u00a0\u00bb][vc_column]<div class=\"container \">[vc_row_inner][vc_column_inner width=\u00a0\u00bb1\/2&Prime;][vc_column_text]<span style=\"color: #000000;\">\u00c9lev\u00e9e \u00e0 la dignit\u00e9 cardinalice, le 12 mars 1960 et distingu\u00e9e par le titre de Basilique mineure, en 1966, Saint Andr\u00e9 \u00ab\u00a0della Valle\u00a0\u00bb est l&rsquo;\u00e9glise de l&rsquo;actuelle Maison g\u00e9n\u00e9rale des P\u00e8res R\u00e9guliers Th\u00e9atins, fond\u00e9s \u00e0 Rome le 14 septembre 1524 par Saint Ga\u00ebtan de Thi\u00e8ne et par le v\u00e9n\u00e9rable Jean-Pierre Carafa, \u00e9v\u00eaque de Chieti, puis Paul IV.<br \/>\nOutre ses grandes dimensions et sa beaut\u00e9 qui la distinguent des autres \u00e9glises de Rome, la Basilique th\u00e9atine abrite depuis 1623 les s\u00e9pultures de deux Souverains Pontifes : Pie II et Pie III, les reliques des saints martyrs : Antoine et Fortunat, et la sainte d\u00e9pouille du cardinal th\u00e9atin saint Joseph Marie Tomasi. En ce lieu se v\u00e9n\u00e8re la m\u00e9moire de nombreux autres saints canonis\u00e9s qui y ont d\u00e9velopp\u00e9 leur saint minist\u00e8re.<br \/>\nDes fiches actualis\u00e9es \u00e0 diff\u00e9rents endroits de l&rsquo;\u00e9glise vous permettront de d\u00e9couvrir le pr\u00e9cieux h\u00e9ritage de ceux qui, en cherchant avant tout le Royaume de Dieu et sa justice, se propos\u00e8rent, en l&rsquo;\u00e9rigeant, d&rsquo;adorer le P\u00e8re en esprit et en v\u00e9rit\u00e9.<br \/>\nLes P\u00e8res R\u00e9guliers Th\u00e9atins se r\u00e9jouissent de pouvoir offrir cette synth\u00e8se d&rsquo;informations pour une visite la plus profitable de leur Basilique.<\/span><\/p>\n<p><span style=\"color: #000000;\"><strong style=\"text-transform: uppercase;\">Les F\u00eates et c\u00e9l\u00e9brations<\/strong><br \/>\nNous c\u00e9l\u00e9brons les f\u00eates suivantes avec une solennit\u00e9 toute particuli\u00e8re:<br \/>\n\u2022 03 janvier : Saint Joseph Marie Tomasi.<br \/>\n\u2022 08 mai : Vierge de la Puret\u00e9, patronne de l&rsquo;Ordre des Th\u00e9atins.<br \/>\n\u2022 07 ao\u00fbt : Saint Ga\u00ebtan.<br \/>\n\u2022 10 novembre : Saint Andr\u00e9 Avelino, co-patron.<br \/>\n\u2022 30 novembre : Ap\u00f4tre Saint Andr\u00e9, patron.<\/span><\/p>\n<p><span style=\"color: #000000;\"><strong>Saint Andr\u00e9 \u00ab\u00a0della Valle\u00a0\u00bb<\/strong><br \/>\nCorso Vittorio Emanuele II, 00186 Rome<br \/>\n<a href=\"tel:06 6861339\">Tel. 06 6861339<\/a><br \/>\n<a href=\"mailto:santandrea@teatinos.org\">santandrea@teatinos.org<\/a><\/span>[\/vc_column_text][\/vc_column_inner][vc_column_inner width=\u00a0\u00bb1\/2&Prime;][vc_single_image image=\u00a0\u00bb2069&Prime; img_size=\u00a0\u00bblarge\u00a0\u00bb][\/vc_column_inner][\/vc_row_inner]<\/div>[\/vc_column][\/vc_row]<\/p>\n<p>[vc_row css=\u00a0\u00bb.vc_custom_1752763112887{padding-bottom: 100px !important;}\u00a0\u00bb][vc_column]<div class=\"container \">[vc_row_inner][vc_column_inner][vc_column_text]<article id=\"arbitrary-instance-69d4c7d95ceac\" class=\"iron_widget_radio playlist_enabled\"><div class=\"iron-audioplayer  show-playlist playlist_has_no_ctas\" id=\"arbitrary-instance-69d4c7d95ceac-eeb3c38e9d\" data-id=\"arbitrary-instance-69d4c7d95ceac\" data-track-sw-cursor=\"\" data-lazyload=\"\" data-albums=\"19710\" data-category=\"\" data-url-playlist=\"https:\/\/teatinos.org\/fr\/?load=playlist.json&#038;title=&#038;albums=19710&#038;category=&#038;posts_not_in=&#038;category_not_in=&#038;author=&#038;feed_title=&#038;feed=&#038;feed_img=&#038;el_widget_id=&#038;artwork=&#038;posts_per_pages=-1&#038;all_category=&#038;single_playlist=&#038;reverse_tracklist=&#038;audio_meta_field=&#038;repeater_meta_field=&#038;import_file=&#038;rss_items=-1&#038;rss_item_title=&#038;is_favorite=&#038;is_recentlyplayed=&#038;srp_order=date_DESC\" data-sticky-player=\"0\" data-shuffle=\"false\" data-playlist_title=\"\" data-scrollbar=\"\" data-wave-color=\"\" data-wave-progress-color=\"\" data-spectro=\"\" data-no-wave=\"0\" data-hide-progressbar=\"\" data-progress-bar-style=\"\"data-feedurl=\"0\" data-notrackskip=\"\" data-no-loop-tracklist=\"\" data-playertemplate =\"skin_boxed_tracklist\" data-hide-artwork =\"\" data-speedrate=\"1\"  data-tracks-per-page=\"\" data-pagination_scroll_offset=\"\" data-adaptive-colors=\"\" data-adaptive-colors-freeze=\"\" style=\"opacity:0;\"><div class=\"srp_player_boxed srp_player_grid\"><div class=\"sonaar-Artwort-box \">\n                <div class=\"control\">\n                    \n                <\/div>\n                <div class=\"album\">\n                    <div class=\"album-art\">\n                        <img alt=\"album-art\">\n                    <\/div>\n                <\/div>\n                <\/div><div class=\"album-player sr_waveform_mediaElement\" data-wave-bar-width=\"1\" data-wave-bar-gap=\"1\"><div class=\"srp_miniplayer_metas\"><div class=\" srp_meta srp_meta_0 album-title\" data-prefix=\"\" aria-label=\"Title\"><\/div><\/div><div class=\"srp_subtitle\">Contada en descriptivos audios<\/div><div class=\"srp_player_meta\"><\/div><div class=\"srp_control_box\">\n            <div class=\"srp-play-button play\" href=\"#\" aria-label=\"Play\">\n                <i class=\"sricon-play\"><\/i>\n                <div class=\"srp-play-circle\"><\/div>\n            <\/div><div class=\"srp_wave_box\"> <div class=\"player \" ><div class=\"sr_progressbar\">\n                \n            <div class=\"currentTime\">00:00<\/div>\n         \n                <div id=\"arbitrary-instance-69d4c7d95ceac-1a65165233-wave\" class=\"wave\" >\n                 \n        <div class=\"sonaar_fake_wave\" style=\"height:70px\"> \n            <audio src=\"\" class=\"sonaar_media_element\"><\/audio> \n            <div class=\"sonaar_wave_base\"> \n                <canvas id=\"sonaar_wave_base_canvas\" class=\"\" height=\"70\" width=\"2540\"><\/canvas> \n                <svg><\/svg> \n            <\/div> \n            <div class=\"sonaar_wave_cut\"> \n                <canvas id=\"sonaar_wave_cut_canvas\" class=\"\" height=\"70\" width=\"2540\"><\/canvas> \n                <svg><\/svg> \n            <\/div> \n        <\/div> \n                <\/div>\n                \n            <div class=\"totalTime\"><\/div>\n         \n             <\/div><\/div><div class=\"control\"><div class=\"previous sricon-back\" style=\"opacity:0;\" aria-label=\"Previous Track\" title=\"Previous\"><\/div><div class=\"play\" style=\"opacity:0;\" aria-label=\"Play\" title=\"Play\/Pause\">\n                <i class=\"sricon-play\"><\/i>\n            <\/div><div class=\"next sricon-forward\" style=\"opacity:0;\" aria-label=\"Next Track\" title=\"Next \"><\/div><\/div><\/div><\/div><\/div><\/div><div class=\"playlist sr_waveform_mediaElement\"  id=\"playlist_arbitrary-instance-69d4c7d95ceac\"><div class=\"srp_tracklist\"><ul class=\"srp_list\"><li \n            class=\"sr-playlist-item\" \n            data-audiopath=\"https:\/\/teatinos.org\/wp-content\/uploads\/2025\/07\/1.-BASILICA-ITA.mp3\"\n            data-showloading=\"1\"\n            data-albumTitle=\"Historia de la bas\u00edlica\"\n            data-albumArt=\"\"\n            data-releasedate=\"Contada en descriptivos audios\"\n            data-date=\"2025\/07\/17\"\n            data-date-formated=\"juillet 17, 2025\"\n            data-show-date=\"\"\n            data-trackTitle=\"1. BASILICA \u2013 Italiano\"\n            data-artist=\"\"\n            data-trackID=\"19703\"\n            data-trackTime=\"13:06\"\n            data-relatedTrack=\"\"\n            data-post-url=\"\"\n            data-post-id=\"19710\"\n            data-track-pos=\"0\"\n            data-peakFile=\"https:\/\/teatinos.org\/wp-content\/uploads\/audio_peaks\/19703.peak\"\n            data-peakFile-allow=\"1\"\n            data-is-preview=\"\"\n            data-track-lyric=\"\" data-icecast_json=\"\" data-icecast_mount=\"\"><div class=\"sr-playlist-item-flex\"><span class=\"store-list\"><\/span><\/div><div class=\"srp_track_description\"><\/div><\/li><li \n            class=\"sr-playlist-item\" \n            data-audiopath=\"https:\/\/teatinos.org\/wp-content\/uploads\/2025\/07\/2.-BASILICA-ENG.mp3\"\n            data-showloading=\"1\"\n            data-albumTitle=\"Historia de la bas\u00edlica\"\n            data-albumArt=\"\"\n            data-releasedate=\"Contada en descriptivos audios\"\n            data-date=\"2025\/07\/17\"\n            data-date-formated=\"juillet 17, 2025\"\n            data-show-date=\"\"\n            data-trackTitle=\"2. BASILICA \u2013 Ingl\u00e9s\"\n            data-artist=\"J.S.BACH VIOLIN CONCERTO IN E MAJOR BWV 1042\"\n            data-trackID=\"19711\"\n            data-trackTime=\"13:44\"\n            data-relatedTrack=\"\"\n            data-post-url=\"\"\n            data-post-id=\"19710\"\n            data-track-pos=\"1\"\n            data-peakFile=\"https:\/\/teatinos.org\/wp-content\/uploads\/audio_peaks\/19711.peak\"\n            data-peakFile-allow=\"1\"\n            data-is-preview=\"\"\n            data-track-lyric=\"\" data-icecast_json=\"\" data-icecast_mount=\"\"><div class=\"sr-playlist-item-flex\"><span class=\"store-list\"><\/span><\/div><div class=\"srp_track_description\"><\/div><\/li><li \n            class=\"sr-playlist-item\" \n            data-audiopath=\"https:\/\/teatinos.org\/wp-content\/uploads\/2025\/07\/3.-BASILICA-ESP.mp3\"\n            data-showloading=\"1\"\n            data-albumTitle=\"Historia de la bas\u00edlica\"\n            data-albumArt=\"\"\n            data-releasedate=\"Contada en descriptivos audios\"\n            data-date=\"2025\/07\/17\"\n            data-date-formated=\"juillet 17, 2025\"\n            data-show-date=\"\"\n            data-trackTitle=\"3. BAS\u00cdLICA \u2013 Espa\u00f1ol\"\n            data-artist=\"\"\n            data-trackID=\"19718\"\n            data-trackTime=\"12:17\"\n            data-relatedTrack=\"\"\n            data-post-url=\"\"\n            data-post-id=\"19710\"\n            data-track-pos=\"2\"\n            data-peakFile=\"https:\/\/teatinos.org\/wp-content\/uploads\/audio_peaks\/19718.peak\"\n            data-peakFile-allow=\"1\"\n            data-is-preview=\"\"\n            data-track-lyric=\"\" data-icecast_json=\"\" data-icecast_mount=\"\"><div class=\"sr-playlist-item-flex\"><span class=\"store-list\"><\/span><\/div><div class=\"srp_track_description\"><\/div><\/li><li \n            class=\"sr-playlist-item\" \n            data-audiopath=\"https:\/\/teatinos.org\/wp-content\/uploads\/2025\/07\/4.-BASILICA-FRE.mp3\"\n            data-showloading=\"1\"\n            data-albumTitle=\"Historia de la bas\u00edlica\"\n            data-albumArt=\"\"\n            data-releasedate=\"Contada en descriptivos audios\"\n            data-date=\"2025\/07\/17\"\n            data-date-formated=\"juillet 17, 2025\"\n            data-show-date=\"\"\n            data-trackTitle=\"4. BASILIQUE \u2013 Franc\u00e9s\"\n            data-artist=\"J.S.BACH VIOLIN CONCERTO IN E MAJOR BWV 1042\"\n            data-trackID=\"19723\"\n            data-trackTime=\"14:49\"\n            data-relatedTrack=\"\"\n            data-post-url=\"\"\n            data-post-id=\"19710\"\n            data-track-pos=\"3\"\n            data-peakFile=\"https:\/\/teatinos.org\/wp-content\/uploads\/audio_peaks\/19723.peak\"\n            data-peakFile-allow=\"1\"\n            data-is-preview=\"\"\n            data-track-lyric=\"\" data-icecast_json=\"\" data-icecast_mount=\"\"><div class=\"sr-playlist-item-flex\"><span class=\"store-list\"><\/span><\/div><div class=\"srp_track_description\"><\/div><\/li><li \n            class=\"sr-playlist-item\" \n            data-audiopath=\"https:\/\/teatinos.org\/wp-content\/uploads\/2025\/07\/5.-BASILICA-GER.mp3\"\n            data-showloading=\"1\"\n            data-albumTitle=\"Historia de la bas\u00edlica\"\n            data-albumArt=\"\"\n            data-releasedate=\"Contada en descriptivos audios\"\n            data-date=\"2025\/07\/17\"\n            data-date-formated=\"juillet 17, 2025\"\n            data-show-date=\"\"\n            data-trackTitle=\"5. BASILIKA \u2013 Alem\u00e1n\"\n            data-artist=\"J.S.BACH VIOLIN CONCERTO IN E MAJOR BWV 1042\"\n            data-trackID=\"19728\"\n            data-trackTime=\"13:44\"\n            data-relatedTrack=\"\"\n            data-post-url=\"\"\n            data-post-id=\"19710\"\n            data-track-pos=\"4\"\n            data-peakFile=\"https:\/\/teatinos.org\/wp-content\/uploads\/audio_peaks\/19728.peak\"\n            data-peakFile-allow=\"1\"\n            data-is-preview=\"\"\n            data-track-lyric=\"\" data-icecast_json=\"\" data-icecast_mount=\"\"><div class=\"sr-playlist-item-flex\"><span class=\"store-list\"><\/span><\/div><div class=\"srp_track_description\"><\/div><\/li><li \n            class=\"sr-playlist-item\" \n            data-audiopath=\"https:\/\/teatinos.org\/wp-content\/uploads\/2025\/07\/6.-BASILICA-POL.mp3\"\n            data-showloading=\"1\"\n            data-albumTitle=\"Historia de la bas\u00edlica\"\n            data-albumArt=\"\"\n            data-releasedate=\"Contada en descriptivos audios\"\n            data-date=\"2025\/07\/17\"\n            data-date-formated=\"juillet 17, 2025\"\n            data-show-date=\"\"\n            data-trackTitle=\"6. BAZYLIKA \u2013 Polaco\"\n            data-artist=\"\"\n            data-trackID=\"19733\"\n            data-trackTime=\"16:58\"\n            data-relatedTrack=\"\"\n            data-post-url=\"\"\n            data-post-id=\"19710\"\n            data-track-pos=\"5\"\n            data-peakFile=\"https:\/\/teatinos.org\/wp-content\/uploads\/audio_peaks\/19733.peak\"\n            data-peakFile-allow=\"1\"\n            data-is-preview=\"\"\n            data-track-lyric=\"\" data-icecast_json=\"\" data-icecast_mount=\"\"><div class=\"sr-playlist-item-flex\"><span class=\"store-list\"><\/span><\/div><div class=\"srp_track_description\"><\/div><\/li><li \n            class=\"sr-playlist-item\" \n            data-audiopath=\"https:\/\/teatinos.org\/wp-content\/uploads\/2025\/07\/7.-BASILICA-POR.mp3\"\n            data-showloading=\"1\"\n            data-albumTitle=\"Historia de la bas\u00edlica\"\n            data-albumArt=\"\"\n            data-releasedate=\"Contada en descriptivos audios\"\n            data-date=\"2025\/07\/17\"\n            data-date-formated=\"juillet 17, 2025\"\n            data-show-date=\"\"\n            data-trackTitle=\"7. BAS\u00cdLICA \u2013 Portugu\u00e9s\"\n            data-artist=\"\"\n            data-trackID=\"19738\"\n            data-trackTime=\"16:25\"\n            data-relatedTrack=\"\"\n            data-post-url=\"\"\n            data-post-id=\"19710\"\n            data-track-pos=\"6\"\n            data-peakFile=\"https:\/\/teatinos.org\/wp-content\/uploads\/audio_peaks\/19738.peak\"\n            data-peakFile-allow=\"1\"\n            data-is-preview=\"\"\n            data-track-lyric=\"\" data-icecast_json=\"\" data-icecast_mount=\"\"><div class=\"sr-playlist-item-flex\"><span class=\"store-list\"><\/span><\/div><div class=\"srp_track_description\"><\/div><\/li><li \n            class=\"sr-playlist-item\" \n            data-audiopath=\"https:\/\/teatinos.org\/wp-content\/uploads\/2025\/07\/8.-BASILICA-RUS.mp3\"\n            data-showloading=\"1\"\n            data-albumTitle=\"Historia de la bas\u00edlica\"\n            data-albumArt=\"\"\n            data-releasedate=\"Contada en descriptivos audios\"\n            data-date=\"2025\/07\/17\"\n            data-date-formated=\"juillet 17, 2025\"\n            data-show-date=\"\"\n            data-trackTitle=\"8. BASILICA \u2013 Ruso\"\n            data-artist=\"J.S.BACH VIOLIN CONCERTO IN E MAJOR BWV 1042\"\n            data-trackID=\"19743\"\n            data-trackTime=\"15:24\"\n            data-relatedTrack=\"\"\n            data-post-url=\"\"\n            data-post-id=\"19710\"\n            data-track-pos=\"7\"\n            data-peakFile=\"https:\/\/teatinos.org\/wp-content\/uploads\/audio_peaks\/19743.peak\"\n            data-peakFile-allow=\"1\"\n            data-is-preview=\"\"\n            data-track-lyric=\"\" data-icecast_json=\"\" data-icecast_mount=\"\"><div class=\"sr-playlist-item-flex\"><span class=\"store-list\"><\/span><\/div><div class=\"srp_track_description\"><\/div><\/li><\/ul><\/div><\/div><div class=\"album-store\"><\/div><\/div><script id=\"srp_js_params_69d4c7d95ceac\">\n        var srp_player_params_69d4c7d95ceac = {\"title\":\"\",\"store_title_text\":\"\",\"albums\":\"latest\",\"hide_artwork\":false,\"sticky_player\":0,\"show_album_market\":0,\"show_track_market\":\"true\",\"hide_timeline\":0,\"progress_bar_style\":\"default\",\"wave_bar_width\":\"1\",\"wave_bar_gap\":\"1\",\"player_layout\":\"skin_boxed_tracklist\",\"tracklist_layout\":\"list\",\"show_playlist\":\"true\",\"orderby\":\"date\",\"order\":\"DESC\",\"use_play_label_with_icon\":\"false\",\"main_settings\":\"||\"} \n        var srp_player_params_args_69d4c7d95ceac = {\"before_widget\":\"<article id=\\\"arbitrary-instance-69d4c7d95ceac\\\" class=\\\"iron_widget_radio playlist_enabled\\\">\",\"after_widget\":\"<\\\/article>\",\"before_title\":\"<span class='heading-t3'><\\\/span><h3 class=\\\"widgettitle\\\">\",\"after_title\":\"<\\\/h3>\",\"widget_id\":\"arbitrary-instance-69d4c7d95ceac\"}  \n        <\/script><script>if(typeof setIronAudioplayers !== \"undefined\"){ setIronAudioplayers(\"arbitrary-instance-69d4c7d95ceac\"); }<\/script><\/article>[\/vc_column_text][\/vc_column_inner][\/vc_row_inner][vc_empty_space height=\u00a0\u00bb80px\u00a0\u00bb]<\/div>[\/vc_column][\/vc_row]<\/p>\n","protected":false},"excerpt":{"rendered":"<p>[vc_row css=\u00a0\u00bb.vc_custom_1459790702196{padding-top: 100px !important;padding-bottom: 50px !important;}\u00a0\u00bb][vc_column][\/vc_column][\/vc_row] [vc_row css=\u00a0\u00bb.vc_custom_1752763112887{padding-bottom: 100px !important;}\u00a0\u00bb][vc_column][\/vc_column][\/vc_row]<\/p>\n","protected":false},"author":1,"featured_media":0,"parent":0,"menu_order":0,"comment_status":"closed","ping_status":"closed","template":"","meta":{"_acf_changed":false,"footnotes":"","_links_to":"","_links_to_target":""},"class_list":["post-4549","page","type-page","status-publish","hentry"],"acf":[],"yoast_head":"<!-- This site is optimized with the Yoast SEO plugin v23.5 - https:\/\/yoast.com\/wordpress\/plugins\/seo\/ -->\n<title>Histoire de La Basilique - Teatinos<\/title>\n<meta name=\"robots\" content=\"index, follow, max-snippet:-1, max-image-preview:large, max-video-preview:-1\" \/>\n<link rel=\"canonical\" href=\"https:\/\/teatinos.org\/fr\/histoire-de-la-basilique\/\" \/>\n<meta property=\"og:locale\" content=\"fr_FR\" \/>\n<meta property=\"og:type\" content=\"article\" \/>\n<meta property=\"og:title\" content=\"Histoire de La Basilique - Teatinos\" \/>\n<meta property=\"og:description\" content=\"[vc_row css=\u00a0\u00bb.vc_custom_1459790702196{padding-top: 100px !important;padding-bottom: 50px !important;}\u00a0\u00bb][vc_column][\/vc_column][\/vc_row] [vc_row css=\u00a0\u00bb.vc_custom_1752763112887{padding-bottom: 100px !important;}\u00a0\u00bb][vc_column][\/vc_column][\/vc_row]\" \/>\n<meta property=\"og:url\" content=\"https:\/\/teatinos.org\/fr\/histoire-de-la-basilique\/\" \/>\n<meta property=\"og:site_name\" content=\"Teatinos\" \/>\n<meta property=\"article:modified_time\" content=\"2025-07-17T15:17:27+00:00\" \/>\n<meta name=\"twitter:card\" content=\"summary_large_image\" \/>\n<meta name=\"twitter:label1\" content=\"Dur\u00e9e de lecture estim\u00e9e\" \/>\n\t<meta name=\"twitter:data1\" content=\"2 minutes\" \/>\n<script type=\"application\/ld+json\" class=\"yoast-schema-graph\">{\"@context\":\"https:\/\/schema.org\",\"@graph\":[{\"@type\":\"WebPage\",\"@id\":\"https:\/\/teatinos.org\/fr\/histoire-de-la-basilique\/\",\"url\":\"https:\/\/teatinos.org\/fr\/histoire-de-la-basilique\/\",\"name\":\"Histoire de La Basilique - Teatinos\",\"isPartOf\":{\"@id\":\"https:\/\/teatinos.org\/pt-br\/#website\"},\"datePublished\":\"2018-09-04T12:42:20+00:00\",\"dateModified\":\"2025-07-17T15:17:27+00:00\",\"breadcrumb\":{\"@id\":\"https:\/\/teatinos.org\/fr\/histoire-de-la-basilique\/#breadcrumb\"},\"inLanguage\":\"fr-FR\",\"potentialAction\":[{\"@type\":\"ReadAction\",\"target\":[\"https:\/\/teatinos.org\/fr\/histoire-de-la-basilique\/\"]}]},{\"@type\":\"BreadcrumbList\",\"@id\":\"https:\/\/teatinos.org\/fr\/histoire-de-la-basilique\/#breadcrumb\",\"itemListElement\":[{\"@type\":\"ListItem\",\"position\":1,\"name\":\"Portada\",\"item\":\"https:\/\/teatinos.org\/fr\/\"},{\"@type\":\"ListItem\",\"position\":2,\"name\":\"Histoire de La Basilique\"}]},{\"@type\":\"WebSite\",\"@id\":\"https:\/\/teatinos.org\/pt-br\/#website\",\"url\":\"https:\/\/teatinos.org\/pt-br\/\",\"name\":\"Teatinos\",\"description\":\"Orden de Cl\u00e9rigos Regulares\",\"potentialAction\":[{\"@type\":\"SearchAction\",\"target\":{\"@type\":\"EntryPoint\",\"urlTemplate\":\"https:\/\/teatinos.org\/pt-br\/?s={search_term_string}\"},\"query-input\":{\"@type\":\"PropertyValueSpecification\",\"valueRequired\":true,\"valueName\":\"search_term_string\"}}],\"inLanguage\":\"fr-FR\"}]}<\/script>\n<!-- \/ Yoast SEO plugin. -->","yoast_head_json":{"title":"Histoire de La Basilique - Teatinos","robots":{"index":"index","follow":"follow","max-snippet":"max-snippet:-1","max-image-preview":"max-image-preview:large","max-video-preview":"max-video-preview:-1"},"canonical":"https:\/\/teatinos.org\/fr\/histoire-de-la-basilique\/","og_locale":"fr_FR","og_type":"article","og_title":"Histoire de La Basilique - Teatinos","og_description":"[vc_row css=\u00a0\u00bb.vc_custom_1459790702196{padding-top: 100px !important;padding-bottom: 50px !important;}\u00a0\u00bb][vc_column][\/vc_column][\/vc_row] [vc_row css=\u00a0\u00bb.vc_custom_1752763112887{padding-bottom: 100px !important;}\u00a0\u00bb][vc_column][\/vc_column][\/vc_row]","og_url":"https:\/\/teatinos.org\/fr\/histoire-de-la-basilique\/","og_site_name":"Teatinos","article_modified_time":"2025-07-17T15:17:27+00:00","twitter_card":"summary_large_image","twitter_misc":{"Dur\u00e9e de lecture estim\u00e9e":"2 minutes"},"schema":{"@context":"https:\/\/schema.org","@graph":[{"@type":"WebPage","@id":"https:\/\/teatinos.org\/fr\/histoire-de-la-basilique\/","url":"https:\/\/teatinos.org\/fr\/histoire-de-la-basilique\/","name":"Histoire de La Basilique - Teatinos","isPartOf":{"@id":"https:\/\/teatinos.org\/pt-br\/#website"},"datePublished":"2018-09-04T12:42:20+00:00","dateModified":"2025-07-17T15:17:27+00:00","breadcrumb":{"@id":"https:\/\/teatinos.org\/fr\/histoire-de-la-basilique\/#breadcrumb"},"inLanguage":"fr-FR","potentialAction":[{"@type":"ReadAction","target":["https:\/\/teatinos.org\/fr\/histoire-de-la-basilique\/"]}]},{"@type":"BreadcrumbList","@id":"https:\/\/teatinos.org\/fr\/histoire-de-la-basilique\/#breadcrumb","itemListElement":[{"@type":"ListItem","position":1,"name":"Portada","item":"https:\/\/teatinos.org\/fr\/"},{"@type":"ListItem","position":2,"name":"Histoire de La Basilique"}]},{"@type":"WebSite","@id":"https:\/\/teatinos.org\/pt-br\/#website","url":"https:\/\/teatinos.org\/pt-br\/","name":"Teatinos","description":"Orden de Cl\u00e9rigos Regulares","potentialAction":[{"@type":"SearchAction","target":{"@type":"EntryPoint","urlTemplate":"https:\/\/teatinos.org\/pt-br\/?s={search_term_string}"},"query-input":{"@type":"PropertyValueSpecification","valueRequired":true,"valueName":"search_term_string"}}],"inLanguage":"fr-FR"}]}},"rttpg_featured_image_url":null,"rttpg_author":{"display_name":"admin","author_link":"https:\/\/teatinos.org\/fr\/author\/admin\/"},"rttpg_comment":0,"rttpg_category":" <a href=\"https:\/\/teatinos.org\/fr\/?taxonomy=translation_priority&#038;term=facultatif\" rel=\"tag\">Facultatif<\/a>","rttpg_excerpt":"[vc_row css=\u00a0\u00bb.vc_custom_1459790702196{padding-top: 100px !important;padding-bottom: 50px !important;}\u00a0\u00bb][vc_column][\/vc_column][\/vc_row] [vc_row css=\u00a0\u00bb.vc_custom_1752763112887{padding-bottom: 100px !important;}\u00a0\u00bb][vc_column][\/vc_column][\/vc_row]","_links":{"self":[{"href":"https:\/\/teatinos.org\/fr\/wp-json\/wp\/v2\/pages\/4549","targetHints":{"allow":["GET"]}}],"collection":[{"href":"https:\/\/teatinos.org\/fr\/wp-json\/wp\/v2\/pages"}],"about":[{"href":"https:\/\/teatinos.org\/fr\/wp-json\/wp\/v2\/types\/page"}],"author":[{"embeddable":true,"href":"https:\/\/teatinos.org\/fr\/wp-json\/wp\/v2\/users\/1"}],"replies":[{"embeddable":true,"href":"https:\/\/teatinos.org\/fr\/wp-json\/wp\/v2\/comments?post=4549"}],"version-history":[{"count":3,"href":"https:\/\/teatinos.org\/fr\/wp-json\/wp\/v2\/pages\/4549\/revisions"}],"predecessor-version":[{"id":19755,"href":"https:\/\/teatinos.org\/fr\/wp-json\/wp\/v2\/pages\/4549\/revisions\/19755"}],"wp:attachment":[{"href":"https:\/\/teatinos.org\/fr\/wp-json\/wp\/v2\/media?parent=4549"}],"curies":[{"name":"wp","href":"https:\/\/api.w.org\/{rel}","templated":true}]}}