{"id":4544,"date":"2018-08-14T14:51:29","date_gmt":"2018-08-14T14:51:29","guid":{"rendered":"http:\/\/teatinos.org\/basilica-ubicacion-y-horarios\/"},"modified":"2020-02-28T12:55:13","modified_gmt":"2020-02-28T12:55:13","slug":"la-basilique-le-lieu-et-les-horaires","status":"publish","type":"page","link":"https:\/\/teatinos.org\/fr\/la-basilique-le-lieu-et-les-horaires\/","title":{"rendered":"La Basilique &#8211; Le lieu et les horaires"},"content":{"rendered":"<p>[vc_row full_width=\u00a0\u00bbstretch_row_content\u00a0\u00bb css=\u00a0\u00bb.vc_custom_1534287836680{padding-top: 100px !important;padding-bottom: 100px !important;}\u00a0\u00bb][vc_column]<div class=\"container \">[vc_row_inner][vc_column_inner width=\u00a0\u00bb1\/2&Prime;][vc_column_text]<\/p>\n<h1>Le lieu<\/h1>\n<p>[\/vc_column_text][vc_column_text]<\/p>\n<div class=\"description-basilica\">La Basilique de Sant&rsquo;Andrea della Valle se trouve dans la ville de Rome (en Italie) sur le Corso Vittorio Emanuele, face \u00e0 la Place du m\u00eame nom, et en ayant comme r\u00e9f\u00e9rences la Place Vidoni et la Via Chiavari, \u00e0 quelques 100 m\u00e8tres du Largo Argentina.<\/div>\n<p>[\/vc_column_text][vc_column_text]<\/p>\n<h3>Les horaires<\/h3>\n<p>[\/vc_column_text][vc_column_text]<\/p>\n<div class=\"info-date-basilica\">La c\u00e9l\u00e9bration de la Sainte Messe dans cette Basilique romaine a lieu tous les jours:<\/div>\n<div class=\"content-location-basilica\">\n<div class=\"name-date-basilica\">Du lundi au samedi<\/div>\n<div class=\"name-time-basilica\">\u00e0 9 h 00 et \u00e0 19 h 00<\/div>\n<div class=\"name-date-basilica\">Les dimanches et jours de f\u00eate<\/div>\n<div class=\"name-time-basilica\">\u00e0 9 h 00, 11 h 00 et 19 h 00<\/div>\n<\/div>\n<div class=\"info-date-basilica\">Sauf le quatri\u00e8me dimanche de chaque mois, la Communaut\u00e9 philippine se r\u00e9unit dans notre Basilique pour partager l&rsquo;Eucharistie en anglais et\/ou en tagalog:<\/div>\n<div class=\"content-location-basilica\">\n<div class=\"name-date-basilica\">Quatri\u00e8me dimanche de chaque mois<\/div>\n<div class=\"name-time-basilica\">\u00e0 12 h 00<\/div>\n<\/div>\n<div class=\"info-date-basilica\">Par ailleurs, on accueille pour les confessions des fid\u00e8les, dans le cadre du Sacrement de la R\u00e9conciliation:<\/div>\n<div class=\"content-location-basilica\">\n<div class=\"name-date-basilica\">Les confessions<\/div>\n<div class=\"name-time-basilica\">Tous les jours de 17 h 30 \u00e0 19 h 00<\/div>\n<\/div>\n<div class=\"info-date-basilica\">Quand il y a des concerts de musique sacr\u00e9e, chaque concert pr\u00e9sente un horaire sp\u00e9cial qui est connu gr\u00e2ce \u00e0 une annonce pr\u00e9alable du concert.<\/div>\n<p>[\/vc_column_text][\/vc_column_inner][vc_column_inner width=\u00a0\u00bb1\/2&Prime;][vc_empty_space][vc_column_text el_class=\u00a0\u00bb`{` { \u00ab\u00a0featureType\u00ab\u00a0: \u00ab\u00a0all\u00ab\u00a0, \u00ab\u00a0elementType\u00ab\u00a0: \u00ab\u00a0labels.text.fill\u00ab\u00a0, \u00ab\u00a0stylers\u00ab\u00a0: `{` { \u00ab\u00a0saturation\u00ab\u00a0: 36 }, { \u00ab\u00a0color\u00ab\u00a0: \u00ab\u00a0#000000\u00ab\u00a0 }, { \u00ab\u00a0lightness\u00ab\u00a0: 40 } `}` }, { \u00ab\u00a0featureType\u00ab\u00a0: \u00ab\u00a0all\u00ab\u00a0, \u00ab\u00a0elementType\u00ab\u00a0: \u00ab\u00a0labels.text.stroke\u00ab\u00a0, \u00ab\u00a0stylers\u00ab\u00a0: `{` { \u00ab\u00a0visibility\u00ab\u00a0: \u00ab\u00a0on\u00ab\u00a0 }, { \u00ab\u00a0color\u00ab\u00a0: \u00ab\u00a0#000000\u00ab\u00a0 }, { \u00ab\u00a0lightness\u00ab\u00a0: 16 } `}` }, { \u00ab\u00a0featureType\u00ab\u00a0: \u00ab\u00a0all\u00ab\u00a0, \u00ab\u00a0elementType\u00ab\u00a0: \u00ab\u00a0labels.icon\u00ab\u00a0, \u00ab\u00a0stylers\u00ab\u00a0: `{` { \u00ab\u00a0visibility\u00ab\u00a0: \u00ab\u00a0off\u00ab\u00a0 } `}` }, { \u00ab\u00a0featureType\u00ab\u00a0: \u00ab\u00a0administrative\u00ab\u00a0, \u00ab\u00a0elementType\u00ab\u00a0: \u00ab\u00a0geometry.fill\u00ab\u00a0, \u00ab\u00a0stylers\u00ab\u00a0: `{` { \u00ab\u00a0color\u00ab\u00a0: \u00ab\u00a0#000000\u00ab\u00a0 }, { \u00ab\u00a0lightness\u00ab\u00a0: 20 } `}` }, { \u00ab\u00a0featureType\u00ab\u00a0: \u00ab\u00a0administrative\u00ab\u00a0, \u00ab\u00a0elementType\u00ab\u00a0: \u00ab\u00a0geometry.stroke\u00ab\u00a0, \u00ab\u00a0stylers\u00ab\u00a0: `{` { \u00ab\u00a0color\u00ab\u00a0: \u00ab\u00a0#000000\u00ab\u00a0 }, { \u00ab\u00a0lightness\u00ab\u00a0: 17 }, { \u00ab\u00a0weight\u00ab\u00a0: 1.2 } `}` }, { \u00ab\u00a0featureType\u00ab\u00a0: \u00ab\u00a0landscape\u00ab\u00a0, \u00ab\u00a0elementType\u00ab\u00a0: \u00ab\u00a0geometry\u00ab\u00a0, \u00ab\u00a0stylers\u00ab\u00a0: `{` { \u00ab\u00a0color\u00ab\u00a0: \u00ab\u00a0#000000\u00ab\u00a0 }, { \u00ab\u00a0lightness\u00ab\u00a0: 20 } `}` }, { \u00ab\u00a0featureType\u00ab\u00a0: \u00ab\u00a0poi\u00ab\u00a0, \u00ab\u00a0elementType\u00ab\u00a0: \u00ab\u00a0geometry\u00ab\u00a0, \u00ab\u00a0stylers\u00ab\u00a0: `{` { \u00ab\u00a0color\u00ab\u00a0: \u00ab\u00a0#000000\u00ab\u00a0 }, { \u00ab\u00a0lightness\u00ab\u00a0: 21 } `}` }, { \u00ab\u00a0featureType\u00ab\u00a0: \u00ab\u00a0road.highway\u00ab\u00a0, \u00ab\u00a0elementType\u00ab\u00a0: \u00ab\u00a0geometry.fill\u00ab\u00a0, \u00ab\u00a0stylers\u00ab\u00a0: `{` { \u00ab\u00a0color\u00ab\u00a0: \u00ab\u00a0#000000\u00ab\u00a0 }, { \u00ab\u00a0lightness\u00ab\u00a0: 17 } `}` }, { \u00ab\u00a0featureType\u00ab\u00a0: \u00ab\u00a0road.highway\u00ab\u00a0, \u00ab\u00a0elementType\u00ab\u00a0: \u00ab\u00a0geometry.stroke\u00ab\u00a0, \u00ab\u00a0stylers\u00ab\u00a0: `{` { \u00ab\u00a0color\u00ab\u00a0: \u00ab\u00a0#000000\u00ab\u00a0 }, { \u00ab\u00a0lightness\u00ab\u00a0: 29 }, { \u00ab\u00a0weight\u00ab\u00a0: 0.2 } `}` }, { \u00ab\u00a0featureType\u00ab\u00a0: \u00ab\u00a0road.arterial\u00ab\u00a0, \u00ab\u00a0elementType\u00ab\u00a0: \u00ab\u00a0geometry\u00ab\u00a0, \u00ab\u00a0stylers\u00ab\u00a0: `{` { \u00ab\u00a0color\u00ab\u00a0: \u00ab\u00a0#000000\u00ab\u00a0 }, { \u00ab\u00a0lightness\u00ab\u00a0: 18 } `}` }, { \u00ab\u00a0featureType\u00ab\u00a0: \u00ab\u00a0road.local\u00ab\u00a0, \u00ab\u00a0elementType\u00ab\u00a0: \u00ab\u00a0geometry\u00ab\u00a0, \u00ab\u00a0stylers\u00ab\u00a0: `{` { \u00ab\u00a0color\u00ab\u00a0: \u00ab\u00a0#000000\u00ab\u00a0 }, { \u00ab\u00a0lightness\u00ab\u00a0: 16 } `}` }, { \u00ab\u00a0featureType\u00ab\u00a0: \u00ab\u00a0transit\u00ab\u00a0, \u00ab\u00a0elementType\u00ab\u00a0: \u00ab\u00a0geometry\u00ab\u00a0, \u00ab\u00a0stylers\u00ab\u00a0: `{` { \u00ab\u00a0color\u00ab\u00a0: \u00ab\u00a0#000000\u00ab\u00a0 }, { \u00ab\u00a0lightness\u00ab\u00a0: 19 } `}` }, { \u00ab\u00a0featureType\u00ab\u00a0: \u00ab\u00a0water\u00ab\u00a0, \u00ab\u00a0elementType\u00ab\u00a0: \u00ab\u00a0geometry\u00ab\u00a0, \u00ab\u00a0stylers\u00ab\u00a0: `{` { \u00ab\u00a0color\u00ab\u00a0: \u00ab\u00a0#000000\u00ab\u00a0 }, { \u00ab\u00a0lightness\u00ab\u00a0: 17 } `}` } `}`\u00a0\u00bb]<iframe loading=\"lazy\" style=\"border: 1;\" src=\"https:\/\/www.google.com\/maps\/embed?pb=!1m18!1m12!1m3!1d2969.8570927329197!2d12.472128415441667!3d41.8959303792208!2m3!1f0!2f0!3f0!3m2!1i1024!2i768!4f13.1!3m3!1m2!1s0x132f604f11d4254d%3A0xf47bacbc1c31e400!2sSant'Andrea+della+Valle%2C+Piazza+Vidoni%2C+6%2C+00186+Roma+RM%2C+Italia!5e0!3m2!1ses!2sar!4v1533071186073\" width=\"800\" height=\"845\" frameborder=\"0\" allowfullscreen=\"allowfullscreen\"><\/iframe>[\/vc_column_text][\/vc_column_inner][\/vc_row_inner]<\/div>[\/vc_column][\/vc_row][vc_row][vc_column][vc_column_text]<\/p>\n<p>[\/vc_column_text][\/vc_column][\/vc_row][vc_row][vc_column][vc_column_text]<\/p>\n<p>[\/vc_column_text][\/vc_column][\/vc_row]<\/p>\n","protected":false},"excerpt":{"rendered":"<p>[vc_row full_width=\u00a0\u00bbstretch_row_content\u00a0\u00bb css=\u00a0\u00bb.vc_custom_1534287836680{padding-top: 100px !important;padding-bottom: 100px !important;}\u00a0\u00bb][vc_column][\/vc_column][\/vc_row][vc_row][vc_column][vc_column_text] [\/vc_column_text][\/vc_column][\/vc_row][vc_row][vc_column][vc_column_text] [\/vc_column_text][\/vc_column][\/vc_row]<\/p>\n","protected":false},"author":1,"featured_media":0,"parent":0,"menu_order":0,"comment_status":"closed","ping_status":"closed","template":"","meta":{"_acf_changed":false,"footnotes":"","_links_to":"","_links_to_target":""},"class_list":["post-4544","page","type-page","status-publish","hentry"],"acf":[],"yoast_head":"<!-- This site is optimized with the Yoast SEO plugin v23.5 - https:\/\/yoast.com\/wordpress\/plugins\/seo\/ -->\n<title>La Basilique - Le lieu et les horaires - Teatinos<\/title>\n<meta name=\"robots\" content=\"index, follow, max-snippet:-1, max-image-preview:large, max-video-preview:-1\" \/>\n<link rel=\"canonical\" href=\"https:\/\/teatinos.org\/fr\/la-basilique-le-lieu-et-les-horaires\/\" \/>\n<meta property=\"og:locale\" content=\"fr_FR\" \/>\n<meta property=\"og:type\" content=\"article\" \/>\n<meta property=\"og:title\" content=\"La Basilique - Le lieu et les horaires - Teatinos\" \/>\n<meta property=\"og:description\" content=\"[vc_row full_width=\u00a0\u00bbstretch_row_content\u00a0\u00bb css=\u00a0\u00bb.vc_custom_1534287836680{padding-top: 100px !important;padding-bottom: 100px !important;}\u00a0\u00bb][vc_column][\/vc_column][\/vc_row][vc_row][vc_column][vc_column_text] [\/vc_column_text][\/vc_column][\/vc_row][vc_row][vc_column][vc_column_text] [\/vc_column_text][\/vc_column][\/vc_row]\" \/>\n<meta property=\"og:url\" content=\"https:\/\/teatinos.org\/fr\/la-basilique-le-lieu-et-les-horaires\/\" \/>\n<meta property=\"og:site_name\" content=\"Teatinos\" \/>\n<meta property=\"article:modified_time\" content=\"2020-02-28T12:55:13+00:00\" \/>\n<meta name=\"twitter:card\" content=\"summary_large_image\" \/>\n<meta name=\"twitter:label1\" content=\"Dur\u00e9e de lecture estim\u00e9e\" \/>\n\t<meta name=\"twitter:data1\" content=\"2 minutes\" \/>\n<script type=\"application\/ld+json\" class=\"yoast-schema-graph\">{\"@context\":\"https:\/\/schema.org\",\"@graph\":[{\"@type\":\"WebPage\",\"@id\":\"https:\/\/teatinos.org\/fr\/la-basilique-le-lieu-et-les-horaires\/\",\"url\":\"https:\/\/teatinos.org\/fr\/la-basilique-le-lieu-et-les-horaires\/\",\"name\":\"La Basilique - Le lieu et les horaires - Teatinos\",\"isPartOf\":{\"@id\":\"https:\/\/teatinos.org\/pt-br\/#website\"},\"datePublished\":\"2018-08-14T14:51:29+00:00\",\"dateModified\":\"2020-02-28T12:55:13+00:00\",\"breadcrumb\":{\"@id\":\"https:\/\/teatinos.org\/fr\/la-basilique-le-lieu-et-les-horaires\/#breadcrumb\"},\"inLanguage\":\"fr-FR\",\"potentialAction\":[{\"@type\":\"ReadAction\",\"target\":[\"https:\/\/teatinos.org\/fr\/la-basilique-le-lieu-et-les-horaires\/\"]}]},{\"@type\":\"BreadcrumbList\",\"@id\":\"https:\/\/teatinos.org\/fr\/la-basilique-le-lieu-et-les-horaires\/#breadcrumb\",\"itemListElement\":[{\"@type\":\"ListItem\",\"position\":1,\"name\":\"Portada\",\"item\":\"https:\/\/teatinos.org\/fr\/\"},{\"@type\":\"ListItem\",\"position\":2,\"name\":\"La Basilique &#8211; Le lieu et les horaires\"}]},{\"@type\":\"WebSite\",\"@id\":\"https:\/\/teatinos.org\/pt-br\/#website\",\"url\":\"https:\/\/teatinos.org\/pt-br\/\",\"name\":\"Teatinos\",\"description\":\"Orden de Cl\u00e9rigos Regulares\",\"potentialAction\":[{\"@type\":\"SearchAction\",\"target\":{\"@type\":\"EntryPoint\",\"urlTemplate\":\"https:\/\/teatinos.org\/pt-br\/?s={search_term_string}\"},\"query-input\":{\"@type\":\"PropertyValueSpecification\",\"valueRequired\":true,\"valueName\":\"search_term_string\"}}],\"inLanguage\":\"fr-FR\"}]}<\/script>\n<!-- \/ Yoast SEO plugin. -->","yoast_head_json":{"title":"La Basilique - Le lieu et les horaires - Teatinos","robots":{"index":"index","follow":"follow","max-snippet":"max-snippet:-1","max-image-preview":"max-image-preview:large","max-video-preview":"max-video-preview:-1"},"canonical":"https:\/\/teatinos.org\/fr\/la-basilique-le-lieu-et-les-horaires\/","og_locale":"fr_FR","og_type":"article","og_title":"La Basilique - Le lieu et les horaires - Teatinos","og_description":"[vc_row full_width=\u00a0\u00bbstretch_row_content\u00a0\u00bb css=\u00a0\u00bb.vc_custom_1534287836680{padding-top: 100px !important;padding-bottom: 100px !important;}\u00a0\u00bb][vc_column][\/vc_column][\/vc_row][vc_row][vc_column][vc_column_text] [\/vc_column_text][\/vc_column][\/vc_row][vc_row][vc_column][vc_column_text] [\/vc_column_text][\/vc_column][\/vc_row]","og_url":"https:\/\/teatinos.org\/fr\/la-basilique-le-lieu-et-les-horaires\/","og_site_name":"Teatinos","article_modified_time":"2020-02-28T12:55:13+00:00","twitter_card":"summary_large_image","twitter_misc":{"Dur\u00e9e de lecture estim\u00e9e":"2 minutes"},"schema":{"@context":"https:\/\/schema.org","@graph":[{"@type":"WebPage","@id":"https:\/\/teatinos.org\/fr\/la-basilique-le-lieu-et-les-horaires\/","url":"https:\/\/teatinos.org\/fr\/la-basilique-le-lieu-et-les-horaires\/","name":"La Basilique - Le lieu et les horaires - Teatinos","isPartOf":{"@id":"https:\/\/teatinos.org\/pt-br\/#website"},"datePublished":"2018-08-14T14:51:29+00:00","dateModified":"2020-02-28T12:55:13+00:00","breadcrumb":{"@id":"https:\/\/teatinos.org\/fr\/la-basilique-le-lieu-et-les-horaires\/#breadcrumb"},"inLanguage":"fr-FR","potentialAction":[{"@type":"ReadAction","target":["https:\/\/teatinos.org\/fr\/la-basilique-le-lieu-et-les-horaires\/"]}]},{"@type":"BreadcrumbList","@id":"https:\/\/teatinos.org\/fr\/la-basilique-le-lieu-et-les-horaires\/#breadcrumb","itemListElement":[{"@type":"ListItem","position":1,"name":"Portada","item":"https:\/\/teatinos.org\/fr\/"},{"@type":"ListItem","position":2,"name":"La Basilique &#8211; Le lieu et les horaires"}]},{"@type":"WebSite","@id":"https:\/\/teatinos.org\/pt-br\/#website","url":"https:\/\/teatinos.org\/pt-br\/","name":"Teatinos","description":"Orden de Cl\u00e9rigos Regulares","potentialAction":[{"@type":"SearchAction","target":{"@type":"EntryPoint","urlTemplate":"https:\/\/teatinos.org\/pt-br\/?s={search_term_string}"},"query-input":{"@type":"PropertyValueSpecification","valueRequired":true,"valueName":"search_term_string"}}],"inLanguage":"fr-FR"}]}},"rttpg_featured_image_url":null,"rttpg_author":{"display_name":"admin","author_link":"https:\/\/teatinos.org\/fr\/author\/admin\/"},"rttpg_comment":0,"rttpg_category":" <a href=\"https:\/\/teatinos.org\/fr\/?taxonomy=translation_priority&#038;term=facultatif\" rel=\"tag\">Facultatif<\/a>","rttpg_excerpt":"[vc_row full_width=\u00a0\u00bbstretch_row_content\u00a0\u00bb css=\u00a0\u00bb.vc_custom_1534287836680{padding-top: 100px !important;padding-bottom: 100px !important;}\u00a0\u00bb][vc_column][\/vc_column][\/vc_row][vc_row][vc_column][vc_column_text] [\/vc_column_text][\/vc_column][\/vc_row][vc_row][vc_column][vc_column_text] [\/vc_column_text][\/vc_column][\/vc_row]","_links":{"self":[{"href":"https:\/\/teatinos.org\/fr\/wp-json\/wp\/v2\/pages\/4544","targetHints":{"allow":["GET"]}}],"collection":[{"href":"https:\/\/teatinos.org\/fr\/wp-json\/wp\/v2\/pages"}],"about":[{"href":"https:\/\/teatinos.org\/fr\/wp-json\/wp\/v2\/types\/page"}],"author":[{"embeddable":true,"href":"https:\/\/teatinos.org\/fr\/wp-json\/wp\/v2\/users\/1"}],"replies":[{"embeddable":true,"href":"https:\/\/teatinos.org\/fr\/wp-json\/wp\/v2\/comments?post=4544"}],"version-history":[{"count":4,"href":"https:\/\/teatinos.org\/fr\/wp-json\/wp\/v2\/pages\/4544\/revisions"}],"predecessor-version":[{"id":4552,"href":"https:\/\/teatinos.org\/fr\/wp-json\/wp\/v2\/pages\/4544\/revisions\/4552"}],"wp:attachment":[{"href":"https:\/\/teatinos.org\/fr\/wp-json\/wp\/v2\/media?parent=4544"}],"curies":[{"name":"wp","href":"https:\/\/api.w.org\/{rel}","templated":true}]}}