{"id":4535,"date":"2018-07-27T20:29:36","date_gmt":"2018-07-27T20:29:36","guid":{"rendered":"http:\/\/teatinos.org\/se-un-teatino\/"},"modified":"2025-10-23T20:03:27","modified_gmt":"2025-10-23T20:03:27","slug":"sois-un-theatin","status":"publish","type":"page","link":"https:\/\/teatinos.org\/fr\/sois-un-theatin\/","title":{"rendered":"Sois un th\u00e9atin"},"content":{"rendered":"<p>[vc_row full_width=\u00a0\u00bbstretch_row_content\u00a0\u00bb][vc_column]<div class=\"container \">[vc_row_inner][vc_column_inner width=\u00a0\u00bb1\/2&Prime;][vc_empty_space][vc_column_text]<\/p>\n<p class=\"default\">Nous sommes un Institut de Vie Consacr\u00e9e qui a comme finalit\u00e9 de restaurer dans l&rsquo;\u00c9glise la forme primitive de vie apostolique incarn\u00e9e dans le minist\u00e8re sacerdotal, pour impulser la r\u00e9forme eccl\u00e9siale, \u00e0 partir de la conversion personnelle des pr\u00eatres qui vivent en Communaut\u00e9. Nous avons \u00e9t\u00e9 fond\u00e9 le 14 septembre 1524, par saint Ga\u00ebtan, Jean-Pierre Carafa, Boniface de Colli et Paul Consiglieri.<\/p>\n<p>[\/vc_column_text][vc_column_text]<\/p>\n<div class=\"contact-info animate animated\" style=\"visibility: visible;\" data-wow-delay=\"s\">\n<div>Pour avoir des renseignements g\u00e9n\u00e9raux, contacter:<\/div>\n<h6 class=\"margin-top-30 margin-bottom-20 font-bold\">Maison G\u00e9n\u00e9rale (en Italie)<\/h6>\n<ul class=\"row font-roboto\">\n<li class=\"col-md-5\" style=\"list-style-type: none;\"><a href=\"tel:0039066861339\">(0039) 06-686-1339<\/a><br \/>\n<a href=\"mailto:segretariogenerale@teatinos.org\">segretariogenerale@teatinos.org<\/a><\/li>\n<\/ul>\n<p>Pour avoir des renseignements sur les vocations, s&rsquo;il vous pla\u00eet prenez contact avec le service des vocations de votre pays au moyen de ce formulaire:<\/p>\n<\/div>\n<p>[\/vc_column_text][\/vc_column_inner][vc_column_inner width=\u00a0\u00bb1\/2&Prime;][vc_empty_space][vc_column_text]<iframe loading=\"lazy\" style=\"border: 0;\" src=\"https:\/\/www.google.com\/maps\/embed?pb=!1m18!1m12!1m3!1d2969.8570927329197!2d12.472128415441667!3d41.8959303792208!2m3!1f0!2f0!3f0!3m2!1i1024!2i768!4f13.1!3m3!1m2!1s0x132f604f11d4254d%3A0xf47bacbc1c31e400!2sSant'Andrea+della+Valle%2C+Piazza+Vidoni%2C+6%2C+00186+Roma+RM%2C+Italia!5e0!3m2!1ses!2sar!4v1533071186073\" width=\"100%\" height=\"500px\" frameborder=\"0\" allowfullscreen=\"allowfullscreen\"><\/iframe>[\/vc_column_text][\/vc_column_inner][\/vc_row_inner]<\/div>[\/vc_column][\/vc_row][vc_row full_width=\u00a0\u00bbstretch_row_content\u00a0\u00bb][vc_column]<div class=\"container \">[vc_column_text]<\/p>\n<h3>\u00c9crivez-nous!<\/h3>\n<p>[\/vc_column_text][vc_column_text]Nous t&rsquo;invitons \u00e0 nous raconter ton exp\u00e9rience de Dieu, comme chr\u00e9tien catholique, et les motivations qui t&rsquo;am\u00e8neraient \u00e0 te poser la question : qu&rsquo;est-ce que le Seigneur me demande en ce temps ? Si tu as un d\u00e9sir de vocation, tu peux r\u00e9pondre aux questions du formulaire ci-joint. Merci![\/vc_column_text]\n<div class=\"wpcf7 no-js\" id=\"wpcf7-f4540-o1\" lang=\"en-US\" dir=\"ltr\">\n<div class=\"screen-reader-response\"><p role=\"status\" aria-live=\"polite\" aria-atomic=\"true\"><\/p> <ul><\/ul><\/div>\n<form action=\"\/fr\/wp-json\/wp\/v2\/pages\/4535#wpcf7-f4540-o1\" method=\"post\" class=\"wpcf7-form init\" aria-label=\"Contact form\" novalidate=\"novalidate\" data-status=\"init\">\n<div style=\"display: none;\">\n<input type=\"hidden\" name=\"_wpcf7\" value=\"4540\" \/>\n<input type=\"hidden\" name=\"_wpcf7_version\" value=\"5.9.8\" \/>\n<input type=\"hidden\" name=\"_wpcf7_locale\" value=\"en_US\" \/>\n<input type=\"hidden\" name=\"_wpcf7_unit_tag\" value=\"wpcf7-f4540-o1\" \/>\n<input type=\"hidden\" name=\"_wpcf7_container_post\" value=\"0\" \/>\n<input type=\"hidden\" name=\"_wpcf7_posted_data_hash\" value=\"\" \/>\n<input type=\"hidden\" name=\"_wpcf7_recaptcha_response\" value=\"\" \/>\n<\/div>\n<div class=\"row\">\n\t<div class=\"col-md-12\">\n\t\t<p><span class=\"wpcf7-form-control-wrap\" data-name=\"destinatario\"><select class=\"wpcf7-form-control wpcf7-select wpcf7-validates-as-required\" aria-required=\"true\" aria-invalid=\"false\" name=\"destinatario\"><option value=\"S\u00e9lectionnez un service des vocations selon votre lieu de r\u00e9sidence\">S\u00e9lectionnez un service des vocations selon votre lieu de r\u00e9sidence<\/option><option value=\"Promoteur de la vocation de l&#039;Argentine - P. Diego A. Dold\u00e1n, C.R.\">Promoteur de la vocation de l&#039;Argentine - P. Diego A. Dold\u00e1n, C.R.<\/option><option value=\"Promoteur de la vocation du Br\u00e9sil - P. Guilherme Alves dos Santos, C.R\">Promoteur de la vocation du Br\u00e9sil - P. Guilherme Alves dos Santos, C.R<\/option><option value=\"Promoteur de la vocation de l&#039;Espagnea-Colombie - P. Francisco Javier Delgado Delgado, C.R\">Promoteur de la vocation de l&#039;Espagnea-Colombie - P. Francisco Javier Delgado Delgado, C.R<\/option><option value=\"Promoteur de la vocation de l&#039;Italie - P. Adam Kowalczykowski, C.R\">Promoteur de la vocation de l&#039;Italie - P. Adam Kowalczykowski, C.R<\/option><option value=\"Promoteur de la vocation du Mexique - P. Pablo Guillermo Almaz\u00e1n G\u00f3mez Tagle, C.R\">Promoteur de la vocation du Mexique - P. Pablo Guillermo Almaz\u00e1n G\u00f3mez Tagle, C.R<\/option><option value=\"Promoteur de la vocation des \u00c9tats-Unis - P. Edson Martin Ybarra Jasso, C.R\">Promoteur de la vocation des \u00c9tats-Unis - P. Edson Martin Ybarra Jasso, C.R<\/option><option value=\"Promoteur de vocations du reste du monde\">Promoteur de vocations du reste du monde<\/option><\/select><\/span>\n\t\t<\/p>\n\t<\/div>\n<\/div>\n<div class=\"row\">\n\t<div class=\"col-md-6\">\n\t\t<p><span class=\"wpcf7-form-control-wrap\" data-name=\"nombre\"><input size=\"40\" maxlength=\"400\" class=\"wpcf7-form-control wpcf7-text wpcf7-validates-as-required\" aria-required=\"true\" aria-invalid=\"false\" placeholder=\"Pr\u00e9nom et nom de famille\" value=\"\" type=\"text\" name=\"nombre\" \/><\/span>\n\t\t<\/p>\n\t<\/div>\n\t<div class=\"col-md-6\">\n\t\t<p><span class=\"wpcf7-form-control-wrap\" data-name=\"pais\"><input size=\"40\" maxlength=\"400\" class=\"wpcf7-form-control wpcf7-text\" aria-invalid=\"false\" placeholder=\"Pays \/ Province \/ Ville\" value=\"\" type=\"text\" name=\"pais\" \/><\/span>\n\t\t<\/p>\n\t<\/div>\n<\/div>\n<div class=\"row\">\n\t<div class=\"col-md-6\">\n\t\t<p><span class=\"wpcf7-form-control-wrap\" data-name=\"edad\"><input class=\"wpcf7-form-control wpcf7-number wpcf7-validates-as-number\" aria-invalid=\"false\" placeholder=\"\u00c2ge\" value=\"\" type=\"number\" name=\"edad\" \/><\/span>\n\t\t<\/p>\n\t<\/div>\n\t<div class=\"col-md-6\">\n\t\t<p><span class=\"wpcf7-form-control-wrap\" data-name=\"email-tel\"><input size=\"40\" maxlength=\"400\" class=\"wpcf7-form-control wpcf7-text wpcf7-validates-as-required\" aria-required=\"true\" aria-invalid=\"false\" placeholder=\"E-mail \/ T\u00e9l\u00e9phone\" value=\"\" type=\"text\" name=\"email-tel\" \/><\/span>\n\t\t<\/p>\n\t<\/div>\n<\/div>\n<div class=\"row\">\n\t<div class=\"col-md-12\">\n\t\t<p><span class=\"wpcf7-form-control-wrap\" data-name=\"atraido\"><textarea cols=\"40\" rows=\"10\" maxlength=\"2000\" class=\"wpcf7-form-control wpcf7-textarea wpcf7-validates-as-required pregunta-1\" aria-required=\"true\" aria-invalid=\"false\" placeholder=\"Tu te sens attir\u00e9 par le Seigneur, appel\u00e9 \u00e0 lui remettre ta vie?\" name=\"atraido\"><\/textarea><\/span>\n\t\t<\/p>\n\t<\/div>\n\t<div class=\"col-md-12\">\n\t\t<p>[textarea* ser-otro-cristo class:pregunta-2 placeholder \"Tu aimerais \u00eatre \"un autre Christ \" et, en son nom, exercer le minist\u00e8re sacerdotal?\"]\n\t\t<\/p>\n\t<\/div>\n\t<div class=\"col-md-12\">\n\t\t<p><span class=\"wpcf7-form-control-wrap\" data-name=\"importancia-consagracion\"><textarea cols=\"40\" rows=\"10\" maxlength=\"2000\" class=\"wpcf7-form-control wpcf7-textarea wpcf7-validates-as-required pregunta-3\" aria-required=\"true\" aria-invalid=\"false\" placeholder=\"Le Charisme th\u00e9atin unit le Sacerdoce \u00e0 la Vie Religieuse. Nous sommes pr\u00eatres en Communaut\u00e9. D&#039;o\u00f9 notre nom : pr\u00eatres r\u00e9guliers. Donc, pourquoi la cons\u00e9cration religieuse serait-elle importante pour toi, et par cons\u00e9quent, la vie fraternelle en commun? Que penses-tu des voeux de pauvret\u00e9, de chastet\u00e9 et d&#039;ob\u00e9issance?\" name=\"importancia-consagracion\"><\/textarea><\/span>\n\t\t<\/p>\n\t<\/div>\n\t<div class=\"col-md-12\">\n\t\t<p>[textarea* suenos-catolicos class:pregunta-4 placeholder \"Saint Ga\u00ebtan demandait \u00e0 \u00eatre la \"plante des pieds\" de J\u00e9sus Christ, dans l'\u00c9glise. Quels sont tes r\u00eaves en tant que catholique? Comment cultives-tu ta vie spirituelle dans l'\u00c9glise?\"]\n\t\t<\/p>\n\t<\/div>\n\t<div class=\"col-md-12\">\n\t\t<p><span class=\"wpcf7-form-control-wrap\" data-name=\"animarse\"><textarea cols=\"40\" rows=\"10\" maxlength=\"2000\" class=\"wpcf7-form-control wpcf7-textarea wpcf7-validates-as-required pregunta-5\" aria-required=\"true\" aria-invalid=\"false\" placeholder=\"La mission de l&#039;Ordre des Th\u00e9atins provient de la r\u00e9forme de l&#039;\u00c9glise. Il s&#039;agit de renouveler le pr\u00eatre pour renouveler le monde. Est-ce que cela te pla\u00eet de suivre ce chemin?\" name=\"animarse\"><\/textarea><\/span>\n\t\t<\/p>\n\t<\/div>\n<\/div>\n<div class=\"row\">\n\t<div class=\"col-md-9 col-transparente\">\n\t<span class=\"wpcf7-form-control-wrap recaptcha\" data-name=\"recaptcha\"><span data-sitekey=\"6LfF4rIUAAAAABb2_T739o0U9uDBxjtuyjp1dXf4\" class=\"wpcf7-form-control wpcf7-recaptcha g-recaptcha\"><\/span>\r\n<noscript>\r\n\t<div class=\"grecaptcha-noscript\">\r\n\t\t<iframe loading=\"lazy\" src=\"https:\/\/www.google.com\/recaptcha\/api\/fallback?k=6LfF4rIUAAAAABb2_T739o0U9uDBxjtuyjp1dXf4\" frameborder=\"0\" scrolling=\"no\" width=\"310\" height=\"430\">\r\n\t\t<\/iframe>\r\n\t\t<textarea name=\"g-recaptcha-response\" rows=\"3\" cols=\"40\" placeholder=\"reCaptcha Response Here\">\r\n\t\t<\/textarea>\r\n\t<\/div>\r\n<\/noscript>\r\n<\/span>\n\t<\/div>\n<\/div>\n<div class=\"row\">\n\t<div class=\"col-md-3\">\n\t\t<p><input class=\"wpcf7-form-control wpcf7-submit has-spinner\" type=\"submit\" value=\"Envoyez le message\" \/>\n\t\t<\/p>\n\t<\/div>\n<\/div><div class=\"wpcf7-response-output\" aria-hidden=\"true\"><\/div>\n<\/form>\n<\/div>\n<\/div>[\/vc_column][\/vc_row][vc_row][vc_column][vc_empty_space height=\u00a0\u00bb30px\u00a0\u00bb][\/vc_column][\/vc_row]<\/p>\n","protected":false},"excerpt":{"rendered":"<p>[vc_row full_width=\u00a0\u00bbstretch_row_content\u00a0\u00bb][vc_column][\/vc_column][\/vc_row][vc_row full_width=\u00a0\u00bbstretch_row_content\u00a0\u00bb][vc_column][\/vc_column][\/vc_row][vc_row][vc_column][vc_empty_space height=\u00a0\u00bb30px\u00a0\u00bb][\/vc_column][\/vc_row]<\/p>\n","protected":false},"author":1,"featured_media":0,"parent":0,"menu_order":0,"comment_status":"closed","ping_status":"closed","template":"page-contact.php","meta":{"_acf_changed":false,"footnotes":"","_links_to":"","_links_to_target":""},"class_list":["post-4535","page","type-page","status-publish","hentry"],"acf":[],"yoast_head":"<!-- This site is optimized with the Yoast SEO plugin v23.5 - https:\/\/yoast.com\/wordpress\/plugins\/seo\/ -->\n<title>Sois un th\u00e9atin - Teatinos<\/title>\n<meta name=\"robots\" content=\"index, follow, max-snippet:-1, max-image-preview:large, max-video-preview:-1\" \/>\n<link rel=\"canonical\" href=\"https:\/\/teatinos.org\/fr\/sois-un-theatin\/\" \/>\n<meta property=\"og:locale\" content=\"fr_FR\" \/>\n<meta property=\"og:type\" content=\"article\" \/>\n<meta property=\"og:title\" content=\"Sois un th\u00e9atin - Teatinos\" \/>\n<meta property=\"og:description\" content=\"[vc_row full_width=\u00a0\u00bbstretch_row_content\u00a0\u00bb][vc_column][\/vc_column][\/vc_row][vc_row full_width=\u00a0\u00bbstretch_row_content\u00a0\u00bb][vc_column][\/vc_column][\/vc_row][vc_row][vc_column][vc_empty_space height=\u00a0\u00bb30px\u00a0\u00bb][\/vc_column][\/vc_row]\" \/>\n<meta property=\"og:url\" content=\"https:\/\/teatinos.org\/fr\/sois-un-theatin\/\" \/>\n<meta property=\"og:site_name\" content=\"Teatinos\" \/>\n<meta property=\"article:modified_time\" content=\"2025-10-23T20:03:27+00:00\" \/>\n<meta name=\"twitter:card\" content=\"summary_large_image\" \/>\n<meta name=\"twitter:label1\" content=\"Dur\u00e9e de lecture estim\u00e9e\" \/>\n\t<meta name=\"twitter:data1\" content=\"1 minute\" \/>\n<script type=\"application\/ld+json\" class=\"yoast-schema-graph\">{\"@context\":\"https:\/\/schema.org\",\"@graph\":[{\"@type\":\"WebPage\",\"@id\":\"https:\/\/teatinos.org\/fr\/sois-un-theatin\/\",\"url\":\"https:\/\/teatinos.org\/fr\/sois-un-theatin\/\",\"name\":\"Sois un th\u00e9atin - Teatinos\",\"isPartOf\":{\"@id\":\"https:\/\/teatinos.org\/pt-br\/#website\"},\"datePublished\":\"2018-07-27T20:29:36+00:00\",\"dateModified\":\"2025-10-23T20:03:27+00:00\",\"breadcrumb\":{\"@id\":\"https:\/\/teatinos.org\/fr\/sois-un-theatin\/#breadcrumb\"},\"inLanguage\":\"fr-FR\",\"potentialAction\":[{\"@type\":\"ReadAction\",\"target\":[\"https:\/\/teatinos.org\/fr\/sois-un-theatin\/\"]}]},{\"@type\":\"BreadcrumbList\",\"@id\":\"https:\/\/teatinos.org\/fr\/sois-un-theatin\/#breadcrumb\",\"itemListElement\":[{\"@type\":\"ListItem\",\"position\":1,\"name\":\"Portada\",\"item\":\"https:\/\/teatinos.org\/fr\/\"},{\"@type\":\"ListItem\",\"position\":2,\"name\":\"Sois un th\u00e9atin\"}]},{\"@type\":\"WebSite\",\"@id\":\"https:\/\/teatinos.org\/pt-br\/#website\",\"url\":\"https:\/\/teatinos.org\/pt-br\/\",\"name\":\"Teatinos\",\"description\":\"Orden de Cl\u00e9rigos Regulares\",\"potentialAction\":[{\"@type\":\"SearchAction\",\"target\":{\"@type\":\"EntryPoint\",\"urlTemplate\":\"https:\/\/teatinos.org\/pt-br\/?s={search_term_string}\"},\"query-input\":{\"@type\":\"PropertyValueSpecification\",\"valueRequired\":true,\"valueName\":\"search_term_string\"}}],\"inLanguage\":\"fr-FR\"}]}<\/script>\n<!-- \/ Yoast SEO plugin. -->","yoast_head_json":{"title":"Sois un th\u00e9atin - Teatinos","robots":{"index":"index","follow":"follow","max-snippet":"max-snippet:-1","max-image-preview":"max-image-preview:large","max-video-preview":"max-video-preview:-1"},"canonical":"https:\/\/teatinos.org\/fr\/sois-un-theatin\/","og_locale":"fr_FR","og_type":"article","og_title":"Sois un th\u00e9atin - Teatinos","og_description":"[vc_row full_width=\u00a0\u00bbstretch_row_content\u00a0\u00bb][vc_column][\/vc_column][\/vc_row][vc_row full_width=\u00a0\u00bbstretch_row_content\u00a0\u00bb][vc_column][\/vc_column][\/vc_row][vc_row][vc_column][vc_empty_space height=\u00a0\u00bb30px\u00a0\u00bb][\/vc_column][\/vc_row]","og_url":"https:\/\/teatinos.org\/fr\/sois-un-theatin\/","og_site_name":"Teatinos","article_modified_time":"2025-10-23T20:03:27+00:00","twitter_card":"summary_large_image","twitter_misc":{"Dur\u00e9e de lecture estim\u00e9e":"1 minute"},"schema":{"@context":"https:\/\/schema.org","@graph":[{"@type":"WebPage","@id":"https:\/\/teatinos.org\/fr\/sois-un-theatin\/","url":"https:\/\/teatinos.org\/fr\/sois-un-theatin\/","name":"Sois un th\u00e9atin - Teatinos","isPartOf":{"@id":"https:\/\/teatinos.org\/pt-br\/#website"},"datePublished":"2018-07-27T20:29:36+00:00","dateModified":"2025-10-23T20:03:27+00:00","breadcrumb":{"@id":"https:\/\/teatinos.org\/fr\/sois-un-theatin\/#breadcrumb"},"inLanguage":"fr-FR","potentialAction":[{"@type":"ReadAction","target":["https:\/\/teatinos.org\/fr\/sois-un-theatin\/"]}]},{"@type":"BreadcrumbList","@id":"https:\/\/teatinos.org\/fr\/sois-un-theatin\/#breadcrumb","itemListElement":[{"@type":"ListItem","position":1,"name":"Portada","item":"https:\/\/teatinos.org\/fr\/"},{"@type":"ListItem","position":2,"name":"Sois un th\u00e9atin"}]},{"@type":"WebSite","@id":"https:\/\/teatinos.org\/pt-br\/#website","url":"https:\/\/teatinos.org\/pt-br\/","name":"Teatinos","description":"Orden de Cl\u00e9rigos Regulares","potentialAction":[{"@type":"SearchAction","target":{"@type":"EntryPoint","urlTemplate":"https:\/\/teatinos.org\/pt-br\/?s={search_term_string}"},"query-input":{"@type":"PropertyValueSpecification","valueRequired":true,"valueName":"search_term_string"}}],"inLanguage":"fr-FR"}]}},"rttpg_featured_image_url":null,"rttpg_author":{"display_name":"admin","author_link":"https:\/\/teatinos.org\/fr\/author\/admin\/"},"rttpg_comment":0,"rttpg_category":" <a href=\"https:\/\/teatinos.org\/fr\/?taxonomy=translation_priority&#038;term=facultatif\" rel=\"tag\">Facultatif<\/a>","rttpg_excerpt":"[vc_row full_width=\u00a0\u00bbstretch_row_content\u00a0\u00bb][vc_column][\/vc_column][\/vc_row][vc_row full_width=\u00a0\u00bbstretch_row_content\u00a0\u00bb][vc_column][\/vc_column][\/vc_row][vc_row][vc_column][vc_empty_space height=\u00a0\u00bb30px\u00a0\u00bb][\/vc_column][\/vc_row]","_links":{"self":[{"href":"https:\/\/teatinos.org\/fr\/wp-json\/wp\/v2\/pages\/4535","targetHints":{"allow":["GET"]}}],"collection":[{"href":"https:\/\/teatinos.org\/fr\/wp-json\/wp\/v2\/pages"}],"about":[{"href":"https:\/\/teatinos.org\/fr\/wp-json\/wp\/v2\/types\/page"}],"author":[{"embeddable":true,"href":"https:\/\/teatinos.org\/fr\/wp-json\/wp\/v2\/users\/1"}],"replies":[{"embeddable":true,"href":"https:\/\/teatinos.org\/fr\/wp-json\/wp\/v2\/comments?post=4535"}],"version-history":[{"count":8,"href":"https:\/\/teatinos.org\/fr\/wp-json\/wp\/v2\/pages\/4535\/revisions"}],"predecessor-version":[{"id":20646,"href":"https:\/\/teatinos.org\/fr\/wp-json\/wp\/v2\/pages\/4535\/revisions\/20646"}],"wp:attachment":[{"href":"https:\/\/teatinos.org\/fr\/wp-json\/wp\/v2\/media?parent=4535"}],"curies":[{"name":"wp","href":"https:\/\/api.w.org\/{rel}","templated":true}]}}