{"id":4532,"date":"2018-07-23T18:50:35","date_gmt":"2018-07-23T18:50:35","guid":{"rendered":"http:\/\/teatinos.org\/historia\/"},"modified":"2021-05-24T20:21:28","modified_gmt":"2021-05-24T20:21:28","slug":"histoire","status":"publish","type":"page","link":"https:\/\/teatinos.org\/fr\/histoire\/","title":{"rendered":"Histoire"},"content":{"rendered":"<p>[vc_row css=\u00a0\u00bb.vc_custom_1459790702196{padding-top: 100px !important;padding-bottom: 100px !important;}\u00a0\u00bb][vc_column]<div class=\"container \">[vc_row_inner][vc_column_inner][vc_column_text]L&rsquo;Ordre des P\u00e8res R\u00e9guliers Th\u00e9atins fut fond\u00e9 par Saint Ga\u00ebtan, Jean-Pierre Carafa ( le futur Pape Paul IV ), Boniface de Colli et Paul Consiglieri, le 14 septembre 1524. Un but pr\u00e9cis les guidait : n&rsquo;\u00eatre autre chose que pr\u00eatres vivant fid\u00e8lement l&rsquo;\u00c9vangile, attach\u00e9s aux Saints Canons et construisant une vie fraternelle en commun sous les 3 voeux religieux. Le Pape Cl\u00e9ment VII donna son approbation canonique \u00e0 l&rsquo;Ordre avec les lettres Pontificales \u00a0\u00bb Exponi Nobis \u00ab\u00a0, du 24 juin 1524, et \u00a0\u00bb Dudum pro parte vestra \u00ab\u00a0, du 7 mars 1533.<\/p>\n<p>Soutenus par la Providence divine, ils d\u00e9cid\u00e8rent de vivre des fruits du minist\u00e8re pastoral et des donations que les fid\u00e8les leur offraient spontan\u00e9ment, sans mendier ni poss\u00e9der des rentes fixes.<\/p>\n<p>En 1588, la figure du Sup\u00e9rieur G\u00e9n\u00e9ral fut institu\u00e9e et en 1604 nos Constitutions furent publi\u00e9es pour la premi\u00e8re fois. Au cours des XVII\u00e8me et XVIII\u00e8me si\u00e8cles, l&rsquo;Ordre des Th\u00e9atins se d\u00e9veloppa en promouvant et en conduisant des missions \u00e9vang\u00e9lisatrices dans les r\u00e9gions autour du Caucase et dans le sud-est de l&rsquo;Asie.<\/p>\n<p>Une nouvelle aube pour l&rsquo;Ordre des Th\u00e9atins se produisit quand en 1909 et 1910, par la volont\u00e9 du Pape Saint Pie X, les Fils de la Sainte Famille de Catalogne ( en Espagne ) et la Congr\u00e9gation de Saint Alphonse de Liguori, \u00e0 Majorque ( dans les Bal\u00e9ares ) fusionn\u00e8rent avec notre Institut.<\/p>\n<p>En 1916, les Fils de la Sainte Famille se s\u00e9par\u00e8rent et retrouv\u00e8rent leur autonomie. Malgr\u00e9 cela, l&rsquo;Ordre des Th\u00e9atins sillonna le XX\u00e8me si\u00e8cle et arriva au d\u00e9but du XXI\u00e8me si\u00e8cle avec des forces renouvel\u00e9es.<\/p>\n<p>Aujourd&rsquo;hui, il se pr\u00e9sente comme une petite compagnie qui cherche surtout le Royaume de Dieu et sa Justice.<br \/>\n[\/vc_column_text][\/vc_column_inner][\/vc_row_inner]<\/div>[\/vc_column][\/vc_row]<\/p>\n","protected":false},"excerpt":{"rendered":"<p>[vc_row css=\u00a0\u00bb.vc_custom_1459790702196{padding-top: 100px !important;padding-bottom: 100px !important;}\u00a0\u00bb][vc_column][\/vc_column][\/vc_row]<\/p>\n","protected":false},"author":1,"featured_media":0,"parent":0,"menu_order":0,"comment_status":"closed","ping_status":"closed","template":"","meta":{"_acf_changed":false,"footnotes":"","_links_to":"","_links_to_target":""},"class_list":["post-4532","page","type-page","status-publish","hentry"],"acf":[],"yoast_head":"<!-- This site is optimized with the Yoast SEO plugin v23.5 - https:\/\/yoast.com\/wordpress\/plugins\/seo\/ -->\n<title>Histoire - Teatinos<\/title>\n<meta name=\"robots\" content=\"index, follow, max-snippet:-1, max-image-preview:large, max-video-preview:-1\" \/>\n<link rel=\"canonical\" href=\"https:\/\/teatinos.org\/fr\/histoire\/\" \/>\n<meta property=\"og:locale\" content=\"fr_FR\" \/>\n<meta property=\"og:type\" content=\"article\" \/>\n<meta property=\"og:title\" content=\"Histoire - Teatinos\" \/>\n<meta property=\"og:description\" content=\"[vc_row css=\u00a0\u00bb.vc_custom_1459790702196{padding-top: 100px !important;padding-bottom: 100px !important;}\u00a0\u00bb][vc_column][\/vc_column][\/vc_row]\" \/>\n<meta property=\"og:url\" content=\"https:\/\/teatinos.org\/fr\/histoire\/\" \/>\n<meta property=\"og:site_name\" content=\"Teatinos\" \/>\n<meta property=\"article:modified_time\" content=\"2021-05-24T20:21:28+00:00\" \/>\n<meta name=\"twitter:card\" content=\"summary_large_image\" \/>\n<meta name=\"twitter:label1\" content=\"Dur\u00e9e de lecture estim\u00e9e\" \/>\n\t<meta name=\"twitter:data1\" content=\"2 minutes\" \/>\n<script type=\"application\/ld+json\" class=\"yoast-schema-graph\">{\"@context\":\"https:\/\/schema.org\",\"@graph\":[{\"@type\":\"WebPage\",\"@id\":\"https:\/\/teatinos.org\/fr\/histoire\/\",\"url\":\"https:\/\/teatinos.org\/fr\/histoire\/\",\"name\":\"Histoire - Teatinos\",\"isPartOf\":{\"@id\":\"https:\/\/teatinos.org\/pt-br\/#website\"},\"datePublished\":\"2018-07-23T18:50:35+00:00\",\"dateModified\":\"2021-05-24T20:21:28+00:00\",\"breadcrumb\":{\"@id\":\"https:\/\/teatinos.org\/fr\/histoire\/#breadcrumb\"},\"inLanguage\":\"fr-FR\",\"potentialAction\":[{\"@type\":\"ReadAction\",\"target\":[\"https:\/\/teatinos.org\/fr\/histoire\/\"]}]},{\"@type\":\"BreadcrumbList\",\"@id\":\"https:\/\/teatinos.org\/fr\/histoire\/#breadcrumb\",\"itemListElement\":[{\"@type\":\"ListItem\",\"position\":1,\"name\":\"Portada\",\"item\":\"https:\/\/teatinos.org\/fr\/\"},{\"@type\":\"ListItem\",\"position\":2,\"name\":\"Histoire\"}]},{\"@type\":\"WebSite\",\"@id\":\"https:\/\/teatinos.org\/pt-br\/#website\",\"url\":\"https:\/\/teatinos.org\/pt-br\/\",\"name\":\"Teatinos\",\"description\":\"Orden de Cl\u00e9rigos Regulares\",\"potentialAction\":[{\"@type\":\"SearchAction\",\"target\":{\"@type\":\"EntryPoint\",\"urlTemplate\":\"https:\/\/teatinos.org\/pt-br\/?s={search_term_string}\"},\"query-input\":{\"@type\":\"PropertyValueSpecification\",\"valueRequired\":true,\"valueName\":\"search_term_string\"}}],\"inLanguage\":\"fr-FR\"}]}<\/script>\n<!-- \/ Yoast SEO plugin. -->","yoast_head_json":{"title":"Histoire - Teatinos","robots":{"index":"index","follow":"follow","max-snippet":"max-snippet:-1","max-image-preview":"max-image-preview:large","max-video-preview":"max-video-preview:-1"},"canonical":"https:\/\/teatinos.org\/fr\/histoire\/","og_locale":"fr_FR","og_type":"article","og_title":"Histoire - Teatinos","og_description":"[vc_row css=\u00a0\u00bb.vc_custom_1459790702196{padding-top: 100px !important;padding-bottom: 100px !important;}\u00a0\u00bb][vc_column][\/vc_column][\/vc_row]","og_url":"https:\/\/teatinos.org\/fr\/histoire\/","og_site_name":"Teatinos","article_modified_time":"2021-05-24T20:21:28+00:00","twitter_card":"summary_large_image","twitter_misc":{"Dur\u00e9e de lecture estim\u00e9e":"2 minutes"},"schema":{"@context":"https:\/\/schema.org","@graph":[{"@type":"WebPage","@id":"https:\/\/teatinos.org\/fr\/histoire\/","url":"https:\/\/teatinos.org\/fr\/histoire\/","name":"Histoire - Teatinos","isPartOf":{"@id":"https:\/\/teatinos.org\/pt-br\/#website"},"datePublished":"2018-07-23T18:50:35+00:00","dateModified":"2021-05-24T20:21:28+00:00","breadcrumb":{"@id":"https:\/\/teatinos.org\/fr\/histoire\/#breadcrumb"},"inLanguage":"fr-FR","potentialAction":[{"@type":"ReadAction","target":["https:\/\/teatinos.org\/fr\/histoire\/"]}]},{"@type":"BreadcrumbList","@id":"https:\/\/teatinos.org\/fr\/histoire\/#breadcrumb","itemListElement":[{"@type":"ListItem","position":1,"name":"Portada","item":"https:\/\/teatinos.org\/fr\/"},{"@type":"ListItem","position":2,"name":"Histoire"}]},{"@type":"WebSite","@id":"https:\/\/teatinos.org\/pt-br\/#website","url":"https:\/\/teatinos.org\/pt-br\/","name":"Teatinos","description":"Orden de Cl\u00e9rigos Regulares","potentialAction":[{"@type":"SearchAction","target":{"@type":"EntryPoint","urlTemplate":"https:\/\/teatinos.org\/pt-br\/?s={search_term_string}"},"query-input":{"@type":"PropertyValueSpecification","valueRequired":true,"valueName":"search_term_string"}}],"inLanguage":"fr-FR"}]}},"rttpg_featured_image_url":null,"rttpg_author":{"display_name":"admin","author_link":"https:\/\/teatinos.org\/fr\/author\/admin\/"},"rttpg_comment":0,"rttpg_category":" <a href=\"https:\/\/teatinos.org\/fr\/?taxonomy=translation_priority&#038;term=facultatif\" rel=\"tag\">Facultatif<\/a>","rttpg_excerpt":"[vc_row css=\u00a0\u00bb.vc_custom_1459790702196{padding-top: 100px !important;padding-bottom: 100px !important;}\u00a0\u00bb][vc_column][\/vc_column][\/vc_row]","_links":{"self":[{"href":"https:\/\/teatinos.org\/fr\/wp-json\/wp\/v2\/pages\/4532","targetHints":{"allow":["GET"]}}],"collection":[{"href":"https:\/\/teatinos.org\/fr\/wp-json\/wp\/v2\/pages"}],"about":[{"href":"https:\/\/teatinos.org\/fr\/wp-json\/wp\/v2\/types\/page"}],"author":[{"embeddable":true,"href":"https:\/\/teatinos.org\/fr\/wp-json\/wp\/v2\/users\/1"}],"replies":[{"embeddable":true,"href":"https:\/\/teatinos.org\/fr\/wp-json\/wp\/v2\/comments?post=4532"}],"version-history":[{"count":2,"href":"https:\/\/teatinos.org\/fr\/wp-json\/wp\/v2\/pages\/4532\/revisions"}],"predecessor-version":[{"id":7220,"href":"https:\/\/teatinos.org\/fr\/wp-json\/wp\/v2\/pages\/4532\/revisions\/7220"}],"wp:attachment":[{"href":"https:\/\/teatinos.org\/fr\/wp-json\/wp\/v2\/media?parent=4532"}],"curies":[{"name":"wp","href":"https:\/\/api.w.org\/{rel}","templated":true}]}}