{"id":4529,"date":"2018-07-23T18:36:11","date_gmt":"2018-07-23T18:36:11","guid":{"rendered":"http:\/\/teatinos.org\/padre-general\/"},"modified":"2025-10-21T14:23:50","modified_gmt":"2025-10-21T14:23:50","slug":"le-pere-general","status":"publish","type":"page","link":"https:\/\/teatinos.org\/fr\/le-pere-general\/","title":{"rendered":"Le P\u00e8re G\u00e9n\u00e9ral"},"content":{"rendered":"<p>[vc_row css=\u00a0\u00bb.vc_custom_1459790702196{padding-top: 100px !important;padding-bottom: 100px !important;}\u00a0\u00bb][vc_column]<div class=\"container \">[vc_row_inner][vc_column_inner width=\u00a0\u00bb1\/2&Prime;][vc_single_image image=\u00a0\u00bb20604&Prime; img_size=\u00a0\u00bb845&#215;605&Prime; alignment=\u00a0\u00bbright\u00a0\u00bb css=\u00a0\u00bb.vc_custom_1761056625519{margin-top: 10px !important;}\u00a0\u00bb][\/vc_column_inner][vc_column_inner width=\u00a0\u00bb1\/2&Prime;][vc_column_text]Le 15 juin 2015, au cours de la session de vote du 163\u00e8me Chapitre G\u00e9n\u00e9ral de l&rsquo;Ordre des P\u00e8res R\u00e9guliers Th\u00e9atins, fut \u00e9lu le 93\u00e8me Sup\u00e9rieur G\u00e9n\u00e9ral des P\u00e8res R\u00e9guliers Th\u00e9atins, le R\u00e9v\u00e9rendissime P\u00e8re Sauveur Rodea Gonzalez.<\/p>\n<p>Le P\u00e8re Sauveur Rodea est n\u00e9 dans la ville de M\u00e9xico, au Mexique, le 10 septembre 1971.<\/p>\n<p>Il a commenc\u00e9 son juv\u00e9nat chez les Th\u00e9atins, le 23 ao\u00fbt 1992, apr\u00e8s avoir fait des \u00e9tudes d&rsquo;ing\u00e9nieur et apr\u00e8s avoir particip\u00e9 \u00e0 diff\u00e9rentes exp\u00e9riences missionnaires en paroisses.<\/p>\n<p>Une fois termin\u00e9e l&rsquo;ann\u00e9e canonique du noviciat, qu&rsquo;il avait commenc\u00e9e le 6 ao\u00fbt 1995, il fait sa Premi\u00e8re Profession religieuse chez les Th\u00e9atins, le 7 ao\u00fbt 1996.<\/p>\n<p>Il re\u00e7ut le Sacrement du Diaconat, le 20 f\u00e9vrier 2000, et le 27 ao\u00fbt 2000, il re\u00e7ut le Sacrement de l&rsquo;Ordination sacerdotale. Il fit ses \u00e9tudes en philosophie et en th\u00e9ologie \u00e0 l&rsquo;Institut Th\u00e9ologique chez les J\u00e9suites, dans la ville de M\u00e9xico et \u00e0 l&rsquo;Universit\u00e9 Pontificale de M\u00e9xico.<\/p>\n<p>Au fur et \u00e0 mesure de l&rsquo;exercice de son minist\u00e8re sacerdotal, il r\u00e9alisa diff\u00e9rentes t\u00e2ches dans la Province Th\u00e9atine de M\u00e9xico \u00e0 laquelle il appartenait, en \u00e9tant Sup\u00e9rieur Provincial dans les ann\u00e9es 2011-2015.<\/p>\n<p>Le 13 janvier 2022, lors de la session \u00e9lective appropri\u00e9e du 164e Chapitre g\u00e9n\u00e9ral de l&rsquo;Ordre des Clercs R\u00e9guliers Th\u00e9atins, le 93e Sup\u00e9rieur g\u00e9n\u00e9ral des Clercs R\u00e9guliers Th\u00e9atins a \u00e9t\u00e9 r\u00e9\u00e9lu pour un mandat de six ans (2022-2028).<\/p>\n<p>Il peut \u00eatre contact\u00e9 \u00e0 l&rsquo;adresse \u00e9lectronique suivante : <strong>prepositogenerale@teatinos.org<\/strong>[\/vc_column_text][\/vc_column_inner][\/vc_row_inner]<\/div>[\/vc_column][\/vc_row]<\/p>\n","protected":false},"excerpt":{"rendered":"<p>[vc_row css=\u00a0\u00bb.vc_custom_1459790702196{padding-top: 100px !important;padding-bottom: 100px !important;}\u00a0\u00bb][vc_column][\/vc_column][\/vc_row]<\/p>\n","protected":false},"author":1,"featured_media":0,"parent":0,"menu_order":0,"comment_status":"closed","ping_status":"closed","template":"","meta":{"_acf_changed":false,"footnotes":"","_links_to":"","_links_to_target":""},"class_list":["post-4529","page","type-page","status-publish","hentry"],"acf":[],"yoast_head":"<!-- This site is optimized with the Yoast SEO plugin v23.5 - https:\/\/yoast.com\/wordpress\/plugins\/seo\/ -->\n<title>Le P\u00e8re G\u00e9n\u00e9ral - Teatinos<\/title>\n<meta name=\"robots\" content=\"index, follow, max-snippet:-1, max-image-preview:large, max-video-preview:-1\" \/>\n<link rel=\"canonical\" href=\"https:\/\/teatinos.org\/fr\/le-pere-general\/\" \/>\n<meta property=\"og:locale\" content=\"fr_FR\" \/>\n<meta property=\"og:type\" content=\"article\" \/>\n<meta property=\"og:title\" content=\"Le P\u00e8re G\u00e9n\u00e9ral - Teatinos\" \/>\n<meta property=\"og:description\" content=\"[vc_row css=\u00a0\u00bb.vc_custom_1459790702196{padding-top: 100px !important;padding-bottom: 100px !important;}\u00a0\u00bb][vc_column][\/vc_column][\/vc_row]\" \/>\n<meta property=\"og:url\" content=\"https:\/\/teatinos.org\/fr\/le-pere-general\/\" \/>\n<meta property=\"og:site_name\" content=\"Teatinos\" \/>\n<meta property=\"article:modified_time\" content=\"2025-10-21T14:23:50+00:00\" \/>\n<meta name=\"twitter:card\" content=\"summary_large_image\" \/>\n<meta name=\"twitter:label1\" content=\"Dur\u00e9e de lecture estim\u00e9e\" \/>\n\t<meta name=\"twitter:data1\" content=\"2 minutes\" \/>\n<script type=\"application\/ld+json\" class=\"yoast-schema-graph\">{\"@context\":\"https:\/\/schema.org\",\"@graph\":[{\"@type\":\"WebPage\",\"@id\":\"https:\/\/teatinos.org\/fr\/le-pere-general\/\",\"url\":\"https:\/\/teatinos.org\/fr\/le-pere-general\/\",\"name\":\"Le P\u00e8re G\u00e9n\u00e9ral - Teatinos\",\"isPartOf\":{\"@id\":\"https:\/\/teatinos.org\/pt-br\/#website\"},\"datePublished\":\"2018-07-23T18:36:11+00:00\",\"dateModified\":\"2025-10-21T14:23:50+00:00\",\"breadcrumb\":{\"@id\":\"https:\/\/teatinos.org\/fr\/le-pere-general\/#breadcrumb\"},\"inLanguage\":\"fr-FR\",\"potentialAction\":[{\"@type\":\"ReadAction\",\"target\":[\"https:\/\/teatinos.org\/fr\/le-pere-general\/\"]}]},{\"@type\":\"BreadcrumbList\",\"@id\":\"https:\/\/teatinos.org\/fr\/le-pere-general\/#breadcrumb\",\"itemListElement\":[{\"@type\":\"ListItem\",\"position\":1,\"name\":\"Portada\",\"item\":\"https:\/\/teatinos.org\/fr\/\"},{\"@type\":\"ListItem\",\"position\":2,\"name\":\"Le P\u00e8re G\u00e9n\u00e9ral\"}]},{\"@type\":\"WebSite\",\"@id\":\"https:\/\/teatinos.org\/pt-br\/#website\",\"url\":\"https:\/\/teatinos.org\/pt-br\/\",\"name\":\"Teatinos\",\"description\":\"Orden de Cl\u00e9rigos Regulares\",\"potentialAction\":[{\"@type\":\"SearchAction\",\"target\":{\"@type\":\"EntryPoint\",\"urlTemplate\":\"https:\/\/teatinos.org\/pt-br\/?s={search_term_string}\"},\"query-input\":{\"@type\":\"PropertyValueSpecification\",\"valueRequired\":true,\"valueName\":\"search_term_string\"}}],\"inLanguage\":\"fr-FR\"}]}<\/script>\n<!-- \/ Yoast SEO plugin. -->","yoast_head_json":{"title":"Le P\u00e8re G\u00e9n\u00e9ral - Teatinos","robots":{"index":"index","follow":"follow","max-snippet":"max-snippet:-1","max-image-preview":"max-image-preview:large","max-video-preview":"max-video-preview:-1"},"canonical":"https:\/\/teatinos.org\/fr\/le-pere-general\/","og_locale":"fr_FR","og_type":"article","og_title":"Le P\u00e8re G\u00e9n\u00e9ral - Teatinos","og_description":"[vc_row css=\u00a0\u00bb.vc_custom_1459790702196{padding-top: 100px !important;padding-bottom: 100px !important;}\u00a0\u00bb][vc_column][\/vc_column][\/vc_row]","og_url":"https:\/\/teatinos.org\/fr\/le-pere-general\/","og_site_name":"Teatinos","article_modified_time":"2025-10-21T14:23:50+00:00","twitter_card":"summary_large_image","twitter_misc":{"Dur\u00e9e de lecture estim\u00e9e":"2 minutes"},"schema":{"@context":"https:\/\/schema.org","@graph":[{"@type":"WebPage","@id":"https:\/\/teatinos.org\/fr\/le-pere-general\/","url":"https:\/\/teatinos.org\/fr\/le-pere-general\/","name":"Le P\u00e8re G\u00e9n\u00e9ral - Teatinos","isPartOf":{"@id":"https:\/\/teatinos.org\/pt-br\/#website"},"datePublished":"2018-07-23T18:36:11+00:00","dateModified":"2025-10-21T14:23:50+00:00","breadcrumb":{"@id":"https:\/\/teatinos.org\/fr\/le-pere-general\/#breadcrumb"},"inLanguage":"fr-FR","potentialAction":[{"@type":"ReadAction","target":["https:\/\/teatinos.org\/fr\/le-pere-general\/"]}]},{"@type":"BreadcrumbList","@id":"https:\/\/teatinos.org\/fr\/le-pere-general\/#breadcrumb","itemListElement":[{"@type":"ListItem","position":1,"name":"Portada","item":"https:\/\/teatinos.org\/fr\/"},{"@type":"ListItem","position":2,"name":"Le P\u00e8re G\u00e9n\u00e9ral"}]},{"@type":"WebSite","@id":"https:\/\/teatinos.org\/pt-br\/#website","url":"https:\/\/teatinos.org\/pt-br\/","name":"Teatinos","description":"Orden de Cl\u00e9rigos Regulares","potentialAction":[{"@type":"SearchAction","target":{"@type":"EntryPoint","urlTemplate":"https:\/\/teatinos.org\/pt-br\/?s={search_term_string}"},"query-input":{"@type":"PropertyValueSpecification","valueRequired":true,"valueName":"search_term_string"}}],"inLanguage":"fr-FR"}]}},"rttpg_featured_image_url":null,"rttpg_author":{"display_name":"admin","author_link":"https:\/\/teatinos.org\/fr\/author\/admin\/"},"rttpg_comment":0,"rttpg_category":" <a href=\"https:\/\/teatinos.org\/fr\/?taxonomy=translation_priority&#038;term=facultatif\" rel=\"tag\">Facultatif<\/a>","rttpg_excerpt":"[vc_row css=\u00a0\u00bb.vc_custom_1459790702196{padding-top: 100px !important;padding-bottom: 100px !important;}\u00a0\u00bb][vc_column][\/vc_column][\/vc_row]","_links":{"self":[{"href":"https:\/\/teatinos.org\/fr\/wp-json\/wp\/v2\/pages\/4529","targetHints":{"allow":["GET"]}}],"collection":[{"href":"https:\/\/teatinos.org\/fr\/wp-json\/wp\/v2\/pages"}],"about":[{"href":"https:\/\/teatinos.org\/fr\/wp-json\/wp\/v2\/types\/page"}],"author":[{"embeddable":true,"href":"https:\/\/teatinos.org\/fr\/wp-json\/wp\/v2\/users\/1"}],"replies":[{"embeddable":true,"href":"https:\/\/teatinos.org\/fr\/wp-json\/wp\/v2\/comments?post=4529"}],"version-history":[{"count":6,"href":"https:\/\/teatinos.org\/fr\/wp-json\/wp\/v2\/pages\/4529\/revisions"}],"predecessor-version":[{"id":20631,"href":"https:\/\/teatinos.org\/fr\/wp-json\/wp\/v2\/pages\/4529\/revisions\/20631"}],"wp:attachment":[{"href":"https:\/\/teatinos.org\/fr\/wp-json\/wp\/v2\/media?parent=4529"}],"curies":[{"name":"wp","href":"https:\/\/api.w.org\/{rel}","templated":true}]}}