{"id":4522,"date":"2018-09-03T15:40:52","date_gmt":"2018-09-03T15:40:52","guid":{"rendered":"http:\/\/teatinos.org\/consejo-general-ordinario\/"},"modified":"2025-10-20T21:11:26","modified_gmt":"2025-10-20T21:11:26","slug":"le-conseil-general-ordinaire","status":"publish","type":"page","link":"https:\/\/teatinos.org\/fr\/le-conseil-general-ordinaire\/","title":{"rendered":"Le Conseil G\u00e9n\u00e9ral Ordinaire"},"content":{"rendered":"<p>[vc_row][vc_column width=\u00a0\u00bb1\/6&Prime;][\/vc_column][vc_column width=\u00a0\u00bb2\/3&Prime;][vc_empty_space height=\u00a0\u00bb30px\u00a0\u00bb][vc_column_text]<\/p>\n<p style=\"text-align: center;\">Le Conseil G\u00e9n\u00e9ral Ordinaire est l&rsquo;organe d&rsquo;assistance directe au Sup\u00e9rieur G\u00e9n\u00e9ral pour tout ce qui se r\u00e9f\u00e8re au gouvernement de l&rsquo;Ordre ( article 189, Constitutions C.R.).<\/p>\n<p>[\/vc_column_text][vc_column_text]<\/p>\n<h5 style=\"text-align: center;\">Les p\u00e8res th\u00e9atins qui suivent accompagnent l&rsquo;actuel P\u00e8re G\u00e9n\u00e9ral:<\/h5>\n<p>[\/vc_column_text][\/vc_column][vc_column width=\u00a0\u00bb1\/6&Prime;][\/vc_column][\/vc_row][vc_row el_id=\u00a0\u00bbtodos\u00a0\u00bb][vc_column width=\u00a0\u00bb1\/6&Prime;][\/vc_column][vc_column width=\u00a0\u00bb2\/3&Prime;][vc_empty_space height=\u00a0\u00bb40px\u00a0\u00bb][\/vc_column][vc_column width=\u00a0\u00bb1\/6&Prime;][\/vc_column][\/vc_row][vc_row][vc_column]<div class=\"portfolio\"><div id=\"js-grid-awesome-work\" class=\"col-3 with-space\"><!-- PORTOFLIO ITEM --><div class=\"cbp-item \"><img decoding=\"async\" src=\"https:\/\/teatinos.org\/wp-content\/uploads\/2016\/04\/WEB-Fotos-Vicario-General-2-2025.png\" alt=\"\"><div class=\"hover-port\"><div class=\"hover-in\"><div class=\"position-center-center full-width\"><h6>I Le Consultant et Vicaire G\u00e9n\u00e9ral:<\/h6><span>R. P. Marcelo R. Zubia, C.R.; argentin.\r\n\r\nIl peut \u00eatre contact\u00e9 \u00e0 l'adresse suivante : <strong>vicariogenerale@teatinos.org<\/strong><\/span><a href=\"https:\/\/teatinos.org\/fr\/kora_portfolio\/i-le-consultant-et-vicaire-general\/\" class=\"singlePage\" rel=\"nofollow\"><i class=\"fa fa-link\"><\/i><\/a><a href=\"https:\/\/teatinos.org\/wp-content\/uploads\/2016\/04\/WEB-Fotos-Vicario-General-2-2025.png\" class=\"cbp-lightbox\" data-title=\"\"><i class=\"ion-ios-search-strong\"><\/i><\/a><\/div><\/div><\/div><\/div><!-- End Portfolio  Layout --><!-- PORTOFLIO ITEM --><div class=\"cbp-item \"><img decoding=\"async\" src=\"https:\/\/teatinos.org\/wp-content\/uploads\/2018\/07\/WEB-Fotos-Secretario-General-2-2025.png\" alt=\"\"><div class=\"hover-port\"><div class=\"hover-in\"><div class=\"position-center-center full-width\"><h6>II Le Consultant:<\/h6><span>R.P. Antonio Cabrera Olmedo, C.R., espagnol.<\/span><a href=\"https:\/\/teatinos.org\/fr\/kora_portfolio\/ii-le-consultant\/\" class=\"singlePage\" rel=\"nofollow\"><i class=\"fa fa-link\"><\/i><\/a><a href=\"https:\/\/teatinos.org\/wp-content\/uploads\/2018\/07\/WEB-Fotos-Secretario-General-2-2025.png\" class=\"cbp-lightbox\" data-title=\"\"><i class=\"ion-ios-search-strong\"><\/i><\/a><\/div><\/div><\/div><\/div><!-- End Portfolio  Layout --><!-- PORTOFLIO ITEM --><div class=\"cbp-item \"><img decoding=\"async\" src=\"https:\/\/teatinos.org\/wp-content\/uploads\/2018\/07\/Copia-de-Padre-Osman.jpg\" alt=\"\"><div class=\"hover-port\"><div class=\"hover-in\"><div class=\"position-center-center full-width\"><h6>III Le Consultant:<\/h6><span>R.P. Osman Proc\u00f3pio da Silva, C.R., br\u00e9silien.<\/span><a href=\"https:\/\/teatinos.org\/fr\/kora_portfolio\/iii-le-consultant\/\" class=\"singlePage\" rel=\"nofollow\"><i class=\"fa fa-link\"><\/i><\/a><a href=\"https:\/\/teatinos.org\/wp-content\/uploads\/2018\/07\/Copia-de-Padre-Osman.jpg\" class=\"cbp-lightbox\" data-title=\"\"><i class=\"ion-ios-search-strong\"><\/i><\/a><\/div><\/div><\/div><\/div><!-- End Portfolio  Layout --><\/div><!-- LOAD MORE --><div id=\"js-loadMore-awesome-work\" class=\"text-center\"><a href=\"https:\/\/teatinos.org\/fr\/?page_id=&number_of_posts=10&pl=normal-4-column-full&select_portfolio_categories=24\" class=\"cbp-l-loadMore-link btn text-center\" rel=\"nofollow\"><span class=\"cbp-l-loadMore-defaultText\">Ver m\u00e1s<\/span><span class=\"cbp-l-loadMore-loadingText\">No hay m\u00e1s para mostrar<\/span><span class=\"cbp-l-loadMore-noMoreLoading\"><\/span><\/a><\/div><\/div>[\/vc_column][\/vc_row][vc_row][vc_column][vc_wp_text]<script type=\"text\/javascript\">jQuery(document).ready(function(){jQuery('#consejo').hide();jQuery('#curia').hide();jQuery('body').on('click', '.cbp-filter-item', function(){seleccion = jQuery(this ).data('filter');if (seleccion == '.curia-general'){jQuery('#curia').show();jQuery('#todos').hide();jQuery('#consejo').hide();}else if (seleccion == '.consejo-general-ordinario'){jQuery('#curia').hide();jQuery('#consejo').show();jQuery('#todos').hide();}else{jQuery('#consejo').hide();jQuery('#todos').show();jQuery('#curia').hide();}})})<\/script>[\/vc_wp_text][\/vc_column][\/vc_row]<\/p>\n","protected":false},"excerpt":{"rendered":"<p>[vc_row][vc_column width=\u00a0\u00bb1\/6&Prime;][\/vc_column][vc_column width=\u00a0\u00bb2\/3&Prime;][vc_empty_space height=\u00a0\u00bb30px\u00a0\u00bb][vc_column_text] Le Conseil G\u00e9n\u00e9ral Ordinaire est l&rsquo;organe d&rsquo;assistance directe au Sup\u00e9rieur G\u00e9n\u00e9ral pour tout ce qui se r\u00e9f\u00e8re au gouvernement de l&rsquo;Ordre ( article 189, Constitutions C.R.). [\/vc_column_text][vc_column_text] Les p\u00e8res th\u00e9atins qui suivent accompagnent l&rsquo;actuel P\u00e8re G\u00e9n\u00e9ral: [\/vc_column_text][\/vc_column][vc_column width=\u00a0\u00bb1\/6&Prime;][\/vc_column][\/vc_row][vc_row el_id=\u00a0\u00bbtodos\u00a0\u00bb][vc_column width=\u00a0\u00bb1\/6&Prime;][\/vc_column][vc_column width=\u00a0\u00bb2\/3&Prime;][vc_empty_space height=\u00a0\u00bb40px\u00a0\u00bb][\/vc_column][vc_column width=\u00a0\u00bb1\/6&Prime;][\/vc_column][\/vc_row][vc_row][vc_column][\/vc_column][\/vc_row][vc_row][vc_column][vc_wp_text][\/vc_wp_text][\/vc_column][\/vc_row]<\/p>\n","protected":false},"author":1,"featured_media":0,"parent":0,"menu_order":0,"comment_status":"closed","ping_status":"closed","template":"","meta":{"_acf_changed":false,"footnotes":"","_links_to":"","_links_to_target":""},"class_list":["post-4522","page","type-page","status-publish","hentry"],"acf":[],"yoast_head":"<!-- This site is optimized with the Yoast SEO plugin v23.5 - https:\/\/yoast.com\/wordpress\/plugins\/seo\/ -->\n<title>Le Conseil G\u00e9n\u00e9ral Ordinaire - Teatinos<\/title>\n<meta name=\"robots\" content=\"index, follow, max-snippet:-1, max-image-preview:large, max-video-preview:-1\" \/>\n<link rel=\"canonical\" href=\"https:\/\/teatinos.org\/fr\/le-conseil-general-ordinaire\/\" \/>\n<meta property=\"og:locale\" content=\"fr_FR\" \/>\n<meta property=\"og:type\" content=\"article\" \/>\n<meta property=\"og:title\" content=\"Le Conseil G\u00e9n\u00e9ral Ordinaire - Teatinos\" \/>\n<meta property=\"og:description\" content=\"[vc_row][vc_column width=\u00a0\u00bb1\/6&Prime;][\/vc_column][vc_column width=\u00a0\u00bb2\/3&Prime;][vc_empty_space height=\u00a0\u00bb30px\u00a0\u00bb][vc_column_text] Le Conseil G\u00e9n\u00e9ral Ordinaire est l&rsquo;organe d&rsquo;assistance directe au Sup\u00e9rieur G\u00e9n\u00e9ral pour tout ce qui se r\u00e9f\u00e8re au gouvernement de l&rsquo;Ordre ( article 189, Constitutions C.R.). [\/vc_column_text][vc_column_text] Les p\u00e8res th\u00e9atins qui suivent accompagnent l&rsquo;actuel P\u00e8re G\u00e9n\u00e9ral: [\/vc_column_text][\/vc_column][vc_column width=\u00a0\u00bb1\/6&Prime;][\/vc_column][\/vc_row][vc_row el_id=\u00a0\u00bbtodos\u00a0\u00bb][vc_column width=\u00a0\u00bb1\/6&Prime;][\/vc_column][vc_column width=\u00a0\u00bb2\/3&Prime;][vc_empty_space height=\u00a0\u00bb40px\u00a0\u00bb][\/vc_column][vc_column width=\u00a0\u00bb1\/6&Prime;][\/vc_column][\/vc_row][vc_row][vc_column][\/vc_column][\/vc_row][vc_row][vc_column][vc_wp_text][\/vc_wp_text][\/vc_column][\/vc_row]\" \/>\n<meta property=\"og:url\" content=\"https:\/\/teatinos.org\/fr\/le-conseil-general-ordinaire\/\" \/>\n<meta property=\"og:site_name\" content=\"Teatinos\" \/>\n<meta property=\"article:modified_time\" content=\"2025-10-20T21:11:26+00:00\" \/>\n<meta name=\"twitter:card\" content=\"summary_large_image\" \/>\n<meta name=\"twitter:label1\" content=\"Dur\u00e9e de lecture estim\u00e9e\" \/>\n\t<meta name=\"twitter:data1\" content=\"1 minute\" \/>\n<script type=\"application\/ld+json\" class=\"yoast-schema-graph\">{\"@context\":\"https:\/\/schema.org\",\"@graph\":[{\"@type\":\"WebPage\",\"@id\":\"https:\/\/teatinos.org\/fr\/le-conseil-general-ordinaire\/\",\"url\":\"https:\/\/teatinos.org\/fr\/le-conseil-general-ordinaire\/\",\"name\":\"Le Conseil G\u00e9n\u00e9ral Ordinaire - Teatinos\",\"isPartOf\":{\"@id\":\"https:\/\/teatinos.org\/pt-br\/#website\"},\"datePublished\":\"2018-09-03T15:40:52+00:00\",\"dateModified\":\"2025-10-20T21:11:26+00:00\",\"breadcrumb\":{\"@id\":\"https:\/\/teatinos.org\/fr\/le-conseil-general-ordinaire\/#breadcrumb\"},\"inLanguage\":\"fr-FR\",\"potentialAction\":[{\"@type\":\"ReadAction\",\"target\":[\"https:\/\/teatinos.org\/fr\/le-conseil-general-ordinaire\/\"]}]},{\"@type\":\"BreadcrumbList\",\"@id\":\"https:\/\/teatinos.org\/fr\/le-conseil-general-ordinaire\/#breadcrumb\",\"itemListElement\":[{\"@type\":\"ListItem\",\"position\":1,\"name\":\"Portada\",\"item\":\"https:\/\/teatinos.org\/fr\/\"},{\"@type\":\"ListItem\",\"position\":2,\"name\":\"Le Conseil G\u00e9n\u00e9ral Ordinaire\"}]},{\"@type\":\"WebSite\",\"@id\":\"https:\/\/teatinos.org\/pt-br\/#website\",\"url\":\"https:\/\/teatinos.org\/pt-br\/\",\"name\":\"Teatinos\",\"description\":\"Orden de Cl\u00e9rigos Regulares\",\"potentialAction\":[{\"@type\":\"SearchAction\",\"target\":{\"@type\":\"EntryPoint\",\"urlTemplate\":\"https:\/\/teatinos.org\/pt-br\/?s={search_term_string}\"},\"query-input\":{\"@type\":\"PropertyValueSpecification\",\"valueRequired\":true,\"valueName\":\"search_term_string\"}}],\"inLanguage\":\"fr-FR\"}]}<\/script>\n<!-- \/ Yoast SEO plugin. -->","yoast_head_json":{"title":"Le Conseil G\u00e9n\u00e9ral Ordinaire - Teatinos","robots":{"index":"index","follow":"follow","max-snippet":"max-snippet:-1","max-image-preview":"max-image-preview:large","max-video-preview":"max-video-preview:-1"},"canonical":"https:\/\/teatinos.org\/fr\/le-conseil-general-ordinaire\/","og_locale":"fr_FR","og_type":"article","og_title":"Le Conseil G\u00e9n\u00e9ral Ordinaire - Teatinos","og_description":"[vc_row][vc_column width=\u00a0\u00bb1\/6&Prime;][\/vc_column][vc_column width=\u00a0\u00bb2\/3&Prime;][vc_empty_space height=\u00a0\u00bb30px\u00a0\u00bb][vc_column_text] Le Conseil G\u00e9n\u00e9ral Ordinaire est l&rsquo;organe d&rsquo;assistance directe au Sup\u00e9rieur G\u00e9n\u00e9ral pour tout ce qui se r\u00e9f\u00e8re au gouvernement de l&rsquo;Ordre ( article 189, Constitutions C.R.). [\/vc_column_text][vc_column_text] Les p\u00e8res th\u00e9atins qui suivent accompagnent l&rsquo;actuel P\u00e8re G\u00e9n\u00e9ral: [\/vc_column_text][\/vc_column][vc_column width=\u00a0\u00bb1\/6&Prime;][\/vc_column][\/vc_row][vc_row el_id=\u00a0\u00bbtodos\u00a0\u00bb][vc_column width=\u00a0\u00bb1\/6&Prime;][\/vc_column][vc_column width=\u00a0\u00bb2\/3&Prime;][vc_empty_space height=\u00a0\u00bb40px\u00a0\u00bb][\/vc_column][vc_column width=\u00a0\u00bb1\/6&Prime;][\/vc_column][\/vc_row][vc_row][vc_column][\/vc_column][\/vc_row][vc_row][vc_column][vc_wp_text][\/vc_wp_text][\/vc_column][\/vc_row]","og_url":"https:\/\/teatinos.org\/fr\/le-conseil-general-ordinaire\/","og_site_name":"Teatinos","article_modified_time":"2025-10-20T21:11:26+00:00","twitter_card":"summary_large_image","twitter_misc":{"Dur\u00e9e de lecture estim\u00e9e":"1 minute"},"schema":{"@context":"https:\/\/schema.org","@graph":[{"@type":"WebPage","@id":"https:\/\/teatinos.org\/fr\/le-conseil-general-ordinaire\/","url":"https:\/\/teatinos.org\/fr\/le-conseil-general-ordinaire\/","name":"Le Conseil G\u00e9n\u00e9ral Ordinaire - Teatinos","isPartOf":{"@id":"https:\/\/teatinos.org\/pt-br\/#website"},"datePublished":"2018-09-03T15:40:52+00:00","dateModified":"2025-10-20T21:11:26+00:00","breadcrumb":{"@id":"https:\/\/teatinos.org\/fr\/le-conseil-general-ordinaire\/#breadcrumb"},"inLanguage":"fr-FR","potentialAction":[{"@type":"ReadAction","target":["https:\/\/teatinos.org\/fr\/le-conseil-general-ordinaire\/"]}]},{"@type":"BreadcrumbList","@id":"https:\/\/teatinos.org\/fr\/le-conseil-general-ordinaire\/#breadcrumb","itemListElement":[{"@type":"ListItem","position":1,"name":"Portada","item":"https:\/\/teatinos.org\/fr\/"},{"@type":"ListItem","position":2,"name":"Le Conseil G\u00e9n\u00e9ral Ordinaire"}]},{"@type":"WebSite","@id":"https:\/\/teatinos.org\/pt-br\/#website","url":"https:\/\/teatinos.org\/pt-br\/","name":"Teatinos","description":"Orden de Cl\u00e9rigos Regulares","potentialAction":[{"@type":"SearchAction","target":{"@type":"EntryPoint","urlTemplate":"https:\/\/teatinos.org\/pt-br\/?s={search_term_string}"},"query-input":{"@type":"PropertyValueSpecification","valueRequired":true,"valueName":"search_term_string"}}],"inLanguage":"fr-FR"}]}},"rttpg_featured_image_url":null,"rttpg_author":{"display_name":"admin","author_link":"https:\/\/teatinos.org\/fr\/author\/admin\/"},"rttpg_comment":0,"rttpg_category":" <a href=\"https:\/\/teatinos.org\/fr\/?taxonomy=translation_priority&#038;term=facultatif\" rel=\"tag\">Facultatif<\/a>","rttpg_excerpt":"[vc_row][vc_column width=\u00a0\u00bb1\/6&Prime;][\/vc_column][vc_column width=\u00a0\u00bb2\/3&Prime;][vc_empty_space height=\u00a0\u00bb30px\u00a0\u00bb][vc_column_text] Le Conseil G\u00e9n\u00e9ral Ordinaire est l&rsquo;organe d&rsquo;assistance directe au Sup\u00e9rieur G\u00e9n\u00e9ral pour tout ce qui se r\u00e9f\u00e8re au gouvernement de l&rsquo;Ordre ( article 189, Constitutions C.R.). [\/vc_column_text][vc_column_text] Les p\u00e8res th\u00e9atins qui suivent accompagnent l&rsquo;actuel P\u00e8re G\u00e9n\u00e9ral: [\/vc_column_text][\/vc_column][vc_column width=\u00a0\u00bb1\/6&Prime;][\/vc_column][\/vc_row][vc_row el_id=\u00a0\u00bbtodos\u00a0\u00bb][vc_column width=\u00a0\u00bb1\/6&Prime;][\/vc_column][vc_column width=\u00a0\u00bb2\/3&Prime;][vc_empty_space height=\u00a0\u00bb40px\u00a0\u00bb][\/vc_column][vc_column width=\u00a0\u00bb1\/6&Prime;][\/vc_column][\/vc_row][vc_row][vc_column][\/vc_column][\/vc_row][vc_row][vc_column][vc_wp_text][\/vc_wp_text][\/vc_column][\/vc_row]","_links":{"self":[{"href":"https:\/\/teatinos.org\/fr\/wp-json\/wp\/v2\/pages\/4522","targetHints":{"allow":["GET"]}}],"collection":[{"href":"https:\/\/teatinos.org\/fr\/wp-json\/wp\/v2\/pages"}],"about":[{"href":"https:\/\/teatinos.org\/fr\/wp-json\/wp\/v2\/types\/page"}],"author":[{"embeddable":true,"href":"https:\/\/teatinos.org\/fr\/wp-json\/wp\/v2\/users\/1"}],"replies":[{"embeddable":true,"href":"https:\/\/teatinos.org\/fr\/wp-json\/wp\/v2\/comments?post=4522"}],"version-history":[{"count":5,"href":"https:\/\/teatinos.org\/fr\/wp-json\/wp\/v2\/pages\/4522\/revisions"}],"predecessor-version":[{"id":20471,"href":"https:\/\/teatinos.org\/fr\/wp-json\/wp\/v2\/pages\/4522\/revisions\/20471"}],"wp:attachment":[{"href":"https:\/\/teatinos.org\/fr\/wp-json\/wp\/v2\/media?parent=4522"}],"curies":[{"name":"wp","href":"https:\/\/api.w.org\/{rel}","templated":true}]}}