{"id":4505,"date":"2018-07-23T18:19:49","date_gmt":"2018-07-23T18:19:49","guid":{"rendered":"http:\/\/teatinos.org\/?page_id=4505"},"modified":"2025-10-21T14:20:55","modified_gmt":"2025-10-21T14:20:55","slug":"que-faisons-nous","status":"publish","type":"page","link":"https:\/\/teatinos.org\/fr\/que-faisons-nous\/","title":{"rendered":"Que faisons-nous?"},"content":{"rendered":"<p>[vc_row css=\u00a0\u00bb.vc_custom_1459790702196{padding-top: 100px !important;padding-bottom: 100px !important;}\u00a0\u00bb][vc_column]<div class=\"container \">[vc_row_inner][vc_column_inner width=\u00a0\u00bb1\/2&Prime;][vc_empty_space height=\u00a0\u00bb8px\u00a0\u00bb][vc_single_image image=\u00a0\u00bb20609&Prime; img_size=\u00a0\u00bbfull\u00a0\u00bb][\/vc_column_inner][vc_column_inner width=\u00a0\u00bb1\/2&Prime;][vc_empty_space height=\u00a0\u00bb3px\u00a0\u00bb][vc_column_text]Au moment o\u00f9 nous, Th\u00e9atins, nous pr\u00e9sentons ce que nous faisons, il serait toujours bon de nous r\u00e9f\u00e9rer \u00e0 l&rsquo;article 32 de nos Constitutions actuelles:[\/vc_column_text][vc_column_text]<\/p>\n<blockquote><p>\u00abNotre forme particuli\u00e8re de vie religieuse, inspir\u00e9e par les Actes des Ap\u00f4tres, exige surtout que nous pers\u00e9v\u00e9rions dans la pri\u00e8re et le minist\u00e8re de la Parole tout en donnant un t\u00e9moignage de la R\u00e9surrection de notre Seigneur. Cela demande de nous que nous nous d\u00e9pensions et que nous nous usions pour le salut de nos fr\u00e8res. Nous devons donc consid\u00e9rer comme \u00e9tant notre propre \u00e9tat de vie toute t\u00e2che, travail ou minist\u00e8re eccl\u00e9sial, surtout si l&rsquo;ob\u00e9issance ou la charit\u00e9 nous y pousse\u00bb.<\/p><\/blockquote>\n<p>[\/vc_column_text][vc_column_text]En tant que Th\u00e9atins nous nous consacrons par cons\u00e9quent \u00e0 tout ce qui implique le sacerdoce minist\u00e9riel, au-del\u00e0 de la r\u00e9alisation d&rsquo;une activit\u00e9 pastorale en particulier. Aujourd&rsquo;hui, notre action se concentre au sein des paroisses et des coll\u00e8ges, et s&rsquo;\u00e9tend \u00e0 l&rsquo;attention aux autres communaut\u00e9s religieuses, dans le fait d&rsquo;enseigner dans d&rsquo;autres milieux que ceux de nos institutions scolaires et dans l&rsquo;accompagnement des personnes plong\u00e9es dans diverses situations de difficult\u00e9 personnelle et sociale.[\/vc_column_text][\/vc_column_inner][\/vc_row_inner]<\/div>[\/vc_column][\/vc_row]<\/p>\n","protected":false},"excerpt":{"rendered":"<p>[vc_row css=\u00a0\u00bb.vc_custom_1459790702196{padding-top: 100px !important;padding-bottom: 100px !important;}\u00a0\u00bb][vc_column][\/vc_column][\/vc_row]<\/p>\n","protected":false},"author":1,"featured_media":0,"parent":0,"menu_order":0,"comment_status":"closed","ping_status":"closed","template":"","meta":{"_acf_changed":false,"footnotes":"","_links_to":"","_links_to_target":""},"class_list":["post-4505","page","type-page","status-publish","hentry"],"acf":[],"yoast_head":"<!-- This site is optimized with the Yoast SEO plugin v23.5 - https:\/\/yoast.com\/wordpress\/plugins\/seo\/ -->\n<title>Que faisons-nous? - Teatinos<\/title>\n<meta name=\"robots\" content=\"index, follow, max-snippet:-1, max-image-preview:large, max-video-preview:-1\" \/>\n<link rel=\"canonical\" href=\"https:\/\/teatinos.org\/fr\/que-faisons-nous\/\" \/>\n<meta property=\"og:locale\" content=\"fr_FR\" \/>\n<meta property=\"og:type\" content=\"article\" \/>\n<meta property=\"og:title\" content=\"Que faisons-nous? - Teatinos\" \/>\n<meta property=\"og:description\" content=\"[vc_row css=\u00a0\u00bb.vc_custom_1459790702196{padding-top: 100px !important;padding-bottom: 100px !important;}\u00a0\u00bb][vc_column][\/vc_column][\/vc_row]\" \/>\n<meta property=\"og:url\" content=\"https:\/\/teatinos.org\/fr\/que-faisons-nous\/\" \/>\n<meta property=\"og:site_name\" content=\"Teatinos\" \/>\n<meta property=\"article:modified_time\" content=\"2025-10-21T14:20:55+00:00\" \/>\n<meta name=\"twitter:card\" content=\"summary_large_image\" \/>\n<meta name=\"twitter:label1\" content=\"Dur\u00e9e de lecture estim\u00e9e\" \/>\n\t<meta name=\"twitter:data1\" content=\"1 minute\" \/>\n<script type=\"application\/ld+json\" class=\"yoast-schema-graph\">{\"@context\":\"https:\/\/schema.org\",\"@graph\":[{\"@type\":\"WebPage\",\"@id\":\"https:\/\/teatinos.org\/fr\/que-faisons-nous\/\",\"url\":\"https:\/\/teatinos.org\/fr\/que-faisons-nous\/\",\"name\":\"Que faisons-nous? - Teatinos\",\"isPartOf\":{\"@id\":\"https:\/\/teatinos.org\/pt-br\/#website\"},\"datePublished\":\"2018-07-23T18:19:49+00:00\",\"dateModified\":\"2025-10-21T14:20:55+00:00\",\"breadcrumb\":{\"@id\":\"https:\/\/teatinos.org\/fr\/que-faisons-nous\/#breadcrumb\"},\"inLanguage\":\"fr-FR\",\"potentialAction\":[{\"@type\":\"ReadAction\",\"target\":[\"https:\/\/teatinos.org\/fr\/que-faisons-nous\/\"]}]},{\"@type\":\"BreadcrumbList\",\"@id\":\"https:\/\/teatinos.org\/fr\/que-faisons-nous\/#breadcrumb\",\"itemListElement\":[{\"@type\":\"ListItem\",\"position\":1,\"name\":\"Portada\",\"item\":\"https:\/\/teatinos.org\/fr\/\"},{\"@type\":\"ListItem\",\"position\":2,\"name\":\"Que faisons-nous?\"}]},{\"@type\":\"WebSite\",\"@id\":\"https:\/\/teatinos.org\/pt-br\/#website\",\"url\":\"https:\/\/teatinos.org\/pt-br\/\",\"name\":\"Teatinos\",\"description\":\"Orden de Cl\u00e9rigos Regulares\",\"potentialAction\":[{\"@type\":\"SearchAction\",\"target\":{\"@type\":\"EntryPoint\",\"urlTemplate\":\"https:\/\/teatinos.org\/pt-br\/?s={search_term_string}\"},\"query-input\":{\"@type\":\"PropertyValueSpecification\",\"valueRequired\":true,\"valueName\":\"search_term_string\"}}],\"inLanguage\":\"fr-FR\"}]}<\/script>\n<!-- \/ Yoast SEO plugin. -->","yoast_head_json":{"title":"Que faisons-nous? - Teatinos","robots":{"index":"index","follow":"follow","max-snippet":"max-snippet:-1","max-image-preview":"max-image-preview:large","max-video-preview":"max-video-preview:-1"},"canonical":"https:\/\/teatinos.org\/fr\/que-faisons-nous\/","og_locale":"fr_FR","og_type":"article","og_title":"Que faisons-nous? - Teatinos","og_description":"[vc_row css=\u00a0\u00bb.vc_custom_1459790702196{padding-top: 100px !important;padding-bottom: 100px !important;}\u00a0\u00bb][vc_column][\/vc_column][\/vc_row]","og_url":"https:\/\/teatinos.org\/fr\/que-faisons-nous\/","og_site_name":"Teatinos","article_modified_time":"2025-10-21T14:20:55+00:00","twitter_card":"summary_large_image","twitter_misc":{"Dur\u00e9e de lecture estim\u00e9e":"1 minute"},"schema":{"@context":"https:\/\/schema.org","@graph":[{"@type":"WebPage","@id":"https:\/\/teatinos.org\/fr\/que-faisons-nous\/","url":"https:\/\/teatinos.org\/fr\/que-faisons-nous\/","name":"Que faisons-nous? - Teatinos","isPartOf":{"@id":"https:\/\/teatinos.org\/pt-br\/#website"},"datePublished":"2018-07-23T18:19:49+00:00","dateModified":"2025-10-21T14:20:55+00:00","breadcrumb":{"@id":"https:\/\/teatinos.org\/fr\/que-faisons-nous\/#breadcrumb"},"inLanguage":"fr-FR","potentialAction":[{"@type":"ReadAction","target":["https:\/\/teatinos.org\/fr\/que-faisons-nous\/"]}]},{"@type":"BreadcrumbList","@id":"https:\/\/teatinos.org\/fr\/que-faisons-nous\/#breadcrumb","itemListElement":[{"@type":"ListItem","position":1,"name":"Portada","item":"https:\/\/teatinos.org\/fr\/"},{"@type":"ListItem","position":2,"name":"Que faisons-nous?"}]},{"@type":"WebSite","@id":"https:\/\/teatinos.org\/pt-br\/#website","url":"https:\/\/teatinos.org\/pt-br\/","name":"Teatinos","description":"Orden de Cl\u00e9rigos Regulares","potentialAction":[{"@type":"SearchAction","target":{"@type":"EntryPoint","urlTemplate":"https:\/\/teatinos.org\/pt-br\/?s={search_term_string}"},"query-input":{"@type":"PropertyValueSpecification","valueRequired":true,"valueName":"search_term_string"}}],"inLanguage":"fr-FR"}]}},"rttpg_featured_image_url":null,"rttpg_author":{"display_name":"admin","author_link":"https:\/\/teatinos.org\/fr\/author\/admin\/"},"rttpg_comment":0,"rttpg_category":" <a href=\"https:\/\/teatinos.org\/fr\/?taxonomy=translation_priority&#038;term=facultatif\" rel=\"tag\">Facultatif<\/a>","rttpg_excerpt":"[vc_row css=\u00a0\u00bb.vc_custom_1459790702196{padding-top: 100px !important;padding-bottom: 100px !important;}\u00a0\u00bb][vc_column][\/vc_column][\/vc_row]","_links":{"self":[{"href":"https:\/\/teatinos.org\/fr\/wp-json\/wp\/v2\/pages\/4505","targetHints":{"allow":["GET"]}}],"collection":[{"href":"https:\/\/teatinos.org\/fr\/wp-json\/wp\/v2\/pages"}],"about":[{"href":"https:\/\/teatinos.org\/fr\/wp-json\/wp\/v2\/types\/page"}],"author":[{"embeddable":true,"href":"https:\/\/teatinos.org\/fr\/wp-json\/wp\/v2\/users\/1"}],"replies":[{"embeddable":true,"href":"https:\/\/teatinos.org\/fr\/wp-json\/wp\/v2\/comments?post=4505"}],"version-history":[{"count":7,"href":"https:\/\/teatinos.org\/fr\/wp-json\/wp\/v2\/pages\/4505\/revisions"}],"predecessor-version":[{"id":20626,"href":"https:\/\/teatinos.org\/fr\/wp-json\/wp\/v2\/pages\/4505\/revisions\/20626"}],"wp:attachment":[{"href":"https:\/\/teatinos.org\/fr\/wp-json\/wp\/v2\/media?parent=4505"}],"curies":[{"name":"wp","href":"https:\/\/api.w.org\/{rel}","templated":true}]}}