{"id":4502,"date":"2016-04-04T17:13:02","date_gmt":"2016-04-04T17:13:02","guid":{"rendered":"http:\/\/teatinos.org\/los-teatinos\/"},"modified":"2025-10-21T14:17:04","modified_gmt":"2025-10-21T14:17:04","slug":"les-theatins","status":"publish","type":"page","link":"https:\/\/teatinos.org\/fr\/les-theatins\/","title":{"rendered":"Les Th\u00e9atins"},"content":{"rendered":"<p>[vc_row css=\u00a0\u00bb.vc_custom_1459790702196{padding-top: 100px !important;padding-bottom: 100px !important;}\u00a0\u00bb][vc_column]<div class=\"container \">[vc_row_inner][vc_column_inner width=\u00a0\u00bb1\/2&Prime;][vc_column_text]<strong>L&rsquo;Ordre des P\u00e8res R\u00e9guliers Th\u00e9atins<\/strong> est un Institut cl\u00e9rical de Vie Religieuse qui a vu le jour le 14 septembre 1524. Ce jour-l\u00e0 Jean-Pierre Carafa, Ga\u00ebtan de Thi\u00e8ne, Boniface de Colli et Paul Consiglieri, quatre hommes de foi, engag\u00e9s dans le d\u00e9sir de r\u00e9former l&rsquo;\u00c9glise \u00ab \u00e0 sa t\u00eate et dans ses membres \u00bb, \u00e9mettent leur profession religieuse devant le D\u00e9l\u00e9gu\u00e9 du Pape venu pour l&rsquo;occasion, Monseigneur Jean-Baptiste Bonciano, \u00e9v\u00eaque de Caserta.<\/p>\n<p>Cet acte conclut un processus commenc\u00e9 depuis un certain temps lorsque le pr\u00eatre et jurisconsulte Ga\u00ebtan de Thi\u00e8ne s&rsquo;installa tout r\u00e9cemment \u00e0 Rome, en 1523, et quand il continua \u00e0 agir \u00e0 l&rsquo;Oratoire romain du Divin Amour. Dans ce contexte, il lia une profonde amiti\u00e9 avec un autre membre dudit Oratoire, Jean-Pierre Carafa, \u00e9v\u00eaque de Chieti ( ville qui se dit \u00a0\u00bb Theate \u00a0\u00bb en latin et qui donna son nom \u00e0 notre Ordre \u00a0\u00bb Th\u00e9atin \u00a0\u00bb ) et archev\u00eaque de Brindisi, en plus d&rsquo;\u00eatre examinateur du clerg\u00e9 romain par la volont\u00e9 du Pape Cl\u00e9ment VII.<\/p>\n<p>Les deux pr\u00eatres projetaient un renouveau eccl\u00e9sial, en ayant comme axe de r\u00e9f\u00e9rence la discipline du clerg\u00e9. L&rsquo;id\u00e9e-force \u00e9tait la formation d&rsquo;un groupe de pr\u00eatres bien solide, m\u00eame si ce groupe \u00e9tait petit, qui pourrait \u00eatre le visage et le mod\u00e8le pour la vie des eccl\u00e9siastiques. Ceci est le principe qui r\u00e9git notre charisme religieux.[\/vc_column_text][\/vc_column_inner][vc_column_inner width=\u00a0\u00bb1\/2&Prime;]<div  class=\"single-slides no-controls\"><\/div>[vc_empty_space height=\u00a0\u00bb5px\u00a0\u00bb][vc_single_image image=\u00a0\u00bb20599&Prime; img_size=\u00a0\u00bbfull\u00a0\u00bb alignment=\u00a0\u00bbcenter\u00a0\u00bb][\/vc_column_inner][\/vc_row_inner]<\/div>[\/vc_column][\/vc_row]<\/p>\n","protected":false},"excerpt":{"rendered":"<p>[vc_row css=\u00a0\u00bb.vc_custom_1459790702196{padding-top: 100px !important;padding-bottom: 100px !important;}\u00a0\u00bb][vc_column][\/vc_column][\/vc_row]<\/p>\n","protected":false},"author":1,"featured_media":0,"parent":0,"menu_order":0,"comment_status":"closed","ping_status":"closed","template":"","meta":{"_acf_changed":false,"footnotes":"","_links_to":"","_links_to_target":""},"class_list":["post-4502","page","type-page","status-publish","hentry"],"acf":[],"yoast_head":"<!-- This site is optimized with the Yoast SEO plugin v23.5 - https:\/\/yoast.com\/wordpress\/plugins\/seo\/ -->\n<title>Les Th\u00e9atins - Teatinos<\/title>\n<meta name=\"robots\" content=\"index, follow, max-snippet:-1, max-image-preview:large, max-video-preview:-1\" \/>\n<link rel=\"canonical\" href=\"https:\/\/teatinos.org\/fr\/les-theatins\/\" \/>\n<meta property=\"og:locale\" content=\"fr_FR\" \/>\n<meta property=\"og:type\" content=\"article\" \/>\n<meta property=\"og:title\" content=\"Les Th\u00e9atins - Teatinos\" \/>\n<meta property=\"og:description\" content=\"[vc_row css=\u00a0\u00bb.vc_custom_1459790702196{padding-top: 100px !important;padding-bottom: 100px !important;}\u00a0\u00bb][vc_column][\/vc_column][\/vc_row]\" \/>\n<meta property=\"og:url\" content=\"https:\/\/teatinos.org\/fr\/les-theatins\/\" \/>\n<meta property=\"og:site_name\" content=\"Teatinos\" \/>\n<meta property=\"article:modified_time\" content=\"2025-10-21T14:17:04+00:00\" \/>\n<meta name=\"twitter:card\" content=\"summary_large_image\" \/>\n<meta name=\"twitter:label1\" content=\"Dur\u00e9e de lecture estim\u00e9e\" \/>\n\t<meta name=\"twitter:data1\" content=\"2 minutes\" \/>\n<script type=\"application\/ld+json\" class=\"yoast-schema-graph\">{\"@context\":\"https:\/\/schema.org\",\"@graph\":[{\"@type\":\"WebPage\",\"@id\":\"https:\/\/teatinos.org\/fr\/les-theatins\/\",\"url\":\"https:\/\/teatinos.org\/fr\/les-theatins\/\",\"name\":\"Les Th\u00e9atins - Teatinos\",\"isPartOf\":{\"@id\":\"https:\/\/teatinos.org\/pt-br\/#website\"},\"datePublished\":\"2016-04-04T17:13:02+00:00\",\"dateModified\":\"2025-10-21T14:17:04+00:00\",\"breadcrumb\":{\"@id\":\"https:\/\/teatinos.org\/fr\/les-theatins\/#breadcrumb\"},\"inLanguage\":\"fr-FR\",\"potentialAction\":[{\"@type\":\"ReadAction\",\"target\":[\"https:\/\/teatinos.org\/fr\/les-theatins\/\"]}]},{\"@type\":\"BreadcrumbList\",\"@id\":\"https:\/\/teatinos.org\/fr\/les-theatins\/#breadcrumb\",\"itemListElement\":[{\"@type\":\"ListItem\",\"position\":1,\"name\":\"Portada\",\"item\":\"https:\/\/teatinos.org\/fr\/\"},{\"@type\":\"ListItem\",\"position\":2,\"name\":\"Les Th\u00e9atins\"}]},{\"@type\":\"WebSite\",\"@id\":\"https:\/\/teatinos.org\/pt-br\/#website\",\"url\":\"https:\/\/teatinos.org\/pt-br\/\",\"name\":\"Teatinos\",\"description\":\"Orden de Cl\u00e9rigos Regulares\",\"potentialAction\":[{\"@type\":\"SearchAction\",\"target\":{\"@type\":\"EntryPoint\",\"urlTemplate\":\"https:\/\/teatinos.org\/pt-br\/?s={search_term_string}\"},\"query-input\":{\"@type\":\"PropertyValueSpecification\",\"valueRequired\":true,\"valueName\":\"search_term_string\"}}],\"inLanguage\":\"fr-FR\"}]}<\/script>\n<!-- \/ Yoast SEO plugin. -->","yoast_head_json":{"title":"Les Th\u00e9atins - Teatinos","robots":{"index":"index","follow":"follow","max-snippet":"max-snippet:-1","max-image-preview":"max-image-preview:large","max-video-preview":"max-video-preview:-1"},"canonical":"https:\/\/teatinos.org\/fr\/les-theatins\/","og_locale":"fr_FR","og_type":"article","og_title":"Les Th\u00e9atins - Teatinos","og_description":"[vc_row css=\u00a0\u00bb.vc_custom_1459790702196{padding-top: 100px !important;padding-bottom: 100px !important;}\u00a0\u00bb][vc_column][\/vc_column][\/vc_row]","og_url":"https:\/\/teatinos.org\/fr\/les-theatins\/","og_site_name":"Teatinos","article_modified_time":"2025-10-21T14:17:04+00:00","twitter_card":"summary_large_image","twitter_misc":{"Dur\u00e9e de lecture estim\u00e9e":"2 minutes"},"schema":{"@context":"https:\/\/schema.org","@graph":[{"@type":"WebPage","@id":"https:\/\/teatinos.org\/fr\/les-theatins\/","url":"https:\/\/teatinos.org\/fr\/les-theatins\/","name":"Les Th\u00e9atins - Teatinos","isPartOf":{"@id":"https:\/\/teatinos.org\/pt-br\/#website"},"datePublished":"2016-04-04T17:13:02+00:00","dateModified":"2025-10-21T14:17:04+00:00","breadcrumb":{"@id":"https:\/\/teatinos.org\/fr\/les-theatins\/#breadcrumb"},"inLanguage":"fr-FR","potentialAction":[{"@type":"ReadAction","target":["https:\/\/teatinos.org\/fr\/les-theatins\/"]}]},{"@type":"BreadcrumbList","@id":"https:\/\/teatinos.org\/fr\/les-theatins\/#breadcrumb","itemListElement":[{"@type":"ListItem","position":1,"name":"Portada","item":"https:\/\/teatinos.org\/fr\/"},{"@type":"ListItem","position":2,"name":"Les Th\u00e9atins"}]},{"@type":"WebSite","@id":"https:\/\/teatinos.org\/pt-br\/#website","url":"https:\/\/teatinos.org\/pt-br\/","name":"Teatinos","description":"Orden de Cl\u00e9rigos Regulares","potentialAction":[{"@type":"SearchAction","target":{"@type":"EntryPoint","urlTemplate":"https:\/\/teatinos.org\/pt-br\/?s={search_term_string}"},"query-input":{"@type":"PropertyValueSpecification","valueRequired":true,"valueName":"search_term_string"}}],"inLanguage":"fr-FR"}]}},"rttpg_featured_image_url":null,"rttpg_author":{"display_name":"admin","author_link":"https:\/\/teatinos.org\/fr\/author\/admin\/"},"rttpg_comment":0,"rttpg_category":" <a href=\"https:\/\/teatinos.org\/fr\/?taxonomy=translation_priority&#038;term=facultatif\" rel=\"tag\">Facultatif<\/a>","rttpg_excerpt":"[vc_row css=\u00a0\u00bb.vc_custom_1459790702196{padding-top: 100px !important;padding-bottom: 100px !important;}\u00a0\u00bb][vc_column][\/vc_column][\/vc_row]","_links":{"self":[{"href":"https:\/\/teatinos.org\/fr\/wp-json\/wp\/v2\/pages\/4502","targetHints":{"allow":["GET"]}}],"collection":[{"href":"https:\/\/teatinos.org\/fr\/wp-json\/wp\/v2\/pages"}],"about":[{"href":"https:\/\/teatinos.org\/fr\/wp-json\/wp\/v2\/types\/page"}],"author":[{"embeddable":true,"href":"https:\/\/teatinos.org\/fr\/wp-json\/wp\/v2\/users\/1"}],"replies":[{"embeddable":true,"href":"https:\/\/teatinos.org\/fr\/wp-json\/wp\/v2\/comments?post=4502"}],"version-history":[{"count":5,"href":"https:\/\/teatinos.org\/fr\/wp-json\/wp\/v2\/pages\/4502\/revisions"}],"predecessor-version":[{"id":20621,"href":"https:\/\/teatinos.org\/fr\/wp-json\/wp\/v2\/pages\/4502\/revisions\/20621"}],"wp:attachment":[{"href":"https:\/\/teatinos.org\/fr\/wp-json\/wp\/v2\/media?parent=4502"}],"curies":[{"name":"wp","href":"https:\/\/api.w.org\/{rel}","templated":true}]}}