{"id":4494,"date":"2020-02-27T14:02:10","date_gmt":"2020-02-27T14:02:10","guid":{"rendered":"http:\/\/teatinos.org\/?page_id=4494"},"modified":"2025-10-20T21:13:45","modified_gmt":"2025-10-20T21:13:45","slug":"la-curie-generale","status":"publish","type":"page","link":"https:\/\/teatinos.org\/fr\/la-curie-generale\/","title":{"rendered":"La Curie G\u00e9n\u00e9rale"},"content":{"rendered":"<p>[vc_row][vc_column width=\u00a0\u00bb1\/6&Prime;][\/vc_column][vc_column width=\u00a0\u00bb2\/3&Prime;][vc_empty_space height=\u00a0\u00bb30px\u00a0\u00bb][vc_column_text]<\/p>\n<p style=\"text-align: center;\">Pour affermir la vie religieuse de l&rsquo;Ordre et d\u00e9velopper avec la plus grande force, sp\u00e9cialement le pouvoir juridique, le gouvernement de notre Institut implique l&rsquo;extension d&rsquo;autres fonctions qui compl\u00e8tent, avec le Conseil G\u00e9n\u00e9ral Ordinaire, la configuration de la Curie G\u00e9n\u00e9rale.<\/p>\n<p>[\/vc_column_text][vc_column_text]<\/p>\n<h5 style=\"text-align: center;\">Les postes qui compl\u00e8tent la Curie G\u00e9n\u00e9rale sont les suivantes:<\/h5>\n<p>[\/vc_column_text][\/vc_column][vc_column width=\u00a0\u00bb1\/6&Prime;][\/vc_column][\/vc_row][vc_row el_id=\u00a0\u00bbtodos\u00a0\u00bb][vc_column width=\u00a0\u00bb1\/6&Prime;][\/vc_column][vc_column width=\u00a0\u00bb2\/3&Prime;][vc_empty_space height=\u00a0\u00bb40px\u00a0\u00bb][\/vc_column][vc_column width=\u00a0\u00bb1\/6&Prime;][\/vc_column][\/vc_row][vc_row][vc_column]<div class=\"portfolio\"><div id=\"js-grid-awesome-work\" class=\"col-3 with-space\"><!-- PORTOFLIO ITEM --><div class=\"cbp-item \"><img decoding=\"async\" src=\"https:\/\/teatinos.org\/wp-content\/uploads\/2018\/07\/Marcelo-Zubia.jpg\" alt=\"\"><div class=\"hover-port\"><div class=\"hover-in\"><div class=\"position-center-center full-width\"><h6>LE PROCURATEUR G\u00c9N\u00c9RAL<\/h6><span>Il traite les sujets de l'Ordre face au Saint-Si\u00e8ge. Cette fonction est prise en charge actuellement par le R\u00e9v. P. Marcelo Ra\u00fal Zub\u00eda, C.R.\r\n\r\nVous pouvez le contacter \u00e0 l'adresse suivante: <strong>procuratoregenerale@teatinos.org<\/strong><\/span><a href=\"https:\/\/teatinos.org\/fr\/kora_portfolio\/le-procurateur-general\/\" class=\"singlePage\" rel=\"nofollow\"><i class=\"fa fa-link\"><\/i><\/a><a href=\"https:\/\/teatinos.org\/wp-content\/uploads\/2018\/07\/Marcelo-Zubia.jpg\" class=\"cbp-lightbox\" data-title=\"\"><i class=\"ion-ios-search-strong\"><\/i><\/a><\/div><\/div><\/div><\/div><!-- End Portfolio  Layout --><!-- PORTOFLIO ITEM --><div class=\"cbp-item \"><img decoding=\"async\" src=\"https:\/\/teatinos.org\/wp-content\/uploads\/2018\/07\/WEB-Fotos-Secretario-General-2-2025.png\" alt=\"\"><div class=\"hover-port\"><div class=\"hover-in\"><div class=\"position-center-center full-width\"><h6>LE SECR\u00c9TAIRE G\u00c9N\u00c9RAL<\/h6><span>Il r\u00e9dige, \u00e9crit et atteste tous les documents ou actes qui, depuis la Curie G\u00e9n\u00e9rale, sont en relation avec le gouvernement de l'Ordre. Ce poste est exerc\u00e9 aujourd'hui par le R.P. Antonio Cabrera Olmedo, CR.\r\n\r\nVous pouvez le contacter \u00e0 l'adresse suivante: <strong>segretariogenerale@teatinos.org<\/strong><\/span><a href=\"https:\/\/teatinos.org\/fr\/kora_portfolio\/le-secretaire-general\/\" class=\"singlePage\" rel=\"nofollow\"><i class=\"fa fa-link\"><\/i><\/a><a href=\"https:\/\/teatinos.org\/wp-content\/uploads\/2018\/07\/WEB-Fotos-Secretario-General-2-2025.png\" class=\"cbp-lightbox\" data-title=\"\"><i class=\"ion-ios-search-strong\"><\/i><\/a><\/div><\/div><\/div><\/div><!-- End Portfolio  Layout --><!-- PORTOFLIO ITEM --><div class=\"cbp-item \"><img decoding=\"async\" src=\"https:\/\/teatinos.org\/wp-content\/uploads\/2022\/02\/WEB-Fotos-Economo-General-1-2025.png\" alt=\"\"><div class=\"hover-port\"><div class=\"hover-in\"><div class=\"position-center-center full-width\"><h6>L&rsquo;\u00c9CONOME G\u00c9N\u00c9RAL<\/h6><span>Il entretient et m\u00e8ne l'administration des biens temporels de l'Ordre. Le R.P. Osman Proc\u00f3pio da Silva, CR s'occupe de cette charge.\r\n\r\nVous pouvez le contacter \u00e0 l'adresse suivante : <strong>economogenerale@teatinos.org<\/strong><\/span><a href=\"https:\/\/teatinos.org\/fr\/kora_portfolio\/leconome-general\/\" class=\"singlePage\" rel=\"nofollow\"><i class=\"fa fa-link\"><\/i><\/a><a href=\"https:\/\/teatinos.org\/wp-content\/uploads\/2022\/02\/WEB-Fotos-Economo-General-1-2025.png\" class=\"cbp-lightbox\" data-title=\"\"><i class=\"ion-ios-search-strong\"><\/i><\/a><\/div><\/div><\/div><\/div><!-- End Portfolio  Layout --><!-- PORTOFLIO ITEM --><div class=\"cbp-item \"><img decoding=\"async\" src=\"https:\/\/teatinos.org\/wp-content\/uploads\/2018\/07\/WEB-Fotos-Procurador-General-1-2025.png\" alt=\"\"><div class=\"hover-port\"><div class=\"hover-in\"><div class=\"position-center-center full-width\"><h6>Le Postulateur G\u00e9n\u00e9ral pour les causes des Saints<\/h6><span>Il s'occupe de tout ce qui est en relation avec la vie, l'oeuvre et la saintet\u00e9 des membres de l'Ordre qui ont \u00e9t\u00e9 canonis\u00e9s ou qui sont sur le chemin de la b\u00e9atification ou de la canonisation. Actuellement, le R.P. Ambroise Cots Dorca exerce cette fonction.\r\n\r\nVous pouvez le contacter \u00e0 l'adresse suivante: <strong>postulatoregenerale@teatinos.org<\/strong><\/span><a href=\"https:\/\/teatinos.org\/fr\/kora_portfolio\/le-postulateur-general-pour-les-causes-des-saints\/\" class=\"singlePage\" rel=\"nofollow\"><i class=\"fa fa-link\"><\/i><\/a><a href=\"https:\/\/teatinos.org\/wp-content\/uploads\/2018\/07\/WEB-Fotos-Procurador-General-1-2025.png\" class=\"cbp-lightbox\" data-title=\"\"><i class=\"ion-ios-search-strong\"><\/i><\/a><\/div><\/div><\/div><\/div><!-- End Portfolio  Layout --><!-- PORTOFLIO ITEM --><div class=\"cbp-item \"><img decoding=\"async\" src=\"https:\/\/teatinos.org\/wp-content\/uploads\/2018\/07\/WEB-Fotos-Archivista-1-2025.png\" alt=\"\"><div class=\"hover-port\"><div class=\"hover-in\"><div class=\"position-center-center full-width\"><h6>Le Pr\u00e9fet des Archives et de la Biblioth\u00e8que G\u00e9n\u00e9rale de l&rsquo;Ordre<\/h6><span>Il s'occupe des Archives historiques et de la Biblioth\u00e8que de la Curie G\u00e9n\u00e9rale. Cette t\u00e2che est actuellement port\u00e9e par le R.P. Jean Robert Orqueida Guaglianone, pr\u00eatre th\u00e9atin argentin, archiviste et sp\u00e9cialiste de la liturgie.\r\n\r\nIl peut \u00eatre contact\u00e9 \u00e0 l'adresse suivante : <strong>archiviogenerale@teatinos.org<\/strong><\/span><a href=\"https:\/\/teatinos.org\/fr\/kora_portfolio\/prefecto-del-archivo-y-de-la-biblioteca-general-de-la-orden\/\" class=\"singlePage\" rel=\"nofollow\"><i class=\"fa fa-link\"><\/i><\/a><a href=\"https:\/\/teatinos.org\/wp-content\/uploads\/2018\/07\/WEB-Fotos-Archivista-1-2025.png\" class=\"cbp-lightbox\" data-title=\"\"><i class=\"ion-ios-search-strong\"><\/i><\/a><\/div><\/div><\/div><\/div><!-- End Portfolio  Layout --><!-- PORTOFLIO ITEM --><div class=\"cbp-item \"><img decoding=\"async\" src=\"https:\/\/teatinos.org\/wp-content\/uploads\/2022\/02\/WEB-Fotos-Delegado-Formacion-1-2025.png\" alt=\"\"><div class=\"hover-port\"><div class=\"hover-in\"><div class=\"position-center-center full-width\"><h6>D\u00c9L\u00c9GU\u00c9 G\u00c9N\u00c9RAL \u00c0 LA FORMATION<\/h6><span>Qui doit s'occuper de tout ce qui concerne la Formation du Clerc R\u00e9gulier. Cette charge est exerc\u00e9e aujourd'hui par le R.P. Ismael Correa Mar\u00edn, C.R.<\/span><a href=\"https:\/\/teatinos.org\/fr\/kora_portfolio\/delegue-general-a-la-formation\/\" class=\"singlePage\" rel=\"nofollow\"><i class=\"fa fa-link\"><\/i><\/a><a href=\"https:\/\/teatinos.org\/wp-content\/uploads\/2022\/02\/WEB-Fotos-Delegado-Formacion-1-2025.png\" class=\"cbp-lightbox\" data-title=\"\"><i class=\"ion-ios-search-strong\"><\/i><\/a><\/div><\/div><\/div><\/div><!-- End Portfolio  Layout --><!-- PORTOFLIO ITEM --><div class=\"cbp-item \"><img decoding=\"async\" src=\"https:\/\/teatinos.org\/wp-content\/uploads\/2022\/02\/WEB-Fotos-Economo-General-1-2025.png\" alt=\"\"><div class=\"hover-port\"><div class=\"hover-in\"><div class=\"position-center-center full-width\"><h6>MA\u00ceTRE DES JUNIORS<\/h6><span>Il est responsable du Coll\u00e8ge international Teatinos \"San Jose Maria Tomasi\". Actuellement, le R.P. Osman Proc\u00f3pio da Silva, C.R. est charg\u00e9 de cette t\u00e2che.<\/span><a href=\"https:\/\/teatinos.org\/fr\/kora_portfolio\/maitre-des-juniors\/\" class=\"singlePage\" rel=\"nofollow\"><i class=\"fa fa-link\"><\/i><\/a><a href=\"https:\/\/teatinos.org\/wp-content\/uploads\/2022\/02\/WEB-Fotos-Economo-General-1-2025.png\" class=\"cbp-lightbox\" data-title=\"\"><i class=\"ion-ios-search-strong\"><\/i><\/a><\/div><\/div><\/div><\/div><!-- End Portfolio  Layout --><!-- PORTOFLIO ITEM --><div class=\"cbp-item \"><img decoding=\"async\" src=\"https:\/\/teatinos.org\/wp-content\/uploads\/2022\/02\/Escudo-cuadrado-2023-USA.png\" alt=\"\"><div class=\"hover-port\"><div class=\"hover-in\"><div class=\"position-center-center full-width\"><h6>COMMISSION 500 ANS<\/h6><span>Il s'agit du comit\u00e9 organisateur des c\u00e9l\u00e9brations du 500e anniversaire de la fondation de l'Ordre des Clercs R\u00e9guliers Th\u00e9atins.\r\n\r\nVous pouvez les contacter par courrier \u00e9lectronique : <strong>500anni@teatinos.org<\/strong><\/span><a href=\"https:\/\/teatinos.org\/fr\/kora_portfolio\/commission-500-ans\/\" class=\"singlePage\" rel=\"nofollow\"><i class=\"fa fa-link\"><\/i><\/a><a href=\"https:\/\/teatinos.org\/wp-content\/uploads\/2022\/02\/Escudo-cuadrado-2023-USA.png\" class=\"cbp-lightbox\" data-title=\"\"><i class=\"ion-ios-search-strong\"><\/i><\/a><\/div><\/div><\/div><\/div><!-- End Portfolio  Layout --><!-- PORTOFLIO ITEM --><div class=\"cbp-item \"><img decoding=\"async\" src=\"https:\/\/teatinos.org\/wp-content\/uploads\/2022\/02\/WEB-Fotos-Rector-Basilica-2-2025.png\" alt=\"\"><div class=\"hover-port\"><div class=\"hover-in\"><div class=\"position-center-center full-width\"><h6>RECTEUR DE LA BASILIQUE<\/h6><span>Il est responsable de tout ce qui concerne la Basilique de Sant'Andrea della Valle, \u00e0 Rome, si\u00e8ge du G\u00e9n\u00e9ralat de l'Ordre des Clercs R\u00e9guliers Th\u00e9atins. Le R.P. Jo\u00e3o Marcos Boranelli, C.R., est actuellement en charge de la Basilique.\r\n\r\nVous pouvez le contacter \u00e0 l'adresse suivante: <strong>santandrea@teatinos.org<\/strong><\/span><a href=\"https:\/\/teatinos.org\/fr\/kora_portfolio\/recteur-de-la-basilique\/\" class=\"singlePage\" rel=\"nofollow\"><i class=\"fa fa-link\"><\/i><\/a><a href=\"https:\/\/teatinos.org\/wp-content\/uploads\/2022\/02\/WEB-Fotos-Rector-Basilica-2-2025.png\" class=\"cbp-lightbox\" data-title=\"\"><i class=\"ion-ios-search-strong\"><\/i><\/a><\/div><\/div><\/div><\/div><!-- End Portfolio  Layout --><\/div><!-- LOAD MORE --><div id=\"js-loadMore-awesome-work\" class=\"text-center\"><a href=\"https:\/\/teatinos.org\/fr\/?page_id=&number_of_posts=10&pl=normal-4-column-full&select_portfolio_categories=23\" class=\"cbp-l-loadMore-link btn text-center\" rel=\"nofollow\"><span class=\"cbp-l-loadMore-defaultText\">Ver m\u00e1s<\/span><span class=\"cbp-l-loadMore-loadingText\">No hay m\u00e1s para mostrar<\/span><span class=\"cbp-l-loadMore-noMoreLoading\"><\/span><\/a><\/div><\/div>[\/vc_column][\/vc_row][vc_row][vc_column][vc_wp_text]<script type=\"text\/javascript\">jQuery(document).ready(function(){jQuery('#consejo').hide();jQuery('#curia').hide();jQuery('body').on('click', '.cbp-filter-item', function(){seleccion = jQuery(this ).data('filter');if (seleccion == '.curia-general'){jQuery('#curia').show();jQuery('#todos').hide();jQuery('#consejo').hide();}else if (seleccion == '.consejo-general-ordinario'){jQuery('#curia').hide();jQuery('#consejo').show();jQuery('#todos').hide();}else{jQuery('#consejo').hide();jQuery('#todos').show();jQuery('#curia').hide();}})})<\/script>[\/vc_wp_text][\/vc_column][\/vc_row]<\/p>\n","protected":false},"excerpt":{"rendered":"<p>[vc_row][vc_column width=\u00a0\u00bb1\/6&Prime;][\/vc_column][vc_column width=\u00a0\u00bb2\/3&Prime;][vc_empty_space height=\u00a0\u00bb30px\u00a0\u00bb][vc_column_text] Pour affermir la vie religieuse de l&rsquo;Ordre et d\u00e9velopper avec la plus grande force, sp\u00e9cialement le pouvoir juridique, le gouvernement de notre Institut implique l&rsquo;extension d&rsquo;autres fonctions qui compl\u00e8tent, avec le Conseil G\u00e9n\u00e9ral Ordinaire, la configuration de la Curie G\u00e9n\u00e9rale. [\/vc_column_text][vc_column_text] Les postes qui compl\u00e8tent la\u2026<\/p>\n","protected":false},"author":1,"featured_media":0,"parent":0,"menu_order":0,"comment_status":"closed","ping_status":"closed","template":"","meta":{"_acf_changed":false,"footnotes":"","_links_to":"","_links_to_target":""},"class_list":["post-4494","page","type-page","status-publish","hentry"],"acf":[],"yoast_head":"<!-- This site is optimized with the Yoast SEO plugin v23.5 - https:\/\/yoast.com\/wordpress\/plugins\/seo\/ -->\n<title>La Curie G\u00e9n\u00e9rale - Teatinos<\/title>\n<meta name=\"robots\" content=\"index, follow, max-snippet:-1, max-image-preview:large, max-video-preview:-1\" \/>\n<link rel=\"canonical\" href=\"https:\/\/teatinos.org\/fr\/la-curie-generale\/\" \/>\n<meta property=\"og:locale\" content=\"fr_FR\" \/>\n<meta property=\"og:type\" content=\"article\" \/>\n<meta property=\"og:title\" content=\"La Curie G\u00e9n\u00e9rale - Teatinos\" \/>\n<meta property=\"og:description\" content=\"[vc_row][vc_column width=\u00a0\u00bb1\/6&Prime;][\/vc_column][vc_column width=\u00a0\u00bb2\/3&Prime;][vc_empty_space height=\u00a0\u00bb30px\u00a0\u00bb][vc_column_text] Pour affermir la vie religieuse de l&rsquo;Ordre et d\u00e9velopper avec la plus grande force, sp\u00e9cialement le pouvoir juridique, le gouvernement de notre Institut implique l&rsquo;extension d&rsquo;autres fonctions qui compl\u00e8tent, avec le Conseil G\u00e9n\u00e9ral Ordinaire, la configuration de la Curie G\u00e9n\u00e9rale. [\/vc_column_text][vc_column_text] Les postes qui compl\u00e8tent la\u2026\" \/>\n<meta property=\"og:url\" content=\"https:\/\/teatinos.org\/fr\/la-curie-generale\/\" \/>\n<meta property=\"og:site_name\" content=\"Teatinos\" \/>\n<meta property=\"article:modified_time\" content=\"2025-10-20T21:13:45+00:00\" \/>\n<meta name=\"twitter:card\" content=\"summary_large_image\" \/>\n<meta name=\"twitter:label1\" content=\"Dur\u00e9e de lecture estim\u00e9e\" \/>\n\t<meta name=\"twitter:data1\" content=\"1 minute\" \/>\n<script type=\"application\/ld+json\" class=\"yoast-schema-graph\">{\"@context\":\"https:\/\/schema.org\",\"@graph\":[{\"@type\":\"WebPage\",\"@id\":\"https:\/\/teatinos.org\/fr\/la-curie-generale\/\",\"url\":\"https:\/\/teatinos.org\/fr\/la-curie-generale\/\",\"name\":\"La Curie G\u00e9n\u00e9rale - Teatinos\",\"isPartOf\":{\"@id\":\"https:\/\/teatinos.org\/pt-br\/#website\"},\"datePublished\":\"2020-02-27T14:02:10+00:00\",\"dateModified\":\"2025-10-20T21:13:45+00:00\",\"breadcrumb\":{\"@id\":\"https:\/\/teatinos.org\/fr\/la-curie-generale\/#breadcrumb\"},\"inLanguage\":\"fr-FR\",\"potentialAction\":[{\"@type\":\"ReadAction\",\"target\":[\"https:\/\/teatinos.org\/fr\/la-curie-generale\/\"]}]},{\"@type\":\"BreadcrumbList\",\"@id\":\"https:\/\/teatinos.org\/fr\/la-curie-generale\/#breadcrumb\",\"itemListElement\":[{\"@type\":\"ListItem\",\"position\":1,\"name\":\"Portada\",\"item\":\"https:\/\/teatinos.org\/fr\/\"},{\"@type\":\"ListItem\",\"position\":2,\"name\":\"La Curie G\u00e9n\u00e9rale\"}]},{\"@type\":\"WebSite\",\"@id\":\"https:\/\/teatinos.org\/pt-br\/#website\",\"url\":\"https:\/\/teatinos.org\/pt-br\/\",\"name\":\"Teatinos\",\"description\":\"Orden de Cl\u00e9rigos Regulares\",\"potentialAction\":[{\"@type\":\"SearchAction\",\"target\":{\"@type\":\"EntryPoint\",\"urlTemplate\":\"https:\/\/teatinos.org\/pt-br\/?s={search_term_string}\"},\"query-input\":{\"@type\":\"PropertyValueSpecification\",\"valueRequired\":true,\"valueName\":\"search_term_string\"}}],\"inLanguage\":\"fr-FR\"}]}<\/script>\n<!-- \/ Yoast SEO plugin. -->","yoast_head_json":{"title":"La Curie G\u00e9n\u00e9rale - Teatinos","robots":{"index":"index","follow":"follow","max-snippet":"max-snippet:-1","max-image-preview":"max-image-preview:large","max-video-preview":"max-video-preview:-1"},"canonical":"https:\/\/teatinos.org\/fr\/la-curie-generale\/","og_locale":"fr_FR","og_type":"article","og_title":"La Curie G\u00e9n\u00e9rale - Teatinos","og_description":"[vc_row][vc_column width=\u00a0\u00bb1\/6&Prime;][\/vc_column][vc_column width=\u00a0\u00bb2\/3&Prime;][vc_empty_space height=\u00a0\u00bb30px\u00a0\u00bb][vc_column_text] Pour affermir la vie religieuse de l&rsquo;Ordre et d\u00e9velopper avec la plus grande force, sp\u00e9cialement le pouvoir juridique, le gouvernement de notre Institut implique l&rsquo;extension d&rsquo;autres fonctions qui compl\u00e8tent, avec le Conseil G\u00e9n\u00e9ral Ordinaire, la configuration de la Curie G\u00e9n\u00e9rale. [\/vc_column_text][vc_column_text] Les postes qui compl\u00e8tent la\u2026","og_url":"https:\/\/teatinos.org\/fr\/la-curie-generale\/","og_site_name":"Teatinos","article_modified_time":"2025-10-20T21:13:45+00:00","twitter_card":"summary_large_image","twitter_misc":{"Dur\u00e9e de lecture estim\u00e9e":"1 minute"},"schema":{"@context":"https:\/\/schema.org","@graph":[{"@type":"WebPage","@id":"https:\/\/teatinos.org\/fr\/la-curie-generale\/","url":"https:\/\/teatinos.org\/fr\/la-curie-generale\/","name":"La Curie G\u00e9n\u00e9rale - Teatinos","isPartOf":{"@id":"https:\/\/teatinos.org\/pt-br\/#website"},"datePublished":"2020-02-27T14:02:10+00:00","dateModified":"2025-10-20T21:13:45+00:00","breadcrumb":{"@id":"https:\/\/teatinos.org\/fr\/la-curie-generale\/#breadcrumb"},"inLanguage":"fr-FR","potentialAction":[{"@type":"ReadAction","target":["https:\/\/teatinos.org\/fr\/la-curie-generale\/"]}]},{"@type":"BreadcrumbList","@id":"https:\/\/teatinos.org\/fr\/la-curie-generale\/#breadcrumb","itemListElement":[{"@type":"ListItem","position":1,"name":"Portada","item":"https:\/\/teatinos.org\/fr\/"},{"@type":"ListItem","position":2,"name":"La Curie G\u00e9n\u00e9rale"}]},{"@type":"WebSite","@id":"https:\/\/teatinos.org\/pt-br\/#website","url":"https:\/\/teatinos.org\/pt-br\/","name":"Teatinos","description":"Orden de Cl\u00e9rigos Regulares","potentialAction":[{"@type":"SearchAction","target":{"@type":"EntryPoint","urlTemplate":"https:\/\/teatinos.org\/pt-br\/?s={search_term_string}"},"query-input":{"@type":"PropertyValueSpecification","valueRequired":true,"valueName":"search_term_string"}}],"inLanguage":"fr-FR"}]}},"rttpg_featured_image_url":null,"rttpg_author":{"display_name":"admin","author_link":"https:\/\/teatinos.org\/fr\/author\/admin\/"},"rttpg_comment":0,"rttpg_category":" <a href=\"https:\/\/teatinos.org\/fr\/?taxonomy=translation_priority&#038;term=facultatif\" rel=\"tag\">Facultatif<\/a>","rttpg_excerpt":"[vc_row][vc_column width=\u00a0\u00bb1\/6&Prime;][\/vc_column][vc_column width=\u00a0\u00bb2\/3&Prime;][vc_empty_space height=\u00a0\u00bb30px\u00a0\u00bb][vc_column_text] Pour affermir la vie religieuse de l&rsquo;Ordre et d\u00e9velopper avec la plus grande force, sp\u00e9cialement le pouvoir juridique, le gouvernement de notre Institut implique l&rsquo;extension d&rsquo;autres fonctions qui compl\u00e8tent, avec le Conseil G\u00e9n\u00e9ral Ordinaire, la configuration de la Curie G\u00e9n\u00e9rale. [\/vc_column_text][vc_column_text] Les postes qui compl\u00e8tent la\u2026","_links":{"self":[{"href":"https:\/\/teatinos.org\/fr\/wp-json\/wp\/v2\/pages\/4494","targetHints":{"allow":["GET"]}}],"collection":[{"href":"https:\/\/teatinos.org\/fr\/wp-json\/wp\/v2\/pages"}],"about":[{"href":"https:\/\/teatinos.org\/fr\/wp-json\/wp\/v2\/types\/page"}],"author":[{"embeddable":true,"href":"https:\/\/teatinos.org\/fr\/wp-json\/wp\/v2\/users\/1"}],"replies":[{"embeddable":true,"href":"https:\/\/teatinos.org\/fr\/wp-json\/wp\/v2\/comments?post=4494"}],"version-history":[{"count":5,"href":"https:\/\/teatinos.org\/fr\/wp-json\/wp\/v2\/pages\/4494\/revisions"}],"predecessor-version":[{"id":20477,"href":"https:\/\/teatinos.org\/fr\/wp-json\/wp\/v2\/pages\/4494\/revisions\/20477"}],"wp:attachment":[{"href":"https:\/\/teatinos.org\/fr\/wp-json\/wp\/v2\/media?parent=4494"}],"curies":[{"name":"wp","href":"https:\/\/api.w.org\/{rel}","templated":true}]}}