{"id":11848,"date":"2023-07-13T21:27:06","date_gmt":"2023-07-13T21:27:06","guid":{"rendered":"http:\/\/teatinos.org\/?page_id=11848"},"modified":"2024-07-17T21:55:39","modified_gmt":"2024-07-17T21:55:39","slug":"musical","status":"publish","type":"page","link":"https:\/\/teatinos.org\/fr\/musical\/","title":{"rendered":"Musical"},"content":{"rendered":"<p>[vc_row css=\u00a0\u00bb.vc_custom_1688907696893{padding-top: 100px !important;padding-bottom: 100px !important;}\u00a0\u00bb][vc_column]<div class=\"container \">[vc_empty_space height=\u00a0\u00bb80px\u00a0\u00bb][vc_column_text]<\/p>\n<h1>La Musical<\/h1>\n<p>[\/vc_column_text][vc_empty_space height=\u00a0\u00bb80px\u00a0\u00bb]<\/div><div class=\"container \">[vc_row_inner][vc_column_inner width=\u00a0\u00bb1\/2&Prime;][vc_column_text]Une nouvelle passionnante pour tous les amoureux de la musique et de l&rsquo;histoire des Th\u00e9atins ! Nous avons le plaisir d&rsquo;annoncer qu&rsquo;une extraordinaire com\u00e9die musicale est en cours d&rsquo;\u00e9laboration pour comm\u00e9morer le 500e anniversaire de l&rsquo;Ordre des clercs r\u00e9guliers th\u00e9atins, qui sera c\u00e9l\u00e9br\u00e9 le 14 septembre 2024.<\/p>\n<p>Cet incroyable projet musical est dirig\u00e9 par le talentueux directeur musical Christian Gara, qui a prouv\u00e9 sa capacit\u00e9 \u00e0 cr\u00e9er des exp\u00e9riences musicales captivantes. La com\u00e9die musicale capturera l&rsquo;essence et l&rsquo;importance des clercs r\u00e9guliers th\u00e9atins \u00e0 travers les si\u00e8cles, emmenant le public dans un voyage inoubliable \u00e0 travers l&rsquo;histoire de l&rsquo;ordre.<\/p>\n<p>Avec une musique originale et des paroles captivantes, la production mettra en sc\u00e8ne une distribution talentueuse qui donnera vie aux personnages cl\u00e9s de l&rsquo;Ordre des Th\u00e9atins. Des fondateurs aux principaux membres de l&rsquo;ordre, l&rsquo;histoire se d\u00e9roulera dans un spectacle plein de passion, de d\u00e9votion et de lutte pour la foi.<\/p>\n<p>La com\u00e9die musicale explorera l&rsquo;\u00e9volution de l&rsquo;Ordre des Clercs R\u00e9guliers Th\u00e9atins, en soulignant son impact sur la soci\u00e9t\u00e9 et son engagement en faveur de la spiritualit\u00e9 et du service au cours des si\u00e8cles. Gr\u00e2ce \u00e0 la musique et \u00e0 la narration, l&rsquo;importance des valeurs th\u00e9atines et leur influence sur le monde seront transmises.<\/p>\n<p>L&rsquo;\u00e9quipe de production travaille d&rsquo;arrache-pied pour cr\u00e9er une mise en sc\u00e8ne spectaculaire qui accompagnera la beaut\u00e9 de la musique et de l&rsquo;histoire. Des d\u00e9cors aux costumes, chaque d\u00e9tail sera soigneusement \u00e9tudi\u00e9 pour plonger le public dans l&rsquo;\u00e9poque et le contexte de l&rsquo;Ordre th\u00e9atin.<\/p>\n<p>Cette com\u00e9die musicale promet d&rsquo;\u00eatre un hommage \u00e9mouvant \u00e0 l&rsquo;h\u00e9ritage de l&rsquo;Ordre des Clercs R\u00e9guliers Th\u00e9atins. Ce sera une occasion unique de c\u00e9l\u00e9brer l&rsquo;anniversaire de ce v\u00e9n\u00e9rable ordre et d&rsquo;appr\u00e9cier son impact durable sur l&rsquo;histoire de l&rsquo;\u00c9glise catholique.<\/p>\n<p>Pr\u00e9parez-vous \u00e0 \u00eatre captiv\u00e9s par la musique, le th\u00e9\u00e2tre et la spiritualit\u00e9 lors de la repr\u00e9sentation de la com\u00e9die musicale comm\u00e9morant le 500e anniversaire de l&rsquo;Ordre des Clercs R\u00e9guliers Th\u00e9atins, mise en sc\u00e8ne par Christian Gara. Inscrivez cet \u00e9v\u00e9nement incontournable \u00e0 votre agenda le 14 septembre 2024 et participez \u00e0 cette exp\u00e9rience unique dans l&rsquo;histoire des Th\u00e9atines ![\/vc_column_text][vc_separator][vc_empty_space height=\u00a0\u00bb5px\u00a0\u00bb][vc_single_image image=\u00a0\u00bb15849&Prime; img_size=\u00a0\u00bbfull\u00a0\u00bb][vc_empty_space height=\u00a0\u00bb5px\u00a0\u00bb][vc_column_text]<a href=\"https:\/\/www.icguardavalle.edu.it\/pubblicazioni\/1343-quando-si-dice-che-i-sogni-possono-diventare-realta-e-proprio-vero.html\">QUANDO SI DICE CHE I SOGNI POSSONO DIVENTARE REALTA&rsquo;!&#8230; E&rsquo; PROPRIO VERO<\/a>[\/vc_column_text][\/vc_column_inner][vc_column_inner width=\u00a0\u00bb1\/2&Prime;]<div  class=\"single-slides no-controls\"><\/div>[vc_empty_space height=\u00a0\u00bb5px\u00a0\u00bb][vc_single_image image=\u00a0\u00bb15833&Prime; img_size=\u00a0\u00bbfull\u00a0\u00bb alignment=\u00a0\u00bbcenter\u00a0\u00bb onclick=\u00a0\u00bbcustom_link\u00a0\u00bb img_link_target=\u00a0\u00bb_blank\u00a0\u00bb link=\u00a0\u00bbhttp:\/\/teatinos.org\/wp-content\/uploads\/2024\/05\/Flyer-Musical-Teatino-2024-firma-PG.pdf\u00a0\u00bb][vc_separator][vc_icon icon_fontawesome=\u00a0\u00bbfa fa-file-text-o\u00a0\u00bb color=\u00a0\u00bbblack\u00a0\u00bb background_style=\u00a0\u00bbboxed\u00a0\u00bb background_color=\u00a0\u00bborange\u00a0\u00bb size=\u00a0\u00bbxl\u00a0\u00bb css_animation=\u00a0\u00bbslideInRight\u00a0\u00bb link=\u00a0\u00bburl:http%3A%2F%2Fteatinos.org%2Ffr%2Fcantantes-confirmados%2F|title:Chanteurs%20confirm%C3%A9s|target:%20_blank|\u00a0\u00bb][vc_column_text]<strong>Cliquez sur le bouton orange pour voir les actualit\u00e9s.<\/strong>[\/vc_column_text][vc_text_separator title=\u00a0\u00bbRessources multim\u00e9dias\u00a0\u00bb i_icon_fontawesome=\u00a0\u00bbfa fa-music\u00a0\u00bb add_icon=\u00a0\u00bbtrue\u00a0\u00bb]<h1 class=\"simple-tittle margin-bottom-50\">Bases<\/h1><div id=\"\" class=\"video-player-for-wpbakery \">\n    <div class=\"video-player-for-wpbakery-container\">\n        <iframe loading=\"lazy\" title=\"Teatini il musical - base\" width=\"560\" height=\"315\" src=\"https:\/\/www.youtube.com\/embed\/videoseries?list=PLB0yEUHdB0ZoIStBLmKvbdZizqpIqCrKA\" frameborder=\"0\" allow=\"accelerometer; autoplay; clipboard-write; encrypted-media; gyroscope; picture-in-picture; web-share\" referrerpolicy=\"strict-origin-when-cross-origin\" allowfullscreen><\/iframe>    <\/div>\n<\/div><h1 class=\"simple-tittle margin-bottom-50\">Bases avec ch\u0153urs<\/h1><div id=\"\" class=\"video-player-for-wpbakery \">\n    <div class=\"video-player-for-wpbakery-container\">\n        <iframe loading=\"lazy\" title=\"Teatini il Musical\" width=\"560\" height=\"315\" src=\"https:\/\/www.youtube.com\/embed\/videoseries?list=PLB0yEUHdB0ZomIvpSlarhApVG4J040hSF\" frameborder=\"0\" allow=\"accelerometer; autoplay; clipboard-write; encrypted-media; gyroscope; picture-in-picture; web-share\" referrerpolicy=\"strict-origin-when-cross-origin\" allowfullscreen><\/iframe>    <\/div>\n<\/div><h1 class=\"simple-tittle margin-bottom-50\">Bases avec voix<\/h1><div id=\"\" class=\"video-player-for-wpbakery \">\n    <div class=\"video-player-for-wpbakery-container\">\n        <iframe loading=\"lazy\" title=\"Teatini il musical - solo cori\" width=\"560\" height=\"315\" src=\"https:\/\/www.youtube.com\/embed\/videoseries?list=PLB0yEUHdB0Zprq4ZdkfRbgzjioc3uDzkc\" frameborder=\"0\" allow=\"accelerometer; autoplay; clipboard-write; encrypted-media; gyroscope; picture-in-picture; web-share\" referrerpolicy=\"strict-origin-when-cross-origin\" allowfullscreen><\/iframe>    <\/div>\n<\/div>[vc_single_image image=\u00a0\u00bb15452&Prime; img_size=\u00a0\u00bb100&#215;112&Prime;][vc_column_text]<\/p>\n<h4>Des bases musicales \u00e0 t\u00e9l\u00e9charger et \u00e0 utiliser dans vos communaut\u00e9s<\/h4>\n<p>1- Bases (<a href=\"http:\/\/teatinos.org\/wp-content\/uploads\/audio-files\/basi.zip\">T\u00e9l\u00e9charger<\/a> le fichier .zip &#8211; 668,50 Mb)<br \/>\n2- Bases avec chorus (<a href=\"http:\/\/teatinos.org\/wp-content\/uploads\/audio-files\/basi-con-cori.zip\">T\u00e9l\u00e9charger<\/a> le fichier .zip &#8211; 654,30 Mb)<br \/>\n3- Bases avec voix (<a href=\"http:\/\/teatinos.org\/wp-content\/uploads\/audio-files\/basi-con-voce.zip\">T\u00e9l\u00e9charger<\/a> le fichier .zip &#8211; 574,60 Mb)[\/vc_column_text][vc_separator][vc_column_text]- T\u00e9l\u00e9charger le fichier .pdf<br \/>\n<a href=\"http:\/\/teatinos.org\/wp-content\/uploads\/2024\/05\/Flyer-Musical-Teatino-2024-firma-PG.pdf\">Cliquez ici<\/a>[\/vc_column_text][vc_separator][\/vc_column_inner][\/vc_row_inner]<\/div>[\/vc_column][\/vc_row]<\/p>\n","protected":false},"excerpt":{"rendered":"<p>[vc_row css=\u00a0\u00bb.vc_custom_1688907696893{padding-top: 100px !important;padding-bottom: 100px !important;}\u00a0\u00bb][vc_column][\/vc_column][\/vc_row]<\/p>\n","protected":false},"author":1,"featured_media":0,"parent":0,"menu_order":0,"comment_status":"closed","ping_status":"closed","template":"","meta":{"_acf_changed":false,"footnotes":"","_links_to":"","_links_to_target":""},"class_list":["post-11848","page","type-page","status-publish","hentry"],"acf":[],"yoast_head":"<!-- This site is optimized with the Yoast SEO plugin v23.5 - https:\/\/yoast.com\/wordpress\/plugins\/seo\/ -->\n<title>Musical - Teatinos<\/title>\n<meta name=\"robots\" content=\"index, follow, max-snippet:-1, max-image-preview:large, max-video-preview:-1\" \/>\n<link rel=\"canonical\" href=\"https:\/\/teatinos.org\/fr\/musical\/\" \/>\n<meta property=\"og:locale\" content=\"fr_FR\" \/>\n<meta property=\"og:type\" content=\"article\" \/>\n<meta property=\"og:title\" content=\"Musical - Teatinos\" \/>\n<meta property=\"og:description\" content=\"[vc_row css=\u00a0\u00bb.vc_custom_1688907696893{padding-top: 100px !important;padding-bottom: 100px !important;}\u00a0\u00bb][vc_column][\/vc_column][\/vc_row]\" \/>\n<meta property=\"og:url\" content=\"https:\/\/teatinos.org\/fr\/musical\/\" \/>\n<meta property=\"og:site_name\" content=\"Teatinos\" \/>\n<meta property=\"article:modified_time\" content=\"2024-07-17T21:55:39+00:00\" \/>\n<meta name=\"twitter:card\" content=\"summary_large_image\" \/>\n<meta name=\"twitter:label1\" content=\"Dur\u00e9e de lecture estim\u00e9e\" \/>\n\t<meta name=\"twitter:data1\" content=\"3 minutes\" \/>\n<script type=\"application\/ld+json\" class=\"yoast-schema-graph\">{\"@context\":\"https:\/\/schema.org\",\"@graph\":[{\"@type\":\"WebPage\",\"@id\":\"https:\/\/teatinos.org\/fr\/musical\/\",\"url\":\"https:\/\/teatinos.org\/fr\/musical\/\",\"name\":\"Musical - Teatinos\",\"isPartOf\":{\"@id\":\"https:\/\/teatinos.org\/pt-br\/#website\"},\"datePublished\":\"2023-07-13T21:27:06+00:00\",\"dateModified\":\"2024-07-17T21:55:39+00:00\",\"breadcrumb\":{\"@id\":\"https:\/\/teatinos.org\/fr\/musical\/#breadcrumb\"},\"inLanguage\":\"fr-FR\",\"potentialAction\":[{\"@type\":\"ReadAction\",\"target\":[\"https:\/\/teatinos.org\/fr\/musical\/\"]}]},{\"@type\":\"BreadcrumbList\",\"@id\":\"https:\/\/teatinos.org\/fr\/musical\/#breadcrumb\",\"itemListElement\":[{\"@type\":\"ListItem\",\"position\":1,\"name\":\"Portada\",\"item\":\"https:\/\/teatinos.org\/fr\/\"},{\"@type\":\"ListItem\",\"position\":2,\"name\":\"Musical\"}]},{\"@type\":\"WebSite\",\"@id\":\"https:\/\/teatinos.org\/pt-br\/#website\",\"url\":\"https:\/\/teatinos.org\/pt-br\/\",\"name\":\"Teatinos\",\"description\":\"Orden de Cl\u00e9rigos Regulares\",\"potentialAction\":[{\"@type\":\"SearchAction\",\"target\":{\"@type\":\"EntryPoint\",\"urlTemplate\":\"https:\/\/teatinos.org\/pt-br\/?s={search_term_string}\"},\"query-input\":{\"@type\":\"PropertyValueSpecification\",\"valueRequired\":true,\"valueName\":\"search_term_string\"}}],\"inLanguage\":\"fr-FR\"}]}<\/script>\n<!-- \/ Yoast SEO plugin. -->","yoast_head_json":{"title":"Musical - Teatinos","robots":{"index":"index","follow":"follow","max-snippet":"max-snippet:-1","max-image-preview":"max-image-preview:large","max-video-preview":"max-video-preview:-1"},"canonical":"https:\/\/teatinos.org\/fr\/musical\/","og_locale":"fr_FR","og_type":"article","og_title":"Musical - Teatinos","og_description":"[vc_row css=\u00a0\u00bb.vc_custom_1688907696893{padding-top: 100px !important;padding-bottom: 100px !important;}\u00a0\u00bb][vc_column][\/vc_column][\/vc_row]","og_url":"https:\/\/teatinos.org\/fr\/musical\/","og_site_name":"Teatinos","article_modified_time":"2024-07-17T21:55:39+00:00","twitter_card":"summary_large_image","twitter_misc":{"Dur\u00e9e de lecture estim\u00e9e":"3 minutes"},"schema":{"@context":"https:\/\/schema.org","@graph":[{"@type":"WebPage","@id":"https:\/\/teatinos.org\/fr\/musical\/","url":"https:\/\/teatinos.org\/fr\/musical\/","name":"Musical - Teatinos","isPartOf":{"@id":"https:\/\/teatinos.org\/pt-br\/#website"},"datePublished":"2023-07-13T21:27:06+00:00","dateModified":"2024-07-17T21:55:39+00:00","breadcrumb":{"@id":"https:\/\/teatinos.org\/fr\/musical\/#breadcrumb"},"inLanguage":"fr-FR","potentialAction":[{"@type":"ReadAction","target":["https:\/\/teatinos.org\/fr\/musical\/"]}]},{"@type":"BreadcrumbList","@id":"https:\/\/teatinos.org\/fr\/musical\/#breadcrumb","itemListElement":[{"@type":"ListItem","position":1,"name":"Portada","item":"https:\/\/teatinos.org\/fr\/"},{"@type":"ListItem","position":2,"name":"Musical"}]},{"@type":"WebSite","@id":"https:\/\/teatinos.org\/pt-br\/#website","url":"https:\/\/teatinos.org\/pt-br\/","name":"Teatinos","description":"Orden de Cl\u00e9rigos Regulares","potentialAction":[{"@type":"SearchAction","target":{"@type":"EntryPoint","urlTemplate":"https:\/\/teatinos.org\/pt-br\/?s={search_term_string}"},"query-input":{"@type":"PropertyValueSpecification","valueRequired":true,"valueName":"search_term_string"}}],"inLanguage":"fr-FR"}]}},"rttpg_featured_image_url":null,"rttpg_author":{"display_name":"admin","author_link":"https:\/\/teatinos.org\/fr\/author\/admin\/"},"rttpg_comment":0,"rttpg_category":" <a href=\"https:\/\/teatinos.org\/fr\/?taxonomy=translation_priority&#038;term=facultatif\" rel=\"tag\">Facultatif<\/a>","rttpg_excerpt":"[vc_row css=\u00a0\u00bb.vc_custom_1688907696893{padding-top: 100px !important;padding-bottom: 100px !important;}\u00a0\u00bb][vc_column][\/vc_column][\/vc_row]","_links":{"self":[{"href":"https:\/\/teatinos.org\/fr\/wp-json\/wp\/v2\/pages\/11848","targetHints":{"allow":["GET"]}}],"collection":[{"href":"https:\/\/teatinos.org\/fr\/wp-json\/wp\/v2\/pages"}],"about":[{"href":"https:\/\/teatinos.org\/fr\/wp-json\/wp\/v2\/types\/page"}],"author":[{"embeddable":true,"href":"https:\/\/teatinos.org\/fr\/wp-json\/wp\/v2\/users\/1"}],"replies":[{"embeddable":true,"href":"https:\/\/teatinos.org\/fr\/wp-json\/wp\/v2\/comments?post=11848"}],"version-history":[{"count":12,"href":"https:\/\/teatinos.org\/fr\/wp-json\/wp\/v2\/pages\/11848\/revisions"}],"predecessor-version":[{"id":16977,"href":"https:\/\/teatinos.org\/fr\/wp-json\/wp\/v2\/pages\/11848\/revisions\/16977"}],"wp:attachment":[{"href":"https:\/\/teatinos.org\/fr\/wp-json\/wp\/v2\/media?parent=11848"}],"curies":[{"name":"wp","href":"https:\/\/api.w.org\/{rel}","templated":true}]}}