{"id":11800,"date":"2023-07-09T13:29:17","date_gmt":"2023-07-09T13:29:17","guid":{"rendered":"http:\/\/teatinos.org\/?page_id=11800"},"modified":"2023-08-01T14:14:53","modified_gmt":"2023-08-01T14:14:53","slug":"jmj-2023","status":"publish","type":"page","link":"https:\/\/teatinos.org\/fr\/jmj-2023\/","title":{"rendered":"JMJ 2023"},"content":{"rendered":"<p>[vc_row css=\u00a0\u00bb.vc_custom_1688907696893{padding-top: 100px !important;padding-bottom: 100px !important;}\u00a0\u00bb][vc_column]<div class=\"container \">[vc_empty_space height=\u00a0\u00bb80px\u00a0\u00bb][vc_column_text]<\/p>\n<h1>JMJ2023<\/h1>\n<p>[\/vc_column_text][vc_empty_space height=\u00a0\u00bb80px\u00a0\u00bb]<\/div><div class=\"container \">[vc_row_inner][vc_column_inner width=\u00a0\u00bb1\/2&Prime;][vc_column_text]<span style=\"color: #000000;\"><strong>Amici, \u00e8 tempo di prepararsi per un evento pieno di amore e spiritualit\u00e0!<\/strong> Vi presentiamo l&rsquo;incontro pre-giornata teatina, intitolato \u00ab\u00a0Amore, spiritualit\u00e0 teatina\u00a0\u00bb, che inizier\u00e0 il 29 luglio 2023, a Morlupo (Italia).<br \/>\n<\/span><\/p>\n<p><span style=\"color: #000000;\">Questo incontro \u00e8 una meravigliosa opportunit\u00e0 per riunirsi come comunit\u00e0 teatina, per condividere la nostra fede e per rafforzare i nostri legami spirituali. Sar\u00e0 un momento di crescita personale, di riflessione e di celebrazione, mentre ci immergiamo nella ricca tradizione teatina.<\/span><\/p>\n<p><span style=\"color: #000000;\">Durante i giorni trascorsi insieme, saremo immersi in una variet\u00e0 di attivit\u00e0 arricchenti. Ci saranno momenti di preghiera e di adorazione, in cui ci connetteremo con il divino e rinnoveremo il nostro spirito. Inoltre, ci godremo conferenze e insegnamenti stimolanti sulla spiritualit\u00e0 teatina, approfondendo i valori che ci guidano come comunit\u00e0.<\/span><\/p>\n<p><span style=\"color: #000000;\">Non potete mancare! L&rsquo;incontro pre-giornata teatina \u00ab\u00a0Amore, spiritualit\u00e0 teatina\u00a0\u00bb vi aspetta a braccia aperte. Ci vediamo il 29 luglio 2023 per un&rsquo;esperienza indimenticabile insieme! Ecco un documento pronto per essere scaricato.<\/span>[\/vc_column_text][vc_separator][vc_icon icon_fontawesome=\u00a0\u00bbfa fa-file-text-o\u00a0\u00bb color=\u00a0\u00bbblack\u00a0\u00bb link=\u00a0\u00bburl:http%3A%2F%2Fteatinos.org%2Fvisita-a-la-mision-en-portugal-parte-2%2F|title:Descargar%20el%20documento%20%22Preparaci%C3%B3n%20Teatina%20-%20JMJ%20-%20Lisboa%202023%20%20|target:%20_blank|\u00a0\u00bb][vc_column_text]<a href=\"http:\/\/teatinos.org\/wp-content\/uploads\/2023\/07\/Preparazione-Teatina-GMG-Lisbona-2023-ITA.pdf\">Scarica il documento \u00ab\u00a0Preparazione Teatina &#8211; JMJ &#8211; Lisbona 2023\u00a0\u00bb<\/a>[\/vc_column_text][vc_separator]<div id=\"\" class=\"video-player-for-wpbakery \">\n    <div class=\"video-player-for-wpbakery-container\">\n        <iframe loading=\"lazy\" title=\"Preparacio\u0301n GMG - Lisboa - 2023\" width=\"560\" height=\"315\" src=\"https:\/\/www.youtube.com\/embed\/hAThkUbtd6k?feature=oembed\" frameborder=\"0\" allow=\"accelerometer; autoplay; clipboard-write; encrypted-media; gyroscope; picture-in-picture; web-share\" referrerpolicy=\"strict-origin-when-cross-origin\" allowfullscreen><\/iframe>    <\/div>\n<\/div>[vc_separator]<div id=\"\" class=\"video-player-for-wpbakery \">\n    <div class=\"video-player-for-wpbakery-container\">\n        <iframe loading=\"lazy\" title=\"Amore-Live Atto I\u00b0-Live Acto I\u00b0-Maria si alzo\u0300 e ando\u0300 in fretta-Maria se levanto\u0300 y se fue ra\u0300pido\" width=\"560\" height=\"315\" src=\"https:\/\/www.youtube.com\/embed\/OTaliHwR0Rk?feature=oembed\" frameborder=\"0\" allow=\"accelerometer; autoplay; clipboard-write; encrypted-media; gyroscope; picture-in-picture; web-share\" referrerpolicy=\"strict-origin-when-cross-origin\" allowfullscreen><\/iframe>    <\/div>\n<\/div>[\/vc_column_inner][vc_column_inner width=\u00a0\u00bb1\/2&Prime;]<div  class=\"single-slides no-controls\"><\/div>[vc_empty_space height=\u00a0\u00bb5px\u00a0\u00bb][vc_single_image image=\u00a0\u00bb11821&Prime; img_size=\u00a0\u00bbfull\u00a0\u00bb alignment=\u00a0\u00bbcenter\u00a0\u00bb onclick=\u00a0\u00bbcustom_link\u00a0\u00bb img_link_target=\u00a0\u00bb_blank\u00a0\u00bb link=\u00a0\u00bbhttp:\/\/teatinos.org\/wp-content\/uploads\/2023\/07\/Preparazione-Teatina-GMG-Lisbona-2023-ITA.pdf\u00a0\u00bb][vc_separator]<div id=\"\" class=\"video-player-for-wpbakery \">\n    <div class=\"video-player-for-wpbakery-container\">\n        <iframe loading=\"lazy\" title=\"Amare - spiritualita\u0300 Teatina - preparazione GMG 2023 - Roma - Italy -\" width=\"560\" height=\"315\" src=\"https:\/\/www.youtube.com\/embed\/UWYDI2k_qgw?feature=oembed\" frameborder=\"0\" allow=\"accelerometer; autoplay; clipboard-write; encrypted-media; gyroscope; picture-in-picture; web-share\" referrerpolicy=\"strict-origin-when-cross-origin\" allowfullscreen><\/iframe>    <\/div>\n<\/div>[\/vc_column_inner][\/vc_row_inner]<\/div>[\/vc_column][\/vc_row]<\/p>\n","protected":false},"excerpt":{"rendered":"<p>[vc_row css=\u00a0\u00bb.vc_custom_1688907696893{padding-top: 100px !important;padding-bottom: 100px !important;}\u00a0\u00bb][vc_column][\/vc_column][\/vc_row]<\/p>\n","protected":false},"author":1,"featured_media":0,"parent":0,"menu_order":0,"comment_status":"closed","ping_status":"closed","template":"","meta":{"_acf_changed":false,"footnotes":"","_links_to":"","_links_to_target":""},"class_list":["post-11800","page","type-page","status-publish","hentry"],"acf":[],"yoast_head":"<!-- This site is optimized with the Yoast SEO plugin v23.5 - https:\/\/yoast.com\/wordpress\/plugins\/seo\/ -->\n<title>JMJ 2023 - Teatinos<\/title>\n<meta name=\"robots\" content=\"index, follow, max-snippet:-1, max-image-preview:large, max-video-preview:-1\" \/>\n<link rel=\"canonical\" href=\"https:\/\/teatinos.org\/fr\/jmj-2023\/\" \/>\n<meta property=\"og:locale\" content=\"fr_FR\" \/>\n<meta property=\"og:type\" content=\"article\" \/>\n<meta property=\"og:title\" content=\"JMJ 2023 - Teatinos\" \/>\n<meta property=\"og:description\" content=\"[vc_row css=\u00a0\u00bb.vc_custom_1688907696893{padding-top: 100px !important;padding-bottom: 100px !important;}\u00a0\u00bb][vc_column][\/vc_column][\/vc_row]\" \/>\n<meta property=\"og:url\" content=\"https:\/\/teatinos.org\/fr\/jmj-2023\/\" \/>\n<meta property=\"og:site_name\" content=\"Teatinos\" \/>\n<meta property=\"article:modified_time\" content=\"2023-08-01T14:14:53+00:00\" \/>\n<meta name=\"twitter:card\" content=\"summary_large_image\" \/>\n<meta name=\"twitter:label1\" content=\"Dur\u00e9e de lecture estim\u00e9e\" \/>\n\t<meta name=\"twitter:data1\" content=\"1 minute\" \/>\n<script type=\"application\/ld+json\" class=\"yoast-schema-graph\">{\"@context\":\"https:\/\/schema.org\",\"@graph\":[{\"@type\":\"WebPage\",\"@id\":\"https:\/\/teatinos.org\/fr\/jmj-2023\/\",\"url\":\"https:\/\/teatinos.org\/fr\/jmj-2023\/\",\"name\":\"JMJ 2023 - Teatinos\",\"isPartOf\":{\"@id\":\"https:\/\/teatinos.org\/pt-br\/#website\"},\"datePublished\":\"2023-07-09T13:29:17+00:00\",\"dateModified\":\"2023-08-01T14:14:53+00:00\",\"breadcrumb\":{\"@id\":\"https:\/\/teatinos.org\/fr\/jmj-2023\/#breadcrumb\"},\"inLanguage\":\"fr-FR\",\"potentialAction\":[{\"@type\":\"ReadAction\",\"target\":[\"https:\/\/teatinos.org\/fr\/jmj-2023\/\"]}]},{\"@type\":\"BreadcrumbList\",\"@id\":\"https:\/\/teatinos.org\/fr\/jmj-2023\/#breadcrumb\",\"itemListElement\":[{\"@type\":\"ListItem\",\"position\":1,\"name\":\"Portada\",\"item\":\"https:\/\/teatinos.org\/fr\/\"},{\"@type\":\"ListItem\",\"position\":2,\"name\":\"JMJ 2023\"}]},{\"@type\":\"WebSite\",\"@id\":\"https:\/\/teatinos.org\/pt-br\/#website\",\"url\":\"https:\/\/teatinos.org\/pt-br\/\",\"name\":\"Teatinos\",\"description\":\"Orden de Cl\u00e9rigos Regulares\",\"potentialAction\":[{\"@type\":\"SearchAction\",\"target\":{\"@type\":\"EntryPoint\",\"urlTemplate\":\"https:\/\/teatinos.org\/pt-br\/?s={search_term_string}\"},\"query-input\":{\"@type\":\"PropertyValueSpecification\",\"valueRequired\":true,\"valueName\":\"search_term_string\"}}],\"inLanguage\":\"fr-FR\"}]}<\/script>\n<!-- \/ Yoast SEO plugin. -->","yoast_head_json":{"title":"JMJ 2023 - Teatinos","robots":{"index":"index","follow":"follow","max-snippet":"max-snippet:-1","max-image-preview":"max-image-preview:large","max-video-preview":"max-video-preview:-1"},"canonical":"https:\/\/teatinos.org\/fr\/jmj-2023\/","og_locale":"fr_FR","og_type":"article","og_title":"JMJ 2023 - Teatinos","og_description":"[vc_row css=\u00a0\u00bb.vc_custom_1688907696893{padding-top: 100px !important;padding-bottom: 100px !important;}\u00a0\u00bb][vc_column][\/vc_column][\/vc_row]","og_url":"https:\/\/teatinos.org\/fr\/jmj-2023\/","og_site_name":"Teatinos","article_modified_time":"2023-08-01T14:14:53+00:00","twitter_card":"summary_large_image","twitter_misc":{"Dur\u00e9e de lecture estim\u00e9e":"1 minute"},"schema":{"@context":"https:\/\/schema.org","@graph":[{"@type":"WebPage","@id":"https:\/\/teatinos.org\/fr\/jmj-2023\/","url":"https:\/\/teatinos.org\/fr\/jmj-2023\/","name":"JMJ 2023 - Teatinos","isPartOf":{"@id":"https:\/\/teatinos.org\/pt-br\/#website"},"datePublished":"2023-07-09T13:29:17+00:00","dateModified":"2023-08-01T14:14:53+00:00","breadcrumb":{"@id":"https:\/\/teatinos.org\/fr\/jmj-2023\/#breadcrumb"},"inLanguage":"fr-FR","potentialAction":[{"@type":"ReadAction","target":["https:\/\/teatinos.org\/fr\/jmj-2023\/"]}]},{"@type":"BreadcrumbList","@id":"https:\/\/teatinos.org\/fr\/jmj-2023\/#breadcrumb","itemListElement":[{"@type":"ListItem","position":1,"name":"Portada","item":"https:\/\/teatinos.org\/fr\/"},{"@type":"ListItem","position":2,"name":"JMJ 2023"}]},{"@type":"WebSite","@id":"https:\/\/teatinos.org\/pt-br\/#website","url":"https:\/\/teatinos.org\/pt-br\/","name":"Teatinos","description":"Orden de Cl\u00e9rigos Regulares","potentialAction":[{"@type":"SearchAction","target":{"@type":"EntryPoint","urlTemplate":"https:\/\/teatinos.org\/pt-br\/?s={search_term_string}"},"query-input":{"@type":"PropertyValueSpecification","valueRequired":true,"valueName":"search_term_string"}}],"inLanguage":"fr-FR"}]}},"rttpg_featured_image_url":null,"rttpg_author":{"display_name":"admin","author_link":"https:\/\/teatinos.org\/fr\/author\/admin\/"},"rttpg_comment":0,"rttpg_category":" <a href=\"https:\/\/teatinos.org\/fr\/?taxonomy=translation_priority&#038;term=facultatif\" rel=\"tag\">Facultatif<\/a>","rttpg_excerpt":"[vc_row css=\u00a0\u00bb.vc_custom_1688907696893{padding-top: 100px !important;padding-bottom: 100px !important;}\u00a0\u00bb][vc_column][\/vc_column][\/vc_row]","_links":{"self":[{"href":"https:\/\/teatinos.org\/fr\/wp-json\/wp\/v2\/pages\/11800","targetHints":{"allow":["GET"]}}],"collection":[{"href":"https:\/\/teatinos.org\/fr\/wp-json\/wp\/v2\/pages"}],"about":[{"href":"https:\/\/teatinos.org\/fr\/wp-json\/wp\/v2\/types\/page"}],"author":[{"embeddable":true,"href":"https:\/\/teatinos.org\/fr\/wp-json\/wp\/v2\/users\/1"}],"replies":[{"embeddable":true,"href":"https:\/\/teatinos.org\/fr\/wp-json\/wp\/v2\/comments?post=11800"}],"version-history":[{"count":4,"href":"https:\/\/teatinos.org\/fr\/wp-json\/wp\/v2\/pages\/11800\/revisions"}],"predecessor-version":[{"id":12040,"href":"https:\/\/teatinos.org\/fr\/wp-json\/wp\/v2\/pages\/11800\/revisions\/12040"}],"wp:attachment":[{"href":"https:\/\/teatinos.org\/fr\/wp-json\/wp\/v2\/media?parent=11800"}],"curies":[{"name":"wp","href":"https:\/\/api.w.org\/{rel}","templated":true}]}}