{"id":4872,"date":"2020-05-08T11:36:56","date_gmt":"2020-05-08T11:36:56","guid":{"rendered":"http:\/\/teatinos.org\/?page_id=4872"},"modified":"2020-05-08T11:43:32","modified_gmt":"2020-05-08T11:43:32","slug":"basilica-location-and-hours","status":"publish","type":"page","link":"https:\/\/teatinos.org\/en\/basilica-location-and-hours\/","title":{"rendered":"Basilica &#8211; Location and Hours"},"content":{"rendered":"<p>[vc_row full_width=&#8221;stretch_row_content&#8221; css=&#8221;.vc_custom_1534287836680{padding-top: 100px !important;padding-bottom: 100px !important;}&#8221;][vc_column]<div class=\"container \">[vc_row_inner][vc_column_inner width=&#8221;1\/2&#8243;][vc_column_text]<\/p>\n<h1>Location<\/h1>\n<p>[\/vc_column_text][vc_column_text]<\/p>\n<div class=\"description-basilica\">The Basilica of S. Andrea della Valle is located at Piazza Vidoni, 6 at the intersection of Corso Vittorio Emanuele II and Corso Rinascimento (Italy), between Piazza Vidoni and Via dei Chiavari, a 100 m from Largo Argentina.<\/div>\n<p>[\/vc_column_text][vc_column_text]<\/p>\n<h3>Horarios<\/h3>\n<p>[\/vc_column_text][vc_column_text]<\/p>\n<div class=\"info-date-basilica\">La celebraci\u00f3n de la Santa Misa en \u00e9sta Bas\u00edlica romana tiene lugar todos los d\u00edas, llev\u00e1ndose a cabo de la siguiente manera:<\/div>\n<div class=\"content-location-basilica\">\n<div class=\"name-date-basilica\">Lunes a s\u00e1bado<\/div>\n<div class=\"name-time-basilica\">A las 9:00 hs y a las 19:00 hs.<\/div>\n<div class=\"name-date-basilica\">Domingos y d\u00edas de precepto<\/div>\n<div class=\"name-time-basilica\">A las 9:00 hs, 11:00 hs y 19:00 hs.<\/div>\n<\/div>\n<div class=\"info-date-basilica\">Excepto el cuarto domingo de cada mes, la comunidad filipina se re\u00fane<br \/>\nen nuestra Bas\u00edlica para compartir la Eucarist\u00eda en ingl\u00e9s y\/o tagalo:<\/div>\n<div class=\"content-location-basilica\">\n<div class=\"name-date-basilica\">Cuarto domingo de cada mes<\/div>\n<div class=\"name-time-basilica\">A las 12:00 hs.<\/div>\n<\/div>\n<div class=\"info-date-basilica\">Por otra parte, se atienden las confesiones de los fieles, en el marco del Sacramento de la Reconciliaci\u00f3n:<\/div>\n<div class=\"content-location-basilica\">\n<div class=\"name-date-basilica\">Confesiones<\/div>\n<div class=\"name-time-basilica\">Todos los d\u00edas desde las 17:30 hs a las 19:00 hs.<\/div>\n<\/div>\n<div class=\"info-date-basilica\">Cuando se realizan conciertos de m\u00fasica sacra, cada uno de ellos presenta un horario especial, que se da a conocer con el aviso oportuno del concierto.<\/div>\n<p>[\/vc_column_text][\/vc_column_inner][vc_column_inner width=&#8221;1\/2&#8243;][vc_empty_space][vc_column_text el_class=&#8221;`{` { &#8220;featureType&#8220;: &#8220;all&#8220;, &#8220;elementType&#8220;: &#8220;labels.text.fill&#8220;, &#8220;stylers&#8220;: `{` { &#8220;saturation&#8220;: 36 }, { &#8220;color&#8220;: &#8220;#000000&#8220; }, { &#8220;lightness&#8220;: 40 } `}` }, { &#8220;featureType&#8220;: &#8220;all&#8220;, &#8220;elementType&#8220;: &#8220;labels.text.stroke&#8220;, &#8220;stylers&#8220;: `{` { &#8220;visibility&#8220;: &#8220;on&#8220; }, { &#8220;color&#8220;: &#8220;#000000&#8220; }, { &#8220;lightness&#8220;: 16 } `}` }, { &#8220;featureType&#8220;: &#8220;all&#8220;, &#8220;elementType&#8220;: &#8220;labels.icon&#8220;, &#8220;stylers&#8220;: `{` { &#8220;visibility&#8220;: &#8220;off&#8220; } `}` }, { &#8220;featureType&#8220;: &#8220;administrative&#8220;, &#8220;elementType&#8220;: &#8220;geometry.fill&#8220;, &#8220;stylers&#8220;: `{` { &#8220;color&#8220;: &#8220;#000000&#8220; }, { &#8220;lightness&#8220;: 20 } `}` }, { &#8220;featureType&#8220;: &#8220;administrative&#8220;, &#8220;elementType&#8220;: &#8220;geometry.stroke&#8220;, &#8220;stylers&#8220;: `{` { &#8220;color&#8220;: &#8220;#000000&#8220; }, { &#8220;lightness&#8220;: 17 }, { &#8220;weight&#8220;: 1.2 } `}` }, { &#8220;featureType&#8220;: &#8220;landscape&#8220;, &#8220;elementType&#8220;: &#8220;geometry&#8220;, &#8220;stylers&#8220;: `{` { &#8220;color&#8220;: &#8220;#000000&#8220; }, { &#8220;lightness&#8220;: 20 } `}` }, { &#8220;featureType&#8220;: &#8220;poi&#8220;, &#8220;elementType&#8220;: &#8220;geometry&#8220;, &#8220;stylers&#8220;: `{` { &#8220;color&#8220;: &#8220;#000000&#8220; }, { &#8220;lightness&#8220;: 21 } `}` }, { &#8220;featureType&#8220;: &#8220;road.highway&#8220;, &#8220;elementType&#8220;: &#8220;geometry.fill&#8220;, &#8220;stylers&#8220;: `{` { &#8220;color&#8220;: &#8220;#000000&#8220; }, { &#8220;lightness&#8220;: 17 } `}` }, { &#8220;featureType&#8220;: &#8220;road.highway&#8220;, &#8220;elementType&#8220;: &#8220;geometry.stroke&#8220;, &#8220;stylers&#8220;: `{` { &#8220;color&#8220;: &#8220;#000000&#8220; }, { &#8220;lightness&#8220;: 29 }, { &#8220;weight&#8220;: 0.2 } `}` }, { &#8220;featureType&#8220;: &#8220;road.arterial&#8220;, &#8220;elementType&#8220;: &#8220;geometry&#8220;, &#8220;stylers&#8220;: `{` { &#8220;color&#8220;: &#8220;#000000&#8220; }, { &#8220;lightness&#8220;: 18 } `}` }, { &#8220;featureType&#8220;: &#8220;road.local&#8220;, &#8220;elementType&#8220;: &#8220;geometry&#8220;, &#8220;stylers&#8220;: `{` { &#8220;color&#8220;: &#8220;#000000&#8220; }, { &#8220;lightness&#8220;: 16 } `}` }, { &#8220;featureType&#8220;: &#8220;transit&#8220;, &#8220;elementType&#8220;: &#8220;geometry&#8220;, &#8220;stylers&#8220;: `{` { &#8220;color&#8220;: &#8220;#000000&#8220; }, { &#8220;lightness&#8220;: 19 } `}` }, { &#8220;featureType&#8220;: &#8220;water&#8220;, &#8220;elementType&#8220;: &#8220;geometry&#8220;, &#8220;stylers&#8220;: `{` { &#8220;color&#8220;: &#8220;#000000&#8220; }, { &#8220;lightness&#8220;: 17 } `}` } `}`&#8221;]<iframe loading=\"lazy\" style=\"border: 1;\" src=\"https:\/\/www.google.com\/maps\/embed?pb=!1m18!1m12!1m3!1d2969.8570927329197!2d12.472128415441667!3d41.8959303792208!2m3!1f0!2f0!3f0!3m2!1i1024!2i768!4f13.1!3m3!1m2!1s0x132f604f11d4254d%3A0xf47bacbc1c31e400!2sSant'Andrea+della+Valle%2C+Piazza+Vidoni%2C+6%2C+00186+Roma+RM%2C+Italia!5e0!3m2!1ses!2sar!4v1533071186073\" width=\"800\" height=\"845\" frameborder=\"0\" allowfullscreen=\"allowfullscreen\" data-mce-fragment=\"1\"><\/iframe>[\/vc_column_text][\/vc_column_inner][\/vc_row_inner]<\/div>[\/vc_column][\/vc_row][vc_row][vc_column][vc_column_text]<\/p>\n<p>[\/vc_column_text][\/vc_column][\/vc_row][vc_row][vc_column][vc_column_text]<\/p>\n<p>[\/vc_column_text][\/vc_column][\/vc_row]<\/p>\n","protected":false},"excerpt":{"rendered":"<p>[vc_row full_width=&#8221;stretch_row_content&#8221; css=&#8221;.vc_custom_1534287836680{padding-top: 100px !important;padding-bottom: 100px !important;}&#8221;][vc_column][\/vc_column][\/vc_row][vc_row][vc_column][vc_column_text] [\/vc_column_text][\/vc_column][\/vc_row][vc_row][vc_column][vc_column_text] [\/vc_column_text][\/vc_column][\/vc_row]<\/p>\n","protected":false},"author":1,"featured_media":0,"parent":0,"menu_order":0,"comment_status":"closed","ping_status":"closed","template":"","meta":{"_acf_changed":false,"footnotes":"","_links_to":"","_links_to_target":""},"class_list":["post-4872","page","type-page","status-publish","hentry"],"acf":[],"yoast_head":"<!-- This site is optimized with the Yoast SEO plugin v23.5 - https:\/\/yoast.com\/wordpress\/plugins\/seo\/ -->\n<title>Basilica - Location and Hours - Teatinos<\/title>\n<meta name=\"robots\" content=\"index, follow, max-snippet:-1, max-image-preview:large, max-video-preview:-1\" \/>\n<link rel=\"canonical\" href=\"https:\/\/teatinos.org\/en\/basilica-location-and-hours\/\" \/>\n<meta property=\"og:locale\" content=\"en_US\" \/>\n<meta property=\"og:type\" content=\"article\" \/>\n<meta property=\"og:title\" content=\"Basilica - Location and Hours - Teatinos\" \/>\n<meta property=\"og:description\" content=\"[vc_row full_width=&#8221;stretch_row_content&#8221; css=&#8221;.vc_custom_1534287836680{padding-top: 100px !important;padding-bottom: 100px !important;}&#8221;][vc_column][\/vc_column][\/vc_row][vc_row][vc_column][vc_column_text] [\/vc_column_text][\/vc_column][\/vc_row][vc_row][vc_column][vc_column_text] [\/vc_column_text][\/vc_column][\/vc_row]\" \/>\n<meta property=\"og:url\" content=\"https:\/\/teatinos.org\/en\/basilica-location-and-hours\/\" \/>\n<meta property=\"og:site_name\" content=\"Teatinos\" \/>\n<meta property=\"article:modified_time\" content=\"2020-05-08T11:43:32+00:00\" \/>\n<meta name=\"twitter:card\" content=\"summary_large_image\" \/>\n<meta name=\"twitter:label1\" content=\"Est. reading time\" \/>\n\t<meta name=\"twitter:data1\" content=\"2 minutes\" \/>\n<script type=\"application\/ld+json\" class=\"yoast-schema-graph\">{\"@context\":\"https:\/\/schema.org\",\"@graph\":[{\"@type\":\"WebPage\",\"@id\":\"https:\/\/teatinos.org\/en\/basilica-location-and-hours\/\",\"url\":\"https:\/\/teatinos.org\/en\/basilica-location-and-hours\/\",\"name\":\"Basilica - Location and Hours - Teatinos\",\"isPartOf\":{\"@id\":\"https:\/\/teatinos.org\/pt-br\/#website\"},\"datePublished\":\"2020-05-08T11:36:56+00:00\",\"dateModified\":\"2020-05-08T11:43:32+00:00\",\"breadcrumb\":{\"@id\":\"https:\/\/teatinos.org\/en\/basilica-location-and-hours\/#breadcrumb\"},\"inLanguage\":\"en-US\",\"potentialAction\":[{\"@type\":\"ReadAction\",\"target\":[\"https:\/\/teatinos.org\/en\/basilica-location-and-hours\/\"]}]},{\"@type\":\"BreadcrumbList\",\"@id\":\"https:\/\/teatinos.org\/en\/basilica-location-and-hours\/#breadcrumb\",\"itemListElement\":[{\"@type\":\"ListItem\",\"position\":1,\"name\":\"Portada\",\"item\":\"https:\/\/teatinos.org\/en\/\"},{\"@type\":\"ListItem\",\"position\":2,\"name\":\"Basilica &#8211; Location and Hours\"}]},{\"@type\":\"WebSite\",\"@id\":\"https:\/\/teatinos.org\/pt-br\/#website\",\"url\":\"https:\/\/teatinos.org\/pt-br\/\",\"name\":\"Teatinos\",\"description\":\"Orden de Cl\u00e9rigos Regulares\",\"potentialAction\":[{\"@type\":\"SearchAction\",\"target\":{\"@type\":\"EntryPoint\",\"urlTemplate\":\"https:\/\/teatinos.org\/pt-br\/?s={search_term_string}\"},\"query-input\":{\"@type\":\"PropertyValueSpecification\",\"valueRequired\":true,\"valueName\":\"search_term_string\"}}],\"inLanguage\":\"en-US\"}]}<\/script>\n<!-- \/ Yoast SEO plugin. -->","yoast_head_json":{"title":"Basilica - Location and Hours - Teatinos","robots":{"index":"index","follow":"follow","max-snippet":"max-snippet:-1","max-image-preview":"max-image-preview:large","max-video-preview":"max-video-preview:-1"},"canonical":"https:\/\/teatinos.org\/en\/basilica-location-and-hours\/","og_locale":"en_US","og_type":"article","og_title":"Basilica - Location and Hours - Teatinos","og_description":"[vc_row full_width=&#8221;stretch_row_content&#8221; css=&#8221;.vc_custom_1534287836680{padding-top: 100px !important;padding-bottom: 100px !important;}&#8221;][vc_column][\/vc_column][\/vc_row][vc_row][vc_column][vc_column_text] [\/vc_column_text][\/vc_column][\/vc_row][vc_row][vc_column][vc_column_text] [\/vc_column_text][\/vc_column][\/vc_row]","og_url":"https:\/\/teatinos.org\/en\/basilica-location-and-hours\/","og_site_name":"Teatinos","article_modified_time":"2020-05-08T11:43:32+00:00","twitter_card":"summary_large_image","twitter_misc":{"Est. reading time":"2 minutes"},"schema":{"@context":"https:\/\/schema.org","@graph":[{"@type":"WebPage","@id":"https:\/\/teatinos.org\/en\/basilica-location-and-hours\/","url":"https:\/\/teatinos.org\/en\/basilica-location-and-hours\/","name":"Basilica - Location and Hours - Teatinos","isPartOf":{"@id":"https:\/\/teatinos.org\/pt-br\/#website"},"datePublished":"2020-05-08T11:36:56+00:00","dateModified":"2020-05-08T11:43:32+00:00","breadcrumb":{"@id":"https:\/\/teatinos.org\/en\/basilica-location-and-hours\/#breadcrumb"},"inLanguage":"en-US","potentialAction":[{"@type":"ReadAction","target":["https:\/\/teatinos.org\/en\/basilica-location-and-hours\/"]}]},{"@type":"BreadcrumbList","@id":"https:\/\/teatinos.org\/en\/basilica-location-and-hours\/#breadcrumb","itemListElement":[{"@type":"ListItem","position":1,"name":"Portada","item":"https:\/\/teatinos.org\/en\/"},{"@type":"ListItem","position":2,"name":"Basilica &#8211; Location and Hours"}]},{"@type":"WebSite","@id":"https:\/\/teatinos.org\/pt-br\/#website","url":"https:\/\/teatinos.org\/pt-br\/","name":"Teatinos","description":"Orden de Cl\u00e9rigos Regulares","potentialAction":[{"@type":"SearchAction","target":{"@type":"EntryPoint","urlTemplate":"https:\/\/teatinos.org\/pt-br\/?s={search_term_string}"},"query-input":{"@type":"PropertyValueSpecification","valueRequired":true,"valueName":"search_term_string"}}],"inLanguage":"en-US"}]}},"rttpg_featured_image_url":null,"rttpg_author":{"display_name":"admin","author_link":"https:\/\/teatinos.org\/en\/author\/admin\/"},"rttpg_comment":0,"rttpg_category":false,"rttpg_excerpt":"[vc_row full_width=&#8221;stretch_row_content&#8221; css=&#8221;.vc_custom_1534287836680{padding-top: 100px !important;padding-bottom: 100px !important;}&#8221;][vc_column][\/vc_column][\/vc_row][vc_row][vc_column][vc_column_text] [\/vc_column_text][\/vc_column][\/vc_row][vc_row][vc_column][vc_column_text] [\/vc_column_text][\/vc_column][\/vc_row]","_links":{"self":[{"href":"https:\/\/teatinos.org\/en\/wp-json\/wp\/v2\/pages\/4872","targetHints":{"allow":["GET"]}}],"collection":[{"href":"https:\/\/teatinos.org\/en\/wp-json\/wp\/v2\/pages"}],"about":[{"href":"https:\/\/teatinos.org\/en\/wp-json\/wp\/v2\/types\/page"}],"author":[{"embeddable":true,"href":"https:\/\/teatinos.org\/en\/wp-json\/wp\/v2\/users\/1"}],"replies":[{"embeddable":true,"href":"https:\/\/teatinos.org\/en\/wp-json\/wp\/v2\/comments?post=4872"}],"version-history":[{"count":3,"href":"https:\/\/teatinos.org\/en\/wp-json\/wp\/v2\/pages\/4872\/revisions"}],"predecessor-version":[{"id":4876,"href":"https:\/\/teatinos.org\/en\/wp-json\/wp\/v2\/pages\/4872\/revisions\/4876"}],"wp:attachment":[{"href":"https:\/\/teatinos.org\/en\/wp-json\/wp\/v2\/media?parent=4872"}],"curies":[{"name":"wp","href":"https:\/\/api.w.org\/{rel}","templated":true}]}}